{"id":57752,"date":"2025-06-04T22:15:42","date_gmt":"2025-06-04T21:15:42","guid":{"rendered":"https:\/\/truusk.store\/product\/mini-vaxthus-overvintringstalt-med-rullande-dorr-160x140x180cm-for-tradgard-balkong-vinterskydd-vit\/"},"modified":"2026-03-12T09:10:34","modified_gmt":"2026-03-12T08:10:34","slug":"truusk-mini-vaxthus-for-vinterforvaring-rullande-dorr-160x140x180cm-tradgard-balkong-vinterskydd-vit","status":"publish","type":"product","link":"https:\/\/truusk.store\/sv\/produkt\/truusk-mini-vaxthus-for-vinterforvaring-rullande-dorr-160x140x180cm-tradgard-balkong-vinterskydd-vit\/","title":{"rendered":"TRUUSK Mini-v\u00e4xthus f\u00f6r vinterf\u00f6rvaring &#8211; Rullande d\u00f6rr &#8211; 160x140x180cm &#8211; Tr\u00e4dg\u00e5rd Balkong &#8211; Vinterskydd &#8211; Vit"},"content":{"rendered":"<p>Som n\u00e5gon som \u00e4r passionerad f\u00f6r tr\u00e4dg\u00e5rdsarbete, f\u00e5r du med detta v\u00e4xthus fr\u00e5n TRUUSK chansen att \u00e4gna dig \u00e5t din favorithobby \u00e5ret runt! V\u00e4xthuset best\u00e5r av en stabil metallram och ett robust plast\u00f6verdrag som skyddar dina v\u00e4xter mot kyla och f\u00e5glar. Den upprullbara d\u00f6rren m\u00f6jligg\u00f6r enkel tillg\u00e5ng och med hj\u00e4lp av f\u00f6nstret kan du s\u00e4kerst\u00e4lla optimal ventilation. Nu st\u00e5r inget i v\u00e4gen f\u00f6r din favoritsyssels\u00e4ttning!<\/p>\n<p>Beskrivning:<\/p>\n<ul>\n<li> Det kompakta v\u00e4xthuset skyddar dina v\u00e4xter mot kyla och f\u00e5glar<\/li>\n<li> L\u00e4mplig f\u00f6r v\u00e4xter, gr\u00f6nsaker, frukt och blomodling<\/li>\n<li> H\u00f6gkvalitativ plast\u00f6verdrag \u00e4r UV-resistent och rivs\u00e4kert<\/li>\n<li> Upprullbar d\u00f6rr underl\u00e4ttar tillg\u00e5ng till dina v\u00e4xter och f\u00f6nstret ger god ventilation<\/li>\n<li> Kanten p\u00e5 \u00f6verdraget kan fixeras i marken med hj\u00e4lp av t\u00e4ltspikar f\u00f6r att sp\u00e4nna \u00f6verdraget b\u00e4ttre<\/li>\n<li> Robust metallram ger h\u00f6g stabilitet<\/li>\n<li> Montering kr\u00e4vs<\/li>\n<\/ul>\n<p>Tekniska data:<\/p>\n<ul>\n<li> F\u00e4rg: Vit<\/li>\n<li> Material: Metall, PE-plast<\/li>\n<li> Totala m\u00e5tt: 160L x 140B x 180H cm<\/li>\n<li> Sidol\u00e4ngd: 80 cm<\/li>\n<li> D\u00f6rrm\u00e5tt: 80B x 165H cm<\/li>\n<li> F\u00f6nsterm\u00e5tt: 35\/54B x 42H cm<\/li>\n<li> Sida av botten\u00f6verdrag: 10 cm (per sida)<\/li>\n<li> Vindt\u00e4thetsgrad: 4<\/li>\n<li> PE-\u00f6verdrag: 130 g\/m\u00b2<\/li>\n<li> OBS: Anv\u00e4nd inte syrahaltiga kemikalier f\u00f6r att undvika kemiska reaktioner med det alkaliska PE-\u00f6verdraget, vilket kan leda till skador och sprickor.<\/li>\n<\/ul>\n<p>Leveransinneh\u00e5ll:<\/p>\n<ul>\n<li> 1 x V\u00e4xthus<\/li>\n<li> 4 x Draglinor<\/li>\n<li> 9 x Jordspikar<\/li>\n<li> 1 x Instruktioner<\/li>\n<\/ul>\n","protected":false},"excerpt":{"rendered":"<p>Som n\u00e5gon som \u00e4r passionerad f\u00f6r tr\u00e4dg\u00e5rdsarbete, f\u00e5r du med detta v\u00e4xthus fr\u00e5n TRUUSK chansen att \u00e4gna dig \u00e5t din&#8230;<\/p>\n","protected":false},"featured_media":57743,"template":"","meta":[],"product_brand":[],"product_cat":[903,858,443],"product_tag":[],"class_list":{"0":"post-57752","1":"product","2":"type-product","3":"status-publish","4":"has-post-thumbnail","6":"product_cat-plastvaxthus","7":"product_cat-tradgard-terrass","8":"product_cat-vaxthus-tradgardsskotsel","10":"first","11":"instock","12":"sale","13":"taxable","14":"shipping-taxable","15":"purchasable","16":"product-type-simple"},"yoast_head":"<!-- This site is optimized with the Yoast SEO plugin v25.4 - https:\/\/yoast.com\/wordpress\/plugins\/seo\/ -->\n<title>TRUUSK Mini-v\u00e4xthus f\u00f6r vinterf\u00f6rvaring - Rullande d\u00f6rr - 160x140x180cm - Tr\u00e4dg\u00e5rd Balkong - Vinterskydd - Vit - TRUUSK - Hem, Tr\u00e4dg\u00e5rd &amp; Fritid<\/title>\n<meta name=\"robots\" content=\"index, follow, max-snippet:-1, max-image-preview:large, max-video-preview:-1\" \/>\n<link rel=\"canonical\" href=\"https:\/\/truusk.store\/sv\/produkt\/truusk-mini-vaxthus-for-vinterforvaring-rullande-dorr-160x140x180cm-tradgard-balkong-vinterskydd-vit\/\" \/>\n<meta property=\"og:locale\" content=\"sv_SE\" \/>\n<meta property=\"og:type\" content=\"article\" \/>\n<meta property=\"og:title\" content=\"TRUUSK Mini-v\u00e4xthus f\u00f6r vinterf\u00f6rvaring - Rullande d\u00f6rr - 160x140x180cm - Tr\u00e4dg\u00e5rd Balkong - Vinterskydd - Vit - TRUUSK - Hem, Tr\u00e4dg\u00e5rd &amp; Fritid\" \/>\n<meta property=\"og:description\" content=\"Som n\u00e5gon som \u00e4r passionerad f\u00f6r tr\u00e4dg\u00e5rdsarbete, f\u00e5r du med detta v\u00e4xthus fr\u00e5n TRUUSK chansen att \u00e4gna dig \u00e5t din...\" \/>\n<meta property=\"og:url\" content=\"https:\/\/truusk.store\/sv\/produkt\/truusk-mini-vaxthus-for-vinterforvaring-rullande-dorr-160x140x180cm-tradgard-balkong-vinterskydd-vit\/\" \/>\n<meta property=\"og:site_name\" content=\"TRUUSK - Hem, Tr\u00e4dg\u00e5rd &amp; Fritid\" \/>\n<meta property=\"article:modified_time\" content=\"2026-03-12T08:10:34+00:00\" \/>\n<meta property=\"og:image\" content=\"https:\/\/i0.wp.com\/truusk.se\/wp-content\/uploads\/2025\/06\/mini-vaxthus-overvintringstalt-med-rullande-dorr-160x140x180cm-for-tradgard-balkong-vinterskydd-vit-1.webp?fit=2000%2C2000&ssl=1\" \/>\n\t<meta property=\"og:image:width\" content=\"2000\" \/>\n\t<meta property=\"og:image:height\" content=\"2000\" \/>\n\t<meta property=\"og:image:type\" content=\"image\/webp\" \/>\n<meta name=\"twitter:card\" content=\"summary_large_image\" \/>\n<meta name=\"twitter:label1\" content=\"Ber\u00e4knad l\u00e4stid\" \/>\n\t<meta name=\"twitter:data1\" content=\"1 minut\" \/>\n<!-- \/ Yoast SEO plugin. -->","yoast_head_json":{"title":"TRUUSK Mini-v\u00e4xthus f\u00f6r vinterf\u00f6rvaring - Rullande d\u00f6rr - 160x140x180cm - Tr\u00e4dg\u00e5rd Balkong - Vinterskydd - Vit - TRUUSK - Hem, Tr\u00e4dg\u00e5rd &amp; Fritid","robots":{"index":"index","follow":"follow","max-snippet":"max-snippet:-1","max-image-preview":"max-image-preview:large","max-video-preview":"max-video-preview:-1"},"canonical":"https:\/\/truusk.store\/sv\/produkt\/truusk-mini-vaxthus-for-vinterforvaring-rullande-dorr-160x140x180cm-tradgard-balkong-vinterskydd-vit\/","og_locale":"sv_SE","og_type":"article","og_title":"TRUUSK Mini-v\u00e4xthus f\u00f6r vinterf\u00f6rvaring - Rullande d\u00f6rr - 160x140x180cm - Tr\u00e4dg\u00e5rd Balkong - Vinterskydd - Vit - TRUUSK - Hem, Tr\u00e4dg\u00e5rd &amp; Fritid","og_description":"Som n\u00e5gon som \u00e4r passionerad f\u00f6r tr\u00e4dg\u00e5rdsarbete, f\u00e5r du med detta v\u00e4xthus fr\u00e5n TRUUSK chansen att \u00e4gna dig \u00e5t din...","og_url":"https:\/\/truusk.store\/sv\/produkt\/truusk-mini-vaxthus-for-vinterforvaring-rullande-dorr-160x140x180cm-tradgard-balkong-vinterskydd-vit\/","og_site_name":"TRUUSK - Hem, Tr\u00e4dg\u00e5rd &amp; Fritid","article_modified_time":"2026-03-12T08:10:34+00:00","og_image":[{"width":2000,"height":2000,"url":"https:\/\/i0.wp.com\/truusk.se\/wp-content\/uploads\/2025\/06\/mini-vaxthus-overvintringstalt-med-rullande-dorr-160x140x180cm-for-tradgard-balkong-vinterskydd-vit-1.webp?fit=2000%2C2000&ssl=1","type":"image\/webp"}],"twitter_card":"summary_large_image","twitter_misc":{"Ber\u00e4knad l\u00e4stid":"1 minut"},"schema":{"@context":"https:\/\/schema.org","@graph":[{"@type":"WebPage","@id":"https:\/\/truusk.store\/sv\/produkt\/truusk-mini-vaxthus-for-vinterforvaring-rullande-dorr-160x140x180cm-tradgard-balkong-vinterskydd-vit\/","url":"https:\/\/truusk.store\/sv\/produkt\/truusk-mini-vaxthus-for-vinterforvaring-rullande-dorr-160x140x180cm-tradgard-balkong-vinterskydd-vit\/","name":"TRUUSK Mini-v\u00e4xthus f\u00f6r vinterf\u00f6rvaring - Rullande d\u00f6rr - 160x140x180cm - Tr\u00e4dg\u00e5rd Balkong - Vinterskydd - Vit - TRUUSK - Hem, Tr\u00e4dg\u00e5rd &amp; Fritid","isPartOf":{"@id":"https:\/\/truusk.store\/sv\/#website"},"primaryImageOfPage":{"@id":"https:\/\/truusk.store\/sv\/produkt\/truusk-mini-vaxthus-for-vinterforvaring-rullande-dorr-160x140x180cm-tradgard-balkong-vinterskydd-vit\/#primaryimage"},"image":{"@id":"https:\/\/truusk.store\/sv\/produkt\/truusk-mini-vaxthus-for-vinterforvaring-rullande-dorr-160x140x180cm-tradgard-balkong-vinterskydd-vit\/#primaryimage"},"thumbnailUrl":"https:\/\/i0.wp.com\/truusk.store\/wp-content\/uploads\/2025\/06\/mini-vaxthus-overvintringstalt-med-rullande-dorr-160x140x180cm-for-tradgard-balkong-vinterskydd-vit-1.webp?fit=2000%2C2000&ssl=1","datePublished":"2025-06-04T21:15:42+00:00","dateModified":"2026-03-12T08:10:34+00:00","breadcrumb":{"@id":"https:\/\/truusk.store\/sv\/produkt\/truusk-mini-vaxthus-for-vinterforvaring-rullande-dorr-160x140x180cm-tradgard-balkong-vinterskydd-vit\/#breadcrumb"},"inLanguage":"sv-SE","potentialAction":[{"@type":"ReadAction","target":["https:\/\/truusk.store\/sv\/produkt\/truusk-mini-vaxthus-for-vinterforvaring-rullande-dorr-160x140x180cm-tradgard-balkong-vinterskydd-vit\/"]}]},{"@type":"ImageObject","inLanguage":"sv-SE","@id":"https:\/\/truusk.store\/sv\/produkt\/truusk-mini-vaxthus-for-vinterforvaring-rullande-dorr-160x140x180cm-tradgard-balkong-vinterskydd-vit\/#primaryimage","url":"https:\/\/i0.wp.com\/truusk.store\/wp-content\/uploads\/2025\/06\/mini-vaxthus-overvintringstalt-med-rullande-dorr-160x140x180cm-for-tradgard-balkong-vinterskydd-vit-1.webp?fit=2000%2C2000&ssl=1","contentUrl":"https:\/\/i0.wp.com\/truusk.store\/wp-content\/uploads\/2025\/06\/mini-vaxthus-overvintringstalt-med-rullande-dorr-160x140x180cm-for-tradgard-balkong-vinterskydd-vit-1.webp?fit=2000%2C2000&ssl=1","width":2000,"height":2000},{"@type":"BreadcrumbList","@id":"https:\/\/truusk.store\/sv\/produkt\/truusk-mini-vaxthus-for-vinterforvaring-rullande-dorr-160x140x180cm-tradgard-balkong-vinterskydd-vit\/#breadcrumb","itemListElement":[{"@type":"ListItem","position":1,"name":"Home","item":"https:\/\/truusk.store\/sv\/"},{"@type":"ListItem","position":2,"name":"Shop","item":"https:\/\/truusk.store\/shop\/"},{"@type":"ListItem","position":3,"name":"TRUUSK Mini-v\u00e4xthus f\u00f6r vinterf\u00f6rvaring &#8211; Rullande d\u00f6rr &#8211; 160x140x180cm &#8211; Tr\u00e4dg\u00e5rd Balkong &#8211; Vinterskydd &#8211; Vit"}]},{"@type":"WebSite","@id":"https:\/\/truusk.store\/sv\/#website","url":"https:\/\/truusk.store\/sv\/","name":"TRUUSK - Hem, Tr\u00e4dg\u00e5rd & Fritid","description":"","publisher":{"@id":"https:\/\/truusk.store\/sv\/#organization"},"potentialAction":[{"@type":"SearchAction","target":{"@type":"EntryPoint","urlTemplate":"https:\/\/truusk.store\/sv\/?s={search_term_string}"},"query-input":{"@type":"PropertyValueSpecification","valueRequired":true,"valueName":"search_term_string"}}],"inLanguage":"sv-SE"},{"@type":"Organization","@id":"https:\/\/truusk.store\/sv\/#organization","name":"TRUUSK - Hem, Tr\u00e4dg\u00e5rd & Fritid","url":"https:\/\/truusk.store\/sv\/","logo":{"@type":"ImageObject","inLanguage":"sv-SE","@id":"https:\/\/truusk.store\/sv\/#\/schema\/logo\/image\/","url":"https:\/\/i0.wp.com\/truusk.store\/wp-content\/uploads\/2026\/03\/cropped-TRUUSK.png?fit=2032%2C917&ssl=1","contentUrl":"https:\/\/i0.wp.com\/truusk.store\/wp-content\/uploads\/2026\/03\/cropped-TRUUSK.png?fit=2032%2C917&ssl=1","width":2032,"height":917,"caption":"TRUUSK - Hem, Tr\u00e4dg\u00e5rd & Fritid"},"image":{"@id":"https:\/\/truusk.store\/sv\/#\/schema\/logo\/image\/"}}]}},"jetpack_sharing_enabled":true,"_links":{"self":[{"href":"https:\/\/truusk.store\/sv\/wp-json\/wp\/v2\/product\/57752","targetHints":{"allow":["GET"]}}],"collection":[{"href":"https:\/\/truusk.store\/sv\/wp-json\/wp\/v2\/product"}],"about":[{"href":"https:\/\/truusk.store\/sv\/wp-json\/wp\/v2\/types\/product"}],"wp:featuredmedia":[{"embeddable":true,"href":"https:\/\/truusk.store\/sv\/wp-json\/wp\/v2\/media\/57743"}],"wp:attachment":[{"href":"https:\/\/truusk.store\/sv\/wp-json\/wp\/v2\/media?parent=57752"}],"wp:term":[{"taxonomy":"product_brand","embeddable":true,"href":"https:\/\/truusk.store\/sv\/wp-json\/wp\/v2\/product_brand?post=57752"},{"taxonomy":"product_cat","embeddable":true,"href":"https:\/\/truusk.store\/sv\/wp-json\/wp\/v2\/product_cat?post=57752"},{"taxonomy":"product_tag","embeddable":true,"href":"https:\/\/truusk.store\/sv\/wp-json\/wp\/v2\/product_tag?post=57752"}],"curies":[{"name":"wp","href":"https:\/\/api.w.org\/{rel}","templated":true}]}}