{"id":57792,"date":"2025-06-04T22:19:34","date_gmt":"2025-06-04T21:19:34","guid":{"rendered":"https:\/\/truusk.store\/product\/parasoll-med-led-solenergi-45m-dubbel-parasoll-tradgardsparasoll-oval-i-ljusgra-svart-for-terrass-tradgard\/"},"modified":"2026-03-12T09:13:09","modified_gmt":"2026-03-12T08:13:09","slug":"truusk-parasoll-med-led-solenergi-45m-dubbel-parasoll-oval-ljusgra-svart-terrass-tradgard","status":"publish","type":"product","link":"https:\/\/truusk.store\/sv\/produkt\/truusk-parasoll-med-led-solenergi-45m-dubbel-parasoll-oval-ljusgra-svart-terrass-tradgard\/","title":{"rendered":"TRUUSK Parasoll med LED Solenergi 4,5m &#8211; Dubbel Parasoll &#8211; Oval &#8211; Ljusgr\u00e5\/Svart &#8211; Terrass &amp; Tr\u00e4dg\u00e5rd"},"content":{"rendered":"<p>Det \u00e4r dags att din tr\u00e4dg\u00e5rd lyser upp med denna dubbelsidiga parasoll fr\u00e5n TRUUSK. Den stiliga parasollen \u00e4r utrustad med 48 lampor p\u00e5 parasollribborna, som lyser upp din sittplats utomhus i m\u00f6rkret. Den dubbelsidiga tr\u00e4dg\u00e5rdsparasollen ger mycket skugga och skyddar dig mot direkt solljus. Denna LED-upplysta tr\u00e4dg\u00e5rdsparasoll \u00e4r en idealisk f\u00f6ljeslagare f\u00f6r dig och din familj och v\u00e4nner f\u00f6r att koppla av p\u00e5 sommaren.<\/p>\n<p>Beskrivning:<\/p>\n<ul>\n<li> L\u00e4mplig f\u00f6r tr\u00e4dg\u00e5rdar, terrasser och andra utomhusomr\u00e5den<\/li>\n<li> Med 48 solcellsdrivna LED-ljuskulor p\u00e5 ribborna<\/li>\n<li> Med vev kan baldakinen enkelt \u00f6ppnas och st\u00e4ngas<\/li>\n<li> Stor baldakin f\u00f6r mycket skydd, ventilations\u00f6ppningar upptill f\u00f6r att f\u00f6rhindra vindbyar<\/li>\n<li> 12 ribbor f\u00f6r extra st\u00f6d mellan st\u00e5lramen och parasolltaket<\/li>\n<li> Montering kr\u00e4vs<\/li>\n<\/ul>\n<p> Tekniska data:<\/p>\n<ul>\n<li> F\u00e4rg: Ljusgr\u00e5+Svart<\/li>\n<li> Material: Polyester, St\u00e5l<\/li>\n<li> Totala m\u00e5tt: 4,5L x 2,65B x 2,4H m<\/li>\n<li> H\u00f6jd fr\u00e5n baldakin till mark: 2,05 m<\/li>\n<li> St\u00e5ngstorlek: \u00d848 x 1,0T mm<\/li>\n<li> Storlek p\u00e5 solpanel: 13L x 13B x 3D cm<\/li>\n<li> Effekt av solpanel: 1,6 W<\/li>\n<li> Sp\u00e4nning av solpanel: 3,7 V<\/li>\n<li> Inkluderad batteri: 1 x uppladdningsbart batteri (2000mAh\/1,2V)<\/li>\n<li> Obs: Parasollbasen \u00e4r utesluten<\/li>\n<\/ul>\n<p> Leveransinneh\u00e5ll:<\/p>\n<ul>\n<li> 1 x Dubbelsidig parasoll<\/li>\n<li> 1 x Instruktioner<\/li>\n<\/ul>\n","protected":false},"excerpt":{"rendered":"<p>Det \u00e4r dags att din tr\u00e4dg\u00e5rd lyser upp med denna dubbelsidiga parasoll fr\u00e5n TRUUSK. Den stiliga parasollen \u00e4r utrustad med&#8230;<\/p>\n","protected":false},"featured_media":57783,"template":"","meta":[],"product_brand":[],"product_cat":[472,862,858],"product_tag":[],"class_list":{"0":"post-57792","1":"product","2":"type-product","3":"status-publish","4":"has-post-thumbnail","6":"product_cat-parasoller","7":"product_cat-sol-insynsskydd","8":"product_cat-tradgard-terrass","10":"first","11":"instock","12":"sale","13":"taxable","14":"shipping-taxable","15":"purchasable","16":"product-type-simple"},"yoast_head":"<!-- This site is optimized with the Yoast SEO plugin v25.4 - https:\/\/yoast.com\/wordpress\/plugins\/seo\/ -->\n<title>TRUUSK Parasoll med LED Solenergi 4,5m - Dubbel Parasoll - Oval - Ljusgr\u00e5\/Svart - Terrass &amp; Tr\u00e4dg\u00e5rd - TRUUSK - Hem, Tr\u00e4dg\u00e5rd &amp; Fritid<\/title>\n<meta name=\"robots\" content=\"index, follow, max-snippet:-1, max-image-preview:large, max-video-preview:-1\" \/>\n<link rel=\"canonical\" href=\"https:\/\/truusk.store\/sv\/produkt\/truusk-parasoll-med-led-solenergi-45m-dubbel-parasoll-oval-ljusgra-svart-terrass-tradgard\/\" \/>\n<meta property=\"og:locale\" content=\"sv_SE\" \/>\n<meta property=\"og:type\" content=\"article\" \/>\n<meta property=\"og:title\" content=\"TRUUSK Parasoll med LED Solenergi 4,5m - Dubbel Parasoll - Oval - Ljusgr\u00e5\/Svart - Terrass &amp; Tr\u00e4dg\u00e5rd - TRUUSK - Hem, Tr\u00e4dg\u00e5rd &amp; Fritid\" \/>\n<meta property=\"og:description\" content=\"Det \u00e4r dags att din tr\u00e4dg\u00e5rd lyser upp med denna dubbelsidiga parasoll fr\u00e5n TRUUSK. Den stiliga parasollen \u00e4r utrustad med...\" \/>\n<meta property=\"og:url\" content=\"https:\/\/truusk.store\/sv\/produkt\/truusk-parasoll-med-led-solenergi-45m-dubbel-parasoll-oval-ljusgra-svart-terrass-tradgard\/\" \/>\n<meta property=\"og:site_name\" content=\"TRUUSK - Hem, Tr\u00e4dg\u00e5rd &amp; Fritid\" \/>\n<meta property=\"article:modified_time\" content=\"2026-03-12T08:13:09+00:00\" \/>\n<meta property=\"og:image\" content=\"https:\/\/i0.wp.com\/truusk.se\/wp-content\/uploads\/2025\/06\/parasoll-med-led-solenergi-45m-dubbel-parasoll-tradgardsparasoll-oval-i-ljusgra-svart-for-terrass-tradgard-1.webp?fit=2000%2C2000&ssl=1\" \/>\n\t<meta property=\"og:image:width\" content=\"2000\" \/>\n\t<meta property=\"og:image:height\" content=\"2000\" \/>\n\t<meta property=\"og:image:type\" content=\"image\/webp\" \/>\n<meta name=\"twitter:card\" content=\"summary_large_image\" \/>\n<meta name=\"twitter:label1\" content=\"Ber\u00e4knad l\u00e4stid\" \/>\n\t<meta name=\"twitter:data1\" content=\"1 minut\" \/>\n<!-- \/ Yoast SEO plugin. -->","yoast_head_json":{"title":"TRUUSK Parasoll med LED Solenergi 4,5m - Dubbel Parasoll - Oval - Ljusgr\u00e5\/Svart - Terrass &amp; Tr\u00e4dg\u00e5rd - TRUUSK - Hem, Tr\u00e4dg\u00e5rd &amp; Fritid","robots":{"index":"index","follow":"follow","max-snippet":"max-snippet:-1","max-image-preview":"max-image-preview:large","max-video-preview":"max-video-preview:-1"},"canonical":"https:\/\/truusk.store\/sv\/produkt\/truusk-parasoll-med-led-solenergi-45m-dubbel-parasoll-oval-ljusgra-svart-terrass-tradgard\/","og_locale":"sv_SE","og_type":"article","og_title":"TRUUSK Parasoll med LED Solenergi 4,5m - Dubbel Parasoll - Oval - Ljusgr\u00e5\/Svart - Terrass &amp; Tr\u00e4dg\u00e5rd - TRUUSK - Hem, Tr\u00e4dg\u00e5rd &amp; Fritid","og_description":"Det \u00e4r dags att din tr\u00e4dg\u00e5rd lyser upp med denna dubbelsidiga parasoll fr\u00e5n TRUUSK. Den stiliga parasollen \u00e4r utrustad med...","og_url":"https:\/\/truusk.store\/sv\/produkt\/truusk-parasoll-med-led-solenergi-45m-dubbel-parasoll-oval-ljusgra-svart-terrass-tradgard\/","og_site_name":"TRUUSK - Hem, Tr\u00e4dg\u00e5rd &amp; Fritid","article_modified_time":"2026-03-12T08:13:09+00:00","og_image":[{"width":2000,"height":2000,"url":"https:\/\/i0.wp.com\/truusk.se\/wp-content\/uploads\/2025\/06\/parasoll-med-led-solenergi-45m-dubbel-parasoll-tradgardsparasoll-oval-i-ljusgra-svart-for-terrass-tradgard-1.webp?fit=2000%2C2000&ssl=1","type":"image\/webp"}],"twitter_card":"summary_large_image","twitter_misc":{"Ber\u00e4knad l\u00e4stid":"1 minut"},"schema":{"@context":"https:\/\/schema.org","@graph":[{"@type":"WebPage","@id":"https:\/\/truusk.store\/sv\/produkt\/truusk-parasoll-med-led-solenergi-45m-dubbel-parasoll-oval-ljusgra-svart-terrass-tradgard\/","url":"https:\/\/truusk.store\/sv\/produkt\/truusk-parasoll-med-led-solenergi-45m-dubbel-parasoll-oval-ljusgra-svart-terrass-tradgard\/","name":"TRUUSK Parasoll med LED Solenergi 4,5m - Dubbel Parasoll - Oval - Ljusgr\u00e5\/Svart - Terrass &amp; Tr\u00e4dg\u00e5rd - TRUUSK - Hem, Tr\u00e4dg\u00e5rd &amp; Fritid","isPartOf":{"@id":"https:\/\/truusk.store\/sv\/#website"},"primaryImageOfPage":{"@id":"https:\/\/truusk.store\/sv\/produkt\/truusk-parasoll-med-led-solenergi-45m-dubbel-parasoll-oval-ljusgra-svart-terrass-tradgard\/#primaryimage"},"image":{"@id":"https:\/\/truusk.store\/sv\/produkt\/truusk-parasoll-med-led-solenergi-45m-dubbel-parasoll-oval-ljusgra-svart-terrass-tradgard\/#primaryimage"},"thumbnailUrl":"https:\/\/i0.wp.com\/truusk.store\/wp-content\/uploads\/2025\/06\/parasoll-med-led-solenergi-45m-dubbel-parasoll-tradgardsparasoll-oval-i-ljusgra-svart-for-terrass-tradgard-1.webp?fit=2000%2C2000&ssl=1","datePublished":"2025-06-04T21:19:34+00:00","dateModified":"2026-03-12T08:13:09+00:00","breadcrumb":{"@id":"https:\/\/truusk.store\/sv\/produkt\/truusk-parasoll-med-led-solenergi-45m-dubbel-parasoll-oval-ljusgra-svart-terrass-tradgard\/#breadcrumb"},"inLanguage":"sv-SE","potentialAction":[{"@type":"ReadAction","target":["https:\/\/truusk.store\/sv\/produkt\/truusk-parasoll-med-led-solenergi-45m-dubbel-parasoll-oval-ljusgra-svart-terrass-tradgard\/"]}]},{"@type":"ImageObject","inLanguage":"sv-SE","@id":"https:\/\/truusk.store\/sv\/produkt\/truusk-parasoll-med-led-solenergi-45m-dubbel-parasoll-oval-ljusgra-svart-terrass-tradgard\/#primaryimage","url":"https:\/\/i0.wp.com\/truusk.store\/wp-content\/uploads\/2025\/06\/parasoll-med-led-solenergi-45m-dubbel-parasoll-tradgardsparasoll-oval-i-ljusgra-svart-for-terrass-tradgard-1.webp?fit=2000%2C2000&ssl=1","contentUrl":"https:\/\/i0.wp.com\/truusk.store\/wp-content\/uploads\/2025\/06\/parasoll-med-led-solenergi-45m-dubbel-parasoll-tradgardsparasoll-oval-i-ljusgra-svart-for-terrass-tradgard-1.webp?fit=2000%2C2000&ssl=1","width":2000,"height":2000},{"@type":"BreadcrumbList","@id":"https:\/\/truusk.store\/sv\/produkt\/truusk-parasoll-med-led-solenergi-45m-dubbel-parasoll-oval-ljusgra-svart-terrass-tradgard\/#breadcrumb","itemListElement":[{"@type":"ListItem","position":1,"name":"Home","item":"https:\/\/truusk.store\/sv\/"},{"@type":"ListItem","position":2,"name":"Shop","item":"https:\/\/truusk.store\/shop\/"},{"@type":"ListItem","position":3,"name":"TRUUSK Parasoll med LED Solenergi 4,5m &#8211; Dubbel Parasoll &#8211; Oval &#8211; Ljusgr\u00e5\/Svart &#8211; Terrass &amp; Tr\u00e4dg\u00e5rd"}]},{"@type":"WebSite","@id":"https:\/\/truusk.store\/sv\/#website","url":"https:\/\/truusk.store\/sv\/","name":"TRUUSK - Hem, Tr\u00e4dg\u00e5rd & Fritid","description":"","publisher":{"@id":"https:\/\/truusk.store\/sv\/#organization"},"potentialAction":[{"@type":"SearchAction","target":{"@type":"EntryPoint","urlTemplate":"https:\/\/truusk.store\/sv\/?s={search_term_string}"},"query-input":{"@type":"PropertyValueSpecification","valueRequired":true,"valueName":"search_term_string"}}],"inLanguage":"sv-SE"},{"@type":"Organization","@id":"https:\/\/truusk.store\/sv\/#organization","name":"TRUUSK - Hem, Tr\u00e4dg\u00e5rd & Fritid","url":"https:\/\/truusk.store\/sv\/","logo":{"@type":"ImageObject","inLanguage":"sv-SE","@id":"https:\/\/truusk.store\/sv\/#\/schema\/logo\/image\/","url":"https:\/\/i0.wp.com\/truusk.store\/wp-content\/uploads\/2026\/03\/cropped-TRUUSK.png?fit=2032%2C917&ssl=1","contentUrl":"https:\/\/i0.wp.com\/truusk.store\/wp-content\/uploads\/2026\/03\/cropped-TRUUSK.png?fit=2032%2C917&ssl=1","width":2032,"height":917,"caption":"TRUUSK - Hem, Tr\u00e4dg\u00e5rd & Fritid"},"image":{"@id":"https:\/\/truusk.store\/sv\/#\/schema\/logo\/image\/"}}]}},"jetpack_sharing_enabled":true,"_links":{"self":[{"href":"https:\/\/truusk.store\/sv\/wp-json\/wp\/v2\/product\/57792","targetHints":{"allow":["GET"]}}],"collection":[{"href":"https:\/\/truusk.store\/sv\/wp-json\/wp\/v2\/product"}],"about":[{"href":"https:\/\/truusk.store\/sv\/wp-json\/wp\/v2\/types\/product"}],"wp:featuredmedia":[{"embeddable":true,"href":"https:\/\/truusk.store\/sv\/wp-json\/wp\/v2\/media\/57783"}],"wp:attachment":[{"href":"https:\/\/truusk.store\/sv\/wp-json\/wp\/v2\/media?parent=57792"}],"wp:term":[{"taxonomy":"product_brand","embeddable":true,"href":"https:\/\/truusk.store\/sv\/wp-json\/wp\/v2\/product_brand?post=57792"},{"taxonomy":"product_cat","embeddable":true,"href":"https:\/\/truusk.store\/sv\/wp-json\/wp\/v2\/product_cat?post=57792"},{"taxonomy":"product_tag","embeddable":true,"href":"https:\/\/truusk.store\/sv\/wp-json\/wp\/v2\/product_tag?post=57792"}],"curies":[{"name":"wp","href":"https:\/\/api.w.org\/{rel}","templated":true}]}}