{"id":57812,"date":"2025-06-04T22:21:30","date_gmt":"2025-06-04T21:21:30","guid":{"rendered":"https:\/\/truusk.store\/product\/tradgardsbord-mosaikbord-runt-bistrobord-med-keramisk-mosaikplatta-i-gront-beige-vitt-o60cm-for-tradgard-balkong-terrass\/"},"modified":"2026-03-12T09:10:40","modified_gmt":"2026-03-12T08:10:40","slug":"truusk-mosaikbord-o60cm-med-keramisk-mosaikplatta-runt-bistrobord-gront-beige-vitt-for-tradgard-balkong-terrass","status":"publish","type":"product","link":"https:\/\/truusk.store\/sv\/produkt\/truusk-mosaikbord-o60cm-med-keramisk-mosaikplatta-runt-bistrobord-gront-beige-vitt-for-tradgard-balkong-terrass\/","title":{"rendered":"TRUUSK Mosaikbord \u00d860cm &#8211; Med Keramisk Mosaikplatta &#8211; Runt Bistrobord &#8211; Gr\u00f6nt, Beige, Vitt &#8211; F\u00f6r Tr\u00e4dg\u00e5rd, Balkong, Terrass"},"content":{"rendered":"<p>F\u00f6r ett unikt tillskott till dina tr\u00e4dg\u00e5rdsm\u00f6bler, v\u00e4lj detta vackra runda tr\u00e4dg\u00e5rdsbord fr\u00e5n TRUUSK. Det best\u00e5r av en robust och h\u00e5llbar pulverlackerad metallram och har en vacker keramisk mosaikbordskiva som \u00e4r smutsavvisande och l\u00e4tt att reng\u00f6ra. Det \u00e4r perfekt f\u00f6r att \u00e4ta och koppla av elegant med v\u00e4nner hela dagen.<\/p>\n<p>Beskrivning:<\/p>\n<ul>\n<li> H\u00e5llbar med stabil metallram och keramisk bordsskiva<\/li>\n<li> Bordsskiva med vackert mosaikdesign ger en touch av stil<\/li>\n<li> L\u00e4tt men \u00e4nd\u00e5 robust design, l\u00e4tt att flytta fr\u00e5n en plats till en annan<\/li>\n<li> L\u00e4tt att reng\u00f6ra och underh\u00e5lla, kan torkas av med en fuktig trasa<\/li>\n<li> Kompakt och l\u00e4mplig f\u00f6r alla utomhusomr\u00e5den<\/li>\n<li> Montering kr\u00e4vs<\/li>\n<\/ul>\n<p> Tekniska data:<\/p>\n<ul>\n<li> F\u00e4rg: Gr\u00f6n+Beige+Vit+Svart<\/li>\n<li> Material: Keramik, Metall<\/li>\n<li> Totala m\u00e5tt: \u00d860 x 71H cm<\/li>\n<li> B\u00e4rkapacitet: 50 kg<\/li>\n<\/ul>\n<p> Leveransinneh\u00e5ll:<\/p>\n<ul>\n<li> 1 x Tr\u00e4dg\u00e5rdsbord<\/li>\n<li> 1 x Instruktioner<\/li>\n<\/ul>\n","protected":false},"excerpt":{"rendered":"<p>F\u00f6r ett unikt tillskott till dina tr\u00e4dg\u00e5rdsm\u00f6bler, v\u00e4lj detta vackra runda tr\u00e4dg\u00e5rdsbord fr\u00e5n TRUUSK. Det best\u00e5r av en robust och&#8230;<\/p>\n","protected":false},"featured_media":57803,"template":"","meta":[],"product_brand":[],"product_cat":[858,457,450],"product_tag":[],"class_list":{"0":"post-57812","1":"product","2":"type-product","3":"status-publish","4":"has-post-thumbnail","6":"product_cat-tradgard-terrass","7":"product_cat-tradgardsbord","8":"product_cat-tradgardsmobler","10":"first","11":"instock","12":"sale","13":"taxable","14":"shipping-taxable","15":"purchasable","16":"product-type-simple"},"yoast_head":"<!-- This site is optimized with the Yoast SEO plugin v25.4 - https:\/\/yoast.com\/wordpress\/plugins\/seo\/ -->\n<title>TRUUSK Mosaikbord \u00d860cm - Med Keramisk Mosaikplatta - Runt Bistrobord - Gr\u00f6nt, Beige, Vitt - F\u00f6r Tr\u00e4dg\u00e5rd, Balkong, Terrass - TRUUSK - Hem, Tr\u00e4dg\u00e5rd &amp; Fritid<\/title>\n<meta name=\"robots\" content=\"index, follow, max-snippet:-1, max-image-preview:large, max-video-preview:-1\" \/>\n<link rel=\"canonical\" href=\"https:\/\/truusk.store\/sv\/produkt\/truusk-mosaikbord-o60cm-med-keramisk-mosaikplatta-runt-bistrobord-gront-beige-vitt-for-tradgard-balkong-terrass\/\" \/>\n<meta property=\"og:locale\" content=\"sv_SE\" \/>\n<meta property=\"og:type\" content=\"article\" \/>\n<meta property=\"og:title\" content=\"TRUUSK Mosaikbord \u00d860cm - Med Keramisk Mosaikplatta - Runt Bistrobord - Gr\u00f6nt, Beige, Vitt - F\u00f6r Tr\u00e4dg\u00e5rd, Balkong, Terrass - TRUUSK - Hem, Tr\u00e4dg\u00e5rd &amp; Fritid\" \/>\n<meta property=\"og:description\" content=\"F\u00f6r ett unikt tillskott till dina tr\u00e4dg\u00e5rdsm\u00f6bler, v\u00e4lj detta vackra runda tr\u00e4dg\u00e5rdsbord fr\u00e5n TRUUSK. Det best\u00e5r av en robust och...\" \/>\n<meta property=\"og:url\" content=\"https:\/\/truusk.store\/sv\/produkt\/truusk-mosaikbord-o60cm-med-keramisk-mosaikplatta-runt-bistrobord-gront-beige-vitt-for-tradgard-balkong-terrass\/\" \/>\n<meta property=\"og:site_name\" content=\"TRUUSK - Hem, Tr\u00e4dg\u00e5rd &amp; Fritid\" \/>\n<meta property=\"article:modified_time\" content=\"2026-03-12T08:10:40+00:00\" \/>\n<meta property=\"og:image\" content=\"https:\/\/i0.wp.com\/truusk.se\/wp-content\/uploads\/2025\/06\/tradgardsbord-mosaikbord-runt-bistrobord-med-keramisk-mosaikplatta-i-gront-beige-vitt-o60cm-for-tradgard-balkong-terrass-1.webp?fit=2000%2C2000&ssl=1\" \/>\n\t<meta property=\"og:image:width\" content=\"2000\" \/>\n\t<meta property=\"og:image:height\" content=\"2000\" \/>\n\t<meta property=\"og:image:type\" content=\"image\/webp\" \/>\n<meta name=\"twitter:card\" content=\"summary_large_image\" \/>\n<meta name=\"twitter:label1\" content=\"Ber\u00e4knad l\u00e4stid\" \/>\n\t<meta name=\"twitter:data1\" content=\"1 minut\" \/>\n<!-- \/ Yoast SEO plugin. -->","yoast_head_json":{"title":"TRUUSK Mosaikbord \u00d860cm - Med Keramisk Mosaikplatta - Runt Bistrobord - Gr\u00f6nt, Beige, Vitt - F\u00f6r Tr\u00e4dg\u00e5rd, Balkong, Terrass - TRUUSK - Hem, Tr\u00e4dg\u00e5rd &amp; Fritid","robots":{"index":"index","follow":"follow","max-snippet":"max-snippet:-1","max-image-preview":"max-image-preview:large","max-video-preview":"max-video-preview:-1"},"canonical":"https:\/\/truusk.store\/sv\/produkt\/truusk-mosaikbord-o60cm-med-keramisk-mosaikplatta-runt-bistrobord-gront-beige-vitt-for-tradgard-balkong-terrass\/","og_locale":"sv_SE","og_type":"article","og_title":"TRUUSK Mosaikbord \u00d860cm - Med Keramisk Mosaikplatta - Runt Bistrobord - Gr\u00f6nt, Beige, Vitt - F\u00f6r Tr\u00e4dg\u00e5rd, Balkong, Terrass - TRUUSK - Hem, Tr\u00e4dg\u00e5rd &amp; Fritid","og_description":"F\u00f6r ett unikt tillskott till dina tr\u00e4dg\u00e5rdsm\u00f6bler, v\u00e4lj detta vackra runda tr\u00e4dg\u00e5rdsbord fr\u00e5n TRUUSK. Det best\u00e5r av en robust och...","og_url":"https:\/\/truusk.store\/sv\/produkt\/truusk-mosaikbord-o60cm-med-keramisk-mosaikplatta-runt-bistrobord-gront-beige-vitt-for-tradgard-balkong-terrass\/","og_site_name":"TRUUSK - Hem, Tr\u00e4dg\u00e5rd &amp; Fritid","article_modified_time":"2026-03-12T08:10:40+00:00","og_image":[{"width":2000,"height":2000,"url":"https:\/\/i0.wp.com\/truusk.se\/wp-content\/uploads\/2025\/06\/tradgardsbord-mosaikbord-runt-bistrobord-med-keramisk-mosaikplatta-i-gront-beige-vitt-o60cm-for-tradgard-balkong-terrass-1.webp?fit=2000%2C2000&ssl=1","type":"image\/webp"}],"twitter_card":"summary_large_image","twitter_misc":{"Ber\u00e4knad l\u00e4stid":"1 minut"},"schema":{"@context":"https:\/\/schema.org","@graph":[{"@type":"WebPage","@id":"https:\/\/truusk.store\/sv\/produkt\/truusk-mosaikbord-o60cm-med-keramisk-mosaikplatta-runt-bistrobord-gront-beige-vitt-for-tradgard-balkong-terrass\/","url":"https:\/\/truusk.store\/sv\/produkt\/truusk-mosaikbord-o60cm-med-keramisk-mosaikplatta-runt-bistrobord-gront-beige-vitt-for-tradgard-balkong-terrass\/","name":"TRUUSK Mosaikbord \u00d860cm - Med Keramisk Mosaikplatta - Runt Bistrobord - Gr\u00f6nt, Beige, Vitt - F\u00f6r Tr\u00e4dg\u00e5rd, Balkong, Terrass - TRUUSK - Hem, Tr\u00e4dg\u00e5rd &amp; Fritid","isPartOf":{"@id":"https:\/\/truusk.store\/sv\/#website"},"primaryImageOfPage":{"@id":"https:\/\/truusk.store\/sv\/produkt\/truusk-mosaikbord-o60cm-med-keramisk-mosaikplatta-runt-bistrobord-gront-beige-vitt-for-tradgard-balkong-terrass\/#primaryimage"},"image":{"@id":"https:\/\/truusk.store\/sv\/produkt\/truusk-mosaikbord-o60cm-med-keramisk-mosaikplatta-runt-bistrobord-gront-beige-vitt-for-tradgard-balkong-terrass\/#primaryimage"},"thumbnailUrl":"https:\/\/i0.wp.com\/truusk.store\/wp-content\/uploads\/2025\/06\/tradgardsbord-mosaikbord-runt-bistrobord-med-keramisk-mosaikplatta-i-gront-beige-vitt-o60cm-for-tradgard-balkong-terrass-1.webp?fit=2000%2C2000&ssl=1","datePublished":"2025-06-04T21:21:30+00:00","dateModified":"2026-03-12T08:10:40+00:00","breadcrumb":{"@id":"https:\/\/truusk.store\/sv\/produkt\/truusk-mosaikbord-o60cm-med-keramisk-mosaikplatta-runt-bistrobord-gront-beige-vitt-for-tradgard-balkong-terrass\/#breadcrumb"},"inLanguage":"sv-SE","potentialAction":[{"@type":"ReadAction","target":["https:\/\/truusk.store\/sv\/produkt\/truusk-mosaikbord-o60cm-med-keramisk-mosaikplatta-runt-bistrobord-gront-beige-vitt-for-tradgard-balkong-terrass\/"]}]},{"@type":"ImageObject","inLanguage":"sv-SE","@id":"https:\/\/truusk.store\/sv\/produkt\/truusk-mosaikbord-o60cm-med-keramisk-mosaikplatta-runt-bistrobord-gront-beige-vitt-for-tradgard-balkong-terrass\/#primaryimage","url":"https:\/\/i0.wp.com\/truusk.store\/wp-content\/uploads\/2025\/06\/tradgardsbord-mosaikbord-runt-bistrobord-med-keramisk-mosaikplatta-i-gront-beige-vitt-o60cm-for-tradgard-balkong-terrass-1.webp?fit=2000%2C2000&ssl=1","contentUrl":"https:\/\/i0.wp.com\/truusk.store\/wp-content\/uploads\/2025\/06\/tradgardsbord-mosaikbord-runt-bistrobord-med-keramisk-mosaikplatta-i-gront-beige-vitt-o60cm-for-tradgard-balkong-terrass-1.webp?fit=2000%2C2000&ssl=1","width":2000,"height":2000},{"@type":"BreadcrumbList","@id":"https:\/\/truusk.store\/sv\/produkt\/truusk-mosaikbord-o60cm-med-keramisk-mosaikplatta-runt-bistrobord-gront-beige-vitt-for-tradgard-balkong-terrass\/#breadcrumb","itemListElement":[{"@type":"ListItem","position":1,"name":"Home","item":"https:\/\/truusk.store\/sv\/"},{"@type":"ListItem","position":2,"name":"Shop","item":"https:\/\/truusk.store\/shop\/"},{"@type":"ListItem","position":3,"name":"TRUUSK Mosaikbord \u00d860cm &#8211; Med Keramisk Mosaikplatta &#8211; Runt Bistrobord &#8211; Gr\u00f6nt, Beige, Vitt &#8211; F\u00f6r Tr\u00e4dg\u00e5rd, Balkong, Terrass"}]},{"@type":"WebSite","@id":"https:\/\/truusk.store\/sv\/#website","url":"https:\/\/truusk.store\/sv\/","name":"TRUUSK - Hem, Tr\u00e4dg\u00e5rd & Fritid","description":"","publisher":{"@id":"https:\/\/truusk.store\/sv\/#organization"},"potentialAction":[{"@type":"SearchAction","target":{"@type":"EntryPoint","urlTemplate":"https:\/\/truusk.store\/sv\/?s={search_term_string}"},"query-input":{"@type":"PropertyValueSpecification","valueRequired":true,"valueName":"search_term_string"}}],"inLanguage":"sv-SE"},{"@type":"Organization","@id":"https:\/\/truusk.store\/sv\/#organization","name":"TRUUSK - Hem, Tr\u00e4dg\u00e5rd & Fritid","url":"https:\/\/truusk.store\/sv\/","logo":{"@type":"ImageObject","inLanguage":"sv-SE","@id":"https:\/\/truusk.store\/sv\/#\/schema\/logo\/image\/","url":"https:\/\/i0.wp.com\/truusk.store\/wp-content\/uploads\/2026\/03\/cropped-TRUUSK.png?fit=2032%2C917&ssl=1","contentUrl":"https:\/\/i0.wp.com\/truusk.store\/wp-content\/uploads\/2026\/03\/cropped-TRUUSK.png?fit=2032%2C917&ssl=1","width":2032,"height":917,"caption":"TRUUSK - Hem, Tr\u00e4dg\u00e5rd & Fritid"},"image":{"@id":"https:\/\/truusk.store\/sv\/#\/schema\/logo\/image\/"}}]}},"jetpack_sharing_enabled":true,"_links":{"self":[{"href":"https:\/\/truusk.store\/sv\/wp-json\/wp\/v2\/product\/57812","targetHints":{"allow":["GET"]}}],"collection":[{"href":"https:\/\/truusk.store\/sv\/wp-json\/wp\/v2\/product"}],"about":[{"href":"https:\/\/truusk.store\/sv\/wp-json\/wp\/v2\/types\/product"}],"wp:featuredmedia":[{"embeddable":true,"href":"https:\/\/truusk.store\/sv\/wp-json\/wp\/v2\/media\/57803"}],"wp:attachment":[{"href":"https:\/\/truusk.store\/sv\/wp-json\/wp\/v2\/media?parent=57812"}],"wp:term":[{"taxonomy":"product_brand","embeddable":true,"href":"https:\/\/truusk.store\/sv\/wp-json\/wp\/v2\/product_brand?post=57812"},{"taxonomy":"product_cat","embeddable":true,"href":"https:\/\/truusk.store\/sv\/wp-json\/wp\/v2\/product_cat?post=57812"},{"taxonomy":"product_tag","embeddable":true,"href":"https:\/\/truusk.store\/sv\/wp-json\/wp\/v2\/product_tag?post=57812"}],"curies":[{"name":"wp","href":"https:\/\/api.w.org\/{rel}","templated":true}]}}