{"id":57832,"date":"2025-06-04T22:23:41","date_gmt":"2025-06-04T21:23:41","guid":{"rendered":"https:\/\/truusk.store\/product\/smadjursbur-5-niva-gnagarkage-med-ramp-och-lophjul-for-moss-sma-husdjur-59x36x69cm-inkl-matkal-av-staltrad\/"},"modified":"2026-03-12T09:12:05","modified_gmt":"2026-03-12T08:12:05","slug":"truusk-smadjursbur-5-niva-for-moss-sma-husdjur-inkl-ramp-lophjul-matkal-59x36x69cm","status":"publish","type":"product","link":"https:\/\/truusk.store\/sv\/produkt\/truusk-smadjursbur-5-niva-for-moss-sma-husdjur-inkl-ramp-lophjul-matkal-59x36x69cm\/","title":{"rendered":"TRUUSK Sm\u00e5djursbur 5-niv\u00e5 &#8211; F\u00f6r M\u00f6ss &amp; Sm\u00e5 Husdjur &#8211; Inkl. Ramp, L\u00f6phjul &amp; Matk\u00e5l &#8211; 59x36x69cm"},"content":{"rendered":"<p>Detta sm\u00e5djursbur fr\u00e5n Pawhut \u00e4r det idealiska hemmet f\u00f6r sm\u00e5djur. Fem niv\u00e5er, som \u00e4r kopplade via ett r\u00f6rsystem, ramper och ett l\u00f6phjul ger massor av variation och lekgl\u00e4dje, s\u00e5 att det inte kan bli tr\u00e5kigt. F\u00f6r enkel \u00e5tkomst till dina husdjur har detta gnagarbur tv\u00e5 bur\u00f6ppningar. Tack vare dess avtagbara bottenbricka \u00e4r reng\u00f6ring av buren snabb och enkel.<\/p>\n<p>Beskrivning:<\/p>\n<ul>\n<li> Best\u00e5r av en \u00f6vre st\u00e5lram och en avtagbar plastbricka<\/li>\n<li> Inkluderar flera plattformar, ramper, l\u00f6phjul och ett r\u00f6rsystem<\/li>\n<li> Burd\u00f6rrar f\u00f6r enkel \u00e5tkomst till insidan<\/li>\n<li> L\u00e4tt och f\u00f6rsedd med handtag, d\u00e4rf\u00f6r l\u00e4tt att transportera<\/li>\n<li> Montering kr\u00e4vs<\/li>\n<\/ul>\n<p> Tekniska data:<\/p>\n<ul>\n<li> F\u00e4rg: Ljusbl\u00e5+Vit<\/li>\n<li> Material: St\u00e5ltr\u00e5d, plast, PS<\/li>\n<li> Totala m\u00e5tt (utan slang och vattenflaska): 59L x 36B x 69H cm<\/li>\n<li> M\u00e5tt p\u00e5 botten: 59L x 36B x 13H cm<\/li>\n<li> D\u00f6rrm\u00e5tt: 28B x 14H cm<\/li>\n<li> Plattformsm\u00e5tt: 33L x 25B cm<\/li>\n<li> M\u00e5tt p\u00e5 hytt: 14L x 9,5B x 9,5H cm<\/li>\n<li> Rampm\u00e5tt: 22,5L x 6,5B cm<\/li>\n<li> M\u00e5tt p\u00e5 tr\u00e4ningshjul: \u00d813 x 8H cm<\/li>\n<li> M\u00e5tt p\u00e5 matsk\u00e5l: \u00d88 x 4H cm<\/li>\n<li> Vattenflaska: 75ml<\/li>\n<\/ul>\n<p> Leveransinneh\u00e5ll:<\/p>\n<ul>\n<li> 1 x Sm\u00e5djursbur<\/li>\n<li> 1 x Instruktioner<\/li>\n<\/ul>\n","protected":false},"excerpt":{"rendered":"<p>Detta sm\u00e5djursbur fr\u00e5n Pawhut \u00e4r det idealiska hemmet f\u00f6r sm\u00e5djur. Fem niv\u00e5er, som \u00e4r kopplade via ett r\u00f6rsystem, ramper och&#8230;<\/p>\n","protected":false},"featured_media":57823,"template":"","meta":[],"product_brand":[],"product_cat":[878,599,597],"product_tag":[],"class_list":{"0":"post-57832","1":"product","2":"type-product","3":"status-publish","4":"has-post-thumbnail","6":"product_cat-djurbehov","7":"product_cat-sma-djurburar","8":"product_cat-sma-djurtillbehor","10":"first","11":"instock","12":"sale","13":"taxable","14":"shipping-taxable","15":"purchasable","16":"product-type-simple"},"yoast_head":"<!-- This site is optimized with the Yoast SEO plugin v25.4 - https:\/\/yoast.com\/wordpress\/plugins\/seo\/ -->\n<title>TRUUSK Sm\u00e5djursbur 5-niv\u00e5 - F\u00f6r M\u00f6ss &amp; Sm\u00e5 Husdjur - Inkl. Ramp, L\u00f6phjul &amp; Matk\u00e5l - 59x36x69cm - TRUUSK - Hem, Tr\u00e4dg\u00e5rd &amp; Fritid<\/title>\n<meta name=\"robots\" content=\"index, follow, max-snippet:-1, max-image-preview:large, max-video-preview:-1\" \/>\n<link rel=\"canonical\" href=\"https:\/\/truusk.store\/sv\/produkt\/truusk-smadjursbur-5-niva-for-moss-sma-husdjur-inkl-ramp-lophjul-matkal-59x36x69cm\/\" \/>\n<meta property=\"og:locale\" content=\"sv_SE\" \/>\n<meta property=\"og:type\" content=\"article\" \/>\n<meta property=\"og:title\" content=\"TRUUSK Sm\u00e5djursbur 5-niv\u00e5 - F\u00f6r M\u00f6ss &amp; Sm\u00e5 Husdjur - Inkl. Ramp, L\u00f6phjul &amp; Matk\u00e5l - 59x36x69cm - TRUUSK - Hem, Tr\u00e4dg\u00e5rd &amp; Fritid\" \/>\n<meta property=\"og:description\" content=\"Detta sm\u00e5djursbur fr\u00e5n Pawhut \u00e4r det idealiska hemmet f\u00f6r sm\u00e5djur. Fem niv\u00e5er, som \u00e4r kopplade via ett r\u00f6rsystem, ramper och...\" \/>\n<meta property=\"og:url\" content=\"https:\/\/truusk.store\/sv\/produkt\/truusk-smadjursbur-5-niva-for-moss-sma-husdjur-inkl-ramp-lophjul-matkal-59x36x69cm\/\" \/>\n<meta property=\"og:site_name\" content=\"TRUUSK - Hem, Tr\u00e4dg\u00e5rd &amp; Fritid\" \/>\n<meta property=\"article:modified_time\" content=\"2026-03-12T08:12:05+00:00\" \/>\n<meta property=\"og:image\" content=\"https:\/\/i0.wp.com\/truusk.se\/wp-content\/uploads\/2025\/06\/smadjursbur-5-niva-gnagarkage-med-ramp-och-lophjul-for-moss-sma-husdjur-59x36x69cm-inkl-matkal-av-staltrad-1.webp?fit=2000%2C2000&ssl=1\" \/>\n\t<meta property=\"og:image:width\" content=\"2000\" \/>\n\t<meta property=\"og:image:height\" content=\"2000\" \/>\n\t<meta property=\"og:image:type\" content=\"image\/webp\" \/>\n<meta name=\"twitter:card\" content=\"summary_large_image\" \/>\n<meta name=\"twitter:label1\" content=\"Ber\u00e4knad l\u00e4stid\" \/>\n\t<meta name=\"twitter:data1\" content=\"1 minut\" \/>\n<!-- \/ Yoast SEO plugin. -->","yoast_head_json":{"title":"TRUUSK Sm\u00e5djursbur 5-niv\u00e5 - F\u00f6r M\u00f6ss &amp; Sm\u00e5 Husdjur - Inkl. Ramp, L\u00f6phjul &amp; Matk\u00e5l - 59x36x69cm - TRUUSK - Hem, Tr\u00e4dg\u00e5rd &amp; Fritid","robots":{"index":"index","follow":"follow","max-snippet":"max-snippet:-1","max-image-preview":"max-image-preview:large","max-video-preview":"max-video-preview:-1"},"canonical":"https:\/\/truusk.store\/sv\/produkt\/truusk-smadjursbur-5-niva-for-moss-sma-husdjur-inkl-ramp-lophjul-matkal-59x36x69cm\/","og_locale":"sv_SE","og_type":"article","og_title":"TRUUSK Sm\u00e5djursbur 5-niv\u00e5 - F\u00f6r M\u00f6ss &amp; Sm\u00e5 Husdjur - Inkl. Ramp, L\u00f6phjul &amp; Matk\u00e5l - 59x36x69cm - TRUUSK - Hem, Tr\u00e4dg\u00e5rd &amp; Fritid","og_description":"Detta sm\u00e5djursbur fr\u00e5n Pawhut \u00e4r det idealiska hemmet f\u00f6r sm\u00e5djur. Fem niv\u00e5er, som \u00e4r kopplade via ett r\u00f6rsystem, ramper och...","og_url":"https:\/\/truusk.store\/sv\/produkt\/truusk-smadjursbur-5-niva-for-moss-sma-husdjur-inkl-ramp-lophjul-matkal-59x36x69cm\/","og_site_name":"TRUUSK - Hem, Tr\u00e4dg\u00e5rd &amp; Fritid","article_modified_time":"2026-03-12T08:12:05+00:00","og_image":[{"width":2000,"height":2000,"url":"https:\/\/i0.wp.com\/truusk.se\/wp-content\/uploads\/2025\/06\/smadjursbur-5-niva-gnagarkage-med-ramp-och-lophjul-for-moss-sma-husdjur-59x36x69cm-inkl-matkal-av-staltrad-1.webp?fit=2000%2C2000&ssl=1","type":"image\/webp"}],"twitter_card":"summary_large_image","twitter_misc":{"Ber\u00e4knad l\u00e4stid":"1 minut"},"schema":{"@context":"https:\/\/schema.org","@graph":[{"@type":"WebPage","@id":"https:\/\/truusk.store\/sv\/produkt\/truusk-smadjursbur-5-niva-for-moss-sma-husdjur-inkl-ramp-lophjul-matkal-59x36x69cm\/","url":"https:\/\/truusk.store\/sv\/produkt\/truusk-smadjursbur-5-niva-for-moss-sma-husdjur-inkl-ramp-lophjul-matkal-59x36x69cm\/","name":"TRUUSK Sm\u00e5djursbur 5-niv\u00e5 - F\u00f6r M\u00f6ss &amp; Sm\u00e5 Husdjur - Inkl. Ramp, L\u00f6phjul &amp; Matk\u00e5l - 59x36x69cm - TRUUSK - Hem, Tr\u00e4dg\u00e5rd &amp; Fritid","isPartOf":{"@id":"https:\/\/truusk.store\/sv\/#website"},"primaryImageOfPage":{"@id":"https:\/\/truusk.store\/sv\/produkt\/truusk-smadjursbur-5-niva-for-moss-sma-husdjur-inkl-ramp-lophjul-matkal-59x36x69cm\/#primaryimage"},"image":{"@id":"https:\/\/truusk.store\/sv\/produkt\/truusk-smadjursbur-5-niva-for-moss-sma-husdjur-inkl-ramp-lophjul-matkal-59x36x69cm\/#primaryimage"},"thumbnailUrl":"https:\/\/i0.wp.com\/truusk.store\/wp-content\/uploads\/2025\/06\/smadjursbur-5-niva-gnagarkage-med-ramp-och-lophjul-for-moss-sma-husdjur-59x36x69cm-inkl-matkal-av-staltrad-1.webp?fit=2000%2C2000&ssl=1","datePublished":"2025-06-04T21:23:41+00:00","dateModified":"2026-03-12T08:12:05+00:00","breadcrumb":{"@id":"https:\/\/truusk.store\/sv\/produkt\/truusk-smadjursbur-5-niva-for-moss-sma-husdjur-inkl-ramp-lophjul-matkal-59x36x69cm\/#breadcrumb"},"inLanguage":"sv-SE","potentialAction":[{"@type":"ReadAction","target":["https:\/\/truusk.store\/sv\/produkt\/truusk-smadjursbur-5-niva-for-moss-sma-husdjur-inkl-ramp-lophjul-matkal-59x36x69cm\/"]}]},{"@type":"ImageObject","inLanguage":"sv-SE","@id":"https:\/\/truusk.store\/sv\/produkt\/truusk-smadjursbur-5-niva-for-moss-sma-husdjur-inkl-ramp-lophjul-matkal-59x36x69cm\/#primaryimage","url":"https:\/\/i0.wp.com\/truusk.store\/wp-content\/uploads\/2025\/06\/smadjursbur-5-niva-gnagarkage-med-ramp-och-lophjul-for-moss-sma-husdjur-59x36x69cm-inkl-matkal-av-staltrad-1.webp?fit=2000%2C2000&ssl=1","contentUrl":"https:\/\/i0.wp.com\/truusk.store\/wp-content\/uploads\/2025\/06\/smadjursbur-5-niva-gnagarkage-med-ramp-och-lophjul-for-moss-sma-husdjur-59x36x69cm-inkl-matkal-av-staltrad-1.webp?fit=2000%2C2000&ssl=1","width":2000,"height":2000},{"@type":"BreadcrumbList","@id":"https:\/\/truusk.store\/sv\/produkt\/truusk-smadjursbur-5-niva-for-moss-sma-husdjur-inkl-ramp-lophjul-matkal-59x36x69cm\/#breadcrumb","itemListElement":[{"@type":"ListItem","position":1,"name":"Home","item":"https:\/\/truusk.store\/sv\/"},{"@type":"ListItem","position":2,"name":"Shop","item":"https:\/\/truusk.store\/shop\/"},{"@type":"ListItem","position":3,"name":"TRUUSK Sm\u00e5djursbur 5-niv\u00e5 &#8211; F\u00f6r M\u00f6ss &amp; Sm\u00e5 Husdjur &#8211; Inkl. Ramp, L\u00f6phjul &amp; Matk\u00e5l &#8211; 59x36x69cm"}]},{"@type":"WebSite","@id":"https:\/\/truusk.store\/sv\/#website","url":"https:\/\/truusk.store\/sv\/","name":"TRUUSK - Hem, Tr\u00e4dg\u00e5rd & Fritid","description":"","publisher":{"@id":"https:\/\/truusk.store\/sv\/#organization"},"potentialAction":[{"@type":"SearchAction","target":{"@type":"EntryPoint","urlTemplate":"https:\/\/truusk.store\/sv\/?s={search_term_string}"},"query-input":{"@type":"PropertyValueSpecification","valueRequired":true,"valueName":"search_term_string"}}],"inLanguage":"sv-SE"},{"@type":"Organization","@id":"https:\/\/truusk.store\/sv\/#organization","name":"TRUUSK - Hem, Tr\u00e4dg\u00e5rd & Fritid","url":"https:\/\/truusk.store\/sv\/","logo":{"@type":"ImageObject","inLanguage":"sv-SE","@id":"https:\/\/truusk.store\/sv\/#\/schema\/logo\/image\/","url":"https:\/\/i0.wp.com\/truusk.store\/wp-content\/uploads\/2026\/03\/cropped-TRUUSK.png?fit=2032%2C917&ssl=1","contentUrl":"https:\/\/i0.wp.com\/truusk.store\/wp-content\/uploads\/2026\/03\/cropped-TRUUSK.png?fit=2032%2C917&ssl=1","width":2032,"height":917,"caption":"TRUUSK - Hem, Tr\u00e4dg\u00e5rd & Fritid"},"image":{"@id":"https:\/\/truusk.store\/sv\/#\/schema\/logo\/image\/"}}]}},"jetpack_sharing_enabled":true,"_links":{"self":[{"href":"https:\/\/truusk.store\/sv\/wp-json\/wp\/v2\/product\/57832","targetHints":{"allow":["GET"]}}],"collection":[{"href":"https:\/\/truusk.store\/sv\/wp-json\/wp\/v2\/product"}],"about":[{"href":"https:\/\/truusk.store\/sv\/wp-json\/wp\/v2\/types\/product"}],"wp:featuredmedia":[{"embeddable":true,"href":"https:\/\/truusk.store\/sv\/wp-json\/wp\/v2\/media\/57823"}],"wp:attachment":[{"href":"https:\/\/truusk.store\/sv\/wp-json\/wp\/v2\/media?parent=57832"}],"wp:term":[{"taxonomy":"product_brand","embeddable":true,"href":"https:\/\/truusk.store\/sv\/wp-json\/wp\/v2\/product_brand?post=57832"},{"taxonomy":"product_cat","embeddable":true,"href":"https:\/\/truusk.store\/sv\/wp-json\/wp\/v2\/product_cat?post=57832"},{"taxonomy":"product_tag","embeddable":true,"href":"https:\/\/truusk.store\/sv\/wp-json\/wp\/v2\/product_tag?post=57832"}],"curies":[{"name":"wp","href":"https:\/\/api.w.org\/{rel}","templated":true}]}}