{"id":57872,"date":"2025-06-04T22:27:24","date_gmt":"2025-06-04T21:27:24","guid":{"rendered":"https:\/\/truusk.store\/product\/sidobord-tradgardsbord-blomsterpall-runt-o355-cm-vaderbestandigt-for-tradgard-terrass-balkong-i-gult-och-gratt\/"},"modified":"2026-03-12T09:12:22","modified_gmt":"2026-03-12T08:12:22","slug":"truusk-runt-tradgardsbord-o355-cm-vaderbestandigt-for-tradgard-terrass-och-balkong-gult-och-gratt","status":"publish","type":"product","link":"https:\/\/truusk.store\/sv\/produkt\/truusk-runt-tradgardsbord-o355-cm-vaderbestandigt-for-tradgard-terrass-och-balkong-gult-och-gratt\/","title":{"rendered":"TRUUSK Runt Tr\u00e4dg\u00e5rdsbord \u00d835,5 cm &#8211; V\u00e4derbest\u00e4ndigt &#8211; F\u00f6r Tr\u00e4dg\u00e5rd, Terrass och Balkong &#8211; Gult och Gr\u00e5tt"},"content":{"rendered":"<p>Den h\u00e4r dekorativa terrassbordet fr\u00e5n TRUUSK \u00e4r idealisk f\u00f6r alla som s\u00f6ker en stilfull och samtidigt praktisk inredningsdetalj f\u00f6r sin tr\u00e4dg\u00e5rd eller terrass. Bistrobordet best\u00e5r av en robust metallram och en karakt\u00e4rsfull mosaikbordskiva, som inte bara \u00e4r s\u00e4rskilt estetisk, utan ocks\u00e5 mycket stabil. Bordet passar in i n\u00e4stan alla milj\u00f6er och kan ocks\u00e5 anv\u00e4ndas som soffbord, sidobord eller arbetsbord.<\/p>\n<p>Beskrivning:<\/p>\n<ul>\n<li> Tillverkad av pulverlackerad metallram och keramikbordskiva<\/li>\n<li> Dekorativt mosaikm\u00f6nster p\u00e5 bordskivan<\/li>\n<li> S\u00e4rskilt m\u00e5ngsidig: passar till n\u00e4stan alla inredningsstilar och kan anv\u00e4ndas som tr\u00e4dg\u00e5rdsbord, sidobord, soffbord, arbetsbord etc.<\/li>\n<li> Enkel montering och s\u00e4rskilt l\u00e4ttsk\u00f6tt: reng\u00f6r enkelt med en fuktig trasa<\/li>\n<li> Montering kr\u00e4vs<\/li>\n<\/ul>\n<p> Tekniska data:<\/p>\n<ul>\n<li> F\u00e4rg: Svart+Gul+Gr\u00e5<\/li>\n<li> Material: Keramik, J\u00e4rn<\/li>\n<li> Totala m\u00e5tt: \u00d835,5 x 53,5H cm<\/li>\n<li> B\u00e4rkapacitet: 50kg<\/li>\n<\/ul>\n<p>Leveransinneh\u00e5ll:<\/p>\n<ul>\n<li> 1 x Tr\u00e4dg\u00e5rdsbord<\/li>\n<li> 1\u00d7 Instruktioner<\/li>\n<\/ul>\n","protected":false},"excerpt":{"rendered":"<p>Den h\u00e4r dekorativa terrassbordet fr\u00e5n TRUUSK \u00e4r idealisk f\u00f6r alla som s\u00f6ker en stilfull och samtidigt praktisk inredningsdetalj f\u00f6r sin&#8230;<\/p>\n","protected":false},"featured_media":57863,"template":"","meta":[],"product_brand":[],"product_cat":[858,457,450],"product_tag":[],"class_list":{"0":"post-57872","1":"product","2":"type-product","3":"status-publish","4":"has-post-thumbnail","6":"product_cat-tradgard-terrass","7":"product_cat-tradgardsbord","8":"product_cat-tradgardsmobler","10":"first","11":"instock","12":"sale","13":"taxable","14":"shipping-taxable","15":"purchasable","16":"product-type-simple"},"yoast_head":"<!-- This site is optimized with the Yoast SEO plugin v25.4 - https:\/\/yoast.com\/wordpress\/plugins\/seo\/ -->\n<title>TRUUSK Runt Tr\u00e4dg\u00e5rdsbord \u00d835,5 cm - V\u00e4derbest\u00e4ndigt - F\u00f6r Tr\u00e4dg\u00e5rd, Terrass och Balkong - Gult och Gr\u00e5tt - TRUUSK - Hem, Tr\u00e4dg\u00e5rd &amp; Fritid<\/title>\n<meta name=\"robots\" content=\"index, follow, max-snippet:-1, max-image-preview:large, max-video-preview:-1\" \/>\n<link rel=\"canonical\" href=\"https:\/\/truusk.store\/sv\/produkt\/truusk-runt-tradgardsbord-o355-cm-vaderbestandigt-for-tradgard-terrass-och-balkong-gult-och-gratt\/\" \/>\n<meta property=\"og:locale\" content=\"sv_SE\" \/>\n<meta property=\"og:type\" content=\"article\" \/>\n<meta property=\"og:title\" content=\"TRUUSK Runt Tr\u00e4dg\u00e5rdsbord \u00d835,5 cm - V\u00e4derbest\u00e4ndigt - F\u00f6r Tr\u00e4dg\u00e5rd, Terrass och Balkong - Gult och Gr\u00e5tt - TRUUSK - Hem, Tr\u00e4dg\u00e5rd &amp; Fritid\" \/>\n<meta property=\"og:description\" content=\"Den h\u00e4r dekorativa terrassbordet fr\u00e5n TRUUSK \u00e4r idealisk f\u00f6r alla som s\u00f6ker en stilfull och samtidigt praktisk inredningsdetalj f\u00f6r sin...\" \/>\n<meta property=\"og:url\" content=\"https:\/\/truusk.store\/sv\/produkt\/truusk-runt-tradgardsbord-o355-cm-vaderbestandigt-for-tradgard-terrass-och-balkong-gult-och-gratt\/\" \/>\n<meta property=\"og:site_name\" content=\"TRUUSK - Hem, Tr\u00e4dg\u00e5rd &amp; Fritid\" \/>\n<meta property=\"article:modified_time\" content=\"2026-03-12T08:12:22+00:00\" \/>\n<meta property=\"og:image\" content=\"https:\/\/i0.wp.com\/truusk.se\/wp-content\/uploads\/2025\/06\/sidobord-tradgardsbord-blomsterpall-runt-o355-cm-vaderbestandigt-for-tradgard-terrass-balkong-i-gult-och-gratt-1.webp?fit=2000%2C2000&ssl=1\" \/>\n\t<meta property=\"og:image:width\" content=\"2000\" \/>\n\t<meta property=\"og:image:height\" content=\"2000\" \/>\n\t<meta property=\"og:image:type\" content=\"image\/webp\" \/>\n<meta name=\"twitter:card\" content=\"summary_large_image\" \/>\n<meta name=\"twitter:label1\" content=\"Ber\u00e4knad l\u00e4stid\" \/>\n\t<meta name=\"twitter:data1\" content=\"1 minut\" \/>\n<!-- \/ Yoast SEO plugin. -->","yoast_head_json":{"title":"TRUUSK Runt Tr\u00e4dg\u00e5rdsbord \u00d835,5 cm - V\u00e4derbest\u00e4ndigt - F\u00f6r Tr\u00e4dg\u00e5rd, Terrass och Balkong - Gult och Gr\u00e5tt - TRUUSK - Hem, Tr\u00e4dg\u00e5rd &amp; Fritid","robots":{"index":"index","follow":"follow","max-snippet":"max-snippet:-1","max-image-preview":"max-image-preview:large","max-video-preview":"max-video-preview:-1"},"canonical":"https:\/\/truusk.store\/sv\/produkt\/truusk-runt-tradgardsbord-o355-cm-vaderbestandigt-for-tradgard-terrass-och-balkong-gult-och-gratt\/","og_locale":"sv_SE","og_type":"article","og_title":"TRUUSK Runt Tr\u00e4dg\u00e5rdsbord \u00d835,5 cm - V\u00e4derbest\u00e4ndigt - F\u00f6r Tr\u00e4dg\u00e5rd, Terrass och Balkong - Gult och Gr\u00e5tt - TRUUSK - Hem, Tr\u00e4dg\u00e5rd &amp; Fritid","og_description":"Den h\u00e4r dekorativa terrassbordet fr\u00e5n TRUUSK \u00e4r idealisk f\u00f6r alla som s\u00f6ker en stilfull och samtidigt praktisk inredningsdetalj f\u00f6r sin...","og_url":"https:\/\/truusk.store\/sv\/produkt\/truusk-runt-tradgardsbord-o355-cm-vaderbestandigt-for-tradgard-terrass-och-balkong-gult-och-gratt\/","og_site_name":"TRUUSK - Hem, Tr\u00e4dg\u00e5rd &amp; Fritid","article_modified_time":"2026-03-12T08:12:22+00:00","og_image":[{"width":2000,"height":2000,"url":"https:\/\/i0.wp.com\/truusk.se\/wp-content\/uploads\/2025\/06\/sidobord-tradgardsbord-blomsterpall-runt-o355-cm-vaderbestandigt-for-tradgard-terrass-balkong-i-gult-och-gratt-1.webp?fit=2000%2C2000&ssl=1","type":"image\/webp"}],"twitter_card":"summary_large_image","twitter_misc":{"Ber\u00e4knad l\u00e4stid":"1 minut"},"schema":{"@context":"https:\/\/schema.org","@graph":[{"@type":"WebPage","@id":"https:\/\/truusk.store\/sv\/produkt\/truusk-runt-tradgardsbord-o355-cm-vaderbestandigt-for-tradgard-terrass-och-balkong-gult-och-gratt\/","url":"https:\/\/truusk.store\/sv\/produkt\/truusk-runt-tradgardsbord-o355-cm-vaderbestandigt-for-tradgard-terrass-och-balkong-gult-och-gratt\/","name":"TRUUSK Runt Tr\u00e4dg\u00e5rdsbord \u00d835,5 cm - V\u00e4derbest\u00e4ndigt - F\u00f6r Tr\u00e4dg\u00e5rd, Terrass och Balkong - Gult och Gr\u00e5tt - TRUUSK - Hem, Tr\u00e4dg\u00e5rd &amp; Fritid","isPartOf":{"@id":"https:\/\/truusk.store\/sv\/#website"},"primaryImageOfPage":{"@id":"https:\/\/truusk.store\/sv\/produkt\/truusk-runt-tradgardsbord-o355-cm-vaderbestandigt-for-tradgard-terrass-och-balkong-gult-och-gratt\/#primaryimage"},"image":{"@id":"https:\/\/truusk.store\/sv\/produkt\/truusk-runt-tradgardsbord-o355-cm-vaderbestandigt-for-tradgard-terrass-och-balkong-gult-och-gratt\/#primaryimage"},"thumbnailUrl":"https:\/\/i0.wp.com\/truusk.store\/wp-content\/uploads\/2025\/06\/sidobord-tradgardsbord-blomsterpall-runt-o355-cm-vaderbestandigt-for-tradgard-terrass-balkong-i-gult-och-gratt-1.webp?fit=2000%2C2000&ssl=1","datePublished":"2025-06-04T21:27:24+00:00","dateModified":"2026-03-12T08:12:22+00:00","breadcrumb":{"@id":"https:\/\/truusk.store\/sv\/produkt\/truusk-runt-tradgardsbord-o355-cm-vaderbestandigt-for-tradgard-terrass-och-balkong-gult-och-gratt\/#breadcrumb"},"inLanguage":"sv-SE","potentialAction":[{"@type":"ReadAction","target":["https:\/\/truusk.store\/sv\/produkt\/truusk-runt-tradgardsbord-o355-cm-vaderbestandigt-for-tradgard-terrass-och-balkong-gult-och-gratt\/"]}]},{"@type":"ImageObject","inLanguage":"sv-SE","@id":"https:\/\/truusk.store\/sv\/produkt\/truusk-runt-tradgardsbord-o355-cm-vaderbestandigt-for-tradgard-terrass-och-balkong-gult-och-gratt\/#primaryimage","url":"https:\/\/i0.wp.com\/truusk.store\/wp-content\/uploads\/2025\/06\/sidobord-tradgardsbord-blomsterpall-runt-o355-cm-vaderbestandigt-for-tradgard-terrass-balkong-i-gult-och-gratt-1.webp?fit=2000%2C2000&ssl=1","contentUrl":"https:\/\/i0.wp.com\/truusk.store\/wp-content\/uploads\/2025\/06\/sidobord-tradgardsbord-blomsterpall-runt-o355-cm-vaderbestandigt-for-tradgard-terrass-balkong-i-gult-och-gratt-1.webp?fit=2000%2C2000&ssl=1","width":2000,"height":2000},{"@type":"BreadcrumbList","@id":"https:\/\/truusk.store\/sv\/produkt\/truusk-runt-tradgardsbord-o355-cm-vaderbestandigt-for-tradgard-terrass-och-balkong-gult-och-gratt\/#breadcrumb","itemListElement":[{"@type":"ListItem","position":1,"name":"Home","item":"https:\/\/truusk.store\/sv\/"},{"@type":"ListItem","position":2,"name":"Shop","item":"https:\/\/truusk.store\/shop\/"},{"@type":"ListItem","position":3,"name":"TRUUSK Runt Tr\u00e4dg\u00e5rdsbord \u00d835,5 cm &#8211; V\u00e4derbest\u00e4ndigt &#8211; F\u00f6r Tr\u00e4dg\u00e5rd, Terrass och Balkong &#8211; Gult och Gr\u00e5tt"}]},{"@type":"WebSite","@id":"https:\/\/truusk.store\/sv\/#website","url":"https:\/\/truusk.store\/sv\/","name":"TRUUSK - Hem, Tr\u00e4dg\u00e5rd & Fritid","description":"","publisher":{"@id":"https:\/\/truusk.store\/sv\/#organization"},"potentialAction":[{"@type":"SearchAction","target":{"@type":"EntryPoint","urlTemplate":"https:\/\/truusk.store\/sv\/?s={search_term_string}"},"query-input":{"@type":"PropertyValueSpecification","valueRequired":true,"valueName":"search_term_string"}}],"inLanguage":"sv-SE"},{"@type":"Organization","@id":"https:\/\/truusk.store\/sv\/#organization","name":"TRUUSK - Hem, Tr\u00e4dg\u00e5rd & Fritid","url":"https:\/\/truusk.store\/sv\/","logo":{"@type":"ImageObject","inLanguage":"sv-SE","@id":"https:\/\/truusk.store\/sv\/#\/schema\/logo\/image\/","url":"https:\/\/i0.wp.com\/truusk.store\/wp-content\/uploads\/2026\/03\/cropped-TRUUSK.png?fit=2032%2C917&ssl=1","contentUrl":"https:\/\/i0.wp.com\/truusk.store\/wp-content\/uploads\/2026\/03\/cropped-TRUUSK.png?fit=2032%2C917&ssl=1","width":2032,"height":917,"caption":"TRUUSK - Hem, Tr\u00e4dg\u00e5rd & Fritid"},"image":{"@id":"https:\/\/truusk.store\/sv\/#\/schema\/logo\/image\/"}}]}},"jetpack_sharing_enabled":true,"_links":{"self":[{"href":"https:\/\/truusk.store\/sv\/wp-json\/wp\/v2\/product\/57872","targetHints":{"allow":["GET"]}}],"collection":[{"href":"https:\/\/truusk.store\/sv\/wp-json\/wp\/v2\/product"}],"about":[{"href":"https:\/\/truusk.store\/sv\/wp-json\/wp\/v2\/types\/product"}],"wp:featuredmedia":[{"embeddable":true,"href":"https:\/\/truusk.store\/sv\/wp-json\/wp\/v2\/media\/57863"}],"wp:attachment":[{"href":"https:\/\/truusk.store\/sv\/wp-json\/wp\/v2\/media?parent=57872"}],"wp:term":[{"taxonomy":"product_brand","embeddable":true,"href":"https:\/\/truusk.store\/sv\/wp-json\/wp\/v2\/product_brand?post=57872"},{"taxonomy":"product_cat","embeddable":true,"href":"https:\/\/truusk.store\/sv\/wp-json\/wp\/v2\/product_cat?post=57872"},{"taxonomy":"product_tag","embeddable":true,"href":"https:\/\/truusk.store\/sv\/wp-json\/wp\/v2\/product_tag?post=57872"}],"curies":[{"name":"wp","href":"https:\/\/api.w.org\/{rel}","templated":true}]}}