{"id":57892,"date":"2025-06-04T22:29:32","date_gmt":"2025-06-04T21:29:32","guid":{"rendered":"https:\/\/truusk.store\/product\/stort-klattertrad-200-cm-xxl-med-kattgrottor-hangmattor-stabilt-for-stora-katter-i-ljusgra\/"},"modified":"2026-03-12T09:11:21","modified_gmt":"2026-03-12T08:11:21","slug":"truusk-xxl-klimboom-200-cm-met-kattengrotten-hangmatten-stabiel-voor-grote-katten-lichtgrijs","status":"publish","type":"product","link":"https:\/\/truusk.store\/sv\/produkt\/truusk-xxl-klimboom-200-cm-met-kattengrotten-hangmatten-stabiel-voor-grote-katten-lichtgrijs\/","title":{"rendered":"TRUUSK XXL Klimboom 200 cm met Kattengrotten &#8211; Hangmatten &#8211; Stabiel voor Grote Katten &#8211; Lichtgrijs"},"content":{"rendered":"<p>Detta kl\u00f6str\u00e4d fr\u00e5n Pawhut erbjuder din katt tv\u00e5 kattgrottor, tv\u00e5 h\u00e4ngmattor, kl\u00f6spelare och flera plattformar f\u00f6r lek, tupplur och s\u00f6mn. Kl\u00f6spelarna ger din katt m\u00f6jlighet att v\u00e4ssa sina klor, vilket skyddar dina m\u00f6bler fr\u00e5n repor. Kattgrottorna och plattformarna \u00e4r kl\u00e4dda med mjuk plysch och erbjuder din katt en mysig tillflyktsort f\u00f6r s\u00f6mn och vila.<\/p>\n<p>Beskrivning:<\/p>\n<ul>\n<li> 2-i-1-design, kl\u00f6str\u00e4d med leksaker och h\u00e4ngmattor<\/li>\n<li> 3 kl\u00f6spelare omslagna med sisalrep<\/li>\n<li> 2 meter h\u00f6gt kl\u00f6str\u00e4d med flera plattformar<\/li>\n<li> Kattgrottan, h\u00e4ngmattorna och plattformarna \u00e4r kl\u00e4dda med mjuk plysch<\/li>\n<li> Den inbyggda kattleksaken erbjuder din katt variation och lekgl\u00e4dje<\/li>\n<li> Solid och stabil kl\u00f6str\u00e4d gjord av sisalrep och sp\u00e5nskivor<\/li>\n<li> Trevligt stort; erbjuder plats f\u00f6r 2 katter, som inte b\u00f6r v\u00e4ga mer \u00e4n 5 kg var<\/li>\n<li> Montering kr\u00e4vs<\/li>\n<\/ul>\n<p>Tekniska data:<\/p>\n<ul>\n<li> F\u00e4rg: Ljusgr\u00e5<\/li>\n<li> Material: Sp\u00e5nskiva, sisal, plysch (100% polyester)<\/li>\n<li> Totala m\u00e5tt: 60L x 60B x 200H cm<\/li>\n<li> M\u00e5tt p\u00e5 den stora grottan: 40L x 40B x 28,5H cm<\/li>\n<li> M\u00e5tt p\u00e5 den lilla grottan: 30L x 30B x 28,5H cm<\/li>\n<li> M\u00e5tt p\u00e5 h\u00e4ngmattan: \u00d830 cm<\/li>\n<li> Max. belastningskapacitet: 10 kg<\/li>\n<\/ul>\n<p>Leveransinneh\u00e5ll:<\/p>\n<ul>\n<li> 1 x kl\u00f6str\u00e4d<\/li>\n<li> 1 x bruksanvisning<\/li>\n<\/ul>\n","protected":false},"excerpt":{"rendered":"<p>Detta kl\u00f6str\u00e4d fr\u00e5n Pawhut erbjuder din katt tv\u00e5 kattgrottor, tv\u00e5 h\u00e4ngmattor, kl\u00f6spelare och flera plattformar f\u00f6r lek, tupplur och s\u00f6mn&#8230;.<\/p>\n","protected":false},"featured_media":57883,"template":"","meta":[],"product_brand":[],"product_cat":[878,588,879],"product_tag":[],"class_list":{"0":"post-57892","1":"product","2":"type-product","3":"status-publish","4":"has-post-thumbnail","6":"product_cat-djurbehov","7":"product_cat-katttillbehor","8":"product_cat-klostrad","10":"first","11":"instock","12":"sale","13":"taxable","14":"shipping-taxable","15":"purchasable","16":"product-type-simple"},"yoast_head":"<!-- This site is optimized with the Yoast SEO plugin v25.4 - https:\/\/yoast.com\/wordpress\/plugins\/seo\/ -->\n<title>TRUUSK XXL Klimboom 200 cm met Kattengrotten - Hangmatten - Stabiel voor Grote Katten - Lichtgrijs - TRUUSK - Hem, Tr\u00e4dg\u00e5rd &amp; Fritid<\/title>\n<meta name=\"robots\" content=\"index, follow, max-snippet:-1, max-image-preview:large, max-video-preview:-1\" \/>\n<link rel=\"canonical\" href=\"https:\/\/truusk.store\/sv\/produkt\/truusk-xxl-klimboom-200-cm-met-kattengrotten-hangmatten-stabiel-voor-grote-katten-lichtgrijs\/\" \/>\n<meta property=\"og:locale\" content=\"sv_SE\" \/>\n<meta property=\"og:type\" content=\"article\" \/>\n<meta property=\"og:title\" content=\"TRUUSK XXL Klimboom 200 cm met Kattengrotten - Hangmatten - Stabiel voor Grote Katten - Lichtgrijs - TRUUSK - Hem, Tr\u00e4dg\u00e5rd &amp; Fritid\" \/>\n<meta property=\"og:description\" content=\"Detta kl\u00f6str\u00e4d fr\u00e5n Pawhut erbjuder din katt tv\u00e5 kattgrottor, tv\u00e5 h\u00e4ngmattor, kl\u00f6spelare och flera plattformar f\u00f6r lek, tupplur och s\u00f6mn....\" \/>\n<meta property=\"og:url\" content=\"https:\/\/truusk.store\/sv\/produkt\/truusk-xxl-klimboom-200-cm-met-kattengrotten-hangmatten-stabiel-voor-grote-katten-lichtgrijs\/\" \/>\n<meta property=\"og:site_name\" content=\"TRUUSK - Hem, Tr\u00e4dg\u00e5rd &amp; Fritid\" \/>\n<meta property=\"article:modified_time\" content=\"2026-03-12T08:11:21+00:00\" \/>\n<meta property=\"og:image\" content=\"https:\/\/i0.wp.com\/truusk.se\/wp-content\/uploads\/2025\/06\/stort-klattertrad-200-cm-xxl-med-kattgrottor-hangmattor-stabilt-for-stora-katter-i-ljusgra-1.webp?fit=2000%2C2000&ssl=1\" \/>\n\t<meta property=\"og:image:width\" content=\"2000\" \/>\n\t<meta property=\"og:image:height\" content=\"2000\" \/>\n\t<meta property=\"og:image:type\" content=\"image\/webp\" \/>\n<meta name=\"twitter:card\" content=\"summary_large_image\" \/>\n<meta name=\"twitter:label1\" content=\"Ber\u00e4knad l\u00e4stid\" \/>\n\t<meta name=\"twitter:data1\" content=\"1 minut\" \/>\n<!-- \/ Yoast SEO plugin. -->","yoast_head_json":{"title":"TRUUSK XXL Klimboom 200 cm met Kattengrotten - Hangmatten - Stabiel voor Grote Katten - Lichtgrijs - TRUUSK - Hem, Tr\u00e4dg\u00e5rd &amp; Fritid","robots":{"index":"index","follow":"follow","max-snippet":"max-snippet:-1","max-image-preview":"max-image-preview:large","max-video-preview":"max-video-preview:-1"},"canonical":"https:\/\/truusk.store\/sv\/produkt\/truusk-xxl-klimboom-200-cm-met-kattengrotten-hangmatten-stabiel-voor-grote-katten-lichtgrijs\/","og_locale":"sv_SE","og_type":"article","og_title":"TRUUSK XXL Klimboom 200 cm met Kattengrotten - Hangmatten - Stabiel voor Grote Katten - Lichtgrijs - TRUUSK - Hem, Tr\u00e4dg\u00e5rd &amp; Fritid","og_description":"Detta kl\u00f6str\u00e4d fr\u00e5n Pawhut erbjuder din katt tv\u00e5 kattgrottor, tv\u00e5 h\u00e4ngmattor, kl\u00f6spelare och flera plattformar f\u00f6r lek, tupplur och s\u00f6mn....","og_url":"https:\/\/truusk.store\/sv\/produkt\/truusk-xxl-klimboom-200-cm-met-kattengrotten-hangmatten-stabiel-voor-grote-katten-lichtgrijs\/","og_site_name":"TRUUSK - Hem, Tr\u00e4dg\u00e5rd &amp; Fritid","article_modified_time":"2026-03-12T08:11:21+00:00","og_image":[{"width":2000,"height":2000,"url":"https:\/\/i0.wp.com\/truusk.se\/wp-content\/uploads\/2025\/06\/stort-klattertrad-200-cm-xxl-med-kattgrottor-hangmattor-stabilt-for-stora-katter-i-ljusgra-1.webp?fit=2000%2C2000&ssl=1","type":"image\/webp"}],"twitter_card":"summary_large_image","twitter_misc":{"Ber\u00e4knad l\u00e4stid":"1 minut"},"schema":{"@context":"https:\/\/schema.org","@graph":[{"@type":"WebPage","@id":"https:\/\/truusk.store\/sv\/produkt\/truusk-xxl-klimboom-200-cm-met-kattengrotten-hangmatten-stabiel-voor-grote-katten-lichtgrijs\/","url":"https:\/\/truusk.store\/sv\/produkt\/truusk-xxl-klimboom-200-cm-met-kattengrotten-hangmatten-stabiel-voor-grote-katten-lichtgrijs\/","name":"TRUUSK XXL Klimboom 200 cm met Kattengrotten - Hangmatten - Stabiel voor Grote Katten - Lichtgrijs - TRUUSK - Hem, Tr\u00e4dg\u00e5rd &amp; Fritid","isPartOf":{"@id":"https:\/\/truusk.store\/sv\/#website"},"primaryImageOfPage":{"@id":"https:\/\/truusk.store\/sv\/produkt\/truusk-xxl-klimboom-200-cm-met-kattengrotten-hangmatten-stabiel-voor-grote-katten-lichtgrijs\/#primaryimage"},"image":{"@id":"https:\/\/truusk.store\/sv\/produkt\/truusk-xxl-klimboom-200-cm-met-kattengrotten-hangmatten-stabiel-voor-grote-katten-lichtgrijs\/#primaryimage"},"thumbnailUrl":"https:\/\/i0.wp.com\/truusk.store\/wp-content\/uploads\/2025\/06\/stort-klattertrad-200-cm-xxl-med-kattgrottor-hangmattor-stabilt-for-stora-katter-i-ljusgra-1.webp?fit=2000%2C2000&ssl=1","datePublished":"2025-06-04T21:29:32+00:00","dateModified":"2026-03-12T08:11:21+00:00","breadcrumb":{"@id":"https:\/\/truusk.store\/sv\/produkt\/truusk-xxl-klimboom-200-cm-met-kattengrotten-hangmatten-stabiel-voor-grote-katten-lichtgrijs\/#breadcrumb"},"inLanguage":"sv-SE","potentialAction":[{"@type":"ReadAction","target":["https:\/\/truusk.store\/sv\/produkt\/truusk-xxl-klimboom-200-cm-met-kattengrotten-hangmatten-stabiel-voor-grote-katten-lichtgrijs\/"]}]},{"@type":"ImageObject","inLanguage":"sv-SE","@id":"https:\/\/truusk.store\/sv\/produkt\/truusk-xxl-klimboom-200-cm-met-kattengrotten-hangmatten-stabiel-voor-grote-katten-lichtgrijs\/#primaryimage","url":"https:\/\/i0.wp.com\/truusk.store\/wp-content\/uploads\/2025\/06\/stort-klattertrad-200-cm-xxl-med-kattgrottor-hangmattor-stabilt-for-stora-katter-i-ljusgra-1.webp?fit=2000%2C2000&ssl=1","contentUrl":"https:\/\/i0.wp.com\/truusk.store\/wp-content\/uploads\/2025\/06\/stort-klattertrad-200-cm-xxl-med-kattgrottor-hangmattor-stabilt-for-stora-katter-i-ljusgra-1.webp?fit=2000%2C2000&ssl=1","width":2000,"height":2000},{"@type":"BreadcrumbList","@id":"https:\/\/truusk.store\/sv\/produkt\/truusk-xxl-klimboom-200-cm-met-kattengrotten-hangmatten-stabiel-voor-grote-katten-lichtgrijs\/#breadcrumb","itemListElement":[{"@type":"ListItem","position":1,"name":"Home","item":"https:\/\/truusk.store\/sv\/"},{"@type":"ListItem","position":2,"name":"Shop","item":"https:\/\/truusk.store\/shop\/"},{"@type":"ListItem","position":3,"name":"TRUUSK XXL Klimboom 200 cm met Kattengrotten &#8211; Hangmatten &#8211; Stabiel voor Grote Katten &#8211; Lichtgrijs"}]},{"@type":"WebSite","@id":"https:\/\/truusk.store\/sv\/#website","url":"https:\/\/truusk.store\/sv\/","name":"TRUUSK - Hem, Tr\u00e4dg\u00e5rd & Fritid","description":"","publisher":{"@id":"https:\/\/truusk.store\/sv\/#organization"},"potentialAction":[{"@type":"SearchAction","target":{"@type":"EntryPoint","urlTemplate":"https:\/\/truusk.store\/sv\/?s={search_term_string}"},"query-input":{"@type":"PropertyValueSpecification","valueRequired":true,"valueName":"search_term_string"}}],"inLanguage":"sv-SE"},{"@type":"Organization","@id":"https:\/\/truusk.store\/sv\/#organization","name":"TRUUSK - Hem, Tr\u00e4dg\u00e5rd & Fritid","url":"https:\/\/truusk.store\/sv\/","logo":{"@type":"ImageObject","inLanguage":"sv-SE","@id":"https:\/\/truusk.store\/sv\/#\/schema\/logo\/image\/","url":"https:\/\/i0.wp.com\/truusk.store\/wp-content\/uploads\/2026\/03\/cropped-TRUUSK.png?fit=2032%2C917&ssl=1","contentUrl":"https:\/\/i0.wp.com\/truusk.store\/wp-content\/uploads\/2026\/03\/cropped-TRUUSK.png?fit=2032%2C917&ssl=1","width":2032,"height":917,"caption":"TRUUSK - Hem, Tr\u00e4dg\u00e5rd & Fritid"},"image":{"@id":"https:\/\/truusk.store\/sv\/#\/schema\/logo\/image\/"}}]}},"jetpack_sharing_enabled":true,"_links":{"self":[{"href":"https:\/\/truusk.store\/sv\/wp-json\/wp\/v2\/product\/57892","targetHints":{"allow":["GET"]}}],"collection":[{"href":"https:\/\/truusk.store\/sv\/wp-json\/wp\/v2\/product"}],"about":[{"href":"https:\/\/truusk.store\/sv\/wp-json\/wp\/v2\/types\/product"}],"wp:featuredmedia":[{"embeddable":true,"href":"https:\/\/truusk.store\/sv\/wp-json\/wp\/v2\/media\/57883"}],"wp:attachment":[{"href":"https:\/\/truusk.store\/sv\/wp-json\/wp\/v2\/media?parent=57892"}],"wp:term":[{"taxonomy":"product_brand","embeddable":true,"href":"https:\/\/truusk.store\/sv\/wp-json\/wp\/v2\/product_brand?post=57892"},{"taxonomy":"product_cat","embeddable":true,"href":"https:\/\/truusk.store\/sv\/wp-json\/wp\/v2\/product_cat?post=57892"},{"taxonomy":"product_tag","embeddable":true,"href":"https:\/\/truusk.store\/sv\/wp-json\/wp\/v2\/product_tag?post=57892"}],"curies":[{"name":"wp","href":"https:\/\/api.w.org\/{rel}","templated":true}]}}