{"id":57902,"date":"2025-06-04T22:30:40","date_gmt":"2025-06-04T21:30:40","guid":{"rendered":"https:\/\/truusk.store\/product\/3-delad-matgrupp-med-2-stolar-och-1-bord-hopfallbar-bordsskiva-120-x-60-x-75-cm-stal-mdf-naturvit-idealisk-for-kok-matsal\/"},"modified":"2026-03-12T09:13:24","modified_gmt":"2026-03-12T08:13:24","slug":"truusk-matgrupp-3-delad-2-stolar-1-bord-hopfallbar-bordsskiva-120x60x75-cm-stal-mdf-naturvit-idealisk-for-kok-matsal","status":"publish","type":"product","link":"https:\/\/truusk.store\/sv\/produkt\/truusk-matgrupp-3-delad-2-stolar-1-bord-hopfallbar-bordsskiva-120x60x75-cm-stal-mdf-naturvit-idealisk-for-kok-matsal\/","title":{"rendered":"TRUUSK Matgrupp 3-delad 2 Stolar 1 Bord &#8211; Hopf\u00e4llbar Bordsskiva 120x60x75 cm &#8211; St\u00e5l MDF &#8211; Naturvit &#8211; Idealisk f\u00f6r K\u00f6k &amp; Matsal"},"content":{"rendered":"<p>S\u00f6ker du en flexibel boendel\u00f6sning som erbjuder tillr\u00e4ckligt med utrymme f\u00f6r 3 personer att \u00e4ta och koppla av? D\u00e5 \u00e4r den 3-delade matsalsgruppen precis r\u00e4tt f\u00f6r dig! Bordet kan f\u00e4llas halvt eller helt. D\u00e4rf\u00f6r kan det f\u00f6rvaras utrymmeseffektivt n\u00e4r det inte anv\u00e4nds. Alla stolar kan enkelt skjutas under bordet f\u00f6r att skapa extra utrymme. Detta hopf\u00e4llbara bord fr\u00e5n TRUUSK \u00e4r den idealiska l\u00f6sningen f\u00f6r sm\u00e5 och kompakta utrymmen.<\/p>\n<p>Beskrivning:<\/p>\n<ul>\n<li> Det 3-delade setet best\u00e5r av ett bord och tv\u00e5 stolar<\/li>\n<li> Bord i en modern design med rundade kanter<\/li>\n<li> Bordsskivan kan f\u00e4llas halvt eller helt, beroende p\u00e5 behov<\/li>\n<li> Stolarna kan f\u00f6rvaras utrymmeseffektivt under bordet<\/li>\n<li> MDF-skivan \u00e4r robust, l\u00e4tt att underh\u00e5lla och h\u00e5llbar<\/li>\n<li> Idealisk f\u00f6r matsalar, k\u00f6k och sm\u00e5 utrymmen<\/li>\n<li> Montering kr\u00e4vs<\/li>\n<\/ul>\n<p>Tekniska data:<\/p>\n<ul>\n<li> F\u00e4rg: Natur+Vit<\/li>\n<li> Material: MDF, St\u00e5l<\/li>\n<li> Totala m\u00e5tt: 110L x 70B x 75Hcm (utf\u00e4llt bord), 70L x 70B x 75Hcm(f\u00e4llm\u00e5tt), 47L x 40B x 84Hcm (stol)<\/li>\n<li> Sitsstorlek: 40L x 40B x 44,5Hcm (stol)<\/li>\n<li> Viktkapacitet: 40kg (bord), 120kg (stol)<\/li>\n<\/ul>\n<p>Leveransinneh\u00e5ll:<\/p>\n<ul>\n<li> 1 X Bord<\/li>\n<li> 2 X Stolar<\/li>\n<li> 1 X Instruktion<\/li>\n<\/ul>\n","protected":false},"excerpt":{"rendered":"<p>S\u00f6ker du en flexibel boendel\u00f6sning som erbjuder tillr\u00e4ckligt med utrymme f\u00f6r 3 personer att \u00e4ta och koppla av? D\u00e5 \u00e4r&#8230;<\/p>\n","protected":false},"featured_media":57893,"template":"","meta":[],"product_brand":[],"product_cat":[871,889,512],"product_tag":[],"class_list":{"0":"post-57902","1":"product","2":"type-product","3":"status-publish","4":"has-post-thumbnail","6":"product_cat-hus-hem","7":"product_cat-kok-matsal","8":"product_cat-matgrupper","10":"first","11":"instock","12":"sale","13":"taxable","14":"shipping-taxable","15":"purchasable","16":"product-type-simple"},"yoast_head":"<!-- This site is optimized with the Yoast SEO plugin v25.4 - https:\/\/yoast.com\/wordpress\/plugins\/seo\/ -->\n<title>TRUUSK Matgrupp 3-delad 2 Stolar 1 Bord - Hopf\u00e4llbar Bordsskiva 120x60x75 cm - St\u00e5l MDF - Naturvit - Idealisk f\u00f6r K\u00f6k &amp; Matsal - TRUUSK - Hem, Tr\u00e4dg\u00e5rd &amp; Fritid<\/title>\n<meta name=\"robots\" content=\"index, follow, max-snippet:-1, max-image-preview:large, max-video-preview:-1\" \/>\n<link rel=\"canonical\" href=\"https:\/\/truusk.store\/sv\/produkt\/truusk-matgrupp-3-delad-2-stolar-1-bord-hopfallbar-bordsskiva-120x60x75-cm-stal-mdf-naturvit-idealisk-for-kok-matsal\/\" \/>\n<meta property=\"og:locale\" content=\"sv_SE\" \/>\n<meta property=\"og:type\" content=\"article\" \/>\n<meta property=\"og:title\" content=\"TRUUSK Matgrupp 3-delad 2 Stolar 1 Bord - Hopf\u00e4llbar Bordsskiva 120x60x75 cm - St\u00e5l MDF - Naturvit - Idealisk f\u00f6r K\u00f6k &amp; Matsal - TRUUSK - Hem, Tr\u00e4dg\u00e5rd &amp; Fritid\" \/>\n<meta property=\"og:description\" content=\"S\u00f6ker du en flexibel boendel\u00f6sning som erbjuder tillr\u00e4ckligt med utrymme f\u00f6r 3 personer att \u00e4ta och koppla av? D\u00e5 \u00e4r...\" \/>\n<meta property=\"og:url\" content=\"https:\/\/truusk.store\/sv\/produkt\/truusk-matgrupp-3-delad-2-stolar-1-bord-hopfallbar-bordsskiva-120x60x75-cm-stal-mdf-naturvit-idealisk-for-kok-matsal\/\" \/>\n<meta property=\"og:site_name\" content=\"TRUUSK - Hem, Tr\u00e4dg\u00e5rd &amp; Fritid\" \/>\n<meta property=\"article:modified_time\" content=\"2026-03-12T08:13:24+00:00\" \/>\n<meta property=\"og:image\" content=\"https:\/\/i0.wp.com\/truusk.se\/wp-content\/uploads\/2025\/06\/3-delad-matgrupp-med-2-stolar-och-1-bord-hopfallbar-bordsskiva-120-x-60-x-75-cm-stal-mdf-naturvit-idealisk-for-kok-matsal-1.webp?fit=2000%2C2000&ssl=1\" \/>\n\t<meta property=\"og:image:width\" content=\"2000\" \/>\n\t<meta property=\"og:image:height\" content=\"2000\" \/>\n\t<meta property=\"og:image:type\" content=\"image\/webp\" \/>\n<meta name=\"twitter:card\" content=\"summary_large_image\" \/>\n<meta name=\"twitter:label1\" content=\"Ber\u00e4knad l\u00e4stid\" \/>\n\t<meta name=\"twitter:data1\" content=\"1 minut\" \/>\n<!-- \/ Yoast SEO plugin. -->","yoast_head_json":{"title":"TRUUSK Matgrupp 3-delad 2 Stolar 1 Bord - Hopf\u00e4llbar Bordsskiva 120x60x75 cm - St\u00e5l MDF - Naturvit - Idealisk f\u00f6r K\u00f6k &amp; Matsal - TRUUSK - Hem, Tr\u00e4dg\u00e5rd &amp; Fritid","robots":{"index":"index","follow":"follow","max-snippet":"max-snippet:-1","max-image-preview":"max-image-preview:large","max-video-preview":"max-video-preview:-1"},"canonical":"https:\/\/truusk.store\/sv\/produkt\/truusk-matgrupp-3-delad-2-stolar-1-bord-hopfallbar-bordsskiva-120x60x75-cm-stal-mdf-naturvit-idealisk-for-kok-matsal\/","og_locale":"sv_SE","og_type":"article","og_title":"TRUUSK Matgrupp 3-delad 2 Stolar 1 Bord - Hopf\u00e4llbar Bordsskiva 120x60x75 cm - St\u00e5l MDF - Naturvit - Idealisk f\u00f6r K\u00f6k &amp; Matsal - TRUUSK - Hem, Tr\u00e4dg\u00e5rd &amp; Fritid","og_description":"S\u00f6ker du en flexibel boendel\u00f6sning som erbjuder tillr\u00e4ckligt med utrymme f\u00f6r 3 personer att \u00e4ta och koppla av? D\u00e5 \u00e4r...","og_url":"https:\/\/truusk.store\/sv\/produkt\/truusk-matgrupp-3-delad-2-stolar-1-bord-hopfallbar-bordsskiva-120x60x75-cm-stal-mdf-naturvit-idealisk-for-kok-matsal\/","og_site_name":"TRUUSK - Hem, Tr\u00e4dg\u00e5rd &amp; Fritid","article_modified_time":"2026-03-12T08:13:24+00:00","og_image":[{"width":2000,"height":2000,"url":"https:\/\/i0.wp.com\/truusk.se\/wp-content\/uploads\/2025\/06\/3-delad-matgrupp-med-2-stolar-och-1-bord-hopfallbar-bordsskiva-120-x-60-x-75-cm-stal-mdf-naturvit-idealisk-for-kok-matsal-1.webp?fit=2000%2C2000&ssl=1","type":"image\/webp"}],"twitter_card":"summary_large_image","twitter_misc":{"Ber\u00e4knad l\u00e4stid":"1 minut"},"schema":{"@context":"https:\/\/schema.org","@graph":[{"@type":"WebPage","@id":"https:\/\/truusk.store\/sv\/produkt\/truusk-matgrupp-3-delad-2-stolar-1-bord-hopfallbar-bordsskiva-120x60x75-cm-stal-mdf-naturvit-idealisk-for-kok-matsal\/","url":"https:\/\/truusk.store\/sv\/produkt\/truusk-matgrupp-3-delad-2-stolar-1-bord-hopfallbar-bordsskiva-120x60x75-cm-stal-mdf-naturvit-idealisk-for-kok-matsal\/","name":"TRUUSK Matgrupp 3-delad 2 Stolar 1 Bord - Hopf\u00e4llbar Bordsskiva 120x60x75 cm - St\u00e5l MDF - Naturvit - Idealisk f\u00f6r K\u00f6k &amp; Matsal - TRUUSK - Hem, Tr\u00e4dg\u00e5rd &amp; Fritid","isPartOf":{"@id":"https:\/\/truusk.store\/sv\/#website"},"primaryImageOfPage":{"@id":"https:\/\/truusk.store\/sv\/produkt\/truusk-matgrupp-3-delad-2-stolar-1-bord-hopfallbar-bordsskiva-120x60x75-cm-stal-mdf-naturvit-idealisk-for-kok-matsal\/#primaryimage"},"image":{"@id":"https:\/\/truusk.store\/sv\/produkt\/truusk-matgrupp-3-delad-2-stolar-1-bord-hopfallbar-bordsskiva-120x60x75-cm-stal-mdf-naturvit-idealisk-for-kok-matsal\/#primaryimage"},"thumbnailUrl":"https:\/\/i0.wp.com\/truusk.store\/wp-content\/uploads\/2025\/06\/3-delad-matgrupp-med-2-stolar-och-1-bord-hopfallbar-bordsskiva-120-x-60-x-75-cm-stal-mdf-naturvit-idealisk-for-kok-matsal-1.webp?fit=2000%2C2000&ssl=1","datePublished":"2025-06-04T21:30:40+00:00","dateModified":"2026-03-12T08:13:24+00:00","breadcrumb":{"@id":"https:\/\/truusk.store\/sv\/produkt\/truusk-matgrupp-3-delad-2-stolar-1-bord-hopfallbar-bordsskiva-120x60x75-cm-stal-mdf-naturvit-idealisk-for-kok-matsal\/#breadcrumb"},"inLanguage":"sv-SE","potentialAction":[{"@type":"ReadAction","target":["https:\/\/truusk.store\/sv\/produkt\/truusk-matgrupp-3-delad-2-stolar-1-bord-hopfallbar-bordsskiva-120x60x75-cm-stal-mdf-naturvit-idealisk-for-kok-matsal\/"]}]},{"@type":"ImageObject","inLanguage":"sv-SE","@id":"https:\/\/truusk.store\/sv\/produkt\/truusk-matgrupp-3-delad-2-stolar-1-bord-hopfallbar-bordsskiva-120x60x75-cm-stal-mdf-naturvit-idealisk-for-kok-matsal\/#primaryimage","url":"https:\/\/i0.wp.com\/truusk.store\/wp-content\/uploads\/2025\/06\/3-delad-matgrupp-med-2-stolar-och-1-bord-hopfallbar-bordsskiva-120-x-60-x-75-cm-stal-mdf-naturvit-idealisk-for-kok-matsal-1.webp?fit=2000%2C2000&ssl=1","contentUrl":"https:\/\/i0.wp.com\/truusk.store\/wp-content\/uploads\/2025\/06\/3-delad-matgrupp-med-2-stolar-och-1-bord-hopfallbar-bordsskiva-120-x-60-x-75-cm-stal-mdf-naturvit-idealisk-for-kok-matsal-1.webp?fit=2000%2C2000&ssl=1","width":2000,"height":2000},{"@type":"BreadcrumbList","@id":"https:\/\/truusk.store\/sv\/produkt\/truusk-matgrupp-3-delad-2-stolar-1-bord-hopfallbar-bordsskiva-120x60x75-cm-stal-mdf-naturvit-idealisk-for-kok-matsal\/#breadcrumb","itemListElement":[{"@type":"ListItem","position":1,"name":"Home","item":"https:\/\/truusk.store\/sv\/"},{"@type":"ListItem","position":2,"name":"Shop","item":"https:\/\/truusk.store\/shop\/"},{"@type":"ListItem","position":3,"name":"TRUUSK Matgrupp 3-delad 2 Stolar 1 Bord &#8211; Hopf\u00e4llbar Bordsskiva 120x60x75 cm &#8211; St\u00e5l MDF &#8211; Naturvit &#8211; Idealisk f\u00f6r K\u00f6k &amp; Matsal"}]},{"@type":"WebSite","@id":"https:\/\/truusk.store\/sv\/#website","url":"https:\/\/truusk.store\/sv\/","name":"TRUUSK - Hem, Tr\u00e4dg\u00e5rd & Fritid","description":"","publisher":{"@id":"https:\/\/truusk.store\/sv\/#organization"},"potentialAction":[{"@type":"SearchAction","target":{"@type":"EntryPoint","urlTemplate":"https:\/\/truusk.store\/sv\/?s={search_term_string}"},"query-input":{"@type":"PropertyValueSpecification","valueRequired":true,"valueName":"search_term_string"}}],"inLanguage":"sv-SE"},{"@type":"Organization","@id":"https:\/\/truusk.store\/sv\/#organization","name":"TRUUSK - Hem, Tr\u00e4dg\u00e5rd & Fritid","url":"https:\/\/truusk.store\/sv\/","logo":{"@type":"ImageObject","inLanguage":"sv-SE","@id":"https:\/\/truusk.store\/sv\/#\/schema\/logo\/image\/","url":"https:\/\/i0.wp.com\/truusk.store\/wp-content\/uploads\/2026\/03\/cropped-TRUUSK.png?fit=2032%2C917&ssl=1","contentUrl":"https:\/\/i0.wp.com\/truusk.store\/wp-content\/uploads\/2026\/03\/cropped-TRUUSK.png?fit=2032%2C917&ssl=1","width":2032,"height":917,"caption":"TRUUSK - Hem, Tr\u00e4dg\u00e5rd & Fritid"},"image":{"@id":"https:\/\/truusk.store\/sv\/#\/schema\/logo\/image\/"}}]}},"jetpack_sharing_enabled":true,"_links":{"self":[{"href":"https:\/\/truusk.store\/sv\/wp-json\/wp\/v2\/product\/57902","targetHints":{"allow":["GET"]}}],"collection":[{"href":"https:\/\/truusk.store\/sv\/wp-json\/wp\/v2\/product"}],"about":[{"href":"https:\/\/truusk.store\/sv\/wp-json\/wp\/v2\/types\/product"}],"wp:featuredmedia":[{"embeddable":true,"href":"https:\/\/truusk.store\/sv\/wp-json\/wp\/v2\/media\/57893"}],"wp:attachment":[{"href":"https:\/\/truusk.store\/sv\/wp-json\/wp\/v2\/media?parent=57902"}],"wp:term":[{"taxonomy":"product_brand","embeddable":true,"href":"https:\/\/truusk.store\/sv\/wp-json\/wp\/v2\/product_brand?post=57902"},{"taxonomy":"product_cat","embeddable":true,"href":"https:\/\/truusk.store\/sv\/wp-json\/wp\/v2\/product_cat?post=57902"},{"taxonomy":"product_tag","embeddable":true,"href":"https:\/\/truusk.store\/sv\/wp-json\/wp\/v2\/product_tag?post=57902"}],"curies":[{"name":"wp","href":"https:\/\/api.w.org\/{rel}","templated":true}]}}