{"id":57952,"date":"2025-06-04T22:35:31","date_gmt":"2025-06-04T21:35:31","guid":{"rendered":"https:\/\/truusk.store\/product\/hundkoja-i-tra-smadjurshus-med-ventilationsoppningar-69-x-50-x-585-cm-hundhus-med-tak-inomhus-mdf-ek-svart\/"},"modified":"2026-03-12T09:14:32","modified_gmt":"2026-03-12T08:14:32","slug":"truusk-hundkoja-i-tra-smadjurshus-med-ventilationsoppningar-69-x-50-x-585-cm-hundhus-med-tak-inomhus-mdf-ek-svart","status":"publish","type":"product","link":"https:\/\/truusk.store\/sv\/produkt\/truusk-hundkoja-i-tra-smadjurshus-med-ventilationsoppningar-69-x-50-x-585-cm-hundhus-med-tak-inomhus-mdf-ek-svart\/","title":{"rendered":"TRUUSK Hundkoja i Tr\u00e4 &#8211; Sm\u00e5djurshus med Ventilations\u00f6ppningar &#8211; 69 x 50 x 58,5 cm &#8211; Hundhus med Tak &#8211; Inomhus MDF Ek Svart"},"content":{"rendered":"<p>Ge din \u00e4lskade fyrbenta v\u00e4n ett eget tak \u00f6ver huvudet, s\u00e5 att han alltid \u00e4r torr och bekv\u00e4m. Denna rymliga hundkoja fr\u00e5n TRUUSK ger din hund gott om utrymme att str\u00e4cka ut sig och slappa bekv\u00e4mt. Det robusta tr\u00e4huset \u00e4r v\u00e4derbest\u00e4ndigt och har s\u00f6ta \u00f6ppningar i form av hj\u00e4rtan, ben och tassar f\u00f6r att s\u00e4kerst\u00e4lla fri luftcirkulation. Bl\u00e4ddra i v\u00e5rt sortiment f\u00f6r att hitta en bekv\u00e4m hundb\u00e4dd f\u00f6r att full\u00e4nda komforten!<\/p>\n<p>Beskrivning:<\/p>\n<ul>\n<li> Rymlig hundkoja i charmig lantlig design<\/li>\n<li> Stor ing\u00e5ng g\u00f6r det enkelt att g\u00e5 in och ut<\/li>\n<li> S\u00f6ta ventilations\u00f6ppningar i form av solar, hj\u00e4rtan, ben och hundtassar<\/li>\n<li> Praktiskt golvavst\u00e5nd skyddar mot kyla och fukt<\/li>\n<li> L\u00e4mplig f\u00f6r hundar upp till 10 kg, med en kroppsl\u00e4ngd upp till 60 cm och en skulderh\u00f6jd under 30 cm<\/li>\n<li> Enkel montering<\/li>\n<\/ul>\n<p>Tekniska data:<\/p>\n<ul>\n<li> F\u00e4rg: Ek+Svart<\/li>\n<li> Material: MDF<\/li>\n<li> Totala m\u00e5tt: 69B x 50D x 58,5H cm<\/li>\n<li> Inre m\u00e5tt: 66B x 40D x 56\/44H (med\/utan takfot) cm<\/li>\n<li> Storlek p\u00e5 d\u00f6rr\u00f6ppning: 25B x 30H cm<\/li>\n<\/ul>\n<p>Leveransinneh\u00e5ll:<\/p>\n<ul>\n<li> 1 x Hundkoja<\/li>\n<li> 1 x Bruksanvisning<\/li>\n<\/ul>\n","protected":false},"excerpt":{"rendered":"<p>Ge din \u00e4lskade fyrbenta v\u00e4n ett eget tak \u00f6ver huvudet, s\u00e5 att han alltid \u00e4r torr och bekv\u00e4m. Denna rymliga&#8230;<\/p>\n","protected":false},"featured_media":57943,"template":"","meta":[],"product_brand":[],"product_cat":[878,584,574],"product_tag":[],"class_list":{"0":"post-57952","1":"product","2":"type-product","3":"status-publish","4":"has-post-thumbnail","6":"product_cat-djurbehov","7":"product_cat-hundkojor","8":"product_cat-hundtillbehor","10":"first","11":"instock","12":"sale","13":"taxable","14":"shipping-taxable","15":"purchasable","16":"product-type-simple"},"yoast_head":"<!-- This site is optimized with the Yoast SEO plugin v25.4 - https:\/\/yoast.com\/wordpress\/plugins\/seo\/ -->\n<title>TRUUSK Hundkoja i Tr\u00e4 - Sm\u00e5djurshus med Ventilations\u00f6ppningar - 69 x 50 x 58,5 cm - Hundhus med Tak - Inomhus MDF Ek Svart - TRUUSK - Hem, Tr\u00e4dg\u00e5rd &amp; Fritid<\/title>\n<meta name=\"robots\" content=\"index, follow, max-snippet:-1, max-image-preview:large, max-video-preview:-1\" \/>\n<link rel=\"canonical\" href=\"https:\/\/truusk.store\/sv\/produkt\/truusk-hundkoja-i-tra-smadjurshus-med-ventilationsoppningar-69-x-50-x-585-cm-hundhus-med-tak-inomhus-mdf-ek-svart\/\" \/>\n<meta property=\"og:locale\" content=\"sv_SE\" \/>\n<meta property=\"og:type\" content=\"article\" \/>\n<meta property=\"og:title\" content=\"TRUUSK Hundkoja i Tr\u00e4 - Sm\u00e5djurshus med Ventilations\u00f6ppningar - 69 x 50 x 58,5 cm - Hundhus med Tak - Inomhus MDF Ek Svart - TRUUSK - Hem, Tr\u00e4dg\u00e5rd &amp; Fritid\" \/>\n<meta property=\"og:description\" content=\"Ge din \u00e4lskade fyrbenta v\u00e4n ett eget tak \u00f6ver huvudet, s\u00e5 att han alltid \u00e4r torr och bekv\u00e4m. Denna rymliga...\" \/>\n<meta property=\"og:url\" content=\"https:\/\/truusk.store\/sv\/produkt\/truusk-hundkoja-i-tra-smadjurshus-med-ventilationsoppningar-69-x-50-x-585-cm-hundhus-med-tak-inomhus-mdf-ek-svart\/\" \/>\n<meta property=\"og:site_name\" content=\"TRUUSK - Hem, Tr\u00e4dg\u00e5rd &amp; Fritid\" \/>\n<meta property=\"article:modified_time\" content=\"2026-03-12T08:14:32+00:00\" \/>\n<meta property=\"og:image\" content=\"https:\/\/i0.wp.com\/truusk.se\/wp-content\/uploads\/2025\/06\/hundkoja-i-tra-smadjurshus-med-ventilationsoppningar-69-x-50-x-585-cm-hundhus-med-tak-inomhus-mdf-ek-svart-1.webp?fit=2000%2C2000&ssl=1\" \/>\n\t<meta property=\"og:image:width\" content=\"2000\" \/>\n\t<meta property=\"og:image:height\" content=\"2000\" \/>\n\t<meta property=\"og:image:type\" content=\"image\/webp\" \/>\n<meta name=\"twitter:card\" content=\"summary_large_image\" \/>\n<meta name=\"twitter:label1\" content=\"Ber\u00e4knad l\u00e4stid\" \/>\n\t<meta name=\"twitter:data1\" content=\"1 minut\" \/>\n<!-- \/ Yoast SEO plugin. -->","yoast_head_json":{"title":"TRUUSK Hundkoja i Tr\u00e4 - Sm\u00e5djurshus med Ventilations\u00f6ppningar - 69 x 50 x 58,5 cm - Hundhus med Tak - Inomhus MDF Ek Svart - TRUUSK - Hem, Tr\u00e4dg\u00e5rd &amp; Fritid","robots":{"index":"index","follow":"follow","max-snippet":"max-snippet:-1","max-image-preview":"max-image-preview:large","max-video-preview":"max-video-preview:-1"},"canonical":"https:\/\/truusk.store\/sv\/produkt\/truusk-hundkoja-i-tra-smadjurshus-med-ventilationsoppningar-69-x-50-x-585-cm-hundhus-med-tak-inomhus-mdf-ek-svart\/","og_locale":"sv_SE","og_type":"article","og_title":"TRUUSK Hundkoja i Tr\u00e4 - Sm\u00e5djurshus med Ventilations\u00f6ppningar - 69 x 50 x 58,5 cm - Hundhus med Tak - Inomhus MDF Ek Svart - TRUUSK - Hem, Tr\u00e4dg\u00e5rd &amp; Fritid","og_description":"Ge din \u00e4lskade fyrbenta v\u00e4n ett eget tak \u00f6ver huvudet, s\u00e5 att han alltid \u00e4r torr och bekv\u00e4m. Denna rymliga...","og_url":"https:\/\/truusk.store\/sv\/produkt\/truusk-hundkoja-i-tra-smadjurshus-med-ventilationsoppningar-69-x-50-x-585-cm-hundhus-med-tak-inomhus-mdf-ek-svart\/","og_site_name":"TRUUSK - Hem, Tr\u00e4dg\u00e5rd &amp; Fritid","article_modified_time":"2026-03-12T08:14:32+00:00","og_image":[{"width":2000,"height":2000,"url":"https:\/\/i0.wp.com\/truusk.se\/wp-content\/uploads\/2025\/06\/hundkoja-i-tra-smadjurshus-med-ventilationsoppningar-69-x-50-x-585-cm-hundhus-med-tak-inomhus-mdf-ek-svart-1.webp?fit=2000%2C2000&ssl=1","type":"image\/webp"}],"twitter_card":"summary_large_image","twitter_misc":{"Ber\u00e4knad l\u00e4stid":"1 minut"},"schema":{"@context":"https:\/\/schema.org","@graph":[{"@type":"WebPage","@id":"https:\/\/truusk.store\/sv\/produkt\/truusk-hundkoja-i-tra-smadjurshus-med-ventilationsoppningar-69-x-50-x-585-cm-hundhus-med-tak-inomhus-mdf-ek-svart\/","url":"https:\/\/truusk.store\/sv\/produkt\/truusk-hundkoja-i-tra-smadjurshus-med-ventilationsoppningar-69-x-50-x-585-cm-hundhus-med-tak-inomhus-mdf-ek-svart\/","name":"TRUUSK Hundkoja i Tr\u00e4 - Sm\u00e5djurshus med Ventilations\u00f6ppningar - 69 x 50 x 58,5 cm - Hundhus med Tak - Inomhus MDF Ek Svart - TRUUSK - Hem, Tr\u00e4dg\u00e5rd &amp; Fritid","isPartOf":{"@id":"https:\/\/truusk.store\/sv\/#website"},"primaryImageOfPage":{"@id":"https:\/\/truusk.store\/sv\/produkt\/truusk-hundkoja-i-tra-smadjurshus-med-ventilationsoppningar-69-x-50-x-585-cm-hundhus-med-tak-inomhus-mdf-ek-svart\/#primaryimage"},"image":{"@id":"https:\/\/truusk.store\/sv\/produkt\/truusk-hundkoja-i-tra-smadjurshus-med-ventilationsoppningar-69-x-50-x-585-cm-hundhus-med-tak-inomhus-mdf-ek-svart\/#primaryimage"},"thumbnailUrl":"https:\/\/i0.wp.com\/truusk.store\/wp-content\/uploads\/2025\/06\/hundkoja-i-tra-smadjurshus-med-ventilationsoppningar-69-x-50-x-585-cm-hundhus-med-tak-inomhus-mdf-ek-svart-1.webp?fit=2000%2C2000&ssl=1","datePublished":"2025-06-04T21:35:31+00:00","dateModified":"2026-03-12T08:14:32+00:00","breadcrumb":{"@id":"https:\/\/truusk.store\/sv\/produkt\/truusk-hundkoja-i-tra-smadjurshus-med-ventilationsoppningar-69-x-50-x-585-cm-hundhus-med-tak-inomhus-mdf-ek-svart\/#breadcrumb"},"inLanguage":"sv-SE","potentialAction":[{"@type":"ReadAction","target":["https:\/\/truusk.store\/sv\/produkt\/truusk-hundkoja-i-tra-smadjurshus-med-ventilationsoppningar-69-x-50-x-585-cm-hundhus-med-tak-inomhus-mdf-ek-svart\/"]}]},{"@type":"ImageObject","inLanguage":"sv-SE","@id":"https:\/\/truusk.store\/sv\/produkt\/truusk-hundkoja-i-tra-smadjurshus-med-ventilationsoppningar-69-x-50-x-585-cm-hundhus-med-tak-inomhus-mdf-ek-svart\/#primaryimage","url":"https:\/\/i0.wp.com\/truusk.store\/wp-content\/uploads\/2025\/06\/hundkoja-i-tra-smadjurshus-med-ventilationsoppningar-69-x-50-x-585-cm-hundhus-med-tak-inomhus-mdf-ek-svart-1.webp?fit=2000%2C2000&ssl=1","contentUrl":"https:\/\/i0.wp.com\/truusk.store\/wp-content\/uploads\/2025\/06\/hundkoja-i-tra-smadjurshus-med-ventilationsoppningar-69-x-50-x-585-cm-hundhus-med-tak-inomhus-mdf-ek-svart-1.webp?fit=2000%2C2000&ssl=1","width":2000,"height":2000},{"@type":"BreadcrumbList","@id":"https:\/\/truusk.store\/sv\/produkt\/truusk-hundkoja-i-tra-smadjurshus-med-ventilationsoppningar-69-x-50-x-585-cm-hundhus-med-tak-inomhus-mdf-ek-svart\/#breadcrumb","itemListElement":[{"@type":"ListItem","position":1,"name":"Home","item":"https:\/\/truusk.store\/sv\/"},{"@type":"ListItem","position":2,"name":"Shop","item":"https:\/\/truusk.store\/shop\/"},{"@type":"ListItem","position":3,"name":"TRUUSK Hundkoja i Tr\u00e4 &#8211; Sm\u00e5djurshus med Ventilations\u00f6ppningar &#8211; 69 x 50 x 58,5 cm &#8211; Hundhus med Tak &#8211; Inomhus MDF Ek Svart"}]},{"@type":"WebSite","@id":"https:\/\/truusk.store\/sv\/#website","url":"https:\/\/truusk.store\/sv\/","name":"TRUUSK - Hem, Tr\u00e4dg\u00e5rd & Fritid","description":"","publisher":{"@id":"https:\/\/truusk.store\/sv\/#organization"},"potentialAction":[{"@type":"SearchAction","target":{"@type":"EntryPoint","urlTemplate":"https:\/\/truusk.store\/sv\/?s={search_term_string}"},"query-input":{"@type":"PropertyValueSpecification","valueRequired":true,"valueName":"search_term_string"}}],"inLanguage":"sv-SE"},{"@type":"Organization","@id":"https:\/\/truusk.store\/sv\/#organization","name":"TRUUSK - Hem, Tr\u00e4dg\u00e5rd & Fritid","url":"https:\/\/truusk.store\/sv\/","logo":{"@type":"ImageObject","inLanguage":"sv-SE","@id":"https:\/\/truusk.store\/sv\/#\/schema\/logo\/image\/","url":"https:\/\/i0.wp.com\/truusk.store\/wp-content\/uploads\/2026\/03\/cropped-TRUUSK.png?fit=2032%2C917&ssl=1","contentUrl":"https:\/\/i0.wp.com\/truusk.store\/wp-content\/uploads\/2026\/03\/cropped-TRUUSK.png?fit=2032%2C917&ssl=1","width":2032,"height":917,"caption":"TRUUSK - Hem, Tr\u00e4dg\u00e5rd & Fritid"},"image":{"@id":"https:\/\/truusk.store\/sv\/#\/schema\/logo\/image\/"}}]}},"jetpack_sharing_enabled":true,"_links":{"self":[{"href":"https:\/\/truusk.store\/sv\/wp-json\/wp\/v2\/product\/57952","targetHints":{"allow":["GET"]}}],"collection":[{"href":"https:\/\/truusk.store\/sv\/wp-json\/wp\/v2\/product"}],"about":[{"href":"https:\/\/truusk.store\/sv\/wp-json\/wp\/v2\/types\/product"}],"wp:featuredmedia":[{"embeddable":true,"href":"https:\/\/truusk.store\/sv\/wp-json\/wp\/v2\/media\/57943"}],"wp:attachment":[{"href":"https:\/\/truusk.store\/sv\/wp-json\/wp\/v2\/media?parent=57952"}],"wp:term":[{"taxonomy":"product_brand","embeddable":true,"href":"https:\/\/truusk.store\/sv\/wp-json\/wp\/v2\/product_brand?post=57952"},{"taxonomy":"product_cat","embeddable":true,"href":"https:\/\/truusk.store\/sv\/wp-json\/wp\/v2\/product_cat?post=57952"},{"taxonomy":"product_tag","embeddable":true,"href":"https:\/\/truusk.store\/sv\/wp-json\/wp\/v2\/product_tag?post=57952"}],"curies":[{"name":"wp","href":"https:\/\/api.w.org\/{rel}","templated":true}]}}