{"id":57962,"date":"2025-06-04T22:36:39","date_gmt":"2025-06-04T21:36:39","guid":{"rendered":"https:\/\/truusk.store\/product\/massagestol-relaxstol-med-fotpall-360-roterbar-liggstol-med-liggfunktion-i-konstlader-73-x-83-x-106-cm-for-avkoppling\/"},"modified":"2026-03-12T09:14:21","modified_gmt":"2026-03-12T08:14:21","slug":"truusk-massagestol-med-fotpall-360-roterbar-liggfunktion-konstlader-avkoppling-73-x-83-x-106-cm","status":"publish","type":"product","link":"https:\/\/truusk.store\/sv\/produkt\/truusk-massagestol-med-fotpall-360-roterbar-liggfunktion-konstlader-avkoppling-73-x-83-x-106-cm\/","title":{"rendered":"TRUUSK Massagestol med Fotpall &#8211; 360\u00b0 Roterbar &#8211; Liggfunktion &#8211; Konstl\u00e4der &#8211; Avkoppling &#8211; 73 x 83 x 106 cm"},"content":{"rendered":"<p>Njut av en behaglig massage och l\u00f6s upp dina dagliga sp\u00e4nningar i denna TRUUSK massagestol med pall. Massagepunkterna finns p\u00e5 ryggen, nedre ryggen, l\u00e5ren och vaderna p\u00e5 TV-stolen. Med den praktiska relaxstolen kan du styra massagefunktionerna som du vill. Den mjuka konstl\u00e4derkl\u00e4dseln \u00e4r inte bara elegant, utan ocks\u00e5 s\u00e4rskilt l\u00e4tt att sk\u00f6ta. Lyft upp dina f\u00f6tter och luta ryggst\u00f6det f\u00f6r att avsluta dagen avslappnat.<\/p>\n<p>Beskrivning:<\/p>\n<ul>\n<li> 10-punkts vibrationsmassage, varav 2 punkter f\u00f6r rygg, sittplats och pall och 4 punkter f\u00f6r l\u00e4ndryggen<\/li>\n<li> Inklusive fj\u00e4rrkontroll med sidoficka f\u00f6r enkel f\u00f6rvaring<\/li>\n<li> Tv\u00e5 intensitetsniv\u00e5er och fem funktionsl\u00e4gen f\u00f6r massagestolen f\u00f6r olika typer av massage<\/li>\n<li> Lutningsjusterbart s\u00e4te och b\u00f6jda armst\u00f6d f\u00f6r b\u00e4ttre anpassning till din kropp<\/li>\n<li> Rund tr\u00e4bas med st\u00e5lram f\u00f6r relaxstolen f\u00f6r h\u00f6g stabilitet<\/li>\n<li> Tjock stoppning med roterande s\u00e4te och 110\u00b0 till 135\u00b0 fritt justerbart ryggst\u00f6d f\u00f6r optimal komfort och avkoppling<\/li>\n<li> Elegant konstl\u00e4derkl\u00e4dsel f\u00f6r massagestolen, som \u00e4r sl\u00e4t, mjuk och l\u00e4tt att sk\u00f6ta<\/li>\n<li> Montering kr\u00e4vs<\/li>\n<\/ul>\n<p>Tekniska data:<\/p>\n<ul>\n<li> F\u00e4rg: Svart<\/li>\n<li> Material: Konstl\u00e4der, st\u00e5l, eukalyptus, skum<\/li>\n<li> Totala m\u00e5tt: 73L x 83B x 106H cm<\/li>\n<li> M\u00e5tt fotpall: 43L x 47B x 46H cm<\/li>\n<li> Liggyta: 73L x 107B x 88H cm<\/li>\n<li> M\u00e5tt ryggst\u00f6d: 72L x 52B x 12T cm<\/li>\n<li> Sittm\u00e5tt: 51L x 50B x 48H cm<\/li>\n<li> Sitsdjup: 12 cm<\/li>\n<li> L\u00e4ngd n\u00e4tkabel: 1,8 m<\/li>\n<li> B\u00e4rkapacitet: 150 kg (stol), 100 kg (pall)<\/li>\n<\/ul>\n<p>Leveransinneh\u00e5ll:<\/p>\n<ul>\n<li> 1 x Massagestol<\/li>\n<li> 1 x Pall<\/li>\n<li> 1 x Handbok<\/li>\n<\/ul>\n","protected":false},"excerpt":{"rendered":"<p>Njut av en behaglig massage och l\u00f6s upp dina dagliga sp\u00e4nningar i denna TRUUSK massagestol med pall. Massagepunkterna finns p\u00e5&#8230;<\/p>\n","protected":false},"featured_media":57953,"template":"","meta":[],"product_brand":[],"product_cat":[521,871,912,910],"product_tag":[],"class_list":{"0":"post-57962","1":"product","2":"type-product","3":"status-publish","4":"has-post-thumbnail","6":"product_cat-fatolj","7":"product_cat-hus-hem","8":"product_cat-massagesessel","9":"product_cat-vardagsrum","11":"first","12":"instock","13":"sale","14":"taxable","15":"shipping-taxable","16":"purchasable","17":"product-type-simple"},"yoast_head":"<!-- This site is optimized with the Yoast SEO plugin v25.4 - https:\/\/yoast.com\/wordpress\/plugins\/seo\/ -->\n<title>TRUUSK Massagestol med Fotpall - 360\u00b0 Roterbar - Liggfunktion - Konstl\u00e4der - Avkoppling - 73 x 83 x 106 cm - TRUUSK - Hem, Tr\u00e4dg\u00e5rd &amp; Fritid<\/title>\n<meta name=\"robots\" content=\"index, follow, max-snippet:-1, max-image-preview:large, max-video-preview:-1\" \/>\n<link rel=\"canonical\" href=\"https:\/\/truusk.store\/sv\/produkt\/truusk-massagestol-med-fotpall-360-roterbar-liggfunktion-konstlader-avkoppling-73-x-83-x-106-cm\/\" \/>\n<meta property=\"og:locale\" content=\"sv_SE\" \/>\n<meta property=\"og:type\" content=\"article\" \/>\n<meta property=\"og:title\" content=\"TRUUSK Massagestol med Fotpall - 360\u00b0 Roterbar - Liggfunktion - Konstl\u00e4der - Avkoppling - 73 x 83 x 106 cm - TRUUSK - Hem, Tr\u00e4dg\u00e5rd &amp; Fritid\" \/>\n<meta property=\"og:description\" content=\"Njut av en behaglig massage och l\u00f6s upp dina dagliga sp\u00e4nningar i denna TRUUSK massagestol med pall. Massagepunkterna finns p\u00e5...\" \/>\n<meta property=\"og:url\" content=\"https:\/\/truusk.store\/sv\/produkt\/truusk-massagestol-med-fotpall-360-roterbar-liggfunktion-konstlader-avkoppling-73-x-83-x-106-cm\/\" \/>\n<meta property=\"og:site_name\" content=\"TRUUSK - Hem, Tr\u00e4dg\u00e5rd &amp; Fritid\" \/>\n<meta property=\"article:modified_time\" content=\"2026-03-12T08:14:21+00:00\" \/>\n<meta property=\"og:image\" content=\"https:\/\/i0.wp.com\/truusk.se\/wp-content\/uploads\/2025\/06\/massagestol-relaxstol-med-fotpall-360-roterbar-liggstol-med-liggfunktion-i-konstlader-73-x-83-x-106-cm-for-avkoppling-1.webp?fit=2000%2C2000&ssl=1\" \/>\n\t<meta property=\"og:image:width\" content=\"2000\" \/>\n\t<meta property=\"og:image:height\" content=\"2000\" \/>\n\t<meta property=\"og:image:type\" content=\"image\/webp\" \/>\n<meta name=\"twitter:card\" content=\"summary_large_image\" \/>\n<meta name=\"twitter:label1\" content=\"Ber\u00e4knad l\u00e4stid\" \/>\n\t<meta name=\"twitter:data1\" content=\"1 minut\" \/>\n<!-- \/ Yoast SEO plugin. -->","yoast_head_json":{"title":"TRUUSK Massagestol med Fotpall - 360\u00b0 Roterbar - Liggfunktion - Konstl\u00e4der - Avkoppling - 73 x 83 x 106 cm - TRUUSK - Hem, Tr\u00e4dg\u00e5rd &amp; Fritid","robots":{"index":"index","follow":"follow","max-snippet":"max-snippet:-1","max-image-preview":"max-image-preview:large","max-video-preview":"max-video-preview:-1"},"canonical":"https:\/\/truusk.store\/sv\/produkt\/truusk-massagestol-med-fotpall-360-roterbar-liggfunktion-konstlader-avkoppling-73-x-83-x-106-cm\/","og_locale":"sv_SE","og_type":"article","og_title":"TRUUSK Massagestol med Fotpall - 360\u00b0 Roterbar - Liggfunktion - Konstl\u00e4der - Avkoppling - 73 x 83 x 106 cm - TRUUSK - Hem, Tr\u00e4dg\u00e5rd &amp; Fritid","og_description":"Njut av en behaglig massage och l\u00f6s upp dina dagliga sp\u00e4nningar i denna TRUUSK massagestol med pall. Massagepunkterna finns p\u00e5...","og_url":"https:\/\/truusk.store\/sv\/produkt\/truusk-massagestol-med-fotpall-360-roterbar-liggfunktion-konstlader-avkoppling-73-x-83-x-106-cm\/","og_site_name":"TRUUSK - Hem, Tr\u00e4dg\u00e5rd &amp; Fritid","article_modified_time":"2026-03-12T08:14:21+00:00","og_image":[{"width":2000,"height":2000,"url":"https:\/\/i0.wp.com\/truusk.se\/wp-content\/uploads\/2025\/06\/massagestol-relaxstol-med-fotpall-360-roterbar-liggstol-med-liggfunktion-i-konstlader-73-x-83-x-106-cm-for-avkoppling-1.webp?fit=2000%2C2000&ssl=1","type":"image\/webp"}],"twitter_card":"summary_large_image","twitter_misc":{"Ber\u00e4knad l\u00e4stid":"1 minut"},"schema":{"@context":"https:\/\/schema.org","@graph":[{"@type":"WebPage","@id":"https:\/\/truusk.store\/sv\/produkt\/truusk-massagestol-med-fotpall-360-roterbar-liggfunktion-konstlader-avkoppling-73-x-83-x-106-cm\/","url":"https:\/\/truusk.store\/sv\/produkt\/truusk-massagestol-med-fotpall-360-roterbar-liggfunktion-konstlader-avkoppling-73-x-83-x-106-cm\/","name":"TRUUSK Massagestol med Fotpall - 360\u00b0 Roterbar - Liggfunktion - Konstl\u00e4der - Avkoppling - 73 x 83 x 106 cm - TRUUSK - Hem, Tr\u00e4dg\u00e5rd &amp; Fritid","isPartOf":{"@id":"https:\/\/truusk.store\/sv\/#website"},"primaryImageOfPage":{"@id":"https:\/\/truusk.store\/sv\/produkt\/truusk-massagestol-med-fotpall-360-roterbar-liggfunktion-konstlader-avkoppling-73-x-83-x-106-cm\/#primaryimage"},"image":{"@id":"https:\/\/truusk.store\/sv\/produkt\/truusk-massagestol-med-fotpall-360-roterbar-liggfunktion-konstlader-avkoppling-73-x-83-x-106-cm\/#primaryimage"},"thumbnailUrl":"https:\/\/i0.wp.com\/truusk.store\/wp-content\/uploads\/2025\/06\/massagestol-relaxstol-med-fotpall-360-roterbar-liggstol-med-liggfunktion-i-konstlader-73-x-83-x-106-cm-for-avkoppling-1.webp?fit=2000%2C2000&ssl=1","datePublished":"2025-06-04T21:36:39+00:00","dateModified":"2026-03-12T08:14:21+00:00","breadcrumb":{"@id":"https:\/\/truusk.store\/sv\/produkt\/truusk-massagestol-med-fotpall-360-roterbar-liggfunktion-konstlader-avkoppling-73-x-83-x-106-cm\/#breadcrumb"},"inLanguage":"sv-SE","potentialAction":[{"@type":"ReadAction","target":["https:\/\/truusk.store\/sv\/produkt\/truusk-massagestol-med-fotpall-360-roterbar-liggfunktion-konstlader-avkoppling-73-x-83-x-106-cm\/"]}]},{"@type":"ImageObject","inLanguage":"sv-SE","@id":"https:\/\/truusk.store\/sv\/produkt\/truusk-massagestol-med-fotpall-360-roterbar-liggfunktion-konstlader-avkoppling-73-x-83-x-106-cm\/#primaryimage","url":"https:\/\/i0.wp.com\/truusk.store\/wp-content\/uploads\/2025\/06\/massagestol-relaxstol-med-fotpall-360-roterbar-liggstol-med-liggfunktion-i-konstlader-73-x-83-x-106-cm-for-avkoppling-1.webp?fit=2000%2C2000&ssl=1","contentUrl":"https:\/\/i0.wp.com\/truusk.store\/wp-content\/uploads\/2025\/06\/massagestol-relaxstol-med-fotpall-360-roterbar-liggstol-med-liggfunktion-i-konstlader-73-x-83-x-106-cm-for-avkoppling-1.webp?fit=2000%2C2000&ssl=1","width":2000,"height":2000},{"@type":"BreadcrumbList","@id":"https:\/\/truusk.store\/sv\/produkt\/truusk-massagestol-med-fotpall-360-roterbar-liggfunktion-konstlader-avkoppling-73-x-83-x-106-cm\/#breadcrumb","itemListElement":[{"@type":"ListItem","position":1,"name":"Home","item":"https:\/\/truusk.store\/sv\/"},{"@type":"ListItem","position":2,"name":"Shop","item":"https:\/\/truusk.store\/shop\/"},{"@type":"ListItem","position":3,"name":"TRUUSK Massagestol med Fotpall &#8211; 360\u00b0 Roterbar &#8211; Liggfunktion &#8211; Konstl\u00e4der &#8211; Avkoppling &#8211; 73 x 83 x 106 cm"}]},{"@type":"WebSite","@id":"https:\/\/truusk.store\/sv\/#website","url":"https:\/\/truusk.store\/sv\/","name":"TRUUSK - Hem, Tr\u00e4dg\u00e5rd & Fritid","description":"","publisher":{"@id":"https:\/\/truusk.store\/sv\/#organization"},"potentialAction":[{"@type":"SearchAction","target":{"@type":"EntryPoint","urlTemplate":"https:\/\/truusk.store\/sv\/?s={search_term_string}"},"query-input":{"@type":"PropertyValueSpecification","valueRequired":true,"valueName":"search_term_string"}}],"inLanguage":"sv-SE"},{"@type":"Organization","@id":"https:\/\/truusk.store\/sv\/#organization","name":"TRUUSK - Hem, Tr\u00e4dg\u00e5rd & Fritid","url":"https:\/\/truusk.store\/sv\/","logo":{"@type":"ImageObject","inLanguage":"sv-SE","@id":"https:\/\/truusk.store\/sv\/#\/schema\/logo\/image\/","url":"https:\/\/i0.wp.com\/truusk.store\/wp-content\/uploads\/2026\/03\/cropped-TRUUSK.png?fit=2032%2C917&ssl=1","contentUrl":"https:\/\/i0.wp.com\/truusk.store\/wp-content\/uploads\/2026\/03\/cropped-TRUUSK.png?fit=2032%2C917&ssl=1","width":2032,"height":917,"caption":"TRUUSK - Hem, Tr\u00e4dg\u00e5rd & Fritid"},"image":{"@id":"https:\/\/truusk.store\/sv\/#\/schema\/logo\/image\/"}}]}},"jetpack_sharing_enabled":true,"_links":{"self":[{"href":"https:\/\/truusk.store\/sv\/wp-json\/wp\/v2\/product\/57962","targetHints":{"allow":["GET"]}}],"collection":[{"href":"https:\/\/truusk.store\/sv\/wp-json\/wp\/v2\/product"}],"about":[{"href":"https:\/\/truusk.store\/sv\/wp-json\/wp\/v2\/types\/product"}],"wp:featuredmedia":[{"embeddable":true,"href":"https:\/\/truusk.store\/sv\/wp-json\/wp\/v2\/media\/57953"}],"wp:attachment":[{"href":"https:\/\/truusk.store\/sv\/wp-json\/wp\/v2\/media?parent=57962"}],"wp:term":[{"taxonomy":"product_brand","embeddable":true,"href":"https:\/\/truusk.store\/sv\/wp-json\/wp\/v2\/product_brand?post=57962"},{"taxonomy":"product_cat","embeddable":true,"href":"https:\/\/truusk.store\/sv\/wp-json\/wp\/v2\/product_cat?post=57962"},{"taxonomy":"product_tag","embeddable":true,"href":"https:\/\/truusk.store\/sv\/wp-json\/wp\/v2\/product_tag?post=57962"}],"curies":[{"name":"wp","href":"https:\/\/api.w.org\/{rel}","templated":true}]}}