{"id":58012,"date":"2025-06-04T22:41:34","date_gmt":"2025-06-04T21:41:34","guid":{"rendered":"https:\/\/truusk.store\/product\/klostrad-80-cm-med-kattgrotta-i-getdesign-klattertrad-med-sisalrepstolpe-i-kramvitt-for-aktiva-katter\/"},"modified":"2026-03-12T09:16:06","modified_gmt":"2026-03-12T08:16:06","slug":"truusk-klostrad-80-cm-med-kattgrotta-i-getdesign-klattertrad-med-sisalrepstolpe-kramvitt-for-aktiva-katter","status":"publish","type":"product","link":"https:\/\/truusk.store\/sv\/produkt\/truusk-klostrad-80-cm-med-kattgrotta-i-getdesign-klattertrad-med-sisalrepstolpe-kramvitt-for-aktiva-katter\/","title":{"rendered":"TRUUSK Kl\u00f6str\u00e4d 80 cm med kattgrotta i getdesign &#8211; Kl\u00e4ttertr\u00e4d med sisalrepstolpe &#8211; Kr\u00e4mvitt &#8211; F\u00f6r aktiva katter"},"content":{"rendered":"<p>Detta kl\u00f6str\u00e4d fr\u00e5n TRUUSK inneh\u00e5ller kl\u00f6spelare och en kattgrotta i form av ett f\u00e5r f\u00f6r att frig\u00f6ra energi, koppla av eller tillfredsst\u00e4lla behovet av att kl\u00f6sa. Det s\u00f6ta f\u00e5rdesignet g\u00f6r detta kl\u00f6str\u00e4d till ett utm\u00e4rkt tillskott i ditt hem. Det robusta tr\u00e4materialet ger stabilitet och den mjuka tyget ger mycket komfort. Kl\u00f6str\u00e4den med sisalrep g\u00f6r det m\u00f6jligt f\u00f6r katterna att beh\u00e5lla sina klor skarpa och h\u00e4lsosamma och h\u00e5lla dem borta fr\u00e5n dina m\u00f6bler.<\/p>\n<p>Beskrivning:<\/p>\n<ul>\n<li> Det s\u00f6ta f\u00e5rdesignet g\u00f6r det till ett utm\u00e4rkt tillskott i ditt hem<\/li>\n<li> Sisalrepstolparna tillfredsst\u00e4ller din katts instinkt och skyddar dina m\u00f6bler fr\u00e5n repor<\/li>\n<li> Kattgrottan erbjuder en mysig plats att koppla av och vila<\/li>\n<li> Den medf\u00f6ljande kudden \u00e4r helt tv\u00e4ttbar och l\u00e4tt att reng\u00f6ra<\/li>\n<li> Tillverkad av tr\u00e4material f\u00f6r ett stabilt kl\u00f6str\u00e4d<\/li>\n<li> L\u00e4mplig f\u00f6r katter under 5 kg<\/li>\n<li> Montering kr\u00e4vs<\/li>\n<\/ul>\n<p> Tekniska data:<\/p>\n<ul>\n<li> F\u00e4rg: Kr\u00e4m vit<\/li>\n<li> Material: Sp\u00e5nskiva, plysch (100% polyester), sisal<\/li>\n<li> Totala m\u00e5tt: \u00d840 x 80H cm<\/li>\n<li> Basstorlek: \u00d840 cm<\/li>\n<li> Kattgrottans dimensioner: \u00d838 x 32,5H cm<\/li>\n<li> Storlek p\u00e5 \u00f6ppningen: \u00d817 cm<\/li>\n<li> Kuddens dimensioner: \u00d828 x 3H cm<\/li>\n<li> Stolpdiameter: 7,9 cm<\/li>\n<\/ul>\n<p> Leverans inneh\u00e5ller:<\/p>\n<ul>\n<li> 1 x Kl\u00f6str\u00e4d<\/li>\n<li> 1 x Instruktioner<\/li>\n<\/ul>\n","protected":false},"excerpt":{"rendered":"<p>Detta kl\u00f6str\u00e4d fr\u00e5n TRUUSK inneh\u00e5ller kl\u00f6spelare och en kattgrotta i form av ett f\u00e5r f\u00f6r att frig\u00f6ra energi, koppla av&#8230;<\/p>\n","protected":false},"featured_media":58003,"template":"","meta":[],"product_brand":[],"product_cat":[878,588,879],"product_tag":[],"class_list":{"0":"post-58012","1":"product","2":"type-product","3":"status-publish","4":"has-post-thumbnail","6":"product_cat-djurbehov","7":"product_cat-katttillbehor","8":"product_cat-klostrad","10":"first","11":"instock","12":"sale","13":"taxable","14":"shipping-taxable","15":"purchasable","16":"product-type-simple"},"yoast_head":"<!-- This site is optimized with the Yoast SEO plugin v25.4 - https:\/\/yoast.com\/wordpress\/plugins\/seo\/ -->\n<title>TRUUSK Kl\u00f6str\u00e4d 80 cm med kattgrotta i getdesign - Kl\u00e4ttertr\u00e4d med sisalrepstolpe - Kr\u00e4mvitt - F\u00f6r aktiva katter - TRUUSK - Hem, Tr\u00e4dg\u00e5rd &amp; Fritid<\/title>\n<meta name=\"robots\" content=\"index, follow, max-snippet:-1, max-image-preview:large, max-video-preview:-1\" \/>\n<link rel=\"canonical\" href=\"https:\/\/truusk.store\/sv\/produkt\/truusk-klostrad-80-cm-med-kattgrotta-i-getdesign-klattertrad-med-sisalrepstolpe-kramvitt-for-aktiva-katter\/\" \/>\n<meta property=\"og:locale\" content=\"sv_SE\" \/>\n<meta property=\"og:type\" content=\"article\" \/>\n<meta property=\"og:title\" content=\"TRUUSK Kl\u00f6str\u00e4d 80 cm med kattgrotta i getdesign - Kl\u00e4ttertr\u00e4d med sisalrepstolpe - Kr\u00e4mvitt - F\u00f6r aktiva katter - TRUUSK - Hem, Tr\u00e4dg\u00e5rd &amp; Fritid\" \/>\n<meta property=\"og:description\" content=\"Detta kl\u00f6str\u00e4d fr\u00e5n TRUUSK inneh\u00e5ller kl\u00f6spelare och en kattgrotta i form av ett f\u00e5r f\u00f6r att frig\u00f6ra energi, koppla av...\" \/>\n<meta property=\"og:url\" content=\"https:\/\/truusk.store\/sv\/produkt\/truusk-klostrad-80-cm-med-kattgrotta-i-getdesign-klattertrad-med-sisalrepstolpe-kramvitt-for-aktiva-katter\/\" \/>\n<meta property=\"og:site_name\" content=\"TRUUSK - Hem, Tr\u00e4dg\u00e5rd &amp; Fritid\" \/>\n<meta property=\"article:modified_time\" content=\"2026-03-12T08:16:06+00:00\" \/>\n<meta property=\"og:image\" content=\"https:\/\/i0.wp.com\/truusk.se\/wp-content\/uploads\/2025\/06\/klostrad-80-cm-med-kattgrotta-i-getdesign-klattertrad-med-sisalrepstolpe-i-kramvitt-for-aktiva-katter-1.webp?fit=2000%2C2000&ssl=1\" \/>\n\t<meta property=\"og:image:width\" content=\"2000\" \/>\n\t<meta property=\"og:image:height\" content=\"2000\" \/>\n\t<meta property=\"og:image:type\" content=\"image\/webp\" \/>\n<meta name=\"twitter:card\" content=\"summary_large_image\" \/>\n<meta name=\"twitter:label1\" content=\"Ber\u00e4knad l\u00e4stid\" \/>\n\t<meta name=\"twitter:data1\" content=\"1 minut\" \/>\n<!-- \/ Yoast SEO plugin. -->","yoast_head_json":{"title":"TRUUSK Kl\u00f6str\u00e4d 80 cm med kattgrotta i getdesign - Kl\u00e4ttertr\u00e4d med sisalrepstolpe - Kr\u00e4mvitt - F\u00f6r aktiva katter - TRUUSK - Hem, Tr\u00e4dg\u00e5rd &amp; Fritid","robots":{"index":"index","follow":"follow","max-snippet":"max-snippet:-1","max-image-preview":"max-image-preview:large","max-video-preview":"max-video-preview:-1"},"canonical":"https:\/\/truusk.store\/sv\/produkt\/truusk-klostrad-80-cm-med-kattgrotta-i-getdesign-klattertrad-med-sisalrepstolpe-kramvitt-for-aktiva-katter\/","og_locale":"sv_SE","og_type":"article","og_title":"TRUUSK Kl\u00f6str\u00e4d 80 cm med kattgrotta i getdesign - Kl\u00e4ttertr\u00e4d med sisalrepstolpe - Kr\u00e4mvitt - F\u00f6r aktiva katter - TRUUSK - Hem, Tr\u00e4dg\u00e5rd &amp; Fritid","og_description":"Detta kl\u00f6str\u00e4d fr\u00e5n TRUUSK inneh\u00e5ller kl\u00f6spelare och en kattgrotta i form av ett f\u00e5r f\u00f6r att frig\u00f6ra energi, koppla av...","og_url":"https:\/\/truusk.store\/sv\/produkt\/truusk-klostrad-80-cm-med-kattgrotta-i-getdesign-klattertrad-med-sisalrepstolpe-kramvitt-for-aktiva-katter\/","og_site_name":"TRUUSK - Hem, Tr\u00e4dg\u00e5rd &amp; Fritid","article_modified_time":"2026-03-12T08:16:06+00:00","og_image":[{"width":2000,"height":2000,"url":"https:\/\/i0.wp.com\/truusk.se\/wp-content\/uploads\/2025\/06\/klostrad-80-cm-med-kattgrotta-i-getdesign-klattertrad-med-sisalrepstolpe-i-kramvitt-for-aktiva-katter-1.webp?fit=2000%2C2000&ssl=1","type":"image\/webp"}],"twitter_card":"summary_large_image","twitter_misc":{"Ber\u00e4knad l\u00e4stid":"1 minut"},"schema":{"@context":"https:\/\/schema.org","@graph":[{"@type":"WebPage","@id":"https:\/\/truusk.store\/sv\/produkt\/truusk-klostrad-80-cm-med-kattgrotta-i-getdesign-klattertrad-med-sisalrepstolpe-kramvitt-for-aktiva-katter\/","url":"https:\/\/truusk.store\/sv\/produkt\/truusk-klostrad-80-cm-med-kattgrotta-i-getdesign-klattertrad-med-sisalrepstolpe-kramvitt-for-aktiva-katter\/","name":"TRUUSK Kl\u00f6str\u00e4d 80 cm med kattgrotta i getdesign - Kl\u00e4ttertr\u00e4d med sisalrepstolpe - Kr\u00e4mvitt - F\u00f6r aktiva katter - TRUUSK - Hem, Tr\u00e4dg\u00e5rd &amp; Fritid","isPartOf":{"@id":"https:\/\/truusk.store\/sv\/#website"},"primaryImageOfPage":{"@id":"https:\/\/truusk.store\/sv\/produkt\/truusk-klostrad-80-cm-med-kattgrotta-i-getdesign-klattertrad-med-sisalrepstolpe-kramvitt-for-aktiva-katter\/#primaryimage"},"image":{"@id":"https:\/\/truusk.store\/sv\/produkt\/truusk-klostrad-80-cm-med-kattgrotta-i-getdesign-klattertrad-med-sisalrepstolpe-kramvitt-for-aktiva-katter\/#primaryimage"},"thumbnailUrl":"https:\/\/i0.wp.com\/truusk.store\/wp-content\/uploads\/2025\/06\/klostrad-80-cm-med-kattgrotta-i-getdesign-klattertrad-med-sisalrepstolpe-i-kramvitt-for-aktiva-katter-1.webp?fit=2000%2C2000&ssl=1","datePublished":"2025-06-04T21:41:34+00:00","dateModified":"2026-03-12T08:16:06+00:00","breadcrumb":{"@id":"https:\/\/truusk.store\/sv\/produkt\/truusk-klostrad-80-cm-med-kattgrotta-i-getdesign-klattertrad-med-sisalrepstolpe-kramvitt-for-aktiva-katter\/#breadcrumb"},"inLanguage":"sv-SE","potentialAction":[{"@type":"ReadAction","target":["https:\/\/truusk.store\/sv\/produkt\/truusk-klostrad-80-cm-med-kattgrotta-i-getdesign-klattertrad-med-sisalrepstolpe-kramvitt-for-aktiva-katter\/"]}]},{"@type":"ImageObject","inLanguage":"sv-SE","@id":"https:\/\/truusk.store\/sv\/produkt\/truusk-klostrad-80-cm-med-kattgrotta-i-getdesign-klattertrad-med-sisalrepstolpe-kramvitt-for-aktiva-katter\/#primaryimage","url":"https:\/\/i0.wp.com\/truusk.store\/wp-content\/uploads\/2025\/06\/klostrad-80-cm-med-kattgrotta-i-getdesign-klattertrad-med-sisalrepstolpe-i-kramvitt-for-aktiva-katter-1.webp?fit=2000%2C2000&ssl=1","contentUrl":"https:\/\/i0.wp.com\/truusk.store\/wp-content\/uploads\/2025\/06\/klostrad-80-cm-med-kattgrotta-i-getdesign-klattertrad-med-sisalrepstolpe-i-kramvitt-for-aktiva-katter-1.webp?fit=2000%2C2000&ssl=1","width":2000,"height":2000},{"@type":"BreadcrumbList","@id":"https:\/\/truusk.store\/sv\/produkt\/truusk-klostrad-80-cm-med-kattgrotta-i-getdesign-klattertrad-med-sisalrepstolpe-kramvitt-for-aktiva-katter\/#breadcrumb","itemListElement":[{"@type":"ListItem","position":1,"name":"Home","item":"https:\/\/truusk.store\/sv\/"},{"@type":"ListItem","position":2,"name":"Shop","item":"https:\/\/truusk.store\/shop\/"},{"@type":"ListItem","position":3,"name":"TRUUSK Kl\u00f6str\u00e4d 80 cm med kattgrotta i getdesign &#8211; Kl\u00e4ttertr\u00e4d med sisalrepstolpe &#8211; Kr\u00e4mvitt &#8211; F\u00f6r aktiva katter"}]},{"@type":"WebSite","@id":"https:\/\/truusk.store\/sv\/#website","url":"https:\/\/truusk.store\/sv\/","name":"TRUUSK - Hem, Tr\u00e4dg\u00e5rd & Fritid","description":"","publisher":{"@id":"https:\/\/truusk.store\/sv\/#organization"},"potentialAction":[{"@type":"SearchAction","target":{"@type":"EntryPoint","urlTemplate":"https:\/\/truusk.store\/sv\/?s={search_term_string}"},"query-input":{"@type":"PropertyValueSpecification","valueRequired":true,"valueName":"search_term_string"}}],"inLanguage":"sv-SE"},{"@type":"Organization","@id":"https:\/\/truusk.store\/sv\/#organization","name":"TRUUSK - Hem, Tr\u00e4dg\u00e5rd & Fritid","url":"https:\/\/truusk.store\/sv\/","logo":{"@type":"ImageObject","inLanguage":"sv-SE","@id":"https:\/\/truusk.store\/sv\/#\/schema\/logo\/image\/","url":"https:\/\/i0.wp.com\/truusk.store\/wp-content\/uploads\/2026\/03\/cropped-TRUUSK.png?fit=2032%2C917&ssl=1","contentUrl":"https:\/\/i0.wp.com\/truusk.store\/wp-content\/uploads\/2026\/03\/cropped-TRUUSK.png?fit=2032%2C917&ssl=1","width":2032,"height":917,"caption":"TRUUSK - Hem, Tr\u00e4dg\u00e5rd & Fritid"},"image":{"@id":"https:\/\/truusk.store\/sv\/#\/schema\/logo\/image\/"}}]}},"jetpack_sharing_enabled":true,"_links":{"self":[{"href":"https:\/\/truusk.store\/sv\/wp-json\/wp\/v2\/product\/58012","targetHints":{"allow":["GET"]}}],"collection":[{"href":"https:\/\/truusk.store\/sv\/wp-json\/wp\/v2\/product"}],"about":[{"href":"https:\/\/truusk.store\/sv\/wp-json\/wp\/v2\/types\/product"}],"wp:featuredmedia":[{"embeddable":true,"href":"https:\/\/truusk.store\/sv\/wp-json\/wp\/v2\/media\/58003"}],"wp:attachment":[{"href":"https:\/\/truusk.store\/sv\/wp-json\/wp\/v2\/media?parent=58012"}],"wp:term":[{"taxonomy":"product_brand","embeddable":true,"href":"https:\/\/truusk.store\/sv\/wp-json\/wp\/v2\/product_brand?post=58012"},{"taxonomy":"product_cat","embeddable":true,"href":"https:\/\/truusk.store\/sv\/wp-json\/wp\/v2\/product_cat?post=58012"},{"taxonomy":"product_tag","embeddable":true,"href":"https:\/\/truusk.store\/sv\/wp-json\/wp\/v2\/product_tag?post=58012"}],"curies":[{"name":"wp","href":"https:\/\/api.w.org\/{rel}","templated":true}]}}