{"id":58022,"date":"2025-06-04T22:42:40","date_gmt":"2025-06-04T21:42:40","guid":{"rendered":"https:\/\/truusk.store\/product\/golvlampa-med-hylla-dubbelt-ljus-40w-e27-dragkedjebrytare-for-vardagsrum-sovrum\/"},"modified":"2026-03-12T09:08:30","modified_gmt":"2026-03-12T08:08:30","slug":"truusk-golvlampa-med-hylla-dubbelt-ljus-40w-e27-dragkedjebrytare-for-vardagsrum-sovrum","status":"publish","type":"product","link":"https:\/\/truusk.store\/sv\/produkt\/truusk-golvlampa-med-hylla-dubbelt-ljus-40w-e27-dragkedjebrytare-for-vardagsrum-sovrum\/","title":{"rendered":"TRUUSK Golvlampa med Hylla &amp; Dubbelt Ljus &#8211; 40W, E27, Dragkedjebrytare &#8211; F\u00f6r Vardagsrum &amp; Sovrum"},"content":{"rendered":"<p>God belysning \u00e4r A och O n\u00e4r det g\u00e4ller att lysa upp ditt hem, och TRUUSK hylla-golvlampan bidrar till att skapa en helt ny och sp\u00e4nnande st\u00e4mning. Denna golvlampa, som kombinerar stil och funktionalitet, best\u00e5r av en hylla och en \u00f6verliggande ljusk\u00e4lla. Hyllan sparar v\u00e4rdefullt utrymme p\u00e5 skrivbordet och skapar ordning. Den \u00f6verliggande ljusk\u00e4llan skyddas av en sk\u00e4rm som utstr\u00e5lar ett mjukt ljus f\u00f6r att skapa en inbjudande atmosf\u00e4r i ditt hem.<\/p>\n<p>Beskrivning:<\/p>\n<ul>\n<li> Lampsk\u00e4rm i modern design<\/li>\n<li> Tv\u00e5 hyllor ger plats f\u00f6r fj\u00e4rrkontroller, v\u00e4xter, aromaterapi, etc<\/li>\n<li> Tygsk\u00e4rmen med rynkning ger ett mjukt ljus<\/li>\n<li> Ger omgivningsljus f\u00f6r dekorativa \u00e4ndam\u00e5l<\/li>\n<li> En dragkedjestr\u00f6mbrytare f\u00f6r att sl\u00e5 p\u00e5 och av lampan<\/li>\n<li> Den l\u00e5nga str\u00f6mkabeln ut\u00f6kar anv\u00e4ndningsomr\u00e5det<\/li>\n<li> Stabil bas, s\u00e5 att dina husdjur eller ditt barn inte kan v\u00e4lta den<\/li>\n<li> L\u00e4mplig f\u00f6r E27 ljusk\u00e4llor: LED-lampor, halogenlampor, gl\u00f6dlampor etc. (Lampa ing\u00e5r inte)<\/li>\n<li> Enkel montering kr\u00e4vs<\/li>\n<\/ul>\n<p> Tekniska data:<\/p>\n<ul>\n<li> F\u00e4rg: Svart+Vit<\/li>\n<li> Material: MDF, PP, Terylen-Bomull<\/li>\n<li> Totala m\u00e5tt: 26L x 26B x 156H cm<\/li>\n<li> Storlek p\u00e5 lampsk\u00e4rmen: 26L x 26B x 35H cm<\/li>\n<li> Hyllans storlek: 26L x 26B x 39H cm<\/li>\n<li> L\u00e4ngd p\u00e5 n\u00e4tkabeln: 1,8 m<\/li>\n<li> Viktkapacitet: (varje hylla) 2 kg<\/li>\n<li> Bas E27 (Gl\u00f6dlampa ing\u00e5r inte)<\/li>\n<li> Gl\u00f6dlampans effekt: 40W<\/li>\n<li> Sp\u00e4nning: 220-240V\/50Hz<\/li>\n<\/ul>\n<p> Leveransinneh\u00e5ll:<\/p>\n<ul>\n<li> 1 x Golvlampa<\/li>\n<li> 1 x Instruktioner<\/li>\n<\/ul>\n","protected":false},"excerpt":{"rendered":"<p>God belysning \u00e4r A och O n\u00e4r det g\u00e4ller att lysa upp ditt hem, och TRUUSK hylla-golvlampan bidrar till att&#8230;<\/p>\n","protected":false},"featured_media":58013,"template":"","meta":[],"product_brand":[],"product_cat":[486,871,932],"product_tag":[],"class_list":{"0":"post-58022","1":"product","2":"type-product","3":"status-publish","4":"has-post-thumbnail","6":"product_cat-belysning","7":"product_cat-hus-hem","8":"product_cat-staende-lampor","10":"first","11":"instock","12":"sale","13":"taxable","14":"shipping-taxable","15":"purchasable","16":"product-type-simple"},"yoast_head":"<!-- This site is optimized with the Yoast SEO plugin v25.4 - https:\/\/yoast.com\/wordpress\/plugins\/seo\/ -->\n<title>TRUUSK Golvlampa med Hylla &amp; Dubbelt Ljus - 40W, E27, Dragkedjebrytare - F\u00f6r Vardagsrum &amp; Sovrum - TRUUSK - Hem, Tr\u00e4dg\u00e5rd &amp; Fritid<\/title>\n<meta name=\"robots\" content=\"index, follow, max-snippet:-1, max-image-preview:large, max-video-preview:-1\" \/>\n<link rel=\"canonical\" href=\"https:\/\/truusk.store\/sv\/produkt\/truusk-golvlampa-med-hylla-dubbelt-ljus-40w-e27-dragkedjebrytare-for-vardagsrum-sovrum\/\" \/>\n<meta property=\"og:locale\" content=\"sv_SE\" \/>\n<meta property=\"og:type\" content=\"article\" \/>\n<meta property=\"og:title\" content=\"TRUUSK Golvlampa med Hylla &amp; Dubbelt Ljus - 40W, E27, Dragkedjebrytare - F\u00f6r Vardagsrum &amp; Sovrum - TRUUSK - Hem, Tr\u00e4dg\u00e5rd &amp; Fritid\" \/>\n<meta property=\"og:description\" content=\"God belysning \u00e4r A och O n\u00e4r det g\u00e4ller att lysa upp ditt hem, och TRUUSK hylla-golvlampan bidrar till att...\" \/>\n<meta property=\"og:url\" content=\"https:\/\/truusk.store\/sv\/produkt\/truusk-golvlampa-med-hylla-dubbelt-ljus-40w-e27-dragkedjebrytare-for-vardagsrum-sovrum\/\" \/>\n<meta property=\"og:site_name\" content=\"TRUUSK - Hem, Tr\u00e4dg\u00e5rd &amp; Fritid\" \/>\n<meta property=\"article:modified_time\" content=\"2026-03-12T08:08:30+00:00\" \/>\n<meta property=\"og:image\" content=\"https:\/\/i0.wp.com\/truusk.se\/wp-content\/uploads\/2025\/06\/golvlampa-med-hylla-dubbelt-ljus-40w-e27-dragkedjebrytare-for-vardagsrum-sovrum-1.webp?fit=2000%2C2000&ssl=1\" \/>\n\t<meta property=\"og:image:width\" content=\"2000\" \/>\n\t<meta property=\"og:image:height\" content=\"2000\" \/>\n\t<meta property=\"og:image:type\" content=\"image\/webp\" \/>\n<meta name=\"twitter:card\" content=\"summary_large_image\" \/>\n<meta name=\"twitter:label1\" content=\"Ber\u00e4knad l\u00e4stid\" \/>\n\t<meta name=\"twitter:data1\" content=\"1 minut\" \/>\n<!-- \/ Yoast SEO plugin. -->","yoast_head_json":{"title":"TRUUSK Golvlampa med Hylla &amp; Dubbelt Ljus - 40W, E27, Dragkedjebrytare - F\u00f6r Vardagsrum &amp; Sovrum - TRUUSK - Hem, Tr\u00e4dg\u00e5rd &amp; Fritid","robots":{"index":"index","follow":"follow","max-snippet":"max-snippet:-1","max-image-preview":"max-image-preview:large","max-video-preview":"max-video-preview:-1"},"canonical":"https:\/\/truusk.store\/sv\/produkt\/truusk-golvlampa-med-hylla-dubbelt-ljus-40w-e27-dragkedjebrytare-for-vardagsrum-sovrum\/","og_locale":"sv_SE","og_type":"article","og_title":"TRUUSK Golvlampa med Hylla &amp; Dubbelt Ljus - 40W, E27, Dragkedjebrytare - F\u00f6r Vardagsrum &amp; Sovrum - TRUUSK - Hem, Tr\u00e4dg\u00e5rd &amp; Fritid","og_description":"God belysning \u00e4r A och O n\u00e4r det g\u00e4ller att lysa upp ditt hem, och TRUUSK hylla-golvlampan bidrar till att...","og_url":"https:\/\/truusk.store\/sv\/produkt\/truusk-golvlampa-med-hylla-dubbelt-ljus-40w-e27-dragkedjebrytare-for-vardagsrum-sovrum\/","og_site_name":"TRUUSK - Hem, Tr\u00e4dg\u00e5rd &amp; Fritid","article_modified_time":"2026-03-12T08:08:30+00:00","og_image":[{"width":2000,"height":2000,"url":"https:\/\/i0.wp.com\/truusk.se\/wp-content\/uploads\/2025\/06\/golvlampa-med-hylla-dubbelt-ljus-40w-e27-dragkedjebrytare-for-vardagsrum-sovrum-1.webp?fit=2000%2C2000&ssl=1","type":"image\/webp"}],"twitter_card":"summary_large_image","twitter_misc":{"Ber\u00e4knad l\u00e4stid":"1 minut"},"schema":{"@context":"https:\/\/schema.org","@graph":[{"@type":"WebPage","@id":"https:\/\/truusk.store\/sv\/produkt\/truusk-golvlampa-med-hylla-dubbelt-ljus-40w-e27-dragkedjebrytare-for-vardagsrum-sovrum\/","url":"https:\/\/truusk.store\/sv\/produkt\/truusk-golvlampa-med-hylla-dubbelt-ljus-40w-e27-dragkedjebrytare-for-vardagsrum-sovrum\/","name":"TRUUSK Golvlampa med Hylla &amp; Dubbelt Ljus - 40W, E27, Dragkedjebrytare - F\u00f6r Vardagsrum &amp; Sovrum - TRUUSK - Hem, Tr\u00e4dg\u00e5rd &amp; Fritid","isPartOf":{"@id":"https:\/\/truusk.store\/sv\/#website"},"primaryImageOfPage":{"@id":"https:\/\/truusk.store\/sv\/produkt\/truusk-golvlampa-med-hylla-dubbelt-ljus-40w-e27-dragkedjebrytare-for-vardagsrum-sovrum\/#primaryimage"},"image":{"@id":"https:\/\/truusk.store\/sv\/produkt\/truusk-golvlampa-med-hylla-dubbelt-ljus-40w-e27-dragkedjebrytare-for-vardagsrum-sovrum\/#primaryimage"},"thumbnailUrl":"https:\/\/i0.wp.com\/truusk.store\/wp-content\/uploads\/2025\/06\/golvlampa-med-hylla-dubbelt-ljus-40w-e27-dragkedjebrytare-for-vardagsrum-sovrum-1.webp?fit=2000%2C2000&ssl=1","datePublished":"2025-06-04T21:42:40+00:00","dateModified":"2026-03-12T08:08:30+00:00","breadcrumb":{"@id":"https:\/\/truusk.store\/sv\/produkt\/truusk-golvlampa-med-hylla-dubbelt-ljus-40w-e27-dragkedjebrytare-for-vardagsrum-sovrum\/#breadcrumb"},"inLanguage":"sv-SE","potentialAction":[{"@type":"ReadAction","target":["https:\/\/truusk.store\/sv\/produkt\/truusk-golvlampa-med-hylla-dubbelt-ljus-40w-e27-dragkedjebrytare-for-vardagsrum-sovrum\/"]}]},{"@type":"ImageObject","inLanguage":"sv-SE","@id":"https:\/\/truusk.store\/sv\/produkt\/truusk-golvlampa-med-hylla-dubbelt-ljus-40w-e27-dragkedjebrytare-for-vardagsrum-sovrum\/#primaryimage","url":"https:\/\/i0.wp.com\/truusk.store\/wp-content\/uploads\/2025\/06\/golvlampa-med-hylla-dubbelt-ljus-40w-e27-dragkedjebrytare-for-vardagsrum-sovrum-1.webp?fit=2000%2C2000&ssl=1","contentUrl":"https:\/\/i0.wp.com\/truusk.store\/wp-content\/uploads\/2025\/06\/golvlampa-med-hylla-dubbelt-ljus-40w-e27-dragkedjebrytare-for-vardagsrum-sovrum-1.webp?fit=2000%2C2000&ssl=1","width":2000,"height":2000},{"@type":"BreadcrumbList","@id":"https:\/\/truusk.store\/sv\/produkt\/truusk-golvlampa-med-hylla-dubbelt-ljus-40w-e27-dragkedjebrytare-for-vardagsrum-sovrum\/#breadcrumb","itemListElement":[{"@type":"ListItem","position":1,"name":"Home","item":"https:\/\/truusk.store\/sv\/"},{"@type":"ListItem","position":2,"name":"Shop","item":"https:\/\/truusk.store\/shop\/"},{"@type":"ListItem","position":3,"name":"TRUUSK Golvlampa med Hylla &amp; Dubbelt Ljus &#8211; 40W, E27, Dragkedjebrytare &#8211; F\u00f6r Vardagsrum &amp; Sovrum"}]},{"@type":"WebSite","@id":"https:\/\/truusk.store\/sv\/#website","url":"https:\/\/truusk.store\/sv\/","name":"TRUUSK - Hem, Tr\u00e4dg\u00e5rd & Fritid","description":"","publisher":{"@id":"https:\/\/truusk.store\/sv\/#organization"},"potentialAction":[{"@type":"SearchAction","target":{"@type":"EntryPoint","urlTemplate":"https:\/\/truusk.store\/sv\/?s={search_term_string}"},"query-input":{"@type":"PropertyValueSpecification","valueRequired":true,"valueName":"search_term_string"}}],"inLanguage":"sv-SE"},{"@type":"Organization","@id":"https:\/\/truusk.store\/sv\/#organization","name":"TRUUSK - Hem, Tr\u00e4dg\u00e5rd & Fritid","url":"https:\/\/truusk.store\/sv\/","logo":{"@type":"ImageObject","inLanguage":"sv-SE","@id":"https:\/\/truusk.store\/sv\/#\/schema\/logo\/image\/","url":"https:\/\/i0.wp.com\/truusk.store\/wp-content\/uploads\/2026\/03\/cropped-TRUUSK.png?fit=2032%2C917&ssl=1","contentUrl":"https:\/\/i0.wp.com\/truusk.store\/wp-content\/uploads\/2026\/03\/cropped-TRUUSK.png?fit=2032%2C917&ssl=1","width":2032,"height":917,"caption":"TRUUSK - Hem, Tr\u00e4dg\u00e5rd & Fritid"},"image":{"@id":"https:\/\/truusk.store\/sv\/#\/schema\/logo\/image\/"}}]}},"jetpack_sharing_enabled":true,"_links":{"self":[{"href":"https:\/\/truusk.store\/sv\/wp-json\/wp\/v2\/product\/58022","targetHints":{"allow":["GET"]}}],"collection":[{"href":"https:\/\/truusk.store\/sv\/wp-json\/wp\/v2\/product"}],"about":[{"href":"https:\/\/truusk.store\/sv\/wp-json\/wp\/v2\/types\/product"}],"wp:featuredmedia":[{"embeddable":true,"href":"https:\/\/truusk.store\/sv\/wp-json\/wp\/v2\/media\/58013"}],"wp:attachment":[{"href":"https:\/\/truusk.store\/sv\/wp-json\/wp\/v2\/media?parent=58022"}],"wp:term":[{"taxonomy":"product_brand","embeddable":true,"href":"https:\/\/truusk.store\/sv\/wp-json\/wp\/v2\/product_brand?post=58022"},{"taxonomy":"product_cat","embeddable":true,"href":"https:\/\/truusk.store\/sv\/wp-json\/wp\/v2\/product_cat?post=58022"},{"taxonomy":"product_tag","embeddable":true,"href":"https:\/\/truusk.store\/sv\/wp-json\/wp\/v2\/product_tag?post=58022"}],"curies":[{"name":"wp","href":"https:\/\/api.w.org\/{rel}","templated":true}]}}