{"id":58032,"date":"2025-06-04T22:43:41","date_gmt":"2025-06-04T21:43:41","guid":{"rendered":"https:\/\/truusk.store\/product\/minibackugn-15l-med-cirkulation-1000w-60-230c-1-tim-timer-pizzaugn-inkl-bakplat-smulbricka-kramvit\/"},"modified":"2026-03-12T09:17:29","modified_gmt":"2026-03-12T08:17:29","slug":"truusk-minibackugn-15l-cirkulation-1000w-60-230c-timer-pizzaugn-bakplat-smulbricka-kramvit","status":"publish","type":"product","link":"https:\/\/truusk.store\/sv\/produkt\/truusk-minibackugn-15l-cirkulation-1000w-60-230c-timer-pizzaugn-bakplat-smulbricka-kramvit\/","title":{"rendered":"TRUUSK Minibackugn 15L &#8211; Cirkulation 1000W &#8211; 60-230\u00b0C &#8211; Timer &#8211; Pizzaugn &#8211; Bakpl\u00e5t &#8211; Smulbricka &#8211; Kr\u00e4mvit"},"content":{"rendered":"<p>Vill du laga l\u00e4ckra matr\u00e4tter hemma f\u00f6r din familj? Varf\u00f6r v\u00e4ljer du d\u00e5 inte en miniugn fr\u00e5n TRUUSK? Tack vare den justerbara temperaturen, tillagningstiden och den stora effekten (1000W) kan du enkelt tillaga olika r\u00e4tter med den. 4 hyllor, 1 galler och 1 bakpl\u00e5t ing\u00e5r. Den stora kapaciteten p\u00e5 15 liter rymmer 4 skivor br\u00f6d eller en 10&#8221;pizza f\u00f6r hela familjen. Det integrerade smulbrickan g\u00f6r reng\u00f6ringen enkel. Tveka inte och ta den med dig hem!<\/p>\n<p>Beskrivning:<\/p>\n<ul>\n<li> 15 L kapacitet f\u00f6r 4 skivor br\u00f6d, 10&#8221;pizzor eller 6 kycklingvingar<\/li>\n<li> Temperaturen kan st\u00e4llas in fr\u00e5n 60\u00b0C-230 \u00b0C<\/li>\n<li> Tillagningstiden kan st\u00e4llas in fr\u00e5n 0 till 60 min.<\/li>\n<li> Utrustad med 1 x galler, 1 x bakpl\u00e5t och 1 x smulbricka, alla delar \u00e4r diskmaskinss\u00e4kra<\/li>\n<li> Ett glasf\u00f6nster g\u00f6r det m\u00f6jligt f\u00f6r dig att \u00f6vervaka din mat under tillagningen<\/li>\n<li> Gallret och bakpl\u00e5ten \u00e4r l\u00e4mpliga f\u00f6r tillagning av olika r\u00e4tter<\/li>\n<li> Den vackra designen och den kompakta storleken passar bra in i olika inredningsstilar<\/li>\n<\/ul>\n<p>Tekniska data:<\/p>\n<ul>\n<li> F\u00e4rg: Kr\u00e4mvit<\/li>\n<li> Material: J\u00e4rn, rostfritt st\u00e5l, h\u00e4rdat glas<\/li>\n<li> Totala m\u00e5tt: 25,5L x 27,5B x 32H cm<\/li>\n<li> Inre m\u00e5tt: 21L x 21,5B x 29,5H cm<\/li>\n<li> D\u00f6rrstorlek: 25L x 23,5B cm<\/li>\n<li> Storlek p\u00e5 bakpl\u00e5ten: 20,8L x 16,8B cm<\/li>\n<li> Tr\u00e5dgallrets storlek: 20,8L x 16,2B cm<\/li>\n<li> D\u00f6rr\u00f6ppningsvinkel: 90\u00b0<\/li>\n<li> Sp\u00e4nning: 230V, 50Hz<\/li>\n<li> Effekt: 1000W<\/li>\n<li> Kabell\u00e4ngd: 0,85 m<\/li>\n<\/ul>\n<p>Leveransinneh\u00e5ll:<\/p>\n<ul>\n<li> 1 x Miniugn<\/li>\n<li> 1 x Tr\u00e5dst\u00e4ll<\/li>\n<li> 1 x Bakpl\u00e5t<\/li>\n<li> 1 x Smulbricka<\/li>\n<li> 1 x Instruktioner<\/li>\n<\/ul>\n","protected":false},"excerpt":{"rendered":"<p>Vill du laga l\u00e4ckra matr\u00e4tter hemma f\u00f6r din familj? Varf\u00f6r v\u00e4ljer du d\u00e5 inte en miniugn fr\u00e5n TRUUSK? Tack vare&#8230;<\/p>\n","protected":false},"featured_media":58023,"template":"","meta":[],"product_brand":[],"product_cat":[871,498,933,934],"product_tag":[],"class_list":{"0":"post-58032","1":"product","2":"type-product","3":"status-publish","4":"has-post-thumbnail","6":"product_cat-hus-hem","7":"product_cat-hushallsapparater","8":"product_cat-koksapparater","9":"product_cat-minibackofen","11":"first","12":"instock","13":"sale","14":"taxable","15":"shipping-taxable","16":"purchasable","17":"product-type-simple"},"yoast_head":"<!-- This site is optimized with the Yoast SEO plugin v25.4 - https:\/\/yoast.com\/wordpress\/plugins\/seo\/ -->\n<title>TRUUSK Minibackugn 15L - Cirkulation 1000W - 60-230\u00b0C - Timer - Pizzaugn - Bakpl\u00e5t - Smulbricka - Kr\u00e4mvit - TRUUSK - Hem, Tr\u00e4dg\u00e5rd &amp; Fritid<\/title>\n<meta name=\"robots\" content=\"index, follow, max-snippet:-1, max-image-preview:large, max-video-preview:-1\" \/>\n<link rel=\"canonical\" href=\"https:\/\/truusk.store\/sv\/produkt\/truusk-minibackugn-15l-cirkulation-1000w-60-230c-timer-pizzaugn-bakplat-smulbricka-kramvit\/\" \/>\n<meta property=\"og:locale\" content=\"sv_SE\" \/>\n<meta property=\"og:type\" content=\"article\" \/>\n<meta property=\"og:title\" content=\"TRUUSK Minibackugn 15L - Cirkulation 1000W - 60-230\u00b0C - Timer - Pizzaugn - Bakpl\u00e5t - Smulbricka - Kr\u00e4mvit - TRUUSK - Hem, Tr\u00e4dg\u00e5rd &amp; Fritid\" \/>\n<meta property=\"og:description\" content=\"Vill du laga l\u00e4ckra matr\u00e4tter hemma f\u00f6r din familj? Varf\u00f6r v\u00e4ljer du d\u00e5 inte en miniugn fr\u00e5n TRUUSK? Tack vare...\" \/>\n<meta property=\"og:url\" content=\"https:\/\/truusk.store\/sv\/produkt\/truusk-minibackugn-15l-cirkulation-1000w-60-230c-timer-pizzaugn-bakplat-smulbricka-kramvit\/\" \/>\n<meta property=\"og:site_name\" content=\"TRUUSK - Hem, Tr\u00e4dg\u00e5rd &amp; Fritid\" \/>\n<meta property=\"article:modified_time\" content=\"2026-03-12T08:17:29+00:00\" \/>\n<meta property=\"og:image\" content=\"https:\/\/i0.wp.com\/truusk.se\/wp-content\/uploads\/2025\/06\/minibackugn-15l-med-cirkulation-1000w-60-230c-1-tim-timer-pizzaugn-inkl-bakplat-smulbricka-kramvit-1.webp?fit=2000%2C2000&ssl=1\" \/>\n\t<meta property=\"og:image:width\" content=\"2000\" \/>\n\t<meta property=\"og:image:height\" content=\"2000\" \/>\n\t<meta property=\"og:image:type\" content=\"image\/webp\" \/>\n<meta name=\"twitter:card\" content=\"summary_large_image\" \/>\n<meta name=\"twitter:label1\" content=\"Ber\u00e4knad l\u00e4stid\" \/>\n\t<meta name=\"twitter:data1\" content=\"1 minut\" \/>\n<!-- \/ Yoast SEO plugin. -->","yoast_head_json":{"title":"TRUUSK Minibackugn 15L - Cirkulation 1000W - 60-230\u00b0C - Timer - Pizzaugn - Bakpl\u00e5t - Smulbricka - Kr\u00e4mvit - TRUUSK - Hem, Tr\u00e4dg\u00e5rd &amp; Fritid","robots":{"index":"index","follow":"follow","max-snippet":"max-snippet:-1","max-image-preview":"max-image-preview:large","max-video-preview":"max-video-preview:-1"},"canonical":"https:\/\/truusk.store\/sv\/produkt\/truusk-minibackugn-15l-cirkulation-1000w-60-230c-timer-pizzaugn-bakplat-smulbricka-kramvit\/","og_locale":"sv_SE","og_type":"article","og_title":"TRUUSK Minibackugn 15L - Cirkulation 1000W - 60-230\u00b0C - Timer - Pizzaugn - Bakpl\u00e5t - Smulbricka - Kr\u00e4mvit - TRUUSK - Hem, Tr\u00e4dg\u00e5rd &amp; Fritid","og_description":"Vill du laga l\u00e4ckra matr\u00e4tter hemma f\u00f6r din familj? Varf\u00f6r v\u00e4ljer du d\u00e5 inte en miniugn fr\u00e5n TRUUSK? Tack vare...","og_url":"https:\/\/truusk.store\/sv\/produkt\/truusk-minibackugn-15l-cirkulation-1000w-60-230c-timer-pizzaugn-bakplat-smulbricka-kramvit\/","og_site_name":"TRUUSK - Hem, Tr\u00e4dg\u00e5rd &amp; Fritid","article_modified_time":"2026-03-12T08:17:29+00:00","og_image":[{"width":2000,"height":2000,"url":"https:\/\/i0.wp.com\/truusk.se\/wp-content\/uploads\/2025\/06\/minibackugn-15l-med-cirkulation-1000w-60-230c-1-tim-timer-pizzaugn-inkl-bakplat-smulbricka-kramvit-1.webp?fit=2000%2C2000&ssl=1","type":"image\/webp"}],"twitter_card":"summary_large_image","twitter_misc":{"Ber\u00e4knad l\u00e4stid":"1 minut"},"schema":{"@context":"https:\/\/schema.org","@graph":[{"@type":"WebPage","@id":"https:\/\/truusk.store\/sv\/produkt\/truusk-minibackugn-15l-cirkulation-1000w-60-230c-timer-pizzaugn-bakplat-smulbricka-kramvit\/","url":"https:\/\/truusk.store\/sv\/produkt\/truusk-minibackugn-15l-cirkulation-1000w-60-230c-timer-pizzaugn-bakplat-smulbricka-kramvit\/","name":"TRUUSK Minibackugn 15L - Cirkulation 1000W - 60-230\u00b0C - Timer - Pizzaugn - Bakpl\u00e5t - Smulbricka - Kr\u00e4mvit - TRUUSK - Hem, Tr\u00e4dg\u00e5rd &amp; Fritid","isPartOf":{"@id":"https:\/\/truusk.store\/sv\/#website"},"primaryImageOfPage":{"@id":"https:\/\/truusk.store\/sv\/produkt\/truusk-minibackugn-15l-cirkulation-1000w-60-230c-timer-pizzaugn-bakplat-smulbricka-kramvit\/#primaryimage"},"image":{"@id":"https:\/\/truusk.store\/sv\/produkt\/truusk-minibackugn-15l-cirkulation-1000w-60-230c-timer-pizzaugn-bakplat-smulbricka-kramvit\/#primaryimage"},"thumbnailUrl":"https:\/\/i0.wp.com\/truusk.store\/wp-content\/uploads\/2025\/06\/minibackugn-15l-med-cirkulation-1000w-60-230c-1-tim-timer-pizzaugn-inkl-bakplat-smulbricka-kramvit-1.webp?fit=2000%2C2000&ssl=1","datePublished":"2025-06-04T21:43:41+00:00","dateModified":"2026-03-12T08:17:29+00:00","breadcrumb":{"@id":"https:\/\/truusk.store\/sv\/produkt\/truusk-minibackugn-15l-cirkulation-1000w-60-230c-timer-pizzaugn-bakplat-smulbricka-kramvit\/#breadcrumb"},"inLanguage":"sv-SE","potentialAction":[{"@type":"ReadAction","target":["https:\/\/truusk.store\/sv\/produkt\/truusk-minibackugn-15l-cirkulation-1000w-60-230c-timer-pizzaugn-bakplat-smulbricka-kramvit\/"]}]},{"@type":"ImageObject","inLanguage":"sv-SE","@id":"https:\/\/truusk.store\/sv\/produkt\/truusk-minibackugn-15l-cirkulation-1000w-60-230c-timer-pizzaugn-bakplat-smulbricka-kramvit\/#primaryimage","url":"https:\/\/i0.wp.com\/truusk.store\/wp-content\/uploads\/2025\/06\/minibackugn-15l-med-cirkulation-1000w-60-230c-1-tim-timer-pizzaugn-inkl-bakplat-smulbricka-kramvit-1.webp?fit=2000%2C2000&ssl=1","contentUrl":"https:\/\/i0.wp.com\/truusk.store\/wp-content\/uploads\/2025\/06\/minibackugn-15l-med-cirkulation-1000w-60-230c-1-tim-timer-pizzaugn-inkl-bakplat-smulbricka-kramvit-1.webp?fit=2000%2C2000&ssl=1","width":2000,"height":2000},{"@type":"BreadcrumbList","@id":"https:\/\/truusk.store\/sv\/produkt\/truusk-minibackugn-15l-cirkulation-1000w-60-230c-timer-pizzaugn-bakplat-smulbricka-kramvit\/#breadcrumb","itemListElement":[{"@type":"ListItem","position":1,"name":"Home","item":"https:\/\/truusk.store\/sv\/"},{"@type":"ListItem","position":2,"name":"Shop","item":"https:\/\/truusk.store\/shop\/"},{"@type":"ListItem","position":3,"name":"TRUUSK Minibackugn 15L &#8211; Cirkulation 1000W &#8211; 60-230\u00b0C &#8211; Timer &#8211; Pizzaugn &#8211; Bakpl\u00e5t &#8211; Smulbricka &#8211; Kr\u00e4mvit"}]},{"@type":"WebSite","@id":"https:\/\/truusk.store\/sv\/#website","url":"https:\/\/truusk.store\/sv\/","name":"TRUUSK - Hem, Tr\u00e4dg\u00e5rd & Fritid","description":"","publisher":{"@id":"https:\/\/truusk.store\/sv\/#organization"},"potentialAction":[{"@type":"SearchAction","target":{"@type":"EntryPoint","urlTemplate":"https:\/\/truusk.store\/sv\/?s={search_term_string}"},"query-input":{"@type":"PropertyValueSpecification","valueRequired":true,"valueName":"search_term_string"}}],"inLanguage":"sv-SE"},{"@type":"Organization","@id":"https:\/\/truusk.store\/sv\/#organization","name":"TRUUSK - Hem, Tr\u00e4dg\u00e5rd & Fritid","url":"https:\/\/truusk.store\/sv\/","logo":{"@type":"ImageObject","inLanguage":"sv-SE","@id":"https:\/\/truusk.store\/sv\/#\/schema\/logo\/image\/","url":"https:\/\/i0.wp.com\/truusk.store\/wp-content\/uploads\/2026\/03\/cropped-TRUUSK.png?fit=2032%2C917&ssl=1","contentUrl":"https:\/\/i0.wp.com\/truusk.store\/wp-content\/uploads\/2026\/03\/cropped-TRUUSK.png?fit=2032%2C917&ssl=1","width":2032,"height":917,"caption":"TRUUSK - Hem, Tr\u00e4dg\u00e5rd & Fritid"},"image":{"@id":"https:\/\/truusk.store\/sv\/#\/schema\/logo\/image\/"}}]}},"jetpack_sharing_enabled":true,"_links":{"self":[{"href":"https:\/\/truusk.store\/sv\/wp-json\/wp\/v2\/product\/58032","targetHints":{"allow":["GET"]}}],"collection":[{"href":"https:\/\/truusk.store\/sv\/wp-json\/wp\/v2\/product"}],"about":[{"href":"https:\/\/truusk.store\/sv\/wp-json\/wp\/v2\/types\/product"}],"wp:featuredmedia":[{"embeddable":true,"href":"https:\/\/truusk.store\/sv\/wp-json\/wp\/v2\/media\/58023"}],"wp:attachment":[{"href":"https:\/\/truusk.store\/sv\/wp-json\/wp\/v2\/media?parent=58032"}],"wp:term":[{"taxonomy":"product_brand","embeddable":true,"href":"https:\/\/truusk.store\/sv\/wp-json\/wp\/v2\/product_brand?post=58032"},{"taxonomy":"product_cat","embeddable":true,"href":"https:\/\/truusk.store\/sv\/wp-json\/wp\/v2\/product_cat?post=58032"},{"taxonomy":"product_tag","embeddable":true,"href":"https:\/\/truusk.store\/sv\/wp-json\/wp\/v2\/product_tag?post=58032"}],"curies":[{"name":"wp","href":"https:\/\/api.w.org\/{rel}","templated":true}]}}