{"id":58052,"date":"2025-06-04T22:45:43","date_gmt":"2025-06-04T21:45:43","guid":{"rendered":"https:\/\/truusk.store\/product\/pergola-297-x-295-m-vattentat-paviljong-med-soltak-sidodelar-terrasstak-polyester-morkgra\/"},"modified":"2026-03-12T09:16:36","modified_gmt":"2026-03-12T08:16:36","slug":"truusk-pergola-297-x-295-m-vattentat-soltak-sidodelar-terrasstak-polyester-morkgra","status":"publish","type":"product","link":"https:\/\/truusk.store\/sv\/produkt\/truusk-pergola-297-x-295-m-vattentat-soltak-sidodelar-terrasstak-polyester-morkgra\/","title":{"rendered":"TRUUSK Pergola 2,97 X 2,95 M &#8211; Vattent\u00e4t &#8211; Soltak &#8211; Sidodelar &#8211; Terrasstak &#8211; Polyester &#8211; M\u00f6rkgr\u00e5"},"content":{"rendered":"<p>Med denna nedf\u00e4llbara pergola fr\u00e5n TRUUSK f\u00e5r du en terrasst\u00e4ckning som du kan justera efter behov. Du kan njuta av solstr\u00e5larna eller koppla av i skuggan. Skapa en mysig plats utomhus d\u00e4r du kan k\u00e4nna vinden i ditt h\u00e5r och den milda solen p\u00e5 din hud. En plats d\u00e4r du kan njuta av skuggan medan du dricker en kall dryck p\u00e5 en varm dag. Den robusta metallkonstruktionen p\u00e5 terrasstaket \u00e4r robust och h\u00e5llbar. Ut\u00f6ka din tr\u00e4dg\u00e5rd med denna praktiska pergola och njut fullt ut av ditt utomhust\u00e4ck.<\/p>\n<p>Beskrivning:<\/p>\n<ul>\n<li> 2,97 m x 2,95 m pergola med inf\u00e4llbart tak, f\u00f6r ett rymligt och bekv\u00e4mt skydd<\/li>\n<li> Pulverlackerad metallram, robust och rostfri<\/li>\n<li> Polyester baldakin med PA-bel\u00e4ggning, ger skugga p\u00e5 soliga dagar<\/li>\n<li> \u00d6vre terrasstaket kan flyttas f\u00f6r att sl\u00e4ppa in solljus eller beh\u00e5lla den skuggade ytan<\/li>\n<li> 8 expanderbultar och 16 markspikar f\u00f6r carporten f\u00f6r extra stabilitet ing\u00e5r<\/li>\n<li> L\u00e4mplig terrasst\u00e4ckning f\u00f6r bakg\u00e5rd, tr\u00e4dg\u00e5rd, gr\u00e4smatta och andra utomhusplatser<\/li>\n<li> Montering kr\u00e4vs<\/li>\n<\/ul>\n<p> Tekniska data:<\/p>\n<ul>\n<li> F\u00e4rg: M\u00f6rkgr\u00e5<\/li>\n<li> Material: St\u00e5l, aluminium, polyester<\/li>\n<li> Totala m\u00e5tt: 2,97L x 2,95B x 1,95-2,3H m<\/li>\n<li> Kolonnavst\u00e5nd: 2,64L x 2,47B m<\/li>\n<li> Kolonnstorlek: 60L x 60B cm<\/li>\n<li> OBS: Rekommenderas inte f\u00f6r anv\u00e4ndning under extrema v\u00e4derf\u00f6rh\u00e5llanden<\/li>\n<\/ul>\n<p>Leveransinneh\u00e5ll:<\/p>\n<ul>\n<li> 1 x Pergola<\/li>\n<li> 16 x Markspikar<\/li>\n<li> 8 x Expansionsbultar<\/li>\n<li> 1 x Instruktioner<\/li>\n<li>Viktigt: Vi levererar artikeln kostnadsfritt till trottoarkanten. Var v\u00e4nlig och se till att adressen och telefonnumret \u00e4r korrekt..<\/li>\n<\/ul>\n","protected":false},"excerpt":{"rendered":"<p>Med denna nedf\u00e4llbara pergola fr\u00e5n TRUUSK f\u00e5r du en terrasst\u00e4ckning som du kan justera efter behov. Du kan njuta av&#8230;<\/p>\n","protected":false},"featured_media":58043,"template":"","meta":[],"product_brand":[],"product_cat":[478,858,476],"product_tag":[],"class_list":{"0":"post-58052","1":"product","2":"type-product","3":"status-publish","4":"has-post-thumbnail","6":"product_cat-pergola","7":"product_cat-tradgard-terrass","8":"product_cat-tradgardspaviljonger","10":"first","11":"instock","12":"sale","13":"taxable","14":"shipping-taxable","15":"purchasable","16":"product-type-simple"},"yoast_head":"<!-- This site is optimized with the Yoast SEO plugin v25.4 - https:\/\/yoast.com\/wordpress\/plugins\/seo\/ -->\n<title>TRUUSK Pergola 2,97 X 2,95 M - Vattent\u00e4t - Soltak - Sidodelar - Terrasstak - Polyester - M\u00f6rkgr\u00e5 - TRUUSK - Hem, Tr\u00e4dg\u00e5rd &amp; Fritid<\/title>\n<meta name=\"robots\" content=\"index, follow, max-snippet:-1, max-image-preview:large, max-video-preview:-1\" \/>\n<link rel=\"canonical\" href=\"https:\/\/truusk.store\/sv\/produkt\/truusk-pergola-297-x-295-m-vattentat-soltak-sidodelar-terrasstak-polyester-morkgra\/\" \/>\n<meta property=\"og:locale\" content=\"sv_SE\" \/>\n<meta property=\"og:type\" content=\"article\" \/>\n<meta property=\"og:title\" content=\"TRUUSK Pergola 2,97 X 2,95 M - Vattent\u00e4t - Soltak - Sidodelar - Terrasstak - Polyester - M\u00f6rkgr\u00e5 - TRUUSK - Hem, Tr\u00e4dg\u00e5rd &amp; Fritid\" \/>\n<meta property=\"og:description\" content=\"Med denna nedf\u00e4llbara pergola fr\u00e5n TRUUSK f\u00e5r du en terrasst\u00e4ckning som du kan justera efter behov. Du kan njuta av...\" \/>\n<meta property=\"og:url\" content=\"https:\/\/truusk.store\/sv\/produkt\/truusk-pergola-297-x-295-m-vattentat-soltak-sidodelar-terrasstak-polyester-morkgra\/\" \/>\n<meta property=\"og:site_name\" content=\"TRUUSK - Hem, Tr\u00e4dg\u00e5rd &amp; Fritid\" \/>\n<meta property=\"article:modified_time\" content=\"2026-03-12T08:16:36+00:00\" \/>\n<meta property=\"og:image\" content=\"https:\/\/i0.wp.com\/truusk.se\/wp-content\/uploads\/2025\/06\/pergola-297-x-295-m-vattentat-paviljong-med-soltak-sidodelar-terrasstak-polyester-morkgra-1.webp?fit=2500%2C2500&ssl=1\" \/>\n\t<meta property=\"og:image:width\" content=\"2500\" \/>\n\t<meta property=\"og:image:height\" content=\"2500\" \/>\n\t<meta property=\"og:image:type\" content=\"image\/webp\" \/>\n<meta name=\"twitter:card\" content=\"summary_large_image\" \/>\n<meta name=\"twitter:label1\" content=\"Ber\u00e4knad l\u00e4stid\" \/>\n\t<meta name=\"twitter:data1\" content=\"1 minut\" \/>\n<!-- \/ Yoast SEO plugin. -->","yoast_head_json":{"title":"TRUUSK Pergola 2,97 X 2,95 M - Vattent\u00e4t - Soltak - Sidodelar - Terrasstak - Polyester - M\u00f6rkgr\u00e5 - TRUUSK - Hem, Tr\u00e4dg\u00e5rd &amp; Fritid","robots":{"index":"index","follow":"follow","max-snippet":"max-snippet:-1","max-image-preview":"max-image-preview:large","max-video-preview":"max-video-preview:-1"},"canonical":"https:\/\/truusk.store\/sv\/produkt\/truusk-pergola-297-x-295-m-vattentat-soltak-sidodelar-terrasstak-polyester-morkgra\/","og_locale":"sv_SE","og_type":"article","og_title":"TRUUSK Pergola 2,97 X 2,95 M - Vattent\u00e4t - Soltak - Sidodelar - Terrasstak - Polyester - M\u00f6rkgr\u00e5 - TRUUSK - Hem, Tr\u00e4dg\u00e5rd &amp; Fritid","og_description":"Med denna nedf\u00e4llbara pergola fr\u00e5n TRUUSK f\u00e5r du en terrasst\u00e4ckning som du kan justera efter behov. Du kan njuta av...","og_url":"https:\/\/truusk.store\/sv\/produkt\/truusk-pergola-297-x-295-m-vattentat-soltak-sidodelar-terrasstak-polyester-morkgra\/","og_site_name":"TRUUSK - Hem, Tr\u00e4dg\u00e5rd &amp; Fritid","article_modified_time":"2026-03-12T08:16:36+00:00","og_image":[{"width":2500,"height":2500,"url":"https:\/\/i0.wp.com\/truusk.se\/wp-content\/uploads\/2025\/06\/pergola-297-x-295-m-vattentat-paviljong-med-soltak-sidodelar-terrasstak-polyester-morkgra-1.webp?fit=2500%2C2500&ssl=1","type":"image\/webp"}],"twitter_card":"summary_large_image","twitter_misc":{"Ber\u00e4knad l\u00e4stid":"1 minut"},"schema":{"@context":"https:\/\/schema.org","@graph":[{"@type":"WebPage","@id":"https:\/\/truusk.store\/sv\/produkt\/truusk-pergola-297-x-295-m-vattentat-soltak-sidodelar-terrasstak-polyester-morkgra\/","url":"https:\/\/truusk.store\/sv\/produkt\/truusk-pergola-297-x-295-m-vattentat-soltak-sidodelar-terrasstak-polyester-morkgra\/","name":"TRUUSK Pergola 2,97 X 2,95 M - Vattent\u00e4t - Soltak - Sidodelar - Terrasstak - Polyester - M\u00f6rkgr\u00e5 - TRUUSK - Hem, Tr\u00e4dg\u00e5rd &amp; Fritid","isPartOf":{"@id":"https:\/\/truusk.store\/sv\/#website"},"primaryImageOfPage":{"@id":"https:\/\/truusk.store\/sv\/produkt\/truusk-pergola-297-x-295-m-vattentat-soltak-sidodelar-terrasstak-polyester-morkgra\/#primaryimage"},"image":{"@id":"https:\/\/truusk.store\/sv\/produkt\/truusk-pergola-297-x-295-m-vattentat-soltak-sidodelar-terrasstak-polyester-morkgra\/#primaryimage"},"thumbnailUrl":"https:\/\/i0.wp.com\/truusk.store\/wp-content\/uploads\/2025\/06\/pergola-297-x-295-m-vattentat-paviljong-med-soltak-sidodelar-terrasstak-polyester-morkgra-1.webp?fit=2500%2C2500&ssl=1","datePublished":"2025-06-04T21:45:43+00:00","dateModified":"2026-03-12T08:16:36+00:00","breadcrumb":{"@id":"https:\/\/truusk.store\/sv\/produkt\/truusk-pergola-297-x-295-m-vattentat-soltak-sidodelar-terrasstak-polyester-morkgra\/#breadcrumb"},"inLanguage":"sv-SE","potentialAction":[{"@type":"ReadAction","target":["https:\/\/truusk.store\/sv\/produkt\/truusk-pergola-297-x-295-m-vattentat-soltak-sidodelar-terrasstak-polyester-morkgra\/"]}]},{"@type":"ImageObject","inLanguage":"sv-SE","@id":"https:\/\/truusk.store\/sv\/produkt\/truusk-pergola-297-x-295-m-vattentat-soltak-sidodelar-terrasstak-polyester-morkgra\/#primaryimage","url":"https:\/\/i0.wp.com\/truusk.store\/wp-content\/uploads\/2025\/06\/pergola-297-x-295-m-vattentat-paviljong-med-soltak-sidodelar-terrasstak-polyester-morkgra-1.webp?fit=2500%2C2500&ssl=1","contentUrl":"https:\/\/i0.wp.com\/truusk.store\/wp-content\/uploads\/2025\/06\/pergola-297-x-295-m-vattentat-paviljong-med-soltak-sidodelar-terrasstak-polyester-morkgra-1.webp?fit=2500%2C2500&ssl=1","width":2500,"height":2500},{"@type":"BreadcrumbList","@id":"https:\/\/truusk.store\/sv\/produkt\/truusk-pergola-297-x-295-m-vattentat-soltak-sidodelar-terrasstak-polyester-morkgra\/#breadcrumb","itemListElement":[{"@type":"ListItem","position":1,"name":"Home","item":"https:\/\/truusk.store\/sv\/"},{"@type":"ListItem","position":2,"name":"Shop","item":"https:\/\/truusk.store\/shop\/"},{"@type":"ListItem","position":3,"name":"TRUUSK Pergola 2,97 X 2,95 M &#8211; Vattent\u00e4t &#8211; Soltak &#8211; Sidodelar &#8211; Terrasstak &#8211; Polyester &#8211; M\u00f6rkgr\u00e5"}]},{"@type":"WebSite","@id":"https:\/\/truusk.store\/sv\/#website","url":"https:\/\/truusk.store\/sv\/","name":"TRUUSK - Hem, Tr\u00e4dg\u00e5rd & Fritid","description":"","publisher":{"@id":"https:\/\/truusk.store\/sv\/#organization"},"potentialAction":[{"@type":"SearchAction","target":{"@type":"EntryPoint","urlTemplate":"https:\/\/truusk.store\/sv\/?s={search_term_string}"},"query-input":{"@type":"PropertyValueSpecification","valueRequired":true,"valueName":"search_term_string"}}],"inLanguage":"sv-SE"},{"@type":"Organization","@id":"https:\/\/truusk.store\/sv\/#organization","name":"TRUUSK - Hem, Tr\u00e4dg\u00e5rd & Fritid","url":"https:\/\/truusk.store\/sv\/","logo":{"@type":"ImageObject","inLanguage":"sv-SE","@id":"https:\/\/truusk.store\/sv\/#\/schema\/logo\/image\/","url":"https:\/\/i0.wp.com\/truusk.store\/wp-content\/uploads\/2026\/03\/cropped-TRUUSK.png?fit=2032%2C917&ssl=1","contentUrl":"https:\/\/i0.wp.com\/truusk.store\/wp-content\/uploads\/2026\/03\/cropped-TRUUSK.png?fit=2032%2C917&ssl=1","width":2032,"height":917,"caption":"TRUUSK - Hem, Tr\u00e4dg\u00e5rd & Fritid"},"image":{"@id":"https:\/\/truusk.store\/sv\/#\/schema\/logo\/image\/"}}]}},"jetpack_sharing_enabled":true,"_links":{"self":[{"href":"https:\/\/truusk.store\/sv\/wp-json\/wp\/v2\/product\/58052","targetHints":{"allow":["GET"]}}],"collection":[{"href":"https:\/\/truusk.store\/sv\/wp-json\/wp\/v2\/product"}],"about":[{"href":"https:\/\/truusk.store\/sv\/wp-json\/wp\/v2\/types\/product"}],"wp:featuredmedia":[{"embeddable":true,"href":"https:\/\/truusk.store\/sv\/wp-json\/wp\/v2\/media\/58043"}],"wp:attachment":[{"href":"https:\/\/truusk.store\/sv\/wp-json\/wp\/v2\/media?parent=58052"}],"wp:term":[{"taxonomy":"product_brand","embeddable":true,"href":"https:\/\/truusk.store\/sv\/wp-json\/wp\/v2\/product_brand?post=58052"},{"taxonomy":"product_cat","embeddable":true,"href":"https:\/\/truusk.store\/sv\/wp-json\/wp\/v2\/product_cat?post=58052"},{"taxonomy":"product_tag","embeddable":true,"href":"https:\/\/truusk.store\/sv\/wp-json\/wp\/v2\/product_tag?post=58052"}],"curies":[{"name":"wp","href":"https:\/\/api.w.org\/{rel}","templated":true}]}}