{"id":58072,"date":"2025-06-04T22:47:35","date_gmt":"2025-06-04T21:47:35","guid":{"rendered":"https:\/\/truusk.store\/product\/hogbadd-i-travagnsdesign-blomlada-plantvagn-upp-till-50-kg-belastning-forkolnad-120x53x55cm-for-tradgard-terrass\/"},"modified":"2026-03-12T09:16:23","modified_gmt":"2026-03-12T08:16:23","slug":"truusk-hogbadd-i-travagnsdesign-blomlada-plantvagn-upp-till-50-kg-forkolnad-120x53x55cm-tradgard-terrass","status":"publish","type":"product","link":"https:\/\/truusk.store\/sv\/produkt\/truusk-hogbadd-i-travagnsdesign-blomlada-plantvagn-upp-till-50-kg-forkolnad-120x53x55cm-tradgard-terrass\/","title":{"rendered":"TRUUSK H\u00f6gb\u00e4dd i Tr\u00e4vagnsdesign &#8211; Bloml\u00e5da &#8211; Plantvagn Upp Till 50 Kg &#8211; F\u00f6rkolnad 120x53x55cm &#8211; Tr\u00e4dg\u00e5rd &amp; Terrass"},"content":{"rendered":"<p>Detta gr\u00f6nsaksb\u00e4dd fr\u00e5n TRUUSK \u00e4r enkel men praktisk. Tillverkad av robust, h\u00e5llbart massivt tr\u00e4, med en s\u00f6t tr\u00e4vagnsdesign, erbjuder den gott om plats f\u00f6r blommor, v\u00e4xter och \u00f6rter. Det behandlade massiva tr\u00e4et \u00e4r l\u00e4mpligt f\u00f6r utomhusbruk, medan den upph\u00f6jda designen skyddar dina v\u00e4xter mot skadedjur, frost och f\u00f6r mycket fukt. Med denna h\u00f6ga s\u00e4ng fr\u00e5n TRUUSK kan du tr\u00e4dg\u00e5rda efter hj\u00e4rtats lust. Dessutom \u00e4r denna s\u00f6ta h\u00f6ga s\u00e4ng en vacker dekoration f\u00f6r varje tr\u00e4dg\u00e5rd.<\/p>\n<p>Beskrivning:<\/p>\n<ul>\n<li> Perfekt utomhusdekoration f\u00f6r din uteplats, tr\u00e4dg\u00e5rd eller bakg\u00e5rd<\/li>\n<li> Tack vare fyra hjul och ett l\u00e5ngt tr\u00e4handtag kan den h\u00f6ga s\u00e4ngen l\u00e4tt flyttas<\/li>\n<li> En stor och djup planteringskruka f\u00f6r blommor eller andra v\u00e4xter<\/li>\n<li> Tillverkad av massivt tr\u00e4 med brandlack, v\u00e4derbest\u00e4ndig och h\u00e5llbar<\/li>\n<li> Snabb montering med lite verktyg kr\u00e4vs<\/li>\n<\/ul>\n<p>Tekniska data:<\/p>\n<ul>\n<li> F\u00e4rg: F\u00f6rkolnad<\/li>\n<li> Material: Grantr\u00e4<\/li>\n<li> Totala m\u00e5tt: 120L x 53B x 55H cm<\/li>\n<li> Intern planteringsyta: 65B x 37T x 19H cm<\/li>\n<li> H\u00f6jd p\u00e5 botten: 25 cm<\/li>\n<li> Storlek p\u00e5 hjul: \u00d827,5cm<\/li>\n<li> Viktkapacitet: 50kg<\/li>\n<li> Rymmer upp till 45L jord<\/li>\n<\/ul>\n<p>Leveransinneh\u00e5ll:<\/p>\n<ul>\n<li>1 x Planteringsb\u00e4dd<\/li>\n<li>1 x Instruktioner<\/li>\n<\/ul>\n","protected":false},"excerpt":{"rendered":"<p>Detta gr\u00f6nsaksb\u00e4dd fr\u00e5n TRUUSK \u00e4r enkel men praktisk. Tillverkad av robust, h\u00e5llbart massivt tr\u00e4, med en s\u00f6t tr\u00e4vagnsdesign, erbjuder den&#8230;<\/p>\n","protected":false},"featured_media":58063,"template":"","meta":[],"product_brand":[],"product_cat":[924,858,443],"product_tag":[],"class_list":{"0":"post-58072","1":"product","2":"type-product","3":"status-publish","4":"has-post-thumbnail","6":"product_cat-plantkarl","7":"product_cat-tradgard-terrass","8":"product_cat-vaxthus-tradgardsskotsel","10":"first","11":"instock","12":"sale","13":"taxable","14":"shipping-taxable","15":"purchasable","16":"product-type-simple"},"yoast_head":"<!-- This site is optimized with the Yoast SEO plugin v25.4 - https:\/\/yoast.com\/wordpress\/plugins\/seo\/ -->\n<title>TRUUSK H\u00f6gb\u00e4dd i Tr\u00e4vagnsdesign - Bloml\u00e5da - Plantvagn Upp Till 50 Kg - F\u00f6rkolnad 120x53x55cm - Tr\u00e4dg\u00e5rd &amp; Terrass - TRUUSK - Hem, Tr\u00e4dg\u00e5rd &amp; Fritid<\/title>\n<meta name=\"robots\" content=\"index, follow, max-snippet:-1, max-image-preview:large, max-video-preview:-1\" \/>\n<link rel=\"canonical\" href=\"https:\/\/truusk.store\/sv\/produkt\/truusk-hogbadd-i-travagnsdesign-blomlada-plantvagn-upp-till-50-kg-forkolnad-120x53x55cm-tradgard-terrass\/\" \/>\n<meta property=\"og:locale\" content=\"sv_SE\" \/>\n<meta property=\"og:type\" content=\"article\" \/>\n<meta property=\"og:title\" content=\"TRUUSK H\u00f6gb\u00e4dd i Tr\u00e4vagnsdesign - Bloml\u00e5da - Plantvagn Upp Till 50 Kg - F\u00f6rkolnad 120x53x55cm - Tr\u00e4dg\u00e5rd &amp; Terrass - TRUUSK - Hem, Tr\u00e4dg\u00e5rd &amp; Fritid\" \/>\n<meta property=\"og:description\" content=\"Detta gr\u00f6nsaksb\u00e4dd fr\u00e5n TRUUSK \u00e4r enkel men praktisk. Tillverkad av robust, h\u00e5llbart massivt tr\u00e4, med en s\u00f6t tr\u00e4vagnsdesign, erbjuder den...\" \/>\n<meta property=\"og:url\" content=\"https:\/\/truusk.store\/sv\/produkt\/truusk-hogbadd-i-travagnsdesign-blomlada-plantvagn-upp-till-50-kg-forkolnad-120x53x55cm-tradgard-terrass\/\" \/>\n<meta property=\"og:site_name\" content=\"TRUUSK - Hem, Tr\u00e4dg\u00e5rd &amp; Fritid\" \/>\n<meta property=\"article:modified_time\" content=\"2026-03-12T08:16:23+00:00\" \/>\n<meta property=\"og:image\" content=\"https:\/\/i0.wp.com\/truusk.se\/wp-content\/uploads\/2025\/06\/hogbadd-i-travagnsdesign-blomlada-plantvagn-upp-till-50-kg-belastning-forkolnad-120x53x55cm-for-tradgard-terrass-1.webp?fit=2000%2C2000&ssl=1\" \/>\n\t<meta property=\"og:image:width\" content=\"2000\" \/>\n\t<meta property=\"og:image:height\" content=\"2000\" \/>\n\t<meta property=\"og:image:type\" content=\"image\/webp\" \/>\n<meta name=\"twitter:card\" content=\"summary_large_image\" \/>\n<meta name=\"twitter:label1\" content=\"Ber\u00e4knad l\u00e4stid\" \/>\n\t<meta name=\"twitter:data1\" content=\"1 minut\" \/>\n<!-- \/ Yoast SEO plugin. -->","yoast_head_json":{"title":"TRUUSK H\u00f6gb\u00e4dd i Tr\u00e4vagnsdesign - Bloml\u00e5da - Plantvagn Upp Till 50 Kg - F\u00f6rkolnad 120x53x55cm - Tr\u00e4dg\u00e5rd &amp; Terrass - TRUUSK - Hem, Tr\u00e4dg\u00e5rd &amp; Fritid","robots":{"index":"index","follow":"follow","max-snippet":"max-snippet:-1","max-image-preview":"max-image-preview:large","max-video-preview":"max-video-preview:-1"},"canonical":"https:\/\/truusk.store\/sv\/produkt\/truusk-hogbadd-i-travagnsdesign-blomlada-plantvagn-upp-till-50-kg-forkolnad-120x53x55cm-tradgard-terrass\/","og_locale":"sv_SE","og_type":"article","og_title":"TRUUSK H\u00f6gb\u00e4dd i Tr\u00e4vagnsdesign - Bloml\u00e5da - Plantvagn Upp Till 50 Kg - F\u00f6rkolnad 120x53x55cm - Tr\u00e4dg\u00e5rd &amp; Terrass - TRUUSK - Hem, Tr\u00e4dg\u00e5rd &amp; Fritid","og_description":"Detta gr\u00f6nsaksb\u00e4dd fr\u00e5n TRUUSK \u00e4r enkel men praktisk. Tillverkad av robust, h\u00e5llbart massivt tr\u00e4, med en s\u00f6t tr\u00e4vagnsdesign, erbjuder den...","og_url":"https:\/\/truusk.store\/sv\/produkt\/truusk-hogbadd-i-travagnsdesign-blomlada-plantvagn-upp-till-50-kg-forkolnad-120x53x55cm-tradgard-terrass\/","og_site_name":"TRUUSK - Hem, Tr\u00e4dg\u00e5rd &amp; Fritid","article_modified_time":"2026-03-12T08:16:23+00:00","og_image":[{"width":2000,"height":2000,"url":"https:\/\/i0.wp.com\/truusk.se\/wp-content\/uploads\/2025\/06\/hogbadd-i-travagnsdesign-blomlada-plantvagn-upp-till-50-kg-belastning-forkolnad-120x53x55cm-for-tradgard-terrass-1.webp?fit=2000%2C2000&ssl=1","type":"image\/webp"}],"twitter_card":"summary_large_image","twitter_misc":{"Ber\u00e4knad l\u00e4stid":"1 minut"},"schema":{"@context":"https:\/\/schema.org","@graph":[{"@type":"WebPage","@id":"https:\/\/truusk.store\/sv\/produkt\/truusk-hogbadd-i-travagnsdesign-blomlada-plantvagn-upp-till-50-kg-forkolnad-120x53x55cm-tradgard-terrass\/","url":"https:\/\/truusk.store\/sv\/produkt\/truusk-hogbadd-i-travagnsdesign-blomlada-plantvagn-upp-till-50-kg-forkolnad-120x53x55cm-tradgard-terrass\/","name":"TRUUSK H\u00f6gb\u00e4dd i Tr\u00e4vagnsdesign - Bloml\u00e5da - Plantvagn Upp Till 50 Kg - F\u00f6rkolnad 120x53x55cm - Tr\u00e4dg\u00e5rd &amp; Terrass - TRUUSK - Hem, Tr\u00e4dg\u00e5rd &amp; Fritid","isPartOf":{"@id":"https:\/\/truusk.store\/sv\/#website"},"primaryImageOfPage":{"@id":"https:\/\/truusk.store\/sv\/produkt\/truusk-hogbadd-i-travagnsdesign-blomlada-plantvagn-upp-till-50-kg-forkolnad-120x53x55cm-tradgard-terrass\/#primaryimage"},"image":{"@id":"https:\/\/truusk.store\/sv\/produkt\/truusk-hogbadd-i-travagnsdesign-blomlada-plantvagn-upp-till-50-kg-forkolnad-120x53x55cm-tradgard-terrass\/#primaryimage"},"thumbnailUrl":"https:\/\/i0.wp.com\/truusk.store\/wp-content\/uploads\/2025\/06\/hogbadd-i-travagnsdesign-blomlada-plantvagn-upp-till-50-kg-belastning-forkolnad-120x53x55cm-for-tradgard-terrass-1.webp?fit=2000%2C2000&ssl=1","datePublished":"2025-06-04T21:47:35+00:00","dateModified":"2026-03-12T08:16:23+00:00","breadcrumb":{"@id":"https:\/\/truusk.store\/sv\/produkt\/truusk-hogbadd-i-travagnsdesign-blomlada-plantvagn-upp-till-50-kg-forkolnad-120x53x55cm-tradgard-terrass\/#breadcrumb"},"inLanguage":"sv-SE","potentialAction":[{"@type":"ReadAction","target":["https:\/\/truusk.store\/sv\/produkt\/truusk-hogbadd-i-travagnsdesign-blomlada-plantvagn-upp-till-50-kg-forkolnad-120x53x55cm-tradgard-terrass\/"]}]},{"@type":"ImageObject","inLanguage":"sv-SE","@id":"https:\/\/truusk.store\/sv\/produkt\/truusk-hogbadd-i-travagnsdesign-blomlada-plantvagn-upp-till-50-kg-forkolnad-120x53x55cm-tradgard-terrass\/#primaryimage","url":"https:\/\/i0.wp.com\/truusk.store\/wp-content\/uploads\/2025\/06\/hogbadd-i-travagnsdesign-blomlada-plantvagn-upp-till-50-kg-belastning-forkolnad-120x53x55cm-for-tradgard-terrass-1.webp?fit=2000%2C2000&ssl=1","contentUrl":"https:\/\/i0.wp.com\/truusk.store\/wp-content\/uploads\/2025\/06\/hogbadd-i-travagnsdesign-blomlada-plantvagn-upp-till-50-kg-belastning-forkolnad-120x53x55cm-for-tradgard-terrass-1.webp?fit=2000%2C2000&ssl=1","width":2000,"height":2000},{"@type":"BreadcrumbList","@id":"https:\/\/truusk.store\/sv\/produkt\/truusk-hogbadd-i-travagnsdesign-blomlada-plantvagn-upp-till-50-kg-forkolnad-120x53x55cm-tradgard-terrass\/#breadcrumb","itemListElement":[{"@type":"ListItem","position":1,"name":"Home","item":"https:\/\/truusk.store\/sv\/"},{"@type":"ListItem","position":2,"name":"Shop","item":"https:\/\/truusk.store\/shop\/"},{"@type":"ListItem","position":3,"name":"TRUUSK H\u00f6gb\u00e4dd i Tr\u00e4vagnsdesign &#8211; Bloml\u00e5da &#8211; Plantvagn Upp Till 50 Kg &#8211; F\u00f6rkolnad 120x53x55cm &#8211; Tr\u00e4dg\u00e5rd &amp; Terrass"}]},{"@type":"WebSite","@id":"https:\/\/truusk.store\/sv\/#website","url":"https:\/\/truusk.store\/sv\/","name":"TRUUSK - Hem, Tr\u00e4dg\u00e5rd & Fritid","description":"","publisher":{"@id":"https:\/\/truusk.store\/sv\/#organization"},"potentialAction":[{"@type":"SearchAction","target":{"@type":"EntryPoint","urlTemplate":"https:\/\/truusk.store\/sv\/?s={search_term_string}"},"query-input":{"@type":"PropertyValueSpecification","valueRequired":true,"valueName":"search_term_string"}}],"inLanguage":"sv-SE"},{"@type":"Organization","@id":"https:\/\/truusk.store\/sv\/#organization","name":"TRUUSK - Hem, Tr\u00e4dg\u00e5rd & Fritid","url":"https:\/\/truusk.store\/sv\/","logo":{"@type":"ImageObject","inLanguage":"sv-SE","@id":"https:\/\/truusk.store\/sv\/#\/schema\/logo\/image\/","url":"https:\/\/i0.wp.com\/truusk.store\/wp-content\/uploads\/2026\/03\/cropped-TRUUSK.png?fit=2032%2C917&ssl=1","contentUrl":"https:\/\/i0.wp.com\/truusk.store\/wp-content\/uploads\/2026\/03\/cropped-TRUUSK.png?fit=2032%2C917&ssl=1","width":2032,"height":917,"caption":"TRUUSK - Hem, Tr\u00e4dg\u00e5rd & Fritid"},"image":{"@id":"https:\/\/truusk.store\/sv\/#\/schema\/logo\/image\/"}}]}},"jetpack_sharing_enabled":true,"_links":{"self":[{"href":"https:\/\/truusk.store\/sv\/wp-json\/wp\/v2\/product\/58072","targetHints":{"allow":["GET"]}}],"collection":[{"href":"https:\/\/truusk.store\/sv\/wp-json\/wp\/v2\/product"}],"about":[{"href":"https:\/\/truusk.store\/sv\/wp-json\/wp\/v2\/types\/product"}],"wp:featuredmedia":[{"embeddable":true,"href":"https:\/\/truusk.store\/sv\/wp-json\/wp\/v2\/media\/58063"}],"wp:attachment":[{"href":"https:\/\/truusk.store\/sv\/wp-json\/wp\/v2\/media?parent=58072"}],"wp:term":[{"taxonomy":"product_brand","embeddable":true,"href":"https:\/\/truusk.store\/sv\/wp-json\/wp\/v2\/product_brand?post=58072"},{"taxonomy":"product_cat","embeddable":true,"href":"https:\/\/truusk.store\/sv\/wp-json\/wp\/v2\/product_cat?post=58072"},{"taxonomy":"product_tag","embeddable":true,"href":"https:\/\/truusk.store\/sv\/wp-json\/wp\/v2\/product_tag?post=58072"}],"curies":[{"name":"wp","href":"https:\/\/api.w.org\/{rel}","templated":true}]}}