{"id":58102,"date":"2025-06-04T22:50:43","date_gmt":"2025-06-04T21:50:43","guid":{"rendered":"https:\/\/truusk.store\/product\/tradgardsmobelset-for-3-personer-balkongmobler-med-sittkuddar-aluminiumram-i-trautseende-morkgra-natur\/"},"modified":"2026-03-12T09:23:04","modified_gmt":"2026-03-12T08:23:04","slug":"truusk-tradgardsmobelset-for-3-personer-balkongmobler-med-sittkuddar-aluminiumram-i-trautseende-morkgra-natur","status":"publish","type":"product","link":"https:\/\/truusk.store\/sv\/produkt\/truusk-tradgardsmobelset-for-3-personer-balkongmobler-med-sittkuddar-aluminiumram-i-trautseende-morkgra-natur\/","title":{"rendered":"TRUUSK Tr\u00e4dg\u00e5rdsm\u00f6belset f\u00f6r 3 Personer &#8211; Balkongm\u00f6bler med Sittkuddar &#8211; Aluminiumram i Tr\u00e4utseende &#8211; M\u00f6rkgr\u00e5 &amp; Natur"},"content":{"rendered":"<p>Oroa dig aldrig mer f\u00f6r f\u00f6r f\u00e5 sittplatser p\u00e5 terrassen! V\u00e5rt 3-delade tr\u00e4dg\u00e5rdsm\u00f6belset fr\u00e5n TRUUSK erbjuder gott om utrymme f\u00f6r underh\u00e5llande utomhussamtal med dina g\u00e4ster. Den stabila aluminiumramen och de mjuka sitt- och ryggkuddarna ger o\u00f6vertr\u00e4ffad sittkomfort. Dessutom passar den vackra tr\u00e4utseendet perfekt in i alla tr\u00e4dg\u00e5rdsmilj\u00f6er. Denna stilfulla och funktionella sittgrupp \u00e4r ett utm\u00e4rkt tillskott till ditt utomhusomr\u00e5de.<\/p>\n<p>Beskrivning:<\/p>\n<ul>\n<li> 3-delat set: en h\u00f6rnsoffa, en dubbels\u00e4ng och ett matchande sidobord<\/li>\n<li> L\u00e4tt, rostfri och stabil aluminiumram<\/li>\n<li> Mjukt vadderade sitt- och ryggkuddar, kudd\u00f6verdrag med dragkedjor f\u00f6r enkel reng\u00f6ring<\/li>\n<li> Vacker tr\u00e4utseende ger en rustik, naturlig karakt\u00e4r<\/li>\n<li> L\u00e4tt att underh\u00e5lla, robust plastbordsskiva<\/li>\n<li> Idealisk f\u00f6r tr\u00e4dg\u00e5rdar, terrasser, balkonger, etc.<\/li>\n<li> Montering kr\u00e4vs<\/li>\n<\/ul>\n<p>Tekniska data:<\/p>\n<ul>\n<li> F\u00e4rg: M\u00f6rkgr\u00e5+Natur<\/li>\n<li> Material: Aluminium, PS, Polyester<\/li>\n<li> M\u00e5tt h\u00f6rnsoffa: 150B x 78T x 72H cm<\/li>\n<li> M\u00e5tt tv\u00e5sitssoffa: 150B x 78T x 72H cm<\/li>\n<li> Sittplats: 120B x 70T cm<\/li>\n<li> Sitt h\u00f6jd: 35 cm<\/li>\n<li> M\u00e5tt sittutskjutning vid kanten: 30B x 70T cm<\/li>\n<li> M\u00e5tt sidobord: 70B x 40T x 40H cm<\/li>\n<li> Belastningskapacitet: 260 kg (soffa), 50 kg (soffbord)<\/li>\n<\/ul>\n<p>Leveransinneh\u00e5ll:<\/p>\n<ul>\n<li> 1 x h\u00f6rnsoffa<\/li>\n<li> 1 x dubbels\u00e4ng<\/li>\n<li> 1 x sidobord<\/li>\n<li> 4 x sittkuddar<\/li>\n<li> 4 x ryggkuddar<\/li>\n<li> 1 x instruktioner<\/li>\n<\/ul>\n","protected":false},"excerpt":{"rendered":"<p>Oroa dig aldrig mer f\u00f6r f\u00f6r f\u00e5 sittplatser p\u00e5 terrassen! V\u00e5rt 3-delade tr\u00e4dg\u00e5rdsm\u00f6belset fr\u00e5n TRUUSK erbjuder gott om utrymme f\u00f6r&#8230;<\/p>\n","protected":false},"featured_media":58093,"template":"","meta":[],"product_brand":[],"product_cat":[458,858,450],"product_tag":[],"class_list":{"0":"post-58102","1":"product","2":"type-product","3":"status-publish","4":"has-post-thumbnail","6":"product_cat-loungemobler","7":"product_cat-tradgard-terrass","8":"product_cat-tradgardsmobler","10":"first","11":"instock","12":"sale","13":"taxable","14":"shipping-taxable","15":"purchasable","16":"product-type-simple"},"yoast_head":"<!-- This site is optimized with the Yoast SEO plugin v25.4 - https:\/\/yoast.com\/wordpress\/plugins\/seo\/ -->\n<title>TRUUSK Tr\u00e4dg\u00e5rdsm\u00f6belset f\u00f6r 3 Personer - Balkongm\u00f6bler med Sittkuddar - Aluminiumram i Tr\u00e4utseende - M\u00f6rkgr\u00e5 &amp; Natur - TRUUSK - Hem, Tr\u00e4dg\u00e5rd &amp; Fritid<\/title>\n<meta name=\"robots\" content=\"index, follow, max-snippet:-1, max-image-preview:large, max-video-preview:-1\" \/>\n<link rel=\"canonical\" href=\"https:\/\/truusk.store\/sv\/produkt\/truusk-tradgardsmobelset-for-3-personer-balkongmobler-med-sittkuddar-aluminiumram-i-trautseende-morkgra-natur\/\" \/>\n<meta property=\"og:locale\" content=\"sv_SE\" \/>\n<meta property=\"og:type\" content=\"article\" \/>\n<meta property=\"og:title\" content=\"TRUUSK Tr\u00e4dg\u00e5rdsm\u00f6belset f\u00f6r 3 Personer - Balkongm\u00f6bler med Sittkuddar - Aluminiumram i Tr\u00e4utseende - M\u00f6rkgr\u00e5 &amp; Natur - TRUUSK - Hem, Tr\u00e4dg\u00e5rd &amp; Fritid\" \/>\n<meta property=\"og:description\" content=\"Oroa dig aldrig mer f\u00f6r f\u00f6r f\u00e5 sittplatser p\u00e5 terrassen! V\u00e5rt 3-delade tr\u00e4dg\u00e5rdsm\u00f6belset fr\u00e5n TRUUSK erbjuder gott om utrymme f\u00f6r...\" \/>\n<meta property=\"og:url\" content=\"https:\/\/truusk.store\/sv\/produkt\/truusk-tradgardsmobelset-for-3-personer-balkongmobler-med-sittkuddar-aluminiumram-i-trautseende-morkgra-natur\/\" \/>\n<meta property=\"og:site_name\" content=\"TRUUSK - Hem, Tr\u00e4dg\u00e5rd &amp; Fritid\" \/>\n<meta property=\"article:modified_time\" content=\"2026-03-12T08:23:04+00:00\" \/>\n<meta property=\"og:image\" content=\"https:\/\/i0.wp.com\/truusk.se\/wp-content\/uploads\/2025\/06\/tradgardsmobelset-for-3-personer-balkongmobler-med-sittkuddar-aluminiumram-i-trautseende-morkgra-natur-1.webp?fit=2000%2C2000&ssl=1\" \/>\n\t<meta property=\"og:image:width\" content=\"2000\" \/>\n\t<meta property=\"og:image:height\" content=\"2000\" \/>\n\t<meta property=\"og:image:type\" content=\"image\/webp\" \/>\n<meta name=\"twitter:card\" content=\"summary_large_image\" \/>\n<meta name=\"twitter:label1\" content=\"Ber\u00e4knad l\u00e4stid\" \/>\n\t<meta name=\"twitter:data1\" content=\"1 minut\" \/>\n<!-- \/ Yoast SEO plugin. -->","yoast_head_json":{"title":"TRUUSK Tr\u00e4dg\u00e5rdsm\u00f6belset f\u00f6r 3 Personer - Balkongm\u00f6bler med Sittkuddar - Aluminiumram i Tr\u00e4utseende - M\u00f6rkgr\u00e5 &amp; Natur - TRUUSK - Hem, Tr\u00e4dg\u00e5rd &amp; Fritid","robots":{"index":"index","follow":"follow","max-snippet":"max-snippet:-1","max-image-preview":"max-image-preview:large","max-video-preview":"max-video-preview:-1"},"canonical":"https:\/\/truusk.store\/sv\/produkt\/truusk-tradgardsmobelset-for-3-personer-balkongmobler-med-sittkuddar-aluminiumram-i-trautseende-morkgra-natur\/","og_locale":"sv_SE","og_type":"article","og_title":"TRUUSK Tr\u00e4dg\u00e5rdsm\u00f6belset f\u00f6r 3 Personer - Balkongm\u00f6bler med Sittkuddar - Aluminiumram i Tr\u00e4utseende - M\u00f6rkgr\u00e5 &amp; Natur - TRUUSK - Hem, Tr\u00e4dg\u00e5rd &amp; Fritid","og_description":"Oroa dig aldrig mer f\u00f6r f\u00f6r f\u00e5 sittplatser p\u00e5 terrassen! V\u00e5rt 3-delade tr\u00e4dg\u00e5rdsm\u00f6belset fr\u00e5n TRUUSK erbjuder gott om utrymme f\u00f6r...","og_url":"https:\/\/truusk.store\/sv\/produkt\/truusk-tradgardsmobelset-for-3-personer-balkongmobler-med-sittkuddar-aluminiumram-i-trautseende-morkgra-natur\/","og_site_name":"TRUUSK - Hem, Tr\u00e4dg\u00e5rd &amp; Fritid","article_modified_time":"2026-03-12T08:23:04+00:00","og_image":[{"width":2000,"height":2000,"url":"https:\/\/i0.wp.com\/truusk.se\/wp-content\/uploads\/2025\/06\/tradgardsmobelset-for-3-personer-balkongmobler-med-sittkuddar-aluminiumram-i-trautseende-morkgra-natur-1.webp?fit=2000%2C2000&ssl=1","type":"image\/webp"}],"twitter_card":"summary_large_image","twitter_misc":{"Ber\u00e4knad l\u00e4stid":"1 minut"},"schema":{"@context":"https:\/\/schema.org","@graph":[{"@type":"WebPage","@id":"https:\/\/truusk.store\/sv\/produkt\/truusk-tradgardsmobelset-for-3-personer-balkongmobler-med-sittkuddar-aluminiumram-i-trautseende-morkgra-natur\/","url":"https:\/\/truusk.store\/sv\/produkt\/truusk-tradgardsmobelset-for-3-personer-balkongmobler-med-sittkuddar-aluminiumram-i-trautseende-morkgra-natur\/","name":"TRUUSK Tr\u00e4dg\u00e5rdsm\u00f6belset f\u00f6r 3 Personer - Balkongm\u00f6bler med Sittkuddar - Aluminiumram i Tr\u00e4utseende - M\u00f6rkgr\u00e5 &amp; Natur - TRUUSK - Hem, Tr\u00e4dg\u00e5rd &amp; Fritid","isPartOf":{"@id":"https:\/\/truusk.store\/sv\/#website"},"primaryImageOfPage":{"@id":"https:\/\/truusk.store\/sv\/produkt\/truusk-tradgardsmobelset-for-3-personer-balkongmobler-med-sittkuddar-aluminiumram-i-trautseende-morkgra-natur\/#primaryimage"},"image":{"@id":"https:\/\/truusk.store\/sv\/produkt\/truusk-tradgardsmobelset-for-3-personer-balkongmobler-med-sittkuddar-aluminiumram-i-trautseende-morkgra-natur\/#primaryimage"},"thumbnailUrl":"https:\/\/i0.wp.com\/truusk.store\/wp-content\/uploads\/2025\/06\/tradgardsmobelset-for-3-personer-balkongmobler-med-sittkuddar-aluminiumram-i-trautseende-morkgra-natur-1.webp?fit=2000%2C2000&ssl=1","datePublished":"2025-06-04T21:50:43+00:00","dateModified":"2026-03-12T08:23:04+00:00","breadcrumb":{"@id":"https:\/\/truusk.store\/sv\/produkt\/truusk-tradgardsmobelset-for-3-personer-balkongmobler-med-sittkuddar-aluminiumram-i-trautseende-morkgra-natur\/#breadcrumb"},"inLanguage":"sv-SE","potentialAction":[{"@type":"ReadAction","target":["https:\/\/truusk.store\/sv\/produkt\/truusk-tradgardsmobelset-for-3-personer-balkongmobler-med-sittkuddar-aluminiumram-i-trautseende-morkgra-natur\/"]}]},{"@type":"ImageObject","inLanguage":"sv-SE","@id":"https:\/\/truusk.store\/sv\/produkt\/truusk-tradgardsmobelset-for-3-personer-balkongmobler-med-sittkuddar-aluminiumram-i-trautseende-morkgra-natur\/#primaryimage","url":"https:\/\/i0.wp.com\/truusk.store\/wp-content\/uploads\/2025\/06\/tradgardsmobelset-for-3-personer-balkongmobler-med-sittkuddar-aluminiumram-i-trautseende-morkgra-natur-1.webp?fit=2000%2C2000&ssl=1","contentUrl":"https:\/\/i0.wp.com\/truusk.store\/wp-content\/uploads\/2025\/06\/tradgardsmobelset-for-3-personer-balkongmobler-med-sittkuddar-aluminiumram-i-trautseende-morkgra-natur-1.webp?fit=2000%2C2000&ssl=1","width":2000,"height":2000},{"@type":"BreadcrumbList","@id":"https:\/\/truusk.store\/sv\/produkt\/truusk-tradgardsmobelset-for-3-personer-balkongmobler-med-sittkuddar-aluminiumram-i-trautseende-morkgra-natur\/#breadcrumb","itemListElement":[{"@type":"ListItem","position":1,"name":"Home","item":"https:\/\/truusk.store\/sv\/"},{"@type":"ListItem","position":2,"name":"Shop","item":"https:\/\/truusk.store\/shop\/"},{"@type":"ListItem","position":3,"name":"TRUUSK Tr\u00e4dg\u00e5rdsm\u00f6belset f\u00f6r 3 Personer &#8211; Balkongm\u00f6bler med Sittkuddar &#8211; Aluminiumram i Tr\u00e4utseende &#8211; M\u00f6rkgr\u00e5 &amp; Natur"}]},{"@type":"WebSite","@id":"https:\/\/truusk.store\/sv\/#website","url":"https:\/\/truusk.store\/sv\/","name":"TRUUSK - Hem, Tr\u00e4dg\u00e5rd & Fritid","description":"","publisher":{"@id":"https:\/\/truusk.store\/sv\/#organization"},"potentialAction":[{"@type":"SearchAction","target":{"@type":"EntryPoint","urlTemplate":"https:\/\/truusk.store\/sv\/?s={search_term_string}"},"query-input":{"@type":"PropertyValueSpecification","valueRequired":true,"valueName":"search_term_string"}}],"inLanguage":"sv-SE"},{"@type":"Organization","@id":"https:\/\/truusk.store\/sv\/#organization","name":"TRUUSK - Hem, Tr\u00e4dg\u00e5rd & Fritid","url":"https:\/\/truusk.store\/sv\/","logo":{"@type":"ImageObject","inLanguage":"sv-SE","@id":"https:\/\/truusk.store\/sv\/#\/schema\/logo\/image\/","url":"https:\/\/i0.wp.com\/truusk.store\/wp-content\/uploads\/2026\/03\/cropped-TRUUSK.png?fit=2032%2C917&ssl=1","contentUrl":"https:\/\/i0.wp.com\/truusk.store\/wp-content\/uploads\/2026\/03\/cropped-TRUUSK.png?fit=2032%2C917&ssl=1","width":2032,"height":917,"caption":"TRUUSK - Hem, Tr\u00e4dg\u00e5rd & Fritid"},"image":{"@id":"https:\/\/truusk.store\/sv\/#\/schema\/logo\/image\/"}}]}},"jetpack_sharing_enabled":true,"_links":{"self":[{"href":"https:\/\/truusk.store\/sv\/wp-json\/wp\/v2\/product\/58102","targetHints":{"allow":["GET"]}}],"collection":[{"href":"https:\/\/truusk.store\/sv\/wp-json\/wp\/v2\/product"}],"about":[{"href":"https:\/\/truusk.store\/sv\/wp-json\/wp\/v2\/types\/product"}],"wp:featuredmedia":[{"embeddable":true,"href":"https:\/\/truusk.store\/sv\/wp-json\/wp\/v2\/media\/58093"}],"wp:attachment":[{"href":"https:\/\/truusk.store\/sv\/wp-json\/wp\/v2\/media?parent=58102"}],"wp:term":[{"taxonomy":"product_brand","embeddable":true,"href":"https:\/\/truusk.store\/sv\/wp-json\/wp\/v2\/product_brand?post=58102"},{"taxonomy":"product_cat","embeddable":true,"href":"https:\/\/truusk.store\/sv\/wp-json\/wp\/v2\/product_cat?post=58102"},{"taxonomy":"product_tag","embeddable":true,"href":"https:\/\/truusk.store\/sv\/wp-json\/wp\/v2\/product_tag?post=58102"}],"curies":[{"name":"wp","href":"https:\/\/api.w.org\/{rel}","templated":true}]}}