{"id":58132,"date":"2025-06-04T22:53:41","date_gmt":"2025-06-04T21:53:41","guid":{"rendered":"https:\/\/truusk.store\/product\/hollywood-svang-gungstol-med-kuddar-justerbart-solsegel-morkgra-for-tradgard-terrass\/"},"modified":"2026-03-12T09:18:31","modified_gmt":"2026-03-12T08:18:31","slug":"truusk-hollywood-svang-gungstol-med-kuddar-justerbart-solsegel-morkgra-for-tradgard-terrass","status":"publish","type":"product","link":"https:\/\/truusk.store\/sv\/produkt\/truusk-hollywood-svang-gungstol-med-kuddar-justerbart-solsegel-morkgra-for-tradgard-terrass\/","title":{"rendered":"TRUUSK Hollywood-sv\u00e4ng Gungstol Med Kuddar &amp; Justerbart Solsegel &#8211; M\u00f6rkgr\u00e5 F\u00f6r Tr\u00e4dg\u00e5rd &amp; Terrass"},"content":{"rendered":"<p>Vill du utrusta din veranda eller terrass med bekv\u00e4ma m\u00f6bler? Med TRUUSK har du hittat r\u00e4tt! Den s\u00e4rskilt bekv\u00e4ma s\u00e4tet kan f\u00e4llas upp och omvandlas till en bekv\u00e4m sols\u00e4ng. Leveransen inkluderar ocks\u00e5 en mjuk sittdyna och en bekv\u00e4m nackkudde som st\u00f6der nackomr\u00e5det p\u00e5 ett behagligt s\u00e4tt. Skuggtakets lutning kan justeras f\u00f6r att anpassa skuggomr\u00e5det till solens position och undvika obehaglig bl\u00e4ndning.<\/p>\n<p>Beskrivning:<\/p>\n<ul>\n<li>Plats f\u00f6r en person, kan omvandlas till en sols\u00e4ng<\/li>\n<li>Lutbart tak, praktiskt skydd mot sol och starkt ljus<\/li>\n<li>Inkl. avtagbar sittdyna och nackkudde<\/li>\n<li>Sittytan av andningsbart tyg h\u00e5ller sig sval och torr p\u00e5 sommaren<\/li>\n<li>Tunga fj\u00e4drar kopplar gungan och ger en j\u00e4mn, mjuk gungande r\u00f6relse<\/li>\n<li>Robust st\u00e5lram, idealisk f\u00f6r utomhusbruk<\/li>\n<li>F\u00f6r att f\u00f6rl\u00e4nga livsl\u00e4ngden rekommenderas anv\u00e4ndning med m\u00f6bel\u00f6verdrag<\/li>\n<li>Montering kr\u00e4vs<\/li>\n<\/ul>\n<p> Tekniska data:<\/p>\n<ul>\n<li>F\u00e4rg: M\u00f6rkgr\u00e5<\/li>\n<li>Material: St\u00e5l, polyester, n\u00e4ttyg<\/li>\n<li>Totala m\u00e5tt: 108l x 145b x 169H cm (gungb\u00e4dd)<\/li>\n<li>M\u00e5tt tak: 103B x 120T cm<\/li>\n<li>M\u00e5tt sittplats: 60B x 50T cm<\/li>\n<li>Sittplatsens h\u00f6jd fr\u00e5n marken: 53H cm<\/li>\n<li>M\u00e5tt ryggst\u00f6d: 60L x 60B cm<\/li>\n<li>M\u00e5tt sittdyna: 155L x 60B x 6H cm<\/li>\n<li>M\u00e5tt nackkudde: 35L x 35B x 10H cm<\/li>\n<li>B\u00e4rf\u00f6rm\u00e5ga: 120 kg<\/li>\n<\/ul>\n<p>Leveransinneh\u00e5ll:<\/p>\n<ul>\n<li>1 x Gungb\u00e4nk<\/li>\n<li>1 x Sittdyna<\/li>\n<li>1 x Kudde<\/li>\n<li>1 x Instruktioner<\/li>\n<\/ul>\n","protected":false},"excerpt":{"rendered":"<p>Vill du utrusta din veranda eller terrass med bekv\u00e4ma m\u00f6bler? Med TRUUSK har du hittat r\u00e4tt! Den s\u00e4rskilt bekv\u00e4ma s\u00e4tet&#8230;<\/p>\n","protected":false},"featured_media":58123,"template":"","meta":[],"product_brand":[],"product_cat":[460,858,450],"product_tag":[],"class_list":{"0":"post-58132","1":"product","2":"type-product","3":"status-publish","4":"has-post-thumbnail","6":"product_cat-hangmattor-hangstolar","7":"product_cat-tradgard-terrass","8":"product_cat-tradgardsmobler","10":"first","11":"instock","12":"sale","13":"taxable","14":"shipping-taxable","15":"purchasable","16":"product-type-simple"},"yoast_head":"<!-- This site is optimized with the Yoast SEO plugin v25.4 - https:\/\/yoast.com\/wordpress\/plugins\/seo\/ -->\n<title>TRUUSK Hollywood-sv\u00e4ng Gungstol Med Kuddar &amp; Justerbart Solsegel - M\u00f6rkgr\u00e5 F\u00f6r Tr\u00e4dg\u00e5rd &amp; Terrass - TRUUSK - Hem, Tr\u00e4dg\u00e5rd &amp; Fritid<\/title>\n<meta name=\"robots\" content=\"index, follow, max-snippet:-1, max-image-preview:large, max-video-preview:-1\" \/>\n<link rel=\"canonical\" href=\"https:\/\/truusk.store\/sv\/produkt\/truusk-hollywood-svang-gungstol-med-kuddar-justerbart-solsegel-morkgra-for-tradgard-terrass\/\" \/>\n<meta property=\"og:locale\" content=\"sv_SE\" \/>\n<meta property=\"og:type\" content=\"article\" \/>\n<meta property=\"og:title\" content=\"TRUUSK Hollywood-sv\u00e4ng Gungstol Med Kuddar &amp; Justerbart Solsegel - M\u00f6rkgr\u00e5 F\u00f6r Tr\u00e4dg\u00e5rd &amp; Terrass - TRUUSK - Hem, Tr\u00e4dg\u00e5rd &amp; Fritid\" \/>\n<meta property=\"og:description\" content=\"Vill du utrusta din veranda eller terrass med bekv\u00e4ma m\u00f6bler? Med TRUUSK har du hittat r\u00e4tt! Den s\u00e4rskilt bekv\u00e4ma s\u00e4tet...\" \/>\n<meta property=\"og:url\" content=\"https:\/\/truusk.store\/sv\/produkt\/truusk-hollywood-svang-gungstol-med-kuddar-justerbart-solsegel-morkgra-for-tradgard-terrass\/\" \/>\n<meta property=\"og:site_name\" content=\"TRUUSK - Hem, Tr\u00e4dg\u00e5rd &amp; Fritid\" \/>\n<meta property=\"article:modified_time\" content=\"2026-03-12T08:18:31+00:00\" \/>\n<meta property=\"og:image\" content=\"https:\/\/i0.wp.com\/truusk.se\/wp-content\/uploads\/2025\/06\/hollywood-svang-gungstol-med-kuddar-justerbart-solsegel-morkgra-for-tradgard-terrass-1.webp?fit=2000%2C2000&ssl=1\" \/>\n\t<meta property=\"og:image:width\" content=\"2000\" \/>\n\t<meta property=\"og:image:height\" content=\"2000\" \/>\n\t<meta property=\"og:image:type\" content=\"image\/webp\" \/>\n<meta name=\"twitter:card\" content=\"summary_large_image\" \/>\n<meta name=\"twitter:label1\" content=\"Ber\u00e4knad l\u00e4stid\" \/>\n\t<meta name=\"twitter:data1\" content=\"1 minut\" \/>\n<!-- \/ Yoast SEO plugin. -->","yoast_head_json":{"title":"TRUUSK Hollywood-sv\u00e4ng Gungstol Med Kuddar &amp; Justerbart Solsegel - M\u00f6rkgr\u00e5 F\u00f6r Tr\u00e4dg\u00e5rd &amp; Terrass - TRUUSK - Hem, Tr\u00e4dg\u00e5rd &amp; Fritid","robots":{"index":"index","follow":"follow","max-snippet":"max-snippet:-1","max-image-preview":"max-image-preview:large","max-video-preview":"max-video-preview:-1"},"canonical":"https:\/\/truusk.store\/sv\/produkt\/truusk-hollywood-svang-gungstol-med-kuddar-justerbart-solsegel-morkgra-for-tradgard-terrass\/","og_locale":"sv_SE","og_type":"article","og_title":"TRUUSK Hollywood-sv\u00e4ng Gungstol Med Kuddar &amp; Justerbart Solsegel - M\u00f6rkgr\u00e5 F\u00f6r Tr\u00e4dg\u00e5rd &amp; Terrass - TRUUSK - Hem, Tr\u00e4dg\u00e5rd &amp; Fritid","og_description":"Vill du utrusta din veranda eller terrass med bekv\u00e4ma m\u00f6bler? Med TRUUSK har du hittat r\u00e4tt! Den s\u00e4rskilt bekv\u00e4ma s\u00e4tet...","og_url":"https:\/\/truusk.store\/sv\/produkt\/truusk-hollywood-svang-gungstol-med-kuddar-justerbart-solsegel-morkgra-for-tradgard-terrass\/","og_site_name":"TRUUSK - Hem, Tr\u00e4dg\u00e5rd &amp; Fritid","article_modified_time":"2026-03-12T08:18:31+00:00","og_image":[{"width":2000,"height":2000,"url":"https:\/\/i0.wp.com\/truusk.se\/wp-content\/uploads\/2025\/06\/hollywood-svang-gungstol-med-kuddar-justerbart-solsegel-morkgra-for-tradgard-terrass-1.webp?fit=2000%2C2000&ssl=1","type":"image\/webp"}],"twitter_card":"summary_large_image","twitter_misc":{"Ber\u00e4knad l\u00e4stid":"1 minut"},"schema":{"@context":"https:\/\/schema.org","@graph":[{"@type":"WebPage","@id":"https:\/\/truusk.store\/sv\/produkt\/truusk-hollywood-svang-gungstol-med-kuddar-justerbart-solsegel-morkgra-for-tradgard-terrass\/","url":"https:\/\/truusk.store\/sv\/produkt\/truusk-hollywood-svang-gungstol-med-kuddar-justerbart-solsegel-morkgra-for-tradgard-terrass\/","name":"TRUUSK Hollywood-sv\u00e4ng Gungstol Med Kuddar &amp; Justerbart Solsegel - M\u00f6rkgr\u00e5 F\u00f6r Tr\u00e4dg\u00e5rd &amp; Terrass - TRUUSK - Hem, Tr\u00e4dg\u00e5rd &amp; Fritid","isPartOf":{"@id":"https:\/\/truusk.store\/sv\/#website"},"primaryImageOfPage":{"@id":"https:\/\/truusk.store\/sv\/produkt\/truusk-hollywood-svang-gungstol-med-kuddar-justerbart-solsegel-morkgra-for-tradgard-terrass\/#primaryimage"},"image":{"@id":"https:\/\/truusk.store\/sv\/produkt\/truusk-hollywood-svang-gungstol-med-kuddar-justerbart-solsegel-morkgra-for-tradgard-terrass\/#primaryimage"},"thumbnailUrl":"https:\/\/i0.wp.com\/truusk.store\/wp-content\/uploads\/2025\/06\/hollywood-svang-gungstol-med-kuddar-justerbart-solsegel-morkgra-for-tradgard-terrass-1.webp?fit=2000%2C2000&ssl=1","datePublished":"2025-06-04T21:53:41+00:00","dateModified":"2026-03-12T08:18:31+00:00","breadcrumb":{"@id":"https:\/\/truusk.store\/sv\/produkt\/truusk-hollywood-svang-gungstol-med-kuddar-justerbart-solsegel-morkgra-for-tradgard-terrass\/#breadcrumb"},"inLanguage":"sv-SE","potentialAction":[{"@type":"ReadAction","target":["https:\/\/truusk.store\/sv\/produkt\/truusk-hollywood-svang-gungstol-med-kuddar-justerbart-solsegel-morkgra-for-tradgard-terrass\/"]}]},{"@type":"ImageObject","inLanguage":"sv-SE","@id":"https:\/\/truusk.store\/sv\/produkt\/truusk-hollywood-svang-gungstol-med-kuddar-justerbart-solsegel-morkgra-for-tradgard-terrass\/#primaryimage","url":"https:\/\/i0.wp.com\/truusk.store\/wp-content\/uploads\/2025\/06\/hollywood-svang-gungstol-med-kuddar-justerbart-solsegel-morkgra-for-tradgard-terrass-1.webp?fit=2000%2C2000&ssl=1","contentUrl":"https:\/\/i0.wp.com\/truusk.store\/wp-content\/uploads\/2025\/06\/hollywood-svang-gungstol-med-kuddar-justerbart-solsegel-morkgra-for-tradgard-terrass-1.webp?fit=2000%2C2000&ssl=1","width":2000,"height":2000},{"@type":"BreadcrumbList","@id":"https:\/\/truusk.store\/sv\/produkt\/truusk-hollywood-svang-gungstol-med-kuddar-justerbart-solsegel-morkgra-for-tradgard-terrass\/#breadcrumb","itemListElement":[{"@type":"ListItem","position":1,"name":"Home","item":"https:\/\/truusk.store\/sv\/"},{"@type":"ListItem","position":2,"name":"Shop","item":"https:\/\/truusk.store\/shop\/"},{"@type":"ListItem","position":3,"name":"TRUUSK Hollywood-sv\u00e4ng Gungstol Med Kuddar &amp; Justerbart Solsegel &#8211; M\u00f6rkgr\u00e5 F\u00f6r Tr\u00e4dg\u00e5rd &amp; Terrass"}]},{"@type":"WebSite","@id":"https:\/\/truusk.store\/sv\/#website","url":"https:\/\/truusk.store\/sv\/","name":"TRUUSK - Hem, Tr\u00e4dg\u00e5rd & Fritid","description":"","publisher":{"@id":"https:\/\/truusk.store\/sv\/#organization"},"potentialAction":[{"@type":"SearchAction","target":{"@type":"EntryPoint","urlTemplate":"https:\/\/truusk.store\/sv\/?s={search_term_string}"},"query-input":{"@type":"PropertyValueSpecification","valueRequired":true,"valueName":"search_term_string"}}],"inLanguage":"sv-SE"},{"@type":"Organization","@id":"https:\/\/truusk.store\/sv\/#organization","name":"TRUUSK - Hem, Tr\u00e4dg\u00e5rd & Fritid","url":"https:\/\/truusk.store\/sv\/","logo":{"@type":"ImageObject","inLanguage":"sv-SE","@id":"https:\/\/truusk.store\/sv\/#\/schema\/logo\/image\/","url":"https:\/\/i0.wp.com\/truusk.store\/wp-content\/uploads\/2026\/03\/cropped-TRUUSK.png?fit=2032%2C917&ssl=1","contentUrl":"https:\/\/i0.wp.com\/truusk.store\/wp-content\/uploads\/2026\/03\/cropped-TRUUSK.png?fit=2032%2C917&ssl=1","width":2032,"height":917,"caption":"TRUUSK - Hem, Tr\u00e4dg\u00e5rd & Fritid"},"image":{"@id":"https:\/\/truusk.store\/sv\/#\/schema\/logo\/image\/"}}]}},"jetpack_sharing_enabled":true,"_links":{"self":[{"href":"https:\/\/truusk.store\/sv\/wp-json\/wp\/v2\/product\/58132","targetHints":{"allow":["GET"]}}],"collection":[{"href":"https:\/\/truusk.store\/sv\/wp-json\/wp\/v2\/product"}],"about":[{"href":"https:\/\/truusk.store\/sv\/wp-json\/wp\/v2\/types\/product"}],"wp:featuredmedia":[{"embeddable":true,"href":"https:\/\/truusk.store\/sv\/wp-json\/wp\/v2\/media\/58123"}],"wp:attachment":[{"href":"https:\/\/truusk.store\/sv\/wp-json\/wp\/v2\/media?parent=58132"}],"wp:term":[{"taxonomy":"product_brand","embeddable":true,"href":"https:\/\/truusk.store\/sv\/wp-json\/wp\/v2\/product_brand?post=58132"},{"taxonomy":"product_cat","embeddable":true,"href":"https:\/\/truusk.store\/sv\/wp-json\/wp\/v2\/product_cat?post=58132"},{"taxonomy":"product_tag","embeddable":true,"href":"https:\/\/truusk.store\/sv\/wp-json\/wp\/v2\/product_tag?post=58132"}],"curies":[{"name":"wp","href":"https:\/\/api.w.org\/{rel}","templated":true}]}}