{"id":58142,"date":"2025-06-04T22:54:30","date_gmt":"2025-06-04T21:54:30","guid":{"rendered":"https:\/\/truusk.store\/product\/faltbadd-med-forvaringsvaska-hopfallbar-campingbadd-campingstol-inkl-barvaska-stal-oxford-gron-190-x-68-x-52-cm\/"},"modified":"2026-03-12T09:05:31","modified_gmt":"2026-03-12T08:05:31","slug":"truusk-campingbadd-med-forvaringsvaska-hopfallbar-och-latt-stalram-oxfordmaterial-gron-190-x-68-x-52-cm","status":"publish","type":"product","link":"https:\/\/truusk.store\/sv\/produkt\/truusk-campingbadd-med-forvaringsvaska-hopfallbar-och-latt-stalram-oxfordmaterial-gron-190-x-68-x-52-cm\/","title":{"rendered":"TRUUSK Campingb\u00e4dd med F\u00f6rvaringsv\u00e4ska &#8211; Hopf\u00e4llbar och L\u00e4tt &#8211; St\u00e5lram &#8211; Oxfordmaterial &#8211; Gr\u00f6n &#8211; 190 x 68 x 52 cm"},"content":{"rendered":"<p>Alltid bekv\u00e4mt att ligga, \u00e4ven p\u00e5 resande fot eller p\u00e5 resor. Med v\u00e5r l\u00e4tta att transportera f\u00e4ltb\u00e4dd fr\u00e5n TRUUSK \u00e4r det inget problem. S\u00e4ngen \u00e4r hopf\u00e4llbar f\u00f6r snabb montering och demontering. Den slitstarka Oxford\u00f6verdraget \u00e4r v\u00e4der- och rivbest\u00e4ndigt och kan b\u00e4ra upp till 150 kg. Den pulverlackerade ramen \u00e4r robust och v\u00e4derbest\u00e4ndig och \u00e4r idealisk f\u00f6r din n\u00e4sta utomhusutflykt.<\/p>\n<p>Beskrivning:<\/p>\n<ul>\n<li> Idealisk f\u00f6r camping eller som g\u00e4sts\u00e4ng och l\u00e4tt att transportera<\/li>\n<li> Den pulverlackerade st\u00e5lramen g\u00f6r s\u00e4ngen mycket robust<\/li>\n<li> 600D Oxford\u00f6verdraget med plastbel\u00e4ggning \u00e4r vatten- och rivbest\u00e4ndigt<\/li>\n<li> En liten sidoficka erbjuder plats f\u00f6r mobiltelefon, nycklar eller andra sm\u00e5 f\u00f6rem\u00e5l<\/li>\n<li> B\u00e4rkapacitet upp till 150 kg<\/li>\n<li> H\u00f6jd position f\u00f6r mer komfort vid s\u00f6mn<\/li>\n<li> Inkl. b\u00e4rv\u00e4ska f\u00f6r enkel transport och f\u00f6rvaring<\/li>\n<\/ul>\n<p>Tekniska data:<\/p>\n<ul>\n<li> F\u00e4rg: Gr\u00f6n<\/li>\n<li> Material: St\u00e5l, Oxford<\/li>\n<li> M\u00e5tt: 190L x 68B x 52H cm<\/li>\n<li> M\u00e5tt (hopf\u00e4lld): 21L x 16B x 104H cm<\/li>\n<li> M\u00e5tt (b\u00e4rv\u00e4ska): 114L x 34B cm<\/li>\n<li> B\u00e4rkapacitet: 150 kg<\/li>\n<\/ul>\n<p>Leveransinneh\u00e5ll:<\/p>\n<ul>\n<li> 1 x F\u00e4ltb\u00e4dd<\/li>\n<li> 1 x B\u00e4rv\u00e4ska<\/li>\n<li> 1 x Bruksanvisning<\/li>\n<\/ul>\n","protected":false},"excerpt":{"rendered":"<p>Alltid bekv\u00e4mt att ligga, \u00e4ven p\u00e5 resande fot eller p\u00e5 resor. Med v\u00e5r l\u00e4tta att transportera f\u00e4ltb\u00e4dd fr\u00e5n TRUUSK \u00e4r&#8230;<\/p>\n","protected":false},"featured_media":58133,"template":"","meta":[],"product_brand":[],"product_cat":[648,887,647],"product_tag":[],"class_list":{"0":"post-58142","1":"product","2":"type-product","3":"status-publish","4":"has-post-thumbnail","6":"product_cat-camping-tillbehor","7":"product_cat-faltbaddar","8":"product_cat-sport-fritid","10":"first","11":"instock","12":"sale","13":"taxable","14":"shipping-taxable","15":"purchasable","16":"product-type-simple"},"yoast_head":"<!-- This site is optimized with the Yoast SEO plugin v25.4 - https:\/\/yoast.com\/wordpress\/plugins\/seo\/ -->\n<title>TRUUSK Campingb\u00e4dd med F\u00f6rvaringsv\u00e4ska - Hopf\u00e4llbar och L\u00e4tt - St\u00e5lram - Oxfordmaterial - Gr\u00f6n - 190 x 68 x 52 cm - TRUUSK - Hem, Tr\u00e4dg\u00e5rd &amp; Fritid<\/title>\n<meta name=\"robots\" content=\"index, follow, max-snippet:-1, max-image-preview:large, max-video-preview:-1\" \/>\n<link rel=\"canonical\" href=\"https:\/\/truusk.store\/sv\/produkt\/truusk-campingbadd-med-forvaringsvaska-hopfallbar-och-latt-stalram-oxfordmaterial-gron-190-x-68-x-52-cm\/\" \/>\n<meta property=\"og:locale\" content=\"sv_SE\" \/>\n<meta property=\"og:type\" content=\"article\" \/>\n<meta property=\"og:title\" content=\"TRUUSK Campingb\u00e4dd med F\u00f6rvaringsv\u00e4ska - Hopf\u00e4llbar och L\u00e4tt - St\u00e5lram - Oxfordmaterial - Gr\u00f6n - 190 x 68 x 52 cm - TRUUSK - Hem, Tr\u00e4dg\u00e5rd &amp; Fritid\" \/>\n<meta property=\"og:description\" content=\"Alltid bekv\u00e4mt att ligga, \u00e4ven p\u00e5 resande fot eller p\u00e5 resor. Med v\u00e5r l\u00e4tta att transportera f\u00e4ltb\u00e4dd fr\u00e5n TRUUSK \u00e4r...\" \/>\n<meta property=\"og:url\" content=\"https:\/\/truusk.store\/sv\/produkt\/truusk-campingbadd-med-forvaringsvaska-hopfallbar-och-latt-stalram-oxfordmaterial-gron-190-x-68-x-52-cm\/\" \/>\n<meta property=\"og:site_name\" content=\"TRUUSK - Hem, Tr\u00e4dg\u00e5rd &amp; Fritid\" \/>\n<meta property=\"article:modified_time\" content=\"2026-03-12T08:05:31+00:00\" \/>\n<meta property=\"og:image\" content=\"https:\/\/i0.wp.com\/truusk.se\/wp-content\/uploads\/2025\/06\/faltbadd-med-forvaringsvaska-hopfallbar-campingbadd-campingstol-inkl-barvaska-stal-oxford-gron-190-x-68-x-52-cm-1.webp?fit=2000%2C2000&ssl=1\" \/>\n\t<meta property=\"og:image:width\" content=\"2000\" \/>\n\t<meta property=\"og:image:height\" content=\"2000\" \/>\n\t<meta property=\"og:image:type\" content=\"image\/webp\" \/>\n<meta name=\"twitter:card\" content=\"summary_large_image\" \/>\n<meta name=\"twitter:label1\" content=\"Ber\u00e4knad l\u00e4stid\" \/>\n\t<meta name=\"twitter:data1\" content=\"1 minut\" \/>\n<!-- \/ Yoast SEO plugin. -->","yoast_head_json":{"title":"TRUUSK Campingb\u00e4dd med F\u00f6rvaringsv\u00e4ska - Hopf\u00e4llbar och L\u00e4tt - St\u00e5lram - Oxfordmaterial - Gr\u00f6n - 190 x 68 x 52 cm - TRUUSK - Hem, Tr\u00e4dg\u00e5rd &amp; Fritid","robots":{"index":"index","follow":"follow","max-snippet":"max-snippet:-1","max-image-preview":"max-image-preview:large","max-video-preview":"max-video-preview:-1"},"canonical":"https:\/\/truusk.store\/sv\/produkt\/truusk-campingbadd-med-forvaringsvaska-hopfallbar-och-latt-stalram-oxfordmaterial-gron-190-x-68-x-52-cm\/","og_locale":"sv_SE","og_type":"article","og_title":"TRUUSK Campingb\u00e4dd med F\u00f6rvaringsv\u00e4ska - Hopf\u00e4llbar och L\u00e4tt - St\u00e5lram - Oxfordmaterial - Gr\u00f6n - 190 x 68 x 52 cm - TRUUSK - Hem, Tr\u00e4dg\u00e5rd &amp; Fritid","og_description":"Alltid bekv\u00e4mt att ligga, \u00e4ven p\u00e5 resande fot eller p\u00e5 resor. Med v\u00e5r l\u00e4tta att transportera f\u00e4ltb\u00e4dd fr\u00e5n TRUUSK \u00e4r...","og_url":"https:\/\/truusk.store\/sv\/produkt\/truusk-campingbadd-med-forvaringsvaska-hopfallbar-och-latt-stalram-oxfordmaterial-gron-190-x-68-x-52-cm\/","og_site_name":"TRUUSK - Hem, Tr\u00e4dg\u00e5rd &amp; Fritid","article_modified_time":"2026-03-12T08:05:31+00:00","og_image":[{"width":2000,"height":2000,"url":"https:\/\/i0.wp.com\/truusk.se\/wp-content\/uploads\/2025\/06\/faltbadd-med-forvaringsvaska-hopfallbar-campingbadd-campingstol-inkl-barvaska-stal-oxford-gron-190-x-68-x-52-cm-1.webp?fit=2000%2C2000&ssl=1","type":"image\/webp"}],"twitter_card":"summary_large_image","twitter_misc":{"Ber\u00e4knad l\u00e4stid":"1 minut"},"schema":{"@context":"https:\/\/schema.org","@graph":[{"@type":"WebPage","@id":"https:\/\/truusk.store\/sv\/produkt\/truusk-campingbadd-med-forvaringsvaska-hopfallbar-och-latt-stalram-oxfordmaterial-gron-190-x-68-x-52-cm\/","url":"https:\/\/truusk.store\/sv\/produkt\/truusk-campingbadd-med-forvaringsvaska-hopfallbar-och-latt-stalram-oxfordmaterial-gron-190-x-68-x-52-cm\/","name":"TRUUSK Campingb\u00e4dd med F\u00f6rvaringsv\u00e4ska - Hopf\u00e4llbar och L\u00e4tt - St\u00e5lram - Oxfordmaterial - Gr\u00f6n - 190 x 68 x 52 cm - TRUUSK - Hem, Tr\u00e4dg\u00e5rd &amp; Fritid","isPartOf":{"@id":"https:\/\/truusk.store\/sv\/#website"},"primaryImageOfPage":{"@id":"https:\/\/truusk.store\/sv\/produkt\/truusk-campingbadd-med-forvaringsvaska-hopfallbar-och-latt-stalram-oxfordmaterial-gron-190-x-68-x-52-cm\/#primaryimage"},"image":{"@id":"https:\/\/truusk.store\/sv\/produkt\/truusk-campingbadd-med-forvaringsvaska-hopfallbar-och-latt-stalram-oxfordmaterial-gron-190-x-68-x-52-cm\/#primaryimage"},"thumbnailUrl":"https:\/\/i0.wp.com\/truusk.store\/wp-content\/uploads\/2025\/06\/faltbadd-med-forvaringsvaska-hopfallbar-campingbadd-campingstol-inkl-barvaska-stal-oxford-gron-190-x-68-x-52-cm-1.webp?fit=2000%2C2000&ssl=1","datePublished":"2025-06-04T21:54:30+00:00","dateModified":"2026-03-12T08:05:31+00:00","breadcrumb":{"@id":"https:\/\/truusk.store\/sv\/produkt\/truusk-campingbadd-med-forvaringsvaska-hopfallbar-och-latt-stalram-oxfordmaterial-gron-190-x-68-x-52-cm\/#breadcrumb"},"inLanguage":"sv-SE","potentialAction":[{"@type":"ReadAction","target":["https:\/\/truusk.store\/sv\/produkt\/truusk-campingbadd-med-forvaringsvaska-hopfallbar-och-latt-stalram-oxfordmaterial-gron-190-x-68-x-52-cm\/"]}]},{"@type":"ImageObject","inLanguage":"sv-SE","@id":"https:\/\/truusk.store\/sv\/produkt\/truusk-campingbadd-med-forvaringsvaska-hopfallbar-och-latt-stalram-oxfordmaterial-gron-190-x-68-x-52-cm\/#primaryimage","url":"https:\/\/i0.wp.com\/truusk.store\/wp-content\/uploads\/2025\/06\/faltbadd-med-forvaringsvaska-hopfallbar-campingbadd-campingstol-inkl-barvaska-stal-oxford-gron-190-x-68-x-52-cm-1.webp?fit=2000%2C2000&ssl=1","contentUrl":"https:\/\/i0.wp.com\/truusk.store\/wp-content\/uploads\/2025\/06\/faltbadd-med-forvaringsvaska-hopfallbar-campingbadd-campingstol-inkl-barvaska-stal-oxford-gron-190-x-68-x-52-cm-1.webp?fit=2000%2C2000&ssl=1","width":2000,"height":2000},{"@type":"BreadcrumbList","@id":"https:\/\/truusk.store\/sv\/produkt\/truusk-campingbadd-med-forvaringsvaska-hopfallbar-och-latt-stalram-oxfordmaterial-gron-190-x-68-x-52-cm\/#breadcrumb","itemListElement":[{"@type":"ListItem","position":1,"name":"Home","item":"https:\/\/truusk.store\/sv\/"},{"@type":"ListItem","position":2,"name":"Shop","item":"https:\/\/truusk.store\/shop\/"},{"@type":"ListItem","position":3,"name":"TRUUSK Campingb\u00e4dd med F\u00f6rvaringsv\u00e4ska &#8211; Hopf\u00e4llbar och L\u00e4tt &#8211; St\u00e5lram &#8211; Oxfordmaterial &#8211; Gr\u00f6n &#8211; 190 x 68 x 52 cm"}]},{"@type":"WebSite","@id":"https:\/\/truusk.store\/sv\/#website","url":"https:\/\/truusk.store\/sv\/","name":"TRUUSK - Hem, Tr\u00e4dg\u00e5rd & Fritid","description":"","publisher":{"@id":"https:\/\/truusk.store\/sv\/#organization"},"potentialAction":[{"@type":"SearchAction","target":{"@type":"EntryPoint","urlTemplate":"https:\/\/truusk.store\/sv\/?s={search_term_string}"},"query-input":{"@type":"PropertyValueSpecification","valueRequired":true,"valueName":"search_term_string"}}],"inLanguage":"sv-SE"},{"@type":"Organization","@id":"https:\/\/truusk.store\/sv\/#organization","name":"TRUUSK - Hem, Tr\u00e4dg\u00e5rd & Fritid","url":"https:\/\/truusk.store\/sv\/","logo":{"@type":"ImageObject","inLanguage":"sv-SE","@id":"https:\/\/truusk.store\/sv\/#\/schema\/logo\/image\/","url":"https:\/\/i0.wp.com\/truusk.store\/wp-content\/uploads\/2026\/03\/cropped-TRUUSK.png?fit=2032%2C917&ssl=1","contentUrl":"https:\/\/i0.wp.com\/truusk.store\/wp-content\/uploads\/2026\/03\/cropped-TRUUSK.png?fit=2032%2C917&ssl=1","width":2032,"height":917,"caption":"TRUUSK - Hem, Tr\u00e4dg\u00e5rd & Fritid"},"image":{"@id":"https:\/\/truusk.store\/sv\/#\/schema\/logo\/image\/"}}]}},"jetpack_sharing_enabled":true,"_links":{"self":[{"href":"https:\/\/truusk.store\/sv\/wp-json\/wp\/v2\/product\/58142","targetHints":{"allow":["GET"]}}],"collection":[{"href":"https:\/\/truusk.store\/sv\/wp-json\/wp\/v2\/product"}],"about":[{"href":"https:\/\/truusk.store\/sv\/wp-json\/wp\/v2\/types\/product"}],"wp:featuredmedia":[{"embeddable":true,"href":"https:\/\/truusk.store\/sv\/wp-json\/wp\/v2\/media\/58133"}],"wp:attachment":[{"href":"https:\/\/truusk.store\/sv\/wp-json\/wp\/v2\/media?parent=58142"}],"wp:term":[{"taxonomy":"product_brand","embeddable":true,"href":"https:\/\/truusk.store\/sv\/wp-json\/wp\/v2\/product_brand?post=58142"},{"taxonomy":"product_cat","embeddable":true,"href":"https:\/\/truusk.store\/sv\/wp-json\/wp\/v2\/product_cat?post=58142"},{"taxonomy":"product_tag","embeddable":true,"href":"https:\/\/truusk.store\/sv\/wp-json\/wp\/v2\/product_tag?post=58142"}],"curies":[{"name":"wp","href":"https:\/\/api.w.org\/{rel}","templated":true}]}}