{"id":58152,"date":"2025-06-04T22:55:31","date_gmt":"2025-06-04T21:55:31","guid":{"rendered":"https:\/\/truusk.store\/product\/klatterstod-justerbart-vaxtstod-vaxtgaller-spalje-vaxtstallning-med-nat-for-tradgard-stalram-gron-180-x-100-x-180-cm\/"},"modified":"2026-03-12T09:18:13","modified_gmt":"2026-03-12T08:18:13","slug":"truusk-justerbart-vaxtstod-med-nat-stalram-gron-180x100x180-cm","status":"publish","type":"product","link":"https:\/\/truusk.store\/sv\/produkt\/truusk-justerbart-vaxtstod-med-nat-stalram-gron-180x100x180-cm\/","title":{"rendered":"TRUUSK Justerbart V\u00e4xtst\u00f6d &#8211; Med N\u00e4t &#8211; St\u00e5lram &#8211; Gr\u00f6n &#8211; 180x100x180 cm"},"content":{"rendered":"<p>Detta kl\u00e4tterst\u00e4ll fr\u00e5n TRUUSK har ett praktiskt plantskyddsn\u00e4t och ger dina v\u00e4xter det st\u00f6d de beh\u00f6ver f\u00f6r en sund tillv\u00e4xt. Var och en av de tv\u00e5 gitterv\u00e4ggarna bildar en underbar kl\u00e4tteryta f\u00f6r kl\u00e4tterv\u00e4xter. Den robusta, pulverlackerade st\u00e5lramen \u00e4r idealisk f\u00f6r utomhusbruk. Mitt i det gr\u00f6na syns kl\u00e4tterst\u00e4llet knappt tack vare den gr\u00f6na f\u00e4rgen. Det kan anv\u00e4ndas i tr\u00e4dg\u00e5rden eller kombineras med en upph\u00f6jd b\u00e4dd.<\/p>\n<p>Beskrivning:<\/p>\n<ul>\n<li> Spetsigt takdesign erbjuder tv\u00e5 gitter f\u00f6r st\u00f6d av kl\u00e4tterv\u00e4xter<\/li>\n<li> St\u00e5lram med pulverlackering f\u00f6r l\u00e5ng h\u00e5llbarhet<\/li>\n<li> Levereras med plantskyddsn\u00e4t<\/li>\n<li> Justerbart horisontellt och vertikalt avst\u00e5nd<\/li>\n<li> Tryck de spetsiga f\u00f6tterna f\u00f6r mer stabilitet i marken<\/li>\n<li> Perfekt f\u00f6r gurkor, \u00e4rtor, tomater, auberginer, vin, etc.<\/li>\n<li> Kan anv\u00e4ndas i upph\u00f6jda b\u00e4ddar eller i tr\u00e4dg\u00e5rden<\/li>\n<li> Enkel att s\u00e4tta upp<\/li>\n<\/ul>\n<p> Tekniska data:<\/p>\n<ul>\n<li> F\u00e4rg: Gr\u00f6n<\/li>\n<li> Material: St\u00e5l+PE (ram), Plast (kopplingar)<\/li>\n<li> Totala m\u00e5tt: 180L x 100B x 180H cm<\/li>\n<li> Rekommenderat vertikalt avst\u00e5nd: 60 cm<\/li>\n<\/ul>\n<p>Leveransinneh\u00e5ll:<\/p>\n<ul>\n<li> 1 x Kl\u00e4tterst\u00e4ll<\/li>\n<li> 1 x N\u00e4t<\/li>\n<li> 12 x Plastkl\u00e4mmor<\/li>\n<li> 12 x Metallkl\u00e4mmor<\/li>\n<li> 1 x Instruktioner<\/li>\n<\/ul>\n","protected":false},"excerpt":{"rendered":"<p>Detta kl\u00e4tterst\u00e4ll fr\u00e5n TRUUSK har ett praktiskt plantskyddsn\u00e4t och ger dina v\u00e4xter det st\u00f6d de beh\u00f6ver f\u00f6r en sund tillv\u00e4xt&#8230;.<\/p>\n","protected":false},"featured_media":58143,"template":"","meta":[],"product_brand":[],"product_cat":[922,858,443],"product_tag":[],"class_list":{"0":"post-58152","1":"product","2":"type-product","3":"status-publish","4":"has-post-thumbnail","6":"product_cat-planteringskarl","7":"product_cat-tradgard-terrass","8":"product_cat-vaxthus-tradgardsskotsel","10":"first","11":"instock","12":"sale","13":"taxable","14":"shipping-taxable","15":"purchasable","16":"product-type-simple"},"yoast_head":"<!-- This site is optimized with the Yoast SEO plugin v25.4 - https:\/\/yoast.com\/wordpress\/plugins\/seo\/ -->\n<title>TRUUSK Justerbart V\u00e4xtst\u00f6d - Med N\u00e4t - St\u00e5lram - Gr\u00f6n - 180x100x180 cm - TRUUSK - Hem, Tr\u00e4dg\u00e5rd &amp; Fritid<\/title>\n<meta name=\"robots\" content=\"index, follow, max-snippet:-1, max-image-preview:large, max-video-preview:-1\" \/>\n<link rel=\"canonical\" href=\"https:\/\/truusk.store\/sv\/produkt\/truusk-justerbart-vaxtstod-med-nat-stalram-gron-180x100x180-cm\/\" \/>\n<meta property=\"og:locale\" content=\"sv_SE\" \/>\n<meta property=\"og:type\" content=\"article\" \/>\n<meta property=\"og:title\" content=\"TRUUSK Justerbart V\u00e4xtst\u00f6d - Med N\u00e4t - St\u00e5lram - Gr\u00f6n - 180x100x180 cm - TRUUSK - Hem, Tr\u00e4dg\u00e5rd &amp; Fritid\" \/>\n<meta property=\"og:description\" content=\"Detta kl\u00e4tterst\u00e4ll fr\u00e5n TRUUSK har ett praktiskt plantskyddsn\u00e4t och ger dina v\u00e4xter det st\u00f6d de beh\u00f6ver f\u00f6r en sund tillv\u00e4xt....\" \/>\n<meta property=\"og:url\" content=\"https:\/\/truusk.store\/sv\/produkt\/truusk-justerbart-vaxtstod-med-nat-stalram-gron-180x100x180-cm\/\" \/>\n<meta property=\"og:site_name\" content=\"TRUUSK - Hem, Tr\u00e4dg\u00e5rd &amp; Fritid\" \/>\n<meta property=\"article:modified_time\" content=\"2026-03-12T08:18:13+00:00\" \/>\n<meta property=\"og:image\" content=\"https:\/\/i0.wp.com\/truusk.se\/wp-content\/uploads\/2025\/06\/klatterstod-justerbart-vaxtstod-vaxtgaller-spalje-vaxtstallning-med-nat-for-tradgard-stalram-gron-180-x-100-x-180-cm-1.webp?fit=2000%2C2000&ssl=1\" \/>\n\t<meta property=\"og:image:width\" content=\"2000\" \/>\n\t<meta property=\"og:image:height\" content=\"2000\" \/>\n\t<meta property=\"og:image:type\" content=\"image\/webp\" \/>\n<meta name=\"twitter:card\" content=\"summary_large_image\" \/>\n<meta name=\"twitter:label1\" content=\"Ber\u00e4knad l\u00e4stid\" \/>\n\t<meta name=\"twitter:data1\" content=\"1 minut\" \/>\n<!-- \/ Yoast SEO plugin. -->","yoast_head_json":{"title":"TRUUSK Justerbart V\u00e4xtst\u00f6d - Med N\u00e4t - St\u00e5lram - Gr\u00f6n - 180x100x180 cm - TRUUSK - Hem, Tr\u00e4dg\u00e5rd &amp; Fritid","robots":{"index":"index","follow":"follow","max-snippet":"max-snippet:-1","max-image-preview":"max-image-preview:large","max-video-preview":"max-video-preview:-1"},"canonical":"https:\/\/truusk.store\/sv\/produkt\/truusk-justerbart-vaxtstod-med-nat-stalram-gron-180x100x180-cm\/","og_locale":"sv_SE","og_type":"article","og_title":"TRUUSK Justerbart V\u00e4xtst\u00f6d - Med N\u00e4t - St\u00e5lram - Gr\u00f6n - 180x100x180 cm - TRUUSK - Hem, Tr\u00e4dg\u00e5rd &amp; Fritid","og_description":"Detta kl\u00e4tterst\u00e4ll fr\u00e5n TRUUSK har ett praktiskt plantskyddsn\u00e4t och ger dina v\u00e4xter det st\u00f6d de beh\u00f6ver f\u00f6r en sund tillv\u00e4xt....","og_url":"https:\/\/truusk.store\/sv\/produkt\/truusk-justerbart-vaxtstod-med-nat-stalram-gron-180x100x180-cm\/","og_site_name":"TRUUSK - Hem, Tr\u00e4dg\u00e5rd &amp; Fritid","article_modified_time":"2026-03-12T08:18:13+00:00","og_image":[{"width":2000,"height":2000,"url":"https:\/\/i0.wp.com\/truusk.se\/wp-content\/uploads\/2025\/06\/klatterstod-justerbart-vaxtstod-vaxtgaller-spalje-vaxtstallning-med-nat-for-tradgard-stalram-gron-180-x-100-x-180-cm-1.webp?fit=2000%2C2000&ssl=1","type":"image\/webp"}],"twitter_card":"summary_large_image","twitter_misc":{"Ber\u00e4knad l\u00e4stid":"1 minut"},"schema":{"@context":"https:\/\/schema.org","@graph":[{"@type":"WebPage","@id":"https:\/\/truusk.store\/sv\/produkt\/truusk-justerbart-vaxtstod-med-nat-stalram-gron-180x100x180-cm\/","url":"https:\/\/truusk.store\/sv\/produkt\/truusk-justerbart-vaxtstod-med-nat-stalram-gron-180x100x180-cm\/","name":"TRUUSK Justerbart V\u00e4xtst\u00f6d - Med N\u00e4t - St\u00e5lram - Gr\u00f6n - 180x100x180 cm - TRUUSK - Hem, Tr\u00e4dg\u00e5rd &amp; Fritid","isPartOf":{"@id":"https:\/\/truusk.store\/sv\/#website"},"primaryImageOfPage":{"@id":"https:\/\/truusk.store\/sv\/produkt\/truusk-justerbart-vaxtstod-med-nat-stalram-gron-180x100x180-cm\/#primaryimage"},"image":{"@id":"https:\/\/truusk.store\/sv\/produkt\/truusk-justerbart-vaxtstod-med-nat-stalram-gron-180x100x180-cm\/#primaryimage"},"thumbnailUrl":"https:\/\/i0.wp.com\/truusk.store\/wp-content\/uploads\/2025\/06\/klatterstod-justerbart-vaxtstod-vaxtgaller-spalje-vaxtstallning-med-nat-for-tradgard-stalram-gron-180-x-100-x-180-cm-1.webp?fit=2000%2C2000&ssl=1","datePublished":"2025-06-04T21:55:31+00:00","dateModified":"2026-03-12T08:18:13+00:00","breadcrumb":{"@id":"https:\/\/truusk.store\/sv\/produkt\/truusk-justerbart-vaxtstod-med-nat-stalram-gron-180x100x180-cm\/#breadcrumb"},"inLanguage":"sv-SE","potentialAction":[{"@type":"ReadAction","target":["https:\/\/truusk.store\/sv\/produkt\/truusk-justerbart-vaxtstod-med-nat-stalram-gron-180x100x180-cm\/"]}]},{"@type":"ImageObject","inLanguage":"sv-SE","@id":"https:\/\/truusk.store\/sv\/produkt\/truusk-justerbart-vaxtstod-med-nat-stalram-gron-180x100x180-cm\/#primaryimage","url":"https:\/\/i0.wp.com\/truusk.store\/wp-content\/uploads\/2025\/06\/klatterstod-justerbart-vaxtstod-vaxtgaller-spalje-vaxtstallning-med-nat-for-tradgard-stalram-gron-180-x-100-x-180-cm-1.webp?fit=2000%2C2000&ssl=1","contentUrl":"https:\/\/i0.wp.com\/truusk.store\/wp-content\/uploads\/2025\/06\/klatterstod-justerbart-vaxtstod-vaxtgaller-spalje-vaxtstallning-med-nat-for-tradgard-stalram-gron-180-x-100-x-180-cm-1.webp?fit=2000%2C2000&ssl=1","width":2000,"height":2000},{"@type":"BreadcrumbList","@id":"https:\/\/truusk.store\/sv\/produkt\/truusk-justerbart-vaxtstod-med-nat-stalram-gron-180x100x180-cm\/#breadcrumb","itemListElement":[{"@type":"ListItem","position":1,"name":"Home","item":"https:\/\/truusk.store\/sv\/"},{"@type":"ListItem","position":2,"name":"Shop","item":"https:\/\/truusk.store\/shop\/"},{"@type":"ListItem","position":3,"name":"TRUUSK Justerbart V\u00e4xtst\u00f6d &#8211; Med N\u00e4t &#8211; St\u00e5lram &#8211; Gr\u00f6n &#8211; 180x100x180 cm"}]},{"@type":"WebSite","@id":"https:\/\/truusk.store\/sv\/#website","url":"https:\/\/truusk.store\/sv\/","name":"TRUUSK - Hem, Tr\u00e4dg\u00e5rd & Fritid","description":"","publisher":{"@id":"https:\/\/truusk.store\/sv\/#organization"},"potentialAction":[{"@type":"SearchAction","target":{"@type":"EntryPoint","urlTemplate":"https:\/\/truusk.store\/sv\/?s={search_term_string}"},"query-input":{"@type":"PropertyValueSpecification","valueRequired":true,"valueName":"search_term_string"}}],"inLanguage":"sv-SE"},{"@type":"Organization","@id":"https:\/\/truusk.store\/sv\/#organization","name":"TRUUSK - Hem, Tr\u00e4dg\u00e5rd & Fritid","url":"https:\/\/truusk.store\/sv\/","logo":{"@type":"ImageObject","inLanguage":"sv-SE","@id":"https:\/\/truusk.store\/sv\/#\/schema\/logo\/image\/","url":"https:\/\/i0.wp.com\/truusk.store\/wp-content\/uploads\/2026\/03\/cropped-TRUUSK.png?fit=2032%2C917&ssl=1","contentUrl":"https:\/\/i0.wp.com\/truusk.store\/wp-content\/uploads\/2026\/03\/cropped-TRUUSK.png?fit=2032%2C917&ssl=1","width":2032,"height":917,"caption":"TRUUSK - Hem, Tr\u00e4dg\u00e5rd & Fritid"},"image":{"@id":"https:\/\/truusk.store\/sv\/#\/schema\/logo\/image\/"}}]}},"jetpack_sharing_enabled":true,"_links":{"self":[{"href":"https:\/\/truusk.store\/sv\/wp-json\/wp\/v2\/product\/58152","targetHints":{"allow":["GET"]}}],"collection":[{"href":"https:\/\/truusk.store\/sv\/wp-json\/wp\/v2\/product"}],"about":[{"href":"https:\/\/truusk.store\/sv\/wp-json\/wp\/v2\/types\/product"}],"wp:featuredmedia":[{"embeddable":true,"href":"https:\/\/truusk.store\/sv\/wp-json\/wp\/v2\/media\/58143"}],"wp:attachment":[{"href":"https:\/\/truusk.store\/sv\/wp-json\/wp\/v2\/media?parent=58152"}],"wp:term":[{"taxonomy":"product_brand","embeddable":true,"href":"https:\/\/truusk.store\/sv\/wp-json\/wp\/v2\/product_brand?post=58152"},{"taxonomy":"product_cat","embeddable":true,"href":"https:\/\/truusk.store\/sv\/wp-json\/wp\/v2\/product_cat?post=58152"},{"taxonomy":"product_tag","embeddable":true,"href":"https:\/\/truusk.store\/sv\/wp-json\/wp\/v2\/product_tag?post=58152"}],"curies":[{"name":"wp","href":"https:\/\/api.w.org\/{rel}","templated":true}]}}