{"id":58162,"date":"2025-06-04T22:56:26","date_gmt":"2025-06-04T21:56:26","guid":{"rendered":"https:\/\/truusk.store\/product\/strandmatta-2-pack-vikbar-justerbar-med-barvaska-och-tidningsficka-stal-och-oxford-tyg-i-blatt-och-vitt\/"},"modified":"2026-03-12T09:26:09","modified_gmt":"2026-03-12T08:26:09","slug":"truusk-strandmatta-2-pack-vikbar-och-justerbar-med-barvaska-och-tidningsficka-stal-och-oxford-tyg-blatt-och-vitt","status":"publish","type":"product","link":"https:\/\/truusk.store\/sv\/produkt\/truusk-strandmatta-2-pack-vikbar-och-justerbar-med-barvaska-och-tidningsficka-stal-och-oxford-tyg-blatt-och-vitt\/","title":{"rendered":"TRUUSK Strandmatta 2-pack &#8211; Vikbar och Justerbar &#8211; Med B\u00e4rv\u00e4ska och Tidningsficka &#8211; St\u00e5l och Oxford-tyg &#8211; Bl\u00e5tt och Vitt"},"content":{"rendered":"<p>Om det finns n\u00e5got du beh\u00f6ver p\u00e5 stranden denna sommar, s\u00e5 \u00e4r det dessa strandstolar fr\u00e5n TRUUSK. De \u00e4r en riktig uppgradering fr\u00e5n den vanliga strandhandduken, med en robust st\u00e5lram och en behaglig tygbekl\u00e4dnad. Strandstolen kan snabbt f\u00e4llas ihop och levereras med en b\u00e4rv\u00e4ska. Tack vare den mjuka stoppningen, st\u00f6ds din kropp optimalt, s\u00e5 att du kan njuta av strandsemestern bekv\u00e4mt.<\/p>\n<p>Beskrivning:<\/p>\n<ul>\n<li> Kan f\u00e4llas ihop till ett kompakt format f\u00f6r att underl\u00e4tta transport och f\u00f6rvaring<\/li>\n<li> Ryggst\u00f6d med sidoficka med dragkedja f\u00f6r tidningar<\/li>\n<li> Justerbart ryggst\u00f6d<\/li>\n<li> Slitstarkt \u00f6verdrag av Oxford-polyester<\/li>\n<li> Inklusive b\u00e4rv\u00e4ska<\/li>\n<\/ul>\n<p>Tekniska data:<\/p>\n<ul>\n<li> F\u00e4rg: Bl\u00e5+Vit<\/li>\n<li> Material: St\u00e5l, Polyester<\/li>\n<li> Totala dimensioner: 142L x 51B x 40H cm<\/li>\n<li> F\u00e4llm\u00e5tt: 51L x 51B x 3,5H cm<\/li>\n<li> Sittplats: 100L x 51B cm<\/li>\n<li> Ryggst\u00f6dets dimensioner: 50L x 51B cm<\/li>\n<li> B\u00e4rf\u00f6rm\u00e5ga: 110 kg<\/li>\n<\/ul>\n<p>Leveransinneh\u00e5ll:<\/p>\n<ul>\n<li> 2 x Strandstol<\/li>\n<li> 1 x B\u00e4rv\u00e4ska<\/li>\n<li> 1 x Handbok<\/li>\n<\/ul>\n","protected":false},"excerpt":{"rendered":"<p>Om det finns n\u00e5got du beh\u00f6ver p\u00e5 stranden denna sommar, s\u00e5 \u00e4r det dessa strandstolar fr\u00e5n TRUUSK. De \u00e4r en&#8230;<\/p>\n","protected":false},"featured_media":58153,"template":"","meta":[],"product_brand":[],"product_cat":[451,858,450],"product_tag":[],"class_list":{"0":"post-58162","1":"product","2":"type-product","3":"status-publish","4":"has-post-thumbnail","6":"product_cat-solstolar","7":"product_cat-tradgard-terrass","8":"product_cat-tradgardsmobler","10":"first","11":"instock","12":"sale","13":"taxable","14":"shipping-taxable","15":"purchasable","16":"product-type-simple"},"yoast_head":"<!-- This site is optimized with the Yoast SEO plugin v25.4 - https:\/\/yoast.com\/wordpress\/plugins\/seo\/ -->\n<title>TRUUSK Strandmatta 2-pack - Vikbar och Justerbar - Med B\u00e4rv\u00e4ska och Tidningsficka - St\u00e5l och Oxford-tyg - Bl\u00e5tt och Vitt - TRUUSK - Hem, Tr\u00e4dg\u00e5rd &amp; Fritid<\/title>\n<meta name=\"robots\" content=\"index, follow, max-snippet:-1, max-image-preview:large, max-video-preview:-1\" \/>\n<link rel=\"canonical\" href=\"https:\/\/truusk.store\/sv\/produkt\/truusk-strandmatta-2-pack-vikbar-och-justerbar-med-barvaska-och-tidningsficka-stal-och-oxford-tyg-blatt-och-vitt\/\" \/>\n<meta property=\"og:locale\" content=\"sv_SE\" \/>\n<meta property=\"og:type\" content=\"article\" \/>\n<meta property=\"og:title\" content=\"TRUUSK Strandmatta 2-pack - Vikbar och Justerbar - Med B\u00e4rv\u00e4ska och Tidningsficka - St\u00e5l och Oxford-tyg - Bl\u00e5tt och Vitt - TRUUSK - Hem, Tr\u00e4dg\u00e5rd &amp; Fritid\" \/>\n<meta property=\"og:description\" content=\"Om det finns n\u00e5got du beh\u00f6ver p\u00e5 stranden denna sommar, s\u00e5 \u00e4r det dessa strandstolar fr\u00e5n TRUUSK. De \u00e4r en...\" \/>\n<meta property=\"og:url\" content=\"https:\/\/truusk.store\/sv\/produkt\/truusk-strandmatta-2-pack-vikbar-och-justerbar-med-barvaska-och-tidningsficka-stal-och-oxford-tyg-blatt-och-vitt\/\" \/>\n<meta property=\"og:site_name\" content=\"TRUUSK - Hem, Tr\u00e4dg\u00e5rd &amp; Fritid\" \/>\n<meta property=\"article:modified_time\" content=\"2026-03-12T08:26:09+00:00\" \/>\n<meta property=\"og:image\" content=\"https:\/\/i0.wp.com\/truusk.se\/wp-content\/uploads\/2025\/06\/strandmatta-2-pack-vikbar-justerbar-med-barvaska-och-tidningsficka-stal-och-oxford-tyg-i-blatt-och-vitt-1.webp?fit=2000%2C2000&ssl=1\" \/>\n\t<meta property=\"og:image:width\" content=\"2000\" \/>\n\t<meta property=\"og:image:height\" content=\"2000\" \/>\n\t<meta property=\"og:image:type\" content=\"image\/webp\" \/>\n<meta name=\"twitter:card\" content=\"summary_large_image\" \/>\n<meta name=\"twitter:label1\" content=\"Ber\u00e4knad l\u00e4stid\" \/>\n\t<meta name=\"twitter:data1\" content=\"1 minut\" \/>\n<!-- \/ Yoast SEO plugin. -->","yoast_head_json":{"title":"TRUUSK Strandmatta 2-pack - Vikbar och Justerbar - Med B\u00e4rv\u00e4ska och Tidningsficka - St\u00e5l och Oxford-tyg - Bl\u00e5tt och Vitt - TRUUSK - Hem, Tr\u00e4dg\u00e5rd &amp; Fritid","robots":{"index":"index","follow":"follow","max-snippet":"max-snippet:-1","max-image-preview":"max-image-preview:large","max-video-preview":"max-video-preview:-1"},"canonical":"https:\/\/truusk.store\/sv\/produkt\/truusk-strandmatta-2-pack-vikbar-och-justerbar-med-barvaska-och-tidningsficka-stal-och-oxford-tyg-blatt-och-vitt\/","og_locale":"sv_SE","og_type":"article","og_title":"TRUUSK Strandmatta 2-pack - Vikbar och Justerbar - Med B\u00e4rv\u00e4ska och Tidningsficka - St\u00e5l och Oxford-tyg - Bl\u00e5tt och Vitt - TRUUSK - Hem, Tr\u00e4dg\u00e5rd &amp; Fritid","og_description":"Om det finns n\u00e5got du beh\u00f6ver p\u00e5 stranden denna sommar, s\u00e5 \u00e4r det dessa strandstolar fr\u00e5n TRUUSK. De \u00e4r en...","og_url":"https:\/\/truusk.store\/sv\/produkt\/truusk-strandmatta-2-pack-vikbar-och-justerbar-med-barvaska-och-tidningsficka-stal-och-oxford-tyg-blatt-och-vitt\/","og_site_name":"TRUUSK - Hem, Tr\u00e4dg\u00e5rd &amp; Fritid","article_modified_time":"2026-03-12T08:26:09+00:00","og_image":[{"width":2000,"height":2000,"url":"https:\/\/i0.wp.com\/truusk.se\/wp-content\/uploads\/2025\/06\/strandmatta-2-pack-vikbar-justerbar-med-barvaska-och-tidningsficka-stal-och-oxford-tyg-i-blatt-och-vitt-1.webp?fit=2000%2C2000&ssl=1","type":"image\/webp"}],"twitter_card":"summary_large_image","twitter_misc":{"Ber\u00e4knad l\u00e4stid":"1 minut"},"schema":{"@context":"https:\/\/schema.org","@graph":[{"@type":"WebPage","@id":"https:\/\/truusk.store\/sv\/produkt\/truusk-strandmatta-2-pack-vikbar-och-justerbar-med-barvaska-och-tidningsficka-stal-och-oxford-tyg-blatt-och-vitt\/","url":"https:\/\/truusk.store\/sv\/produkt\/truusk-strandmatta-2-pack-vikbar-och-justerbar-med-barvaska-och-tidningsficka-stal-och-oxford-tyg-blatt-och-vitt\/","name":"TRUUSK Strandmatta 2-pack - Vikbar och Justerbar - Med B\u00e4rv\u00e4ska och Tidningsficka - St\u00e5l och Oxford-tyg - Bl\u00e5tt och Vitt - TRUUSK - Hem, Tr\u00e4dg\u00e5rd &amp; Fritid","isPartOf":{"@id":"https:\/\/truusk.store\/sv\/#website"},"primaryImageOfPage":{"@id":"https:\/\/truusk.store\/sv\/produkt\/truusk-strandmatta-2-pack-vikbar-och-justerbar-med-barvaska-och-tidningsficka-stal-och-oxford-tyg-blatt-och-vitt\/#primaryimage"},"image":{"@id":"https:\/\/truusk.store\/sv\/produkt\/truusk-strandmatta-2-pack-vikbar-och-justerbar-med-barvaska-och-tidningsficka-stal-och-oxford-tyg-blatt-och-vitt\/#primaryimage"},"thumbnailUrl":"https:\/\/i0.wp.com\/truusk.store\/wp-content\/uploads\/2025\/06\/strandmatta-2-pack-vikbar-justerbar-med-barvaska-och-tidningsficka-stal-och-oxford-tyg-i-blatt-och-vitt-1.webp?fit=2000%2C2000&ssl=1","datePublished":"2025-06-04T21:56:26+00:00","dateModified":"2026-03-12T08:26:09+00:00","breadcrumb":{"@id":"https:\/\/truusk.store\/sv\/produkt\/truusk-strandmatta-2-pack-vikbar-och-justerbar-med-barvaska-och-tidningsficka-stal-och-oxford-tyg-blatt-och-vitt\/#breadcrumb"},"inLanguage":"sv-SE","potentialAction":[{"@type":"ReadAction","target":["https:\/\/truusk.store\/sv\/produkt\/truusk-strandmatta-2-pack-vikbar-och-justerbar-med-barvaska-och-tidningsficka-stal-och-oxford-tyg-blatt-och-vitt\/"]}]},{"@type":"ImageObject","inLanguage":"sv-SE","@id":"https:\/\/truusk.store\/sv\/produkt\/truusk-strandmatta-2-pack-vikbar-och-justerbar-med-barvaska-och-tidningsficka-stal-och-oxford-tyg-blatt-och-vitt\/#primaryimage","url":"https:\/\/i0.wp.com\/truusk.store\/wp-content\/uploads\/2025\/06\/strandmatta-2-pack-vikbar-justerbar-med-barvaska-och-tidningsficka-stal-och-oxford-tyg-i-blatt-och-vitt-1.webp?fit=2000%2C2000&ssl=1","contentUrl":"https:\/\/i0.wp.com\/truusk.store\/wp-content\/uploads\/2025\/06\/strandmatta-2-pack-vikbar-justerbar-med-barvaska-och-tidningsficka-stal-och-oxford-tyg-i-blatt-och-vitt-1.webp?fit=2000%2C2000&ssl=1","width":2000,"height":2000},{"@type":"BreadcrumbList","@id":"https:\/\/truusk.store\/sv\/produkt\/truusk-strandmatta-2-pack-vikbar-och-justerbar-med-barvaska-och-tidningsficka-stal-och-oxford-tyg-blatt-och-vitt\/#breadcrumb","itemListElement":[{"@type":"ListItem","position":1,"name":"Home","item":"https:\/\/truusk.store\/sv\/"},{"@type":"ListItem","position":2,"name":"Shop","item":"https:\/\/truusk.store\/shop\/"},{"@type":"ListItem","position":3,"name":"TRUUSK Strandmatta 2-pack &#8211; Vikbar och Justerbar &#8211; Med B\u00e4rv\u00e4ska och Tidningsficka &#8211; St\u00e5l och Oxford-tyg &#8211; Bl\u00e5tt och Vitt"}]},{"@type":"WebSite","@id":"https:\/\/truusk.store\/sv\/#website","url":"https:\/\/truusk.store\/sv\/","name":"TRUUSK - Hem, Tr\u00e4dg\u00e5rd & Fritid","description":"","publisher":{"@id":"https:\/\/truusk.store\/sv\/#organization"},"potentialAction":[{"@type":"SearchAction","target":{"@type":"EntryPoint","urlTemplate":"https:\/\/truusk.store\/sv\/?s={search_term_string}"},"query-input":{"@type":"PropertyValueSpecification","valueRequired":true,"valueName":"search_term_string"}}],"inLanguage":"sv-SE"},{"@type":"Organization","@id":"https:\/\/truusk.store\/sv\/#organization","name":"TRUUSK - Hem, Tr\u00e4dg\u00e5rd & Fritid","url":"https:\/\/truusk.store\/sv\/","logo":{"@type":"ImageObject","inLanguage":"sv-SE","@id":"https:\/\/truusk.store\/sv\/#\/schema\/logo\/image\/","url":"https:\/\/i0.wp.com\/truusk.store\/wp-content\/uploads\/2026\/03\/cropped-TRUUSK.png?fit=2032%2C917&ssl=1","contentUrl":"https:\/\/i0.wp.com\/truusk.store\/wp-content\/uploads\/2026\/03\/cropped-TRUUSK.png?fit=2032%2C917&ssl=1","width":2032,"height":917,"caption":"TRUUSK - Hem, Tr\u00e4dg\u00e5rd & Fritid"},"image":{"@id":"https:\/\/truusk.store\/sv\/#\/schema\/logo\/image\/"}}]}},"jetpack_sharing_enabled":true,"_links":{"self":[{"href":"https:\/\/truusk.store\/sv\/wp-json\/wp\/v2\/product\/58162","targetHints":{"allow":["GET"]}}],"collection":[{"href":"https:\/\/truusk.store\/sv\/wp-json\/wp\/v2\/product"}],"about":[{"href":"https:\/\/truusk.store\/sv\/wp-json\/wp\/v2\/types\/product"}],"wp:featuredmedia":[{"embeddable":true,"href":"https:\/\/truusk.store\/sv\/wp-json\/wp\/v2\/media\/58153"}],"wp:attachment":[{"href":"https:\/\/truusk.store\/sv\/wp-json\/wp\/v2\/media?parent=58162"}],"wp:term":[{"taxonomy":"product_brand","embeddable":true,"href":"https:\/\/truusk.store\/sv\/wp-json\/wp\/v2\/product_brand?post=58162"},{"taxonomy":"product_cat","embeddable":true,"href":"https:\/\/truusk.store\/sv\/wp-json\/wp\/v2\/product_cat?post=58162"},{"taxonomy":"product_tag","embeddable":true,"href":"https:\/\/truusk.store\/sv\/wp-json\/wp\/v2\/product_tag?post=58162"}],"curies":[{"name":"wp","href":"https:\/\/api.w.org\/{rel}","templated":true}]}}