{"id":58172,"date":"2025-06-04T22:57:35","date_gmt":"2025-06-04T21:57:35","guid":{"rendered":"https:\/\/truusk.store\/product\/hopfallbart-paviljong-talt-3x3m-med-sidovaggar-inkl-barvaska-av-metall-och-oxford-ljusgra-och-svart-for-tradgard-och-evenemang\/"},"modified":"2026-03-12T09:24:24","modified_gmt":"2026-03-12T08:24:24","slug":"truusk-hopfallbart-paviljongtalt-3x3m-med-sidovaggar-barvaska-av-metall-och-oxford-ljusgra-och-svart-for-tradgard-och","status":"publish","type":"product","link":"https:\/\/truusk.store\/sv\/produkt\/truusk-hopfallbart-paviljongtalt-3x3m-med-sidovaggar-barvaska-av-metall-och-oxford-ljusgra-och-svart-for-tradgard-och\/","title":{"rendered":"TRUUSK Hopf\u00e4llbart Paviljongt\u00e4lt 3x3m &#8211; Med Sidov\u00e4ggar &#8211; B\u00e4rv\u00e4ska av Metall och Oxford &#8211; Ljusgr\u00e5 och Svart &#8211; F\u00f6r Tr\u00e4dg\u00e5rd och"},"content":{"rendered":"<p>V\u00e5r stilfulla paviljong med sidov\u00e4ggar fr\u00e5n TRUUSK erbjuder dig tillr\u00e4ckligt skydd mot l\u00e4tt regn och direkt solljus tack vare det vattenavvisande taket. P\u00e5 detta s\u00e4tt \u00e4r paviljongen med myggn\u00e4t perfekt f\u00f6r din tr\u00e4dg\u00e5rd som plats f\u00f6r tr\u00e4dg\u00e5rdsfester, gemensamt umg\u00e4nge eller \u00e4ven som en plats f\u00f6r avkoppling. En praktisk b\u00e4rp\u00e5se ing\u00e5r f\u00f6r enkel transport. Obs: Vid stark vind eller regn rekommenderar vi att du tar ner paviljongen och f\u00f6rvarar den inomhus.<\/p>\n<p>Beskrivning:<\/p>\n<ul>\n<li> H\u00f6gkvalitativ hopf\u00e4llbar paviljong, l\u00e4mplig f\u00f6r tr\u00e4dg\u00e5rden<\/li>\n<li> Ram av robust, pulverlackerat metall, stabil och rostbest\u00e4ndig<\/li>\n<li> Partyt\u00e4ltets tak \u00e4r gjort av Oxfordtyg med vattenavvisande, UV-resistent bel\u00e4ggning<\/li>\n<li> 4 avtagbara myggn\u00e4ts-sidov\u00e4ggar med dragkedja f\u00f6r bekv\u00e4m tillg\u00e5ng<\/li>\n<li> 4 spiralformade spikar, 4 L-formade markpinnar och 4 draglinor f\u00f6r f\u00f6rankring i marken av campingpaviljongen ger extra stabilitet<\/li>\n<li> Inkl. b\u00e4rp\u00e5se f\u00f6r enkel transport<\/li>\n<li> Enkel montering<\/li>\n<\/ul>\n<p> Tekniska data:<\/p>\n<ul>\n<li> F\u00e4rg: Ljusgr\u00e5<\/li>\n<li> Material: Metall, Oxfordtyg (100% polyester), myggn\u00e4t<\/li>\n<li> Totala m\u00e5tt: 2,96L x 2,96B x 2,65H m<\/li>\n<li> Genomg\u00e5ngsh\u00f6jd: 1,98 m<\/li>\n<li> Hopf\u00e4llda m\u00e5tt: 118L x 20B x 20H cm<\/li>\n<\/ul>\n<p> Leveransinneh\u00e5ll:<\/p>\n<ul>\n<li> 1 x Hopf\u00e4llbar paviljong<\/li>\n<li> 1 x B\u00e4rp\u00e5se<\/li>\n<li> 4 spiralformade spikar<\/li>\n<li> 4 L-formade markpinnar<\/li>\n<li> 4 draglinor<\/li>\n<\/ul>\n","protected":false},"excerpt":{"rendered":"<p>V\u00e5r stilfulla paviljong med sidov\u00e4ggar fr\u00e5n TRUUSK erbjuder dig tillr\u00e4ckligt skydd mot l\u00e4tt regn och direkt solljus tack vare det&#8230;<\/p>\n","protected":false},"featured_media":58163,"template":"","meta":[],"product_brand":[],"product_cat":[477,858,476],"product_tag":[],"class_list":{"0":"post-58172","1":"product","2":"type-product","3":"status-publish","4":"has-post-thumbnail","6":"product_cat-paviljonger-partytalt","7":"product_cat-tradgard-terrass","8":"product_cat-tradgardspaviljonger","10":"first","11":"instock","12":"sale","13":"taxable","14":"shipping-taxable","15":"purchasable","16":"product-type-simple"},"yoast_head":"<!-- This site is optimized with the Yoast SEO plugin v25.4 - https:\/\/yoast.com\/wordpress\/plugins\/seo\/ -->\n<title>TRUUSK Hopf\u00e4llbart Paviljongt\u00e4lt 3x3m - Med Sidov\u00e4ggar - B\u00e4rv\u00e4ska av Metall och Oxford - Ljusgr\u00e5 och Svart - F\u00f6r Tr\u00e4dg\u00e5rd och - TRUUSK - Hem, Tr\u00e4dg\u00e5rd &amp; Fritid<\/title>\n<meta name=\"robots\" content=\"index, follow, max-snippet:-1, max-image-preview:large, max-video-preview:-1\" \/>\n<link rel=\"canonical\" href=\"https:\/\/truusk.store\/sv\/produkt\/truusk-hopfallbart-paviljongtalt-3x3m-med-sidovaggar-barvaska-av-metall-och-oxford-ljusgra-och-svart-for-tradgard-och\/\" \/>\n<meta property=\"og:locale\" content=\"sv_SE\" \/>\n<meta property=\"og:type\" content=\"article\" \/>\n<meta property=\"og:title\" content=\"TRUUSK Hopf\u00e4llbart Paviljongt\u00e4lt 3x3m - Med Sidov\u00e4ggar - B\u00e4rv\u00e4ska av Metall och Oxford - Ljusgr\u00e5 och Svart - F\u00f6r Tr\u00e4dg\u00e5rd och - TRUUSK - Hem, Tr\u00e4dg\u00e5rd &amp; Fritid\" \/>\n<meta property=\"og:description\" content=\"V\u00e5r stilfulla paviljong med sidov\u00e4ggar fr\u00e5n TRUUSK erbjuder dig tillr\u00e4ckligt skydd mot l\u00e4tt regn och direkt solljus tack vare det...\" \/>\n<meta property=\"og:url\" content=\"https:\/\/truusk.store\/sv\/produkt\/truusk-hopfallbart-paviljongtalt-3x3m-med-sidovaggar-barvaska-av-metall-och-oxford-ljusgra-och-svart-for-tradgard-och\/\" \/>\n<meta property=\"og:site_name\" content=\"TRUUSK - Hem, Tr\u00e4dg\u00e5rd &amp; Fritid\" \/>\n<meta property=\"article:modified_time\" content=\"2026-03-12T08:24:24+00:00\" \/>\n<meta property=\"og:image\" content=\"https:\/\/i0.wp.com\/truusk.se\/wp-content\/uploads\/2025\/06\/hopfallbart-paviljong-talt-3x3m-med-sidovaggar-inkl-barvaska-av-metall-och-oxford-ljusgra-och-svart-for-tradgard-och-evenemang-1.webp?fit=2000%2C2000&ssl=1\" \/>\n\t<meta property=\"og:image:width\" content=\"2000\" \/>\n\t<meta property=\"og:image:height\" content=\"2000\" \/>\n\t<meta property=\"og:image:type\" content=\"image\/webp\" \/>\n<meta name=\"twitter:card\" content=\"summary_large_image\" \/>\n<meta name=\"twitter:label1\" content=\"Ber\u00e4knad l\u00e4stid\" \/>\n\t<meta name=\"twitter:data1\" content=\"1 minut\" \/>\n<!-- \/ Yoast SEO plugin. -->","yoast_head_json":{"title":"TRUUSK Hopf\u00e4llbart Paviljongt\u00e4lt 3x3m - Med Sidov\u00e4ggar - B\u00e4rv\u00e4ska av Metall och Oxford - Ljusgr\u00e5 och Svart - F\u00f6r Tr\u00e4dg\u00e5rd och - TRUUSK - Hem, Tr\u00e4dg\u00e5rd &amp; Fritid","robots":{"index":"index","follow":"follow","max-snippet":"max-snippet:-1","max-image-preview":"max-image-preview:large","max-video-preview":"max-video-preview:-1"},"canonical":"https:\/\/truusk.store\/sv\/produkt\/truusk-hopfallbart-paviljongtalt-3x3m-med-sidovaggar-barvaska-av-metall-och-oxford-ljusgra-och-svart-for-tradgard-och\/","og_locale":"sv_SE","og_type":"article","og_title":"TRUUSK Hopf\u00e4llbart Paviljongt\u00e4lt 3x3m - Med Sidov\u00e4ggar - B\u00e4rv\u00e4ska av Metall och Oxford - Ljusgr\u00e5 och Svart - F\u00f6r Tr\u00e4dg\u00e5rd och - TRUUSK - Hem, Tr\u00e4dg\u00e5rd &amp; Fritid","og_description":"V\u00e5r stilfulla paviljong med sidov\u00e4ggar fr\u00e5n TRUUSK erbjuder dig tillr\u00e4ckligt skydd mot l\u00e4tt regn och direkt solljus tack vare det...","og_url":"https:\/\/truusk.store\/sv\/produkt\/truusk-hopfallbart-paviljongtalt-3x3m-med-sidovaggar-barvaska-av-metall-och-oxford-ljusgra-och-svart-for-tradgard-och\/","og_site_name":"TRUUSK - Hem, Tr\u00e4dg\u00e5rd &amp; Fritid","article_modified_time":"2026-03-12T08:24:24+00:00","og_image":[{"width":2000,"height":2000,"url":"https:\/\/i0.wp.com\/truusk.se\/wp-content\/uploads\/2025\/06\/hopfallbart-paviljong-talt-3x3m-med-sidovaggar-inkl-barvaska-av-metall-och-oxford-ljusgra-och-svart-for-tradgard-och-evenemang-1.webp?fit=2000%2C2000&ssl=1","type":"image\/webp"}],"twitter_card":"summary_large_image","twitter_misc":{"Ber\u00e4knad l\u00e4stid":"1 minut"},"schema":{"@context":"https:\/\/schema.org","@graph":[{"@type":"WebPage","@id":"https:\/\/truusk.store\/sv\/produkt\/truusk-hopfallbart-paviljongtalt-3x3m-med-sidovaggar-barvaska-av-metall-och-oxford-ljusgra-och-svart-for-tradgard-och\/","url":"https:\/\/truusk.store\/sv\/produkt\/truusk-hopfallbart-paviljongtalt-3x3m-med-sidovaggar-barvaska-av-metall-och-oxford-ljusgra-och-svart-for-tradgard-och\/","name":"TRUUSK Hopf\u00e4llbart Paviljongt\u00e4lt 3x3m - Med Sidov\u00e4ggar - B\u00e4rv\u00e4ska av Metall och Oxford - Ljusgr\u00e5 och Svart - F\u00f6r Tr\u00e4dg\u00e5rd och - TRUUSK - Hem, Tr\u00e4dg\u00e5rd &amp; Fritid","isPartOf":{"@id":"https:\/\/truusk.store\/sv\/#website"},"primaryImageOfPage":{"@id":"https:\/\/truusk.store\/sv\/produkt\/truusk-hopfallbart-paviljongtalt-3x3m-med-sidovaggar-barvaska-av-metall-och-oxford-ljusgra-och-svart-for-tradgard-och\/#primaryimage"},"image":{"@id":"https:\/\/truusk.store\/sv\/produkt\/truusk-hopfallbart-paviljongtalt-3x3m-med-sidovaggar-barvaska-av-metall-och-oxford-ljusgra-och-svart-for-tradgard-och\/#primaryimage"},"thumbnailUrl":"https:\/\/i0.wp.com\/truusk.store\/wp-content\/uploads\/2025\/06\/hopfallbart-paviljong-talt-3x3m-med-sidovaggar-inkl-barvaska-av-metall-och-oxford-ljusgra-och-svart-for-tradgard-och-evenemang-1.webp?fit=2000%2C2000&ssl=1","datePublished":"2025-06-04T21:57:35+00:00","dateModified":"2026-03-12T08:24:24+00:00","breadcrumb":{"@id":"https:\/\/truusk.store\/sv\/produkt\/truusk-hopfallbart-paviljongtalt-3x3m-med-sidovaggar-barvaska-av-metall-och-oxford-ljusgra-och-svart-for-tradgard-och\/#breadcrumb"},"inLanguage":"sv-SE","potentialAction":[{"@type":"ReadAction","target":["https:\/\/truusk.store\/sv\/produkt\/truusk-hopfallbart-paviljongtalt-3x3m-med-sidovaggar-barvaska-av-metall-och-oxford-ljusgra-och-svart-for-tradgard-och\/"]}]},{"@type":"ImageObject","inLanguage":"sv-SE","@id":"https:\/\/truusk.store\/sv\/produkt\/truusk-hopfallbart-paviljongtalt-3x3m-med-sidovaggar-barvaska-av-metall-och-oxford-ljusgra-och-svart-for-tradgard-och\/#primaryimage","url":"https:\/\/i0.wp.com\/truusk.store\/wp-content\/uploads\/2025\/06\/hopfallbart-paviljong-talt-3x3m-med-sidovaggar-inkl-barvaska-av-metall-och-oxford-ljusgra-och-svart-for-tradgard-och-evenemang-1.webp?fit=2000%2C2000&ssl=1","contentUrl":"https:\/\/i0.wp.com\/truusk.store\/wp-content\/uploads\/2025\/06\/hopfallbart-paviljong-talt-3x3m-med-sidovaggar-inkl-barvaska-av-metall-och-oxford-ljusgra-och-svart-for-tradgard-och-evenemang-1.webp?fit=2000%2C2000&ssl=1","width":2000,"height":2000},{"@type":"BreadcrumbList","@id":"https:\/\/truusk.store\/sv\/produkt\/truusk-hopfallbart-paviljongtalt-3x3m-med-sidovaggar-barvaska-av-metall-och-oxford-ljusgra-och-svart-for-tradgard-och\/#breadcrumb","itemListElement":[{"@type":"ListItem","position":1,"name":"Home","item":"https:\/\/truusk.store\/sv\/"},{"@type":"ListItem","position":2,"name":"Shop","item":"https:\/\/truusk.store\/shop\/"},{"@type":"ListItem","position":3,"name":"TRUUSK Hopf\u00e4llbart Paviljongt\u00e4lt 3x3m &#8211; Med Sidov\u00e4ggar &#8211; B\u00e4rv\u00e4ska av Metall och Oxford &#8211; Ljusgr\u00e5 och Svart &#8211; F\u00f6r Tr\u00e4dg\u00e5rd och"}]},{"@type":"WebSite","@id":"https:\/\/truusk.store\/sv\/#website","url":"https:\/\/truusk.store\/sv\/","name":"TRUUSK - Hem, Tr\u00e4dg\u00e5rd & Fritid","description":"","publisher":{"@id":"https:\/\/truusk.store\/sv\/#organization"},"potentialAction":[{"@type":"SearchAction","target":{"@type":"EntryPoint","urlTemplate":"https:\/\/truusk.store\/sv\/?s={search_term_string}"},"query-input":{"@type":"PropertyValueSpecification","valueRequired":true,"valueName":"search_term_string"}}],"inLanguage":"sv-SE"},{"@type":"Organization","@id":"https:\/\/truusk.store\/sv\/#organization","name":"TRUUSK - Hem, Tr\u00e4dg\u00e5rd & Fritid","url":"https:\/\/truusk.store\/sv\/","logo":{"@type":"ImageObject","inLanguage":"sv-SE","@id":"https:\/\/truusk.store\/sv\/#\/schema\/logo\/image\/","url":"https:\/\/i0.wp.com\/truusk.store\/wp-content\/uploads\/2026\/03\/cropped-TRUUSK.png?fit=2032%2C917&ssl=1","contentUrl":"https:\/\/i0.wp.com\/truusk.store\/wp-content\/uploads\/2026\/03\/cropped-TRUUSK.png?fit=2032%2C917&ssl=1","width":2032,"height":917,"caption":"TRUUSK - Hem, Tr\u00e4dg\u00e5rd & Fritid"},"image":{"@id":"https:\/\/truusk.store\/sv\/#\/schema\/logo\/image\/"}}]}},"jetpack_sharing_enabled":true,"_links":{"self":[{"href":"https:\/\/truusk.store\/sv\/wp-json\/wp\/v2\/product\/58172","targetHints":{"allow":["GET"]}}],"collection":[{"href":"https:\/\/truusk.store\/sv\/wp-json\/wp\/v2\/product"}],"about":[{"href":"https:\/\/truusk.store\/sv\/wp-json\/wp\/v2\/types\/product"}],"wp:featuredmedia":[{"embeddable":true,"href":"https:\/\/truusk.store\/sv\/wp-json\/wp\/v2\/media\/58163"}],"wp:attachment":[{"href":"https:\/\/truusk.store\/sv\/wp-json\/wp\/v2\/media?parent=58172"}],"wp:term":[{"taxonomy":"product_brand","embeddable":true,"href":"https:\/\/truusk.store\/sv\/wp-json\/wp\/v2\/product_brand?post=58172"},{"taxonomy":"product_cat","embeddable":true,"href":"https:\/\/truusk.store\/sv\/wp-json\/wp\/v2\/product_cat?post=58172"},{"taxonomy":"product_tag","embeddable":true,"href":"https:\/\/truusk.store\/sv\/wp-json\/wp\/v2\/product_tag?post=58172"}],"curies":[{"name":"wp","href":"https:\/\/api.w.org\/{rel}","templated":true}]}}