{"id":58212,"date":"2025-06-04T23:01:46","date_gmt":"2025-06-04T22:01:46","guid":{"rendered":"https:\/\/truusk.store\/product\/parasoll-265x240-cm-halvparasoll-med-led-halvrund-terrassparasoll-med-handvev-och-solpanel-metall-beige\/"},"modified":"2026-03-12T09:20:30","modified_gmt":"2026-03-12T08:20:30","slug":"truusk-halvparasoll-265x240-cm-med-led-halvrund-terrassparasoll-med-handvev-och-solpanel-metall-beige","status":"publish","type":"product","link":"https:\/\/truusk.store\/sv\/produkt\/truusk-halvparasoll-265x240-cm-med-led-halvrund-terrassparasoll-med-handvev-och-solpanel-metall-beige\/","title":{"rendered":"TRUUSK Halvparasoll 265&#215;240 cm med LED &#8211; Halvrund terrassparasoll med handvev och solpanel &#8211; Metall &#8211; Beige"},"content":{"rendered":"<p>Detta halvparaply fr\u00e5n TRUUSK \u00e4r den perfekta l\u00f6sningen f\u00f6r alla som har begr\u00e4nsat utrymme men \u00e4nd\u00e5 vill njuta av utomhuslivet. Paraplyet kan placeras n\u00e4ra en v\u00e4gg utan att det uppst\u00e5r ett mellanrum &#8211; detta \u00e4r idealiskt f\u00f6r balkonger och sm\u00e5 terrasser. Det unika, halvrunda paraplytaket ger gott om skugga och skyddar mot direkt solljus. Skapa din egen personliga sommaroas med detta solparaply!<\/p>\n<p>Beskrivning:<\/p>\n<ul>\n<li> Halvparaply, l\u00e4mpligt f\u00f6r begr\u00e4nsade utrymmen<\/li>\n<li> Praktisk placering mot en v\u00e4gg eller en st\u00f6dstolpe<\/li>\n<li> Solcellsdrivet design ger varmvitt LED-ljus och hj\u00e4lper till att spara energi<\/li>\n<li> Paraplytaket kan enkelt \u00f6ppnas och st\u00e4ngas med en vev<\/li>\n<li> Vindhuva ger b\u00e4ttre ventilation och h\u00f6gre stabilitet i vind<\/li>\n<li> Sex stabila ribbor, 180 g\/m\u00b2 polyestertyg och robust metallstolpe<\/li>\n<li> Tv\u00e5delad paraplystolpe f\u00f6r enkel och kompakt f\u00f6rvaring<\/li>\n<li> Montering kr\u00e4vs<\/li>\n<\/ul>\n<p> Tekniska data:<\/p>\n<ul>\n<li> F\u00e4rg: Beige<\/li>\n<li> Material: J\u00e4rn, Polyester<\/li>\n<li> Totala dimensioner: 270L x 135B x 240H cm<\/li>\n<li> M\u00e5tt paraplystolpe: 38 mm<\/li>\n<li> M\u00e5tt solpanel: 9L x 9B cm<\/li>\n<li> Effekt per LED: 0,02 W, totalt: 1,2 W<\/li>\n<li> Batteri: 1500 mAh\/ 1,2 V (ing\u00e5r)<\/li>\n<li> Laddningstid: 7 timmar<\/li>\n<li> Driftstid efter full laddning: 4 timmar<\/li>\n<li> Rekommenderad vikt p\u00e5 paraplyfoten: \u2265 20 kg (ING\u00c5R EJ I LEVERANSEN)OBS: Anv\u00e4ndning vid kraftigt regn, vind eller sn\u00f6fall rekommenderas inte<\/li>\n<\/ul>\n<p>Leveransinneh\u00e5ll:<\/p>\n<ul>\n<li> 1 x Halvparaply<\/li>\n<li> 1 x Handbok<\/li>\n<\/ul>\n","protected":false},"excerpt":{"rendered":"<p>Detta halvparaply fr\u00e5n TRUUSK \u00e4r den perfekta l\u00f6sningen f\u00f6r alla som har begr\u00e4nsat utrymme men \u00e4nd\u00e5 vill njuta av utomhuslivet&#8230;.<\/p>\n","protected":false},"featured_media":58203,"template":"","meta":[],"product_brand":[],"product_cat":[472,862,858],"product_tag":[],"class_list":{"0":"post-58212","1":"product","2":"type-product","3":"status-publish","4":"has-post-thumbnail","6":"product_cat-parasoller","7":"product_cat-sol-insynsskydd","8":"product_cat-tradgard-terrass","10":"first","11":"instock","12":"sale","13":"taxable","14":"shipping-taxable","15":"purchasable","16":"product-type-simple"},"yoast_head":"<!-- This site is optimized with the Yoast SEO plugin v25.4 - https:\/\/yoast.com\/wordpress\/plugins\/seo\/ -->\n<title>TRUUSK Halvparasoll 265x240 cm med LED - Halvrund terrassparasoll med handvev och solpanel - Metall - Beige - TRUUSK - Hem, Tr\u00e4dg\u00e5rd &amp; Fritid<\/title>\n<meta name=\"robots\" content=\"index, follow, max-snippet:-1, max-image-preview:large, max-video-preview:-1\" \/>\n<link rel=\"canonical\" href=\"https:\/\/truusk.store\/sv\/produkt\/truusk-halvparasoll-265x240-cm-med-led-halvrund-terrassparasoll-med-handvev-och-solpanel-metall-beige\/\" \/>\n<meta property=\"og:locale\" content=\"sv_SE\" \/>\n<meta property=\"og:type\" content=\"article\" \/>\n<meta property=\"og:title\" content=\"TRUUSK Halvparasoll 265x240 cm med LED - Halvrund terrassparasoll med handvev och solpanel - Metall - Beige - TRUUSK - Hem, Tr\u00e4dg\u00e5rd &amp; Fritid\" \/>\n<meta property=\"og:description\" content=\"Detta halvparaply fr\u00e5n TRUUSK \u00e4r den perfekta l\u00f6sningen f\u00f6r alla som har begr\u00e4nsat utrymme men \u00e4nd\u00e5 vill njuta av utomhuslivet....\" \/>\n<meta property=\"og:url\" content=\"https:\/\/truusk.store\/sv\/produkt\/truusk-halvparasoll-265x240-cm-med-led-halvrund-terrassparasoll-med-handvev-och-solpanel-metall-beige\/\" \/>\n<meta property=\"og:site_name\" content=\"TRUUSK - Hem, Tr\u00e4dg\u00e5rd &amp; Fritid\" \/>\n<meta property=\"article:modified_time\" content=\"2026-03-12T08:20:30+00:00\" \/>\n<meta property=\"og:image\" content=\"https:\/\/i0.wp.com\/truusk.se\/wp-content\/uploads\/2025\/06\/parasoll-265x240-cm-halvparasoll-med-led-halvrund-terrassparasoll-med-handvev-och-solpanel-metall-beige-1.webp?fit=2000%2C2000&ssl=1\" \/>\n\t<meta property=\"og:image:width\" content=\"2000\" \/>\n\t<meta property=\"og:image:height\" content=\"2000\" \/>\n\t<meta property=\"og:image:type\" content=\"image\/webp\" \/>\n<meta name=\"twitter:card\" content=\"summary_large_image\" \/>\n<meta name=\"twitter:label1\" content=\"Ber\u00e4knad l\u00e4stid\" \/>\n\t<meta name=\"twitter:data1\" content=\"1 minut\" \/>\n<!-- \/ Yoast SEO plugin. -->","yoast_head_json":{"title":"TRUUSK Halvparasoll 265x240 cm med LED - Halvrund terrassparasoll med handvev och solpanel - Metall - Beige - TRUUSK - Hem, Tr\u00e4dg\u00e5rd &amp; Fritid","robots":{"index":"index","follow":"follow","max-snippet":"max-snippet:-1","max-image-preview":"max-image-preview:large","max-video-preview":"max-video-preview:-1"},"canonical":"https:\/\/truusk.store\/sv\/produkt\/truusk-halvparasoll-265x240-cm-med-led-halvrund-terrassparasoll-med-handvev-och-solpanel-metall-beige\/","og_locale":"sv_SE","og_type":"article","og_title":"TRUUSK Halvparasoll 265x240 cm med LED - Halvrund terrassparasoll med handvev och solpanel - Metall - Beige - TRUUSK - Hem, Tr\u00e4dg\u00e5rd &amp; Fritid","og_description":"Detta halvparaply fr\u00e5n TRUUSK \u00e4r den perfekta l\u00f6sningen f\u00f6r alla som har begr\u00e4nsat utrymme men \u00e4nd\u00e5 vill njuta av utomhuslivet....","og_url":"https:\/\/truusk.store\/sv\/produkt\/truusk-halvparasoll-265x240-cm-med-led-halvrund-terrassparasoll-med-handvev-och-solpanel-metall-beige\/","og_site_name":"TRUUSK - Hem, Tr\u00e4dg\u00e5rd &amp; Fritid","article_modified_time":"2026-03-12T08:20:30+00:00","og_image":[{"width":2000,"height":2000,"url":"https:\/\/i0.wp.com\/truusk.se\/wp-content\/uploads\/2025\/06\/parasoll-265x240-cm-halvparasoll-med-led-halvrund-terrassparasoll-med-handvev-och-solpanel-metall-beige-1.webp?fit=2000%2C2000&ssl=1","type":"image\/webp"}],"twitter_card":"summary_large_image","twitter_misc":{"Ber\u00e4knad l\u00e4stid":"1 minut"},"schema":{"@context":"https:\/\/schema.org","@graph":[{"@type":"WebPage","@id":"https:\/\/truusk.store\/sv\/produkt\/truusk-halvparasoll-265x240-cm-med-led-halvrund-terrassparasoll-med-handvev-och-solpanel-metall-beige\/","url":"https:\/\/truusk.store\/sv\/produkt\/truusk-halvparasoll-265x240-cm-med-led-halvrund-terrassparasoll-med-handvev-och-solpanel-metall-beige\/","name":"TRUUSK Halvparasoll 265x240 cm med LED - Halvrund terrassparasoll med handvev och solpanel - Metall - Beige - TRUUSK - Hem, Tr\u00e4dg\u00e5rd &amp; Fritid","isPartOf":{"@id":"https:\/\/truusk.store\/sv\/#website"},"primaryImageOfPage":{"@id":"https:\/\/truusk.store\/sv\/produkt\/truusk-halvparasoll-265x240-cm-med-led-halvrund-terrassparasoll-med-handvev-och-solpanel-metall-beige\/#primaryimage"},"image":{"@id":"https:\/\/truusk.store\/sv\/produkt\/truusk-halvparasoll-265x240-cm-med-led-halvrund-terrassparasoll-med-handvev-och-solpanel-metall-beige\/#primaryimage"},"thumbnailUrl":"https:\/\/i0.wp.com\/truusk.store\/wp-content\/uploads\/2025\/06\/parasoll-265x240-cm-halvparasoll-med-led-halvrund-terrassparasoll-med-handvev-och-solpanel-metall-beige-1.webp?fit=2000%2C2000&ssl=1","datePublished":"2025-06-04T22:01:46+00:00","dateModified":"2026-03-12T08:20:30+00:00","breadcrumb":{"@id":"https:\/\/truusk.store\/sv\/produkt\/truusk-halvparasoll-265x240-cm-med-led-halvrund-terrassparasoll-med-handvev-och-solpanel-metall-beige\/#breadcrumb"},"inLanguage":"sv-SE","potentialAction":[{"@type":"ReadAction","target":["https:\/\/truusk.store\/sv\/produkt\/truusk-halvparasoll-265x240-cm-med-led-halvrund-terrassparasoll-med-handvev-och-solpanel-metall-beige\/"]}]},{"@type":"ImageObject","inLanguage":"sv-SE","@id":"https:\/\/truusk.store\/sv\/produkt\/truusk-halvparasoll-265x240-cm-med-led-halvrund-terrassparasoll-med-handvev-och-solpanel-metall-beige\/#primaryimage","url":"https:\/\/i0.wp.com\/truusk.store\/wp-content\/uploads\/2025\/06\/parasoll-265x240-cm-halvparasoll-med-led-halvrund-terrassparasoll-med-handvev-och-solpanel-metall-beige-1.webp?fit=2000%2C2000&ssl=1","contentUrl":"https:\/\/i0.wp.com\/truusk.store\/wp-content\/uploads\/2025\/06\/parasoll-265x240-cm-halvparasoll-med-led-halvrund-terrassparasoll-med-handvev-och-solpanel-metall-beige-1.webp?fit=2000%2C2000&ssl=1","width":2000,"height":2000},{"@type":"BreadcrumbList","@id":"https:\/\/truusk.store\/sv\/produkt\/truusk-halvparasoll-265x240-cm-med-led-halvrund-terrassparasoll-med-handvev-och-solpanel-metall-beige\/#breadcrumb","itemListElement":[{"@type":"ListItem","position":1,"name":"Home","item":"https:\/\/truusk.store\/sv\/"},{"@type":"ListItem","position":2,"name":"Shop","item":"https:\/\/truusk.store\/shop\/"},{"@type":"ListItem","position":3,"name":"TRUUSK Halvparasoll 265&#215;240 cm med LED &#8211; Halvrund terrassparasoll med handvev och solpanel &#8211; Metall &#8211; Beige"}]},{"@type":"WebSite","@id":"https:\/\/truusk.store\/sv\/#website","url":"https:\/\/truusk.store\/sv\/","name":"TRUUSK - Hem, Tr\u00e4dg\u00e5rd & Fritid","description":"","publisher":{"@id":"https:\/\/truusk.store\/sv\/#organization"},"potentialAction":[{"@type":"SearchAction","target":{"@type":"EntryPoint","urlTemplate":"https:\/\/truusk.store\/sv\/?s={search_term_string}"},"query-input":{"@type":"PropertyValueSpecification","valueRequired":true,"valueName":"search_term_string"}}],"inLanguage":"sv-SE"},{"@type":"Organization","@id":"https:\/\/truusk.store\/sv\/#organization","name":"TRUUSK - Hem, Tr\u00e4dg\u00e5rd & Fritid","url":"https:\/\/truusk.store\/sv\/","logo":{"@type":"ImageObject","inLanguage":"sv-SE","@id":"https:\/\/truusk.store\/sv\/#\/schema\/logo\/image\/","url":"https:\/\/i0.wp.com\/truusk.store\/wp-content\/uploads\/2026\/03\/cropped-TRUUSK.png?fit=2032%2C917&ssl=1","contentUrl":"https:\/\/i0.wp.com\/truusk.store\/wp-content\/uploads\/2026\/03\/cropped-TRUUSK.png?fit=2032%2C917&ssl=1","width":2032,"height":917,"caption":"TRUUSK - Hem, Tr\u00e4dg\u00e5rd & Fritid"},"image":{"@id":"https:\/\/truusk.store\/sv\/#\/schema\/logo\/image\/"}}]}},"jetpack_sharing_enabled":true,"_links":{"self":[{"href":"https:\/\/truusk.store\/sv\/wp-json\/wp\/v2\/product\/58212","targetHints":{"allow":["GET"]}}],"collection":[{"href":"https:\/\/truusk.store\/sv\/wp-json\/wp\/v2\/product"}],"about":[{"href":"https:\/\/truusk.store\/sv\/wp-json\/wp\/v2\/types\/product"}],"wp:featuredmedia":[{"embeddable":true,"href":"https:\/\/truusk.store\/sv\/wp-json\/wp\/v2\/media\/58203"}],"wp:attachment":[{"href":"https:\/\/truusk.store\/sv\/wp-json\/wp\/v2\/media?parent=58212"}],"wp:term":[{"taxonomy":"product_brand","embeddable":true,"href":"https:\/\/truusk.store\/sv\/wp-json\/wp\/v2\/product_brand?post=58212"},{"taxonomy":"product_cat","embeddable":true,"href":"https:\/\/truusk.store\/sv\/wp-json\/wp\/v2\/product_cat?post=58212"},{"taxonomy":"product_tag","embeddable":true,"href":"https:\/\/truusk.store\/sv\/wp-json\/wp\/v2\/product_tag?post=58212"}],"curies":[{"name":"wp","href":"https:\/\/api.w.org\/{rel}","templated":true}]}}