{"id":58282,"date":"2025-06-04T23:08:49","date_gmt":"2025-06-04T22:08:49","guid":{"rendered":"https:\/\/truusk.store\/product\/bekvam-lasfatolj-tal-upp-till-160kg-enkelstol-for-vardagsrum-morkgra\/"},"modified":"2026-03-12T09:08:38","modified_gmt":"2026-03-12T08:08:38","slug":"truusk-bekvam-lasfatolj-upp-till-160kg-enkelstol-morkgra","status":"publish","type":"product","link":"https:\/\/truusk.store\/sv\/produkt\/truusk-bekvam-lasfatolj-upp-till-160kg-enkelstol-morkgra\/","title":{"rendered":"TRUUSK Bekv\u00e4m L\u00e4sf\u00e5t\u00f6lj &#8211; Upp Till 160kg &#8211; Enkelstol &#8211; M\u00f6rkgr\u00e5"},"content":{"rendered":"<p>Ge ditt vardagsrum en touch av stil och charm med den eleganta \u00f6ronlappstolen fr\u00e5n TRUUSK. Den smakfulla ryggst\u00f6det med sofistikerad knappkl\u00e4dsel och de polerade tr\u00e4benen med mjuka kurvor g\u00f6r denna mysiga stol till en riktig blickf\u00e5ngare. Njut av h\u00f6g komfort som en mysig l\u00e4sstol eller stilfull accent. Tack vare den h\u00f6gkvalitativa utf\u00f6randet och det avtagbara, tv\u00e4ttbara sits\u00f6verdraget f\u00f6rblir den alltid i toppform.<\/p>\n<p>Beskrivning:<\/p>\n<ul>\n<li> Elegant f\u00e5t\u00f6lj som ger ditt vardagsrum stil och charm<\/li>\n<li> Vacker knappkl\u00e4dsel p\u00e5 ryggst\u00f6det f\u00f6r en klassisk look<\/li>\n<li> Tjockt stoppad, stor sittplats och ryggst\u00f6d p\u00e5 relaxstolen f\u00f6r h\u00f6g komfort<\/li>\n<li> Avtagbart och tv\u00e4ttbart kl\u00e4dsel p\u00e5 l\u00e4sstolen f\u00f6r enkel v\u00e5rd<\/li>\n<li> 4 snygga och lackerade tr\u00e4ben med golvskydd f\u00f6r stabilitet<\/li>\n<li> Utm\u00e4rkt l\u00e4mplig f\u00f6r l\u00e4sning och avkoppling<\/li>\n<li> Enkel montering f\u00f6r snabb anv\u00e4ndning<\/li>\n<\/ul>\n<p>Tekniska data:<\/p>\n<ul>\n<li> F\u00e4rg: M\u00f6rkgr\u00e5<\/li>\n<li> Material: Polyester, tr\u00e4, skum<\/li>\n<li> Totala m\u00e5tt: 74B x 86D x 102H cm<\/li>\n<li> Sitsstorlek: 48,5B x 53D cm<\/li>\n<li> Sitth\u00f6jd: 47 cm<\/li>\n<li> M\u00e5tt ryggst\u00f6d: 67B x 15D x 68H cm<\/li>\n<li> Maximal belastningskapacitet: 160 kg<\/li>\n<\/ul>\n<p>Leveransinneh\u00e5ll:<\/p>\n<ul>\n<li> 1 x enkelstol<\/li>\n<li> 1 x monteringsanvisningar<\/li>\n<li> 1 x instruktioner<\/li>\n<\/ul>\n","protected":false},"excerpt":{"rendered":"<p>Ge ditt vardagsrum en touch av stil och charm med den eleganta \u00f6ronlappstolen fr\u00e5n TRUUSK. Den smakfulla ryggst\u00f6det med sofistikerad&#8230;<\/p>\n","protected":false},"featured_media":58273,"template":"","meta":[],"product_brand":[],"product_cat":[938,871,937,910],"product_tag":[],"class_list":{"0":"post-58282","1":"product","2":"type-product","3":"status-publish","4":"has-post-thumbnail","6":"product_cat-einzelsofas","7":"product_cat-hus-hem","8":"product_cat-soffor","9":"product_cat-vardagsrum","11":"first","12":"instock","13":"sale","14":"taxable","15":"shipping-taxable","16":"purchasable","17":"product-type-simple"},"yoast_head":"<!-- This site is optimized with the Yoast SEO plugin v25.4 - https:\/\/yoast.com\/wordpress\/plugins\/seo\/ -->\n<title>TRUUSK Bekv\u00e4m L\u00e4sf\u00e5t\u00f6lj - Upp Till 160kg - Enkelstol - M\u00f6rkgr\u00e5 - TRUUSK - Hem, Tr\u00e4dg\u00e5rd &amp; Fritid<\/title>\n<meta name=\"robots\" content=\"index, follow, max-snippet:-1, max-image-preview:large, max-video-preview:-1\" \/>\n<link rel=\"canonical\" href=\"https:\/\/truusk.store\/sv\/produkt\/truusk-bekvam-lasfatolj-upp-till-160kg-enkelstol-morkgra\/\" \/>\n<meta property=\"og:locale\" content=\"sv_SE\" \/>\n<meta property=\"og:type\" content=\"article\" \/>\n<meta property=\"og:title\" content=\"TRUUSK Bekv\u00e4m L\u00e4sf\u00e5t\u00f6lj - Upp Till 160kg - Enkelstol - M\u00f6rkgr\u00e5 - TRUUSK - Hem, Tr\u00e4dg\u00e5rd &amp; Fritid\" \/>\n<meta property=\"og:description\" content=\"Ge ditt vardagsrum en touch av stil och charm med den eleganta \u00f6ronlappstolen fr\u00e5n TRUUSK. Den smakfulla ryggst\u00f6det med sofistikerad...\" \/>\n<meta property=\"og:url\" content=\"https:\/\/truusk.store\/sv\/produkt\/truusk-bekvam-lasfatolj-upp-till-160kg-enkelstol-morkgra\/\" \/>\n<meta property=\"og:site_name\" content=\"TRUUSK - Hem, Tr\u00e4dg\u00e5rd &amp; Fritid\" \/>\n<meta property=\"article:modified_time\" content=\"2026-03-12T08:08:38+00:00\" \/>\n<meta property=\"og:image\" content=\"https:\/\/i0.wp.com\/truusk.se\/wp-content\/uploads\/2025\/06\/bekvam-lasfatolj-tal-upp-till-160kg-enkelstol-for-vardagsrum-morkgra-1.webp?fit=2000%2C2000&ssl=1\" \/>\n\t<meta property=\"og:image:width\" content=\"2000\" \/>\n\t<meta property=\"og:image:height\" content=\"2000\" \/>\n\t<meta property=\"og:image:type\" content=\"image\/webp\" \/>\n<meta name=\"twitter:card\" content=\"summary_large_image\" \/>\n<meta name=\"twitter:label1\" content=\"Ber\u00e4knad l\u00e4stid\" \/>\n\t<meta name=\"twitter:data1\" content=\"1 minut\" \/>\n<!-- \/ Yoast SEO plugin. -->","yoast_head_json":{"title":"TRUUSK Bekv\u00e4m L\u00e4sf\u00e5t\u00f6lj - Upp Till 160kg - Enkelstol - M\u00f6rkgr\u00e5 - TRUUSK - Hem, Tr\u00e4dg\u00e5rd &amp; Fritid","robots":{"index":"index","follow":"follow","max-snippet":"max-snippet:-1","max-image-preview":"max-image-preview:large","max-video-preview":"max-video-preview:-1"},"canonical":"https:\/\/truusk.store\/sv\/produkt\/truusk-bekvam-lasfatolj-upp-till-160kg-enkelstol-morkgra\/","og_locale":"sv_SE","og_type":"article","og_title":"TRUUSK Bekv\u00e4m L\u00e4sf\u00e5t\u00f6lj - Upp Till 160kg - Enkelstol - M\u00f6rkgr\u00e5 - TRUUSK - Hem, Tr\u00e4dg\u00e5rd &amp; Fritid","og_description":"Ge ditt vardagsrum en touch av stil och charm med den eleganta \u00f6ronlappstolen fr\u00e5n TRUUSK. Den smakfulla ryggst\u00f6det med sofistikerad...","og_url":"https:\/\/truusk.store\/sv\/produkt\/truusk-bekvam-lasfatolj-upp-till-160kg-enkelstol-morkgra\/","og_site_name":"TRUUSK - Hem, Tr\u00e4dg\u00e5rd &amp; Fritid","article_modified_time":"2026-03-12T08:08:38+00:00","og_image":[{"width":2000,"height":2000,"url":"https:\/\/i0.wp.com\/truusk.se\/wp-content\/uploads\/2025\/06\/bekvam-lasfatolj-tal-upp-till-160kg-enkelstol-for-vardagsrum-morkgra-1.webp?fit=2000%2C2000&ssl=1","type":"image\/webp"}],"twitter_card":"summary_large_image","twitter_misc":{"Ber\u00e4knad l\u00e4stid":"1 minut"},"schema":{"@context":"https:\/\/schema.org","@graph":[{"@type":"WebPage","@id":"https:\/\/truusk.store\/sv\/produkt\/truusk-bekvam-lasfatolj-upp-till-160kg-enkelstol-morkgra\/","url":"https:\/\/truusk.store\/sv\/produkt\/truusk-bekvam-lasfatolj-upp-till-160kg-enkelstol-morkgra\/","name":"TRUUSK Bekv\u00e4m L\u00e4sf\u00e5t\u00f6lj - Upp Till 160kg - Enkelstol - M\u00f6rkgr\u00e5 - TRUUSK - Hem, Tr\u00e4dg\u00e5rd &amp; Fritid","isPartOf":{"@id":"https:\/\/truusk.store\/sv\/#website"},"primaryImageOfPage":{"@id":"https:\/\/truusk.store\/sv\/produkt\/truusk-bekvam-lasfatolj-upp-till-160kg-enkelstol-morkgra\/#primaryimage"},"image":{"@id":"https:\/\/truusk.store\/sv\/produkt\/truusk-bekvam-lasfatolj-upp-till-160kg-enkelstol-morkgra\/#primaryimage"},"thumbnailUrl":"https:\/\/i0.wp.com\/truusk.store\/wp-content\/uploads\/2025\/06\/bekvam-lasfatolj-tal-upp-till-160kg-enkelstol-for-vardagsrum-morkgra-1.webp?fit=2000%2C2000&ssl=1","datePublished":"2025-06-04T22:08:49+00:00","dateModified":"2026-03-12T08:08:38+00:00","breadcrumb":{"@id":"https:\/\/truusk.store\/sv\/produkt\/truusk-bekvam-lasfatolj-upp-till-160kg-enkelstol-morkgra\/#breadcrumb"},"inLanguage":"sv-SE","potentialAction":[{"@type":"ReadAction","target":["https:\/\/truusk.store\/sv\/produkt\/truusk-bekvam-lasfatolj-upp-till-160kg-enkelstol-morkgra\/"]}]},{"@type":"ImageObject","inLanguage":"sv-SE","@id":"https:\/\/truusk.store\/sv\/produkt\/truusk-bekvam-lasfatolj-upp-till-160kg-enkelstol-morkgra\/#primaryimage","url":"https:\/\/i0.wp.com\/truusk.store\/wp-content\/uploads\/2025\/06\/bekvam-lasfatolj-tal-upp-till-160kg-enkelstol-for-vardagsrum-morkgra-1.webp?fit=2000%2C2000&ssl=1","contentUrl":"https:\/\/i0.wp.com\/truusk.store\/wp-content\/uploads\/2025\/06\/bekvam-lasfatolj-tal-upp-till-160kg-enkelstol-for-vardagsrum-morkgra-1.webp?fit=2000%2C2000&ssl=1","width":2000,"height":2000},{"@type":"BreadcrumbList","@id":"https:\/\/truusk.store\/sv\/produkt\/truusk-bekvam-lasfatolj-upp-till-160kg-enkelstol-morkgra\/#breadcrumb","itemListElement":[{"@type":"ListItem","position":1,"name":"Home","item":"https:\/\/truusk.store\/sv\/"},{"@type":"ListItem","position":2,"name":"Shop","item":"https:\/\/truusk.store\/shop\/"},{"@type":"ListItem","position":3,"name":"TRUUSK Bekv\u00e4m L\u00e4sf\u00e5t\u00f6lj &#8211; Upp Till 160kg &#8211; Enkelstol &#8211; M\u00f6rkgr\u00e5"}]},{"@type":"WebSite","@id":"https:\/\/truusk.store\/sv\/#website","url":"https:\/\/truusk.store\/sv\/","name":"TRUUSK - Hem, Tr\u00e4dg\u00e5rd & Fritid","description":"","publisher":{"@id":"https:\/\/truusk.store\/sv\/#organization"},"potentialAction":[{"@type":"SearchAction","target":{"@type":"EntryPoint","urlTemplate":"https:\/\/truusk.store\/sv\/?s={search_term_string}"},"query-input":{"@type":"PropertyValueSpecification","valueRequired":true,"valueName":"search_term_string"}}],"inLanguage":"sv-SE"},{"@type":"Organization","@id":"https:\/\/truusk.store\/sv\/#organization","name":"TRUUSK - Hem, Tr\u00e4dg\u00e5rd & Fritid","url":"https:\/\/truusk.store\/sv\/","logo":{"@type":"ImageObject","inLanguage":"sv-SE","@id":"https:\/\/truusk.store\/sv\/#\/schema\/logo\/image\/","url":"https:\/\/i0.wp.com\/truusk.store\/wp-content\/uploads\/2026\/03\/cropped-TRUUSK.png?fit=2032%2C917&ssl=1","contentUrl":"https:\/\/i0.wp.com\/truusk.store\/wp-content\/uploads\/2026\/03\/cropped-TRUUSK.png?fit=2032%2C917&ssl=1","width":2032,"height":917,"caption":"TRUUSK - Hem, Tr\u00e4dg\u00e5rd & Fritid"},"image":{"@id":"https:\/\/truusk.store\/sv\/#\/schema\/logo\/image\/"}}]}},"jetpack_sharing_enabled":true,"_links":{"self":[{"href":"https:\/\/truusk.store\/sv\/wp-json\/wp\/v2\/product\/58282","targetHints":{"allow":["GET"]}}],"collection":[{"href":"https:\/\/truusk.store\/sv\/wp-json\/wp\/v2\/product"}],"about":[{"href":"https:\/\/truusk.store\/sv\/wp-json\/wp\/v2\/types\/product"}],"wp:featuredmedia":[{"embeddable":true,"href":"https:\/\/truusk.store\/sv\/wp-json\/wp\/v2\/media\/58273"}],"wp:attachment":[{"href":"https:\/\/truusk.store\/sv\/wp-json\/wp\/v2\/media?parent=58282"}],"wp:term":[{"taxonomy":"product_brand","embeddable":true,"href":"https:\/\/truusk.store\/sv\/wp-json\/wp\/v2\/product_brand?post=58282"},{"taxonomy":"product_cat","embeddable":true,"href":"https:\/\/truusk.store\/sv\/wp-json\/wp\/v2\/product_cat?post=58282"},{"taxonomy":"product_tag","embeddable":true,"href":"https:\/\/truusk.store\/sv\/wp-json\/wp\/v2\/product_tag?post=58282"}],"curies":[{"name":"wp","href":"https:\/\/api.w.org\/{rel}","templated":true}]}}