{"id":58312,"date":"2025-06-04T23:11:43","date_gmt":"2025-06-04T22:11:43","guid":{"rendered":"https:\/\/truusk.store\/product\/zonekiz-flodstenar-balans-stegstenar-spel-for-barn-stapelstenar-halkfri-upp-till-80-kg\/"},"modified":"2026-03-12T09:24:37","modified_gmt":"2026-03-12T08:24:37","slug":"truusk-balansstenar-for-barn-halkfria-och-stapelbara-upp-till-80-kg-lekspel-for-balans-och-koordination","status":"publish","type":"product","link":"https:\/\/truusk.store\/sv\/produkt\/truusk-balansstenar-for-barn-halkfria-och-stapelbara-upp-till-80-kg-lekspel-for-balans-och-koordination\/","title":{"rendered":"TRUUSK Balansstenar f\u00f6r Barn &#8211; Halkfria och Stapelbara &#8211; Upp till 80 kg &#8211; Lekspel f\u00f6r Balans och Koordination"},"content":{"rendered":"<p>Uppt\u00e4ck en ny v\u00e4rld av lekfullt l\u00e4rande och \u00e4ventyrslust med de fascinerande balansstenarna fr\u00e5n ZONEKIZ! Dessa livfulla stenar har speciellt utvecklats f\u00f6r att p\u00e5 ett lekfullt s\u00e4tt f\u00f6rb\u00e4ttra ditt barns balans och koordination. Oavsett om det \u00e4r inomhus eller utomhus, passar detta f\u00e4rgglada set perfekt i alla lekmilj\u00f6er. Den stapelbara designen m\u00f6jligg\u00f6r enkel f\u00f6rvaring, medan den halkfria ytan och gummif\u00f6tterna garanterar maximal s\u00e4kerhet.<\/p>\n<p>Beskrivning:<\/p>\n<ul>\n<li> Lekfull tr\u00e4ning av balans, koordination och motorik<\/li>\n<li> Det robusta materialet \u00e4r s\u00e4kert och h\u00e5llbart<\/li>\n<li> Halkfri botten och strukturerad topp f\u00f6rhindrar halkning<\/li>\n<li> Stapelbar f\u00f6r enkel f\u00f6rvaring och transport<\/li>\n<li> L\u00e4mplig f\u00f6r inomhus och utomhus<\/li>\n<li> Maximal belastning: 80 kg<\/li>\n<li> Enkel montering kr\u00e4vs<\/li>\n<\/ul>\n<p> Tekniska specifikationer:<\/p>\n<ul>\n<li> F\u00e4rg: Flerf\u00e4rgad<\/li>\n<li> Material: Plast, TPR<\/li>\n<li> Totala dimensioner: 23L x 23B x 4H cm (liten). 33L x 33B x 7,5H cm (medium). 36,5L x 36,5B x 16H cm (stor). 31L x 31B x 8,5H cm (fj\u00e4drande sten)<\/li>\n<li> Trampyta: 13,5L x 13,5B cm (liten). 15,5L x 15,5B cm (medium). 14,5L x 14,5B cm (stor). 19L x 19B cm (fj\u00e4drande sten)<\/li>\n<li> Rekommenderad \u00e5lder: 3-8 \u00e5r. Certifierad \u00e5lder: 3+ \u00e5r<\/li>\n<li> Belastningskapacitet: 80 kg<\/li>\n<\/ul>\n<p> Leverans inneh\u00e5ller:<\/p>\n<ul>\n<li> 11 x balansstenar<\/li>\n<li> 1 x instruktioner<\/li>\n<\/ul>\n","protected":false},"excerpt":{"rendered":"<p>Uppt\u00e4ck en ny v\u00e4rld av lekfullt l\u00e4rande och \u00e4ventyrslust med de fascinerande balansstenarna fr\u00e5n ZONEKIZ! Dessa livfulla stenar har speciellt&#8230;<\/p>\n","protected":false},"featured_media":58303,"template":"","meta":[],"product_brand":[],"product_cat":[880,939,616],"product_tag":[],"class_list":{"0":"post-58312","1":"product","2":"type-product","3":"status-publish","4":"has-post-thumbnail","6":"product_cat-baby-barn-2","7":"product_cat-barnsport","8":"product_cat-utomhusleksaker","10":"first","11":"instock","12":"sale","13":"taxable","14":"shipping-taxable","15":"purchasable","16":"product-type-simple"},"yoast_head":"<!-- This site is optimized with the Yoast SEO plugin v25.4 - https:\/\/yoast.com\/wordpress\/plugins\/seo\/ -->\n<title>TRUUSK Balansstenar f\u00f6r Barn - Halkfria och Stapelbara - Upp till 80 kg - Lekspel f\u00f6r Balans och Koordination - TRUUSK - Hem, Tr\u00e4dg\u00e5rd &amp; Fritid<\/title>\n<meta name=\"robots\" content=\"index, follow, max-snippet:-1, max-image-preview:large, max-video-preview:-1\" \/>\n<link rel=\"canonical\" href=\"https:\/\/truusk.store\/sv\/produkt\/truusk-balansstenar-for-barn-halkfria-och-stapelbara-upp-till-80-kg-lekspel-for-balans-och-koordination\/\" \/>\n<meta property=\"og:locale\" content=\"sv_SE\" \/>\n<meta property=\"og:type\" content=\"article\" \/>\n<meta property=\"og:title\" content=\"TRUUSK Balansstenar f\u00f6r Barn - Halkfria och Stapelbara - Upp till 80 kg - Lekspel f\u00f6r Balans och Koordination - TRUUSK - Hem, Tr\u00e4dg\u00e5rd &amp; Fritid\" \/>\n<meta property=\"og:description\" content=\"Uppt\u00e4ck en ny v\u00e4rld av lekfullt l\u00e4rande och \u00e4ventyrslust med de fascinerande balansstenarna fr\u00e5n ZONEKIZ! Dessa livfulla stenar har speciellt...\" \/>\n<meta property=\"og:url\" content=\"https:\/\/truusk.store\/sv\/produkt\/truusk-balansstenar-for-barn-halkfria-och-stapelbara-upp-till-80-kg-lekspel-for-balans-och-koordination\/\" \/>\n<meta property=\"og:site_name\" content=\"TRUUSK - Hem, Tr\u00e4dg\u00e5rd &amp; Fritid\" \/>\n<meta property=\"article:modified_time\" content=\"2026-03-12T08:24:37+00:00\" \/>\n<meta property=\"og:image\" content=\"https:\/\/i0.wp.com\/truusk.se\/wp-content\/uploads\/2025\/06\/zonekiz-flodstenar-balans-stegstenar-spel-for-barn-stapelstenar-halkfri-upp-till-80-kg-1.webp?fit=2000%2C2000&ssl=1\" \/>\n\t<meta property=\"og:image:width\" content=\"2000\" \/>\n\t<meta property=\"og:image:height\" content=\"2000\" \/>\n\t<meta property=\"og:image:type\" content=\"image\/webp\" \/>\n<meta name=\"twitter:card\" content=\"summary_large_image\" \/>\n<meta name=\"twitter:label1\" content=\"Ber\u00e4knad l\u00e4stid\" \/>\n\t<meta name=\"twitter:data1\" content=\"1 minut\" \/>\n<!-- \/ Yoast SEO plugin. -->","yoast_head_json":{"title":"TRUUSK Balansstenar f\u00f6r Barn - Halkfria och Stapelbara - Upp till 80 kg - Lekspel f\u00f6r Balans och Koordination - TRUUSK - Hem, Tr\u00e4dg\u00e5rd &amp; Fritid","robots":{"index":"index","follow":"follow","max-snippet":"max-snippet:-1","max-image-preview":"max-image-preview:large","max-video-preview":"max-video-preview:-1"},"canonical":"https:\/\/truusk.store\/sv\/produkt\/truusk-balansstenar-for-barn-halkfria-och-stapelbara-upp-till-80-kg-lekspel-for-balans-och-koordination\/","og_locale":"sv_SE","og_type":"article","og_title":"TRUUSK Balansstenar f\u00f6r Barn - Halkfria och Stapelbara - Upp till 80 kg - Lekspel f\u00f6r Balans och Koordination - TRUUSK - Hem, Tr\u00e4dg\u00e5rd &amp; Fritid","og_description":"Uppt\u00e4ck en ny v\u00e4rld av lekfullt l\u00e4rande och \u00e4ventyrslust med de fascinerande balansstenarna fr\u00e5n ZONEKIZ! Dessa livfulla stenar har speciellt...","og_url":"https:\/\/truusk.store\/sv\/produkt\/truusk-balansstenar-for-barn-halkfria-och-stapelbara-upp-till-80-kg-lekspel-for-balans-och-koordination\/","og_site_name":"TRUUSK - Hem, Tr\u00e4dg\u00e5rd &amp; Fritid","article_modified_time":"2026-03-12T08:24:37+00:00","og_image":[{"width":2000,"height":2000,"url":"https:\/\/i0.wp.com\/truusk.se\/wp-content\/uploads\/2025\/06\/zonekiz-flodstenar-balans-stegstenar-spel-for-barn-stapelstenar-halkfri-upp-till-80-kg-1.webp?fit=2000%2C2000&ssl=1","type":"image\/webp"}],"twitter_card":"summary_large_image","twitter_misc":{"Ber\u00e4knad l\u00e4stid":"1 minut"},"schema":{"@context":"https:\/\/schema.org","@graph":[{"@type":"WebPage","@id":"https:\/\/truusk.store\/sv\/produkt\/truusk-balansstenar-for-barn-halkfria-och-stapelbara-upp-till-80-kg-lekspel-for-balans-och-koordination\/","url":"https:\/\/truusk.store\/sv\/produkt\/truusk-balansstenar-for-barn-halkfria-och-stapelbara-upp-till-80-kg-lekspel-for-balans-och-koordination\/","name":"TRUUSK Balansstenar f\u00f6r Barn - Halkfria och Stapelbara - Upp till 80 kg - Lekspel f\u00f6r Balans och Koordination - TRUUSK - Hem, Tr\u00e4dg\u00e5rd &amp; Fritid","isPartOf":{"@id":"https:\/\/truusk.store\/sv\/#website"},"primaryImageOfPage":{"@id":"https:\/\/truusk.store\/sv\/produkt\/truusk-balansstenar-for-barn-halkfria-och-stapelbara-upp-till-80-kg-lekspel-for-balans-och-koordination\/#primaryimage"},"image":{"@id":"https:\/\/truusk.store\/sv\/produkt\/truusk-balansstenar-for-barn-halkfria-och-stapelbara-upp-till-80-kg-lekspel-for-balans-och-koordination\/#primaryimage"},"thumbnailUrl":"https:\/\/i0.wp.com\/truusk.store\/wp-content\/uploads\/2025\/06\/zonekiz-flodstenar-balans-stegstenar-spel-for-barn-stapelstenar-halkfri-upp-till-80-kg-1.webp?fit=2000%2C2000&ssl=1","datePublished":"2025-06-04T22:11:43+00:00","dateModified":"2026-03-12T08:24:37+00:00","breadcrumb":{"@id":"https:\/\/truusk.store\/sv\/produkt\/truusk-balansstenar-for-barn-halkfria-och-stapelbara-upp-till-80-kg-lekspel-for-balans-och-koordination\/#breadcrumb"},"inLanguage":"sv-SE","potentialAction":[{"@type":"ReadAction","target":["https:\/\/truusk.store\/sv\/produkt\/truusk-balansstenar-for-barn-halkfria-och-stapelbara-upp-till-80-kg-lekspel-for-balans-och-koordination\/"]}]},{"@type":"ImageObject","inLanguage":"sv-SE","@id":"https:\/\/truusk.store\/sv\/produkt\/truusk-balansstenar-for-barn-halkfria-och-stapelbara-upp-till-80-kg-lekspel-for-balans-och-koordination\/#primaryimage","url":"https:\/\/i0.wp.com\/truusk.store\/wp-content\/uploads\/2025\/06\/zonekiz-flodstenar-balans-stegstenar-spel-for-barn-stapelstenar-halkfri-upp-till-80-kg-1.webp?fit=2000%2C2000&ssl=1","contentUrl":"https:\/\/i0.wp.com\/truusk.store\/wp-content\/uploads\/2025\/06\/zonekiz-flodstenar-balans-stegstenar-spel-for-barn-stapelstenar-halkfri-upp-till-80-kg-1.webp?fit=2000%2C2000&ssl=1","width":2000,"height":2000},{"@type":"BreadcrumbList","@id":"https:\/\/truusk.store\/sv\/produkt\/truusk-balansstenar-for-barn-halkfria-och-stapelbara-upp-till-80-kg-lekspel-for-balans-och-koordination\/#breadcrumb","itemListElement":[{"@type":"ListItem","position":1,"name":"Home","item":"https:\/\/truusk.store\/sv\/"},{"@type":"ListItem","position":2,"name":"Shop","item":"https:\/\/truusk.store\/shop\/"},{"@type":"ListItem","position":3,"name":"TRUUSK Balansstenar f\u00f6r Barn &#8211; Halkfria och Stapelbara &#8211; Upp till 80 kg &#8211; Lekspel f\u00f6r Balans och Koordination"}]},{"@type":"WebSite","@id":"https:\/\/truusk.store\/sv\/#website","url":"https:\/\/truusk.store\/sv\/","name":"TRUUSK - Hem, Tr\u00e4dg\u00e5rd & Fritid","description":"","publisher":{"@id":"https:\/\/truusk.store\/sv\/#organization"},"potentialAction":[{"@type":"SearchAction","target":{"@type":"EntryPoint","urlTemplate":"https:\/\/truusk.store\/sv\/?s={search_term_string}"},"query-input":{"@type":"PropertyValueSpecification","valueRequired":true,"valueName":"search_term_string"}}],"inLanguage":"sv-SE"},{"@type":"Organization","@id":"https:\/\/truusk.store\/sv\/#organization","name":"TRUUSK - Hem, Tr\u00e4dg\u00e5rd & Fritid","url":"https:\/\/truusk.store\/sv\/","logo":{"@type":"ImageObject","inLanguage":"sv-SE","@id":"https:\/\/truusk.store\/sv\/#\/schema\/logo\/image\/","url":"https:\/\/i0.wp.com\/truusk.store\/wp-content\/uploads\/2026\/03\/cropped-TRUUSK.png?fit=2032%2C917&ssl=1","contentUrl":"https:\/\/i0.wp.com\/truusk.store\/wp-content\/uploads\/2026\/03\/cropped-TRUUSK.png?fit=2032%2C917&ssl=1","width":2032,"height":917,"caption":"TRUUSK - Hem, Tr\u00e4dg\u00e5rd & Fritid"},"image":{"@id":"https:\/\/truusk.store\/sv\/#\/schema\/logo\/image\/"}}]}},"jetpack_sharing_enabled":true,"_links":{"self":[{"href":"https:\/\/truusk.store\/sv\/wp-json\/wp\/v2\/product\/58312","targetHints":{"allow":["GET"]}}],"collection":[{"href":"https:\/\/truusk.store\/sv\/wp-json\/wp\/v2\/product"}],"about":[{"href":"https:\/\/truusk.store\/sv\/wp-json\/wp\/v2\/types\/product"}],"wp:featuredmedia":[{"embeddable":true,"href":"https:\/\/truusk.store\/sv\/wp-json\/wp\/v2\/media\/58303"}],"wp:attachment":[{"href":"https:\/\/truusk.store\/sv\/wp-json\/wp\/v2\/media?parent=58312"}],"wp:term":[{"taxonomy":"product_brand","embeddable":true,"href":"https:\/\/truusk.store\/sv\/wp-json\/wp\/v2\/product_brand?post=58312"},{"taxonomy":"product_cat","embeddable":true,"href":"https:\/\/truusk.store\/sv\/wp-json\/wp\/v2\/product_cat?post=58312"},{"taxonomy":"product_tag","embeddable":true,"href":"https:\/\/truusk.store\/sv\/wp-json\/wp\/v2\/product_tag?post=58312"}],"curies":[{"name":"wp","href":"https:\/\/api.w.org\/{rel}","templated":true}]}}