{"id":58342,"date":"2025-06-04T23:14:41","date_gmt":"2025-06-04T22:14:41","guid":{"rendered":"https:\/\/truusk.store\/product\/hollywood-spegel-med-belysning-sminkspegel-med-touchbrytare-kosmetikaspegel-med-12-dimbara-led-lampor-80-x-60-cm-sminkspegel-med-minnesfunktion-vit\/"},"modified":"2026-03-12T09:10:09","modified_gmt":"2026-03-12T08:10:09","slug":"truusk-hollywood-spegel-med-belysning-sminkspegel-med-touchbrytare-12-dimbara-led-lampor-80-x-60-cm-minnesfunktion-vit","status":"publish","type":"product","link":"https:\/\/truusk.store\/sv\/produkt\/truusk-hollywood-spegel-med-belysning-sminkspegel-med-touchbrytare-12-dimbara-led-lampor-80-x-60-cm-minnesfunktion-vit\/","title":{"rendered":"TRUUSK Hollywood-spegel med belysning &#8211; Sminkspegel med touchbrytare &#8211; 12 dimbara LED-lampor &#8211; 80 x 60 cm &#8211; Minnesfunktion &#8211; Vit"},"content":{"rendered":"<p>Upplev Hollywoods str\u00e5lande glans med denna kosmetikaspegel fr\u00e5n TRUUSK! Denna stora, belysta spegel ger varje rum \u00e4kta stj\u00e4rnglamour, medan 12 dimbara LED-lampor ger vacker och klar belysning. Ett annat plus \u00e4r den praktiska minnesfunktionen som lagrar dina f\u00f6redragna inst\u00e4llningar och h\u00e4mtar dem varje g\u00e5ng du sl\u00e5r p\u00e5 kosmetikaspegeln. Med denna vackra sminkspegel kommer du att b\u00f6rja varje dag med en f\u00f6rtrollande glans.<\/p>\n<p>Beskrivning:<\/p>\n<ul>\n<li> Belysning med 12 LED-lampor, idealisk f\u00f6r sminkning, kl\u00e4dning etc.<\/li>\n<li> Smart touch-kontroll genom l\u00e4tt ber\u00f6ring<\/li>\n<li> Justerbar ljusstyrka f\u00f6r varje ljussituation<\/li>\n<li> Minnesfunktionen kommer ih\u00e5g den senast anv\u00e4nda ljusinst\u00e4llningen<\/li>\n<li> Metallramen ger optimal stabilitet<\/li>\n<li> Ingen montering kr\u00e4vs<\/li>\n<\/ul>\n<p>Tekniska data:<\/p>\n<ul>\n<li> F\u00e4rg: Vit<\/li>\n<li> Material: J\u00e4rn, glas, MDF<\/li>\n<li> Totala dimensioner: 80L x 60B x 20H cm<\/li>\n<li> Spegelyta: 64L x 41,5H cm<\/li>\n<li> Basdimensioner: 80L x 20B cm<\/li>\n<li> Ljuseffekt: 30 W (totalt), 2,5 W (varje lampa)<\/li>\n<li> Gl\u00f6dlampans livsl\u00e4ngd: 50 000 timmar<\/li>\n<li> Maximal ljusstyrka: 1920 Lm<\/li>\n<li> F\u00e4rgtemperatur: 6500 K<\/li>\n<li> Sp\u00e4nning: 110-240 V (AC), 12\/3 A (DC)<\/li>\n<li> L\u00e4ngd p\u00e5 n\u00e4tkabel: 1,5 m<\/li>\n<\/ul>\n<p>Leveransinneh\u00e5ll:<\/p>\n<ul>\n<li> 1 x Hollywood spegel;<\/li>\n<\/ul>\n","protected":false},"excerpt":{"rendered":"<p>Upplev Hollywoods str\u00e5lande glans med denna kosmetikaspegel fr\u00e5n TRUUSK! Denna stora, belysta spegel ger varje rum \u00e4kta stj\u00e4rnglamour, medan 12&#8230;<\/p>\n","protected":false},"featured_media":58333,"template":"","meta":[],"product_brand":[],"product_cat":[871,504,897],"product_tag":[],"class_list":{"0":"post-58342","1":"product","2":"type-product","3":"status-publish","4":"has-post-thumbnail","6":"product_cat-hus-hem","7":"product_cat-sminkbord-speglar","8":"product_cat-sovrum","10":"first","11":"instock","12":"sale","13":"taxable","14":"shipping-taxable","15":"purchasable","16":"product-type-simple"},"yoast_head":"<!-- This site is optimized with the Yoast SEO plugin v25.4 - https:\/\/yoast.com\/wordpress\/plugins\/seo\/ -->\n<title>TRUUSK Hollywood-spegel med belysning - Sminkspegel med touchbrytare - 12 dimbara LED-lampor - 80 x 60 cm - Minnesfunktion - Vit - TRUUSK - Hem, Tr\u00e4dg\u00e5rd &amp; Fritid<\/title>\n<meta name=\"robots\" content=\"index, follow, max-snippet:-1, max-image-preview:large, max-video-preview:-1\" \/>\n<link rel=\"canonical\" href=\"https:\/\/truusk.store\/sv\/produkt\/truusk-hollywood-spegel-med-belysning-sminkspegel-med-touchbrytare-12-dimbara-led-lampor-80-x-60-cm-minnesfunktion-vit\/\" \/>\n<meta property=\"og:locale\" content=\"sv_SE\" \/>\n<meta property=\"og:type\" content=\"article\" \/>\n<meta property=\"og:title\" content=\"TRUUSK Hollywood-spegel med belysning - Sminkspegel med touchbrytare - 12 dimbara LED-lampor - 80 x 60 cm - Minnesfunktion - Vit - TRUUSK - Hem, Tr\u00e4dg\u00e5rd &amp; Fritid\" \/>\n<meta property=\"og:description\" content=\"Upplev Hollywoods str\u00e5lande glans med denna kosmetikaspegel fr\u00e5n TRUUSK! Denna stora, belysta spegel ger varje rum \u00e4kta stj\u00e4rnglamour, medan 12...\" \/>\n<meta property=\"og:url\" content=\"https:\/\/truusk.store\/sv\/produkt\/truusk-hollywood-spegel-med-belysning-sminkspegel-med-touchbrytare-12-dimbara-led-lampor-80-x-60-cm-minnesfunktion-vit\/\" \/>\n<meta property=\"og:site_name\" content=\"TRUUSK - Hem, Tr\u00e4dg\u00e5rd &amp; Fritid\" \/>\n<meta property=\"article:modified_time\" content=\"2026-03-12T08:10:09+00:00\" \/>\n<meta property=\"og:image\" content=\"https:\/\/i0.wp.com\/truusk.se\/wp-content\/uploads\/2025\/06\/hollywood-spegel-med-belysning-sminkspegel-med-touchbrytare-kosmetikaspegel-med-12-dimbara-led-lampor-80-x-60-cm-sminkspegel-med-minnesfunktion-vit-1.webp?fit=2000%2C2000&ssl=1\" \/>\n\t<meta property=\"og:image:width\" content=\"2000\" \/>\n\t<meta property=\"og:image:height\" content=\"2000\" \/>\n\t<meta property=\"og:image:type\" content=\"image\/webp\" \/>\n<meta name=\"twitter:card\" content=\"summary_large_image\" \/>\n<meta name=\"twitter:label1\" content=\"Ber\u00e4knad l\u00e4stid\" \/>\n\t<meta name=\"twitter:data1\" content=\"1 minut\" \/>\n<!-- \/ Yoast SEO plugin. -->","yoast_head_json":{"title":"TRUUSK Hollywood-spegel med belysning - Sminkspegel med touchbrytare - 12 dimbara LED-lampor - 80 x 60 cm - Minnesfunktion - Vit - TRUUSK - Hem, Tr\u00e4dg\u00e5rd &amp; Fritid","robots":{"index":"index","follow":"follow","max-snippet":"max-snippet:-1","max-image-preview":"max-image-preview:large","max-video-preview":"max-video-preview:-1"},"canonical":"https:\/\/truusk.store\/sv\/produkt\/truusk-hollywood-spegel-med-belysning-sminkspegel-med-touchbrytare-12-dimbara-led-lampor-80-x-60-cm-minnesfunktion-vit\/","og_locale":"sv_SE","og_type":"article","og_title":"TRUUSK Hollywood-spegel med belysning - Sminkspegel med touchbrytare - 12 dimbara LED-lampor - 80 x 60 cm - Minnesfunktion - Vit - TRUUSK - Hem, Tr\u00e4dg\u00e5rd &amp; Fritid","og_description":"Upplev Hollywoods str\u00e5lande glans med denna kosmetikaspegel fr\u00e5n TRUUSK! Denna stora, belysta spegel ger varje rum \u00e4kta stj\u00e4rnglamour, medan 12...","og_url":"https:\/\/truusk.store\/sv\/produkt\/truusk-hollywood-spegel-med-belysning-sminkspegel-med-touchbrytare-12-dimbara-led-lampor-80-x-60-cm-minnesfunktion-vit\/","og_site_name":"TRUUSK - Hem, Tr\u00e4dg\u00e5rd &amp; Fritid","article_modified_time":"2026-03-12T08:10:09+00:00","og_image":[{"width":2000,"height":2000,"url":"https:\/\/i0.wp.com\/truusk.se\/wp-content\/uploads\/2025\/06\/hollywood-spegel-med-belysning-sminkspegel-med-touchbrytare-kosmetikaspegel-med-12-dimbara-led-lampor-80-x-60-cm-sminkspegel-med-minnesfunktion-vit-1.webp?fit=2000%2C2000&ssl=1","type":"image\/webp"}],"twitter_card":"summary_large_image","twitter_misc":{"Ber\u00e4knad l\u00e4stid":"1 minut"},"schema":{"@context":"https:\/\/schema.org","@graph":[{"@type":"WebPage","@id":"https:\/\/truusk.store\/sv\/produkt\/truusk-hollywood-spegel-med-belysning-sminkspegel-med-touchbrytare-12-dimbara-led-lampor-80-x-60-cm-minnesfunktion-vit\/","url":"https:\/\/truusk.store\/sv\/produkt\/truusk-hollywood-spegel-med-belysning-sminkspegel-med-touchbrytare-12-dimbara-led-lampor-80-x-60-cm-minnesfunktion-vit\/","name":"TRUUSK Hollywood-spegel med belysning - Sminkspegel med touchbrytare - 12 dimbara LED-lampor - 80 x 60 cm - Minnesfunktion - Vit - TRUUSK - Hem, Tr\u00e4dg\u00e5rd &amp; Fritid","isPartOf":{"@id":"https:\/\/truusk.store\/sv\/#website"},"primaryImageOfPage":{"@id":"https:\/\/truusk.store\/sv\/produkt\/truusk-hollywood-spegel-med-belysning-sminkspegel-med-touchbrytare-12-dimbara-led-lampor-80-x-60-cm-minnesfunktion-vit\/#primaryimage"},"image":{"@id":"https:\/\/truusk.store\/sv\/produkt\/truusk-hollywood-spegel-med-belysning-sminkspegel-med-touchbrytare-12-dimbara-led-lampor-80-x-60-cm-minnesfunktion-vit\/#primaryimage"},"thumbnailUrl":"https:\/\/i0.wp.com\/truusk.store\/wp-content\/uploads\/2025\/06\/hollywood-spegel-med-belysning-sminkspegel-med-touchbrytare-kosmetikaspegel-med-12-dimbara-led-lampor-80-x-60-cm-sminkspegel-med-minnesfunktion-vit-1.webp?fit=2000%2C2000&ssl=1","datePublished":"2025-06-04T22:14:41+00:00","dateModified":"2026-03-12T08:10:09+00:00","breadcrumb":{"@id":"https:\/\/truusk.store\/sv\/produkt\/truusk-hollywood-spegel-med-belysning-sminkspegel-med-touchbrytare-12-dimbara-led-lampor-80-x-60-cm-minnesfunktion-vit\/#breadcrumb"},"inLanguage":"sv-SE","potentialAction":[{"@type":"ReadAction","target":["https:\/\/truusk.store\/sv\/produkt\/truusk-hollywood-spegel-med-belysning-sminkspegel-med-touchbrytare-12-dimbara-led-lampor-80-x-60-cm-minnesfunktion-vit\/"]}]},{"@type":"ImageObject","inLanguage":"sv-SE","@id":"https:\/\/truusk.store\/sv\/produkt\/truusk-hollywood-spegel-med-belysning-sminkspegel-med-touchbrytare-12-dimbara-led-lampor-80-x-60-cm-minnesfunktion-vit\/#primaryimage","url":"https:\/\/i0.wp.com\/truusk.store\/wp-content\/uploads\/2025\/06\/hollywood-spegel-med-belysning-sminkspegel-med-touchbrytare-kosmetikaspegel-med-12-dimbara-led-lampor-80-x-60-cm-sminkspegel-med-minnesfunktion-vit-1.webp?fit=2000%2C2000&ssl=1","contentUrl":"https:\/\/i0.wp.com\/truusk.store\/wp-content\/uploads\/2025\/06\/hollywood-spegel-med-belysning-sminkspegel-med-touchbrytare-kosmetikaspegel-med-12-dimbara-led-lampor-80-x-60-cm-sminkspegel-med-minnesfunktion-vit-1.webp?fit=2000%2C2000&ssl=1","width":2000,"height":2000},{"@type":"BreadcrumbList","@id":"https:\/\/truusk.store\/sv\/produkt\/truusk-hollywood-spegel-med-belysning-sminkspegel-med-touchbrytare-12-dimbara-led-lampor-80-x-60-cm-minnesfunktion-vit\/#breadcrumb","itemListElement":[{"@type":"ListItem","position":1,"name":"Home","item":"https:\/\/truusk.store\/sv\/"},{"@type":"ListItem","position":2,"name":"Shop","item":"https:\/\/truusk.store\/shop\/"},{"@type":"ListItem","position":3,"name":"TRUUSK Hollywood-spegel med belysning &#8211; Sminkspegel med touchbrytare &#8211; 12 dimbara LED-lampor &#8211; 80 x 60 cm &#8211; Minnesfunktion &#8211; Vit"}]},{"@type":"WebSite","@id":"https:\/\/truusk.store\/sv\/#website","url":"https:\/\/truusk.store\/sv\/","name":"TRUUSK - Hem, Tr\u00e4dg\u00e5rd & Fritid","description":"","publisher":{"@id":"https:\/\/truusk.store\/sv\/#organization"},"potentialAction":[{"@type":"SearchAction","target":{"@type":"EntryPoint","urlTemplate":"https:\/\/truusk.store\/sv\/?s={search_term_string}"},"query-input":{"@type":"PropertyValueSpecification","valueRequired":true,"valueName":"search_term_string"}}],"inLanguage":"sv-SE"},{"@type":"Organization","@id":"https:\/\/truusk.store\/sv\/#organization","name":"TRUUSK - Hem, Tr\u00e4dg\u00e5rd & Fritid","url":"https:\/\/truusk.store\/sv\/","logo":{"@type":"ImageObject","inLanguage":"sv-SE","@id":"https:\/\/truusk.store\/sv\/#\/schema\/logo\/image\/","url":"https:\/\/i0.wp.com\/truusk.store\/wp-content\/uploads\/2026\/03\/cropped-TRUUSK.png?fit=2032%2C917&ssl=1","contentUrl":"https:\/\/i0.wp.com\/truusk.store\/wp-content\/uploads\/2026\/03\/cropped-TRUUSK.png?fit=2032%2C917&ssl=1","width":2032,"height":917,"caption":"TRUUSK - Hem, Tr\u00e4dg\u00e5rd & Fritid"},"image":{"@id":"https:\/\/truusk.store\/sv\/#\/schema\/logo\/image\/"}}]}},"jetpack_sharing_enabled":true,"_links":{"self":[{"href":"https:\/\/truusk.store\/sv\/wp-json\/wp\/v2\/product\/58342","targetHints":{"allow":["GET"]}}],"collection":[{"href":"https:\/\/truusk.store\/sv\/wp-json\/wp\/v2\/product"}],"about":[{"href":"https:\/\/truusk.store\/sv\/wp-json\/wp\/v2\/types\/product"}],"wp:featuredmedia":[{"embeddable":true,"href":"https:\/\/truusk.store\/sv\/wp-json\/wp\/v2\/media\/58333"}],"wp:attachment":[{"href":"https:\/\/truusk.store\/sv\/wp-json\/wp\/v2\/media?parent=58342"}],"wp:term":[{"taxonomy":"product_brand","embeddable":true,"href":"https:\/\/truusk.store\/sv\/wp-json\/wp\/v2\/product_brand?post=58342"},{"taxonomy":"product_cat","embeddable":true,"href":"https:\/\/truusk.store\/sv\/wp-json\/wp\/v2\/product_cat?post=58342"},{"taxonomy":"product_tag","embeddable":true,"href":"https:\/\/truusk.store\/sv\/wp-json\/wp\/v2\/product_tag?post=58342"}],"curies":[{"name":"wp","href":"https:\/\/api.w.org\/{rel}","templated":true}]}}