{"id":58392,"date":"2025-06-04T23:19:30","date_gmt":"2025-06-04T22:19:30","guid":{"rendered":"https:\/\/truusk.store\/product\/4-delat-set-matstolar-med-vadderade-koksstolar-med-stalben-svart-41-x-50-x-91-cm-for-modernt-matsal\/"},"modified":"2026-03-12T09:16:07","modified_gmt":"2026-03-12T08:16:07","slug":"truusk-4-delad-set-matstolar-vadderade-koksstolar-med-stalben-svart-41-x-50-x-91-cm-modern-matsal","status":"publish","type":"product","link":"https:\/\/truusk.store\/sv\/produkt\/truusk-4-delad-set-matstolar-vadderade-koksstolar-med-stalben-svart-41-x-50-x-91-cm-modern-matsal\/","title":{"rendered":"TRUUSK 4-delad Set Matstolar &#8211; Vadderade &#8211; K\u00f6ksstolar med St\u00e5lben &#8211; Svart &#8211; 41 x 50 x 91 cm &#8211; Modern Matsal"},"content":{"rendered":"<p>Skapa plats f\u00f6r varje g\u00e4st med k\u00f6ksstolssetet fr\u00e5n TRUUSK, best\u00e5ende av 4 moderna stolar, passar det bra till olika inredningsstilar och i varje hem. Den h\u00f6ga ryggst\u00f6det ger optimalt st\u00f6d och den vadderade sitsen med konstl\u00e4der\u00f6verdrag ger maximal komfort. St\u00e5lramen g\u00f6r stolarna robusta och l\u00e4mpliga f\u00f6r daglig anv\u00e4ndning. Utrustad med golvskydd f\u00f6r att undvika repor.<\/p>\n<p>Beskrivning:<\/p>\n<ul>\n<li> Set med 4 stolar<\/li>\n<li> H\u00f6g ryggst\u00f6d f\u00f6r optimalt st\u00f6d<\/li>\n<li> Rutm\u00f6nstrad stoppning och vaddering<\/li>\n<li> L\u00e4tt att underh\u00e5lla konstl\u00e4der\u00f6verdrag<\/li>\n<li> Pulverlackerade st\u00e5lben<\/li>\n<li> Med golvskydd, f\u00f6rhindrar repor p\u00e5 golvet<\/li>\n<\/ul>\n<p>Tekniska data:<\/p>\n<ul>\n<li> F\u00e4rg: Svart<\/li>\n<li> Material: Konstl\u00e4der, st\u00e5l, skum<\/li>\n<li> Totala dimensioner: 41L x 50B x 91H cm<\/li>\n<li> Sitsstorlek: 41B x 43T cm<\/li>\n<li> Sitth\u00f6jd: 46 cm<\/li>\n<li> Storlek p\u00e5 ryggst\u00f6d: 39B x 45H cm<\/li>\n<li> Viktkapacitet: 120 kg<\/li>\n<\/ul>\n<p>Leveransinneh\u00e5ll:<\/p>\n<ul>\n<li> 4 x Stolar<\/li>\n<li> 1 x Handbok<\/li>\n<\/ul>\n","protected":false},"excerpt":{"rendered":"<p>Skapa plats f\u00f6r varje g\u00e4st med k\u00f6ksstolssetet fr\u00e5n TRUUSK, best\u00e5ende av 4 moderna stolar, passar det bra till olika inredningsstilar&#8230;<\/p>\n","protected":false},"featured_media":58383,"template":"","meta":[],"product_brand":[],"product_cat":[871,889,518],"product_tag":[],"class_list":{"0":"post-58392","1":"product","2":"type-product","3":"status-publish","4":"has-post-thumbnail","6":"product_cat-hus-hem","7":"product_cat-kok-matsal","8":"product_cat-matsalsstolar","10":"first","11":"instock","12":"sale","13":"taxable","14":"shipping-taxable","15":"purchasable","16":"product-type-simple"},"yoast_head":"<!-- This site is optimized with the Yoast SEO plugin v25.4 - https:\/\/yoast.com\/wordpress\/plugins\/seo\/ -->\n<title>TRUUSK 4-delad Set Matstolar - Vadderade - K\u00f6ksstolar med St\u00e5lben - Svart - 41 x 50 x 91 cm - Modern Matsal - TRUUSK - Hem, Tr\u00e4dg\u00e5rd &amp; Fritid<\/title>\n<meta name=\"robots\" content=\"index, follow, max-snippet:-1, max-image-preview:large, max-video-preview:-1\" \/>\n<link rel=\"canonical\" href=\"https:\/\/truusk.store\/sv\/produkt\/truusk-4-delad-set-matstolar-vadderade-koksstolar-med-stalben-svart-41-x-50-x-91-cm-modern-matsal\/\" \/>\n<meta property=\"og:locale\" content=\"sv_SE\" \/>\n<meta property=\"og:type\" content=\"article\" \/>\n<meta property=\"og:title\" content=\"TRUUSK 4-delad Set Matstolar - Vadderade - K\u00f6ksstolar med St\u00e5lben - Svart - 41 x 50 x 91 cm - Modern Matsal - TRUUSK - Hem, Tr\u00e4dg\u00e5rd &amp; Fritid\" \/>\n<meta property=\"og:description\" content=\"Skapa plats f\u00f6r varje g\u00e4st med k\u00f6ksstolssetet fr\u00e5n TRUUSK, best\u00e5ende av 4 moderna stolar, passar det bra till olika inredningsstilar...\" \/>\n<meta property=\"og:url\" content=\"https:\/\/truusk.store\/sv\/produkt\/truusk-4-delad-set-matstolar-vadderade-koksstolar-med-stalben-svart-41-x-50-x-91-cm-modern-matsal\/\" \/>\n<meta property=\"og:site_name\" content=\"TRUUSK - Hem, Tr\u00e4dg\u00e5rd &amp; Fritid\" \/>\n<meta property=\"article:modified_time\" content=\"2026-03-12T08:16:07+00:00\" \/>\n<meta property=\"og:image\" content=\"https:\/\/i0.wp.com\/truusk.se\/wp-content\/uploads\/2025\/06\/4-delat-set-matstolar-med-vadderade-koksstolar-med-stalben-svart-41-x-50-x-91-cm-for-modernt-matsal-1.webp?fit=2000%2C2000&ssl=1\" \/>\n\t<meta property=\"og:image:width\" content=\"2000\" \/>\n\t<meta property=\"og:image:height\" content=\"2000\" \/>\n\t<meta property=\"og:image:type\" content=\"image\/webp\" \/>\n<meta name=\"twitter:card\" content=\"summary_large_image\" \/>\n<meta name=\"twitter:label1\" content=\"Ber\u00e4knad l\u00e4stid\" \/>\n\t<meta name=\"twitter:data1\" content=\"1 minut\" \/>\n<!-- \/ Yoast SEO plugin. -->","yoast_head_json":{"title":"TRUUSK 4-delad Set Matstolar - Vadderade - K\u00f6ksstolar med St\u00e5lben - Svart - 41 x 50 x 91 cm - Modern Matsal - TRUUSK - Hem, Tr\u00e4dg\u00e5rd &amp; Fritid","robots":{"index":"index","follow":"follow","max-snippet":"max-snippet:-1","max-image-preview":"max-image-preview:large","max-video-preview":"max-video-preview:-1"},"canonical":"https:\/\/truusk.store\/sv\/produkt\/truusk-4-delad-set-matstolar-vadderade-koksstolar-med-stalben-svart-41-x-50-x-91-cm-modern-matsal\/","og_locale":"sv_SE","og_type":"article","og_title":"TRUUSK 4-delad Set Matstolar - Vadderade - K\u00f6ksstolar med St\u00e5lben - Svart - 41 x 50 x 91 cm - Modern Matsal - TRUUSK - Hem, Tr\u00e4dg\u00e5rd &amp; Fritid","og_description":"Skapa plats f\u00f6r varje g\u00e4st med k\u00f6ksstolssetet fr\u00e5n TRUUSK, best\u00e5ende av 4 moderna stolar, passar det bra till olika inredningsstilar...","og_url":"https:\/\/truusk.store\/sv\/produkt\/truusk-4-delad-set-matstolar-vadderade-koksstolar-med-stalben-svart-41-x-50-x-91-cm-modern-matsal\/","og_site_name":"TRUUSK - Hem, Tr\u00e4dg\u00e5rd &amp; Fritid","article_modified_time":"2026-03-12T08:16:07+00:00","og_image":[{"width":2000,"height":2000,"url":"https:\/\/i0.wp.com\/truusk.se\/wp-content\/uploads\/2025\/06\/4-delat-set-matstolar-med-vadderade-koksstolar-med-stalben-svart-41-x-50-x-91-cm-for-modernt-matsal-1.webp?fit=2000%2C2000&ssl=1","type":"image\/webp"}],"twitter_card":"summary_large_image","twitter_misc":{"Ber\u00e4knad l\u00e4stid":"1 minut"},"schema":{"@context":"https:\/\/schema.org","@graph":[{"@type":"WebPage","@id":"https:\/\/truusk.store\/sv\/produkt\/truusk-4-delad-set-matstolar-vadderade-koksstolar-med-stalben-svart-41-x-50-x-91-cm-modern-matsal\/","url":"https:\/\/truusk.store\/sv\/produkt\/truusk-4-delad-set-matstolar-vadderade-koksstolar-med-stalben-svart-41-x-50-x-91-cm-modern-matsal\/","name":"TRUUSK 4-delad Set Matstolar - Vadderade - K\u00f6ksstolar med St\u00e5lben - Svart - 41 x 50 x 91 cm - Modern Matsal - TRUUSK - Hem, Tr\u00e4dg\u00e5rd &amp; Fritid","isPartOf":{"@id":"https:\/\/truusk.store\/sv\/#website"},"primaryImageOfPage":{"@id":"https:\/\/truusk.store\/sv\/produkt\/truusk-4-delad-set-matstolar-vadderade-koksstolar-med-stalben-svart-41-x-50-x-91-cm-modern-matsal\/#primaryimage"},"image":{"@id":"https:\/\/truusk.store\/sv\/produkt\/truusk-4-delad-set-matstolar-vadderade-koksstolar-med-stalben-svart-41-x-50-x-91-cm-modern-matsal\/#primaryimage"},"thumbnailUrl":"https:\/\/i0.wp.com\/truusk.store\/wp-content\/uploads\/2025\/06\/4-delat-set-matstolar-med-vadderade-koksstolar-med-stalben-svart-41-x-50-x-91-cm-for-modernt-matsal-1.webp?fit=2000%2C2000&ssl=1","datePublished":"2025-06-04T22:19:30+00:00","dateModified":"2026-03-12T08:16:07+00:00","breadcrumb":{"@id":"https:\/\/truusk.store\/sv\/produkt\/truusk-4-delad-set-matstolar-vadderade-koksstolar-med-stalben-svart-41-x-50-x-91-cm-modern-matsal\/#breadcrumb"},"inLanguage":"sv-SE","potentialAction":[{"@type":"ReadAction","target":["https:\/\/truusk.store\/sv\/produkt\/truusk-4-delad-set-matstolar-vadderade-koksstolar-med-stalben-svart-41-x-50-x-91-cm-modern-matsal\/"]}]},{"@type":"ImageObject","inLanguage":"sv-SE","@id":"https:\/\/truusk.store\/sv\/produkt\/truusk-4-delad-set-matstolar-vadderade-koksstolar-med-stalben-svart-41-x-50-x-91-cm-modern-matsal\/#primaryimage","url":"https:\/\/i0.wp.com\/truusk.store\/wp-content\/uploads\/2025\/06\/4-delat-set-matstolar-med-vadderade-koksstolar-med-stalben-svart-41-x-50-x-91-cm-for-modernt-matsal-1.webp?fit=2000%2C2000&ssl=1","contentUrl":"https:\/\/i0.wp.com\/truusk.store\/wp-content\/uploads\/2025\/06\/4-delat-set-matstolar-med-vadderade-koksstolar-med-stalben-svart-41-x-50-x-91-cm-for-modernt-matsal-1.webp?fit=2000%2C2000&ssl=1","width":2000,"height":2000},{"@type":"BreadcrumbList","@id":"https:\/\/truusk.store\/sv\/produkt\/truusk-4-delad-set-matstolar-vadderade-koksstolar-med-stalben-svart-41-x-50-x-91-cm-modern-matsal\/#breadcrumb","itemListElement":[{"@type":"ListItem","position":1,"name":"Home","item":"https:\/\/truusk.store\/sv\/"},{"@type":"ListItem","position":2,"name":"Shop","item":"https:\/\/truusk.store\/shop\/"},{"@type":"ListItem","position":3,"name":"TRUUSK 4-delad Set Matstolar &#8211; Vadderade &#8211; K\u00f6ksstolar med St\u00e5lben &#8211; Svart &#8211; 41 x 50 x 91 cm &#8211; Modern Matsal"}]},{"@type":"WebSite","@id":"https:\/\/truusk.store\/sv\/#website","url":"https:\/\/truusk.store\/sv\/","name":"TRUUSK - Hem, Tr\u00e4dg\u00e5rd & Fritid","description":"","publisher":{"@id":"https:\/\/truusk.store\/sv\/#organization"},"potentialAction":[{"@type":"SearchAction","target":{"@type":"EntryPoint","urlTemplate":"https:\/\/truusk.store\/sv\/?s={search_term_string}"},"query-input":{"@type":"PropertyValueSpecification","valueRequired":true,"valueName":"search_term_string"}}],"inLanguage":"sv-SE"},{"@type":"Organization","@id":"https:\/\/truusk.store\/sv\/#organization","name":"TRUUSK - Hem, Tr\u00e4dg\u00e5rd & Fritid","url":"https:\/\/truusk.store\/sv\/","logo":{"@type":"ImageObject","inLanguage":"sv-SE","@id":"https:\/\/truusk.store\/sv\/#\/schema\/logo\/image\/","url":"https:\/\/i0.wp.com\/truusk.store\/wp-content\/uploads\/2026\/03\/cropped-TRUUSK.png?fit=2032%2C917&ssl=1","contentUrl":"https:\/\/i0.wp.com\/truusk.store\/wp-content\/uploads\/2026\/03\/cropped-TRUUSK.png?fit=2032%2C917&ssl=1","width":2032,"height":917,"caption":"TRUUSK - Hem, Tr\u00e4dg\u00e5rd & Fritid"},"image":{"@id":"https:\/\/truusk.store\/sv\/#\/schema\/logo\/image\/"}}]}},"jetpack_sharing_enabled":true,"_links":{"self":[{"href":"https:\/\/truusk.store\/sv\/wp-json\/wp\/v2\/product\/58392","targetHints":{"allow":["GET"]}}],"collection":[{"href":"https:\/\/truusk.store\/sv\/wp-json\/wp\/v2\/product"}],"about":[{"href":"https:\/\/truusk.store\/sv\/wp-json\/wp\/v2\/types\/product"}],"wp:featuredmedia":[{"embeddable":true,"href":"https:\/\/truusk.store\/sv\/wp-json\/wp\/v2\/media\/58383"}],"wp:attachment":[{"href":"https:\/\/truusk.store\/sv\/wp-json\/wp\/v2\/media?parent=58392"}],"wp:term":[{"taxonomy":"product_brand","embeddable":true,"href":"https:\/\/truusk.store\/sv\/wp-json\/wp\/v2\/product_brand?post=58392"},{"taxonomy":"product_cat","embeddable":true,"href":"https:\/\/truusk.store\/sv\/wp-json\/wp\/v2\/product_cat?post=58392"},{"taxonomy":"product_tag","embeddable":true,"href":"https:\/\/truusk.store\/sv\/wp-json\/wp\/v2\/product_tag?post=58392"}],"curies":[{"name":"wp","href":"https:\/\/api.w.org\/{rel}","templated":true}]}}