{"id":58462,"date":"2025-06-04T23:26:33","date_gmt":"2025-06-04T22:26:33","guid":{"rendered":"https:\/\/truusk.store\/product\/staffeli-hopfallbar-trastaffeli-hojdjusterbar-ateljestaffeli-med-hallare-for-dukar-upp-till-92-cm-hojd-idealisk-for-konstnarer\/"},"modified":"2026-03-12T09:28:14","modified_gmt":"2026-03-12T08:28:14","slug":"truusk-malarstaffli-hopfallbar-och-hojdjusterbar-med-dukhallare-for-konstnarer-upp-till-92-cm-idealisk-for-ateljen","status":"publish","type":"product","link":"https:\/\/truusk.store\/sv\/produkt\/truusk-malarstaffli-hopfallbar-och-hojdjusterbar-med-dukhallare-for-konstnarer-upp-till-92-cm-idealisk-for-ateljen\/","title":{"rendered":"TRUUSK M\u00e5larstaffli &#8211; Hopf\u00e4llbar och H\u00f6jdjusterbar &#8211; Med Dukh\u00e5llare &#8211; F\u00f6r konstn\u00e4rer upp till 92 cm &#8211; Idealisk f\u00f6r atelj\u00e9n"},"content":{"rendered":"<p>Upplev ultimat komfort n\u00e4r du m\u00e5lar med TRUUSK Staffli. Denna staffli, tillverkad av boktr\u00e4, erbjuder dig en professionell hylla. Ramen garanterar solid stabilitet. Dessutom kan du tack vare h\u00f6jdjusteringen m\u00e5la i den position du f\u00f6redrar, oavsett om du sitter eller st\u00e5r, vilket leder till b\u00e4ttre kroppsh\u00e5llning och mindre tr\u00f6tthet. Med denna staffli g\u00f6r du din konstn\u00e4rliga resa \u00e4nnu mer njutbar och effektiv.<\/p>\n<p>Beskrivning:<\/p>\n<ul>\n<li> Justerbar h\u00f6jd och d\u00e4rf\u00f6r enkel v\u00e4xling mellan sittande och st\u00e5ende<\/li>\n<li> Vinkeln kan anpassas till din m\u00e5lningsstil<\/li>\n<li> Nedre l\u00e5da och hylla f\u00f6r praktisk f\u00f6rvaring<\/li>\n<li> S\u00e4rskilt behandlad boktr\u00e4struktur f\u00f6r maximal stabilitet<\/li>\n<li> Hopf\u00e4llbar f\u00f6r bekv\u00e4m f\u00f6rvaring och transport<\/li>\n<li> Nedre hylla f\u00f6r praktisk f\u00f6rvaring av tillbeh\u00f6r<\/li>\n<li> Kan anv\u00e4ndas f\u00f6r atelj\u00e9er och hem<\/li>\n<li> Montering kr\u00e4vs<\/li>\n<li> Undvik direkt solljus, h\u00e5ll enheten borta fr\u00e5n v\u00e4rmek\u00e4llor, se till att det finns tillr\u00e4cklig ventilation och anv\u00e4nd neutrala reng\u00f6ringsmedel f\u00f6r reng\u00f6ring.<\/li>\n<\/ul>\n<p>Tekniska data:<\/p>\n<ul>\n<li> F\u00e4rg: Natur<\/li>\n<li> Material: Boktr\u00e4<\/li>\n<li> Totala dimensioner: 43,5L x 43B x 150-190H cm<\/li>\n<li> Maximal h\u00f6jd p\u00e5 duken: 92 cm<\/li>\n<li> Storlek p\u00e5 dukh\u00e5llaren: 44B x 5T cm<\/li>\n<li> Inre dimensioner p\u00e5 l\u00e5dan: 35B x 24T x 7H cm<\/li>\n<li> \u00d6vre l\u00e5dans storlek: 37B x 25,5T x 1H cm<\/li>\n<\/ul>\n<p>Leveransinneh\u00e5ll:<\/p>\n<ul>\n<li> 1 x Staffli<\/li>\n<li> 1 x Handbok<\/li>\n<\/ul>\n","protected":false},"excerpt":{"rendered":"<p>Upplev ultimat komfort n\u00e4r du m\u00e5lar med TRUUSK Staffli. Denna staffli, tillverkad av boktr\u00e4, erbjuder dig en professionell hylla. Ramen&#8230;<\/p>\n","protected":false},"featured_media":58453,"template":"","meta":[],"product_brand":[],"product_cat":[656,647,945],"product_tag":[],"class_list":{"0":"post-58462","1":"product","2":"type-product","3":"status-publish","4":"has-post-thumbnail","6":"product_cat-spel-hobby","7":"product_cat-sport-fritid","8":"product_cat-stafflier","10":"first","11":"instock","12":"sale","13":"taxable","14":"shipping-taxable","15":"purchasable","16":"product-type-simple"},"yoast_head":"<!-- This site is optimized with the Yoast SEO plugin v25.4 - https:\/\/yoast.com\/wordpress\/plugins\/seo\/ -->\n<title>TRUUSK M\u00e5larstaffli - Hopf\u00e4llbar och H\u00f6jdjusterbar - Med Dukh\u00e5llare - F\u00f6r konstn\u00e4rer upp till 92 cm - Idealisk f\u00f6r atelj\u00e9n - TRUUSK - Hem, Tr\u00e4dg\u00e5rd &amp; Fritid<\/title>\n<meta name=\"robots\" content=\"index, follow, max-snippet:-1, max-image-preview:large, max-video-preview:-1\" \/>\n<link rel=\"canonical\" href=\"https:\/\/truusk.store\/sv\/produkt\/truusk-malarstaffli-hopfallbar-och-hojdjusterbar-med-dukhallare-for-konstnarer-upp-till-92-cm-idealisk-for-ateljen\/\" \/>\n<meta property=\"og:locale\" content=\"sv_SE\" \/>\n<meta property=\"og:type\" content=\"article\" \/>\n<meta property=\"og:title\" content=\"TRUUSK M\u00e5larstaffli - Hopf\u00e4llbar och H\u00f6jdjusterbar - Med Dukh\u00e5llare - F\u00f6r konstn\u00e4rer upp till 92 cm - Idealisk f\u00f6r atelj\u00e9n - TRUUSK - Hem, Tr\u00e4dg\u00e5rd &amp; Fritid\" \/>\n<meta property=\"og:description\" content=\"Upplev ultimat komfort n\u00e4r du m\u00e5lar med TRUUSK Staffli. Denna staffli, tillverkad av boktr\u00e4, erbjuder dig en professionell hylla. Ramen...\" \/>\n<meta property=\"og:url\" content=\"https:\/\/truusk.store\/sv\/produkt\/truusk-malarstaffli-hopfallbar-och-hojdjusterbar-med-dukhallare-for-konstnarer-upp-till-92-cm-idealisk-for-ateljen\/\" \/>\n<meta property=\"og:site_name\" content=\"TRUUSK - Hem, Tr\u00e4dg\u00e5rd &amp; Fritid\" \/>\n<meta property=\"article:modified_time\" content=\"2026-03-12T08:28:14+00:00\" \/>\n<meta property=\"og:image\" content=\"https:\/\/i0.wp.com\/truusk.se\/wp-content\/uploads\/2025\/06\/staffeli-hopfallbar-trastaffeli-hojdjusterbar-ateljestaffeli-med-hallare-for-dukar-upp-till-92-cm-hojd-idealisk-for-konstnarer-1.webp?fit=2000%2C2000&ssl=1\" \/>\n\t<meta property=\"og:image:width\" content=\"2000\" \/>\n\t<meta property=\"og:image:height\" content=\"2000\" \/>\n\t<meta property=\"og:image:type\" content=\"image\/webp\" \/>\n<meta name=\"twitter:card\" content=\"summary_large_image\" \/>\n<meta name=\"twitter:label1\" content=\"Ber\u00e4knad l\u00e4stid\" \/>\n\t<meta name=\"twitter:data1\" content=\"1 minut\" \/>\n<!-- \/ Yoast SEO plugin. -->","yoast_head_json":{"title":"TRUUSK M\u00e5larstaffli - Hopf\u00e4llbar och H\u00f6jdjusterbar - Med Dukh\u00e5llare - F\u00f6r konstn\u00e4rer upp till 92 cm - Idealisk f\u00f6r atelj\u00e9n - TRUUSK - Hem, Tr\u00e4dg\u00e5rd &amp; Fritid","robots":{"index":"index","follow":"follow","max-snippet":"max-snippet:-1","max-image-preview":"max-image-preview:large","max-video-preview":"max-video-preview:-1"},"canonical":"https:\/\/truusk.store\/sv\/produkt\/truusk-malarstaffli-hopfallbar-och-hojdjusterbar-med-dukhallare-for-konstnarer-upp-till-92-cm-idealisk-for-ateljen\/","og_locale":"sv_SE","og_type":"article","og_title":"TRUUSK M\u00e5larstaffli - Hopf\u00e4llbar och H\u00f6jdjusterbar - Med Dukh\u00e5llare - F\u00f6r konstn\u00e4rer upp till 92 cm - Idealisk f\u00f6r atelj\u00e9n - TRUUSK - Hem, Tr\u00e4dg\u00e5rd &amp; Fritid","og_description":"Upplev ultimat komfort n\u00e4r du m\u00e5lar med TRUUSK Staffli. Denna staffli, tillverkad av boktr\u00e4, erbjuder dig en professionell hylla. Ramen...","og_url":"https:\/\/truusk.store\/sv\/produkt\/truusk-malarstaffli-hopfallbar-och-hojdjusterbar-med-dukhallare-for-konstnarer-upp-till-92-cm-idealisk-for-ateljen\/","og_site_name":"TRUUSK - Hem, Tr\u00e4dg\u00e5rd &amp; Fritid","article_modified_time":"2026-03-12T08:28:14+00:00","og_image":[{"width":2000,"height":2000,"url":"https:\/\/i0.wp.com\/truusk.se\/wp-content\/uploads\/2025\/06\/staffeli-hopfallbar-trastaffeli-hojdjusterbar-ateljestaffeli-med-hallare-for-dukar-upp-till-92-cm-hojd-idealisk-for-konstnarer-1.webp?fit=2000%2C2000&ssl=1","type":"image\/webp"}],"twitter_card":"summary_large_image","twitter_misc":{"Ber\u00e4knad l\u00e4stid":"1 minut"},"schema":{"@context":"https:\/\/schema.org","@graph":[{"@type":"WebPage","@id":"https:\/\/truusk.store\/sv\/produkt\/truusk-malarstaffli-hopfallbar-och-hojdjusterbar-med-dukhallare-for-konstnarer-upp-till-92-cm-idealisk-for-ateljen\/","url":"https:\/\/truusk.store\/sv\/produkt\/truusk-malarstaffli-hopfallbar-och-hojdjusterbar-med-dukhallare-for-konstnarer-upp-till-92-cm-idealisk-for-ateljen\/","name":"TRUUSK M\u00e5larstaffli - Hopf\u00e4llbar och H\u00f6jdjusterbar - Med Dukh\u00e5llare - F\u00f6r konstn\u00e4rer upp till 92 cm - Idealisk f\u00f6r atelj\u00e9n - TRUUSK - Hem, Tr\u00e4dg\u00e5rd &amp; Fritid","isPartOf":{"@id":"https:\/\/truusk.store\/sv\/#website"},"primaryImageOfPage":{"@id":"https:\/\/truusk.store\/sv\/produkt\/truusk-malarstaffli-hopfallbar-och-hojdjusterbar-med-dukhallare-for-konstnarer-upp-till-92-cm-idealisk-for-ateljen\/#primaryimage"},"image":{"@id":"https:\/\/truusk.store\/sv\/produkt\/truusk-malarstaffli-hopfallbar-och-hojdjusterbar-med-dukhallare-for-konstnarer-upp-till-92-cm-idealisk-for-ateljen\/#primaryimage"},"thumbnailUrl":"https:\/\/i0.wp.com\/truusk.store\/wp-content\/uploads\/2025\/06\/staffeli-hopfallbar-trastaffeli-hojdjusterbar-ateljestaffeli-med-hallare-for-dukar-upp-till-92-cm-hojd-idealisk-for-konstnarer-1.webp?fit=2000%2C2000&ssl=1","datePublished":"2025-06-04T22:26:33+00:00","dateModified":"2026-03-12T08:28:14+00:00","breadcrumb":{"@id":"https:\/\/truusk.store\/sv\/produkt\/truusk-malarstaffli-hopfallbar-och-hojdjusterbar-med-dukhallare-for-konstnarer-upp-till-92-cm-idealisk-for-ateljen\/#breadcrumb"},"inLanguage":"sv-SE","potentialAction":[{"@type":"ReadAction","target":["https:\/\/truusk.store\/sv\/produkt\/truusk-malarstaffli-hopfallbar-och-hojdjusterbar-med-dukhallare-for-konstnarer-upp-till-92-cm-idealisk-for-ateljen\/"]}]},{"@type":"ImageObject","inLanguage":"sv-SE","@id":"https:\/\/truusk.store\/sv\/produkt\/truusk-malarstaffli-hopfallbar-och-hojdjusterbar-med-dukhallare-for-konstnarer-upp-till-92-cm-idealisk-for-ateljen\/#primaryimage","url":"https:\/\/i0.wp.com\/truusk.store\/wp-content\/uploads\/2025\/06\/staffeli-hopfallbar-trastaffeli-hojdjusterbar-ateljestaffeli-med-hallare-for-dukar-upp-till-92-cm-hojd-idealisk-for-konstnarer-1.webp?fit=2000%2C2000&ssl=1","contentUrl":"https:\/\/i0.wp.com\/truusk.store\/wp-content\/uploads\/2025\/06\/staffeli-hopfallbar-trastaffeli-hojdjusterbar-ateljestaffeli-med-hallare-for-dukar-upp-till-92-cm-hojd-idealisk-for-konstnarer-1.webp?fit=2000%2C2000&ssl=1","width":2000,"height":2000},{"@type":"BreadcrumbList","@id":"https:\/\/truusk.store\/sv\/produkt\/truusk-malarstaffli-hopfallbar-och-hojdjusterbar-med-dukhallare-for-konstnarer-upp-till-92-cm-idealisk-for-ateljen\/#breadcrumb","itemListElement":[{"@type":"ListItem","position":1,"name":"Home","item":"https:\/\/truusk.store\/sv\/"},{"@type":"ListItem","position":2,"name":"Shop","item":"https:\/\/truusk.store\/shop\/"},{"@type":"ListItem","position":3,"name":"TRUUSK M\u00e5larstaffli &#8211; Hopf\u00e4llbar och H\u00f6jdjusterbar &#8211; Med Dukh\u00e5llare &#8211; F\u00f6r konstn\u00e4rer upp till 92 cm &#8211; Idealisk f\u00f6r atelj\u00e9n"}]},{"@type":"WebSite","@id":"https:\/\/truusk.store\/sv\/#website","url":"https:\/\/truusk.store\/sv\/","name":"TRUUSK - Hem, Tr\u00e4dg\u00e5rd & Fritid","description":"","publisher":{"@id":"https:\/\/truusk.store\/sv\/#organization"},"potentialAction":[{"@type":"SearchAction","target":{"@type":"EntryPoint","urlTemplate":"https:\/\/truusk.store\/sv\/?s={search_term_string}"},"query-input":{"@type":"PropertyValueSpecification","valueRequired":true,"valueName":"search_term_string"}}],"inLanguage":"sv-SE"},{"@type":"Organization","@id":"https:\/\/truusk.store\/sv\/#organization","name":"TRUUSK - Hem, Tr\u00e4dg\u00e5rd & Fritid","url":"https:\/\/truusk.store\/sv\/","logo":{"@type":"ImageObject","inLanguage":"sv-SE","@id":"https:\/\/truusk.store\/sv\/#\/schema\/logo\/image\/","url":"https:\/\/i0.wp.com\/truusk.store\/wp-content\/uploads\/2026\/03\/cropped-TRUUSK.png?fit=2032%2C917&ssl=1","contentUrl":"https:\/\/i0.wp.com\/truusk.store\/wp-content\/uploads\/2026\/03\/cropped-TRUUSK.png?fit=2032%2C917&ssl=1","width":2032,"height":917,"caption":"TRUUSK - Hem, Tr\u00e4dg\u00e5rd & Fritid"},"image":{"@id":"https:\/\/truusk.store\/sv\/#\/schema\/logo\/image\/"}}]}},"jetpack_sharing_enabled":true,"_links":{"self":[{"href":"https:\/\/truusk.store\/sv\/wp-json\/wp\/v2\/product\/58462","targetHints":{"allow":["GET"]}}],"collection":[{"href":"https:\/\/truusk.store\/sv\/wp-json\/wp\/v2\/product"}],"about":[{"href":"https:\/\/truusk.store\/sv\/wp-json\/wp\/v2\/types\/product"}],"wp:featuredmedia":[{"embeddable":true,"href":"https:\/\/truusk.store\/sv\/wp-json\/wp\/v2\/media\/58453"}],"wp:attachment":[{"href":"https:\/\/truusk.store\/sv\/wp-json\/wp\/v2\/media?parent=58462"}],"wp:term":[{"taxonomy":"product_brand","embeddable":true,"href":"https:\/\/truusk.store\/sv\/wp-json\/wp\/v2\/product_brand?post=58462"},{"taxonomy":"product_cat","embeddable":true,"href":"https:\/\/truusk.store\/sv\/wp-json\/wp\/v2\/product_cat?post=58462"},{"taxonomy":"product_tag","embeddable":true,"href":"https:\/\/truusk.store\/sv\/wp-json\/wp\/v2\/product_tag?post=58462"}],"curies":[{"name":"wp","href":"https:\/\/api.w.org\/{rel}","templated":true}]}}