{"id":58482,"date":"2025-06-04T23:28:38","date_gmt":"2025-06-04T22:28:38","guid":{"rendered":"https:\/\/truusk.store\/product\/hundbur-lagenhet-med-2-dorrar-hundlada-som-mobel-hundlada-for-stora-hundar-ek\/"},"modified":"2026-03-12T09:11:11","modified_gmt":"2026-03-12T08:11:11","slug":"truusk-hundbur-lagenhet-2-dorrar-hundlada-mobel-for-stora-hundar-ek","status":"publish","type":"product","link":"https:\/\/truusk.store\/sv\/produkt\/truusk-hundbur-lagenhet-2-dorrar-hundlada-mobel-for-stora-hundar-ek\/","title":{"rendered":"TRUUSK Hundbur L\u00e4genhet &#8211; 2 D\u00f6rrar &#8211; Hundl\u00e5da M\u00f6bel &#8211; F\u00f6r Stora Hundar &#8211; Ek"},"content":{"rendered":"<p>V\u00e5r delade husdjursl\u00e5da erbjuder antingen tv\u00e5 sm\u00e5 utrymmen eller blir till ett rymligt utrymme f\u00f6r stora hundar genom att ta bort mellanplattan. Upplev komfort och stabilitet i en m\u00f6bel! TRUUSK hundl\u00e5dan tj\u00e4nar inte bara ditt husdjur, utan ocks\u00e5 din inredning. Skjutd\u00f6rrarna \u00e4r f\u00f6rsedda med l\u00e5s. Uppt\u00e4ck den perfekta kombinationen av funktionalitet och estetik med v\u00e5r TRUUSK hundbur.<\/p>\n<p>Beskrivning:<\/p>\n<ul>\n<li> Flexibelt rumsbegrepp: Tv\u00e5 sm\u00e5 utrymmen eller ett stort utrymme f\u00f6r hundar av olika storlekar<\/li>\n<li> L\u00e4tt att reng\u00f6ra ytan f\u00f6r enkel v\u00e5rd<\/li>\n<li> H\u00f6g belastningskapacitet upp till 60 kg<\/li>\n<li> Rymligt inre, erbjuder utrymme<\/li>\n<li> S\u00e4ker milj\u00f6: Tv\u00e5 l\u00e5sbara skjutd\u00f6rrar<\/li>\n<li> Rymligt enkelrum f\u00f6r hundar upp till en axelh\u00f6jd p\u00e5 60 cm &amp; max. 30 kg:<\/li>\n<li> Tv\u00e5 rum alternativ f\u00f6r sm\u00e5 hundar upp till en l\u00e4ngd av 35 cm &amp; max. 8 kg<\/li>\n<li> Montering kr\u00e4vs, allt ing\u00e5r<\/li>\n<\/ul>\n<p>Tekniska data:<\/p>\n<ul>\n<li> F\u00e4rg: Ek<\/li>\n<li> Material: St\u00e5l, MDF-platta<\/li>\n<li> Totala dimensioner: 120L x 60B x 88,5H cm<\/li>\n<li> Inre burdimensioner: 113B x 51,6T x 78,9H<\/li>\n<li> Dimensioner f\u00f6r dubbelrum: 55,8B x 51,6T x 78,9H (varje)<\/li>\n<li> Dubbeld\u00f6rrdimensioner: 31,3B x 69,4H cm (enskild)<\/li>\n<li> St\u00e5lr\u00f6rsavst\u00e5nd: 5,7L cm<\/li>\n<li> H\u00f6jd p\u00e5 ben fr\u00e5n golvet: 7,8H cm<\/li>\n<li> Viktkapacitet: 50 kg (inuti), 60 kg. (ovan)<\/li>\n<\/ul>\n<p>Leveransinneh\u00e5ll:<\/p>\n<ul>\n<li> 1 x hundbur<\/li>\n<li> 1 x handbok<\/li>\n<\/ul>\n","protected":false},"excerpt":{"rendered":"<p>V\u00e5r delade husdjursl\u00e5da erbjuder antingen tv\u00e5 sm\u00e5 utrymmen eller blir till ett rymligt utrymme f\u00f6r stora hundar genom att ta&#8230;<\/p>\n","protected":false},"featured_media":58473,"template":"","meta":[],"product_brand":[],"product_cat":[947,583,574],"product_tag":[],"class_list":{"0":"post-58482","1":"product","2":"type-product","3":"status-publish","4":"has-post-thumbnail","6":"product_cat-djurtillbehor","7":"product_cat-hundburar","8":"product_cat-hundtillbehor","10":"first","11":"instock","12":"sale","13":"taxable","14":"shipping-taxable","15":"purchasable","16":"product-type-simple"},"yoast_head":"<!-- This site is optimized with the Yoast SEO plugin v25.4 - https:\/\/yoast.com\/wordpress\/plugins\/seo\/ -->\n<title>TRUUSK Hundbur L\u00e4genhet - 2 D\u00f6rrar - Hundl\u00e5da M\u00f6bel - F\u00f6r Stora Hundar - Ek - TRUUSK - Hem, Tr\u00e4dg\u00e5rd &amp; Fritid<\/title>\n<meta name=\"robots\" content=\"index, follow, max-snippet:-1, max-image-preview:large, max-video-preview:-1\" \/>\n<link rel=\"canonical\" href=\"https:\/\/truusk.store\/sv\/produkt\/truusk-hundbur-lagenhet-2-dorrar-hundlada-mobel-for-stora-hundar-ek\/\" \/>\n<meta property=\"og:locale\" content=\"sv_SE\" \/>\n<meta property=\"og:type\" content=\"article\" \/>\n<meta property=\"og:title\" content=\"TRUUSK Hundbur L\u00e4genhet - 2 D\u00f6rrar - Hundl\u00e5da M\u00f6bel - F\u00f6r Stora Hundar - Ek - TRUUSK - Hem, Tr\u00e4dg\u00e5rd &amp; Fritid\" \/>\n<meta property=\"og:description\" content=\"V\u00e5r delade husdjursl\u00e5da erbjuder antingen tv\u00e5 sm\u00e5 utrymmen eller blir till ett rymligt utrymme f\u00f6r stora hundar genom att ta...\" \/>\n<meta property=\"og:url\" content=\"https:\/\/truusk.store\/sv\/produkt\/truusk-hundbur-lagenhet-2-dorrar-hundlada-mobel-for-stora-hundar-ek\/\" \/>\n<meta property=\"og:site_name\" content=\"TRUUSK - Hem, Tr\u00e4dg\u00e5rd &amp; Fritid\" \/>\n<meta property=\"article:modified_time\" content=\"2026-03-12T08:11:11+00:00\" \/>\n<meta property=\"og:image\" content=\"https:\/\/i0.wp.com\/truusk.se\/wp-content\/uploads\/2025\/06\/hundbur-lagenhet-med-2-dorrar-hundlada-som-mobel-hundlada-for-stora-hundar-ek-1.webp?fit=2000%2C2000&ssl=1\" \/>\n\t<meta property=\"og:image:width\" content=\"2000\" \/>\n\t<meta property=\"og:image:height\" content=\"2000\" \/>\n\t<meta property=\"og:image:type\" content=\"image\/webp\" \/>\n<meta name=\"twitter:card\" content=\"summary_large_image\" \/>\n<meta name=\"twitter:label1\" content=\"Ber\u00e4knad l\u00e4stid\" \/>\n\t<meta name=\"twitter:data1\" content=\"1 minut\" \/>\n<!-- \/ Yoast SEO plugin. -->","yoast_head_json":{"title":"TRUUSK Hundbur L\u00e4genhet - 2 D\u00f6rrar - Hundl\u00e5da M\u00f6bel - F\u00f6r Stora Hundar - Ek - TRUUSK - Hem, Tr\u00e4dg\u00e5rd &amp; Fritid","robots":{"index":"index","follow":"follow","max-snippet":"max-snippet:-1","max-image-preview":"max-image-preview:large","max-video-preview":"max-video-preview:-1"},"canonical":"https:\/\/truusk.store\/sv\/produkt\/truusk-hundbur-lagenhet-2-dorrar-hundlada-mobel-for-stora-hundar-ek\/","og_locale":"sv_SE","og_type":"article","og_title":"TRUUSK Hundbur L\u00e4genhet - 2 D\u00f6rrar - Hundl\u00e5da M\u00f6bel - F\u00f6r Stora Hundar - Ek - TRUUSK - Hem, Tr\u00e4dg\u00e5rd &amp; Fritid","og_description":"V\u00e5r delade husdjursl\u00e5da erbjuder antingen tv\u00e5 sm\u00e5 utrymmen eller blir till ett rymligt utrymme f\u00f6r stora hundar genom att ta...","og_url":"https:\/\/truusk.store\/sv\/produkt\/truusk-hundbur-lagenhet-2-dorrar-hundlada-mobel-for-stora-hundar-ek\/","og_site_name":"TRUUSK - Hem, Tr\u00e4dg\u00e5rd &amp; Fritid","article_modified_time":"2026-03-12T08:11:11+00:00","og_image":[{"width":2000,"height":2000,"url":"https:\/\/i0.wp.com\/truusk.se\/wp-content\/uploads\/2025\/06\/hundbur-lagenhet-med-2-dorrar-hundlada-som-mobel-hundlada-for-stora-hundar-ek-1.webp?fit=2000%2C2000&ssl=1","type":"image\/webp"}],"twitter_card":"summary_large_image","twitter_misc":{"Ber\u00e4knad l\u00e4stid":"1 minut"},"schema":{"@context":"https:\/\/schema.org","@graph":[{"@type":"WebPage","@id":"https:\/\/truusk.store\/sv\/produkt\/truusk-hundbur-lagenhet-2-dorrar-hundlada-mobel-for-stora-hundar-ek\/","url":"https:\/\/truusk.store\/sv\/produkt\/truusk-hundbur-lagenhet-2-dorrar-hundlada-mobel-for-stora-hundar-ek\/","name":"TRUUSK Hundbur L\u00e4genhet - 2 D\u00f6rrar - Hundl\u00e5da M\u00f6bel - F\u00f6r Stora Hundar - Ek - TRUUSK - Hem, Tr\u00e4dg\u00e5rd &amp; Fritid","isPartOf":{"@id":"https:\/\/truusk.store\/sv\/#website"},"primaryImageOfPage":{"@id":"https:\/\/truusk.store\/sv\/produkt\/truusk-hundbur-lagenhet-2-dorrar-hundlada-mobel-for-stora-hundar-ek\/#primaryimage"},"image":{"@id":"https:\/\/truusk.store\/sv\/produkt\/truusk-hundbur-lagenhet-2-dorrar-hundlada-mobel-for-stora-hundar-ek\/#primaryimage"},"thumbnailUrl":"https:\/\/i0.wp.com\/truusk.store\/wp-content\/uploads\/2025\/06\/hundbur-lagenhet-med-2-dorrar-hundlada-som-mobel-hundlada-for-stora-hundar-ek-1.webp?fit=2000%2C2000&ssl=1","datePublished":"2025-06-04T22:28:38+00:00","dateModified":"2026-03-12T08:11:11+00:00","breadcrumb":{"@id":"https:\/\/truusk.store\/sv\/produkt\/truusk-hundbur-lagenhet-2-dorrar-hundlada-mobel-for-stora-hundar-ek\/#breadcrumb"},"inLanguage":"sv-SE","potentialAction":[{"@type":"ReadAction","target":["https:\/\/truusk.store\/sv\/produkt\/truusk-hundbur-lagenhet-2-dorrar-hundlada-mobel-for-stora-hundar-ek\/"]}]},{"@type":"ImageObject","inLanguage":"sv-SE","@id":"https:\/\/truusk.store\/sv\/produkt\/truusk-hundbur-lagenhet-2-dorrar-hundlada-mobel-for-stora-hundar-ek\/#primaryimage","url":"https:\/\/i0.wp.com\/truusk.store\/wp-content\/uploads\/2025\/06\/hundbur-lagenhet-med-2-dorrar-hundlada-som-mobel-hundlada-for-stora-hundar-ek-1.webp?fit=2000%2C2000&ssl=1","contentUrl":"https:\/\/i0.wp.com\/truusk.store\/wp-content\/uploads\/2025\/06\/hundbur-lagenhet-med-2-dorrar-hundlada-som-mobel-hundlada-for-stora-hundar-ek-1.webp?fit=2000%2C2000&ssl=1","width":2000,"height":2000},{"@type":"BreadcrumbList","@id":"https:\/\/truusk.store\/sv\/produkt\/truusk-hundbur-lagenhet-2-dorrar-hundlada-mobel-for-stora-hundar-ek\/#breadcrumb","itemListElement":[{"@type":"ListItem","position":1,"name":"Home","item":"https:\/\/truusk.store\/sv\/"},{"@type":"ListItem","position":2,"name":"Shop","item":"https:\/\/truusk.store\/shop\/"},{"@type":"ListItem","position":3,"name":"TRUUSK Hundbur L\u00e4genhet &#8211; 2 D\u00f6rrar &#8211; Hundl\u00e5da M\u00f6bel &#8211; F\u00f6r Stora Hundar &#8211; Ek"}]},{"@type":"WebSite","@id":"https:\/\/truusk.store\/sv\/#website","url":"https:\/\/truusk.store\/sv\/","name":"TRUUSK - Hem, Tr\u00e4dg\u00e5rd & Fritid","description":"","publisher":{"@id":"https:\/\/truusk.store\/sv\/#organization"},"potentialAction":[{"@type":"SearchAction","target":{"@type":"EntryPoint","urlTemplate":"https:\/\/truusk.store\/sv\/?s={search_term_string}"},"query-input":{"@type":"PropertyValueSpecification","valueRequired":true,"valueName":"search_term_string"}}],"inLanguage":"sv-SE"},{"@type":"Organization","@id":"https:\/\/truusk.store\/sv\/#organization","name":"TRUUSK - Hem, Tr\u00e4dg\u00e5rd & Fritid","url":"https:\/\/truusk.store\/sv\/","logo":{"@type":"ImageObject","inLanguage":"sv-SE","@id":"https:\/\/truusk.store\/sv\/#\/schema\/logo\/image\/","url":"https:\/\/i0.wp.com\/truusk.store\/wp-content\/uploads\/2026\/03\/cropped-TRUUSK.png?fit=2032%2C917&ssl=1","contentUrl":"https:\/\/i0.wp.com\/truusk.store\/wp-content\/uploads\/2026\/03\/cropped-TRUUSK.png?fit=2032%2C917&ssl=1","width":2032,"height":917,"caption":"TRUUSK - Hem, Tr\u00e4dg\u00e5rd & Fritid"},"image":{"@id":"https:\/\/truusk.store\/sv\/#\/schema\/logo\/image\/"}}]}},"jetpack_sharing_enabled":true,"_links":{"self":[{"href":"https:\/\/truusk.store\/sv\/wp-json\/wp\/v2\/product\/58482","targetHints":{"allow":["GET"]}}],"collection":[{"href":"https:\/\/truusk.store\/sv\/wp-json\/wp\/v2\/product"}],"about":[{"href":"https:\/\/truusk.store\/sv\/wp-json\/wp\/v2\/types\/product"}],"wp:featuredmedia":[{"embeddable":true,"href":"https:\/\/truusk.store\/sv\/wp-json\/wp\/v2\/media\/58473"}],"wp:attachment":[{"href":"https:\/\/truusk.store\/sv\/wp-json\/wp\/v2\/media?parent=58482"}],"wp:term":[{"taxonomy":"product_brand","embeddable":true,"href":"https:\/\/truusk.store\/sv\/wp-json\/wp\/v2\/product_brand?post=58482"},{"taxonomy":"product_cat","embeddable":true,"href":"https:\/\/truusk.store\/sv\/wp-json\/wp\/v2\/product_cat?post=58482"},{"taxonomy":"product_tag","embeddable":true,"href":"https:\/\/truusk.store\/sv\/wp-json\/wp\/v2\/product_tag?post=58482"}],"curies":[{"name":"wp","href":"https:\/\/api.w.org\/{rel}","templated":true}]}}