{"id":58492,"date":"2025-06-04T23:29:34","date_gmt":"2025-06-04T22:29:34","guid":{"rendered":"https:\/\/truusk.store\/product\/konsolbord-hallbord-med-2-nivaer-sidobord-soffbord-med-tippskydd-stal-vit-100-x-30-x-80-cm-for-vardagsrum-hall\/"},"modified":"2026-03-12T09:24:26","modified_gmt":"2026-03-12T08:24:26","slug":"truusk-konsolbord-och-sidobord-2-nivaer-tippskydd-stal-vit-100x30x80-cm-for-vardagsrum-och-hall","status":"publish","type":"product","link":"https:\/\/truusk.store\/sv\/produkt\/truusk-konsolbord-och-sidobord-2-nivaer-tippskydd-stal-vit-100x30x80-cm-for-vardagsrum-och-hall\/","title":{"rendered":"TRUUSK Konsolbord och Sidobord &#8211; 2 Niv\u00e5er &#8211; Tippskydd &#8211; St\u00e5l &#8211; Vit &#8211; 100x30x80 cm &#8211; F\u00f6r Vardagsrum och Hall"},"content":{"rendered":"<p>S\u00f6ker du en smart f\u00f6rvaringsl\u00f6sning och en elegant design f\u00f6r entr\u00e9omr\u00e5det? V\u00e5r konsolbord fr\u00e5n TRUUSK erbjuder mycket f\u00f6rvaringsutrymme. Tre niv\u00e5er f\u00f6r att visa familjefoton, v\u00e4xter eller mycket mer. Tr\u00e4material &amp; robust st\u00e5l garanterar tillf\u00f6rlitlighet &amp; \u00e4r l\u00e4tta att underh\u00e5lla. Ge din hall, vardagsrum och sovrum en touch av klass med detta eleganta bord<\/p>\n<p>Beskrivning:<\/p>\n<ul>\n<li>Visa vaser och foton p\u00e5 den l\u00e5nga plattan och tv\u00e5 \u00f6ppna hyllor<\/li>\n<li>Eleganta konstmarmerplattor och svart ram f\u00f6r en stilfull atmosf\u00e4r<\/li>\n<li>Baksidans anti-tip-design s\u00e4krar bordet mot v\u00e4ggen f\u00f6r s\u00e4kerhet<\/li>\n<li>Justerbara fotst\u00f6d erbjuder stabilitet p\u00e5 oj\u00e4mna golv<\/li>\n<li>L\u00e4tt att reng\u00f6ra tack vare sl\u00e4t, melaminbelagd yta och robust st\u00e5lram.<\/li>\n<li>Enkel montering kr\u00e4vs<\/li>\n<\/ul>\n<p>Tekniska data:<\/p>\n<ul>\n<li> F\u00e4rg: Vit+Svart<\/li>\n<li> Material: St\u00e5l, Sp\u00e5nskiva<\/li>\n<li> Totala dimensioner: 100L x 30B x 80H cm<\/li>\n<li> Mellanhyllans storlek: 62L x 27,5B x 34,7H cm<\/li>\n<li> Nedersta hyllans storlek: 94B x 27,5T x 34,7H cm<\/li>\n<li> Avst\u00e5nd mellan hyllorna: 71H cm (fr\u00e5n topp till botten)<\/li>\n<li> B\u00e4rkapacitet: 28 kg (totalt), 15 kg (\u00f6vre), 5\/8 kg (mellan\/under hylla)<\/li>\n<\/ul>\n<p>Leveransinneh\u00e5ll:<\/p>\n<ul>\n<li> 1 x Konsolbord<\/li>\n<li> 1 x Instruktioner<\/li>\n<\/ul>\n","protected":false},"excerpt":{"rendered":"<p>S\u00f6ker du en smart f\u00f6rvaringsl\u00f6sning och en elegant design f\u00f6r entr\u00e9omr\u00e5det? V\u00e5r konsolbord fr\u00e5n TRUUSK erbjuder mycket f\u00f6rvaringsutrymme. Tre niv\u00e5er&#8230;<\/p>\n","protected":false},"featured_media":58483,"template":"","meta":[],"product_brand":[],"product_cat":[893,871,514],"product_tag":[],"class_list":{"0":"post-58492","1":"product","2":"type-product","3":"status-publish","4":"has-post-thumbnail","6":"product_cat-garderob-hall","7":"product_cat-hus-hem","8":"product_cat-konsolbord","10":"first","11":"instock","12":"sale","13":"taxable","14":"shipping-taxable","15":"purchasable","16":"product-type-simple"},"yoast_head":"<!-- This site is optimized with the Yoast SEO plugin v25.4 - https:\/\/yoast.com\/wordpress\/plugins\/seo\/ -->\n<title>TRUUSK Konsolbord och Sidobord - 2 Niv\u00e5er - Tippskydd - St\u00e5l - Vit - 100x30x80 cm - F\u00f6r Vardagsrum och Hall - TRUUSK - Hem, Tr\u00e4dg\u00e5rd &amp; Fritid<\/title>\n<meta name=\"robots\" content=\"index, follow, max-snippet:-1, max-image-preview:large, max-video-preview:-1\" \/>\n<link rel=\"canonical\" href=\"https:\/\/truusk.store\/sv\/produkt\/truusk-konsolbord-och-sidobord-2-nivaer-tippskydd-stal-vit-100x30x80-cm-for-vardagsrum-och-hall\/\" \/>\n<meta property=\"og:locale\" content=\"sv_SE\" \/>\n<meta property=\"og:type\" content=\"article\" \/>\n<meta property=\"og:title\" content=\"TRUUSK Konsolbord och Sidobord - 2 Niv\u00e5er - Tippskydd - St\u00e5l - Vit - 100x30x80 cm - F\u00f6r Vardagsrum och Hall - TRUUSK - Hem, Tr\u00e4dg\u00e5rd &amp; Fritid\" \/>\n<meta property=\"og:description\" content=\"S\u00f6ker du en smart f\u00f6rvaringsl\u00f6sning och en elegant design f\u00f6r entr\u00e9omr\u00e5det? V\u00e5r konsolbord fr\u00e5n TRUUSK erbjuder mycket f\u00f6rvaringsutrymme. Tre niv\u00e5er...\" \/>\n<meta property=\"og:url\" content=\"https:\/\/truusk.store\/sv\/produkt\/truusk-konsolbord-och-sidobord-2-nivaer-tippskydd-stal-vit-100x30x80-cm-for-vardagsrum-och-hall\/\" \/>\n<meta property=\"og:site_name\" content=\"TRUUSK - Hem, Tr\u00e4dg\u00e5rd &amp; Fritid\" \/>\n<meta property=\"article:modified_time\" content=\"2026-03-12T08:24:26+00:00\" \/>\n<meta property=\"og:image\" content=\"https:\/\/i0.wp.com\/truusk.se\/wp-content\/uploads\/2025\/06\/konsolbord-hallbord-med-2-nivaer-sidobord-soffbord-med-tippskydd-stal-vit-100-x-30-x-80-cm-for-vardagsrum-hall-1.webp?fit=2000%2C2000&ssl=1\" \/>\n\t<meta property=\"og:image:width\" content=\"2000\" \/>\n\t<meta property=\"og:image:height\" content=\"2000\" \/>\n\t<meta property=\"og:image:type\" content=\"image\/webp\" \/>\n<meta name=\"twitter:card\" content=\"summary_large_image\" \/>\n<meta name=\"twitter:label1\" content=\"Ber\u00e4knad l\u00e4stid\" \/>\n\t<meta name=\"twitter:data1\" content=\"1 minut\" \/>\n<!-- \/ Yoast SEO plugin. -->","yoast_head_json":{"title":"TRUUSK Konsolbord och Sidobord - 2 Niv\u00e5er - Tippskydd - St\u00e5l - Vit - 100x30x80 cm - F\u00f6r Vardagsrum och Hall - TRUUSK - Hem, Tr\u00e4dg\u00e5rd &amp; Fritid","robots":{"index":"index","follow":"follow","max-snippet":"max-snippet:-1","max-image-preview":"max-image-preview:large","max-video-preview":"max-video-preview:-1"},"canonical":"https:\/\/truusk.store\/sv\/produkt\/truusk-konsolbord-och-sidobord-2-nivaer-tippskydd-stal-vit-100x30x80-cm-for-vardagsrum-och-hall\/","og_locale":"sv_SE","og_type":"article","og_title":"TRUUSK Konsolbord och Sidobord - 2 Niv\u00e5er - Tippskydd - St\u00e5l - Vit - 100x30x80 cm - F\u00f6r Vardagsrum och Hall - TRUUSK - Hem, Tr\u00e4dg\u00e5rd &amp; Fritid","og_description":"S\u00f6ker du en smart f\u00f6rvaringsl\u00f6sning och en elegant design f\u00f6r entr\u00e9omr\u00e5det? V\u00e5r konsolbord fr\u00e5n TRUUSK erbjuder mycket f\u00f6rvaringsutrymme. Tre niv\u00e5er...","og_url":"https:\/\/truusk.store\/sv\/produkt\/truusk-konsolbord-och-sidobord-2-nivaer-tippskydd-stal-vit-100x30x80-cm-for-vardagsrum-och-hall\/","og_site_name":"TRUUSK - Hem, Tr\u00e4dg\u00e5rd &amp; Fritid","article_modified_time":"2026-03-12T08:24:26+00:00","og_image":[{"width":2000,"height":2000,"url":"https:\/\/i0.wp.com\/truusk.se\/wp-content\/uploads\/2025\/06\/konsolbord-hallbord-med-2-nivaer-sidobord-soffbord-med-tippskydd-stal-vit-100-x-30-x-80-cm-for-vardagsrum-hall-1.webp?fit=2000%2C2000&ssl=1","type":"image\/webp"}],"twitter_card":"summary_large_image","twitter_misc":{"Ber\u00e4knad l\u00e4stid":"1 minut"},"schema":{"@context":"https:\/\/schema.org","@graph":[{"@type":"WebPage","@id":"https:\/\/truusk.store\/sv\/produkt\/truusk-konsolbord-och-sidobord-2-nivaer-tippskydd-stal-vit-100x30x80-cm-for-vardagsrum-och-hall\/","url":"https:\/\/truusk.store\/sv\/produkt\/truusk-konsolbord-och-sidobord-2-nivaer-tippskydd-stal-vit-100x30x80-cm-for-vardagsrum-och-hall\/","name":"TRUUSK Konsolbord och Sidobord - 2 Niv\u00e5er - Tippskydd - St\u00e5l - Vit - 100x30x80 cm - F\u00f6r Vardagsrum och Hall - TRUUSK - Hem, Tr\u00e4dg\u00e5rd &amp; Fritid","isPartOf":{"@id":"https:\/\/truusk.store\/sv\/#website"},"primaryImageOfPage":{"@id":"https:\/\/truusk.store\/sv\/produkt\/truusk-konsolbord-och-sidobord-2-nivaer-tippskydd-stal-vit-100x30x80-cm-for-vardagsrum-och-hall\/#primaryimage"},"image":{"@id":"https:\/\/truusk.store\/sv\/produkt\/truusk-konsolbord-och-sidobord-2-nivaer-tippskydd-stal-vit-100x30x80-cm-for-vardagsrum-och-hall\/#primaryimage"},"thumbnailUrl":"https:\/\/i0.wp.com\/truusk.store\/wp-content\/uploads\/2025\/06\/konsolbord-hallbord-med-2-nivaer-sidobord-soffbord-med-tippskydd-stal-vit-100-x-30-x-80-cm-for-vardagsrum-hall-1.webp?fit=2000%2C2000&ssl=1","datePublished":"2025-06-04T22:29:34+00:00","dateModified":"2026-03-12T08:24:26+00:00","breadcrumb":{"@id":"https:\/\/truusk.store\/sv\/produkt\/truusk-konsolbord-och-sidobord-2-nivaer-tippskydd-stal-vit-100x30x80-cm-for-vardagsrum-och-hall\/#breadcrumb"},"inLanguage":"sv-SE","potentialAction":[{"@type":"ReadAction","target":["https:\/\/truusk.store\/sv\/produkt\/truusk-konsolbord-och-sidobord-2-nivaer-tippskydd-stal-vit-100x30x80-cm-for-vardagsrum-och-hall\/"]}]},{"@type":"ImageObject","inLanguage":"sv-SE","@id":"https:\/\/truusk.store\/sv\/produkt\/truusk-konsolbord-och-sidobord-2-nivaer-tippskydd-stal-vit-100x30x80-cm-for-vardagsrum-och-hall\/#primaryimage","url":"https:\/\/i0.wp.com\/truusk.store\/wp-content\/uploads\/2025\/06\/konsolbord-hallbord-med-2-nivaer-sidobord-soffbord-med-tippskydd-stal-vit-100-x-30-x-80-cm-for-vardagsrum-hall-1.webp?fit=2000%2C2000&ssl=1","contentUrl":"https:\/\/i0.wp.com\/truusk.store\/wp-content\/uploads\/2025\/06\/konsolbord-hallbord-med-2-nivaer-sidobord-soffbord-med-tippskydd-stal-vit-100-x-30-x-80-cm-for-vardagsrum-hall-1.webp?fit=2000%2C2000&ssl=1","width":2000,"height":2000},{"@type":"BreadcrumbList","@id":"https:\/\/truusk.store\/sv\/produkt\/truusk-konsolbord-och-sidobord-2-nivaer-tippskydd-stal-vit-100x30x80-cm-for-vardagsrum-och-hall\/#breadcrumb","itemListElement":[{"@type":"ListItem","position":1,"name":"Home","item":"https:\/\/truusk.store\/sv\/"},{"@type":"ListItem","position":2,"name":"Shop","item":"https:\/\/truusk.store\/shop\/"},{"@type":"ListItem","position":3,"name":"TRUUSK Konsolbord och Sidobord &#8211; 2 Niv\u00e5er &#8211; Tippskydd &#8211; St\u00e5l &#8211; Vit &#8211; 100x30x80 cm &#8211; F\u00f6r Vardagsrum och Hall"}]},{"@type":"WebSite","@id":"https:\/\/truusk.store\/sv\/#website","url":"https:\/\/truusk.store\/sv\/","name":"TRUUSK - Hem, Tr\u00e4dg\u00e5rd & Fritid","description":"","publisher":{"@id":"https:\/\/truusk.store\/sv\/#organization"},"potentialAction":[{"@type":"SearchAction","target":{"@type":"EntryPoint","urlTemplate":"https:\/\/truusk.store\/sv\/?s={search_term_string}"},"query-input":{"@type":"PropertyValueSpecification","valueRequired":true,"valueName":"search_term_string"}}],"inLanguage":"sv-SE"},{"@type":"Organization","@id":"https:\/\/truusk.store\/sv\/#organization","name":"TRUUSK - Hem, Tr\u00e4dg\u00e5rd & Fritid","url":"https:\/\/truusk.store\/sv\/","logo":{"@type":"ImageObject","inLanguage":"sv-SE","@id":"https:\/\/truusk.store\/sv\/#\/schema\/logo\/image\/","url":"https:\/\/i0.wp.com\/truusk.store\/wp-content\/uploads\/2026\/03\/cropped-TRUUSK.png?fit=2032%2C917&ssl=1","contentUrl":"https:\/\/i0.wp.com\/truusk.store\/wp-content\/uploads\/2026\/03\/cropped-TRUUSK.png?fit=2032%2C917&ssl=1","width":2032,"height":917,"caption":"TRUUSK - Hem, Tr\u00e4dg\u00e5rd & Fritid"},"image":{"@id":"https:\/\/truusk.store\/sv\/#\/schema\/logo\/image\/"}}]}},"jetpack_sharing_enabled":true,"_links":{"self":[{"href":"https:\/\/truusk.store\/sv\/wp-json\/wp\/v2\/product\/58492","targetHints":{"allow":["GET"]}}],"collection":[{"href":"https:\/\/truusk.store\/sv\/wp-json\/wp\/v2\/product"}],"about":[{"href":"https:\/\/truusk.store\/sv\/wp-json\/wp\/v2\/types\/product"}],"wp:featuredmedia":[{"embeddable":true,"href":"https:\/\/truusk.store\/sv\/wp-json\/wp\/v2\/media\/58483"}],"wp:attachment":[{"href":"https:\/\/truusk.store\/sv\/wp-json\/wp\/v2\/media?parent=58492"}],"wp:term":[{"taxonomy":"product_brand","embeddable":true,"href":"https:\/\/truusk.store\/sv\/wp-json\/wp\/v2\/product_brand?post=58492"},{"taxonomy":"product_cat","embeddable":true,"href":"https:\/\/truusk.store\/sv\/wp-json\/wp\/v2\/product_cat?post=58492"},{"taxonomy":"product_tag","embeddable":true,"href":"https:\/\/truusk.store\/sv\/wp-json\/wp\/v2\/product_tag?post=58492"}],"curies":[{"name":"wp","href":"https:\/\/api.w.org\/{rel}","templated":true}]}}