{"id":58502,"date":"2025-06-04T23:30:34","date_gmt":"2025-06-04T22:30:34","guid":{"rendered":"https:\/\/truusk.store\/product\/barns-fyrhjuling-elektrisk-fyrhjuling-6v-med-slapvagn-for-barn-15-3-ar-25-km-h-sakert-metallfordon-i-blatt\/"},"modified":"2026-03-12T09:28:31","modified_gmt":"2026-03-12T08:28:31","slug":"truusk-barns-elektriska-fyrhjuling-6v-med-slapvagn-for-barn-15-3-ar-25-km-h-sakert-metallfordon-blatt","status":"publish","type":"product","link":"https:\/\/truusk.store\/sv\/produkt\/truusk-barns-elektriska-fyrhjuling-6v-med-slapvagn-for-barn-15-3-ar-25-km-h-sakert-metallfordon-blatt\/","title":{"rendered":"TRUUSK Barns Elektriska Fyrhjuling 6V Med Sl\u00e4pvagn &#8211; F\u00f6r Barn 1,5-3 \u00e5r &#8211; 2,5 Km\/h &#8211; S\u00e4kert Metallfordon &#8211; Bl\u00e5tt"},"content":{"rendered":"<p>V\u00e4ck \u00e4ventyrslusten med v\u00e5r TRUUSK barnfyrhjuling! Denna fyrhjuling \u00e4r speciellt utformad f\u00f6r unga uppt\u00e4ckare och garanterar en sp\u00e4nnande och s\u00e4ker \u00e5ktur som st\u00e4rker motoriska f\u00e4rdigheter och sj\u00e4lvf\u00f6rtroende. Se dina barns str\u00e5lande ansikten n\u00e4r de utforskar terr\u00e4ngen och tar det f\u00f6rsta steget mot sj\u00e4lvst\u00e4ndig k\u00f6rning. I det praktiska f\u00f6rvaringsutrymmet finns det gott om plats f\u00f6r dryckesflaskor, snacksburkar och en m\u00e4ngd leksaker.<\/p>\n<p>Beskrivning:<\/p>\n<ul>\n<li> Sl\u00e4pvagn f\u00f6r leksaker, vattenflaska och mer.<\/li>\n<li> S\u00e4ker hastighet p\u00e5 2,5 km\/h, 50 minuters drifttid vid full laddning.<\/li>\n<li> Fram\u00e5t-, bak\u00e5tg\u00e5ende v\u00e4xel och pedal f\u00f6r en autentisk k\u00f6rupplevelse.<\/li>\n<li> Bekv\u00e4m, bred sits f\u00f6r komfort vid k\u00f6rning.<\/li>\n<li> Slitstarka d\u00e4ck f\u00f6r olika underlag.<\/li>\n<li> Montering kr\u00e4vs.<\/li>\n<\/ul>\n<p>Tekniska data:<\/p>\n<ul>\n<li> F\u00e4rg: Bl\u00e5+Gr\u00e5+Svart<\/li>\n<li> Material: Metall, Plast<\/li>\n<li> Totala dimensioner: 106B x 41,5T x 48,5H cm<\/li>\n<li> Sitsstorlek: 28B x 10T x 30H cm<\/li>\n<li> M\u00e5tt fyrhjulingshjul: \u00d820 cm<\/li>\n<li> M\u00e5tt sl\u00e4pvagn: 35B x 27T x 11H cm<\/li>\n<li> Hastighet: 2,5 km\/h<\/li>\n<li> M\u00e5tt sl\u00e4pvagnshjul: \u00d815,5 cm<\/li>\n<li> Batteri: 6 V 4,5 AH<\/li>\n<li> F\u00f6rsta laddning: 6-8 timmar. Regelbunden laddning: 8-12 timmar. Drifttid: 50 minuter (beroende p\u00e5 anv\u00e4ndningstyp)<\/li>\n<li> Certifierad \u00e5lder: 18+ m\u00e5nader. L\u00e4mplig \u00e5lder: 18-36 m\u00e5nader<\/li>\n<li> B\u00e4rkapacitet: 25 kg<\/li>\n<li> Obs: L\u00e4mna aldrig ditt barn obevakat under k\u00f6rning<\/li>\n<\/ul>\n<p>Leveransinneh\u00e5ll:<\/p>\n<ul>\n<li> 1 x Barnfyrhjuling<\/li>\n<li> 1 x Handbok<\/li>\n<\/ul>\n","protected":false},"excerpt":{"rendered":"<p>V\u00e4ck \u00e4ventyrslusten med v\u00e5r TRUUSK barnfyrhjuling! Denna fyrhjuling \u00e4r speciellt utformad f\u00f6r unga uppt\u00e4ckare och garanterar en sp\u00e4nnande och s\u00e4ker&#8230;<\/p>\n","protected":false},"featured_media":58493,"template":"","meta":[],"product_brand":[],"product_cat":[880,610,925],"product_tag":[],"class_list":{"0":"post-58502","1":"product","2":"type-product","3":"status-publish","4":"has-post-thumbnail","6":"product_cat-baby-barn-2","7":"product_cat-barnfordon","8":"product_cat-barns-elektriska-fordon","10":"first","11":"instock","12":"sale","13":"taxable","14":"shipping-taxable","15":"purchasable","16":"product-type-simple"},"yoast_head":"<!-- This site is optimized with the Yoast SEO plugin v25.4 - https:\/\/yoast.com\/wordpress\/plugins\/seo\/ -->\n<title>TRUUSK Barns Elektriska Fyrhjuling 6V Med Sl\u00e4pvagn - F\u00f6r Barn 1,5-3 \u00e5r - 2,5 Km\/h - S\u00e4kert Metallfordon - Bl\u00e5tt - TRUUSK - Hem, Tr\u00e4dg\u00e5rd &amp; Fritid<\/title>\n<meta name=\"robots\" content=\"index, follow, max-snippet:-1, max-image-preview:large, max-video-preview:-1\" \/>\n<link rel=\"canonical\" href=\"https:\/\/truusk.store\/sv\/produkt\/truusk-barns-elektriska-fyrhjuling-6v-med-slapvagn-for-barn-15-3-ar-25-km-h-sakert-metallfordon-blatt\/\" \/>\n<meta property=\"og:locale\" content=\"sv_SE\" \/>\n<meta property=\"og:type\" content=\"article\" \/>\n<meta property=\"og:title\" content=\"TRUUSK Barns Elektriska Fyrhjuling 6V Med Sl\u00e4pvagn - F\u00f6r Barn 1,5-3 \u00e5r - 2,5 Km\/h - S\u00e4kert Metallfordon - Bl\u00e5tt - TRUUSK - Hem, Tr\u00e4dg\u00e5rd &amp; Fritid\" \/>\n<meta property=\"og:description\" content=\"V\u00e4ck \u00e4ventyrslusten med v\u00e5r TRUUSK barnfyrhjuling! Denna fyrhjuling \u00e4r speciellt utformad f\u00f6r unga uppt\u00e4ckare och garanterar en sp\u00e4nnande och s\u00e4ker...\" \/>\n<meta property=\"og:url\" content=\"https:\/\/truusk.store\/sv\/produkt\/truusk-barns-elektriska-fyrhjuling-6v-med-slapvagn-for-barn-15-3-ar-25-km-h-sakert-metallfordon-blatt\/\" \/>\n<meta property=\"og:site_name\" content=\"TRUUSK - Hem, Tr\u00e4dg\u00e5rd &amp; Fritid\" \/>\n<meta property=\"article:modified_time\" content=\"2026-03-12T08:28:31+00:00\" \/>\n<meta property=\"og:image\" content=\"https:\/\/i0.wp.com\/truusk.se\/wp-content\/uploads\/2025\/06\/barns-fyrhjuling-elektrisk-fyrhjuling-6v-med-slapvagn-for-barn-15-3-ar-25-km-h-sakert-metallfordon-i-blatt-1.webp?fit=2000%2C2000&ssl=1\" \/>\n\t<meta property=\"og:image:width\" content=\"2000\" \/>\n\t<meta property=\"og:image:height\" content=\"2000\" \/>\n\t<meta property=\"og:image:type\" content=\"image\/webp\" \/>\n<meta name=\"twitter:card\" content=\"summary_large_image\" \/>\n<meta name=\"twitter:label1\" content=\"Ber\u00e4knad l\u00e4stid\" \/>\n\t<meta name=\"twitter:data1\" content=\"1 minut\" \/>\n<!-- \/ Yoast SEO plugin. -->","yoast_head_json":{"title":"TRUUSK Barns Elektriska Fyrhjuling 6V Med Sl\u00e4pvagn - F\u00f6r Barn 1,5-3 \u00e5r - 2,5 Km\/h - S\u00e4kert Metallfordon - Bl\u00e5tt - TRUUSK - Hem, Tr\u00e4dg\u00e5rd &amp; Fritid","robots":{"index":"index","follow":"follow","max-snippet":"max-snippet:-1","max-image-preview":"max-image-preview:large","max-video-preview":"max-video-preview:-1"},"canonical":"https:\/\/truusk.store\/sv\/produkt\/truusk-barns-elektriska-fyrhjuling-6v-med-slapvagn-for-barn-15-3-ar-25-km-h-sakert-metallfordon-blatt\/","og_locale":"sv_SE","og_type":"article","og_title":"TRUUSK Barns Elektriska Fyrhjuling 6V Med Sl\u00e4pvagn - F\u00f6r Barn 1,5-3 \u00e5r - 2,5 Km\/h - S\u00e4kert Metallfordon - Bl\u00e5tt - TRUUSK - Hem, Tr\u00e4dg\u00e5rd &amp; Fritid","og_description":"V\u00e4ck \u00e4ventyrslusten med v\u00e5r TRUUSK barnfyrhjuling! Denna fyrhjuling \u00e4r speciellt utformad f\u00f6r unga uppt\u00e4ckare och garanterar en sp\u00e4nnande och s\u00e4ker...","og_url":"https:\/\/truusk.store\/sv\/produkt\/truusk-barns-elektriska-fyrhjuling-6v-med-slapvagn-for-barn-15-3-ar-25-km-h-sakert-metallfordon-blatt\/","og_site_name":"TRUUSK - Hem, Tr\u00e4dg\u00e5rd &amp; Fritid","article_modified_time":"2026-03-12T08:28:31+00:00","og_image":[{"width":2000,"height":2000,"url":"https:\/\/i0.wp.com\/truusk.se\/wp-content\/uploads\/2025\/06\/barns-fyrhjuling-elektrisk-fyrhjuling-6v-med-slapvagn-for-barn-15-3-ar-25-km-h-sakert-metallfordon-i-blatt-1.webp?fit=2000%2C2000&ssl=1","type":"image\/webp"}],"twitter_card":"summary_large_image","twitter_misc":{"Ber\u00e4knad l\u00e4stid":"1 minut"},"schema":{"@context":"https:\/\/schema.org","@graph":[{"@type":"WebPage","@id":"https:\/\/truusk.store\/sv\/produkt\/truusk-barns-elektriska-fyrhjuling-6v-med-slapvagn-for-barn-15-3-ar-25-km-h-sakert-metallfordon-blatt\/","url":"https:\/\/truusk.store\/sv\/produkt\/truusk-barns-elektriska-fyrhjuling-6v-med-slapvagn-for-barn-15-3-ar-25-km-h-sakert-metallfordon-blatt\/","name":"TRUUSK Barns Elektriska Fyrhjuling 6V Med Sl\u00e4pvagn - F\u00f6r Barn 1,5-3 \u00e5r - 2,5 Km\/h - S\u00e4kert Metallfordon - Bl\u00e5tt - TRUUSK - Hem, Tr\u00e4dg\u00e5rd &amp; Fritid","isPartOf":{"@id":"https:\/\/truusk.store\/sv\/#website"},"primaryImageOfPage":{"@id":"https:\/\/truusk.store\/sv\/produkt\/truusk-barns-elektriska-fyrhjuling-6v-med-slapvagn-for-barn-15-3-ar-25-km-h-sakert-metallfordon-blatt\/#primaryimage"},"image":{"@id":"https:\/\/truusk.store\/sv\/produkt\/truusk-barns-elektriska-fyrhjuling-6v-med-slapvagn-for-barn-15-3-ar-25-km-h-sakert-metallfordon-blatt\/#primaryimage"},"thumbnailUrl":"https:\/\/i0.wp.com\/truusk.store\/wp-content\/uploads\/2025\/06\/barns-fyrhjuling-elektrisk-fyrhjuling-6v-med-slapvagn-for-barn-15-3-ar-25-km-h-sakert-metallfordon-i-blatt-1.webp?fit=2000%2C2000&ssl=1","datePublished":"2025-06-04T22:30:34+00:00","dateModified":"2026-03-12T08:28:31+00:00","breadcrumb":{"@id":"https:\/\/truusk.store\/sv\/produkt\/truusk-barns-elektriska-fyrhjuling-6v-med-slapvagn-for-barn-15-3-ar-25-km-h-sakert-metallfordon-blatt\/#breadcrumb"},"inLanguage":"sv-SE","potentialAction":[{"@type":"ReadAction","target":["https:\/\/truusk.store\/sv\/produkt\/truusk-barns-elektriska-fyrhjuling-6v-med-slapvagn-for-barn-15-3-ar-25-km-h-sakert-metallfordon-blatt\/"]}]},{"@type":"ImageObject","inLanguage":"sv-SE","@id":"https:\/\/truusk.store\/sv\/produkt\/truusk-barns-elektriska-fyrhjuling-6v-med-slapvagn-for-barn-15-3-ar-25-km-h-sakert-metallfordon-blatt\/#primaryimage","url":"https:\/\/i0.wp.com\/truusk.store\/wp-content\/uploads\/2025\/06\/barns-fyrhjuling-elektrisk-fyrhjuling-6v-med-slapvagn-for-barn-15-3-ar-25-km-h-sakert-metallfordon-i-blatt-1.webp?fit=2000%2C2000&ssl=1","contentUrl":"https:\/\/i0.wp.com\/truusk.store\/wp-content\/uploads\/2025\/06\/barns-fyrhjuling-elektrisk-fyrhjuling-6v-med-slapvagn-for-barn-15-3-ar-25-km-h-sakert-metallfordon-i-blatt-1.webp?fit=2000%2C2000&ssl=1","width":2000,"height":2000},{"@type":"BreadcrumbList","@id":"https:\/\/truusk.store\/sv\/produkt\/truusk-barns-elektriska-fyrhjuling-6v-med-slapvagn-for-barn-15-3-ar-25-km-h-sakert-metallfordon-blatt\/#breadcrumb","itemListElement":[{"@type":"ListItem","position":1,"name":"Home","item":"https:\/\/truusk.store\/sv\/"},{"@type":"ListItem","position":2,"name":"Shop","item":"https:\/\/truusk.store\/shop\/"},{"@type":"ListItem","position":3,"name":"TRUUSK Barns Elektriska Fyrhjuling 6V Med Sl\u00e4pvagn &#8211; F\u00f6r Barn 1,5-3 \u00e5r &#8211; 2,5 Km\/h &#8211; S\u00e4kert Metallfordon &#8211; Bl\u00e5tt"}]},{"@type":"WebSite","@id":"https:\/\/truusk.store\/sv\/#website","url":"https:\/\/truusk.store\/sv\/","name":"TRUUSK - Hem, Tr\u00e4dg\u00e5rd & Fritid","description":"","publisher":{"@id":"https:\/\/truusk.store\/sv\/#organization"},"potentialAction":[{"@type":"SearchAction","target":{"@type":"EntryPoint","urlTemplate":"https:\/\/truusk.store\/sv\/?s={search_term_string}"},"query-input":{"@type":"PropertyValueSpecification","valueRequired":true,"valueName":"search_term_string"}}],"inLanguage":"sv-SE"},{"@type":"Organization","@id":"https:\/\/truusk.store\/sv\/#organization","name":"TRUUSK - Hem, Tr\u00e4dg\u00e5rd & Fritid","url":"https:\/\/truusk.store\/sv\/","logo":{"@type":"ImageObject","inLanguage":"sv-SE","@id":"https:\/\/truusk.store\/sv\/#\/schema\/logo\/image\/","url":"https:\/\/i0.wp.com\/truusk.store\/wp-content\/uploads\/2026\/03\/cropped-TRUUSK.png?fit=2032%2C917&ssl=1","contentUrl":"https:\/\/i0.wp.com\/truusk.store\/wp-content\/uploads\/2026\/03\/cropped-TRUUSK.png?fit=2032%2C917&ssl=1","width":2032,"height":917,"caption":"TRUUSK - Hem, Tr\u00e4dg\u00e5rd & Fritid"},"image":{"@id":"https:\/\/truusk.store\/sv\/#\/schema\/logo\/image\/"}}]}},"jetpack_sharing_enabled":true,"_links":{"self":[{"href":"https:\/\/truusk.store\/sv\/wp-json\/wp\/v2\/product\/58502","targetHints":{"allow":["GET"]}}],"collection":[{"href":"https:\/\/truusk.store\/sv\/wp-json\/wp\/v2\/product"}],"about":[{"href":"https:\/\/truusk.store\/sv\/wp-json\/wp\/v2\/types\/product"}],"wp:featuredmedia":[{"embeddable":true,"href":"https:\/\/truusk.store\/sv\/wp-json\/wp\/v2\/media\/58493"}],"wp:attachment":[{"href":"https:\/\/truusk.store\/sv\/wp-json\/wp\/v2\/media?parent=58502"}],"wp:term":[{"taxonomy":"product_brand","embeddable":true,"href":"https:\/\/truusk.store\/sv\/wp-json\/wp\/v2\/product_brand?post=58502"},{"taxonomy":"product_cat","embeddable":true,"href":"https:\/\/truusk.store\/sv\/wp-json\/wp\/v2\/product_cat?post=58502"},{"taxonomy":"product_tag","embeddable":true,"href":"https:\/\/truusk.store\/sv\/wp-json\/wp\/v2\/product_tag?post=58502"}],"curies":[{"name":"wp","href":"https:\/\/api.w.org\/{rel}","templated":true}]}}