{"id":58562,"date":"2025-06-04T23:36:40","date_gmt":"2025-06-04T22:36:40","guid":{"rendered":"https:\/\/truusk.store\/product\/dorrskyddsgaller-trappgaller-justerbar-75-96cm-auto-close-for-hundar-husdjur\/"},"modified":"2026-03-12T09:11:33","modified_gmt":"2026-03-12T08:11:33","slug":"truusk-dorrskyddsgaller-justerbar-75-96cm-auto-close-for-hundar-husdjur","status":"publish","type":"product","link":"https:\/\/truusk.store\/sv\/produkt\/truusk-dorrskyddsgaller-justerbar-75-96cm-auto-close-for-hundar-husdjur\/","title":{"rendered":"TRUUSK D\u00f6rrskyddsgaller &#8211; Justerbar 75-96cm &#8211; Auto-Close &#8211; F\u00f6r Hundar &amp; Husdjur"},"content":{"rendered":"<p>Letar du efter ett avskiljningsgaller f\u00f6r din hund? Detta vita metallgaller \u00e4r en snabb och enkel l\u00f6sning f\u00f6r att skydda dina hundar och g\u00f6ra ett \u00f6nskat omr\u00e5de otillg\u00e4ngligt f\u00f6r dem. Tack vare sp\u00e4nnmekanismen \u00e4r monteringen en lek: Du f\u00e4ster bara grinden mellan tv\u00e5 v\u00e4ggar. Med sin justerbara bredd (75-96 cm) passar den n\u00e4stan alla d\u00f6rr- och korridorer. Se till att dina fyrbenta v\u00e4nner \u00e4r s\u00e4kra nu med detta praktiska hundgaller fr\u00e5n TRUUSK!<\/p>\n<p>Beskrivning:<\/p>\n<ul>\n<li> S\u00e4kerhetsgaller f\u00f6r korridorer, trappor och d\u00f6rrar<\/li>\n<li> Det automatiska st\u00e4ngningssystemet minimerar risken att husdjur g\u00e5r in i o\u00f6nskade omr\u00e5den<\/li>\n<li> Sp\u00e4nnf\u00e4stningen m\u00f6jligg\u00f6r enkel installation utan att skada v\u00e4ggarna<\/li>\n<li> Maximal utvidgningsbredd p\u00e5 96 cm<\/li>\n<li> Enkel att \u00f6ppna och st\u00e4nga med en hand<\/li>\n<li> Ram av vitlackerat st\u00e5l<\/li>\n<li> G\u00e5ngj\u00e4rn och v\u00e4ggf\u00e4stpunkter \u00e4r gjorda av plast<\/li>\n<\/ul>\n<p>Tekniska data:<\/p>\n<ul>\n<li> F\u00e4rg: Vit<\/li>\n<li> Material: St\u00e5l, plast<\/li>\n<li> Totala dimensioner: 75-96B x 76H cm<\/li>\n<li> D\u00f6rrbredd: 60 cm<\/li>\n<li> Avst\u00e5nd mellan st\u00e4ngerna: 5,7 cm<\/li>\n<li> Avst\u00e5nd fr\u00e5n d\u00f6rren till ramen: 5,5 cm<\/li>\n<li>Notera<\/li>\n<li>1. Anv\u00e4nd f\u00f6rl\u00e4ngningar om bredden \u00f6verstiger 82 cm<\/li>\n<li>2. M\u00e4t ditt utrymme innan du k\u00f6per produkten<\/li>\n<\/ul>\n<p>Leveransinneh\u00e5ll:<\/p>\n<ul>\n<li> 1 x avskiljningsgaller;<\/li>\n<\/ul>\n","protected":false},"excerpt":{"rendered":"<p>Letar du efter ett avskiljningsgaller f\u00f6r din hund? Detta vita metallgaller \u00e4r en snabb och enkel l\u00f6sning f\u00f6r att skydda&#8230;<\/p>\n","protected":false},"featured_media":58553,"template":"","meta":[],"product_brand":[],"product_cat":[878,948,574],"product_tag":[],"class_list":{"0":"post-58562","1":"product","2":"type-product","3":"status-publish","4":"has-post-thumbnail","6":"product_cat-djurbehov","7":"product_cat-hundgaller-skiljevaggar","8":"product_cat-hundtillbehor","10":"first","11":"instock","12":"sale","13":"taxable","14":"shipping-taxable","15":"purchasable","16":"product-type-simple"},"yoast_head":"<!-- This site is optimized with the Yoast SEO plugin v25.4 - https:\/\/yoast.com\/wordpress\/plugins\/seo\/ -->\n<title>TRUUSK D\u00f6rrskyddsgaller - Justerbar 75-96cm - Auto-Close - F\u00f6r Hundar &amp; Husdjur - TRUUSK - Hem, Tr\u00e4dg\u00e5rd &amp; Fritid<\/title>\n<meta name=\"robots\" content=\"index, follow, max-snippet:-1, max-image-preview:large, max-video-preview:-1\" \/>\n<link rel=\"canonical\" href=\"https:\/\/truusk.store\/sv\/produkt\/truusk-dorrskyddsgaller-justerbar-75-96cm-auto-close-for-hundar-husdjur\/\" \/>\n<meta property=\"og:locale\" content=\"sv_SE\" \/>\n<meta property=\"og:type\" content=\"article\" \/>\n<meta property=\"og:title\" content=\"TRUUSK D\u00f6rrskyddsgaller - Justerbar 75-96cm - Auto-Close - F\u00f6r Hundar &amp; Husdjur - TRUUSK - Hem, Tr\u00e4dg\u00e5rd &amp; Fritid\" \/>\n<meta property=\"og:description\" content=\"Letar du efter ett avskiljningsgaller f\u00f6r din hund? Detta vita metallgaller \u00e4r en snabb och enkel l\u00f6sning f\u00f6r att skydda...\" \/>\n<meta property=\"og:url\" content=\"https:\/\/truusk.store\/sv\/produkt\/truusk-dorrskyddsgaller-justerbar-75-96cm-auto-close-for-hundar-husdjur\/\" \/>\n<meta property=\"og:site_name\" content=\"TRUUSK - Hem, Tr\u00e4dg\u00e5rd &amp; Fritid\" \/>\n<meta property=\"article:modified_time\" content=\"2026-03-12T08:11:33+00:00\" \/>\n<meta property=\"og:image\" content=\"https:\/\/i0.wp.com\/truusk.se\/wp-content\/uploads\/2025\/06\/dorrskyddsgaller-trappgaller-justerbar-75-96cm-auto-close-for-hundar-husdjur-1.webp?fit=2000%2C2000&ssl=1\" \/>\n\t<meta property=\"og:image:width\" content=\"2000\" \/>\n\t<meta property=\"og:image:height\" content=\"2000\" \/>\n\t<meta property=\"og:image:type\" content=\"image\/webp\" \/>\n<meta name=\"twitter:card\" content=\"summary_large_image\" \/>\n<meta name=\"twitter:label1\" content=\"Ber\u00e4knad l\u00e4stid\" \/>\n\t<meta name=\"twitter:data1\" content=\"1 minut\" \/>\n<!-- \/ Yoast SEO plugin. -->","yoast_head_json":{"title":"TRUUSK D\u00f6rrskyddsgaller - Justerbar 75-96cm - Auto-Close - F\u00f6r Hundar &amp; Husdjur - TRUUSK - Hem, Tr\u00e4dg\u00e5rd &amp; Fritid","robots":{"index":"index","follow":"follow","max-snippet":"max-snippet:-1","max-image-preview":"max-image-preview:large","max-video-preview":"max-video-preview:-1"},"canonical":"https:\/\/truusk.store\/sv\/produkt\/truusk-dorrskyddsgaller-justerbar-75-96cm-auto-close-for-hundar-husdjur\/","og_locale":"sv_SE","og_type":"article","og_title":"TRUUSK D\u00f6rrskyddsgaller - Justerbar 75-96cm - Auto-Close - F\u00f6r Hundar &amp; Husdjur - TRUUSK - Hem, Tr\u00e4dg\u00e5rd &amp; Fritid","og_description":"Letar du efter ett avskiljningsgaller f\u00f6r din hund? Detta vita metallgaller \u00e4r en snabb och enkel l\u00f6sning f\u00f6r att skydda...","og_url":"https:\/\/truusk.store\/sv\/produkt\/truusk-dorrskyddsgaller-justerbar-75-96cm-auto-close-for-hundar-husdjur\/","og_site_name":"TRUUSK - Hem, Tr\u00e4dg\u00e5rd &amp; Fritid","article_modified_time":"2026-03-12T08:11:33+00:00","og_image":[{"width":2000,"height":2000,"url":"https:\/\/i0.wp.com\/truusk.se\/wp-content\/uploads\/2025\/06\/dorrskyddsgaller-trappgaller-justerbar-75-96cm-auto-close-for-hundar-husdjur-1.webp?fit=2000%2C2000&ssl=1","type":"image\/webp"}],"twitter_card":"summary_large_image","twitter_misc":{"Ber\u00e4knad l\u00e4stid":"1 minut"},"schema":{"@context":"https:\/\/schema.org","@graph":[{"@type":"WebPage","@id":"https:\/\/truusk.store\/sv\/produkt\/truusk-dorrskyddsgaller-justerbar-75-96cm-auto-close-for-hundar-husdjur\/","url":"https:\/\/truusk.store\/sv\/produkt\/truusk-dorrskyddsgaller-justerbar-75-96cm-auto-close-for-hundar-husdjur\/","name":"TRUUSK D\u00f6rrskyddsgaller - Justerbar 75-96cm - Auto-Close - F\u00f6r Hundar &amp; Husdjur - TRUUSK - Hem, Tr\u00e4dg\u00e5rd &amp; Fritid","isPartOf":{"@id":"https:\/\/truusk.store\/sv\/#website"},"primaryImageOfPage":{"@id":"https:\/\/truusk.store\/sv\/produkt\/truusk-dorrskyddsgaller-justerbar-75-96cm-auto-close-for-hundar-husdjur\/#primaryimage"},"image":{"@id":"https:\/\/truusk.store\/sv\/produkt\/truusk-dorrskyddsgaller-justerbar-75-96cm-auto-close-for-hundar-husdjur\/#primaryimage"},"thumbnailUrl":"https:\/\/i0.wp.com\/truusk.store\/wp-content\/uploads\/2025\/06\/dorrskyddsgaller-trappgaller-justerbar-75-96cm-auto-close-for-hundar-husdjur-1.webp?fit=2000%2C2000&ssl=1","datePublished":"2025-06-04T22:36:40+00:00","dateModified":"2026-03-12T08:11:33+00:00","breadcrumb":{"@id":"https:\/\/truusk.store\/sv\/produkt\/truusk-dorrskyddsgaller-justerbar-75-96cm-auto-close-for-hundar-husdjur\/#breadcrumb"},"inLanguage":"sv-SE","potentialAction":[{"@type":"ReadAction","target":["https:\/\/truusk.store\/sv\/produkt\/truusk-dorrskyddsgaller-justerbar-75-96cm-auto-close-for-hundar-husdjur\/"]}]},{"@type":"ImageObject","inLanguage":"sv-SE","@id":"https:\/\/truusk.store\/sv\/produkt\/truusk-dorrskyddsgaller-justerbar-75-96cm-auto-close-for-hundar-husdjur\/#primaryimage","url":"https:\/\/i0.wp.com\/truusk.store\/wp-content\/uploads\/2025\/06\/dorrskyddsgaller-trappgaller-justerbar-75-96cm-auto-close-for-hundar-husdjur-1.webp?fit=2000%2C2000&ssl=1","contentUrl":"https:\/\/i0.wp.com\/truusk.store\/wp-content\/uploads\/2025\/06\/dorrskyddsgaller-trappgaller-justerbar-75-96cm-auto-close-for-hundar-husdjur-1.webp?fit=2000%2C2000&ssl=1","width":2000,"height":2000},{"@type":"BreadcrumbList","@id":"https:\/\/truusk.store\/sv\/produkt\/truusk-dorrskyddsgaller-justerbar-75-96cm-auto-close-for-hundar-husdjur\/#breadcrumb","itemListElement":[{"@type":"ListItem","position":1,"name":"Home","item":"https:\/\/truusk.store\/sv\/"},{"@type":"ListItem","position":2,"name":"Shop","item":"https:\/\/truusk.store\/shop\/"},{"@type":"ListItem","position":3,"name":"TRUUSK D\u00f6rrskyddsgaller &#8211; Justerbar 75-96cm &#8211; Auto-Close &#8211; F\u00f6r Hundar &amp; Husdjur"}]},{"@type":"WebSite","@id":"https:\/\/truusk.store\/sv\/#website","url":"https:\/\/truusk.store\/sv\/","name":"TRUUSK - Hem, Tr\u00e4dg\u00e5rd & Fritid","description":"","publisher":{"@id":"https:\/\/truusk.store\/sv\/#organization"},"potentialAction":[{"@type":"SearchAction","target":{"@type":"EntryPoint","urlTemplate":"https:\/\/truusk.store\/sv\/?s={search_term_string}"},"query-input":{"@type":"PropertyValueSpecification","valueRequired":true,"valueName":"search_term_string"}}],"inLanguage":"sv-SE"},{"@type":"Organization","@id":"https:\/\/truusk.store\/sv\/#organization","name":"TRUUSK - Hem, Tr\u00e4dg\u00e5rd & Fritid","url":"https:\/\/truusk.store\/sv\/","logo":{"@type":"ImageObject","inLanguage":"sv-SE","@id":"https:\/\/truusk.store\/sv\/#\/schema\/logo\/image\/","url":"https:\/\/i0.wp.com\/truusk.store\/wp-content\/uploads\/2026\/03\/cropped-TRUUSK.png?fit=2032%2C917&ssl=1","contentUrl":"https:\/\/i0.wp.com\/truusk.store\/wp-content\/uploads\/2026\/03\/cropped-TRUUSK.png?fit=2032%2C917&ssl=1","width":2032,"height":917,"caption":"TRUUSK - Hem, Tr\u00e4dg\u00e5rd & Fritid"},"image":{"@id":"https:\/\/truusk.store\/sv\/#\/schema\/logo\/image\/"}}]}},"jetpack_sharing_enabled":true,"_links":{"self":[{"href":"https:\/\/truusk.store\/sv\/wp-json\/wp\/v2\/product\/58562","targetHints":{"allow":["GET"]}}],"collection":[{"href":"https:\/\/truusk.store\/sv\/wp-json\/wp\/v2\/product"}],"about":[{"href":"https:\/\/truusk.store\/sv\/wp-json\/wp\/v2\/types\/product"}],"wp:featuredmedia":[{"embeddable":true,"href":"https:\/\/truusk.store\/sv\/wp-json\/wp\/v2\/media\/58553"}],"wp:attachment":[{"href":"https:\/\/truusk.store\/sv\/wp-json\/wp\/v2\/media?parent=58562"}],"wp:term":[{"taxonomy":"product_brand","embeddable":true,"href":"https:\/\/truusk.store\/sv\/wp-json\/wp\/v2\/product_brand?post=58562"},{"taxonomy":"product_cat","embeddable":true,"href":"https:\/\/truusk.store\/sv\/wp-json\/wp\/v2\/product_cat?post=58562"},{"taxonomy":"product_tag","embeddable":true,"href":"https:\/\/truusk.store\/sv\/wp-json\/wp\/v2\/product_tag?post=58562"}],"curies":[{"name":"wp","href":"https:\/\/api.w.org\/{rel}","templated":true}]}}