{"id":58572,"date":"2025-06-04T23:37:27","date_gmt":"2025-06-04T22:37:27","guid":{"rendered":"https:\/\/truusk.store\/product\/fotpall-sittplats-rektangular-ottoman-pall-i-linne-med-en-kapacitet-upp-till-150-kg-for-vardagsrum-hall-gra\/"},"modified":"2026-03-12T09:02:28","modified_gmt":"2026-03-12T08:02:28","slug":"truusk-rektangular-ottoman-pall-i-linne-fotpall-sittplats-kapacitet-upp-till-150-kg-gra-for-vardagsrum-hall","status":"publish","type":"product","link":"https:\/\/truusk.store\/sv\/produkt\/truusk-rektangular-ottoman-pall-i-linne-fotpall-sittplats-kapacitet-upp-till-150-kg-gra-for-vardagsrum-hall\/","title":{"rendered":"TRUUSK Rektangul\u00e4r Ottoman Pall i Linne &#8211; Fotpall Sittplats &#8211; Kapacitet Upp Till 150 Kg &#8211; Gr\u00e5 &#8211; F\u00f6r Vardagsrum Hall"},"content":{"rendered":"<p>Den h\u00e4r eleganta och chic fotpallen med linne-liknande tygpolstring kompletterar alla rum. Den utm\u00e4rker sig med ett attraktivt yttre och stabila ben som kan b\u00e4ra upp till 110 kg. Tack vare dess tr\u00e4ram \u00e4r den vadderade pallen utm\u00e4rkt f\u00f6r att sitta eller f\u00f6r att h\u00f6ja f\u00f6tterna. Den kan anv\u00e4ndas som bordyta, extra sittplats eller helt enkelt f\u00f6r att koppla av f\u00f6tterna, vilket g\u00f6r den till ett v\u00e4rdefullt tillskott till ditt hem.<\/p>\n<p>Beskrivning:<\/p>\n<ul>\n<li> Multifunktionell. Kan anv\u00e4ndas som sittplats, fotpall eller soffbord<\/li>\n<li> T\u00e4ckt med vackert linne-liknande tyg och med en stilfull rektangul\u00e4r design<\/li>\n<li> Idealisk f\u00f6r vardagsrum, sovrum eller entr\u00e9omr\u00e5det<\/li>\n<li> Den vadderade toppen med 24D skum ger extra sittplats<\/li>\n<li> L\u00e4tt och enkel att flytta<\/li>\n<li> Enkel montering kr\u00e4vs<\/li>\n<\/ul>\n<p> Tekniska specifikationer:<\/p>\n<ul>\n<li> F\u00e4rg: Gr\u00e5<\/li>\n<li> Material: Linneimitation (100% polyester), skum, plast, tr\u00e4<\/li>\n<li> Totala dimensioner: 40L x 30B x 24H cm<\/li>\n<li> Fotens h\u00f6jd: 9 cm<\/li>\n<li> B\u00e4rkapacitet: 110 kg<\/li>\n<\/ul>\n<p>Leveransinneh\u00e5ll:<\/p>\n<ul>\n<li> 1 x fotpall<\/li>\n<li> 1 x bruksanvisning<\/li>\n<\/ul>\n","protected":false},"excerpt":{"rendered":"<p>Den h\u00e4r eleganta och chic fotpallen med linne-liknande tygpolstring kompletterar alla rum. Den utm\u00e4rker sig med ett attraktivt yttre och&#8230;<\/p>\n","protected":false},"featured_media":58563,"template":"","meta":[],"product_brand":[],"product_cat":[871,949,910],"product_tag":[],"class_list":{"0":"post-58572","1":"product","2":"type-product","3":"status-publish","4":"has-post-thumbnail","6":"product_cat-hus-hem","7":"product_cat-pallar-fotstod","8":"product_cat-vardagsrum","10":"first","11":"instock","12":"sale","13":"taxable","14":"shipping-taxable","15":"purchasable","16":"product-type-simple"},"yoast_head":"<!-- This site is optimized with the Yoast SEO plugin v25.4 - https:\/\/yoast.com\/wordpress\/plugins\/seo\/ -->\n<title>TRUUSK Rektangul\u00e4r Ottoman Pall i Linne - Fotpall Sittplats - Kapacitet Upp Till 150 Kg - Gr\u00e5 - F\u00f6r Vardagsrum Hall - TRUUSK - Hem, Tr\u00e4dg\u00e5rd &amp; Fritid<\/title>\n<meta name=\"robots\" content=\"index, follow, max-snippet:-1, max-image-preview:large, max-video-preview:-1\" \/>\n<link rel=\"canonical\" href=\"https:\/\/truusk.store\/sv\/produkt\/truusk-rektangular-ottoman-pall-i-linne-fotpall-sittplats-kapacitet-upp-till-150-kg-gra-for-vardagsrum-hall\/\" \/>\n<meta property=\"og:locale\" content=\"sv_SE\" \/>\n<meta property=\"og:type\" content=\"article\" \/>\n<meta property=\"og:title\" content=\"TRUUSK Rektangul\u00e4r Ottoman Pall i Linne - Fotpall Sittplats - Kapacitet Upp Till 150 Kg - Gr\u00e5 - F\u00f6r Vardagsrum Hall - TRUUSK - Hem, Tr\u00e4dg\u00e5rd &amp; Fritid\" \/>\n<meta property=\"og:description\" content=\"Den h\u00e4r eleganta och chic fotpallen med linne-liknande tygpolstring kompletterar alla rum. Den utm\u00e4rker sig med ett attraktivt yttre och...\" \/>\n<meta property=\"og:url\" content=\"https:\/\/truusk.store\/sv\/produkt\/truusk-rektangular-ottoman-pall-i-linne-fotpall-sittplats-kapacitet-upp-till-150-kg-gra-for-vardagsrum-hall\/\" \/>\n<meta property=\"og:site_name\" content=\"TRUUSK - Hem, Tr\u00e4dg\u00e5rd &amp; Fritid\" \/>\n<meta property=\"article:modified_time\" content=\"2026-03-12T08:02:28+00:00\" \/>\n<meta property=\"og:image\" content=\"https:\/\/i0.wp.com\/truusk.se\/wp-content\/uploads\/2025\/06\/fotpall-sittplats-rektangular-ottoman-pall-i-linne-med-en-kapacitet-upp-till-150-kg-for-vardagsrum-hall-gra-1.webp?fit=2000%2C2000&ssl=1\" \/>\n\t<meta property=\"og:image:width\" content=\"2000\" \/>\n\t<meta property=\"og:image:height\" content=\"2000\" \/>\n\t<meta property=\"og:image:type\" content=\"image\/webp\" \/>\n<meta name=\"twitter:card\" content=\"summary_large_image\" \/>\n<meta name=\"twitter:label1\" content=\"Ber\u00e4knad l\u00e4stid\" \/>\n\t<meta name=\"twitter:data1\" content=\"1 minut\" \/>\n<!-- \/ Yoast SEO plugin. -->","yoast_head_json":{"title":"TRUUSK Rektangul\u00e4r Ottoman Pall i Linne - Fotpall Sittplats - Kapacitet Upp Till 150 Kg - Gr\u00e5 - F\u00f6r Vardagsrum Hall - TRUUSK - Hem, Tr\u00e4dg\u00e5rd &amp; Fritid","robots":{"index":"index","follow":"follow","max-snippet":"max-snippet:-1","max-image-preview":"max-image-preview:large","max-video-preview":"max-video-preview:-1"},"canonical":"https:\/\/truusk.store\/sv\/produkt\/truusk-rektangular-ottoman-pall-i-linne-fotpall-sittplats-kapacitet-upp-till-150-kg-gra-for-vardagsrum-hall\/","og_locale":"sv_SE","og_type":"article","og_title":"TRUUSK Rektangul\u00e4r Ottoman Pall i Linne - Fotpall Sittplats - Kapacitet Upp Till 150 Kg - Gr\u00e5 - F\u00f6r Vardagsrum Hall - TRUUSK - Hem, Tr\u00e4dg\u00e5rd &amp; Fritid","og_description":"Den h\u00e4r eleganta och chic fotpallen med linne-liknande tygpolstring kompletterar alla rum. Den utm\u00e4rker sig med ett attraktivt yttre och...","og_url":"https:\/\/truusk.store\/sv\/produkt\/truusk-rektangular-ottoman-pall-i-linne-fotpall-sittplats-kapacitet-upp-till-150-kg-gra-for-vardagsrum-hall\/","og_site_name":"TRUUSK - Hem, Tr\u00e4dg\u00e5rd &amp; Fritid","article_modified_time":"2026-03-12T08:02:28+00:00","og_image":[{"width":2000,"height":2000,"url":"https:\/\/i0.wp.com\/truusk.se\/wp-content\/uploads\/2025\/06\/fotpall-sittplats-rektangular-ottoman-pall-i-linne-med-en-kapacitet-upp-till-150-kg-for-vardagsrum-hall-gra-1.webp?fit=2000%2C2000&ssl=1","type":"image\/webp"}],"twitter_card":"summary_large_image","twitter_misc":{"Ber\u00e4knad l\u00e4stid":"1 minut"},"schema":{"@context":"https:\/\/schema.org","@graph":[{"@type":"WebPage","@id":"https:\/\/truusk.store\/sv\/produkt\/truusk-rektangular-ottoman-pall-i-linne-fotpall-sittplats-kapacitet-upp-till-150-kg-gra-for-vardagsrum-hall\/","url":"https:\/\/truusk.store\/sv\/produkt\/truusk-rektangular-ottoman-pall-i-linne-fotpall-sittplats-kapacitet-upp-till-150-kg-gra-for-vardagsrum-hall\/","name":"TRUUSK Rektangul\u00e4r Ottoman Pall i Linne - Fotpall Sittplats - Kapacitet Upp Till 150 Kg - Gr\u00e5 - F\u00f6r Vardagsrum Hall - TRUUSK - Hem, Tr\u00e4dg\u00e5rd &amp; Fritid","isPartOf":{"@id":"https:\/\/truusk.store\/sv\/#website"},"primaryImageOfPage":{"@id":"https:\/\/truusk.store\/sv\/produkt\/truusk-rektangular-ottoman-pall-i-linne-fotpall-sittplats-kapacitet-upp-till-150-kg-gra-for-vardagsrum-hall\/#primaryimage"},"image":{"@id":"https:\/\/truusk.store\/sv\/produkt\/truusk-rektangular-ottoman-pall-i-linne-fotpall-sittplats-kapacitet-upp-till-150-kg-gra-for-vardagsrum-hall\/#primaryimage"},"thumbnailUrl":"https:\/\/i0.wp.com\/truusk.store\/wp-content\/uploads\/2025\/06\/fotpall-sittplats-rektangular-ottoman-pall-i-linne-med-en-kapacitet-upp-till-150-kg-for-vardagsrum-hall-gra-1.webp?fit=2000%2C2000&ssl=1","datePublished":"2025-06-04T22:37:27+00:00","dateModified":"2026-03-12T08:02:28+00:00","breadcrumb":{"@id":"https:\/\/truusk.store\/sv\/produkt\/truusk-rektangular-ottoman-pall-i-linne-fotpall-sittplats-kapacitet-upp-till-150-kg-gra-for-vardagsrum-hall\/#breadcrumb"},"inLanguage":"sv-SE","potentialAction":[{"@type":"ReadAction","target":["https:\/\/truusk.store\/sv\/produkt\/truusk-rektangular-ottoman-pall-i-linne-fotpall-sittplats-kapacitet-upp-till-150-kg-gra-for-vardagsrum-hall\/"]}]},{"@type":"ImageObject","inLanguage":"sv-SE","@id":"https:\/\/truusk.store\/sv\/produkt\/truusk-rektangular-ottoman-pall-i-linne-fotpall-sittplats-kapacitet-upp-till-150-kg-gra-for-vardagsrum-hall\/#primaryimage","url":"https:\/\/i0.wp.com\/truusk.store\/wp-content\/uploads\/2025\/06\/fotpall-sittplats-rektangular-ottoman-pall-i-linne-med-en-kapacitet-upp-till-150-kg-for-vardagsrum-hall-gra-1.webp?fit=2000%2C2000&ssl=1","contentUrl":"https:\/\/i0.wp.com\/truusk.store\/wp-content\/uploads\/2025\/06\/fotpall-sittplats-rektangular-ottoman-pall-i-linne-med-en-kapacitet-upp-till-150-kg-for-vardagsrum-hall-gra-1.webp?fit=2000%2C2000&ssl=1","width":2000,"height":2000},{"@type":"BreadcrumbList","@id":"https:\/\/truusk.store\/sv\/produkt\/truusk-rektangular-ottoman-pall-i-linne-fotpall-sittplats-kapacitet-upp-till-150-kg-gra-for-vardagsrum-hall\/#breadcrumb","itemListElement":[{"@type":"ListItem","position":1,"name":"Home","item":"https:\/\/truusk.store\/sv\/"},{"@type":"ListItem","position":2,"name":"Shop","item":"https:\/\/truusk.store\/shop\/"},{"@type":"ListItem","position":3,"name":"TRUUSK Rektangul\u00e4r Ottoman Pall i Linne &#8211; Fotpall Sittplats &#8211; Kapacitet Upp Till 150 Kg &#8211; Gr\u00e5 &#8211; F\u00f6r Vardagsrum Hall"}]},{"@type":"WebSite","@id":"https:\/\/truusk.store\/sv\/#website","url":"https:\/\/truusk.store\/sv\/","name":"TRUUSK - Hem, Tr\u00e4dg\u00e5rd & Fritid","description":"","publisher":{"@id":"https:\/\/truusk.store\/sv\/#organization"},"potentialAction":[{"@type":"SearchAction","target":{"@type":"EntryPoint","urlTemplate":"https:\/\/truusk.store\/sv\/?s={search_term_string}"},"query-input":{"@type":"PropertyValueSpecification","valueRequired":true,"valueName":"search_term_string"}}],"inLanguage":"sv-SE"},{"@type":"Organization","@id":"https:\/\/truusk.store\/sv\/#organization","name":"TRUUSK - Hem, Tr\u00e4dg\u00e5rd & Fritid","url":"https:\/\/truusk.store\/sv\/","logo":{"@type":"ImageObject","inLanguage":"sv-SE","@id":"https:\/\/truusk.store\/sv\/#\/schema\/logo\/image\/","url":"https:\/\/i0.wp.com\/truusk.store\/wp-content\/uploads\/2026\/03\/cropped-TRUUSK.png?fit=2032%2C917&ssl=1","contentUrl":"https:\/\/i0.wp.com\/truusk.store\/wp-content\/uploads\/2026\/03\/cropped-TRUUSK.png?fit=2032%2C917&ssl=1","width":2032,"height":917,"caption":"TRUUSK - Hem, Tr\u00e4dg\u00e5rd & Fritid"},"image":{"@id":"https:\/\/truusk.store\/sv\/#\/schema\/logo\/image\/"}}]}},"jetpack_sharing_enabled":true,"_links":{"self":[{"href":"https:\/\/truusk.store\/sv\/wp-json\/wp\/v2\/product\/58572","targetHints":{"allow":["GET"]}}],"collection":[{"href":"https:\/\/truusk.store\/sv\/wp-json\/wp\/v2\/product"}],"about":[{"href":"https:\/\/truusk.store\/sv\/wp-json\/wp\/v2\/types\/product"}],"wp:featuredmedia":[{"embeddable":true,"href":"https:\/\/truusk.store\/sv\/wp-json\/wp\/v2\/media\/58563"}],"wp:attachment":[{"href":"https:\/\/truusk.store\/sv\/wp-json\/wp\/v2\/media?parent=58572"}],"wp:term":[{"taxonomy":"product_brand","embeddable":true,"href":"https:\/\/truusk.store\/sv\/wp-json\/wp\/v2\/product_brand?post=58572"},{"taxonomy":"product_cat","embeddable":true,"href":"https:\/\/truusk.store\/sv\/wp-json\/wp\/v2\/product_cat?post=58572"},{"taxonomy":"product_tag","embeddable":true,"href":"https:\/\/truusk.store\/sv\/wp-json\/wp\/v2\/product_tag?post=58572"}],"curies":[{"name":"wp","href":"https:\/\/api.w.org\/{rel}","templated":true}]}}