{"id":58642,"date":"2025-06-04T23:44:36","date_gmt":"2025-06-04T22:44:36","guid":{"rendered":"https:\/\/truusk.store\/product\/kontorsstol-med-massagefunktion-hojdjusterbar-skrivbordsstol-ergonomisk-datorstol-i-morkgra-for-komfort-pa-kontoret\/"},"modified":"2026-03-12T09:31:30","modified_gmt":"2026-03-12T08:31:30","slug":"truusk-massagekontorsstol-justerbar-hojd-ergonomisk-design-morkgra-for-bekvamlighet-pa-kontoret","status":"publish","type":"product","link":"https:\/\/truusk.store\/sv\/produkt\/truusk-massagekontorsstol-justerbar-hojd-ergonomisk-design-morkgra-for-bekvamlighet-pa-kontoret\/","title":{"rendered":"TRUUSK Massagekontorsstol &#8211; Justerbar h\u00f6jd &#8211; Ergonomisk design &#8211; M\u00f6rkgr\u00e5 &#8211; F\u00f6r bekv\u00e4mlighet p\u00e5 kontoret"},"content":{"rendered":"<p>Slappna av och \u00f6ka din produktivitet med denna TRUUSK kontorsstol! Denna ergonomiska datorstol har sex vibrationsmassagepunkter med fem olika massageprogram f\u00f6r att slappna av din kropp. Den inbyggda v\u00e4rmefunktionen ger extra avkoppling. Med en lutningsvinkel p\u00e5 155\u00b0 och en utdragbar fotst\u00f6d kan du lyfta upp dina f\u00f6tter, medan den mjukt b\u00f6jda ryggst\u00f6det och den gener\u00f6st vadderade s\u00e4tet skonsamt avlastar din rygg.<\/p>\n<p>Beskrivning:<\/p>\n<ul>\n<li> Sex vibrationsmassagepunkter med fem l\u00e4gen och l\u00e4ndv\u00e4rmare f\u00f6r att slappna av kroppen<\/li>\n<li> Ta en paus och str\u00e4ck ut dig med en lutningsvinkel p\u00e5 155\u00b0 och fotst\u00f6d f\u00f6r att avlasta din rygg<\/li>\n<li> H\u00f6g ryggst\u00f6d och dubbelvadderat s\u00e4te ger extra st\u00f6d<\/li>\n<li> Justerbar sitth\u00f6jd p\u00e5 skrivbordsstolen f\u00f6r din komfort<\/li>\n<li> Kontrollera massagefunktionen med en kabel fj\u00e4rrkontroll som du kan f\u00f6rvara i ryggfickan<\/li>\n<li> Mikrofiber\u00f6verdraget p\u00e5 kontorsstolen \u00e4r andningsbart, bekv\u00e4mt, l\u00e4ttsk\u00f6tt, h\u00e5llbart och slitstarkt<\/li>\n<li> Sv\u00e4ngbara hjul och sits p\u00e5 PC-stolen garanterar h\u00f6gsta r\u00f6relsefrihet<\/li>\n<li> Montering kr\u00e4vs<\/li>\n<\/ul>\n<p> Tekniska data:<\/p>\n<ul>\n<li> F\u00e4rg: Gr\u00e5<\/li>\n<li> Material: Mikrofiber (100% polyester), skum, MDF, st\u00e5l<\/li>\n<li> Totala dimensioner: 66B x 74T x 114-121,5H cm<\/li>\n<li> Liggyta: 65B x 120T x 93H cm<\/li>\n<li> Sitsyta: 54B x 46T cm<\/li>\n<li> Sitth\u00f6jd: 56-64 cm<\/li>\n<li> H\u00f6jd p\u00e5 armst\u00f6det fr\u00e5n s\u00e4tet: 17 cm<\/li>\n<li> Ryggst\u00f6d: 53B x 64H cm<\/li>\n<li> Tjocklek p\u00e5 ryggst\u00f6det: 17 cm<\/li>\n<li> Kabell\u00e4ngd: 0,9 m<\/li>\n<li> B\u00e4rkapacitet: 120 kg<\/li>\n<li> Ing\u00e5ng: 100-240V, 50\/60Hz<\/li>\n<li> Utg\u00e5ng: 12V\/1A, 12W<\/li>\n<\/ul>\n<p> Leveransinneh\u00e5ll:<\/p>\n<ul>\n<li> 1 x Massagekontorsstol<\/li>\n<li> 1 x Handbok<\/li>\n<\/ul>\n","protected":false},"excerpt":{"rendered":"<p>Slappna av och \u00f6ka din produktivitet med denna TRUUSK kontorsstol! Denna ergonomiska datorstol har sex vibrationsmassagepunkter med fem olika massageprogram&#8230;<\/p>\n","protected":false},"featured_media":58633,"template":"","meta":[],"product_brand":[],"product_cat":[872,871,516],"product_tag":[],"class_list":{"0":"post-58642","1":"product","2":"type-product","3":"status-publish","4":"has-post-thumbnail","6":"product_cat-hemmakontor-arbetsplats","7":"product_cat-hus-hem","8":"product_cat-kontorsstolar","10":"first","11":"instock","12":"sale","13":"taxable","14":"shipping-taxable","15":"purchasable","16":"product-type-simple"},"yoast_head":"<!-- This site is optimized with the Yoast SEO plugin v25.4 - https:\/\/yoast.com\/wordpress\/plugins\/seo\/ -->\n<title>TRUUSK Massagekontorsstol - Justerbar h\u00f6jd - Ergonomisk design - M\u00f6rkgr\u00e5 - F\u00f6r bekv\u00e4mlighet p\u00e5 kontoret - TRUUSK - Hem, Tr\u00e4dg\u00e5rd &amp; Fritid<\/title>\n<meta name=\"robots\" content=\"index, follow, max-snippet:-1, max-image-preview:large, max-video-preview:-1\" \/>\n<link rel=\"canonical\" href=\"https:\/\/truusk.store\/sv\/produkt\/truusk-massagekontorsstol-justerbar-hojd-ergonomisk-design-morkgra-for-bekvamlighet-pa-kontoret\/\" \/>\n<meta property=\"og:locale\" content=\"sv_SE\" \/>\n<meta property=\"og:type\" content=\"article\" \/>\n<meta property=\"og:title\" content=\"TRUUSK Massagekontorsstol - Justerbar h\u00f6jd - Ergonomisk design - M\u00f6rkgr\u00e5 - F\u00f6r bekv\u00e4mlighet p\u00e5 kontoret - TRUUSK - Hem, Tr\u00e4dg\u00e5rd &amp; Fritid\" \/>\n<meta property=\"og:description\" content=\"Slappna av och \u00f6ka din produktivitet med denna TRUUSK kontorsstol! Denna ergonomiska datorstol har sex vibrationsmassagepunkter med fem olika massageprogram...\" \/>\n<meta property=\"og:url\" content=\"https:\/\/truusk.store\/sv\/produkt\/truusk-massagekontorsstol-justerbar-hojd-ergonomisk-design-morkgra-for-bekvamlighet-pa-kontoret\/\" \/>\n<meta property=\"og:site_name\" content=\"TRUUSK - Hem, Tr\u00e4dg\u00e5rd &amp; Fritid\" \/>\n<meta property=\"article:modified_time\" content=\"2026-03-12T08:31:30+00:00\" \/>\n<meta property=\"og:image\" content=\"https:\/\/i0.wp.com\/truusk.se\/wp-content\/uploads\/2025\/06\/kontorsstol-med-massagefunktion-hojdjusterbar-skrivbordsstol-ergonomisk-datorstol-i-morkgra-for-komfort-pa-kontoret-1.webp?fit=2000%2C2000&ssl=1\" \/>\n\t<meta property=\"og:image:width\" content=\"2000\" \/>\n\t<meta property=\"og:image:height\" content=\"2000\" \/>\n\t<meta property=\"og:image:type\" content=\"image\/webp\" \/>\n<meta name=\"twitter:card\" content=\"summary_large_image\" \/>\n<meta name=\"twitter:label1\" content=\"Ber\u00e4knad l\u00e4stid\" \/>\n\t<meta name=\"twitter:data1\" content=\"1 minut\" \/>\n<!-- \/ Yoast SEO plugin. -->","yoast_head_json":{"title":"TRUUSK Massagekontorsstol - Justerbar h\u00f6jd - Ergonomisk design - M\u00f6rkgr\u00e5 - F\u00f6r bekv\u00e4mlighet p\u00e5 kontoret - TRUUSK - Hem, Tr\u00e4dg\u00e5rd &amp; Fritid","robots":{"index":"index","follow":"follow","max-snippet":"max-snippet:-1","max-image-preview":"max-image-preview:large","max-video-preview":"max-video-preview:-1"},"canonical":"https:\/\/truusk.store\/sv\/produkt\/truusk-massagekontorsstol-justerbar-hojd-ergonomisk-design-morkgra-for-bekvamlighet-pa-kontoret\/","og_locale":"sv_SE","og_type":"article","og_title":"TRUUSK Massagekontorsstol - Justerbar h\u00f6jd - Ergonomisk design - M\u00f6rkgr\u00e5 - F\u00f6r bekv\u00e4mlighet p\u00e5 kontoret - TRUUSK - Hem, Tr\u00e4dg\u00e5rd &amp; Fritid","og_description":"Slappna av och \u00f6ka din produktivitet med denna TRUUSK kontorsstol! Denna ergonomiska datorstol har sex vibrationsmassagepunkter med fem olika massageprogram...","og_url":"https:\/\/truusk.store\/sv\/produkt\/truusk-massagekontorsstol-justerbar-hojd-ergonomisk-design-morkgra-for-bekvamlighet-pa-kontoret\/","og_site_name":"TRUUSK - Hem, Tr\u00e4dg\u00e5rd &amp; Fritid","article_modified_time":"2026-03-12T08:31:30+00:00","og_image":[{"width":2000,"height":2000,"url":"https:\/\/i0.wp.com\/truusk.se\/wp-content\/uploads\/2025\/06\/kontorsstol-med-massagefunktion-hojdjusterbar-skrivbordsstol-ergonomisk-datorstol-i-morkgra-for-komfort-pa-kontoret-1.webp?fit=2000%2C2000&ssl=1","type":"image\/webp"}],"twitter_card":"summary_large_image","twitter_misc":{"Ber\u00e4knad l\u00e4stid":"1 minut"},"schema":{"@context":"https:\/\/schema.org","@graph":[{"@type":"WebPage","@id":"https:\/\/truusk.store\/sv\/produkt\/truusk-massagekontorsstol-justerbar-hojd-ergonomisk-design-morkgra-for-bekvamlighet-pa-kontoret\/","url":"https:\/\/truusk.store\/sv\/produkt\/truusk-massagekontorsstol-justerbar-hojd-ergonomisk-design-morkgra-for-bekvamlighet-pa-kontoret\/","name":"TRUUSK Massagekontorsstol - Justerbar h\u00f6jd - Ergonomisk design - M\u00f6rkgr\u00e5 - F\u00f6r bekv\u00e4mlighet p\u00e5 kontoret - TRUUSK - Hem, Tr\u00e4dg\u00e5rd &amp; Fritid","isPartOf":{"@id":"https:\/\/truusk.store\/sv\/#website"},"primaryImageOfPage":{"@id":"https:\/\/truusk.store\/sv\/produkt\/truusk-massagekontorsstol-justerbar-hojd-ergonomisk-design-morkgra-for-bekvamlighet-pa-kontoret\/#primaryimage"},"image":{"@id":"https:\/\/truusk.store\/sv\/produkt\/truusk-massagekontorsstol-justerbar-hojd-ergonomisk-design-morkgra-for-bekvamlighet-pa-kontoret\/#primaryimage"},"thumbnailUrl":"https:\/\/i0.wp.com\/truusk.store\/wp-content\/uploads\/2025\/06\/kontorsstol-med-massagefunktion-hojdjusterbar-skrivbordsstol-ergonomisk-datorstol-i-morkgra-for-komfort-pa-kontoret-1.webp?fit=2000%2C2000&ssl=1","datePublished":"2025-06-04T22:44:36+00:00","dateModified":"2026-03-12T08:31:30+00:00","breadcrumb":{"@id":"https:\/\/truusk.store\/sv\/produkt\/truusk-massagekontorsstol-justerbar-hojd-ergonomisk-design-morkgra-for-bekvamlighet-pa-kontoret\/#breadcrumb"},"inLanguage":"sv-SE","potentialAction":[{"@type":"ReadAction","target":["https:\/\/truusk.store\/sv\/produkt\/truusk-massagekontorsstol-justerbar-hojd-ergonomisk-design-morkgra-for-bekvamlighet-pa-kontoret\/"]}]},{"@type":"ImageObject","inLanguage":"sv-SE","@id":"https:\/\/truusk.store\/sv\/produkt\/truusk-massagekontorsstol-justerbar-hojd-ergonomisk-design-morkgra-for-bekvamlighet-pa-kontoret\/#primaryimage","url":"https:\/\/i0.wp.com\/truusk.store\/wp-content\/uploads\/2025\/06\/kontorsstol-med-massagefunktion-hojdjusterbar-skrivbordsstol-ergonomisk-datorstol-i-morkgra-for-komfort-pa-kontoret-1.webp?fit=2000%2C2000&ssl=1","contentUrl":"https:\/\/i0.wp.com\/truusk.store\/wp-content\/uploads\/2025\/06\/kontorsstol-med-massagefunktion-hojdjusterbar-skrivbordsstol-ergonomisk-datorstol-i-morkgra-for-komfort-pa-kontoret-1.webp?fit=2000%2C2000&ssl=1","width":2000,"height":2000},{"@type":"BreadcrumbList","@id":"https:\/\/truusk.store\/sv\/produkt\/truusk-massagekontorsstol-justerbar-hojd-ergonomisk-design-morkgra-for-bekvamlighet-pa-kontoret\/#breadcrumb","itemListElement":[{"@type":"ListItem","position":1,"name":"Home","item":"https:\/\/truusk.store\/sv\/"},{"@type":"ListItem","position":2,"name":"Shop","item":"https:\/\/truusk.store\/shop\/"},{"@type":"ListItem","position":3,"name":"TRUUSK Massagekontorsstol &#8211; Justerbar h\u00f6jd &#8211; Ergonomisk design &#8211; M\u00f6rkgr\u00e5 &#8211; F\u00f6r bekv\u00e4mlighet p\u00e5 kontoret"}]},{"@type":"WebSite","@id":"https:\/\/truusk.store\/sv\/#website","url":"https:\/\/truusk.store\/sv\/","name":"TRUUSK - Hem, Tr\u00e4dg\u00e5rd & Fritid","description":"","publisher":{"@id":"https:\/\/truusk.store\/sv\/#organization"},"potentialAction":[{"@type":"SearchAction","target":{"@type":"EntryPoint","urlTemplate":"https:\/\/truusk.store\/sv\/?s={search_term_string}"},"query-input":{"@type":"PropertyValueSpecification","valueRequired":true,"valueName":"search_term_string"}}],"inLanguage":"sv-SE"},{"@type":"Organization","@id":"https:\/\/truusk.store\/sv\/#organization","name":"TRUUSK - Hem, Tr\u00e4dg\u00e5rd & Fritid","url":"https:\/\/truusk.store\/sv\/","logo":{"@type":"ImageObject","inLanguage":"sv-SE","@id":"https:\/\/truusk.store\/sv\/#\/schema\/logo\/image\/","url":"https:\/\/i0.wp.com\/truusk.store\/wp-content\/uploads\/2026\/03\/cropped-TRUUSK.png?fit=2032%2C917&ssl=1","contentUrl":"https:\/\/i0.wp.com\/truusk.store\/wp-content\/uploads\/2026\/03\/cropped-TRUUSK.png?fit=2032%2C917&ssl=1","width":2032,"height":917,"caption":"TRUUSK - Hem, Tr\u00e4dg\u00e5rd & Fritid"},"image":{"@id":"https:\/\/truusk.store\/sv\/#\/schema\/logo\/image\/"}}]}},"jetpack_sharing_enabled":true,"_links":{"self":[{"href":"https:\/\/truusk.store\/sv\/wp-json\/wp\/v2\/product\/58642","targetHints":{"allow":["GET"]}}],"collection":[{"href":"https:\/\/truusk.store\/sv\/wp-json\/wp\/v2\/product"}],"about":[{"href":"https:\/\/truusk.store\/sv\/wp-json\/wp\/v2\/types\/product"}],"wp:featuredmedia":[{"embeddable":true,"href":"https:\/\/truusk.store\/sv\/wp-json\/wp\/v2\/media\/58633"}],"wp:attachment":[{"href":"https:\/\/truusk.store\/sv\/wp-json\/wp\/v2\/media?parent=58642"}],"wp:term":[{"taxonomy":"product_brand","embeddable":true,"href":"https:\/\/truusk.store\/sv\/wp-json\/wp\/v2\/product_brand?post=58642"},{"taxonomy":"product_cat","embeddable":true,"href":"https:\/\/truusk.store\/sv\/wp-json\/wp\/v2\/product_cat?post=58642"},{"taxonomy":"product_tag","embeddable":true,"href":"https:\/\/truusk.store\/sv\/wp-json\/wp\/v2\/product_tag?post=58642"}],"curies":[{"name":"wp","href":"https:\/\/api.w.org\/{rel}","templated":true}]}}