{"id":58662,"date":"2025-06-04T23:46:37","date_gmt":"2025-06-04T22:46:37","guid":{"rendered":"https:\/\/truusk.store\/product\/tvattstallning-torn-tvattstallning-med-hjul-4-nivaer-utdragbar-staende-torktumlare-svart-73-x-455-x-177cm-for-platsbesparande-torkning\/"},"modified":"2026-03-12T09:14:27","modified_gmt":"2026-03-12T08:14:27","slug":"truusk-tvattstallning-med-hjul-4-nivaer-utdragbar-staende-torktumlare-svart-73-x-455-x-177cm-for-platsbesparande","status":"publish","type":"product","link":"https:\/\/truusk.store\/sv\/produkt\/truusk-tvattstallning-med-hjul-4-nivaer-utdragbar-staende-torktumlare-svart-73-x-455-x-177cm-for-platsbesparande\/","title":{"rendered":"TRUUSK Tv\u00e4ttst\u00e4llning Med Hjul &#8211; 4 Niv\u00e5er &#8211; Utdragbar &#8211; St\u00e5ende Torktumlare &#8211; Svart &#8211; 73 x 45,5 x 177cm &#8211; F\u00f6r Platsbesparande"},"content":{"rendered":"<p>Uppt\u00e4ck den ultimata partnern f\u00f6r din tv\u00e4tt &#8211; v\u00e5r m\u00e5ngsidiga tv\u00e4ttst\u00e4llning fr\u00e5n TRUUSK. Sluta med besv\u00e4rliga torkl\u00f6sningar &#8211; denna kompakta tv\u00e4ttst\u00e4llning erbjuder inte bara en enkel, utan ocks\u00e5 extremt effektiv lufttorkning. Med 4 niv\u00e5er och totalt 14 krokar kan denna tv\u00e4ttst\u00e4llning ta emot mycket tv\u00e4tt. Och n\u00e4r du inte beh\u00f6ver den kan du enkelt f\u00e4lla ihop den och f\u00f6rvara den utrymmeseffektivt i ett h\u00f6rn.<\/p>\n<p>Beskrivning:<\/p>\n<ul>\n<li> 4 niv\u00e5er med 2 f\u00e4llbara sidoflikar vardera, samt 14 krokh\u00e5l f\u00f6r galgar och en nedre hylla f\u00f6r skor<\/li>\n<li> 4 fritt roterande hjul, 2 av dem med bromsar f\u00f6r s\u00e4ker fixering<\/li>\n<li> Robust, rostfri st\u00e5lkonstruktion med h\u00f6gkvalitativa plastdelar<\/li>\n<li> Kan anv\u00e4ndas inomhus och utomhus<\/li>\n<li> Varje vingelement kan vid behov f\u00e4llas ut och vid icke-anv\u00e4ndning f\u00e4llas in<\/li>\n<li> Montering kr\u00e4vs<\/li>\n<\/ul>\n<p> Tekniska data:<\/p>\n<ul>\n<li> F\u00e4rg: Svart<\/li>\n<li> Material: St\u00e5l, plast<\/li>\n<li> M\u00e5tt utf\u00e4lld: 73L x 64B x 177H cm<\/li>\n<li> M\u00e5tt hopf\u00e4lld: 73L x 45,5B x 177H cm<\/li>\n<li> B\u00e4rkapacitet: 70 kg<\/li>\n<li> B\u00e4rkapacitet f\u00f6r varje tv\u00e4rst\u00e5ng: 15 kg<\/li>\n<li> B\u00e4rkapacitet per krok: 3 kg<\/li>\n<\/ul>\n<p> Leveransinneh\u00e5ll:<\/p>\n<ul>\n<li> 1 x Tv\u00e4ttst\u00e4llning<\/li>\n<li> 1 x Instruktioner<\/li>\n<\/ul>\n","protected":false},"excerpt":{"rendered":"<p>Uppt\u00e4ck den ultimata partnern f\u00f6r din tv\u00e4tt &#8211; v\u00e5r m\u00e5ngsidiga tv\u00e4ttst\u00e4llning fr\u00e5n TRUUSK. Sluta med besv\u00e4rliga torkl\u00f6sningar &#8211; denna kompakta&#8230;<\/p>\n","protected":false},"featured_media":58653,"template":"","meta":[],"product_brand":[],"product_cat":[915,871,916],"product_tag":[],"class_list":{"0":"post-58662","1":"product","2":"type-product","3":"status-publish","4":"has-post-thumbnail","6":"product_cat-badrum","7":"product_cat-hus-hem","8":"product_cat-tvattstallningar","10":"first","11":"instock","12":"sale","13":"taxable","14":"shipping-taxable","15":"purchasable","16":"product-type-simple"},"yoast_head":"<!-- This site is optimized with the Yoast SEO plugin v25.4 - https:\/\/yoast.com\/wordpress\/plugins\/seo\/ -->\n<title>TRUUSK Tv\u00e4ttst\u00e4llning Med Hjul - 4 Niv\u00e5er - Utdragbar - St\u00e5ende Torktumlare - Svart - 73 x 45,5 x 177cm - F\u00f6r Platsbesparande - TRUUSK - Hem, Tr\u00e4dg\u00e5rd &amp; Fritid<\/title>\n<meta name=\"robots\" content=\"index, follow, max-snippet:-1, max-image-preview:large, max-video-preview:-1\" \/>\n<link rel=\"canonical\" href=\"https:\/\/truusk.store\/sv\/produkt\/truusk-tvattstallning-med-hjul-4-nivaer-utdragbar-staende-torktumlare-svart-73-x-455-x-177cm-for-platsbesparande\/\" \/>\n<meta property=\"og:locale\" content=\"sv_SE\" \/>\n<meta property=\"og:type\" content=\"article\" \/>\n<meta property=\"og:title\" content=\"TRUUSK Tv\u00e4ttst\u00e4llning Med Hjul - 4 Niv\u00e5er - Utdragbar - St\u00e5ende Torktumlare - Svart - 73 x 45,5 x 177cm - F\u00f6r Platsbesparande - TRUUSK - Hem, Tr\u00e4dg\u00e5rd &amp; Fritid\" \/>\n<meta property=\"og:description\" content=\"Uppt\u00e4ck den ultimata partnern f\u00f6r din tv\u00e4tt &#8211; v\u00e5r m\u00e5ngsidiga tv\u00e4ttst\u00e4llning fr\u00e5n TRUUSK. Sluta med besv\u00e4rliga torkl\u00f6sningar &#8211; denna kompakta...\" \/>\n<meta property=\"og:url\" content=\"https:\/\/truusk.store\/sv\/produkt\/truusk-tvattstallning-med-hjul-4-nivaer-utdragbar-staende-torktumlare-svart-73-x-455-x-177cm-for-platsbesparande\/\" \/>\n<meta property=\"og:site_name\" content=\"TRUUSK - Hem, Tr\u00e4dg\u00e5rd &amp; Fritid\" \/>\n<meta property=\"article:modified_time\" content=\"2026-03-12T08:14:27+00:00\" \/>\n<meta property=\"og:image\" content=\"https:\/\/i0.wp.com\/truusk.se\/wp-content\/uploads\/2025\/06\/tvattstallning-torn-tvattstallning-med-hjul-4-nivaer-utdragbar-staende-torktumlare-svart-73-x-455-x-177cm-for-platsbesparande-torkning-1.webp?fit=2000%2C2000&ssl=1\" \/>\n\t<meta property=\"og:image:width\" content=\"2000\" \/>\n\t<meta property=\"og:image:height\" content=\"2000\" \/>\n\t<meta property=\"og:image:type\" content=\"image\/webp\" \/>\n<meta name=\"twitter:card\" content=\"summary_large_image\" \/>\n<meta name=\"twitter:label1\" content=\"Ber\u00e4knad l\u00e4stid\" \/>\n\t<meta name=\"twitter:data1\" content=\"1 minut\" \/>\n<!-- \/ Yoast SEO plugin. -->","yoast_head_json":{"title":"TRUUSK Tv\u00e4ttst\u00e4llning Med Hjul - 4 Niv\u00e5er - Utdragbar - St\u00e5ende Torktumlare - Svart - 73 x 45,5 x 177cm - F\u00f6r Platsbesparande - TRUUSK - Hem, Tr\u00e4dg\u00e5rd &amp; Fritid","robots":{"index":"index","follow":"follow","max-snippet":"max-snippet:-1","max-image-preview":"max-image-preview:large","max-video-preview":"max-video-preview:-1"},"canonical":"https:\/\/truusk.store\/sv\/produkt\/truusk-tvattstallning-med-hjul-4-nivaer-utdragbar-staende-torktumlare-svart-73-x-455-x-177cm-for-platsbesparande\/","og_locale":"sv_SE","og_type":"article","og_title":"TRUUSK Tv\u00e4ttst\u00e4llning Med Hjul - 4 Niv\u00e5er - Utdragbar - St\u00e5ende Torktumlare - Svart - 73 x 45,5 x 177cm - F\u00f6r Platsbesparande - TRUUSK - Hem, Tr\u00e4dg\u00e5rd &amp; Fritid","og_description":"Uppt\u00e4ck den ultimata partnern f\u00f6r din tv\u00e4tt &#8211; v\u00e5r m\u00e5ngsidiga tv\u00e4ttst\u00e4llning fr\u00e5n TRUUSK. Sluta med besv\u00e4rliga torkl\u00f6sningar &#8211; denna kompakta...","og_url":"https:\/\/truusk.store\/sv\/produkt\/truusk-tvattstallning-med-hjul-4-nivaer-utdragbar-staende-torktumlare-svart-73-x-455-x-177cm-for-platsbesparande\/","og_site_name":"TRUUSK - Hem, Tr\u00e4dg\u00e5rd &amp; Fritid","article_modified_time":"2026-03-12T08:14:27+00:00","og_image":[{"width":2000,"height":2000,"url":"https:\/\/i0.wp.com\/truusk.se\/wp-content\/uploads\/2025\/06\/tvattstallning-torn-tvattstallning-med-hjul-4-nivaer-utdragbar-staende-torktumlare-svart-73-x-455-x-177cm-for-platsbesparande-torkning-1.webp?fit=2000%2C2000&ssl=1","type":"image\/webp"}],"twitter_card":"summary_large_image","twitter_misc":{"Ber\u00e4knad l\u00e4stid":"1 minut"},"schema":{"@context":"https:\/\/schema.org","@graph":[{"@type":"WebPage","@id":"https:\/\/truusk.store\/sv\/produkt\/truusk-tvattstallning-med-hjul-4-nivaer-utdragbar-staende-torktumlare-svart-73-x-455-x-177cm-for-platsbesparande\/","url":"https:\/\/truusk.store\/sv\/produkt\/truusk-tvattstallning-med-hjul-4-nivaer-utdragbar-staende-torktumlare-svart-73-x-455-x-177cm-for-platsbesparande\/","name":"TRUUSK Tv\u00e4ttst\u00e4llning Med Hjul - 4 Niv\u00e5er - Utdragbar - St\u00e5ende Torktumlare - Svart - 73 x 45,5 x 177cm - F\u00f6r Platsbesparande - TRUUSK - Hem, Tr\u00e4dg\u00e5rd &amp; Fritid","isPartOf":{"@id":"https:\/\/truusk.store\/sv\/#website"},"primaryImageOfPage":{"@id":"https:\/\/truusk.store\/sv\/produkt\/truusk-tvattstallning-med-hjul-4-nivaer-utdragbar-staende-torktumlare-svart-73-x-455-x-177cm-for-platsbesparande\/#primaryimage"},"image":{"@id":"https:\/\/truusk.store\/sv\/produkt\/truusk-tvattstallning-med-hjul-4-nivaer-utdragbar-staende-torktumlare-svart-73-x-455-x-177cm-for-platsbesparande\/#primaryimage"},"thumbnailUrl":"https:\/\/i0.wp.com\/truusk.store\/wp-content\/uploads\/2025\/06\/tvattstallning-torn-tvattstallning-med-hjul-4-nivaer-utdragbar-staende-torktumlare-svart-73-x-455-x-177cm-for-platsbesparande-torkning-1.webp?fit=2000%2C2000&ssl=1","datePublished":"2025-06-04T22:46:37+00:00","dateModified":"2026-03-12T08:14:27+00:00","breadcrumb":{"@id":"https:\/\/truusk.store\/sv\/produkt\/truusk-tvattstallning-med-hjul-4-nivaer-utdragbar-staende-torktumlare-svart-73-x-455-x-177cm-for-platsbesparande\/#breadcrumb"},"inLanguage":"sv-SE","potentialAction":[{"@type":"ReadAction","target":["https:\/\/truusk.store\/sv\/produkt\/truusk-tvattstallning-med-hjul-4-nivaer-utdragbar-staende-torktumlare-svart-73-x-455-x-177cm-for-platsbesparande\/"]}]},{"@type":"ImageObject","inLanguage":"sv-SE","@id":"https:\/\/truusk.store\/sv\/produkt\/truusk-tvattstallning-med-hjul-4-nivaer-utdragbar-staende-torktumlare-svart-73-x-455-x-177cm-for-platsbesparande\/#primaryimage","url":"https:\/\/i0.wp.com\/truusk.store\/wp-content\/uploads\/2025\/06\/tvattstallning-torn-tvattstallning-med-hjul-4-nivaer-utdragbar-staende-torktumlare-svart-73-x-455-x-177cm-for-platsbesparande-torkning-1.webp?fit=2000%2C2000&ssl=1","contentUrl":"https:\/\/i0.wp.com\/truusk.store\/wp-content\/uploads\/2025\/06\/tvattstallning-torn-tvattstallning-med-hjul-4-nivaer-utdragbar-staende-torktumlare-svart-73-x-455-x-177cm-for-platsbesparande-torkning-1.webp?fit=2000%2C2000&ssl=1","width":2000,"height":2000},{"@type":"BreadcrumbList","@id":"https:\/\/truusk.store\/sv\/produkt\/truusk-tvattstallning-med-hjul-4-nivaer-utdragbar-staende-torktumlare-svart-73-x-455-x-177cm-for-platsbesparande\/#breadcrumb","itemListElement":[{"@type":"ListItem","position":1,"name":"Home","item":"https:\/\/truusk.store\/sv\/"},{"@type":"ListItem","position":2,"name":"Shop","item":"https:\/\/truusk.store\/shop\/"},{"@type":"ListItem","position":3,"name":"TRUUSK Tv\u00e4ttst\u00e4llning Med Hjul &#8211; 4 Niv\u00e5er &#8211; Utdragbar &#8211; St\u00e5ende Torktumlare &#8211; Svart &#8211; 73 x 45,5 x 177cm &#8211; F\u00f6r Platsbesparande"}]},{"@type":"WebSite","@id":"https:\/\/truusk.store\/sv\/#website","url":"https:\/\/truusk.store\/sv\/","name":"TRUUSK - Hem, Tr\u00e4dg\u00e5rd & Fritid","description":"","publisher":{"@id":"https:\/\/truusk.store\/sv\/#organization"},"potentialAction":[{"@type":"SearchAction","target":{"@type":"EntryPoint","urlTemplate":"https:\/\/truusk.store\/sv\/?s={search_term_string}"},"query-input":{"@type":"PropertyValueSpecification","valueRequired":true,"valueName":"search_term_string"}}],"inLanguage":"sv-SE"},{"@type":"Organization","@id":"https:\/\/truusk.store\/sv\/#organization","name":"TRUUSK - Hem, Tr\u00e4dg\u00e5rd & Fritid","url":"https:\/\/truusk.store\/sv\/","logo":{"@type":"ImageObject","inLanguage":"sv-SE","@id":"https:\/\/truusk.store\/sv\/#\/schema\/logo\/image\/","url":"https:\/\/i0.wp.com\/truusk.store\/wp-content\/uploads\/2026\/03\/cropped-TRUUSK.png?fit=2032%2C917&ssl=1","contentUrl":"https:\/\/i0.wp.com\/truusk.store\/wp-content\/uploads\/2026\/03\/cropped-TRUUSK.png?fit=2032%2C917&ssl=1","width":2032,"height":917,"caption":"TRUUSK - Hem, Tr\u00e4dg\u00e5rd & Fritid"},"image":{"@id":"https:\/\/truusk.store\/sv\/#\/schema\/logo\/image\/"}}]}},"jetpack_sharing_enabled":true,"_links":{"self":[{"href":"https:\/\/truusk.store\/sv\/wp-json\/wp\/v2\/product\/58662","targetHints":{"allow":["GET"]}}],"collection":[{"href":"https:\/\/truusk.store\/sv\/wp-json\/wp\/v2\/product"}],"about":[{"href":"https:\/\/truusk.store\/sv\/wp-json\/wp\/v2\/types\/product"}],"wp:featuredmedia":[{"embeddable":true,"href":"https:\/\/truusk.store\/sv\/wp-json\/wp\/v2\/media\/58653"}],"wp:attachment":[{"href":"https:\/\/truusk.store\/sv\/wp-json\/wp\/v2\/media?parent=58662"}],"wp:term":[{"taxonomy":"product_brand","embeddable":true,"href":"https:\/\/truusk.store\/sv\/wp-json\/wp\/v2\/product_brand?post=58662"},{"taxonomy":"product_cat","embeddable":true,"href":"https:\/\/truusk.store\/sv\/wp-json\/wp\/v2\/product_cat?post=58662"},{"taxonomy":"product_tag","embeddable":true,"href":"https:\/\/truusk.store\/sv\/wp-json\/wp\/v2\/product_tag?post=58662"}],"curies":[{"name":"wp","href":"https:\/\/api.w.org\/{rel}","templated":true}]}}