{"id":58672,"date":"2025-06-04T23:47:43","date_gmt":"2025-06-04T22:47:43","guid":{"rendered":"https:\/\/truusk.store\/product\/kattklattertrad-98-cm-med-2-liggytor-kattklattertrad-med-lekboll-for-katter-upp-till-6-kg-kattmobler-sisal-beige\/"},"modified":"2026-03-12T09:28:19","modified_gmt":"2026-03-12T08:28:19","slug":"truusk-kattklattertrad-98-cm-2-liggytor-lekboll-for-katter-upp-till-6-kg-sisal-beige","status":"publish","type":"product","link":"https:\/\/truusk.store\/sv\/produkt\/truusk-kattklattertrad-98-cm-2-liggytor-lekboll-for-katter-upp-till-6-kg-sisal-beige\/","title":{"rendered":"TRUUSK Kattkl\u00e4ttertr\u00e4d 98 cm &#8211; 2 Liggytor &#8211; Lekboll &#8211; F\u00f6r Katter Upp Till 6 kg &#8211; Sisal &#8211; Beige"},"content":{"rendered":"<p>Sann lycka f\u00f6r husdjur ligger i detta TRUUSK katttr\u00e4d &#8211; det ultimata tillflyktsortet f\u00f6r kl\u00e4ttring, kl\u00f6sning, lek och avkoppling. Ett icke-destruktivt s\u00e4tt att tillfredsst\u00e4lla deras naturliga instinkter: De kommer att sl\u00e5 sina klor i kl\u00f6spelarna och -plattan, medan det h\u00e4ngande leksaken i kl\u00e4ttertornet f\u00e5ngar deras uppm\u00e4rksamhet n\u00e4r de \u00e4r lekfulla. F\u00f6r att koppla av kryper de in i den mysiga h\u00e4ngmattan f\u00f6r att observera uppifr\u00e5n.<\/p>\n<p>Beskrivning:<\/p>\n<ul>\n<li> Sisalrep-pelare tillfredsst\u00e4ller deras kl\u00f6s- och klobehov och hindrar dem fr\u00e5n att f\u00f6rst\u00f6ra m\u00f6bler<\/li>\n<li> Kattgrotta, s\u00e4ng och plattform erbjuder mysiga platser f\u00f6r avkoppling och tupplurer<\/li>\n<li> Tillverkad av sp\u00e5nskiva f\u00f6r stabilitet<\/li>\n<li> Ett flerniv\u00e5 katttr\u00e4d d\u00e4r husdjur kan hoppa och kl\u00e4ttra<\/li>\n<li> Inbyggd anti-tippanordning i katttr\u00e4det f\u00f6rhindrar att katttr\u00e4det v\u00e4lter<\/li>\n<li> L\u00e4mplig f\u00f6r katter under 6 kg<\/li>\n<li> Montering kr\u00e4vs<\/li>\n<\/ul>\n<p> Tekniska data:<\/p>\n<ul>\n<li> F\u00e4rg: Brun, Beige<\/li>\n<li> Material: Sp\u00e5nskiva, plysch (100% polyester), sisalrep, PP-bomull, vattenhyacint<\/li>\n<li> Totala dimensioner: 60L x 40B x 98H cm<\/li>\n<li> Grottans storlek: 46B x 33,5T x 24,5H cm<\/li>\n<li> Grottans d\u00f6rrstorlek: 20B x 20H cm<\/li>\n<li> S\u00e4ngstorlek: 34L x 34B x 12H cm<\/li>\n<li> Plattformens storlek: 30L x 20B cm<\/li>\n<li> Rund plattformsstorlek: \u03a630 cm<\/li>\n<li> Nedersta br\u00e4dan: 60B x 40T cm<\/li>\n<li> Rampens storlek: 30L x 20B cm<\/li>\n<li> Viktkapacitet: 20 kg. Plattform: 10 kg<\/li>\n<\/ul>\n<p>Leveransinneh\u00e5ll:<\/p>\n<ul>\n<li> 1 x Kl\u00f6str\u00e4d<\/li>\n<li> 1 x Handbok<\/li>\n<\/ul>\n","protected":false},"excerpt":{"rendered":"<p>Sann lycka f\u00f6r husdjur ligger i detta TRUUSK katttr\u00e4d &#8211; det ultimata tillflyktsortet f\u00f6r kl\u00e4ttring, kl\u00f6sning, lek och avkoppling. Ett&#8230;<\/p>\n","protected":false},"featured_media":58663,"template":"","meta":[],"product_brand":[],"product_cat":[878,588,879],"product_tag":[],"class_list":{"0":"post-58672","1":"product","2":"type-product","3":"status-publish","4":"has-post-thumbnail","6":"product_cat-djurbehov","7":"product_cat-katttillbehor","8":"product_cat-klostrad","10":"first","11":"instock","12":"sale","13":"taxable","14":"shipping-taxable","15":"purchasable","16":"product-type-simple"},"yoast_head":"<!-- This site is optimized with the Yoast SEO plugin v25.4 - https:\/\/yoast.com\/wordpress\/plugins\/seo\/ -->\n<title>TRUUSK Kattkl\u00e4ttertr\u00e4d 98 cm - 2 Liggytor - Lekboll - F\u00f6r Katter Upp Till 6 kg - Sisal - Beige - TRUUSK - Hem, Tr\u00e4dg\u00e5rd &amp; Fritid<\/title>\n<meta name=\"robots\" content=\"index, follow, max-snippet:-1, max-image-preview:large, max-video-preview:-1\" \/>\n<link rel=\"canonical\" href=\"https:\/\/truusk.store\/sv\/produkt\/truusk-kattklattertrad-98-cm-2-liggytor-lekboll-for-katter-upp-till-6-kg-sisal-beige\/\" \/>\n<meta property=\"og:locale\" content=\"sv_SE\" \/>\n<meta property=\"og:type\" content=\"article\" \/>\n<meta property=\"og:title\" content=\"TRUUSK Kattkl\u00e4ttertr\u00e4d 98 cm - 2 Liggytor - Lekboll - F\u00f6r Katter Upp Till 6 kg - Sisal - Beige - TRUUSK - Hem, Tr\u00e4dg\u00e5rd &amp; Fritid\" \/>\n<meta property=\"og:description\" content=\"Sann lycka f\u00f6r husdjur ligger i detta TRUUSK katttr\u00e4d &#8211; det ultimata tillflyktsortet f\u00f6r kl\u00e4ttring, kl\u00f6sning, lek och avkoppling. Ett...\" \/>\n<meta property=\"og:url\" content=\"https:\/\/truusk.store\/sv\/produkt\/truusk-kattklattertrad-98-cm-2-liggytor-lekboll-for-katter-upp-till-6-kg-sisal-beige\/\" \/>\n<meta property=\"og:site_name\" content=\"TRUUSK - Hem, Tr\u00e4dg\u00e5rd &amp; Fritid\" \/>\n<meta property=\"article:modified_time\" content=\"2026-03-12T08:28:19+00:00\" \/>\n<meta property=\"og:image\" content=\"https:\/\/i0.wp.com\/truusk.se\/wp-content\/uploads\/2025\/06\/kattklattertrad-98-cm-med-2-liggytor-kattklattertrad-med-lekboll-for-katter-upp-till-6-kg-kattmobler-sisal-beige-1.webp?fit=2000%2C2000&ssl=1\" \/>\n\t<meta property=\"og:image:width\" content=\"2000\" \/>\n\t<meta property=\"og:image:height\" content=\"2000\" \/>\n\t<meta property=\"og:image:type\" content=\"image\/webp\" \/>\n<meta name=\"twitter:card\" content=\"summary_large_image\" \/>\n<meta name=\"twitter:label1\" content=\"Ber\u00e4knad l\u00e4stid\" \/>\n\t<meta name=\"twitter:data1\" content=\"1 minut\" \/>\n<!-- \/ Yoast SEO plugin. -->","yoast_head_json":{"title":"TRUUSK Kattkl\u00e4ttertr\u00e4d 98 cm - 2 Liggytor - Lekboll - F\u00f6r Katter Upp Till 6 kg - Sisal - Beige - TRUUSK - Hem, Tr\u00e4dg\u00e5rd &amp; Fritid","robots":{"index":"index","follow":"follow","max-snippet":"max-snippet:-1","max-image-preview":"max-image-preview:large","max-video-preview":"max-video-preview:-1"},"canonical":"https:\/\/truusk.store\/sv\/produkt\/truusk-kattklattertrad-98-cm-2-liggytor-lekboll-for-katter-upp-till-6-kg-sisal-beige\/","og_locale":"sv_SE","og_type":"article","og_title":"TRUUSK Kattkl\u00e4ttertr\u00e4d 98 cm - 2 Liggytor - Lekboll - F\u00f6r Katter Upp Till 6 kg - Sisal - Beige - TRUUSK - Hem, Tr\u00e4dg\u00e5rd &amp; Fritid","og_description":"Sann lycka f\u00f6r husdjur ligger i detta TRUUSK katttr\u00e4d &#8211; det ultimata tillflyktsortet f\u00f6r kl\u00e4ttring, kl\u00f6sning, lek och avkoppling. Ett...","og_url":"https:\/\/truusk.store\/sv\/produkt\/truusk-kattklattertrad-98-cm-2-liggytor-lekboll-for-katter-upp-till-6-kg-sisal-beige\/","og_site_name":"TRUUSK - Hem, Tr\u00e4dg\u00e5rd &amp; Fritid","article_modified_time":"2026-03-12T08:28:19+00:00","og_image":[{"width":2000,"height":2000,"url":"https:\/\/i0.wp.com\/truusk.se\/wp-content\/uploads\/2025\/06\/kattklattertrad-98-cm-med-2-liggytor-kattklattertrad-med-lekboll-for-katter-upp-till-6-kg-kattmobler-sisal-beige-1.webp?fit=2000%2C2000&ssl=1","type":"image\/webp"}],"twitter_card":"summary_large_image","twitter_misc":{"Ber\u00e4knad l\u00e4stid":"1 minut"},"schema":{"@context":"https:\/\/schema.org","@graph":[{"@type":"WebPage","@id":"https:\/\/truusk.store\/sv\/produkt\/truusk-kattklattertrad-98-cm-2-liggytor-lekboll-for-katter-upp-till-6-kg-sisal-beige\/","url":"https:\/\/truusk.store\/sv\/produkt\/truusk-kattklattertrad-98-cm-2-liggytor-lekboll-for-katter-upp-till-6-kg-sisal-beige\/","name":"TRUUSK Kattkl\u00e4ttertr\u00e4d 98 cm - 2 Liggytor - Lekboll - F\u00f6r Katter Upp Till 6 kg - Sisal - Beige - TRUUSK - Hem, Tr\u00e4dg\u00e5rd &amp; Fritid","isPartOf":{"@id":"https:\/\/truusk.store\/sv\/#website"},"primaryImageOfPage":{"@id":"https:\/\/truusk.store\/sv\/produkt\/truusk-kattklattertrad-98-cm-2-liggytor-lekboll-for-katter-upp-till-6-kg-sisal-beige\/#primaryimage"},"image":{"@id":"https:\/\/truusk.store\/sv\/produkt\/truusk-kattklattertrad-98-cm-2-liggytor-lekboll-for-katter-upp-till-6-kg-sisal-beige\/#primaryimage"},"thumbnailUrl":"https:\/\/i0.wp.com\/truusk.store\/wp-content\/uploads\/2025\/06\/kattklattertrad-98-cm-med-2-liggytor-kattklattertrad-med-lekboll-for-katter-upp-till-6-kg-kattmobler-sisal-beige-1.webp?fit=2000%2C2000&ssl=1","datePublished":"2025-06-04T22:47:43+00:00","dateModified":"2026-03-12T08:28:19+00:00","breadcrumb":{"@id":"https:\/\/truusk.store\/sv\/produkt\/truusk-kattklattertrad-98-cm-2-liggytor-lekboll-for-katter-upp-till-6-kg-sisal-beige\/#breadcrumb"},"inLanguage":"sv-SE","potentialAction":[{"@type":"ReadAction","target":["https:\/\/truusk.store\/sv\/produkt\/truusk-kattklattertrad-98-cm-2-liggytor-lekboll-for-katter-upp-till-6-kg-sisal-beige\/"]}]},{"@type":"ImageObject","inLanguage":"sv-SE","@id":"https:\/\/truusk.store\/sv\/produkt\/truusk-kattklattertrad-98-cm-2-liggytor-lekboll-for-katter-upp-till-6-kg-sisal-beige\/#primaryimage","url":"https:\/\/i0.wp.com\/truusk.store\/wp-content\/uploads\/2025\/06\/kattklattertrad-98-cm-med-2-liggytor-kattklattertrad-med-lekboll-for-katter-upp-till-6-kg-kattmobler-sisal-beige-1.webp?fit=2000%2C2000&ssl=1","contentUrl":"https:\/\/i0.wp.com\/truusk.store\/wp-content\/uploads\/2025\/06\/kattklattertrad-98-cm-med-2-liggytor-kattklattertrad-med-lekboll-for-katter-upp-till-6-kg-kattmobler-sisal-beige-1.webp?fit=2000%2C2000&ssl=1","width":2000,"height":2000},{"@type":"BreadcrumbList","@id":"https:\/\/truusk.store\/sv\/produkt\/truusk-kattklattertrad-98-cm-2-liggytor-lekboll-for-katter-upp-till-6-kg-sisal-beige\/#breadcrumb","itemListElement":[{"@type":"ListItem","position":1,"name":"Home","item":"https:\/\/truusk.store\/sv\/"},{"@type":"ListItem","position":2,"name":"Shop","item":"https:\/\/truusk.store\/shop\/"},{"@type":"ListItem","position":3,"name":"TRUUSK Kattkl\u00e4ttertr\u00e4d 98 cm &#8211; 2 Liggytor &#8211; Lekboll &#8211; F\u00f6r Katter Upp Till 6 kg &#8211; Sisal &#8211; Beige"}]},{"@type":"WebSite","@id":"https:\/\/truusk.store\/sv\/#website","url":"https:\/\/truusk.store\/sv\/","name":"TRUUSK - Hem, Tr\u00e4dg\u00e5rd & Fritid","description":"","publisher":{"@id":"https:\/\/truusk.store\/sv\/#organization"},"potentialAction":[{"@type":"SearchAction","target":{"@type":"EntryPoint","urlTemplate":"https:\/\/truusk.store\/sv\/?s={search_term_string}"},"query-input":{"@type":"PropertyValueSpecification","valueRequired":true,"valueName":"search_term_string"}}],"inLanguage":"sv-SE"},{"@type":"Organization","@id":"https:\/\/truusk.store\/sv\/#organization","name":"TRUUSK - Hem, Tr\u00e4dg\u00e5rd & Fritid","url":"https:\/\/truusk.store\/sv\/","logo":{"@type":"ImageObject","inLanguage":"sv-SE","@id":"https:\/\/truusk.store\/sv\/#\/schema\/logo\/image\/","url":"https:\/\/i0.wp.com\/truusk.store\/wp-content\/uploads\/2026\/03\/cropped-TRUUSK.png?fit=2032%2C917&ssl=1","contentUrl":"https:\/\/i0.wp.com\/truusk.store\/wp-content\/uploads\/2026\/03\/cropped-TRUUSK.png?fit=2032%2C917&ssl=1","width":2032,"height":917,"caption":"TRUUSK - Hem, Tr\u00e4dg\u00e5rd & Fritid"},"image":{"@id":"https:\/\/truusk.store\/sv\/#\/schema\/logo\/image\/"}}]}},"jetpack_sharing_enabled":true,"_links":{"self":[{"href":"https:\/\/truusk.store\/sv\/wp-json\/wp\/v2\/product\/58672","targetHints":{"allow":["GET"]}}],"collection":[{"href":"https:\/\/truusk.store\/sv\/wp-json\/wp\/v2\/product"}],"about":[{"href":"https:\/\/truusk.store\/sv\/wp-json\/wp\/v2\/types\/product"}],"wp:featuredmedia":[{"embeddable":true,"href":"https:\/\/truusk.store\/sv\/wp-json\/wp\/v2\/media\/58663"}],"wp:attachment":[{"href":"https:\/\/truusk.store\/sv\/wp-json\/wp\/v2\/media?parent=58672"}],"wp:term":[{"taxonomy":"product_brand","embeddable":true,"href":"https:\/\/truusk.store\/sv\/wp-json\/wp\/v2\/product_brand?post=58672"},{"taxonomy":"product_cat","embeddable":true,"href":"https:\/\/truusk.store\/sv\/wp-json\/wp\/v2\/product_cat?post=58672"},{"taxonomy":"product_tag","embeddable":true,"href":"https:\/\/truusk.store\/sv\/wp-json\/wp\/v2\/product_tag?post=58672"}],"curies":[{"name":"wp","href":"https:\/\/api.w.org\/{rel}","templated":true}]}}