{"id":58692,"date":"2025-06-04T23:49:32","date_gmt":"2025-06-04T22:49:32","guid":{"rendered":"https:\/\/truusk.store\/product\/hojda-hundskalar-med-forvaringsutrymme-2-skalar-for-stora-hundar-vattenskal-matskal-hundskalsstall-60-cm-x-30-cm-x-34-cm-kaffe\/"},"modified":"2026-03-12T09:15:39","modified_gmt":"2026-03-12T08:15:39","slug":"truusk-hojda-hundskalar-med-forvaringsutrymme-2-skalar-for-stora-hundar-vattenskal-och-matskal-hundskalsstall-60-cm-x","status":"publish","type":"product","link":"https:\/\/truusk.store\/sv\/produkt\/truusk-hojda-hundskalar-med-forvaringsutrymme-2-skalar-for-stora-hundar-vattenskal-och-matskal-hundskalsstall-60-cm-x\/","title":{"rendered":"TRUUSK H\u00f6jda Hundsk\u00e5lar med F\u00f6rvaringsutrymme &#8211; 2 Sk\u00e5lar &#8211; F\u00f6r Stora Hundar &#8211; Vattensk\u00e5l och Matsk\u00e5l &#8211; Hundsk\u00e5lsst\u00e4ll &#8211; 60 cm x"},"content":{"rendered":"<p>TRUUSK hundsk\u00e5l f\u00f6r stora hundar ger en renare, b\u00e4ttre organiserad och djurv\u00e4nligare milj\u00f6. Den upph\u00f6jda positionen av sk\u00e5len minskar belastningen p\u00e5 nacke, rygg och leder hos hundar. Med tv\u00e5 avtagbara rostfria sk\u00e5lar \u00e4r reng\u00f6ringen enkel. Dessutom erbjuder insidan av hundsk\u00e5lst\u00e4llet f\u00f6rvaringsutrymme, perfekt f\u00f6r att f\u00f6rvara hundmat och andra djurbehov. De neutrala f\u00e4rgtonerna p\u00e5 tr\u00e4ramen passar s\u00f6ml\u00f6st in i din inredning.<\/p>\n<p>Beskrivning:<\/p>\n<ul>\n<li> Tv\u00e5 avtagbara sk\u00e5lar f\u00f6r mat och vatten<\/li>\n<li> Sk\u00e5lar av rostfritt st\u00e5l f\u00f6r enkel reng\u00f6ring<\/li>\n<li> Upph\u00f6jd konstruktion f\u00f6r att undvika belastning p\u00e5 husdjuret<\/li>\n<li> F\u00f6rvaringssk\u00e5p inuti f\u00f6r att f\u00f6rvara godis och koppel i n\u00e4rheten<\/li>\n<li> MDF-ram f\u00f6r h\u00f6g stabilitet<\/li>\n<li> L\u00e4tt att kombinera med dina andra m\u00f6bler<\/li>\n<li> L\u00e4mplig f\u00f6r stora hundar med en axelh\u00f6jd p\u00e5 55 till 65 cm<\/li>\n<li> Montering kr\u00e4vs<\/li>\n<\/ul>\n<p> Tekniska data:<\/p>\n<ul>\n<li> F\u00e4rg: Kaffe<\/li>\n<li> Material: Rostfritt st\u00e5l, MDF<\/li>\n<li> Totala dimensioner: 60L x 30B x 34H cm<\/li>\n<li> Sk\u00e5lens storlek: \u00d824 x 7H cm<\/li>\n<li> Sk\u00e5lens kapacitet: 2L<\/li>\n<li> F\u00f6rvaringssk\u00e5p inre storlek: 55L x 25,5B x 21H cm<\/li>\n<li> Storlek p\u00e5 sk\u00e5pd\u00f6rren: 25B x 24T cm<\/li>\n<li> Maximal belastning: Sk\u00e5p \/ Topp: 15 kg<\/li>\n<\/ul>\n<p> Leverans inneh\u00e5ller:<\/p>\n<ul>\n<li> 1 x Djurfoderst\u00e4ll<\/li>\n<li> 2 x Rostfri sk\u00e5l<\/li>\n<li> 1 x Handbok<\/li>\n<\/ul>\n","protected":false},"excerpt":{"rendered":"<p>TRUUSK hundsk\u00e5l f\u00f6r stora hundar ger en renare, b\u00e4ttre organiserad och djurv\u00e4nligare milj\u00f6. Den upph\u00f6jda positionen av sk\u00e5len minskar belastningen&#8230;<\/p>\n","protected":false},"featured_media":58683,"template":"","meta":[],"product_brand":[],"product_cat":[878,574,931],"product_tag":[],"class_list":{"0":"post-58692","1":"product","2":"type-product","3":"status-publish","4":"has-post-thumbnail","6":"product_cat-djurbehov","7":"product_cat-hundtillbehor","8":"product_cat-mat-och-vattenskalar","10":"first","11":"instock","12":"sale","13":"taxable","14":"shipping-taxable","15":"purchasable","16":"product-type-simple"},"yoast_head":"<!-- This site is optimized with the Yoast SEO plugin v25.4 - https:\/\/yoast.com\/wordpress\/plugins\/seo\/ -->\n<title>TRUUSK H\u00f6jda Hundsk\u00e5lar med F\u00f6rvaringsutrymme - 2 Sk\u00e5lar - F\u00f6r Stora Hundar - Vattensk\u00e5l och Matsk\u00e5l - Hundsk\u00e5lsst\u00e4ll - 60 cm x - TRUUSK - Hem, Tr\u00e4dg\u00e5rd &amp; Fritid<\/title>\n<meta name=\"robots\" content=\"index, follow, max-snippet:-1, max-image-preview:large, max-video-preview:-1\" \/>\n<link rel=\"canonical\" href=\"https:\/\/truusk.store\/sv\/produkt\/truusk-hojda-hundskalar-med-forvaringsutrymme-2-skalar-for-stora-hundar-vattenskal-och-matskal-hundskalsstall-60-cm-x\/\" \/>\n<meta property=\"og:locale\" content=\"sv_SE\" \/>\n<meta property=\"og:type\" content=\"article\" \/>\n<meta property=\"og:title\" content=\"TRUUSK H\u00f6jda Hundsk\u00e5lar med F\u00f6rvaringsutrymme - 2 Sk\u00e5lar - F\u00f6r Stora Hundar - Vattensk\u00e5l och Matsk\u00e5l - Hundsk\u00e5lsst\u00e4ll - 60 cm x - TRUUSK - Hem, Tr\u00e4dg\u00e5rd &amp; Fritid\" \/>\n<meta property=\"og:description\" content=\"TRUUSK hundsk\u00e5l f\u00f6r stora hundar ger en renare, b\u00e4ttre organiserad och djurv\u00e4nligare milj\u00f6. Den upph\u00f6jda positionen av sk\u00e5len minskar belastningen...\" \/>\n<meta property=\"og:url\" content=\"https:\/\/truusk.store\/sv\/produkt\/truusk-hojda-hundskalar-med-forvaringsutrymme-2-skalar-for-stora-hundar-vattenskal-och-matskal-hundskalsstall-60-cm-x\/\" \/>\n<meta property=\"og:site_name\" content=\"TRUUSK - Hem, Tr\u00e4dg\u00e5rd &amp; Fritid\" \/>\n<meta property=\"article:modified_time\" content=\"2026-03-12T08:15:39+00:00\" \/>\n<meta property=\"og:image\" content=\"https:\/\/i0.wp.com\/truusk.se\/wp-content\/uploads\/2025\/06\/hojda-hundskalar-med-forvaringsutrymme-2-skalar-for-stora-hundar-vattenskal-matskal-hundskalsstall-60-cm-x-30-cm-x-34-cm-kaffe-1.webp?fit=2000%2C2000&ssl=1\" \/>\n\t<meta property=\"og:image:width\" content=\"2000\" \/>\n\t<meta property=\"og:image:height\" content=\"2000\" \/>\n\t<meta property=\"og:image:type\" content=\"image\/webp\" \/>\n<meta name=\"twitter:card\" content=\"summary_large_image\" \/>\n<meta name=\"twitter:label1\" content=\"Ber\u00e4knad l\u00e4stid\" \/>\n\t<meta name=\"twitter:data1\" content=\"1 minut\" \/>\n<!-- \/ Yoast SEO plugin. -->","yoast_head_json":{"title":"TRUUSK H\u00f6jda Hundsk\u00e5lar med F\u00f6rvaringsutrymme - 2 Sk\u00e5lar - F\u00f6r Stora Hundar - Vattensk\u00e5l och Matsk\u00e5l - Hundsk\u00e5lsst\u00e4ll - 60 cm x - TRUUSK - Hem, Tr\u00e4dg\u00e5rd &amp; Fritid","robots":{"index":"index","follow":"follow","max-snippet":"max-snippet:-1","max-image-preview":"max-image-preview:large","max-video-preview":"max-video-preview:-1"},"canonical":"https:\/\/truusk.store\/sv\/produkt\/truusk-hojda-hundskalar-med-forvaringsutrymme-2-skalar-for-stora-hundar-vattenskal-och-matskal-hundskalsstall-60-cm-x\/","og_locale":"sv_SE","og_type":"article","og_title":"TRUUSK H\u00f6jda Hundsk\u00e5lar med F\u00f6rvaringsutrymme - 2 Sk\u00e5lar - F\u00f6r Stora Hundar - Vattensk\u00e5l och Matsk\u00e5l - Hundsk\u00e5lsst\u00e4ll - 60 cm x - TRUUSK - Hem, Tr\u00e4dg\u00e5rd &amp; Fritid","og_description":"TRUUSK hundsk\u00e5l f\u00f6r stora hundar ger en renare, b\u00e4ttre organiserad och djurv\u00e4nligare milj\u00f6. Den upph\u00f6jda positionen av sk\u00e5len minskar belastningen...","og_url":"https:\/\/truusk.store\/sv\/produkt\/truusk-hojda-hundskalar-med-forvaringsutrymme-2-skalar-for-stora-hundar-vattenskal-och-matskal-hundskalsstall-60-cm-x\/","og_site_name":"TRUUSK - Hem, Tr\u00e4dg\u00e5rd &amp; Fritid","article_modified_time":"2026-03-12T08:15:39+00:00","og_image":[{"width":2000,"height":2000,"url":"https:\/\/i0.wp.com\/truusk.se\/wp-content\/uploads\/2025\/06\/hojda-hundskalar-med-forvaringsutrymme-2-skalar-for-stora-hundar-vattenskal-matskal-hundskalsstall-60-cm-x-30-cm-x-34-cm-kaffe-1.webp?fit=2000%2C2000&ssl=1","type":"image\/webp"}],"twitter_card":"summary_large_image","twitter_misc":{"Ber\u00e4knad l\u00e4stid":"1 minut"},"schema":{"@context":"https:\/\/schema.org","@graph":[{"@type":"WebPage","@id":"https:\/\/truusk.store\/sv\/produkt\/truusk-hojda-hundskalar-med-forvaringsutrymme-2-skalar-for-stora-hundar-vattenskal-och-matskal-hundskalsstall-60-cm-x\/","url":"https:\/\/truusk.store\/sv\/produkt\/truusk-hojda-hundskalar-med-forvaringsutrymme-2-skalar-for-stora-hundar-vattenskal-och-matskal-hundskalsstall-60-cm-x\/","name":"TRUUSK H\u00f6jda Hundsk\u00e5lar med F\u00f6rvaringsutrymme - 2 Sk\u00e5lar - F\u00f6r Stora Hundar - Vattensk\u00e5l och Matsk\u00e5l - Hundsk\u00e5lsst\u00e4ll - 60 cm x - TRUUSK - Hem, Tr\u00e4dg\u00e5rd &amp; Fritid","isPartOf":{"@id":"https:\/\/truusk.store\/sv\/#website"},"primaryImageOfPage":{"@id":"https:\/\/truusk.store\/sv\/produkt\/truusk-hojda-hundskalar-med-forvaringsutrymme-2-skalar-for-stora-hundar-vattenskal-och-matskal-hundskalsstall-60-cm-x\/#primaryimage"},"image":{"@id":"https:\/\/truusk.store\/sv\/produkt\/truusk-hojda-hundskalar-med-forvaringsutrymme-2-skalar-for-stora-hundar-vattenskal-och-matskal-hundskalsstall-60-cm-x\/#primaryimage"},"thumbnailUrl":"https:\/\/i0.wp.com\/truusk.store\/wp-content\/uploads\/2025\/06\/hojda-hundskalar-med-forvaringsutrymme-2-skalar-for-stora-hundar-vattenskal-matskal-hundskalsstall-60-cm-x-30-cm-x-34-cm-kaffe-1.webp?fit=2000%2C2000&ssl=1","datePublished":"2025-06-04T22:49:32+00:00","dateModified":"2026-03-12T08:15:39+00:00","breadcrumb":{"@id":"https:\/\/truusk.store\/sv\/produkt\/truusk-hojda-hundskalar-med-forvaringsutrymme-2-skalar-for-stora-hundar-vattenskal-och-matskal-hundskalsstall-60-cm-x\/#breadcrumb"},"inLanguage":"sv-SE","potentialAction":[{"@type":"ReadAction","target":["https:\/\/truusk.store\/sv\/produkt\/truusk-hojda-hundskalar-med-forvaringsutrymme-2-skalar-for-stora-hundar-vattenskal-och-matskal-hundskalsstall-60-cm-x\/"]}]},{"@type":"ImageObject","inLanguage":"sv-SE","@id":"https:\/\/truusk.store\/sv\/produkt\/truusk-hojda-hundskalar-med-forvaringsutrymme-2-skalar-for-stora-hundar-vattenskal-och-matskal-hundskalsstall-60-cm-x\/#primaryimage","url":"https:\/\/i0.wp.com\/truusk.store\/wp-content\/uploads\/2025\/06\/hojda-hundskalar-med-forvaringsutrymme-2-skalar-for-stora-hundar-vattenskal-matskal-hundskalsstall-60-cm-x-30-cm-x-34-cm-kaffe-1.webp?fit=2000%2C2000&ssl=1","contentUrl":"https:\/\/i0.wp.com\/truusk.store\/wp-content\/uploads\/2025\/06\/hojda-hundskalar-med-forvaringsutrymme-2-skalar-for-stora-hundar-vattenskal-matskal-hundskalsstall-60-cm-x-30-cm-x-34-cm-kaffe-1.webp?fit=2000%2C2000&ssl=1","width":2000,"height":2000},{"@type":"BreadcrumbList","@id":"https:\/\/truusk.store\/sv\/produkt\/truusk-hojda-hundskalar-med-forvaringsutrymme-2-skalar-for-stora-hundar-vattenskal-och-matskal-hundskalsstall-60-cm-x\/#breadcrumb","itemListElement":[{"@type":"ListItem","position":1,"name":"Home","item":"https:\/\/truusk.store\/sv\/"},{"@type":"ListItem","position":2,"name":"Shop","item":"https:\/\/truusk.store\/shop\/"},{"@type":"ListItem","position":3,"name":"TRUUSK H\u00f6jda Hundsk\u00e5lar med F\u00f6rvaringsutrymme &#8211; 2 Sk\u00e5lar &#8211; F\u00f6r Stora Hundar &#8211; Vattensk\u00e5l och Matsk\u00e5l &#8211; Hundsk\u00e5lsst\u00e4ll &#8211; 60 cm x"}]},{"@type":"WebSite","@id":"https:\/\/truusk.store\/sv\/#website","url":"https:\/\/truusk.store\/sv\/","name":"TRUUSK - Hem, Tr\u00e4dg\u00e5rd & Fritid","description":"","publisher":{"@id":"https:\/\/truusk.store\/sv\/#organization"},"potentialAction":[{"@type":"SearchAction","target":{"@type":"EntryPoint","urlTemplate":"https:\/\/truusk.store\/sv\/?s={search_term_string}"},"query-input":{"@type":"PropertyValueSpecification","valueRequired":true,"valueName":"search_term_string"}}],"inLanguage":"sv-SE"},{"@type":"Organization","@id":"https:\/\/truusk.store\/sv\/#organization","name":"TRUUSK - Hem, Tr\u00e4dg\u00e5rd & Fritid","url":"https:\/\/truusk.store\/sv\/","logo":{"@type":"ImageObject","inLanguage":"sv-SE","@id":"https:\/\/truusk.store\/sv\/#\/schema\/logo\/image\/","url":"https:\/\/i0.wp.com\/truusk.store\/wp-content\/uploads\/2026\/03\/cropped-TRUUSK.png?fit=2032%2C917&ssl=1","contentUrl":"https:\/\/i0.wp.com\/truusk.store\/wp-content\/uploads\/2026\/03\/cropped-TRUUSK.png?fit=2032%2C917&ssl=1","width":2032,"height":917,"caption":"TRUUSK - Hem, Tr\u00e4dg\u00e5rd & Fritid"},"image":{"@id":"https:\/\/truusk.store\/sv\/#\/schema\/logo\/image\/"}}]}},"jetpack_sharing_enabled":true,"_links":{"self":[{"href":"https:\/\/truusk.store\/sv\/wp-json\/wp\/v2\/product\/58692","targetHints":{"allow":["GET"]}}],"collection":[{"href":"https:\/\/truusk.store\/sv\/wp-json\/wp\/v2\/product"}],"about":[{"href":"https:\/\/truusk.store\/sv\/wp-json\/wp\/v2\/types\/product"}],"wp:featuredmedia":[{"embeddable":true,"href":"https:\/\/truusk.store\/sv\/wp-json\/wp\/v2\/media\/58683"}],"wp:attachment":[{"href":"https:\/\/truusk.store\/sv\/wp-json\/wp\/v2\/media?parent=58692"}],"wp:term":[{"taxonomy":"product_brand","embeddable":true,"href":"https:\/\/truusk.store\/sv\/wp-json\/wp\/v2\/product_brand?post=58692"},{"taxonomy":"product_cat","embeddable":true,"href":"https:\/\/truusk.store\/sv\/wp-json\/wp\/v2\/product_cat?post=58692"},{"taxonomy":"product_tag","embeddable":true,"href":"https:\/\/truusk.store\/sv\/wp-json\/wp\/v2\/product_tag?post=58692"}],"curies":[{"name":"wp","href":"https:\/\/api.w.org\/{rel}","templated":true}]}}