{"id":58722,"date":"2025-06-04T23:52:23","date_gmt":"2025-06-04T22:52:23","guid":{"rendered":"https:\/\/truusk.store\/product\/rund-matbord-o70-x-75-cm-modernt-koksbord-for-2-personer-pelarbord-med-stalbensstod-och-halkfri-fotstod\/"},"modified":"2026-03-12T09:25:25","modified_gmt":"2026-03-12T08:25:25","slug":"truusk-runt-matbord-o70-x-75-cm-modernt-koksbord-for-2-personer-pelarbord-med-stalbensstod-och-halkfri-fotstod","status":"publish","type":"product","link":"https:\/\/truusk.store\/sv\/produkt\/truusk-runt-matbord-o70-x-75-cm-modernt-koksbord-for-2-personer-pelarbord-med-stalbensstod-och-halkfri-fotstod\/","title":{"rendered":"TRUUSK Runt Matbord \u00d870 X 75 cm &#8211; Modernt K\u00f6ksbord f\u00f6r 2 Personer &#8211; Pelarbord med St\u00e5lbensst\u00f6d och Halkfri Fotst\u00f6d"},"content":{"rendered":"<p>Upplev stilfulla middagsstunder med TRUUSK matbordet. Den enkla, runda formen och den neutrala f\u00e4rgen p\u00e5 k\u00f6ksbordet ger din matplats tidl\u00f6s elegans. Det pulverlackerade st\u00e5lramen ger stabil st\u00f6d, medan den halkfria fotst\u00f6det garanterar extra komfort. Oavsett om det \u00e4r f\u00f6r avkopplande &#8217;me time&#8217; eller en mysig middag f\u00f6r tv\u00e5 &#8211; detta k\u00f6ksbord \u00e4r din perfekta f\u00f6ljeslagare. Unna dig kvalitet och design i ett.<\/p>\n<p>Beskrivning:<\/p>\n<ul>\n<li> Modern stil p\u00e5 matbordet, passar perfekt till de flesta inredningsstilar<\/li>\n<li> Designad f\u00f6r tv\u00e5 personer, perfekt f\u00f6r mindre k\u00f6k och matsalar<\/li>\n<li> Stor, rund k\u00f6ksbordsplatta f\u00f6r mat och dryck<\/li>\n<li> \u00d850 cm stor och rund bas av pulverlackerat st\u00e5l<\/li>\n<li> Halkfri matta h\u00e5ller matbordet stabilt och skyddar golvet mot repor<\/li>\n<li> Montering kr\u00e4vs<\/li>\n<\/ul>\n<p>Tekniska data:<\/p>\n<ul>\n<li> F\u00e4rg: Vit<\/li>\n<li> Material: MDF, St\u00e5l<\/li>\n<li> Totala m\u00e5tt: \u00d870 x 75H cm<\/li>\n<li> Minsta n\u00f6dv\u00e4ndiga yta: 1,3L x 2B m\u00b2<\/li>\n<li> B\u00e4rkapacitet: 30 kg<\/li>\n<\/ul>\n<p>Leveransinneh\u00e5ll:<\/p>\n<ul>\n<li> 1 x Matbord<\/li>\n<li> 1 x Instruktioner<\/li>\n<\/ul>\n","protected":false},"excerpt":{"rendered":"<p>Upplev stilfulla middagsstunder med TRUUSK matbordet. Den enkla, runda formen och den neutrala f\u00e4rgen p\u00e5 k\u00f6ksbordet ger din matplats tidl\u00f6s&#8230;<\/p>\n","protected":false},"featured_media":58713,"template":"","meta":[],"product_brand":[],"product_cat":[871,889,509],"product_tag":[],"class_list":{"0":"post-58722","1":"product","2":"type-product","3":"status-publish","4":"has-post-thumbnail","6":"product_cat-hus-hem","7":"product_cat-kok-matsal","8":"product_cat-matbord","10":"first","11":"instock","12":"sale","13":"taxable","14":"shipping-taxable","15":"purchasable","16":"product-type-simple"},"yoast_head":"<!-- This site is optimized with the Yoast SEO plugin v25.4 - https:\/\/yoast.com\/wordpress\/plugins\/seo\/ -->\n<title>TRUUSK Runt Matbord \u00d870 X 75 cm - Modernt K\u00f6ksbord f\u00f6r 2 Personer - Pelarbord med St\u00e5lbensst\u00f6d och Halkfri Fotst\u00f6d - TRUUSK - Hem, Tr\u00e4dg\u00e5rd &amp; Fritid<\/title>\n<meta name=\"robots\" content=\"index, follow, max-snippet:-1, max-image-preview:large, max-video-preview:-1\" \/>\n<link rel=\"canonical\" href=\"https:\/\/truusk.store\/sv\/produkt\/truusk-runt-matbord-o70-x-75-cm-modernt-koksbord-for-2-personer-pelarbord-med-stalbensstod-och-halkfri-fotstod\/\" \/>\n<meta property=\"og:locale\" content=\"sv_SE\" \/>\n<meta property=\"og:type\" content=\"article\" \/>\n<meta property=\"og:title\" content=\"TRUUSK Runt Matbord \u00d870 X 75 cm - Modernt K\u00f6ksbord f\u00f6r 2 Personer - Pelarbord med St\u00e5lbensst\u00f6d och Halkfri Fotst\u00f6d - TRUUSK - Hem, Tr\u00e4dg\u00e5rd &amp; Fritid\" \/>\n<meta property=\"og:description\" content=\"Upplev stilfulla middagsstunder med TRUUSK matbordet. Den enkla, runda formen och den neutrala f\u00e4rgen p\u00e5 k\u00f6ksbordet ger din matplats tidl\u00f6s...\" \/>\n<meta property=\"og:url\" content=\"https:\/\/truusk.store\/sv\/produkt\/truusk-runt-matbord-o70-x-75-cm-modernt-koksbord-for-2-personer-pelarbord-med-stalbensstod-och-halkfri-fotstod\/\" \/>\n<meta property=\"og:site_name\" content=\"TRUUSK - Hem, Tr\u00e4dg\u00e5rd &amp; Fritid\" \/>\n<meta property=\"article:modified_time\" content=\"2026-03-12T08:25:25+00:00\" \/>\n<meta property=\"og:image\" content=\"https:\/\/i0.wp.com\/truusk.se\/wp-content\/uploads\/2025\/06\/rund-matbord-o70-x-75-cm-modernt-koksbord-for-2-personer-pelarbord-med-stalbensstod-och-halkfri-fotstod-1.webp?fit=2000%2C2000&ssl=1\" \/>\n\t<meta property=\"og:image:width\" content=\"2000\" \/>\n\t<meta property=\"og:image:height\" content=\"2000\" \/>\n\t<meta property=\"og:image:type\" content=\"image\/webp\" \/>\n<meta name=\"twitter:card\" content=\"summary_large_image\" \/>\n<meta name=\"twitter:label1\" content=\"Ber\u00e4knad l\u00e4stid\" \/>\n\t<meta name=\"twitter:data1\" content=\"1 minut\" \/>\n<!-- \/ Yoast SEO plugin. -->","yoast_head_json":{"title":"TRUUSK Runt Matbord \u00d870 X 75 cm - Modernt K\u00f6ksbord f\u00f6r 2 Personer - Pelarbord med St\u00e5lbensst\u00f6d och Halkfri Fotst\u00f6d - TRUUSK - Hem, Tr\u00e4dg\u00e5rd &amp; Fritid","robots":{"index":"index","follow":"follow","max-snippet":"max-snippet:-1","max-image-preview":"max-image-preview:large","max-video-preview":"max-video-preview:-1"},"canonical":"https:\/\/truusk.store\/sv\/produkt\/truusk-runt-matbord-o70-x-75-cm-modernt-koksbord-for-2-personer-pelarbord-med-stalbensstod-och-halkfri-fotstod\/","og_locale":"sv_SE","og_type":"article","og_title":"TRUUSK Runt Matbord \u00d870 X 75 cm - Modernt K\u00f6ksbord f\u00f6r 2 Personer - Pelarbord med St\u00e5lbensst\u00f6d och Halkfri Fotst\u00f6d - TRUUSK - Hem, Tr\u00e4dg\u00e5rd &amp; Fritid","og_description":"Upplev stilfulla middagsstunder med TRUUSK matbordet. Den enkla, runda formen och den neutrala f\u00e4rgen p\u00e5 k\u00f6ksbordet ger din matplats tidl\u00f6s...","og_url":"https:\/\/truusk.store\/sv\/produkt\/truusk-runt-matbord-o70-x-75-cm-modernt-koksbord-for-2-personer-pelarbord-med-stalbensstod-och-halkfri-fotstod\/","og_site_name":"TRUUSK - Hem, Tr\u00e4dg\u00e5rd &amp; Fritid","article_modified_time":"2026-03-12T08:25:25+00:00","og_image":[{"width":2000,"height":2000,"url":"https:\/\/i0.wp.com\/truusk.se\/wp-content\/uploads\/2025\/06\/rund-matbord-o70-x-75-cm-modernt-koksbord-for-2-personer-pelarbord-med-stalbensstod-och-halkfri-fotstod-1.webp?fit=2000%2C2000&ssl=1","type":"image\/webp"}],"twitter_card":"summary_large_image","twitter_misc":{"Ber\u00e4knad l\u00e4stid":"1 minut"},"schema":{"@context":"https:\/\/schema.org","@graph":[{"@type":"WebPage","@id":"https:\/\/truusk.store\/sv\/produkt\/truusk-runt-matbord-o70-x-75-cm-modernt-koksbord-for-2-personer-pelarbord-med-stalbensstod-och-halkfri-fotstod\/","url":"https:\/\/truusk.store\/sv\/produkt\/truusk-runt-matbord-o70-x-75-cm-modernt-koksbord-for-2-personer-pelarbord-med-stalbensstod-och-halkfri-fotstod\/","name":"TRUUSK Runt Matbord \u00d870 X 75 cm - Modernt K\u00f6ksbord f\u00f6r 2 Personer - Pelarbord med St\u00e5lbensst\u00f6d och Halkfri Fotst\u00f6d - TRUUSK - Hem, Tr\u00e4dg\u00e5rd &amp; Fritid","isPartOf":{"@id":"https:\/\/truusk.store\/sv\/#website"},"primaryImageOfPage":{"@id":"https:\/\/truusk.store\/sv\/produkt\/truusk-runt-matbord-o70-x-75-cm-modernt-koksbord-for-2-personer-pelarbord-med-stalbensstod-och-halkfri-fotstod\/#primaryimage"},"image":{"@id":"https:\/\/truusk.store\/sv\/produkt\/truusk-runt-matbord-o70-x-75-cm-modernt-koksbord-for-2-personer-pelarbord-med-stalbensstod-och-halkfri-fotstod\/#primaryimage"},"thumbnailUrl":"https:\/\/i0.wp.com\/truusk.store\/wp-content\/uploads\/2025\/06\/rund-matbord-o70-x-75-cm-modernt-koksbord-for-2-personer-pelarbord-med-stalbensstod-och-halkfri-fotstod-1.webp?fit=2000%2C2000&ssl=1","datePublished":"2025-06-04T22:52:23+00:00","dateModified":"2026-03-12T08:25:25+00:00","breadcrumb":{"@id":"https:\/\/truusk.store\/sv\/produkt\/truusk-runt-matbord-o70-x-75-cm-modernt-koksbord-for-2-personer-pelarbord-med-stalbensstod-och-halkfri-fotstod\/#breadcrumb"},"inLanguage":"sv-SE","potentialAction":[{"@type":"ReadAction","target":["https:\/\/truusk.store\/sv\/produkt\/truusk-runt-matbord-o70-x-75-cm-modernt-koksbord-for-2-personer-pelarbord-med-stalbensstod-och-halkfri-fotstod\/"]}]},{"@type":"ImageObject","inLanguage":"sv-SE","@id":"https:\/\/truusk.store\/sv\/produkt\/truusk-runt-matbord-o70-x-75-cm-modernt-koksbord-for-2-personer-pelarbord-med-stalbensstod-och-halkfri-fotstod\/#primaryimage","url":"https:\/\/i0.wp.com\/truusk.store\/wp-content\/uploads\/2025\/06\/rund-matbord-o70-x-75-cm-modernt-koksbord-for-2-personer-pelarbord-med-stalbensstod-och-halkfri-fotstod-1.webp?fit=2000%2C2000&ssl=1","contentUrl":"https:\/\/i0.wp.com\/truusk.store\/wp-content\/uploads\/2025\/06\/rund-matbord-o70-x-75-cm-modernt-koksbord-for-2-personer-pelarbord-med-stalbensstod-och-halkfri-fotstod-1.webp?fit=2000%2C2000&ssl=1","width":2000,"height":2000},{"@type":"BreadcrumbList","@id":"https:\/\/truusk.store\/sv\/produkt\/truusk-runt-matbord-o70-x-75-cm-modernt-koksbord-for-2-personer-pelarbord-med-stalbensstod-och-halkfri-fotstod\/#breadcrumb","itemListElement":[{"@type":"ListItem","position":1,"name":"Home","item":"https:\/\/truusk.store\/sv\/"},{"@type":"ListItem","position":2,"name":"Shop","item":"https:\/\/truusk.store\/shop\/"},{"@type":"ListItem","position":3,"name":"TRUUSK Runt Matbord \u00d870 X 75 cm &#8211; Modernt K\u00f6ksbord f\u00f6r 2 Personer &#8211; Pelarbord med St\u00e5lbensst\u00f6d och Halkfri Fotst\u00f6d"}]},{"@type":"WebSite","@id":"https:\/\/truusk.store\/sv\/#website","url":"https:\/\/truusk.store\/sv\/","name":"TRUUSK - Hem, Tr\u00e4dg\u00e5rd & Fritid","description":"","publisher":{"@id":"https:\/\/truusk.store\/sv\/#organization"},"potentialAction":[{"@type":"SearchAction","target":{"@type":"EntryPoint","urlTemplate":"https:\/\/truusk.store\/sv\/?s={search_term_string}"},"query-input":{"@type":"PropertyValueSpecification","valueRequired":true,"valueName":"search_term_string"}}],"inLanguage":"sv-SE"},{"@type":"Organization","@id":"https:\/\/truusk.store\/sv\/#organization","name":"TRUUSK - Hem, Tr\u00e4dg\u00e5rd & Fritid","url":"https:\/\/truusk.store\/sv\/","logo":{"@type":"ImageObject","inLanguage":"sv-SE","@id":"https:\/\/truusk.store\/sv\/#\/schema\/logo\/image\/","url":"https:\/\/i0.wp.com\/truusk.store\/wp-content\/uploads\/2026\/03\/cropped-TRUUSK.png?fit=2032%2C917&ssl=1","contentUrl":"https:\/\/i0.wp.com\/truusk.store\/wp-content\/uploads\/2026\/03\/cropped-TRUUSK.png?fit=2032%2C917&ssl=1","width":2032,"height":917,"caption":"TRUUSK - Hem, Tr\u00e4dg\u00e5rd & Fritid"},"image":{"@id":"https:\/\/truusk.store\/sv\/#\/schema\/logo\/image\/"}}]}},"jetpack_sharing_enabled":true,"_links":{"self":[{"href":"https:\/\/truusk.store\/sv\/wp-json\/wp\/v2\/product\/58722","targetHints":{"allow":["GET"]}}],"collection":[{"href":"https:\/\/truusk.store\/sv\/wp-json\/wp\/v2\/product"}],"about":[{"href":"https:\/\/truusk.store\/sv\/wp-json\/wp\/v2\/types\/product"}],"wp:featuredmedia":[{"embeddable":true,"href":"https:\/\/truusk.store\/sv\/wp-json\/wp\/v2\/media\/58713"}],"wp:attachment":[{"href":"https:\/\/truusk.store\/sv\/wp-json\/wp\/v2\/media?parent=58722"}],"wp:term":[{"taxonomy":"product_brand","embeddable":true,"href":"https:\/\/truusk.store\/sv\/wp-json\/wp\/v2\/product_brand?post=58722"},{"taxonomy":"product_cat","embeddable":true,"href":"https:\/\/truusk.store\/sv\/wp-json\/wp\/v2\/product_cat?post=58722"},{"taxonomy":"product_tag","embeddable":true,"href":"https:\/\/truusk.store\/sv\/wp-json\/wp\/v2\/product_tag?post=58722"}],"curies":[{"name":"wp","href":"https:\/\/api.w.org\/{rel}","templated":true}]}}