{"id":58732,"date":"2025-06-04T23:53:31","date_gmt":"2025-06-04T22:53:31","guid":{"rendered":"https:\/\/truusk.store\/product\/hundskal-hundmatstation-med-forvaringsutrymme-vattenskal-skalstativ-med-2-l-rostfria-skalar-hundskalstall-matningskal-for-stora-hundar-vit\/"},"modified":"2026-03-12T09:31:18","modified_gmt":"2026-03-12T08:31:18","slug":"truusk-hundskal-med-forvaringsutrymme-2-l-rostfria-skalar-skalstativ-matningskal-for-stora-hundar-vit","status":"publish","type":"product","link":"https:\/\/truusk.store\/sv\/produkt\/truusk-hundskal-med-forvaringsutrymme-2-l-rostfria-skalar-skalstativ-matningskal-for-stora-hundar-vit\/","title":{"rendered":"TRUUSK Hundsk\u00e5l med F\u00f6rvaringsutrymme &#8211; 2 L Rostfria Sk\u00e5lar &#8211; Sk\u00e5lstativ &#8211; Matningsk\u00e5l f\u00f6r Stora Hundar &#8211; Vit"},"content":{"rendered":"<p>Sk\u00e4m bort din fyrbenta v\u00e4n med v\u00e5r TRUUSK husdjursmatautomat! Utformad med en upph\u00f6jd matst\u00e4llning f\u00f6r att skydda deras nacke och rygg, har denna matstation ett dolt f\u00f6rvaringsutrymme f\u00f6r mat och tv\u00e5 avtagbara rostfria sk\u00e5lar. Stilfull och praktisk p\u00e5 samma g\u00e5ng. Inget obehag mer under m\u00e5ltiderna &#8211; bara lyckliga husdjur. F\u00f6rvara maten bekv\u00e4mt direkt under matautomaten f\u00f6r att h\u00e5lla den f\u00e4rsk.<\/p>\n<p>Beskrivning:<\/p>\n<ul>\n<li> Den upph\u00f6jda designen skyddar ditt husdjurs nacke och rygg f\u00f6r en bekv\u00e4m \u00e4tning<\/li>\n<li> Det dolda f\u00f6rvaringsutrymmet m\u00f6jligg\u00f6r praktisk f\u00f6rvaring av husdjursmat<\/li>\n<li> Tv\u00e5 avtagbara rostfria st\u00e5lsk\u00e5lar f\u00f6r enkel reng\u00f6ring och hygien<\/li>\n<li> Den kompakta designen sparar utrymme i sm\u00e5 bostadsomr\u00e5den<\/li>\n<li> L\u00e4mplig f\u00f6r stora hundar med en axelh\u00f6jd p\u00e5 60 till 75 cm<\/li>\n<li> Montering kr\u00e4vs<\/li>\n<\/ul>\n<p> Tekniska data:<\/p>\n<ul>\n<li> F\u00e4rg: Vit+Gr\u00e5<\/li>\n<li> Material: St\u00e5l, MDF<\/li>\n<li> Totala dimensioner: 60L x 30B x 42H cm<\/li>\n<li> Sk\u00e5lens storlek: \u00d824 x 7H cm<\/li>\n<li> Sk\u00e5lkapacitet: 2 L<\/li>\n<li> F\u00f6rvaringssk\u00e5p inre storlek: 50L x 21,5B x 28H cm. Kapacitet: 30 L<\/li>\n<li> Viktkapacitet: ovanp\u00e5: 20kg. Inuti: 10kg<\/li>\n<\/ul>\n<p> Leveransinneh\u00e5ll:<\/p>\n<ul>\n<li> 1 x Matst\u00e4llning f\u00f6r husdjur<\/li>\n<li> 2 x Rostfri st\u00e5lsk\u00e5l<\/li>\n<li> 1 x Handbok<\/li>\n<\/ul>\n","protected":false},"excerpt":{"rendered":"<p>Sk\u00e4m bort din fyrbenta v\u00e4n med v\u00e5r TRUUSK husdjursmatautomat! Utformad med en upph\u00f6jd matst\u00e4llning f\u00f6r att skydda deras nacke och&#8230;<\/p>\n","protected":false},"featured_media":58723,"template":"","meta":[],"product_brand":[],"product_cat":[878,574,931],"product_tag":[],"class_list":{"0":"post-58732","1":"product","2":"type-product","3":"status-publish","4":"has-post-thumbnail","6":"product_cat-djurbehov","7":"product_cat-hundtillbehor","8":"product_cat-mat-och-vattenskalar","10":"first","11":"instock","12":"sale","13":"taxable","14":"shipping-taxable","15":"purchasable","16":"product-type-simple"},"yoast_head":"<!-- This site is optimized with the Yoast SEO plugin v25.4 - https:\/\/yoast.com\/wordpress\/plugins\/seo\/ -->\n<title>TRUUSK Hundsk\u00e5l med F\u00f6rvaringsutrymme - 2 L Rostfria Sk\u00e5lar - Sk\u00e5lstativ - Matningsk\u00e5l f\u00f6r Stora Hundar - Vit - TRUUSK - Hem, Tr\u00e4dg\u00e5rd &amp; Fritid<\/title>\n<meta name=\"robots\" content=\"index, follow, max-snippet:-1, max-image-preview:large, max-video-preview:-1\" \/>\n<link rel=\"canonical\" href=\"https:\/\/truusk.store\/sv\/produkt\/truusk-hundskal-med-forvaringsutrymme-2-l-rostfria-skalar-skalstativ-matningskal-for-stora-hundar-vit\/\" \/>\n<meta property=\"og:locale\" content=\"sv_SE\" \/>\n<meta property=\"og:type\" content=\"article\" \/>\n<meta property=\"og:title\" content=\"TRUUSK Hundsk\u00e5l med F\u00f6rvaringsutrymme - 2 L Rostfria Sk\u00e5lar - Sk\u00e5lstativ - Matningsk\u00e5l f\u00f6r Stora Hundar - Vit - TRUUSK - Hem, Tr\u00e4dg\u00e5rd &amp; Fritid\" \/>\n<meta property=\"og:description\" content=\"Sk\u00e4m bort din fyrbenta v\u00e4n med v\u00e5r TRUUSK husdjursmatautomat! Utformad med en upph\u00f6jd matst\u00e4llning f\u00f6r att skydda deras nacke och...\" \/>\n<meta property=\"og:url\" content=\"https:\/\/truusk.store\/sv\/produkt\/truusk-hundskal-med-forvaringsutrymme-2-l-rostfria-skalar-skalstativ-matningskal-for-stora-hundar-vit\/\" \/>\n<meta property=\"og:site_name\" content=\"TRUUSK - Hem, Tr\u00e4dg\u00e5rd &amp; Fritid\" \/>\n<meta property=\"article:modified_time\" content=\"2026-03-12T08:31:18+00:00\" \/>\n<meta property=\"og:image\" content=\"https:\/\/i0.wp.com\/truusk.se\/wp-content\/uploads\/2025\/06\/hundskal-hundmatstation-med-forvaringsutrymme-vattenskal-skalstativ-med-2-l-rostfria-skalar-hundskalstall-matningskal-for-stora-hundar-vit-1.webp?fit=2000%2C2000&ssl=1\" \/>\n\t<meta property=\"og:image:width\" content=\"2000\" \/>\n\t<meta property=\"og:image:height\" content=\"2000\" \/>\n\t<meta property=\"og:image:type\" content=\"image\/webp\" \/>\n<meta name=\"twitter:card\" content=\"summary_large_image\" \/>\n<meta name=\"twitter:label1\" content=\"Ber\u00e4knad l\u00e4stid\" \/>\n\t<meta name=\"twitter:data1\" content=\"1 minut\" \/>\n<!-- \/ Yoast SEO plugin. -->","yoast_head_json":{"title":"TRUUSK Hundsk\u00e5l med F\u00f6rvaringsutrymme - 2 L Rostfria Sk\u00e5lar - Sk\u00e5lstativ - Matningsk\u00e5l f\u00f6r Stora Hundar - Vit - TRUUSK - Hem, Tr\u00e4dg\u00e5rd &amp; Fritid","robots":{"index":"index","follow":"follow","max-snippet":"max-snippet:-1","max-image-preview":"max-image-preview:large","max-video-preview":"max-video-preview:-1"},"canonical":"https:\/\/truusk.store\/sv\/produkt\/truusk-hundskal-med-forvaringsutrymme-2-l-rostfria-skalar-skalstativ-matningskal-for-stora-hundar-vit\/","og_locale":"sv_SE","og_type":"article","og_title":"TRUUSK Hundsk\u00e5l med F\u00f6rvaringsutrymme - 2 L Rostfria Sk\u00e5lar - Sk\u00e5lstativ - Matningsk\u00e5l f\u00f6r Stora Hundar - Vit - TRUUSK - Hem, Tr\u00e4dg\u00e5rd &amp; Fritid","og_description":"Sk\u00e4m bort din fyrbenta v\u00e4n med v\u00e5r TRUUSK husdjursmatautomat! Utformad med en upph\u00f6jd matst\u00e4llning f\u00f6r att skydda deras nacke och...","og_url":"https:\/\/truusk.store\/sv\/produkt\/truusk-hundskal-med-forvaringsutrymme-2-l-rostfria-skalar-skalstativ-matningskal-for-stora-hundar-vit\/","og_site_name":"TRUUSK - Hem, Tr\u00e4dg\u00e5rd &amp; Fritid","article_modified_time":"2026-03-12T08:31:18+00:00","og_image":[{"width":2000,"height":2000,"url":"https:\/\/i0.wp.com\/truusk.se\/wp-content\/uploads\/2025\/06\/hundskal-hundmatstation-med-forvaringsutrymme-vattenskal-skalstativ-med-2-l-rostfria-skalar-hundskalstall-matningskal-for-stora-hundar-vit-1.webp?fit=2000%2C2000&ssl=1","type":"image\/webp"}],"twitter_card":"summary_large_image","twitter_misc":{"Ber\u00e4knad l\u00e4stid":"1 minut"},"schema":{"@context":"https:\/\/schema.org","@graph":[{"@type":"WebPage","@id":"https:\/\/truusk.store\/sv\/produkt\/truusk-hundskal-med-forvaringsutrymme-2-l-rostfria-skalar-skalstativ-matningskal-for-stora-hundar-vit\/","url":"https:\/\/truusk.store\/sv\/produkt\/truusk-hundskal-med-forvaringsutrymme-2-l-rostfria-skalar-skalstativ-matningskal-for-stora-hundar-vit\/","name":"TRUUSK Hundsk\u00e5l med F\u00f6rvaringsutrymme - 2 L Rostfria Sk\u00e5lar - Sk\u00e5lstativ - Matningsk\u00e5l f\u00f6r Stora Hundar - Vit - TRUUSK - Hem, Tr\u00e4dg\u00e5rd &amp; Fritid","isPartOf":{"@id":"https:\/\/truusk.store\/sv\/#website"},"primaryImageOfPage":{"@id":"https:\/\/truusk.store\/sv\/produkt\/truusk-hundskal-med-forvaringsutrymme-2-l-rostfria-skalar-skalstativ-matningskal-for-stora-hundar-vit\/#primaryimage"},"image":{"@id":"https:\/\/truusk.store\/sv\/produkt\/truusk-hundskal-med-forvaringsutrymme-2-l-rostfria-skalar-skalstativ-matningskal-for-stora-hundar-vit\/#primaryimage"},"thumbnailUrl":"https:\/\/i0.wp.com\/truusk.store\/wp-content\/uploads\/2025\/06\/hundskal-hundmatstation-med-forvaringsutrymme-vattenskal-skalstativ-med-2-l-rostfria-skalar-hundskalstall-matningskal-for-stora-hundar-vit-1.webp?fit=2000%2C2000&ssl=1","datePublished":"2025-06-04T22:53:31+00:00","dateModified":"2026-03-12T08:31:18+00:00","breadcrumb":{"@id":"https:\/\/truusk.store\/sv\/produkt\/truusk-hundskal-med-forvaringsutrymme-2-l-rostfria-skalar-skalstativ-matningskal-for-stora-hundar-vit\/#breadcrumb"},"inLanguage":"sv-SE","potentialAction":[{"@type":"ReadAction","target":["https:\/\/truusk.store\/sv\/produkt\/truusk-hundskal-med-forvaringsutrymme-2-l-rostfria-skalar-skalstativ-matningskal-for-stora-hundar-vit\/"]}]},{"@type":"ImageObject","inLanguage":"sv-SE","@id":"https:\/\/truusk.store\/sv\/produkt\/truusk-hundskal-med-forvaringsutrymme-2-l-rostfria-skalar-skalstativ-matningskal-for-stora-hundar-vit\/#primaryimage","url":"https:\/\/i0.wp.com\/truusk.store\/wp-content\/uploads\/2025\/06\/hundskal-hundmatstation-med-forvaringsutrymme-vattenskal-skalstativ-med-2-l-rostfria-skalar-hundskalstall-matningskal-for-stora-hundar-vit-1.webp?fit=2000%2C2000&ssl=1","contentUrl":"https:\/\/i0.wp.com\/truusk.store\/wp-content\/uploads\/2025\/06\/hundskal-hundmatstation-med-forvaringsutrymme-vattenskal-skalstativ-med-2-l-rostfria-skalar-hundskalstall-matningskal-for-stora-hundar-vit-1.webp?fit=2000%2C2000&ssl=1","width":2000,"height":2000},{"@type":"BreadcrumbList","@id":"https:\/\/truusk.store\/sv\/produkt\/truusk-hundskal-med-forvaringsutrymme-2-l-rostfria-skalar-skalstativ-matningskal-for-stora-hundar-vit\/#breadcrumb","itemListElement":[{"@type":"ListItem","position":1,"name":"Home","item":"https:\/\/truusk.store\/sv\/"},{"@type":"ListItem","position":2,"name":"Shop","item":"https:\/\/truusk.store\/shop\/"},{"@type":"ListItem","position":3,"name":"TRUUSK Hundsk\u00e5l med F\u00f6rvaringsutrymme &#8211; 2 L Rostfria Sk\u00e5lar &#8211; Sk\u00e5lstativ &#8211; Matningsk\u00e5l f\u00f6r Stora Hundar &#8211; Vit"}]},{"@type":"WebSite","@id":"https:\/\/truusk.store\/sv\/#website","url":"https:\/\/truusk.store\/sv\/","name":"TRUUSK - Hem, Tr\u00e4dg\u00e5rd & Fritid","description":"","publisher":{"@id":"https:\/\/truusk.store\/sv\/#organization"},"potentialAction":[{"@type":"SearchAction","target":{"@type":"EntryPoint","urlTemplate":"https:\/\/truusk.store\/sv\/?s={search_term_string}"},"query-input":{"@type":"PropertyValueSpecification","valueRequired":true,"valueName":"search_term_string"}}],"inLanguage":"sv-SE"},{"@type":"Organization","@id":"https:\/\/truusk.store\/sv\/#organization","name":"TRUUSK - Hem, Tr\u00e4dg\u00e5rd & Fritid","url":"https:\/\/truusk.store\/sv\/","logo":{"@type":"ImageObject","inLanguage":"sv-SE","@id":"https:\/\/truusk.store\/sv\/#\/schema\/logo\/image\/","url":"https:\/\/i0.wp.com\/truusk.store\/wp-content\/uploads\/2026\/03\/cropped-TRUUSK.png?fit=2032%2C917&ssl=1","contentUrl":"https:\/\/i0.wp.com\/truusk.store\/wp-content\/uploads\/2026\/03\/cropped-TRUUSK.png?fit=2032%2C917&ssl=1","width":2032,"height":917,"caption":"TRUUSK - Hem, Tr\u00e4dg\u00e5rd & Fritid"},"image":{"@id":"https:\/\/truusk.store\/sv\/#\/schema\/logo\/image\/"}}]}},"jetpack_sharing_enabled":true,"_links":{"self":[{"href":"https:\/\/truusk.store\/sv\/wp-json\/wp\/v2\/product\/58732","targetHints":{"allow":["GET"]}}],"collection":[{"href":"https:\/\/truusk.store\/sv\/wp-json\/wp\/v2\/product"}],"about":[{"href":"https:\/\/truusk.store\/sv\/wp-json\/wp\/v2\/types\/product"}],"wp:featuredmedia":[{"embeddable":true,"href":"https:\/\/truusk.store\/sv\/wp-json\/wp\/v2\/media\/58723"}],"wp:attachment":[{"href":"https:\/\/truusk.store\/sv\/wp-json\/wp\/v2\/media?parent=58732"}],"wp:term":[{"taxonomy":"product_brand","embeddable":true,"href":"https:\/\/truusk.store\/sv\/wp-json\/wp\/v2\/product_brand?post=58732"},{"taxonomy":"product_cat","embeddable":true,"href":"https:\/\/truusk.store\/sv\/wp-json\/wp\/v2\/product_cat?post=58732"},{"taxonomy":"product_tag","embeddable":true,"href":"https:\/\/truusk.store\/sv\/wp-json\/wp\/v2\/product_tag?post=58732"}],"curies":[{"name":"wp","href":"https:\/\/api.w.org\/{rel}","templated":true}]}}