{"id":58752,"date":"2025-06-04T23:55:33","date_gmt":"2025-06-04T22:55:33","guid":{"rendered":"https:\/\/truusk.store\/product\/katt-klostrumma-99-cm-lektunna-med-kattsang-lekboll-plattformar-kattmobler-gra\/"},"modified":"2026-03-12T09:28:15","modified_gmt":"2026-03-12T08:28:15","slug":"truusk-kattrad-99-cm-med-kattsang-leksak-och-plattformar-gra-kattmobler-tillbehor-for-katter","status":"publish","type":"product","link":"https:\/\/truusk.store\/sv\/produkt\/truusk-kattrad-99-cm-med-kattsang-leksak-och-plattformar-gra-kattmobler-tillbehor-for-katter\/","title":{"rendered":"TRUUSK Kattr\u00e4d 99 cm med katts\u00e4ng, leksak och plattformar &#8211; Gr\u00e5 &#8211; Kattm\u00f6bler &#8211; Tillbeh\u00f6r f\u00f6r katter"},"content":{"rendered":"<p>Avkoppling och lek p\u00e5 ett st\u00e4lle, med detta kattr\u00e4d fr\u00e5n TRUUSK. Det erbjuder ett m\u00e5ngsidigt utrymme f\u00f6r din katt eller kattunge och har en kl\u00f6sstolpe med tre niv\u00e5er, en katts\u00e4ng, fyra plattformar, fyra kl\u00f6sstolpar och en h\u00e4ngande leksak f\u00f6r att skapa en katt-n\u00f6jespark som uppfyller alla deras behov. Med sisalrep omsluten kl\u00f6sstolpe, tillverkad av slitstarkt tr\u00e4material och plysch, erbjuder den mycket komfort.<\/p>\n<p>Beskrivning:<\/p>\n<ul>\n<li> Flera niv\u00e5er kattr\u00e4d med g\u00f6mst\u00e4llen och viloplatser<\/li>\n<li> Slitstarka kl\u00f6sstolpar p\u00e5 kl\u00e4ttertornet f\u00f6r l\u00e5ngvarig anv\u00e4ndning<\/li>\n<li> T\u00e4ckt med mjuk plysch f\u00f6r ett mysigt och bekv\u00e4mt utrymme<\/li>\n<li> Uppfyller katternas behov av att v\u00e4ssa sina klor, f\u00f6r att skydda dina m\u00f6bler<\/li>\n<li> Tillverkad av robust tr\u00e4material, garanterar katternas s\u00e4kerhet vid anv\u00e4ndning<\/li>\n<li> L\u00e4mplig f\u00f6r 1-2 katter upp till 5 kg<\/li>\n<li> Montering kr\u00e4vs<\/li>\n<\/ul>\n<p> Tekniska data:<\/p>\n<ul>\n<li> F\u00e4rg: Gr\u00e5<\/li>\n<li> Material: Sp\u00e5nskiva, polyester, sisal, PP-skum<\/li>\n<li> Totala dimensioner: \u00d857 x 99H cm<\/li>\n<li> Kl\u00f6sstolpens storlek: \u00d838 x 95H cm<\/li>\n<li> Varje lagers storlek: \u00d837 x 28H cm<\/li>\n<li> Storlek p\u00e5 h\u00e5len: \u00d818cm\/ 17B x 20Hcm\/\u00d816 cm<\/li>\n<li> Katts\u00e4ng: \u00d837 x 6Hcm (Hela), \u00d827 x 5Hcm (Inuti)<\/li>\n<li> Plattformar: 46L x 15Bcm\uff0c26L x 15Bcm\uff0c26L x 15Bcm\uff0c26L x 15Bcm (fr\u00e5n botten till topp)<\/li>\n<li> Basens storlek: \u00d857 cm<\/li>\n<li> Maximal viktkapacitet: 30 kg<\/li>\n<\/ul>\n<p> Leverans inneh\u00e5ller:<\/p>\n<ul>\n<li> 1 x Kl\u00f6sstolpe<\/li>\n<li> 1 x Handbok<\/li>\n<\/ul>\n","protected":false},"excerpt":{"rendered":"<p>Avkoppling och lek p\u00e5 ett st\u00e4lle, med detta kattr\u00e4d fr\u00e5n TRUUSK. Det erbjuder ett m\u00e5ngsidigt utrymme f\u00f6r din katt eller&#8230;<\/p>\n","protected":false},"featured_media":58743,"template":"","meta":[],"product_brand":[],"product_cat":[895,588,879],"product_tag":[],"class_list":{"0":"post-58752","1":"product","2":"type-product","3":"status-publish","4":"has-post-thumbnail","6":"product_cat-djurutrustning","7":"product_cat-katttillbehor","8":"product_cat-klostrad","10":"first","11":"instock","12":"sale","13":"taxable","14":"shipping-taxable","15":"purchasable","16":"product-type-simple"},"yoast_head":"<!-- This site is optimized with the Yoast SEO plugin v25.4 - https:\/\/yoast.com\/wordpress\/plugins\/seo\/ -->\n<title>TRUUSK Kattr\u00e4d 99 cm med katts\u00e4ng, leksak och plattformar - Gr\u00e5 - Kattm\u00f6bler - Tillbeh\u00f6r f\u00f6r katter - TRUUSK - Hem, Tr\u00e4dg\u00e5rd &amp; Fritid<\/title>\n<meta name=\"robots\" content=\"index, follow, max-snippet:-1, max-image-preview:large, max-video-preview:-1\" \/>\n<link rel=\"canonical\" href=\"https:\/\/truusk.store\/sv\/produkt\/truusk-kattrad-99-cm-med-kattsang-leksak-och-plattformar-gra-kattmobler-tillbehor-for-katter\/\" \/>\n<meta property=\"og:locale\" content=\"sv_SE\" \/>\n<meta property=\"og:type\" content=\"article\" \/>\n<meta property=\"og:title\" content=\"TRUUSK Kattr\u00e4d 99 cm med katts\u00e4ng, leksak och plattformar - Gr\u00e5 - Kattm\u00f6bler - Tillbeh\u00f6r f\u00f6r katter - TRUUSK - Hem, Tr\u00e4dg\u00e5rd &amp; Fritid\" \/>\n<meta property=\"og:description\" content=\"Avkoppling och lek p\u00e5 ett st\u00e4lle, med detta kattr\u00e4d fr\u00e5n TRUUSK. Det erbjuder ett m\u00e5ngsidigt utrymme f\u00f6r din katt eller...\" \/>\n<meta property=\"og:url\" content=\"https:\/\/truusk.store\/sv\/produkt\/truusk-kattrad-99-cm-med-kattsang-leksak-och-plattformar-gra-kattmobler-tillbehor-for-katter\/\" \/>\n<meta property=\"og:site_name\" content=\"TRUUSK - Hem, Tr\u00e4dg\u00e5rd &amp; Fritid\" \/>\n<meta property=\"article:modified_time\" content=\"2026-03-12T08:28:15+00:00\" \/>\n<meta property=\"og:image\" content=\"https:\/\/i0.wp.com\/truusk.se\/wp-content\/uploads\/2025\/06\/katt-klostrumma-99-cm-lektunna-med-kattsang-lekboll-plattformar-kattmobler-gra-1.webp?fit=2000%2C2000&ssl=1\" \/>\n\t<meta property=\"og:image:width\" content=\"2000\" \/>\n\t<meta property=\"og:image:height\" content=\"2000\" \/>\n\t<meta property=\"og:image:type\" content=\"image\/webp\" \/>\n<meta name=\"twitter:card\" content=\"summary_large_image\" \/>\n<meta name=\"twitter:label1\" content=\"Ber\u00e4knad l\u00e4stid\" \/>\n\t<meta name=\"twitter:data1\" content=\"1 minut\" \/>\n<!-- \/ Yoast SEO plugin. -->","yoast_head_json":{"title":"TRUUSK Kattr\u00e4d 99 cm med katts\u00e4ng, leksak och plattformar - Gr\u00e5 - Kattm\u00f6bler - Tillbeh\u00f6r f\u00f6r katter - TRUUSK - Hem, Tr\u00e4dg\u00e5rd &amp; Fritid","robots":{"index":"index","follow":"follow","max-snippet":"max-snippet:-1","max-image-preview":"max-image-preview:large","max-video-preview":"max-video-preview:-1"},"canonical":"https:\/\/truusk.store\/sv\/produkt\/truusk-kattrad-99-cm-med-kattsang-leksak-och-plattformar-gra-kattmobler-tillbehor-for-katter\/","og_locale":"sv_SE","og_type":"article","og_title":"TRUUSK Kattr\u00e4d 99 cm med katts\u00e4ng, leksak och plattformar - Gr\u00e5 - Kattm\u00f6bler - Tillbeh\u00f6r f\u00f6r katter - TRUUSK - Hem, Tr\u00e4dg\u00e5rd &amp; Fritid","og_description":"Avkoppling och lek p\u00e5 ett st\u00e4lle, med detta kattr\u00e4d fr\u00e5n TRUUSK. Det erbjuder ett m\u00e5ngsidigt utrymme f\u00f6r din katt eller...","og_url":"https:\/\/truusk.store\/sv\/produkt\/truusk-kattrad-99-cm-med-kattsang-leksak-och-plattformar-gra-kattmobler-tillbehor-for-katter\/","og_site_name":"TRUUSK - Hem, Tr\u00e4dg\u00e5rd &amp; Fritid","article_modified_time":"2026-03-12T08:28:15+00:00","og_image":[{"width":2000,"height":2000,"url":"https:\/\/i0.wp.com\/truusk.se\/wp-content\/uploads\/2025\/06\/katt-klostrumma-99-cm-lektunna-med-kattsang-lekboll-plattformar-kattmobler-gra-1.webp?fit=2000%2C2000&ssl=1","type":"image\/webp"}],"twitter_card":"summary_large_image","twitter_misc":{"Ber\u00e4knad l\u00e4stid":"1 minut"},"schema":{"@context":"https:\/\/schema.org","@graph":[{"@type":"WebPage","@id":"https:\/\/truusk.store\/sv\/produkt\/truusk-kattrad-99-cm-med-kattsang-leksak-och-plattformar-gra-kattmobler-tillbehor-for-katter\/","url":"https:\/\/truusk.store\/sv\/produkt\/truusk-kattrad-99-cm-med-kattsang-leksak-och-plattformar-gra-kattmobler-tillbehor-for-katter\/","name":"TRUUSK Kattr\u00e4d 99 cm med katts\u00e4ng, leksak och plattformar - Gr\u00e5 - Kattm\u00f6bler - Tillbeh\u00f6r f\u00f6r katter - TRUUSK - Hem, Tr\u00e4dg\u00e5rd &amp; Fritid","isPartOf":{"@id":"https:\/\/truusk.store\/sv\/#website"},"primaryImageOfPage":{"@id":"https:\/\/truusk.store\/sv\/produkt\/truusk-kattrad-99-cm-med-kattsang-leksak-och-plattformar-gra-kattmobler-tillbehor-for-katter\/#primaryimage"},"image":{"@id":"https:\/\/truusk.store\/sv\/produkt\/truusk-kattrad-99-cm-med-kattsang-leksak-och-plattformar-gra-kattmobler-tillbehor-for-katter\/#primaryimage"},"thumbnailUrl":"https:\/\/i0.wp.com\/truusk.store\/wp-content\/uploads\/2025\/06\/katt-klostrumma-99-cm-lektunna-med-kattsang-lekboll-plattformar-kattmobler-gra-1.webp?fit=2000%2C2000&ssl=1","datePublished":"2025-06-04T22:55:33+00:00","dateModified":"2026-03-12T08:28:15+00:00","breadcrumb":{"@id":"https:\/\/truusk.store\/sv\/produkt\/truusk-kattrad-99-cm-med-kattsang-leksak-och-plattformar-gra-kattmobler-tillbehor-for-katter\/#breadcrumb"},"inLanguage":"sv-SE","potentialAction":[{"@type":"ReadAction","target":["https:\/\/truusk.store\/sv\/produkt\/truusk-kattrad-99-cm-med-kattsang-leksak-och-plattformar-gra-kattmobler-tillbehor-for-katter\/"]}]},{"@type":"ImageObject","inLanguage":"sv-SE","@id":"https:\/\/truusk.store\/sv\/produkt\/truusk-kattrad-99-cm-med-kattsang-leksak-och-plattformar-gra-kattmobler-tillbehor-for-katter\/#primaryimage","url":"https:\/\/i0.wp.com\/truusk.store\/wp-content\/uploads\/2025\/06\/katt-klostrumma-99-cm-lektunna-med-kattsang-lekboll-plattformar-kattmobler-gra-1.webp?fit=2000%2C2000&ssl=1","contentUrl":"https:\/\/i0.wp.com\/truusk.store\/wp-content\/uploads\/2025\/06\/katt-klostrumma-99-cm-lektunna-med-kattsang-lekboll-plattformar-kattmobler-gra-1.webp?fit=2000%2C2000&ssl=1","width":2000,"height":2000},{"@type":"BreadcrumbList","@id":"https:\/\/truusk.store\/sv\/produkt\/truusk-kattrad-99-cm-med-kattsang-leksak-och-plattformar-gra-kattmobler-tillbehor-for-katter\/#breadcrumb","itemListElement":[{"@type":"ListItem","position":1,"name":"Home","item":"https:\/\/truusk.store\/sv\/"},{"@type":"ListItem","position":2,"name":"Shop","item":"https:\/\/truusk.store\/shop\/"},{"@type":"ListItem","position":3,"name":"TRUUSK Kattr\u00e4d 99 cm med katts\u00e4ng, leksak och plattformar &#8211; Gr\u00e5 &#8211; Kattm\u00f6bler &#8211; Tillbeh\u00f6r f\u00f6r katter"}]},{"@type":"WebSite","@id":"https:\/\/truusk.store\/sv\/#website","url":"https:\/\/truusk.store\/sv\/","name":"TRUUSK - Hem, Tr\u00e4dg\u00e5rd & Fritid","description":"","publisher":{"@id":"https:\/\/truusk.store\/sv\/#organization"},"potentialAction":[{"@type":"SearchAction","target":{"@type":"EntryPoint","urlTemplate":"https:\/\/truusk.store\/sv\/?s={search_term_string}"},"query-input":{"@type":"PropertyValueSpecification","valueRequired":true,"valueName":"search_term_string"}}],"inLanguage":"sv-SE"},{"@type":"Organization","@id":"https:\/\/truusk.store\/sv\/#organization","name":"TRUUSK - Hem, Tr\u00e4dg\u00e5rd & Fritid","url":"https:\/\/truusk.store\/sv\/","logo":{"@type":"ImageObject","inLanguage":"sv-SE","@id":"https:\/\/truusk.store\/sv\/#\/schema\/logo\/image\/","url":"https:\/\/i0.wp.com\/truusk.store\/wp-content\/uploads\/2026\/03\/cropped-TRUUSK.png?fit=2032%2C917&ssl=1","contentUrl":"https:\/\/i0.wp.com\/truusk.store\/wp-content\/uploads\/2026\/03\/cropped-TRUUSK.png?fit=2032%2C917&ssl=1","width":2032,"height":917,"caption":"TRUUSK - Hem, Tr\u00e4dg\u00e5rd & Fritid"},"image":{"@id":"https:\/\/truusk.store\/sv\/#\/schema\/logo\/image\/"}}]}},"jetpack_sharing_enabled":true,"_links":{"self":[{"href":"https:\/\/truusk.store\/sv\/wp-json\/wp\/v2\/product\/58752","targetHints":{"allow":["GET"]}}],"collection":[{"href":"https:\/\/truusk.store\/sv\/wp-json\/wp\/v2\/product"}],"about":[{"href":"https:\/\/truusk.store\/sv\/wp-json\/wp\/v2\/types\/product"}],"wp:featuredmedia":[{"embeddable":true,"href":"https:\/\/truusk.store\/sv\/wp-json\/wp\/v2\/media\/58743"}],"wp:attachment":[{"href":"https:\/\/truusk.store\/sv\/wp-json\/wp\/v2\/media?parent=58752"}],"wp:term":[{"taxonomy":"product_brand","embeddable":true,"href":"https:\/\/truusk.store\/sv\/wp-json\/wp\/v2\/product_brand?post=58752"},{"taxonomy":"product_cat","embeddable":true,"href":"https:\/\/truusk.store\/sv\/wp-json\/wp\/v2\/product_cat?post=58752"},{"taxonomy":"product_tag","embeddable":true,"href":"https:\/\/truusk.store\/sv\/wp-json\/wp\/v2\/product_tag?post=58752"}],"curies":[{"name":"wp","href":"https:\/\/api.w.org\/{rel}","templated":true}]}}