{"id":58772,"date":"2025-06-04T23:57:29","date_gmt":"2025-06-04T22:57:29","guid":{"rendered":"https:\/\/truusk.store\/product\/hundbur-som-mobel-barformaga-50-kg-hundbur-for-stora-hundar-hundbur-med-skjutdorr-brun\/"},"modified":"2026-03-12T09:32:28","modified_gmt":"2026-03-12T08:32:28","slug":"truusk-hundbur-som-mobel-barformaga-50-kg-for-stora-hundar-med-skjutdorr-brun","status":"publish","type":"product","link":"https:\/\/truusk.store\/sv\/produkt\/truusk-hundbur-som-mobel-barformaga-50-kg-for-stora-hundar-med-skjutdorr-brun\/","title":{"rendered":"TRUUSK Hundbur som M\u00f6bel, B\u00e4rf\u00f6rm\u00e5ga 50 kg &#8211; F\u00f6r Stora Hundar &#8211; Med Skjutd\u00f6rr &#8211; Brun"},"content":{"rendered":"<p>Denna hundbur har en port som ger en stor infart f\u00f6r enkel in- och utg\u00e5ng. Med ventilation p\u00e5 tre sidor kan hundar koppla av inuti. Designen erbjuder m\u00f6bler som b\u00e5de du och din fyrbenta v\u00e4n kan njuta av. N\u00e4r du g\u00f6r denna avkopplande Pawhut husdjursbur till en del av ditt hem, f\u00e5r du en solid konstruktion som du beh\u00f6ver under hela din hunds livstid.<\/p>\n<p>Beskrivning:<\/p>\n<ul>\n<li> Ventilation p\u00e5 tre sidor s\u00e5 att din hund inte k\u00e4nner sig inst\u00e4ngd inuti<\/li>\n<li> Hundburen \u00e4r tillverkad av sp\u00e5nskiva och st\u00e5l f\u00f6r stabilitet<\/li>\n<li> En skjutd\u00f6rr p\u00e5 husdjursburen med l\u00e5s garanterar hundens s\u00e4kerhet inuti<\/li>\n<li> L\u00e4mplig f\u00f6r stora hundar upp till 30 kg och 60 cm<\/li>\n<li> Montering kr\u00e4vs<\/li>\n<\/ul>\n<p> Tekniska data:<\/p>\n<ul>\n<li> F\u00e4rg: Vit<\/li>\n<li> Material: Sp\u00e5nskiva, st\u00e5l<\/li>\n<li> Totala dimensioner: 98L x 58B x 61H cm<\/li>\n<li> Inre utrymme: 94L x 50B x 58H cm<\/li>\n<li> D\u00f6rr: 48,5L x 50H cm<\/li>\n<li> Avst\u00e5nd mellan st\u00e4ngerna: 5,8 cm<\/li>\n<li> Maximal viktkapacitet: 20 kg (ovanp\u00e5), 50 kg (inuti)<\/li>\n<\/ul>\n<p> Leverans inneh\u00e5ller:<\/p>\n<ul>\n<li> 1 x Hundbur<\/li>\n<li> 1 x Manual<\/li>\n<\/ul>\n","protected":false},"excerpt":{"rendered":"<p>Denna hundbur har en port som ger en stor infart f\u00f6r enkel in- och utg\u00e5ng. Med ventilation p\u00e5 tre sidor&#8230;<\/p>\n","protected":false},"featured_media":58763,"template":"","meta":[],"product_brand":[],"product_cat":[878,583,574],"product_tag":[],"class_list":{"0":"post-58772","1":"product","2":"type-product","3":"status-publish","4":"has-post-thumbnail","6":"product_cat-djurbehov","7":"product_cat-hundburar","8":"product_cat-hundtillbehor","10":"first","11":"instock","12":"sale","13":"taxable","14":"shipping-taxable","15":"purchasable","16":"product-type-simple"},"yoast_head":"<!-- This site is optimized with the Yoast SEO plugin v25.4 - https:\/\/yoast.com\/wordpress\/plugins\/seo\/ -->\n<title>TRUUSK Hundbur som M\u00f6bel, B\u00e4rf\u00f6rm\u00e5ga 50 kg - F\u00f6r Stora Hundar - Med Skjutd\u00f6rr - Brun - TRUUSK - Hem, Tr\u00e4dg\u00e5rd &amp; Fritid<\/title>\n<meta name=\"robots\" content=\"index, follow, max-snippet:-1, max-image-preview:large, max-video-preview:-1\" \/>\n<link rel=\"canonical\" href=\"https:\/\/truusk.store\/sv\/produkt\/truusk-hundbur-som-mobel-barformaga-50-kg-for-stora-hundar-med-skjutdorr-brun\/\" \/>\n<meta property=\"og:locale\" content=\"sv_SE\" \/>\n<meta property=\"og:type\" content=\"article\" \/>\n<meta property=\"og:title\" content=\"TRUUSK Hundbur som M\u00f6bel, B\u00e4rf\u00f6rm\u00e5ga 50 kg - F\u00f6r Stora Hundar - Med Skjutd\u00f6rr - Brun - TRUUSK - Hem, Tr\u00e4dg\u00e5rd &amp; Fritid\" \/>\n<meta property=\"og:description\" content=\"Denna hundbur har en port som ger en stor infart f\u00f6r enkel in- och utg\u00e5ng. Med ventilation p\u00e5 tre sidor...\" \/>\n<meta property=\"og:url\" content=\"https:\/\/truusk.store\/sv\/produkt\/truusk-hundbur-som-mobel-barformaga-50-kg-for-stora-hundar-med-skjutdorr-brun\/\" \/>\n<meta property=\"og:site_name\" content=\"TRUUSK - Hem, Tr\u00e4dg\u00e5rd &amp; Fritid\" \/>\n<meta property=\"article:modified_time\" content=\"2026-03-12T08:32:28+00:00\" \/>\n<meta property=\"og:image\" content=\"https:\/\/i0.wp.com\/truusk.se\/wp-content\/uploads\/2025\/06\/hundbur-som-mobel-barformaga-50-kg-hundbur-for-stora-hundar-hundbur-med-skjutdorr-brun-1.webp?fit=2000%2C2000&ssl=1\" \/>\n\t<meta property=\"og:image:width\" content=\"2000\" \/>\n\t<meta property=\"og:image:height\" content=\"2000\" \/>\n\t<meta property=\"og:image:type\" content=\"image\/webp\" \/>\n<meta name=\"twitter:card\" content=\"summary_large_image\" \/>\n<meta name=\"twitter:label1\" content=\"Ber\u00e4knad l\u00e4stid\" \/>\n\t<meta name=\"twitter:data1\" content=\"1 minut\" \/>\n<!-- \/ Yoast SEO plugin. -->","yoast_head_json":{"title":"TRUUSK Hundbur som M\u00f6bel, B\u00e4rf\u00f6rm\u00e5ga 50 kg - F\u00f6r Stora Hundar - Med Skjutd\u00f6rr - Brun - TRUUSK - Hem, Tr\u00e4dg\u00e5rd &amp; Fritid","robots":{"index":"index","follow":"follow","max-snippet":"max-snippet:-1","max-image-preview":"max-image-preview:large","max-video-preview":"max-video-preview:-1"},"canonical":"https:\/\/truusk.store\/sv\/produkt\/truusk-hundbur-som-mobel-barformaga-50-kg-for-stora-hundar-med-skjutdorr-brun\/","og_locale":"sv_SE","og_type":"article","og_title":"TRUUSK Hundbur som M\u00f6bel, B\u00e4rf\u00f6rm\u00e5ga 50 kg - F\u00f6r Stora Hundar - Med Skjutd\u00f6rr - Brun - TRUUSK - Hem, Tr\u00e4dg\u00e5rd &amp; Fritid","og_description":"Denna hundbur har en port som ger en stor infart f\u00f6r enkel in- och utg\u00e5ng. Med ventilation p\u00e5 tre sidor...","og_url":"https:\/\/truusk.store\/sv\/produkt\/truusk-hundbur-som-mobel-barformaga-50-kg-for-stora-hundar-med-skjutdorr-brun\/","og_site_name":"TRUUSK - Hem, Tr\u00e4dg\u00e5rd &amp; Fritid","article_modified_time":"2026-03-12T08:32:28+00:00","og_image":[{"width":2000,"height":2000,"url":"https:\/\/i0.wp.com\/truusk.se\/wp-content\/uploads\/2025\/06\/hundbur-som-mobel-barformaga-50-kg-hundbur-for-stora-hundar-hundbur-med-skjutdorr-brun-1.webp?fit=2000%2C2000&ssl=1","type":"image\/webp"}],"twitter_card":"summary_large_image","twitter_misc":{"Ber\u00e4knad l\u00e4stid":"1 minut"},"schema":{"@context":"https:\/\/schema.org","@graph":[{"@type":"WebPage","@id":"https:\/\/truusk.store\/sv\/produkt\/truusk-hundbur-som-mobel-barformaga-50-kg-for-stora-hundar-med-skjutdorr-brun\/","url":"https:\/\/truusk.store\/sv\/produkt\/truusk-hundbur-som-mobel-barformaga-50-kg-for-stora-hundar-med-skjutdorr-brun\/","name":"TRUUSK Hundbur som M\u00f6bel, B\u00e4rf\u00f6rm\u00e5ga 50 kg - F\u00f6r Stora Hundar - Med Skjutd\u00f6rr - Brun - TRUUSK - Hem, Tr\u00e4dg\u00e5rd &amp; Fritid","isPartOf":{"@id":"https:\/\/truusk.store\/sv\/#website"},"primaryImageOfPage":{"@id":"https:\/\/truusk.store\/sv\/produkt\/truusk-hundbur-som-mobel-barformaga-50-kg-for-stora-hundar-med-skjutdorr-brun\/#primaryimage"},"image":{"@id":"https:\/\/truusk.store\/sv\/produkt\/truusk-hundbur-som-mobel-barformaga-50-kg-for-stora-hundar-med-skjutdorr-brun\/#primaryimage"},"thumbnailUrl":"https:\/\/i0.wp.com\/truusk.store\/wp-content\/uploads\/2025\/06\/hundbur-som-mobel-barformaga-50-kg-hundbur-for-stora-hundar-hundbur-med-skjutdorr-brun-1.webp?fit=2000%2C2000&ssl=1","datePublished":"2025-06-04T22:57:29+00:00","dateModified":"2026-03-12T08:32:28+00:00","breadcrumb":{"@id":"https:\/\/truusk.store\/sv\/produkt\/truusk-hundbur-som-mobel-barformaga-50-kg-for-stora-hundar-med-skjutdorr-brun\/#breadcrumb"},"inLanguage":"sv-SE","potentialAction":[{"@type":"ReadAction","target":["https:\/\/truusk.store\/sv\/produkt\/truusk-hundbur-som-mobel-barformaga-50-kg-for-stora-hundar-med-skjutdorr-brun\/"]}]},{"@type":"ImageObject","inLanguage":"sv-SE","@id":"https:\/\/truusk.store\/sv\/produkt\/truusk-hundbur-som-mobel-barformaga-50-kg-for-stora-hundar-med-skjutdorr-brun\/#primaryimage","url":"https:\/\/i0.wp.com\/truusk.store\/wp-content\/uploads\/2025\/06\/hundbur-som-mobel-barformaga-50-kg-hundbur-for-stora-hundar-hundbur-med-skjutdorr-brun-1.webp?fit=2000%2C2000&ssl=1","contentUrl":"https:\/\/i0.wp.com\/truusk.store\/wp-content\/uploads\/2025\/06\/hundbur-som-mobel-barformaga-50-kg-hundbur-for-stora-hundar-hundbur-med-skjutdorr-brun-1.webp?fit=2000%2C2000&ssl=1","width":2000,"height":2000},{"@type":"BreadcrumbList","@id":"https:\/\/truusk.store\/sv\/produkt\/truusk-hundbur-som-mobel-barformaga-50-kg-for-stora-hundar-med-skjutdorr-brun\/#breadcrumb","itemListElement":[{"@type":"ListItem","position":1,"name":"Home","item":"https:\/\/truusk.store\/sv\/"},{"@type":"ListItem","position":2,"name":"Shop","item":"https:\/\/truusk.store\/shop\/"},{"@type":"ListItem","position":3,"name":"TRUUSK Hundbur som M\u00f6bel, B\u00e4rf\u00f6rm\u00e5ga 50 kg &#8211; F\u00f6r Stora Hundar &#8211; Med Skjutd\u00f6rr &#8211; Brun"}]},{"@type":"WebSite","@id":"https:\/\/truusk.store\/sv\/#website","url":"https:\/\/truusk.store\/sv\/","name":"TRUUSK - Hem, Tr\u00e4dg\u00e5rd & Fritid","description":"","publisher":{"@id":"https:\/\/truusk.store\/sv\/#organization"},"potentialAction":[{"@type":"SearchAction","target":{"@type":"EntryPoint","urlTemplate":"https:\/\/truusk.store\/sv\/?s={search_term_string}"},"query-input":{"@type":"PropertyValueSpecification","valueRequired":true,"valueName":"search_term_string"}}],"inLanguage":"sv-SE"},{"@type":"Organization","@id":"https:\/\/truusk.store\/sv\/#organization","name":"TRUUSK - Hem, Tr\u00e4dg\u00e5rd & Fritid","url":"https:\/\/truusk.store\/sv\/","logo":{"@type":"ImageObject","inLanguage":"sv-SE","@id":"https:\/\/truusk.store\/sv\/#\/schema\/logo\/image\/","url":"https:\/\/i0.wp.com\/truusk.store\/wp-content\/uploads\/2026\/03\/cropped-TRUUSK.png?fit=2032%2C917&ssl=1","contentUrl":"https:\/\/i0.wp.com\/truusk.store\/wp-content\/uploads\/2026\/03\/cropped-TRUUSK.png?fit=2032%2C917&ssl=1","width":2032,"height":917,"caption":"TRUUSK - Hem, Tr\u00e4dg\u00e5rd & Fritid"},"image":{"@id":"https:\/\/truusk.store\/sv\/#\/schema\/logo\/image\/"}}]}},"jetpack_sharing_enabled":true,"_links":{"self":[{"href":"https:\/\/truusk.store\/sv\/wp-json\/wp\/v2\/product\/58772","targetHints":{"allow":["GET"]}}],"collection":[{"href":"https:\/\/truusk.store\/sv\/wp-json\/wp\/v2\/product"}],"about":[{"href":"https:\/\/truusk.store\/sv\/wp-json\/wp\/v2\/types\/product"}],"wp:featuredmedia":[{"embeddable":true,"href":"https:\/\/truusk.store\/sv\/wp-json\/wp\/v2\/media\/58763"}],"wp:attachment":[{"href":"https:\/\/truusk.store\/sv\/wp-json\/wp\/v2\/media?parent=58772"}],"wp:term":[{"taxonomy":"product_brand","embeddable":true,"href":"https:\/\/truusk.store\/sv\/wp-json\/wp\/v2\/product_brand?post=58772"},{"taxonomy":"product_cat","embeddable":true,"href":"https:\/\/truusk.store\/sv\/wp-json\/wp\/v2\/product_cat?post=58772"},{"taxonomy":"product_tag","embeddable":true,"href":"https:\/\/truusk.store\/sv\/wp-json\/wp\/v2\/product_tag?post=58772"}],"curies":[{"name":"wp","href":"https:\/\/api.w.org\/{rel}","templated":true}]}}