{"id":58812,"date":"2025-06-05T00:02:04","date_gmt":"2025-06-04T23:02:04","guid":{"rendered":"https:\/\/truusk.store\/product\/hundvagn-hundvagn-med-fallfunktion-pet-stroller-for-sma-hundar-katter-husdjursvagn-oxford-khaki-67x45x96cm\/"},"modified":"2026-03-12T09:36:19","modified_gmt":"2026-03-12T08:36:19","slug":"truusk-hundvagn-med-fallfunktion-for-sma-hundar-och-katter-oxford-material-khaki-67x45x96cm","status":"publish","type":"product","link":"https:\/\/truusk.store\/sv\/produkt\/truusk-hundvagn-med-fallfunktion-for-sma-hundar-och-katter-oxford-material-khaki-67x45x96cm\/","title":{"rendered":"TRUUSK Hundvagn med F\u00e4llfunktion &#8211; F\u00f6r Sm\u00e5 Hundar och Katter &#8211; Oxford Material &#8211; Khaki 67x45x96cm"},"content":{"rendered":"<p>Om du letar efter ett enkelt att anv\u00e4nda, bekv\u00e4mt och praktiskt transportmedel f\u00f6r skadade eller \u00e4ldre husdjur, b\u00f6r du ta en titt p\u00e5 denna hundvagn fr\u00e5n TRUUSK. Rymlig inuti och utrustad med ett n\u00e4t f\u00f6nster, kommer din hund att ha det underbart bekv\u00e4mt. En mugg h\u00e5llare p\u00e5 skjuthandtaget och en bottenkorg g\u00f6r det l\u00e4tt att ta med allt n\u00f6dv\u00e4ndigt, medan de smidiga hjulen ger stor r\u00f6relsefrihet.<\/p>\n<p>Beskrivning:<\/p>\n<ul>\n<li> Robust st\u00e5lram ger h\u00f6g stabilitet<\/li>\n<li> Frontn\u00e4t f\u00f6nster ger h\u00f6g luftgenomsl\u00e4pplighet<\/li>\n<li> Taket kan justeras i fyra olika positioner<\/li>\n<li> Tv\u00e5 s\u00e4kerhetsb\u00e4lten f\u00f6r att sp\u00e4nna fast ditt husdjur p\u00e5 resan<\/li>\n<li> Fyra hjul: bak med bromsar, fram tv\u00e5 som kan rotera 360\u00b0<\/li>\n<li> Kan f\u00e4llas ihop med ett handtag, l\u00e4tt att transportera och f\u00f6rvara<\/li>\n<li> L\u00e4mplig f\u00f6r sm\u00e5 hundar med en kroppsl\u00e4ngd upp till 32 cm och en vikt upp till 4 kg<\/li>\n<\/ul>\n<p> Tekniska data:<\/p>\n<ul>\n<li> F\u00e4rg: Khaki<\/li>\n<li> Material: St\u00e5l, Polyester<\/li>\n<li> Totala m\u00e5tt: 67L x 45B x 96H cm<\/li>\n<li> Inre dimensioner: 52L x 32B x 48H cm (med tak), 52L x 32B x 22H cm (utan tak)<\/li>\n<li> M\u00e5tt n\u00e4t f\u00f6nster (fram\/bak): 26L x 17B cm<\/li>\n<li> F\u00e4llbara m\u00e5tt: 86L x 45B x 24H cm<\/li>\n<li> Korgstorlek: 36L x 25B x 12H cm<\/li>\n<li> M\u00e5tt framhjul: \u00d86&#8243;<\/li>\n<li> M\u00e5tt bakhjul: \u00d86&#8243;<\/li>\n<\/ul>\n<p>Leveransinneh\u00e5ll:<\/p>\n<ul>\n<li>1 x Husdjursvagn<\/li>\n<li>1 x Instruktioner<\/li>\n<\/ul>\n","protected":false},"excerpt":{"rendered":"<p>Om du letar efter ett enkelt att anv\u00e4nda, bekv\u00e4mt och praktiskt transportmedel f\u00f6r skadade eller \u00e4ldre husdjur, b\u00f6r du ta&#8230;<\/p>\n","protected":false},"featured_media":58801,"template":"","meta":[],"product_brand":[],"product_cat":[878,574,579],"product_tag":[],"class_list":{"0":"post-58812","1":"product","2":"type-product","3":"status-publish","4":"has-post-thumbnail","6":"product_cat-djurbehov","7":"product_cat-hundtillbehor","8":"product_cat-hundvagn","10":"first","11":"instock","12":"sale","13":"taxable","14":"shipping-taxable","15":"purchasable","16":"product-type-simple"},"yoast_head":"<!-- This site is optimized with the Yoast SEO plugin v25.4 - https:\/\/yoast.com\/wordpress\/plugins\/seo\/ -->\n<title>TRUUSK Hundvagn med F\u00e4llfunktion - F\u00f6r Sm\u00e5 Hundar och Katter - Oxford Material - Khaki 67x45x96cm - TRUUSK - Hem, Tr\u00e4dg\u00e5rd &amp; Fritid<\/title>\n<meta name=\"robots\" content=\"index, follow, max-snippet:-1, max-image-preview:large, max-video-preview:-1\" \/>\n<link rel=\"canonical\" href=\"https:\/\/truusk.store\/sv\/produkt\/truusk-hundvagn-med-fallfunktion-for-sma-hundar-och-katter-oxford-material-khaki-67x45x96cm\/\" \/>\n<meta property=\"og:locale\" content=\"sv_SE\" \/>\n<meta property=\"og:type\" content=\"article\" \/>\n<meta property=\"og:title\" content=\"TRUUSK Hundvagn med F\u00e4llfunktion - F\u00f6r Sm\u00e5 Hundar och Katter - Oxford Material - Khaki 67x45x96cm - TRUUSK - Hem, Tr\u00e4dg\u00e5rd &amp; Fritid\" \/>\n<meta property=\"og:description\" content=\"Om du letar efter ett enkelt att anv\u00e4nda, bekv\u00e4mt och praktiskt transportmedel f\u00f6r skadade eller \u00e4ldre husdjur, b\u00f6r du ta...\" \/>\n<meta property=\"og:url\" content=\"https:\/\/truusk.store\/sv\/produkt\/truusk-hundvagn-med-fallfunktion-for-sma-hundar-och-katter-oxford-material-khaki-67x45x96cm\/\" \/>\n<meta property=\"og:site_name\" content=\"TRUUSK - Hem, Tr\u00e4dg\u00e5rd &amp; Fritid\" \/>\n<meta property=\"article:modified_time\" content=\"2026-03-12T08:36:19+00:00\" \/>\n<meta property=\"og:image\" content=\"https:\/\/i0.wp.com\/truusk.se\/wp-content\/uploads\/2025\/06\/hundvagn-hundvagn-med-fallfunktion-pet-stroller-for-sma-hundar-katter-husdjursvagn-oxford-khaki-67x45x96cm-1.webp?fit=2000%2C2000&ssl=1\" \/>\n\t<meta property=\"og:image:width\" content=\"2000\" \/>\n\t<meta property=\"og:image:height\" content=\"2000\" \/>\n\t<meta property=\"og:image:type\" content=\"image\/webp\" \/>\n<meta name=\"twitter:card\" content=\"summary_large_image\" \/>\n<meta name=\"twitter:label1\" content=\"Ber\u00e4knad l\u00e4stid\" \/>\n\t<meta name=\"twitter:data1\" content=\"1 minut\" \/>\n<!-- \/ Yoast SEO plugin. -->","yoast_head_json":{"title":"TRUUSK Hundvagn med F\u00e4llfunktion - F\u00f6r Sm\u00e5 Hundar och Katter - Oxford Material - Khaki 67x45x96cm - TRUUSK - Hem, Tr\u00e4dg\u00e5rd &amp; Fritid","robots":{"index":"index","follow":"follow","max-snippet":"max-snippet:-1","max-image-preview":"max-image-preview:large","max-video-preview":"max-video-preview:-1"},"canonical":"https:\/\/truusk.store\/sv\/produkt\/truusk-hundvagn-med-fallfunktion-for-sma-hundar-och-katter-oxford-material-khaki-67x45x96cm\/","og_locale":"sv_SE","og_type":"article","og_title":"TRUUSK Hundvagn med F\u00e4llfunktion - F\u00f6r Sm\u00e5 Hundar och Katter - Oxford Material - Khaki 67x45x96cm - TRUUSK - Hem, Tr\u00e4dg\u00e5rd &amp; Fritid","og_description":"Om du letar efter ett enkelt att anv\u00e4nda, bekv\u00e4mt och praktiskt transportmedel f\u00f6r skadade eller \u00e4ldre husdjur, b\u00f6r du ta...","og_url":"https:\/\/truusk.store\/sv\/produkt\/truusk-hundvagn-med-fallfunktion-for-sma-hundar-och-katter-oxford-material-khaki-67x45x96cm\/","og_site_name":"TRUUSK - Hem, Tr\u00e4dg\u00e5rd &amp; Fritid","article_modified_time":"2026-03-12T08:36:19+00:00","og_image":[{"width":2000,"height":2000,"url":"https:\/\/i0.wp.com\/truusk.se\/wp-content\/uploads\/2025\/06\/hundvagn-hundvagn-med-fallfunktion-pet-stroller-for-sma-hundar-katter-husdjursvagn-oxford-khaki-67x45x96cm-1.webp?fit=2000%2C2000&ssl=1","type":"image\/webp"}],"twitter_card":"summary_large_image","twitter_misc":{"Ber\u00e4knad l\u00e4stid":"1 minut"},"schema":{"@context":"https:\/\/schema.org","@graph":[{"@type":"WebPage","@id":"https:\/\/truusk.store\/sv\/produkt\/truusk-hundvagn-med-fallfunktion-for-sma-hundar-och-katter-oxford-material-khaki-67x45x96cm\/","url":"https:\/\/truusk.store\/sv\/produkt\/truusk-hundvagn-med-fallfunktion-for-sma-hundar-och-katter-oxford-material-khaki-67x45x96cm\/","name":"TRUUSK Hundvagn med F\u00e4llfunktion - F\u00f6r Sm\u00e5 Hundar och Katter - Oxford Material - Khaki 67x45x96cm - TRUUSK - Hem, Tr\u00e4dg\u00e5rd &amp; Fritid","isPartOf":{"@id":"https:\/\/truusk.store\/sv\/#website"},"primaryImageOfPage":{"@id":"https:\/\/truusk.store\/sv\/produkt\/truusk-hundvagn-med-fallfunktion-for-sma-hundar-och-katter-oxford-material-khaki-67x45x96cm\/#primaryimage"},"image":{"@id":"https:\/\/truusk.store\/sv\/produkt\/truusk-hundvagn-med-fallfunktion-for-sma-hundar-och-katter-oxford-material-khaki-67x45x96cm\/#primaryimage"},"thumbnailUrl":"https:\/\/i0.wp.com\/truusk.store\/wp-content\/uploads\/2025\/06\/hundvagn-hundvagn-med-fallfunktion-pet-stroller-for-sma-hundar-katter-husdjursvagn-oxford-khaki-67x45x96cm-1.webp?fit=2000%2C2000&ssl=1","datePublished":"2025-06-04T23:02:04+00:00","dateModified":"2026-03-12T08:36:19+00:00","breadcrumb":{"@id":"https:\/\/truusk.store\/sv\/produkt\/truusk-hundvagn-med-fallfunktion-for-sma-hundar-och-katter-oxford-material-khaki-67x45x96cm\/#breadcrumb"},"inLanguage":"sv-SE","potentialAction":[{"@type":"ReadAction","target":["https:\/\/truusk.store\/sv\/produkt\/truusk-hundvagn-med-fallfunktion-for-sma-hundar-och-katter-oxford-material-khaki-67x45x96cm\/"]}]},{"@type":"ImageObject","inLanguage":"sv-SE","@id":"https:\/\/truusk.store\/sv\/produkt\/truusk-hundvagn-med-fallfunktion-for-sma-hundar-och-katter-oxford-material-khaki-67x45x96cm\/#primaryimage","url":"https:\/\/i0.wp.com\/truusk.store\/wp-content\/uploads\/2025\/06\/hundvagn-hundvagn-med-fallfunktion-pet-stroller-for-sma-hundar-katter-husdjursvagn-oxford-khaki-67x45x96cm-1.webp?fit=2000%2C2000&ssl=1","contentUrl":"https:\/\/i0.wp.com\/truusk.store\/wp-content\/uploads\/2025\/06\/hundvagn-hundvagn-med-fallfunktion-pet-stroller-for-sma-hundar-katter-husdjursvagn-oxford-khaki-67x45x96cm-1.webp?fit=2000%2C2000&ssl=1","width":2000,"height":2000},{"@type":"BreadcrumbList","@id":"https:\/\/truusk.store\/sv\/produkt\/truusk-hundvagn-med-fallfunktion-for-sma-hundar-och-katter-oxford-material-khaki-67x45x96cm\/#breadcrumb","itemListElement":[{"@type":"ListItem","position":1,"name":"Home","item":"https:\/\/truusk.store\/sv\/"},{"@type":"ListItem","position":2,"name":"Shop","item":"https:\/\/truusk.store\/shop\/"},{"@type":"ListItem","position":3,"name":"TRUUSK Hundvagn med F\u00e4llfunktion &#8211; F\u00f6r Sm\u00e5 Hundar och Katter &#8211; Oxford Material &#8211; Khaki 67x45x96cm"}]},{"@type":"WebSite","@id":"https:\/\/truusk.store\/sv\/#website","url":"https:\/\/truusk.store\/sv\/","name":"TRUUSK - Hem, Tr\u00e4dg\u00e5rd & Fritid","description":"","publisher":{"@id":"https:\/\/truusk.store\/sv\/#organization"},"potentialAction":[{"@type":"SearchAction","target":{"@type":"EntryPoint","urlTemplate":"https:\/\/truusk.store\/sv\/?s={search_term_string}"},"query-input":{"@type":"PropertyValueSpecification","valueRequired":true,"valueName":"search_term_string"}}],"inLanguage":"sv-SE"},{"@type":"Organization","@id":"https:\/\/truusk.store\/sv\/#organization","name":"TRUUSK - Hem, Tr\u00e4dg\u00e5rd & Fritid","url":"https:\/\/truusk.store\/sv\/","logo":{"@type":"ImageObject","inLanguage":"sv-SE","@id":"https:\/\/truusk.store\/sv\/#\/schema\/logo\/image\/","url":"https:\/\/i0.wp.com\/truusk.store\/wp-content\/uploads\/2026\/03\/cropped-TRUUSK.png?fit=2032%2C917&ssl=1","contentUrl":"https:\/\/i0.wp.com\/truusk.store\/wp-content\/uploads\/2026\/03\/cropped-TRUUSK.png?fit=2032%2C917&ssl=1","width":2032,"height":917,"caption":"TRUUSK - Hem, Tr\u00e4dg\u00e5rd & Fritid"},"image":{"@id":"https:\/\/truusk.store\/sv\/#\/schema\/logo\/image\/"}}]}},"jetpack_sharing_enabled":true,"_links":{"self":[{"href":"https:\/\/truusk.store\/sv\/wp-json\/wp\/v2\/product\/58812","targetHints":{"allow":["GET"]}}],"collection":[{"href":"https:\/\/truusk.store\/sv\/wp-json\/wp\/v2\/product"}],"about":[{"href":"https:\/\/truusk.store\/sv\/wp-json\/wp\/v2\/types\/product"}],"wp:featuredmedia":[{"embeddable":true,"href":"https:\/\/truusk.store\/sv\/wp-json\/wp\/v2\/media\/58801"}],"wp:attachment":[{"href":"https:\/\/truusk.store\/sv\/wp-json\/wp\/v2\/media?parent=58812"}],"wp:term":[{"taxonomy":"product_brand","embeddable":true,"href":"https:\/\/truusk.store\/sv\/wp-json\/wp\/v2\/product_brand?post=58812"},{"taxonomy":"product_cat","embeddable":true,"href":"https:\/\/truusk.store\/sv\/wp-json\/wp\/v2\/product_cat?post=58812"},{"taxonomy":"product_tag","embeddable":true,"href":"https:\/\/truusk.store\/sv\/wp-json\/wp\/v2\/product_tag?post=58812"}],"curies":[{"name":"wp","href":"https:\/\/api.w.org\/{rel}","templated":true}]}}