{"id":58822,"date":"2025-06-05T00:03:06","date_gmt":"2025-06-04T23:03:06","guid":{"rendered":"https:\/\/truusk.store\/product\/torktorn-pa-hjul-med-3-nivaer-hopfallbara-sidovingar-stal-bla\/"},"modified":"2026-03-12T09:39:19","modified_gmt":"2026-03-12T08:39:19","slug":"truusk-barnvagn-med-3-nivaer-hopfallbara-sidovingar-hallbar-stalkonstruktion-bla","status":"publish","type":"product","link":"https:\/\/truusk.store\/sv\/produkt\/truusk-barnvagn-med-3-nivaer-hopfallbara-sidovingar-hallbar-stalkonstruktion-bla\/","title":{"rendered":"TRUUSK Barnvagn med 3 Niv\u00e5er &#8211; Hopf\u00e4llbara Sidovingar &#8211; H\u00e5llbar St\u00e5lkonstruktion &#8211; Bl\u00e5"},"content":{"rendered":"<p>V\u00e4lj den perfekta l\u00f6sningen f\u00f6r att torka dina kl\u00e4der med den hopf\u00e4llbara kl\u00e4dtorken fr\u00e5n TRUUSK. Tack vare de individuellt anpassningsbara sektionerna f\u00f6r olika kl\u00e4desplagg erbjuder den maximal m\u00e5ngsidighet. Med m\u00e5nga upph\u00e4ngningspositioner garanterar den optimal flexibilitet och \u00e4r idealisk f\u00f6r anv\u00e4ndning inomhus eller p\u00e5 balkonger med begr\u00e4nsat utrymme.<\/p>\n<p>Beskrivning:<\/p>\n<ul>\n<li> Idealisk f\u00f6r inomhusbruk f\u00f6r att visa kl\u00e4der, strumpor, f\u00f6r att torka och lufta handdukar, samt f\u00f6r att f\u00f6rvara kl\u00e4der i g\u00e4strum och vindar<\/li>\n<li> Hopf\u00e4llbar med One-Click-system<\/li>\n<li> Med 6 PP-universalhjul, varav 2 kan l\u00e5sas<\/li>\n<li> Hylla med justerbar h\u00f6jd, som ocks\u00e5 kan f\u00e4llas ihop<\/li>\n<li> L\u00e4tt, bekv\u00e4m att b\u00e4ra och transportera<\/li>\n<li> Sidst\u00e5ng med justerbar h\u00f6jd, perfekt f\u00f6r att h\u00e4nga upp skjortor<\/li>\n<li> L\u00e4tt att f\u00e4lla ihop och sparar utrymme vid f\u00f6rvaring<\/li>\n<li> Med enkel monteringsanvisning och handbok<\/li>\n<\/ul>\n<p> Tekniska data:<\/p>\n<ul>\n<li> F\u00e4rg: Bl\u00e5<\/li>\n<li> Material: Rostfritt st\u00e5l, ABS, plast<\/li>\n<li> M\u00e5tt: 142L \u00d7 55B \u00d7 152H cm<\/li>\n<li> Hopf\u00e4llbara m\u00e5tt: 80L x 13B x 152H cm<\/li>\n<li> Upph\u00e4ngningsomr\u00e5de: 64,8 cm<\/li>\n<li> B\u00e4rkapacitet: 30 kg<\/li>\n<\/ul>\n<p>Leveransinneh\u00e5ll:<\/p>\n<ul>\n<li>\u2013 1 x Kl\u00e4dst\u00e4llning<\/li>\n<li>\u2013 1 x Handbok<\/li>\n<\/ul>\n","protected":false},"excerpt":{"rendered":"<p>V\u00e4lj den perfekta l\u00f6sningen f\u00f6r att torka dina kl\u00e4der med den hopf\u00e4llbara kl\u00e4dtorken fr\u00e5n TRUUSK. Tack vare de individuellt anpassningsbara&#8230;<\/p>\n","protected":false},"featured_media":58813,"template":"","meta":[],"product_brand":[],"product_cat":[915,871,916],"product_tag":[],"class_list":{"0":"post-58822","1":"product","2":"type-product","3":"status-publish","4":"has-post-thumbnail","6":"product_cat-badrum","7":"product_cat-hus-hem","8":"product_cat-tvattstallningar","10":"first","11":"instock","12":"sale","13":"taxable","14":"shipping-taxable","15":"purchasable","16":"product-type-simple"},"yoast_head":"<!-- This site is optimized with the Yoast SEO plugin v25.4 - https:\/\/yoast.com\/wordpress\/plugins\/seo\/ -->\n<title>TRUUSK Barnvagn med 3 Niv\u00e5er - Hopf\u00e4llbara Sidovingar - H\u00e5llbar St\u00e5lkonstruktion - Bl\u00e5 - TRUUSK - Hem, Tr\u00e4dg\u00e5rd &amp; Fritid<\/title>\n<meta name=\"robots\" content=\"index, follow, max-snippet:-1, max-image-preview:large, max-video-preview:-1\" \/>\n<link rel=\"canonical\" href=\"https:\/\/truusk.store\/sv\/produkt\/truusk-barnvagn-med-3-nivaer-hopfallbara-sidovingar-hallbar-stalkonstruktion-bla\/\" \/>\n<meta property=\"og:locale\" content=\"sv_SE\" \/>\n<meta property=\"og:type\" content=\"article\" \/>\n<meta property=\"og:title\" content=\"TRUUSK Barnvagn med 3 Niv\u00e5er - Hopf\u00e4llbara Sidovingar - H\u00e5llbar St\u00e5lkonstruktion - Bl\u00e5 - TRUUSK - Hem, Tr\u00e4dg\u00e5rd &amp; Fritid\" \/>\n<meta property=\"og:description\" content=\"V\u00e4lj den perfekta l\u00f6sningen f\u00f6r att torka dina kl\u00e4der med den hopf\u00e4llbara kl\u00e4dtorken fr\u00e5n TRUUSK. Tack vare de individuellt anpassningsbara...\" \/>\n<meta property=\"og:url\" content=\"https:\/\/truusk.store\/sv\/produkt\/truusk-barnvagn-med-3-nivaer-hopfallbara-sidovingar-hallbar-stalkonstruktion-bla\/\" \/>\n<meta property=\"og:site_name\" content=\"TRUUSK - Hem, Tr\u00e4dg\u00e5rd &amp; Fritid\" \/>\n<meta property=\"article:modified_time\" content=\"2026-03-12T08:39:19+00:00\" \/>\n<meta property=\"og:image\" content=\"https:\/\/i0.wp.com\/truusk.se\/wp-content\/uploads\/2025\/06\/torktorn-pa-hjul-med-3-nivaer-hopfallbara-sidovingar-stal-bla-1.webp?fit=2000%2C2000&ssl=1\" \/>\n\t<meta property=\"og:image:width\" content=\"2000\" \/>\n\t<meta property=\"og:image:height\" content=\"2000\" \/>\n\t<meta property=\"og:image:type\" content=\"image\/webp\" \/>\n<meta name=\"twitter:card\" content=\"summary_large_image\" \/>\n<meta name=\"twitter:label1\" content=\"Ber\u00e4knad l\u00e4stid\" \/>\n\t<meta name=\"twitter:data1\" content=\"1 minut\" \/>\n<!-- \/ Yoast SEO plugin. -->","yoast_head_json":{"title":"TRUUSK Barnvagn med 3 Niv\u00e5er - Hopf\u00e4llbara Sidovingar - H\u00e5llbar St\u00e5lkonstruktion - Bl\u00e5 - TRUUSK - Hem, Tr\u00e4dg\u00e5rd &amp; Fritid","robots":{"index":"index","follow":"follow","max-snippet":"max-snippet:-1","max-image-preview":"max-image-preview:large","max-video-preview":"max-video-preview:-1"},"canonical":"https:\/\/truusk.store\/sv\/produkt\/truusk-barnvagn-med-3-nivaer-hopfallbara-sidovingar-hallbar-stalkonstruktion-bla\/","og_locale":"sv_SE","og_type":"article","og_title":"TRUUSK Barnvagn med 3 Niv\u00e5er - Hopf\u00e4llbara Sidovingar - H\u00e5llbar St\u00e5lkonstruktion - Bl\u00e5 - TRUUSK - Hem, Tr\u00e4dg\u00e5rd &amp; Fritid","og_description":"V\u00e4lj den perfekta l\u00f6sningen f\u00f6r att torka dina kl\u00e4der med den hopf\u00e4llbara kl\u00e4dtorken fr\u00e5n TRUUSK. Tack vare de individuellt anpassningsbara...","og_url":"https:\/\/truusk.store\/sv\/produkt\/truusk-barnvagn-med-3-nivaer-hopfallbara-sidovingar-hallbar-stalkonstruktion-bla\/","og_site_name":"TRUUSK - Hem, Tr\u00e4dg\u00e5rd &amp; Fritid","article_modified_time":"2026-03-12T08:39:19+00:00","og_image":[{"width":2000,"height":2000,"url":"https:\/\/i0.wp.com\/truusk.se\/wp-content\/uploads\/2025\/06\/torktorn-pa-hjul-med-3-nivaer-hopfallbara-sidovingar-stal-bla-1.webp?fit=2000%2C2000&ssl=1","type":"image\/webp"}],"twitter_card":"summary_large_image","twitter_misc":{"Ber\u00e4knad l\u00e4stid":"1 minut"},"schema":{"@context":"https:\/\/schema.org","@graph":[{"@type":"WebPage","@id":"https:\/\/truusk.store\/sv\/produkt\/truusk-barnvagn-med-3-nivaer-hopfallbara-sidovingar-hallbar-stalkonstruktion-bla\/","url":"https:\/\/truusk.store\/sv\/produkt\/truusk-barnvagn-med-3-nivaer-hopfallbara-sidovingar-hallbar-stalkonstruktion-bla\/","name":"TRUUSK Barnvagn med 3 Niv\u00e5er - Hopf\u00e4llbara Sidovingar - H\u00e5llbar St\u00e5lkonstruktion - Bl\u00e5 - TRUUSK - Hem, Tr\u00e4dg\u00e5rd &amp; Fritid","isPartOf":{"@id":"https:\/\/truusk.store\/sv\/#website"},"primaryImageOfPage":{"@id":"https:\/\/truusk.store\/sv\/produkt\/truusk-barnvagn-med-3-nivaer-hopfallbara-sidovingar-hallbar-stalkonstruktion-bla\/#primaryimage"},"image":{"@id":"https:\/\/truusk.store\/sv\/produkt\/truusk-barnvagn-med-3-nivaer-hopfallbara-sidovingar-hallbar-stalkonstruktion-bla\/#primaryimage"},"thumbnailUrl":"https:\/\/i0.wp.com\/truusk.store\/wp-content\/uploads\/2025\/06\/torktorn-pa-hjul-med-3-nivaer-hopfallbara-sidovingar-stal-bla-1.webp?fit=2000%2C2000&ssl=1","datePublished":"2025-06-04T23:03:06+00:00","dateModified":"2026-03-12T08:39:19+00:00","breadcrumb":{"@id":"https:\/\/truusk.store\/sv\/produkt\/truusk-barnvagn-med-3-nivaer-hopfallbara-sidovingar-hallbar-stalkonstruktion-bla\/#breadcrumb"},"inLanguage":"sv-SE","potentialAction":[{"@type":"ReadAction","target":["https:\/\/truusk.store\/sv\/produkt\/truusk-barnvagn-med-3-nivaer-hopfallbara-sidovingar-hallbar-stalkonstruktion-bla\/"]}]},{"@type":"ImageObject","inLanguage":"sv-SE","@id":"https:\/\/truusk.store\/sv\/produkt\/truusk-barnvagn-med-3-nivaer-hopfallbara-sidovingar-hallbar-stalkonstruktion-bla\/#primaryimage","url":"https:\/\/i0.wp.com\/truusk.store\/wp-content\/uploads\/2025\/06\/torktorn-pa-hjul-med-3-nivaer-hopfallbara-sidovingar-stal-bla-1.webp?fit=2000%2C2000&ssl=1","contentUrl":"https:\/\/i0.wp.com\/truusk.store\/wp-content\/uploads\/2025\/06\/torktorn-pa-hjul-med-3-nivaer-hopfallbara-sidovingar-stal-bla-1.webp?fit=2000%2C2000&ssl=1","width":2000,"height":2000},{"@type":"BreadcrumbList","@id":"https:\/\/truusk.store\/sv\/produkt\/truusk-barnvagn-med-3-nivaer-hopfallbara-sidovingar-hallbar-stalkonstruktion-bla\/#breadcrumb","itemListElement":[{"@type":"ListItem","position":1,"name":"Home","item":"https:\/\/truusk.store\/sv\/"},{"@type":"ListItem","position":2,"name":"Shop","item":"https:\/\/truusk.store\/shop\/"},{"@type":"ListItem","position":3,"name":"TRUUSK Barnvagn med 3 Niv\u00e5er &#8211; Hopf\u00e4llbara Sidovingar &#8211; H\u00e5llbar St\u00e5lkonstruktion &#8211; Bl\u00e5"}]},{"@type":"WebSite","@id":"https:\/\/truusk.store\/sv\/#website","url":"https:\/\/truusk.store\/sv\/","name":"TRUUSK - Hem, Tr\u00e4dg\u00e5rd & Fritid","description":"","publisher":{"@id":"https:\/\/truusk.store\/sv\/#organization"},"potentialAction":[{"@type":"SearchAction","target":{"@type":"EntryPoint","urlTemplate":"https:\/\/truusk.store\/sv\/?s={search_term_string}"},"query-input":{"@type":"PropertyValueSpecification","valueRequired":true,"valueName":"search_term_string"}}],"inLanguage":"sv-SE"},{"@type":"Organization","@id":"https:\/\/truusk.store\/sv\/#organization","name":"TRUUSK - Hem, Tr\u00e4dg\u00e5rd & Fritid","url":"https:\/\/truusk.store\/sv\/","logo":{"@type":"ImageObject","inLanguage":"sv-SE","@id":"https:\/\/truusk.store\/sv\/#\/schema\/logo\/image\/","url":"https:\/\/i0.wp.com\/truusk.store\/wp-content\/uploads\/2026\/03\/cropped-TRUUSK.png?fit=2032%2C917&ssl=1","contentUrl":"https:\/\/i0.wp.com\/truusk.store\/wp-content\/uploads\/2026\/03\/cropped-TRUUSK.png?fit=2032%2C917&ssl=1","width":2032,"height":917,"caption":"TRUUSK - Hem, Tr\u00e4dg\u00e5rd & Fritid"},"image":{"@id":"https:\/\/truusk.store\/sv\/#\/schema\/logo\/image\/"}}]}},"jetpack_sharing_enabled":true,"_links":{"self":[{"href":"https:\/\/truusk.store\/sv\/wp-json\/wp\/v2\/product\/58822","targetHints":{"allow":["GET"]}}],"collection":[{"href":"https:\/\/truusk.store\/sv\/wp-json\/wp\/v2\/product"}],"about":[{"href":"https:\/\/truusk.store\/sv\/wp-json\/wp\/v2\/types\/product"}],"wp:featuredmedia":[{"embeddable":true,"href":"https:\/\/truusk.store\/sv\/wp-json\/wp\/v2\/media\/58813"}],"wp:attachment":[{"href":"https:\/\/truusk.store\/sv\/wp-json\/wp\/v2\/media?parent=58822"}],"wp:term":[{"taxonomy":"product_brand","embeddable":true,"href":"https:\/\/truusk.store\/sv\/wp-json\/wp\/v2\/product_brand?post=58822"},{"taxonomy":"product_cat","embeddable":true,"href":"https:\/\/truusk.store\/sv\/wp-json\/wp\/v2\/product_cat?post=58822"},{"taxonomy":"product_tag","embeddable":true,"href":"https:\/\/truusk.store\/sv\/wp-json\/wp\/v2\/product_tag?post=58822"}],"curies":[{"name":"wp","href":"https:\/\/api.w.org\/{rel}","templated":true}]}}