{"id":58842,"date":"2025-06-05T00:04:51","date_gmt":"2025-06-04T23:04:51","guid":{"rendered":"https:\/\/truusk.store\/product\/hunddorrgaller-74-100-cm-avsparrningsgaller-med-automatiskt-stangande-dorr-utan-borrning-for-sma-och-medelstora-hundar\/"},"modified":"2026-03-12T09:39:31","modified_gmt":"2026-03-12T08:39:31","slug":"truusk-hundgaller-74-100-cm-automatisk-stangande-dorr-ingen-borrning-for-sma-och-medelstora-hundar","status":"publish","type":"product","link":"https:\/\/truusk.store\/sv\/produkt\/truusk-hundgaller-74-100-cm-automatisk-stangande-dorr-ingen-borrning-for-sma-och-medelstora-hundar\/","title":{"rendered":"TRUUSK Hundgaller 74-100 cm &#8211; Automatisk st\u00e4ngande d\u00f6rr &#8211; Ingen borrning &#8211; F\u00f6r sm\u00e5 och medelstora hundar"},"content":{"rendered":"<p>Skapa en s\u00e4ker och bekv\u00e4m plats f\u00f6r din fyrbenta v\u00e4n med TRUUSK trappgrind. V\u00e5rt dubbla l\u00e5ssystem ger maximal s\u00e4kerhet och kan enkelt hanteras med en hand. Se till din fyrbenta v\u00e4ns s\u00e4kerhet och njut av din sinnesro. D\u00f6rrskyddsgrinden fungerar ocks\u00e5 som en m\u00e5ngsidig rumsavdelare, s\u00e5 att du kan skapa ett eget omr\u00e5de f\u00f6r din lurviga v\u00e4n.<\/p>\n<p>Beskrivning:<\/p>\n<ul>\n<li> Tv\u00e5 f\u00f6rl\u00e4ngningar (7 cm, 14 cm). Anpassar sig till \u00f6ppningar fr\u00e5n 74 till 100 cm, m\u00e5ngsidigt anv\u00e4ndbar f\u00f6r d\u00f6rr\u00f6ppningar, korridorer och trappor<\/li>\n<li> D\u00f6rren till trappgrinden st\u00e4nger automatiskt under 90\u00b0, f\u00f6rblir \u00f6ppen under 30\u00b0<\/li>\n<li> Sv\u00e4nger i b\u00e5da riktningarna eller i en viss riktning, sv\u00e4ngriktningen kan st\u00e4llas in av anv\u00e4ndaren<\/li>\n<li> Enhand-dubbell\u00e5s, praktiskt f\u00f6r upptagna f\u00f6r\u00e4ldrar<\/li>\n<li> Robust st\u00e5lram f\u00f6r d\u00f6rrskyddsgrinden f\u00f6r exceptionell stabilitet<\/li>\n<li> Skr\u00e4ddarsydd f\u00f6r sm\u00e5 till medelstora hundar, l\u00e4mplig f\u00f6r 25-50 cm skulderh\u00f6jd<\/li>\n<\/ul>\n<p>Tekniska data:<\/p>\n<ul>\n<li> F\u00e4rg: Vit<\/li>\n<li> Material: St\u00e5l, PA<\/li>\n<li> Totala dimensioner (med justerskruvar): 74-100B x 76H cm<\/li>\n<li> F\u00f6rl\u00e4ngningssats: 7 cm, 14 cm<\/li>\n<li> Bredd p\u00e5 d\u00f6rr\u00f6ppning: 45 cm<\/li>\n<li> Obs: Det \u00e4r normalt att det finns ett stort gap vid d\u00f6rrl\u00e5set f\u00f6re installationen. Dra bara \u00e5t b\u00e5da sidorna tills gapet \u00e4r 2-3 mm<\/li>\n<\/ul>\n<p>Leveransinneh\u00e5ll:<\/p>\n<ul>\n<li> 1 x S\u00e4kerhetsgrind<\/li>\n<li> 2 x F\u00f6rl\u00e4ngningssats<\/li>\n<li> 4 x Justerskruv<\/li>\n<li> 4 x Rund dubbelh\u00e4ftande tejp<\/li>\n<li> 4 x Skruv<\/li>\n<li> 1 x Handbok<\/li>\n<\/ul>\n","protected":false},"excerpt":{"rendered":"<p>Skapa en s\u00e4ker och bekv\u00e4m plats f\u00f6r din fyrbenta v\u00e4n med TRUUSK trappgrind. V\u00e5rt dubbla l\u00e5ssystem ger maximal s\u00e4kerhet och&#8230;<\/p>\n","protected":false},"featured_media":58833,"template":"","meta":[],"product_brand":[],"product_cat":[878,948,574],"product_tag":[],"class_list":{"0":"post-58842","1":"product","2":"type-product","3":"status-publish","4":"has-post-thumbnail","6":"product_cat-djurbehov","7":"product_cat-hundgaller-skiljevaggar","8":"product_cat-hundtillbehor","10":"first","11":"instock","12":"sale","13":"taxable","14":"shipping-taxable","15":"purchasable","16":"product-type-simple"},"yoast_head":"<!-- This site is optimized with the Yoast SEO plugin v25.4 - https:\/\/yoast.com\/wordpress\/plugins\/seo\/ -->\n<title>TRUUSK Hundgaller 74-100 cm - Automatisk st\u00e4ngande d\u00f6rr - Ingen borrning - F\u00f6r sm\u00e5 och medelstora hundar - TRUUSK - Hem, Tr\u00e4dg\u00e5rd &amp; Fritid<\/title>\n<meta name=\"robots\" content=\"index, follow, max-snippet:-1, max-image-preview:large, max-video-preview:-1\" \/>\n<link rel=\"canonical\" href=\"https:\/\/truusk.store\/sv\/produkt\/truusk-hundgaller-74-100-cm-automatisk-stangande-dorr-ingen-borrning-for-sma-och-medelstora-hundar\/\" \/>\n<meta property=\"og:locale\" content=\"sv_SE\" \/>\n<meta property=\"og:type\" content=\"article\" \/>\n<meta property=\"og:title\" content=\"TRUUSK Hundgaller 74-100 cm - Automatisk st\u00e4ngande d\u00f6rr - Ingen borrning - F\u00f6r sm\u00e5 och medelstora hundar - TRUUSK - Hem, Tr\u00e4dg\u00e5rd &amp; Fritid\" \/>\n<meta property=\"og:description\" content=\"Skapa en s\u00e4ker och bekv\u00e4m plats f\u00f6r din fyrbenta v\u00e4n med TRUUSK trappgrind. V\u00e5rt dubbla l\u00e5ssystem ger maximal s\u00e4kerhet och...\" \/>\n<meta property=\"og:url\" content=\"https:\/\/truusk.store\/sv\/produkt\/truusk-hundgaller-74-100-cm-automatisk-stangande-dorr-ingen-borrning-for-sma-och-medelstora-hundar\/\" \/>\n<meta property=\"og:site_name\" content=\"TRUUSK - Hem, Tr\u00e4dg\u00e5rd &amp; Fritid\" \/>\n<meta property=\"article:modified_time\" content=\"2026-03-12T08:39:31+00:00\" \/>\n<meta property=\"og:image\" content=\"https:\/\/i0.wp.com\/truusk.se\/wp-content\/uploads\/2025\/06\/hunddorrgaller-74-100-cm-avsparrningsgaller-med-automatiskt-stangande-dorr-utan-borrning-for-sma-och-medelstora-hundar-1.webp?fit=2000%2C2000&ssl=1\" \/>\n\t<meta property=\"og:image:width\" content=\"2000\" \/>\n\t<meta property=\"og:image:height\" content=\"2000\" \/>\n\t<meta property=\"og:image:type\" content=\"image\/webp\" \/>\n<meta name=\"twitter:card\" content=\"summary_large_image\" \/>\n<meta name=\"twitter:label1\" content=\"Ber\u00e4knad l\u00e4stid\" \/>\n\t<meta name=\"twitter:data1\" content=\"1 minut\" \/>\n<!-- \/ Yoast SEO plugin. -->","yoast_head_json":{"title":"TRUUSK Hundgaller 74-100 cm - Automatisk st\u00e4ngande d\u00f6rr - Ingen borrning - F\u00f6r sm\u00e5 och medelstora hundar - TRUUSK - Hem, Tr\u00e4dg\u00e5rd &amp; Fritid","robots":{"index":"index","follow":"follow","max-snippet":"max-snippet:-1","max-image-preview":"max-image-preview:large","max-video-preview":"max-video-preview:-1"},"canonical":"https:\/\/truusk.store\/sv\/produkt\/truusk-hundgaller-74-100-cm-automatisk-stangande-dorr-ingen-borrning-for-sma-och-medelstora-hundar\/","og_locale":"sv_SE","og_type":"article","og_title":"TRUUSK Hundgaller 74-100 cm - Automatisk st\u00e4ngande d\u00f6rr - Ingen borrning - F\u00f6r sm\u00e5 och medelstora hundar - TRUUSK - Hem, Tr\u00e4dg\u00e5rd &amp; Fritid","og_description":"Skapa en s\u00e4ker och bekv\u00e4m plats f\u00f6r din fyrbenta v\u00e4n med TRUUSK trappgrind. V\u00e5rt dubbla l\u00e5ssystem ger maximal s\u00e4kerhet och...","og_url":"https:\/\/truusk.store\/sv\/produkt\/truusk-hundgaller-74-100-cm-automatisk-stangande-dorr-ingen-borrning-for-sma-och-medelstora-hundar\/","og_site_name":"TRUUSK - Hem, Tr\u00e4dg\u00e5rd &amp; Fritid","article_modified_time":"2026-03-12T08:39:31+00:00","og_image":[{"width":2000,"height":2000,"url":"https:\/\/i0.wp.com\/truusk.se\/wp-content\/uploads\/2025\/06\/hunddorrgaller-74-100-cm-avsparrningsgaller-med-automatiskt-stangande-dorr-utan-borrning-for-sma-och-medelstora-hundar-1.webp?fit=2000%2C2000&ssl=1","type":"image\/webp"}],"twitter_card":"summary_large_image","twitter_misc":{"Ber\u00e4knad l\u00e4stid":"1 minut"},"schema":{"@context":"https:\/\/schema.org","@graph":[{"@type":"WebPage","@id":"https:\/\/truusk.store\/sv\/produkt\/truusk-hundgaller-74-100-cm-automatisk-stangande-dorr-ingen-borrning-for-sma-och-medelstora-hundar\/","url":"https:\/\/truusk.store\/sv\/produkt\/truusk-hundgaller-74-100-cm-automatisk-stangande-dorr-ingen-borrning-for-sma-och-medelstora-hundar\/","name":"TRUUSK Hundgaller 74-100 cm - Automatisk st\u00e4ngande d\u00f6rr - Ingen borrning - F\u00f6r sm\u00e5 och medelstora hundar - TRUUSK - Hem, Tr\u00e4dg\u00e5rd &amp; Fritid","isPartOf":{"@id":"https:\/\/truusk.store\/sv\/#website"},"primaryImageOfPage":{"@id":"https:\/\/truusk.store\/sv\/produkt\/truusk-hundgaller-74-100-cm-automatisk-stangande-dorr-ingen-borrning-for-sma-och-medelstora-hundar\/#primaryimage"},"image":{"@id":"https:\/\/truusk.store\/sv\/produkt\/truusk-hundgaller-74-100-cm-automatisk-stangande-dorr-ingen-borrning-for-sma-och-medelstora-hundar\/#primaryimage"},"thumbnailUrl":"https:\/\/i0.wp.com\/truusk.store\/wp-content\/uploads\/2025\/06\/hunddorrgaller-74-100-cm-avsparrningsgaller-med-automatiskt-stangande-dorr-utan-borrning-for-sma-och-medelstora-hundar-1.webp?fit=2000%2C2000&ssl=1","datePublished":"2025-06-04T23:04:51+00:00","dateModified":"2026-03-12T08:39:31+00:00","breadcrumb":{"@id":"https:\/\/truusk.store\/sv\/produkt\/truusk-hundgaller-74-100-cm-automatisk-stangande-dorr-ingen-borrning-for-sma-och-medelstora-hundar\/#breadcrumb"},"inLanguage":"sv-SE","potentialAction":[{"@type":"ReadAction","target":["https:\/\/truusk.store\/sv\/produkt\/truusk-hundgaller-74-100-cm-automatisk-stangande-dorr-ingen-borrning-for-sma-och-medelstora-hundar\/"]}]},{"@type":"ImageObject","inLanguage":"sv-SE","@id":"https:\/\/truusk.store\/sv\/produkt\/truusk-hundgaller-74-100-cm-automatisk-stangande-dorr-ingen-borrning-for-sma-och-medelstora-hundar\/#primaryimage","url":"https:\/\/i0.wp.com\/truusk.store\/wp-content\/uploads\/2025\/06\/hunddorrgaller-74-100-cm-avsparrningsgaller-med-automatiskt-stangande-dorr-utan-borrning-for-sma-och-medelstora-hundar-1.webp?fit=2000%2C2000&ssl=1","contentUrl":"https:\/\/i0.wp.com\/truusk.store\/wp-content\/uploads\/2025\/06\/hunddorrgaller-74-100-cm-avsparrningsgaller-med-automatiskt-stangande-dorr-utan-borrning-for-sma-och-medelstora-hundar-1.webp?fit=2000%2C2000&ssl=1","width":2000,"height":2000},{"@type":"BreadcrumbList","@id":"https:\/\/truusk.store\/sv\/produkt\/truusk-hundgaller-74-100-cm-automatisk-stangande-dorr-ingen-borrning-for-sma-och-medelstora-hundar\/#breadcrumb","itemListElement":[{"@type":"ListItem","position":1,"name":"Home","item":"https:\/\/truusk.store\/sv\/"},{"@type":"ListItem","position":2,"name":"Shop","item":"https:\/\/truusk.store\/shop\/"},{"@type":"ListItem","position":3,"name":"TRUUSK Hundgaller 74-100 cm &#8211; Automatisk st\u00e4ngande d\u00f6rr &#8211; Ingen borrning &#8211; F\u00f6r sm\u00e5 och medelstora hundar"}]},{"@type":"WebSite","@id":"https:\/\/truusk.store\/sv\/#website","url":"https:\/\/truusk.store\/sv\/","name":"TRUUSK - Hem, Tr\u00e4dg\u00e5rd & Fritid","description":"","publisher":{"@id":"https:\/\/truusk.store\/sv\/#organization"},"potentialAction":[{"@type":"SearchAction","target":{"@type":"EntryPoint","urlTemplate":"https:\/\/truusk.store\/sv\/?s={search_term_string}"},"query-input":{"@type":"PropertyValueSpecification","valueRequired":true,"valueName":"search_term_string"}}],"inLanguage":"sv-SE"},{"@type":"Organization","@id":"https:\/\/truusk.store\/sv\/#organization","name":"TRUUSK - Hem, Tr\u00e4dg\u00e5rd & Fritid","url":"https:\/\/truusk.store\/sv\/","logo":{"@type":"ImageObject","inLanguage":"sv-SE","@id":"https:\/\/truusk.store\/sv\/#\/schema\/logo\/image\/","url":"https:\/\/i0.wp.com\/truusk.store\/wp-content\/uploads\/2026\/03\/cropped-TRUUSK.png?fit=2032%2C917&ssl=1","contentUrl":"https:\/\/i0.wp.com\/truusk.store\/wp-content\/uploads\/2026\/03\/cropped-TRUUSK.png?fit=2032%2C917&ssl=1","width":2032,"height":917,"caption":"TRUUSK - Hem, Tr\u00e4dg\u00e5rd & Fritid"},"image":{"@id":"https:\/\/truusk.store\/sv\/#\/schema\/logo\/image\/"}}]}},"jetpack_sharing_enabled":true,"_links":{"self":[{"href":"https:\/\/truusk.store\/sv\/wp-json\/wp\/v2\/product\/58842","targetHints":{"allow":["GET"]}}],"collection":[{"href":"https:\/\/truusk.store\/sv\/wp-json\/wp\/v2\/product"}],"about":[{"href":"https:\/\/truusk.store\/sv\/wp-json\/wp\/v2\/types\/product"}],"wp:featuredmedia":[{"embeddable":true,"href":"https:\/\/truusk.store\/sv\/wp-json\/wp\/v2\/media\/58833"}],"wp:attachment":[{"href":"https:\/\/truusk.store\/sv\/wp-json\/wp\/v2\/media?parent=58842"}],"wp:term":[{"taxonomy":"product_brand","embeddable":true,"href":"https:\/\/truusk.store\/sv\/wp-json\/wp\/v2\/product_brand?post=58842"},{"taxonomy":"product_cat","embeddable":true,"href":"https:\/\/truusk.store\/sv\/wp-json\/wp\/v2\/product_cat?post=58842"},{"taxonomy":"product_tag","embeddable":true,"href":"https:\/\/truusk.store\/sv\/wp-json\/wp\/v2\/product_tag?post=58842"}],"curies":[{"name":"wp","href":"https:\/\/api.w.org\/{rel}","templated":true}]}}