{"id":58902,"date":"2025-06-05T00:10:40","date_gmt":"2025-06-04T23:10:40","guid":{"rendered":"https:\/\/truusk.store\/product\/hollywood-svang-2-sits-tradgardssvang-med-justerbart-tak-kuddar-svangbank-upp-till-220-kg-belastning-for-tradgard-balkong-gra-145-x-116-x-172-cm\/"},"modified":"2026-03-12T09:38:38","modified_gmt":"2026-03-12T08:38:38","slug":"truusk-hollywood-svang-tradgardssvang-justerbart-tak-kuddar-svangbank-upp-till-220-kg-gra-145x116x172-cm","status":"publish","type":"product","link":"https:\/\/truusk.store\/sv\/produkt\/truusk-hollywood-svang-tradgardssvang-justerbart-tak-kuddar-svangbank-upp-till-220-kg-gra-145x116x172-cm\/","title":{"rendered":"TRUUSK Hollywood-sv\u00e4ng Tr\u00e4dg\u00e5rdssv\u00e4ng &#8211; Justerbart Tak &#8211; Kuddar &#8211; Sv\u00e4ngb\u00e4nk &#8211; Upp Till 220 Kg &#8211; Gr\u00e5 &#8211; 145x116x172 cm"},"content":{"rendered":"<p>G\u00f6r ditt utomhusomr\u00e5de vackert och inbjudande med en 2-sits Hollywood-sv\u00e4ng fr\u00e5n TRUUSK. Denna t\u00e4ckta tr\u00e4dg\u00e5rdsgunga f\u00f6r vuxna erbjuder en bekv\u00e4m sittplats f\u00f6r upp till tv\u00e5 personer. Ett pulverlackerat st\u00e5lram ger stabilitet och h\u00e5llbarhet, och det justerbara solskyddet ger skydd mot sol och l\u00e4tt regn. Denna tr\u00e4dg\u00e5rdsgunga \u00e4r ett utm\u00e4rkt tillskott till din tr\u00e4dg\u00e5rd, terrass eller innerg\u00e5rd!<\/p>\n<p>Beskrivning:<\/p>\n<ul>\n<li> Erbjuder bekv\u00e4mt utrymme f\u00f6r 2 personer<\/li>\n<li> Korrosionsbest\u00e4ndig, pulverlackerad st\u00e5lram f\u00f6r tr\u00e4dg\u00e5rdsgungan f\u00f6r extra stabilitet och h\u00e5llbarhet<\/li>\n<li> Justerbart solskydd f\u00f6r tr\u00e4dg\u00e5rdsgungan ger skugga<\/li>\n<li> 2 tjockt vadderade och l\u00e4ttsk\u00f6tta kuddar f\u00f6r Hollywood-sv\u00e4ngen f\u00f6r ultimat komfort<\/li>\n<li> Idealisk f\u00f6r bakg\u00e5rd, pool, terrass, veranda, balkong eller andra utomhusomr\u00e5den<\/li>\n<li> Enkel montering kr\u00e4vs<\/li>\n<\/ul>\n<p> Tekniska data:<\/p>\n<ul>\n<li> F\u00e4rg: Gr\u00e5<\/li>\n<li> Material: St\u00e5l, Polyester, Skum<\/li>\n<li> Totala dimensioner: 145L x 116B x 172H cm<\/li>\n<li> Sitsstorlek: 102B x 46T cm<\/li>\n<li> Sitth\u00f6jd: 50 cm<\/li>\n<li> Baldakin storlek: 145L x 116B cm<\/li>\n<li> Kuddtjocklek: 10 cm (sits), 8 cm (rygg)<\/li>\n<li> B\u00e4rkapacitet: 220 kg<\/li>\n<\/ul>\n<p> Leveransinneh\u00e5ll:<\/p>\n<ul>\n<li> 1 x Hollywood-sv\u00e4ng<\/li>\n<li> 1 x Instruktioner<\/li>\n<\/ul>\n","protected":false},"excerpt":{"rendered":"<p>G\u00f6r ditt utomhusomr\u00e5de vackert och inbjudande med en 2-sits Hollywood-sv\u00e4ng fr\u00e5n TRUUSK. Denna t\u00e4ckta tr\u00e4dg\u00e5rdsgunga f\u00f6r vuxna erbjuder en bekv\u00e4m&#8230;<\/p>\n","protected":false},"featured_media":58893,"template":"","meta":[],"product_brand":[],"product_cat":[453,858,450],"product_tag":[],"class_list":{"0":"post-58902","1":"product","2":"type-product","3":"status-publish","4":"has-post-thumbnail","6":"product_cat-hollywood-gungor","7":"product_cat-tradgard-terrass","8":"product_cat-tradgardsmobler","10":"first","11":"instock","12":"sale","13":"taxable","14":"shipping-taxable","15":"purchasable","16":"product-type-simple"},"yoast_head":"<!-- This site is optimized with the Yoast SEO plugin v25.4 - https:\/\/yoast.com\/wordpress\/plugins\/seo\/ -->\n<title>TRUUSK Hollywood-sv\u00e4ng Tr\u00e4dg\u00e5rdssv\u00e4ng - Justerbart Tak - Kuddar - Sv\u00e4ngb\u00e4nk - Upp Till 220 Kg - Gr\u00e5 - 145x116x172 cm - TRUUSK - Hem, Tr\u00e4dg\u00e5rd &amp; Fritid<\/title>\n<meta name=\"robots\" content=\"index, follow, max-snippet:-1, max-image-preview:large, max-video-preview:-1\" \/>\n<link rel=\"canonical\" href=\"https:\/\/truusk.store\/sv\/produkt\/truusk-hollywood-svang-tradgardssvang-justerbart-tak-kuddar-svangbank-upp-till-220-kg-gra-145x116x172-cm\/\" \/>\n<meta property=\"og:locale\" content=\"sv_SE\" \/>\n<meta property=\"og:type\" content=\"article\" \/>\n<meta property=\"og:title\" content=\"TRUUSK Hollywood-sv\u00e4ng Tr\u00e4dg\u00e5rdssv\u00e4ng - Justerbart Tak - Kuddar - Sv\u00e4ngb\u00e4nk - Upp Till 220 Kg - Gr\u00e5 - 145x116x172 cm - TRUUSK - Hem, Tr\u00e4dg\u00e5rd &amp; Fritid\" \/>\n<meta property=\"og:description\" content=\"G\u00f6r ditt utomhusomr\u00e5de vackert och inbjudande med en 2-sits Hollywood-sv\u00e4ng fr\u00e5n TRUUSK. Denna t\u00e4ckta tr\u00e4dg\u00e5rdsgunga f\u00f6r vuxna erbjuder en bekv\u00e4m...\" \/>\n<meta property=\"og:url\" content=\"https:\/\/truusk.store\/sv\/produkt\/truusk-hollywood-svang-tradgardssvang-justerbart-tak-kuddar-svangbank-upp-till-220-kg-gra-145x116x172-cm\/\" \/>\n<meta property=\"og:site_name\" content=\"TRUUSK - Hem, Tr\u00e4dg\u00e5rd &amp; Fritid\" \/>\n<meta property=\"article:modified_time\" content=\"2026-03-12T08:38:38+00:00\" \/>\n<meta property=\"og:image\" content=\"https:\/\/i0.wp.com\/truusk.se\/wp-content\/uploads\/2025\/06\/hollywood-svang-2-sits-tradgardssvang-med-justerbart-tak-kuddar-svangbank-upp-till-220-kg-belastning-for-tradgard-balkong-gra-145-x-116-x-172-cm-1.webp?fit=2000%2C2000&ssl=1\" \/>\n\t<meta property=\"og:image:width\" content=\"2000\" \/>\n\t<meta property=\"og:image:height\" content=\"2000\" \/>\n\t<meta property=\"og:image:type\" content=\"image\/webp\" \/>\n<meta name=\"twitter:card\" content=\"summary_large_image\" \/>\n<meta name=\"twitter:label1\" content=\"Ber\u00e4knad l\u00e4stid\" \/>\n\t<meta name=\"twitter:data1\" content=\"1 minut\" \/>\n<!-- \/ Yoast SEO plugin. -->","yoast_head_json":{"title":"TRUUSK Hollywood-sv\u00e4ng Tr\u00e4dg\u00e5rdssv\u00e4ng - Justerbart Tak - Kuddar - Sv\u00e4ngb\u00e4nk - Upp Till 220 Kg - Gr\u00e5 - 145x116x172 cm - TRUUSK - Hem, Tr\u00e4dg\u00e5rd &amp; Fritid","robots":{"index":"index","follow":"follow","max-snippet":"max-snippet:-1","max-image-preview":"max-image-preview:large","max-video-preview":"max-video-preview:-1"},"canonical":"https:\/\/truusk.store\/sv\/produkt\/truusk-hollywood-svang-tradgardssvang-justerbart-tak-kuddar-svangbank-upp-till-220-kg-gra-145x116x172-cm\/","og_locale":"sv_SE","og_type":"article","og_title":"TRUUSK Hollywood-sv\u00e4ng Tr\u00e4dg\u00e5rdssv\u00e4ng - Justerbart Tak - Kuddar - Sv\u00e4ngb\u00e4nk - Upp Till 220 Kg - Gr\u00e5 - 145x116x172 cm - TRUUSK - Hem, Tr\u00e4dg\u00e5rd &amp; Fritid","og_description":"G\u00f6r ditt utomhusomr\u00e5de vackert och inbjudande med en 2-sits Hollywood-sv\u00e4ng fr\u00e5n TRUUSK. Denna t\u00e4ckta tr\u00e4dg\u00e5rdsgunga f\u00f6r vuxna erbjuder en bekv\u00e4m...","og_url":"https:\/\/truusk.store\/sv\/produkt\/truusk-hollywood-svang-tradgardssvang-justerbart-tak-kuddar-svangbank-upp-till-220-kg-gra-145x116x172-cm\/","og_site_name":"TRUUSK - Hem, Tr\u00e4dg\u00e5rd &amp; Fritid","article_modified_time":"2026-03-12T08:38:38+00:00","og_image":[{"width":2000,"height":2000,"url":"https:\/\/i0.wp.com\/truusk.se\/wp-content\/uploads\/2025\/06\/hollywood-svang-2-sits-tradgardssvang-med-justerbart-tak-kuddar-svangbank-upp-till-220-kg-belastning-for-tradgard-balkong-gra-145-x-116-x-172-cm-1.webp?fit=2000%2C2000&ssl=1","type":"image\/webp"}],"twitter_card":"summary_large_image","twitter_misc":{"Ber\u00e4knad l\u00e4stid":"1 minut"},"schema":{"@context":"https:\/\/schema.org","@graph":[{"@type":"WebPage","@id":"https:\/\/truusk.store\/sv\/produkt\/truusk-hollywood-svang-tradgardssvang-justerbart-tak-kuddar-svangbank-upp-till-220-kg-gra-145x116x172-cm\/","url":"https:\/\/truusk.store\/sv\/produkt\/truusk-hollywood-svang-tradgardssvang-justerbart-tak-kuddar-svangbank-upp-till-220-kg-gra-145x116x172-cm\/","name":"TRUUSK Hollywood-sv\u00e4ng Tr\u00e4dg\u00e5rdssv\u00e4ng - Justerbart Tak - Kuddar - Sv\u00e4ngb\u00e4nk - Upp Till 220 Kg - Gr\u00e5 - 145x116x172 cm - TRUUSK - Hem, Tr\u00e4dg\u00e5rd &amp; Fritid","isPartOf":{"@id":"https:\/\/truusk.store\/sv\/#website"},"primaryImageOfPage":{"@id":"https:\/\/truusk.store\/sv\/produkt\/truusk-hollywood-svang-tradgardssvang-justerbart-tak-kuddar-svangbank-upp-till-220-kg-gra-145x116x172-cm\/#primaryimage"},"image":{"@id":"https:\/\/truusk.store\/sv\/produkt\/truusk-hollywood-svang-tradgardssvang-justerbart-tak-kuddar-svangbank-upp-till-220-kg-gra-145x116x172-cm\/#primaryimage"},"thumbnailUrl":"https:\/\/i0.wp.com\/truusk.store\/wp-content\/uploads\/2025\/06\/hollywood-svang-2-sits-tradgardssvang-med-justerbart-tak-kuddar-svangbank-upp-till-220-kg-belastning-for-tradgard-balkong-gra-145-x-116-x-172-cm-1.webp?fit=2000%2C2000&ssl=1","datePublished":"2025-06-04T23:10:40+00:00","dateModified":"2026-03-12T08:38:38+00:00","breadcrumb":{"@id":"https:\/\/truusk.store\/sv\/produkt\/truusk-hollywood-svang-tradgardssvang-justerbart-tak-kuddar-svangbank-upp-till-220-kg-gra-145x116x172-cm\/#breadcrumb"},"inLanguage":"sv-SE","potentialAction":[{"@type":"ReadAction","target":["https:\/\/truusk.store\/sv\/produkt\/truusk-hollywood-svang-tradgardssvang-justerbart-tak-kuddar-svangbank-upp-till-220-kg-gra-145x116x172-cm\/"]}]},{"@type":"ImageObject","inLanguage":"sv-SE","@id":"https:\/\/truusk.store\/sv\/produkt\/truusk-hollywood-svang-tradgardssvang-justerbart-tak-kuddar-svangbank-upp-till-220-kg-gra-145x116x172-cm\/#primaryimage","url":"https:\/\/i0.wp.com\/truusk.store\/wp-content\/uploads\/2025\/06\/hollywood-svang-2-sits-tradgardssvang-med-justerbart-tak-kuddar-svangbank-upp-till-220-kg-belastning-for-tradgard-balkong-gra-145-x-116-x-172-cm-1.webp?fit=2000%2C2000&ssl=1","contentUrl":"https:\/\/i0.wp.com\/truusk.store\/wp-content\/uploads\/2025\/06\/hollywood-svang-2-sits-tradgardssvang-med-justerbart-tak-kuddar-svangbank-upp-till-220-kg-belastning-for-tradgard-balkong-gra-145-x-116-x-172-cm-1.webp?fit=2000%2C2000&ssl=1","width":2000,"height":2000},{"@type":"BreadcrumbList","@id":"https:\/\/truusk.store\/sv\/produkt\/truusk-hollywood-svang-tradgardssvang-justerbart-tak-kuddar-svangbank-upp-till-220-kg-gra-145x116x172-cm\/#breadcrumb","itemListElement":[{"@type":"ListItem","position":1,"name":"Home","item":"https:\/\/truusk.store\/sv\/"},{"@type":"ListItem","position":2,"name":"Shop","item":"https:\/\/truusk.store\/shop\/"},{"@type":"ListItem","position":3,"name":"TRUUSK Hollywood-sv\u00e4ng Tr\u00e4dg\u00e5rdssv\u00e4ng &#8211; Justerbart Tak &#8211; Kuddar &#8211; Sv\u00e4ngb\u00e4nk &#8211; Upp Till 220 Kg &#8211; Gr\u00e5 &#8211; 145x116x172 cm"}]},{"@type":"WebSite","@id":"https:\/\/truusk.store\/sv\/#website","url":"https:\/\/truusk.store\/sv\/","name":"TRUUSK - Hem, Tr\u00e4dg\u00e5rd & Fritid","description":"","publisher":{"@id":"https:\/\/truusk.store\/sv\/#organization"},"potentialAction":[{"@type":"SearchAction","target":{"@type":"EntryPoint","urlTemplate":"https:\/\/truusk.store\/sv\/?s={search_term_string}"},"query-input":{"@type":"PropertyValueSpecification","valueRequired":true,"valueName":"search_term_string"}}],"inLanguage":"sv-SE"},{"@type":"Organization","@id":"https:\/\/truusk.store\/sv\/#organization","name":"TRUUSK - Hem, Tr\u00e4dg\u00e5rd & Fritid","url":"https:\/\/truusk.store\/sv\/","logo":{"@type":"ImageObject","inLanguage":"sv-SE","@id":"https:\/\/truusk.store\/sv\/#\/schema\/logo\/image\/","url":"https:\/\/i0.wp.com\/truusk.store\/wp-content\/uploads\/2026\/03\/cropped-TRUUSK.png?fit=2032%2C917&ssl=1","contentUrl":"https:\/\/i0.wp.com\/truusk.store\/wp-content\/uploads\/2026\/03\/cropped-TRUUSK.png?fit=2032%2C917&ssl=1","width":2032,"height":917,"caption":"TRUUSK - Hem, Tr\u00e4dg\u00e5rd & Fritid"},"image":{"@id":"https:\/\/truusk.store\/sv\/#\/schema\/logo\/image\/"}}]}},"jetpack_sharing_enabled":true,"_links":{"self":[{"href":"https:\/\/truusk.store\/sv\/wp-json\/wp\/v2\/product\/58902","targetHints":{"allow":["GET"]}}],"collection":[{"href":"https:\/\/truusk.store\/sv\/wp-json\/wp\/v2\/product"}],"about":[{"href":"https:\/\/truusk.store\/sv\/wp-json\/wp\/v2\/types\/product"}],"wp:featuredmedia":[{"embeddable":true,"href":"https:\/\/truusk.store\/sv\/wp-json\/wp\/v2\/media\/58893"}],"wp:attachment":[{"href":"https:\/\/truusk.store\/sv\/wp-json\/wp\/v2\/media?parent=58902"}],"wp:term":[{"taxonomy":"product_brand","embeddable":true,"href":"https:\/\/truusk.store\/sv\/wp-json\/wp\/v2\/product_brand?post=58902"},{"taxonomy":"product_cat","embeddable":true,"href":"https:\/\/truusk.store\/sv\/wp-json\/wp\/v2\/product_cat?post=58902"},{"taxonomy":"product_tag","embeddable":true,"href":"https:\/\/truusk.store\/sv\/wp-json\/wp\/v2\/product_tag?post=58902"}],"curies":[{"name":"wp","href":"https:\/\/api.w.org\/{rel}","templated":true}]}}