{"id":58922,"date":"2025-06-05T00:12:40","date_gmt":"2025-06-04T23:12:40","guid":{"rendered":"https:\/\/truusk.store\/product\/hollywood-svang-3-sits-tradgardssvang-med-justerbart-tak-vattenavvisande-svangbank-upp-till-240-kg-belastning-for-tradgard-balkong-mesh-bla\/"},"modified":"2026-03-12T09:38:39","modified_gmt":"2026-03-12T08:38:39","slug":"truusk-hollywood-svang-3-sits-tradgardssvang-justerbart-tak-vattenavvisande-svangbank-upp-till-240-kg-belastning-for","status":"publish","type":"product","link":"https:\/\/truusk.store\/sv\/produkt\/truusk-hollywood-svang-3-sits-tradgardssvang-justerbart-tak-vattenavvisande-svangbank-upp-till-240-kg-belastning-for\/","title":{"rendered":"TRUUSK Hollywood-sv\u00e4ng 3-sits Tr\u00e4dg\u00e5rdssv\u00e4ng &#8211; Justerbart Tak &#8211; Vattenavvisande Sv\u00e4ngb\u00e4nk &#8211; Upp Till 240 Kg Belastning &#8211; F\u00f6r"},"content":{"rendered":"<p>Njut av de varma solstr\u00e5larna med ett kallt glas vin och l\u00e5t dagen avslutas p\u00e5 denna Hollywood-sv\u00e4ng som p\u00e5 moln. Utrustad med en robust rostfritt st\u00e5lram, b\u00e4r denna tr\u00e4dg\u00e5rdssvinga enkelt upp till 200 kg och ger dig alltid en s\u00e4ker plats att slappna av. Den breda, bekv\u00e4ma sittytan rymmer upp till tre personer och det f\u00e4llbara taket skyddar s\u00e4kert mot bl\u00e4ndande sol.<\/p>\n<p>Beskrivning:<\/p>\n<ul>\n<li> Dekorativ tr\u00e4dg\u00e5rdssving f\u00f6r upp till 3 personer<\/li>\n<li> L\u00e4mplig f\u00f6r utomhusbruk som tr\u00e4dg\u00e5rd, terrass eller balkong<\/li>\n<li> Stabil och stadig st\u00e5lkonstruktion<\/li>\n<li> Sv\u00e4ngbart tak p\u00e5 Hollywood-sv\u00e4ngen av vattenavvisande polyester ger idealiskt solskydd<\/li>\n<li> Sittytan och ryggst\u00f6det \u00e4r mjukt vadderade f\u00f6r optimal sittkomfort<\/li>\n<li> Med halkfria f\u00f6tter f\u00f6r s\u00e4ker st\u00e5nd<\/li>\n<\/ul>\n<p>Tekniska data:<\/p>\n<ul>\n<li> Material: St\u00e5l, Polyester<\/li>\n<li> F\u00e4rg: Bl\u00e5<\/li>\n<li> Totala m\u00e5tt: 172L x 110B x 153H cm<\/li>\n<li> Sittytan: 130B x 46T cm<\/li>\n<li> Sitth\u00f6jd: 48 cm<\/li>\n<li> Max. Belastningskapacitet: 240 kg<\/li>\n<\/ul>\n<p>Leveransinneh\u00e5ll:<\/p>\n<ul>\n<li> 1 x Hollywood-sv\u00e4ng<\/li>\n<li> 1 x Instruktioner<\/li>\n<\/ul>\n","protected":false},"excerpt":{"rendered":"<p>Njut av de varma solstr\u00e5larna med ett kallt glas vin och l\u00e5t dagen avslutas p\u00e5 denna Hollywood-sv\u00e4ng som p\u00e5 moln&#8230;.<\/p>\n","protected":false},"featured_media":58913,"template":"","meta":[],"product_brand":[],"product_cat":[453,858,450],"product_tag":[],"class_list":{"0":"post-58922","1":"product","2":"type-product","3":"status-publish","4":"has-post-thumbnail","6":"product_cat-hollywood-gungor","7":"product_cat-tradgard-terrass","8":"product_cat-tradgardsmobler","10":"first","11":"instock","12":"sale","13":"taxable","14":"shipping-taxable","15":"purchasable","16":"product-type-simple"},"yoast_head":"<!-- This site is optimized with the Yoast SEO plugin v25.4 - https:\/\/yoast.com\/wordpress\/plugins\/seo\/ -->\n<title>TRUUSK Hollywood-sv\u00e4ng 3-sits Tr\u00e4dg\u00e5rdssv\u00e4ng - Justerbart Tak - Vattenavvisande Sv\u00e4ngb\u00e4nk - Upp Till 240 Kg Belastning - F\u00f6r - TRUUSK - Hem, Tr\u00e4dg\u00e5rd &amp; Fritid<\/title>\n<meta name=\"robots\" content=\"index, follow, max-snippet:-1, max-image-preview:large, max-video-preview:-1\" \/>\n<link rel=\"canonical\" href=\"https:\/\/truusk.store\/sv\/produkt\/truusk-hollywood-svang-3-sits-tradgardssvang-justerbart-tak-vattenavvisande-svangbank-upp-till-240-kg-belastning-for\/\" \/>\n<meta property=\"og:locale\" content=\"sv_SE\" \/>\n<meta property=\"og:type\" content=\"article\" \/>\n<meta property=\"og:title\" content=\"TRUUSK Hollywood-sv\u00e4ng 3-sits Tr\u00e4dg\u00e5rdssv\u00e4ng - Justerbart Tak - Vattenavvisande Sv\u00e4ngb\u00e4nk - Upp Till 240 Kg Belastning - F\u00f6r - TRUUSK - Hem, Tr\u00e4dg\u00e5rd &amp; Fritid\" \/>\n<meta property=\"og:description\" content=\"Njut av de varma solstr\u00e5larna med ett kallt glas vin och l\u00e5t dagen avslutas p\u00e5 denna Hollywood-sv\u00e4ng som p\u00e5 moln....\" \/>\n<meta property=\"og:url\" content=\"https:\/\/truusk.store\/sv\/produkt\/truusk-hollywood-svang-3-sits-tradgardssvang-justerbart-tak-vattenavvisande-svangbank-upp-till-240-kg-belastning-for\/\" \/>\n<meta property=\"og:site_name\" content=\"TRUUSK - Hem, Tr\u00e4dg\u00e5rd &amp; Fritid\" \/>\n<meta property=\"article:modified_time\" content=\"2026-03-12T08:38:39+00:00\" \/>\n<meta property=\"og:image\" content=\"https:\/\/i0.wp.com\/truusk.se\/wp-content\/uploads\/2025\/06\/hollywood-svang-3-sits-tradgardssvang-med-justerbart-tak-vattenavvisande-svangbank-upp-till-240-kg-belastning-for-tradgard-balkong-mesh-bla-1.webp?fit=2000%2C2000&ssl=1\" \/>\n\t<meta property=\"og:image:width\" content=\"2000\" \/>\n\t<meta property=\"og:image:height\" content=\"2000\" \/>\n\t<meta property=\"og:image:type\" content=\"image\/webp\" \/>\n<meta name=\"twitter:card\" content=\"summary_large_image\" \/>\n<meta name=\"twitter:label1\" content=\"Ber\u00e4knad l\u00e4stid\" \/>\n\t<meta name=\"twitter:data1\" content=\"1 minut\" \/>\n<!-- \/ Yoast SEO plugin. -->","yoast_head_json":{"title":"TRUUSK Hollywood-sv\u00e4ng 3-sits Tr\u00e4dg\u00e5rdssv\u00e4ng - Justerbart Tak - Vattenavvisande Sv\u00e4ngb\u00e4nk - Upp Till 240 Kg Belastning - F\u00f6r - TRUUSK - Hem, Tr\u00e4dg\u00e5rd &amp; Fritid","robots":{"index":"index","follow":"follow","max-snippet":"max-snippet:-1","max-image-preview":"max-image-preview:large","max-video-preview":"max-video-preview:-1"},"canonical":"https:\/\/truusk.store\/sv\/produkt\/truusk-hollywood-svang-3-sits-tradgardssvang-justerbart-tak-vattenavvisande-svangbank-upp-till-240-kg-belastning-for\/","og_locale":"sv_SE","og_type":"article","og_title":"TRUUSK Hollywood-sv\u00e4ng 3-sits Tr\u00e4dg\u00e5rdssv\u00e4ng - Justerbart Tak - Vattenavvisande Sv\u00e4ngb\u00e4nk - Upp Till 240 Kg Belastning - F\u00f6r - TRUUSK - Hem, Tr\u00e4dg\u00e5rd &amp; Fritid","og_description":"Njut av de varma solstr\u00e5larna med ett kallt glas vin och l\u00e5t dagen avslutas p\u00e5 denna Hollywood-sv\u00e4ng som p\u00e5 moln....","og_url":"https:\/\/truusk.store\/sv\/produkt\/truusk-hollywood-svang-3-sits-tradgardssvang-justerbart-tak-vattenavvisande-svangbank-upp-till-240-kg-belastning-for\/","og_site_name":"TRUUSK - Hem, Tr\u00e4dg\u00e5rd &amp; Fritid","article_modified_time":"2026-03-12T08:38:39+00:00","og_image":[{"width":2000,"height":2000,"url":"https:\/\/i0.wp.com\/truusk.se\/wp-content\/uploads\/2025\/06\/hollywood-svang-3-sits-tradgardssvang-med-justerbart-tak-vattenavvisande-svangbank-upp-till-240-kg-belastning-for-tradgard-balkong-mesh-bla-1.webp?fit=2000%2C2000&ssl=1","type":"image\/webp"}],"twitter_card":"summary_large_image","twitter_misc":{"Ber\u00e4knad l\u00e4stid":"1 minut"},"schema":{"@context":"https:\/\/schema.org","@graph":[{"@type":"WebPage","@id":"https:\/\/truusk.store\/sv\/produkt\/truusk-hollywood-svang-3-sits-tradgardssvang-justerbart-tak-vattenavvisande-svangbank-upp-till-240-kg-belastning-for\/","url":"https:\/\/truusk.store\/sv\/produkt\/truusk-hollywood-svang-3-sits-tradgardssvang-justerbart-tak-vattenavvisande-svangbank-upp-till-240-kg-belastning-for\/","name":"TRUUSK Hollywood-sv\u00e4ng 3-sits Tr\u00e4dg\u00e5rdssv\u00e4ng - Justerbart Tak - Vattenavvisande Sv\u00e4ngb\u00e4nk - Upp Till 240 Kg Belastning - F\u00f6r - TRUUSK - Hem, Tr\u00e4dg\u00e5rd &amp; Fritid","isPartOf":{"@id":"https:\/\/truusk.store\/sv\/#website"},"primaryImageOfPage":{"@id":"https:\/\/truusk.store\/sv\/produkt\/truusk-hollywood-svang-3-sits-tradgardssvang-justerbart-tak-vattenavvisande-svangbank-upp-till-240-kg-belastning-for\/#primaryimage"},"image":{"@id":"https:\/\/truusk.store\/sv\/produkt\/truusk-hollywood-svang-3-sits-tradgardssvang-justerbart-tak-vattenavvisande-svangbank-upp-till-240-kg-belastning-for\/#primaryimage"},"thumbnailUrl":"https:\/\/i0.wp.com\/truusk.store\/wp-content\/uploads\/2025\/06\/hollywood-svang-3-sits-tradgardssvang-med-justerbart-tak-vattenavvisande-svangbank-upp-till-240-kg-belastning-for-tradgard-balkong-mesh-bla-1.webp?fit=2000%2C2000&ssl=1","datePublished":"2025-06-04T23:12:40+00:00","dateModified":"2026-03-12T08:38:39+00:00","breadcrumb":{"@id":"https:\/\/truusk.store\/sv\/produkt\/truusk-hollywood-svang-3-sits-tradgardssvang-justerbart-tak-vattenavvisande-svangbank-upp-till-240-kg-belastning-for\/#breadcrumb"},"inLanguage":"sv-SE","potentialAction":[{"@type":"ReadAction","target":["https:\/\/truusk.store\/sv\/produkt\/truusk-hollywood-svang-3-sits-tradgardssvang-justerbart-tak-vattenavvisande-svangbank-upp-till-240-kg-belastning-for\/"]}]},{"@type":"ImageObject","inLanguage":"sv-SE","@id":"https:\/\/truusk.store\/sv\/produkt\/truusk-hollywood-svang-3-sits-tradgardssvang-justerbart-tak-vattenavvisande-svangbank-upp-till-240-kg-belastning-for\/#primaryimage","url":"https:\/\/i0.wp.com\/truusk.store\/wp-content\/uploads\/2025\/06\/hollywood-svang-3-sits-tradgardssvang-med-justerbart-tak-vattenavvisande-svangbank-upp-till-240-kg-belastning-for-tradgard-balkong-mesh-bla-1.webp?fit=2000%2C2000&ssl=1","contentUrl":"https:\/\/i0.wp.com\/truusk.store\/wp-content\/uploads\/2025\/06\/hollywood-svang-3-sits-tradgardssvang-med-justerbart-tak-vattenavvisande-svangbank-upp-till-240-kg-belastning-for-tradgard-balkong-mesh-bla-1.webp?fit=2000%2C2000&ssl=1","width":2000,"height":2000},{"@type":"BreadcrumbList","@id":"https:\/\/truusk.store\/sv\/produkt\/truusk-hollywood-svang-3-sits-tradgardssvang-justerbart-tak-vattenavvisande-svangbank-upp-till-240-kg-belastning-for\/#breadcrumb","itemListElement":[{"@type":"ListItem","position":1,"name":"Home","item":"https:\/\/truusk.store\/sv\/"},{"@type":"ListItem","position":2,"name":"Shop","item":"https:\/\/truusk.store\/shop\/"},{"@type":"ListItem","position":3,"name":"TRUUSK Hollywood-sv\u00e4ng 3-sits Tr\u00e4dg\u00e5rdssv\u00e4ng &#8211; Justerbart Tak &#8211; Vattenavvisande Sv\u00e4ngb\u00e4nk &#8211; Upp Till 240 Kg Belastning &#8211; F\u00f6r"}]},{"@type":"WebSite","@id":"https:\/\/truusk.store\/sv\/#website","url":"https:\/\/truusk.store\/sv\/","name":"TRUUSK - Hem, Tr\u00e4dg\u00e5rd & Fritid","description":"","publisher":{"@id":"https:\/\/truusk.store\/sv\/#organization"},"potentialAction":[{"@type":"SearchAction","target":{"@type":"EntryPoint","urlTemplate":"https:\/\/truusk.store\/sv\/?s={search_term_string}"},"query-input":{"@type":"PropertyValueSpecification","valueRequired":true,"valueName":"search_term_string"}}],"inLanguage":"sv-SE"},{"@type":"Organization","@id":"https:\/\/truusk.store\/sv\/#organization","name":"TRUUSK - Hem, Tr\u00e4dg\u00e5rd & Fritid","url":"https:\/\/truusk.store\/sv\/","logo":{"@type":"ImageObject","inLanguage":"sv-SE","@id":"https:\/\/truusk.store\/sv\/#\/schema\/logo\/image\/","url":"https:\/\/i0.wp.com\/truusk.store\/wp-content\/uploads\/2026\/03\/cropped-TRUUSK.png?fit=2032%2C917&ssl=1","contentUrl":"https:\/\/i0.wp.com\/truusk.store\/wp-content\/uploads\/2026\/03\/cropped-TRUUSK.png?fit=2032%2C917&ssl=1","width":2032,"height":917,"caption":"TRUUSK - Hem, Tr\u00e4dg\u00e5rd & Fritid"},"image":{"@id":"https:\/\/truusk.store\/sv\/#\/schema\/logo\/image\/"}}]}},"jetpack_sharing_enabled":true,"_links":{"self":[{"href":"https:\/\/truusk.store\/sv\/wp-json\/wp\/v2\/product\/58922","targetHints":{"allow":["GET"]}}],"collection":[{"href":"https:\/\/truusk.store\/sv\/wp-json\/wp\/v2\/product"}],"about":[{"href":"https:\/\/truusk.store\/sv\/wp-json\/wp\/v2\/types\/product"}],"wp:featuredmedia":[{"embeddable":true,"href":"https:\/\/truusk.store\/sv\/wp-json\/wp\/v2\/media\/58913"}],"wp:attachment":[{"href":"https:\/\/truusk.store\/sv\/wp-json\/wp\/v2\/media?parent=58922"}],"wp:term":[{"taxonomy":"product_brand","embeddable":true,"href":"https:\/\/truusk.store\/sv\/wp-json\/wp\/v2\/product_brand?post=58922"},{"taxonomy":"product_cat","embeddable":true,"href":"https:\/\/truusk.store\/sv\/wp-json\/wp\/v2\/product_cat?post=58922"},{"taxonomy":"product_tag","embeddable":true,"href":"https:\/\/truusk.store\/sv\/wp-json\/wp\/v2\/product_tag?post=58922"}],"curies":[{"name":"wp","href":"https:\/\/api.w.org\/{rel}","templated":true}]}}