{"id":58972,"date":"2025-06-05T00:17:35","date_gmt":"2025-06-04T23:17:35","guid":{"rendered":"https:\/\/truusk.store\/product\/hundskyddsgaller-75-145-cm-justerbar-2-vags-oppning-dubbel-lassystem-montering-utan-borrning-abs-stal-svart\/"},"modified":"2026-03-12T09:27:37","modified_gmt":"2026-03-12T08:27:37","slug":"truusk-hundskyddsgaller-justerbar-75-145-cm-2-vags-oppning-dubbel-lassystem-montering-utan-borrning-abs-och-stal-svart","status":"publish","type":"product","link":"https:\/\/truusk.store\/sv\/produkt\/truusk-hundskyddsgaller-justerbar-75-145-cm-2-vags-oppning-dubbel-lassystem-montering-utan-borrning-abs-och-stal-svart\/","title":{"rendered":"TRUUSK Hundskyddsgaller &#8211; Justerbar 75-145 cm &#8211; 2-v\u00e4gs \u00f6ppning &#8211; Dubbel l\u00e5ssystem &#8211; Montering utan borrning &#8211; ABS och st\u00e5l &#8211; Svart"},"content":{"rendered":"<p>Med denna d\u00f6rrskyddsgaller fr\u00e5n TRUUSK ger du ditt husdjur maximal s\u00e4kerhet. Tillverkad av robust st\u00e5l och ABS-plast f\u00f6r h\u00f6g stabilitet. Med hj\u00e4lp av en f\u00f6rl\u00e4ngning kan den enkelt st\u00e4llas upp p\u00e5 olika avst\u00e5nd (75 cm till 145 cm). Med ett skjuthandtag och tv\u00e5 vridl\u00e5s \u00e4r det l\u00e4tt att \u00f6ppna. Den dubbla l\u00e5smekanismen p\u00e5 hundd\u00f6rrgallret garanterar s\u00e4kerhet och skydd f\u00f6r ditt husdjur.<\/p>\n<p>Beskrivning:<\/p>\n<ul>\n<li> Det dubbla l\u00e5ssystemet ser till att ditt husdjur \u00e4r s\u00e4kert p\u00e5 sin plats<\/li>\n<li> Detta trappskyddsgaller har ett tv\u00e5v\u00e4gs \u00f6ppningssystem<\/li>\n<li> Robust st\u00e5lram p\u00e5 trappgallret f\u00f6r h\u00f6g stabilitet och s\u00e4kerhet<\/li>\n<li> V\u00e4ggf\u00e4ste med tryckknapp p\u00e5 d\u00f6rrgallret f\u00f6r enkel montering<\/li>\n<li> Med f\u00f6rl\u00e4ngningsst\u00e5ng och justeringsskruvar<\/li>\n<li> Justerbar fr\u00e5n 75 cm till 145 cm<\/li>\n<li> L\u00e4mplig f\u00f6r d\u00f6rrar, korridorer, trappor etc.<\/li>\n<li> Enkel montering, illustrerad monteringsanvisning ing\u00e5r<\/li>\n<\/ul>\n<p>Tekniska data:<\/p>\n<ul>\n<li> F\u00e4rg: Svart<\/li>\n<li> Material: St\u00e5l, ABS<\/li>\n<li> Totala dimensioner: 145L x 76H cm<\/li>\n<li> Justerbar l\u00e4ngd: 75-145 cm<\/li>\n<li> Avst\u00e5nd mellan st\u00e4ngerna: 4,8 cm<\/li>\n<li> Avst\u00e5nd f\u00f6r ramh\u00e5llaren: 5,3 cm<\/li>\n<li> Bredd p\u00e5 ing\u00e5ngen: 54 cm<\/li>\n<li> Obs: 1) Anv\u00e4nd f\u00f6rl\u00e4ngningsdelen om bredden \u00f6verstiger 85 cm<\/li>\n<li>2) M\u00e4t din \u00f6ppning innan du k\u00f6per<\/li>\n<\/ul>\n<p>Leveransinneh\u00e5ll:<\/p>\n<ul>\n<li> 1 x Djurskyddsgaller f\u00f6r husdjur<\/li>\n<li> 1 x F\u00f6rl\u00e4ngningsnagel<\/li>\n<li> 1 x Instruktioner<\/li>\n<\/ul>\n","protected":false},"excerpt":{"rendered":"<p>Med denna d\u00f6rrskyddsgaller fr\u00e5n TRUUSK ger du ditt husdjur maximal s\u00e4kerhet. Tillverkad av robust st\u00e5l och ABS-plast f\u00f6r h\u00f6g stabilitet&#8230;.<\/p>\n","protected":false},"featured_media":58963,"template":"","meta":[],"product_brand":[],"product_cat":[878,948,574],"product_tag":[],"class_list":{"0":"post-58972","1":"product","2":"type-product","3":"status-publish","4":"has-post-thumbnail","6":"product_cat-djurbehov","7":"product_cat-hundgaller-skiljevaggar","8":"product_cat-hundtillbehor","10":"first","11":"instock","12":"sale","13":"taxable","14":"shipping-taxable","15":"purchasable","16":"product-type-simple"},"yoast_head":"<!-- This site is optimized with the Yoast SEO plugin v25.4 - https:\/\/yoast.com\/wordpress\/plugins\/seo\/ -->\n<title>TRUUSK Hundskyddsgaller - Justerbar 75-145 cm - 2-v\u00e4gs \u00f6ppning - Dubbel l\u00e5ssystem - Montering utan borrning - ABS och st\u00e5l - Svart - TRUUSK - Hem, Tr\u00e4dg\u00e5rd &amp; Fritid<\/title>\n<meta name=\"robots\" content=\"index, follow, max-snippet:-1, max-image-preview:large, max-video-preview:-1\" \/>\n<link rel=\"canonical\" href=\"https:\/\/truusk.store\/sv\/produkt\/truusk-hundskyddsgaller-justerbar-75-145-cm-2-vags-oppning-dubbel-lassystem-montering-utan-borrning-abs-och-stal-svart\/\" \/>\n<meta property=\"og:locale\" content=\"sv_SE\" \/>\n<meta property=\"og:type\" content=\"article\" \/>\n<meta property=\"og:title\" content=\"TRUUSK Hundskyddsgaller - Justerbar 75-145 cm - 2-v\u00e4gs \u00f6ppning - Dubbel l\u00e5ssystem - Montering utan borrning - ABS och st\u00e5l - Svart - TRUUSK - Hem, Tr\u00e4dg\u00e5rd &amp; Fritid\" \/>\n<meta property=\"og:description\" content=\"Med denna d\u00f6rrskyddsgaller fr\u00e5n TRUUSK ger du ditt husdjur maximal s\u00e4kerhet. Tillverkad av robust st\u00e5l och ABS-plast f\u00f6r h\u00f6g stabilitet....\" \/>\n<meta property=\"og:url\" content=\"https:\/\/truusk.store\/sv\/produkt\/truusk-hundskyddsgaller-justerbar-75-145-cm-2-vags-oppning-dubbel-lassystem-montering-utan-borrning-abs-och-stal-svart\/\" \/>\n<meta property=\"og:site_name\" content=\"TRUUSK - Hem, Tr\u00e4dg\u00e5rd &amp; Fritid\" \/>\n<meta property=\"article:modified_time\" content=\"2026-03-12T08:27:37+00:00\" \/>\n<meta property=\"og:image\" content=\"https:\/\/i0.wp.com\/truusk.se\/wp-content\/uploads\/2025\/06\/hundskyddsgaller-75-145-cm-justerbar-2-vags-oppning-dubbel-lassystem-montering-utan-borrning-abs-stal-svart-1.webp?fit=2000%2C2000&ssl=1\" \/>\n\t<meta property=\"og:image:width\" content=\"2000\" \/>\n\t<meta property=\"og:image:height\" content=\"2000\" \/>\n\t<meta property=\"og:image:type\" content=\"image\/webp\" \/>\n<meta name=\"twitter:card\" content=\"summary_large_image\" \/>\n<meta name=\"twitter:label1\" content=\"Ber\u00e4knad l\u00e4stid\" \/>\n\t<meta name=\"twitter:data1\" content=\"1 minut\" \/>\n<!-- \/ Yoast SEO plugin. -->","yoast_head_json":{"title":"TRUUSK Hundskyddsgaller - Justerbar 75-145 cm - 2-v\u00e4gs \u00f6ppning - Dubbel l\u00e5ssystem - Montering utan borrning - ABS och st\u00e5l - Svart - TRUUSK - Hem, Tr\u00e4dg\u00e5rd &amp; Fritid","robots":{"index":"index","follow":"follow","max-snippet":"max-snippet:-1","max-image-preview":"max-image-preview:large","max-video-preview":"max-video-preview:-1"},"canonical":"https:\/\/truusk.store\/sv\/produkt\/truusk-hundskyddsgaller-justerbar-75-145-cm-2-vags-oppning-dubbel-lassystem-montering-utan-borrning-abs-och-stal-svart\/","og_locale":"sv_SE","og_type":"article","og_title":"TRUUSK Hundskyddsgaller - Justerbar 75-145 cm - 2-v\u00e4gs \u00f6ppning - Dubbel l\u00e5ssystem - Montering utan borrning - ABS och st\u00e5l - Svart - TRUUSK - Hem, Tr\u00e4dg\u00e5rd &amp; Fritid","og_description":"Med denna d\u00f6rrskyddsgaller fr\u00e5n TRUUSK ger du ditt husdjur maximal s\u00e4kerhet. Tillverkad av robust st\u00e5l och ABS-plast f\u00f6r h\u00f6g stabilitet....","og_url":"https:\/\/truusk.store\/sv\/produkt\/truusk-hundskyddsgaller-justerbar-75-145-cm-2-vags-oppning-dubbel-lassystem-montering-utan-borrning-abs-och-stal-svart\/","og_site_name":"TRUUSK - Hem, Tr\u00e4dg\u00e5rd &amp; Fritid","article_modified_time":"2026-03-12T08:27:37+00:00","og_image":[{"width":2000,"height":2000,"url":"https:\/\/i0.wp.com\/truusk.se\/wp-content\/uploads\/2025\/06\/hundskyddsgaller-75-145-cm-justerbar-2-vags-oppning-dubbel-lassystem-montering-utan-borrning-abs-stal-svart-1.webp?fit=2000%2C2000&ssl=1","type":"image\/webp"}],"twitter_card":"summary_large_image","twitter_misc":{"Ber\u00e4knad l\u00e4stid":"1 minut"},"schema":{"@context":"https:\/\/schema.org","@graph":[{"@type":"WebPage","@id":"https:\/\/truusk.store\/sv\/produkt\/truusk-hundskyddsgaller-justerbar-75-145-cm-2-vags-oppning-dubbel-lassystem-montering-utan-borrning-abs-och-stal-svart\/","url":"https:\/\/truusk.store\/sv\/produkt\/truusk-hundskyddsgaller-justerbar-75-145-cm-2-vags-oppning-dubbel-lassystem-montering-utan-borrning-abs-och-stal-svart\/","name":"TRUUSK Hundskyddsgaller - Justerbar 75-145 cm - 2-v\u00e4gs \u00f6ppning - Dubbel l\u00e5ssystem - Montering utan borrning - ABS och st\u00e5l - Svart - TRUUSK - Hem, Tr\u00e4dg\u00e5rd &amp; Fritid","isPartOf":{"@id":"https:\/\/truusk.store\/sv\/#website"},"primaryImageOfPage":{"@id":"https:\/\/truusk.store\/sv\/produkt\/truusk-hundskyddsgaller-justerbar-75-145-cm-2-vags-oppning-dubbel-lassystem-montering-utan-borrning-abs-och-stal-svart\/#primaryimage"},"image":{"@id":"https:\/\/truusk.store\/sv\/produkt\/truusk-hundskyddsgaller-justerbar-75-145-cm-2-vags-oppning-dubbel-lassystem-montering-utan-borrning-abs-och-stal-svart\/#primaryimage"},"thumbnailUrl":"https:\/\/i0.wp.com\/truusk.store\/wp-content\/uploads\/2025\/06\/hundskyddsgaller-75-145-cm-justerbar-2-vags-oppning-dubbel-lassystem-montering-utan-borrning-abs-stal-svart-1.webp?fit=2000%2C2000&ssl=1","datePublished":"2025-06-04T23:17:35+00:00","dateModified":"2026-03-12T08:27:37+00:00","breadcrumb":{"@id":"https:\/\/truusk.store\/sv\/produkt\/truusk-hundskyddsgaller-justerbar-75-145-cm-2-vags-oppning-dubbel-lassystem-montering-utan-borrning-abs-och-stal-svart\/#breadcrumb"},"inLanguage":"sv-SE","potentialAction":[{"@type":"ReadAction","target":["https:\/\/truusk.store\/sv\/produkt\/truusk-hundskyddsgaller-justerbar-75-145-cm-2-vags-oppning-dubbel-lassystem-montering-utan-borrning-abs-och-stal-svart\/"]}]},{"@type":"ImageObject","inLanguage":"sv-SE","@id":"https:\/\/truusk.store\/sv\/produkt\/truusk-hundskyddsgaller-justerbar-75-145-cm-2-vags-oppning-dubbel-lassystem-montering-utan-borrning-abs-och-stal-svart\/#primaryimage","url":"https:\/\/i0.wp.com\/truusk.store\/wp-content\/uploads\/2025\/06\/hundskyddsgaller-75-145-cm-justerbar-2-vags-oppning-dubbel-lassystem-montering-utan-borrning-abs-stal-svart-1.webp?fit=2000%2C2000&ssl=1","contentUrl":"https:\/\/i0.wp.com\/truusk.store\/wp-content\/uploads\/2025\/06\/hundskyddsgaller-75-145-cm-justerbar-2-vags-oppning-dubbel-lassystem-montering-utan-borrning-abs-stal-svart-1.webp?fit=2000%2C2000&ssl=1","width":2000,"height":2000},{"@type":"BreadcrumbList","@id":"https:\/\/truusk.store\/sv\/produkt\/truusk-hundskyddsgaller-justerbar-75-145-cm-2-vags-oppning-dubbel-lassystem-montering-utan-borrning-abs-och-stal-svart\/#breadcrumb","itemListElement":[{"@type":"ListItem","position":1,"name":"Home","item":"https:\/\/truusk.store\/sv\/"},{"@type":"ListItem","position":2,"name":"Shop","item":"https:\/\/truusk.store\/shop\/"},{"@type":"ListItem","position":3,"name":"TRUUSK Hundskyddsgaller &#8211; Justerbar 75-145 cm &#8211; 2-v\u00e4gs \u00f6ppning &#8211; Dubbel l\u00e5ssystem &#8211; Montering utan borrning &#8211; ABS och st\u00e5l &#8211; Svart"}]},{"@type":"WebSite","@id":"https:\/\/truusk.store\/sv\/#website","url":"https:\/\/truusk.store\/sv\/","name":"TRUUSK - Hem, Tr\u00e4dg\u00e5rd & Fritid","description":"","publisher":{"@id":"https:\/\/truusk.store\/sv\/#organization"},"potentialAction":[{"@type":"SearchAction","target":{"@type":"EntryPoint","urlTemplate":"https:\/\/truusk.store\/sv\/?s={search_term_string}"},"query-input":{"@type":"PropertyValueSpecification","valueRequired":true,"valueName":"search_term_string"}}],"inLanguage":"sv-SE"},{"@type":"Organization","@id":"https:\/\/truusk.store\/sv\/#organization","name":"TRUUSK - Hem, Tr\u00e4dg\u00e5rd & Fritid","url":"https:\/\/truusk.store\/sv\/","logo":{"@type":"ImageObject","inLanguage":"sv-SE","@id":"https:\/\/truusk.store\/sv\/#\/schema\/logo\/image\/","url":"https:\/\/i0.wp.com\/truusk.store\/wp-content\/uploads\/2026\/03\/cropped-TRUUSK.png?fit=2032%2C917&ssl=1","contentUrl":"https:\/\/i0.wp.com\/truusk.store\/wp-content\/uploads\/2026\/03\/cropped-TRUUSK.png?fit=2032%2C917&ssl=1","width":2032,"height":917,"caption":"TRUUSK - Hem, Tr\u00e4dg\u00e5rd & Fritid"},"image":{"@id":"https:\/\/truusk.store\/sv\/#\/schema\/logo\/image\/"}}]}},"jetpack_sharing_enabled":true,"_links":{"self":[{"href":"https:\/\/truusk.store\/sv\/wp-json\/wp\/v2\/product\/58972","targetHints":{"allow":["GET"]}}],"collection":[{"href":"https:\/\/truusk.store\/sv\/wp-json\/wp\/v2\/product"}],"about":[{"href":"https:\/\/truusk.store\/sv\/wp-json\/wp\/v2\/types\/product"}],"wp:featuredmedia":[{"embeddable":true,"href":"https:\/\/truusk.store\/sv\/wp-json\/wp\/v2\/media\/58963"}],"wp:attachment":[{"href":"https:\/\/truusk.store\/sv\/wp-json\/wp\/v2\/media?parent=58972"}],"wp:term":[{"taxonomy":"product_brand","embeddable":true,"href":"https:\/\/truusk.store\/sv\/wp-json\/wp\/v2\/product_brand?post=58972"},{"taxonomy":"product_cat","embeddable":true,"href":"https:\/\/truusk.store\/sv\/wp-json\/wp\/v2\/product_cat?post=58972"},{"taxonomy":"product_tag","embeddable":true,"href":"https:\/\/truusk.store\/sv\/wp-json\/wp\/v2\/product_tag?post=58972"}],"curies":[{"name":"wp","href":"https:\/\/api.w.org\/{rel}","templated":true}]}}