{"id":58982,"date":"2025-06-05T00:18:25","date_gmt":"2025-06-04T23:18:25","guid":{"rendered":"https:\/\/truusk.store\/product\/hundpool-for-hundar-o170-cm-halkfritt-plaskbassang-vattenmatta-for-tradgard-camping-sprut-vattenlek-matta-i-rott\/"},"modified":"2026-03-12T08:57:28","modified_gmt":"2026-03-12T07:57:28","slug":"truusk-hundpool-o170-cm-halkfri-plaskbassang-vattenmatta-for-tradgard-camping-rod","status":"publish","type":"product","link":"https:\/\/truusk.store\/sv\/produkt\/truusk-hundpool-o170-cm-halkfri-plaskbassang-vattenmatta-for-tradgard-camping-rod\/","title":{"rendered":"TRUUSK Hundpool \u00d8170 cm &#8211; Halkfri Plaskbass\u00e4ng &#8211; Vattenmatta f\u00f6r Tr\u00e4dg\u00e5rd &amp; Camping &#8211; R\u00f6d"},"content":{"rendered":"<p>Den h\u00e4r hundpoolen fr\u00e5n TRUUSK ger din Bello en svalkande uppfriskning p\u00e5 varma sommardagar. Den stora bass\u00e4ngen erbjuder mycket utrymme f\u00f6r lek och plask. Tack vare den hopf\u00e4llbara designen \u00e4r den l\u00e4tt att transportera. Upps\u00e4ttningen \u00e4r enkel och snabb. Poolen kan anslutas till alla standard vattenkranar. Denna fantastiska plaskpool ger inte bara dina fyrbenta v\u00e4nner mycket roligt, utan ocks\u00e5 massor av uppfriskning.<\/p>\n<p>Beskrivning:<\/p>\n<ul>\n<li> Passar f\u00f6r alla utomhusomr\u00e5den som terrasser, tr\u00e4dg\u00e5rdar och g\u00e5rdar<\/li>\n<li> H\u00e5llbar, s\u00e4ker plast med en tjocklek p\u00e5 0,55 mm<\/li>\n<li> Halkfri botten ger stabilitet vid anv\u00e4ndning<\/li>\n<li> Hopf\u00e4llbar och d\u00e4rf\u00f6r l\u00e4tt att f\u00f6rvara och transportera<\/li>\n<li> Somrig design<\/li>\n<li> \u00c4ven l\u00e4mplig f\u00f6r stora hundar<\/li>\n<li> Upps\u00e4ttningen \u00e4r enkel och snabb<\/li>\n<\/ul>\n<p> Tekniska data:<\/p>\n<ul>\n<li> F\u00e4rg: R\u00f6d<\/li>\n<li> Material: Plast<\/li>\n<li> Totala m\u00e5tt: \u00d8170 cm<\/li>\n<li> Tjocklek p\u00e5 plast: 0,55 mm<\/li>\n<\/ul>\n<p>Leveransinneh\u00e5ll:<\/p>\n<ul>\n<li> 1 x hundplaskpool;<\/li>\n<\/ul>\n","protected":false},"excerpt":{"rendered":"<p>Den h\u00e4r hundpoolen fr\u00e5n TRUUSK ger din Bello en svalkande uppfriskning p\u00e5 varma sommardagar. Den stora bass\u00e4ngen erbjuder mycket utrymme&#8230;<\/p>\n","protected":false},"featured_media":58973,"template":"","meta":[],"product_brand":[],"product_cat":[878,581,574],"product_tag":[],"class_list":{"0":"post-58982","1":"product","2":"type-product","3":"status-publish","4":"has-post-thumbnail","6":"product_cat-djurbehov","7":"product_cat-hundpooler","8":"product_cat-hundtillbehor","10":"first","11":"instock","12":"sale","13":"taxable","14":"shipping-taxable","15":"purchasable","16":"product-type-simple"},"yoast_head":"<!-- This site is optimized with the Yoast SEO plugin v25.4 - https:\/\/yoast.com\/wordpress\/plugins\/seo\/ -->\n<title>TRUUSK Hundpool \u00d8170 cm - Halkfri Plaskbass\u00e4ng - Vattenmatta f\u00f6r Tr\u00e4dg\u00e5rd &amp; Camping - R\u00f6d - TRUUSK - Hem, Tr\u00e4dg\u00e5rd &amp; Fritid<\/title>\n<meta name=\"robots\" content=\"index, follow, max-snippet:-1, max-image-preview:large, max-video-preview:-1\" \/>\n<link rel=\"canonical\" href=\"https:\/\/truusk.store\/sv\/produkt\/truusk-hundpool-o170-cm-halkfri-plaskbassang-vattenmatta-for-tradgard-camping-rod\/\" \/>\n<meta property=\"og:locale\" content=\"sv_SE\" \/>\n<meta property=\"og:type\" content=\"article\" \/>\n<meta property=\"og:title\" content=\"TRUUSK Hundpool \u00d8170 cm - Halkfri Plaskbass\u00e4ng - Vattenmatta f\u00f6r Tr\u00e4dg\u00e5rd &amp; Camping - R\u00f6d - TRUUSK - Hem, Tr\u00e4dg\u00e5rd &amp; Fritid\" \/>\n<meta property=\"og:description\" content=\"Den h\u00e4r hundpoolen fr\u00e5n TRUUSK ger din Bello en svalkande uppfriskning p\u00e5 varma sommardagar. Den stora bass\u00e4ngen erbjuder mycket utrymme...\" \/>\n<meta property=\"og:url\" content=\"https:\/\/truusk.store\/sv\/produkt\/truusk-hundpool-o170-cm-halkfri-plaskbassang-vattenmatta-for-tradgard-camping-rod\/\" \/>\n<meta property=\"og:site_name\" content=\"TRUUSK - Hem, Tr\u00e4dg\u00e5rd &amp; Fritid\" \/>\n<meta property=\"article:modified_time\" content=\"2026-03-12T07:57:28+00:00\" \/>\n<meta property=\"og:image\" content=\"https:\/\/i0.wp.com\/truusk.se\/wp-content\/uploads\/2025\/06\/hundpool-for-hundar-o170-cm-halkfritt-plaskbassang-vattenmatta-for-tradgard-camping-sprut-vattenlek-matta-i-rott-1.webp?fit=2000%2C2000&ssl=1\" \/>\n\t<meta property=\"og:image:width\" content=\"2000\" \/>\n\t<meta property=\"og:image:height\" content=\"2000\" \/>\n\t<meta property=\"og:image:type\" content=\"image\/webp\" \/>\n<meta name=\"twitter:card\" content=\"summary_large_image\" \/>\n<meta name=\"twitter:label1\" content=\"Ber\u00e4knad l\u00e4stid\" \/>\n\t<meta name=\"twitter:data1\" content=\"1 minut\" \/>\n<!-- \/ Yoast SEO plugin. -->","yoast_head_json":{"title":"TRUUSK Hundpool \u00d8170 cm - Halkfri Plaskbass\u00e4ng - Vattenmatta f\u00f6r Tr\u00e4dg\u00e5rd &amp; Camping - R\u00f6d - TRUUSK - Hem, Tr\u00e4dg\u00e5rd &amp; Fritid","robots":{"index":"index","follow":"follow","max-snippet":"max-snippet:-1","max-image-preview":"max-image-preview:large","max-video-preview":"max-video-preview:-1"},"canonical":"https:\/\/truusk.store\/sv\/produkt\/truusk-hundpool-o170-cm-halkfri-plaskbassang-vattenmatta-for-tradgard-camping-rod\/","og_locale":"sv_SE","og_type":"article","og_title":"TRUUSK Hundpool \u00d8170 cm - Halkfri Plaskbass\u00e4ng - Vattenmatta f\u00f6r Tr\u00e4dg\u00e5rd &amp; Camping - R\u00f6d - TRUUSK - Hem, Tr\u00e4dg\u00e5rd &amp; Fritid","og_description":"Den h\u00e4r hundpoolen fr\u00e5n TRUUSK ger din Bello en svalkande uppfriskning p\u00e5 varma sommardagar. Den stora bass\u00e4ngen erbjuder mycket utrymme...","og_url":"https:\/\/truusk.store\/sv\/produkt\/truusk-hundpool-o170-cm-halkfri-plaskbassang-vattenmatta-for-tradgard-camping-rod\/","og_site_name":"TRUUSK - Hem, Tr\u00e4dg\u00e5rd &amp; Fritid","article_modified_time":"2026-03-12T07:57:28+00:00","og_image":[{"width":2000,"height":2000,"url":"https:\/\/i0.wp.com\/truusk.se\/wp-content\/uploads\/2025\/06\/hundpool-for-hundar-o170-cm-halkfritt-plaskbassang-vattenmatta-for-tradgard-camping-sprut-vattenlek-matta-i-rott-1.webp?fit=2000%2C2000&ssl=1","type":"image\/webp"}],"twitter_card":"summary_large_image","twitter_misc":{"Ber\u00e4knad l\u00e4stid":"1 minut"},"schema":{"@context":"https:\/\/schema.org","@graph":[{"@type":"WebPage","@id":"https:\/\/truusk.store\/sv\/produkt\/truusk-hundpool-o170-cm-halkfri-plaskbassang-vattenmatta-for-tradgard-camping-rod\/","url":"https:\/\/truusk.store\/sv\/produkt\/truusk-hundpool-o170-cm-halkfri-plaskbassang-vattenmatta-for-tradgard-camping-rod\/","name":"TRUUSK Hundpool \u00d8170 cm - Halkfri Plaskbass\u00e4ng - Vattenmatta f\u00f6r Tr\u00e4dg\u00e5rd &amp; Camping - R\u00f6d - TRUUSK - Hem, Tr\u00e4dg\u00e5rd &amp; Fritid","isPartOf":{"@id":"https:\/\/truusk.store\/sv\/#website"},"primaryImageOfPage":{"@id":"https:\/\/truusk.store\/sv\/produkt\/truusk-hundpool-o170-cm-halkfri-plaskbassang-vattenmatta-for-tradgard-camping-rod\/#primaryimage"},"image":{"@id":"https:\/\/truusk.store\/sv\/produkt\/truusk-hundpool-o170-cm-halkfri-plaskbassang-vattenmatta-for-tradgard-camping-rod\/#primaryimage"},"thumbnailUrl":"https:\/\/i0.wp.com\/truusk.store\/wp-content\/uploads\/2025\/06\/hundpool-for-hundar-o170-cm-halkfritt-plaskbassang-vattenmatta-for-tradgard-camping-sprut-vattenlek-matta-i-rott-1.webp?fit=2000%2C2000&ssl=1","datePublished":"2025-06-04T23:18:25+00:00","dateModified":"2026-03-12T07:57:28+00:00","breadcrumb":{"@id":"https:\/\/truusk.store\/sv\/produkt\/truusk-hundpool-o170-cm-halkfri-plaskbassang-vattenmatta-for-tradgard-camping-rod\/#breadcrumb"},"inLanguage":"sv-SE","potentialAction":[{"@type":"ReadAction","target":["https:\/\/truusk.store\/sv\/produkt\/truusk-hundpool-o170-cm-halkfri-plaskbassang-vattenmatta-for-tradgard-camping-rod\/"]}]},{"@type":"ImageObject","inLanguage":"sv-SE","@id":"https:\/\/truusk.store\/sv\/produkt\/truusk-hundpool-o170-cm-halkfri-plaskbassang-vattenmatta-for-tradgard-camping-rod\/#primaryimage","url":"https:\/\/i0.wp.com\/truusk.store\/wp-content\/uploads\/2025\/06\/hundpool-for-hundar-o170-cm-halkfritt-plaskbassang-vattenmatta-for-tradgard-camping-sprut-vattenlek-matta-i-rott-1.webp?fit=2000%2C2000&ssl=1","contentUrl":"https:\/\/i0.wp.com\/truusk.store\/wp-content\/uploads\/2025\/06\/hundpool-for-hundar-o170-cm-halkfritt-plaskbassang-vattenmatta-for-tradgard-camping-sprut-vattenlek-matta-i-rott-1.webp?fit=2000%2C2000&ssl=1","width":2000,"height":2000},{"@type":"BreadcrumbList","@id":"https:\/\/truusk.store\/sv\/produkt\/truusk-hundpool-o170-cm-halkfri-plaskbassang-vattenmatta-for-tradgard-camping-rod\/#breadcrumb","itemListElement":[{"@type":"ListItem","position":1,"name":"Home","item":"https:\/\/truusk.store\/sv\/"},{"@type":"ListItem","position":2,"name":"Shop","item":"https:\/\/truusk.store\/shop\/"},{"@type":"ListItem","position":3,"name":"TRUUSK Hundpool \u00d8170 cm &#8211; Halkfri Plaskbass\u00e4ng &#8211; Vattenmatta f\u00f6r Tr\u00e4dg\u00e5rd &amp; Camping &#8211; R\u00f6d"}]},{"@type":"WebSite","@id":"https:\/\/truusk.store\/sv\/#website","url":"https:\/\/truusk.store\/sv\/","name":"TRUUSK - Hem, Tr\u00e4dg\u00e5rd & Fritid","description":"","publisher":{"@id":"https:\/\/truusk.store\/sv\/#organization"},"potentialAction":[{"@type":"SearchAction","target":{"@type":"EntryPoint","urlTemplate":"https:\/\/truusk.store\/sv\/?s={search_term_string}"},"query-input":{"@type":"PropertyValueSpecification","valueRequired":true,"valueName":"search_term_string"}}],"inLanguage":"sv-SE"},{"@type":"Organization","@id":"https:\/\/truusk.store\/sv\/#organization","name":"TRUUSK - Hem, Tr\u00e4dg\u00e5rd & Fritid","url":"https:\/\/truusk.store\/sv\/","logo":{"@type":"ImageObject","inLanguage":"sv-SE","@id":"https:\/\/truusk.store\/sv\/#\/schema\/logo\/image\/","url":"https:\/\/i0.wp.com\/truusk.store\/wp-content\/uploads\/2026\/03\/cropped-TRUUSK.png?fit=2032%2C917&ssl=1","contentUrl":"https:\/\/i0.wp.com\/truusk.store\/wp-content\/uploads\/2026\/03\/cropped-TRUUSK.png?fit=2032%2C917&ssl=1","width":2032,"height":917,"caption":"TRUUSK - Hem, Tr\u00e4dg\u00e5rd & Fritid"},"image":{"@id":"https:\/\/truusk.store\/sv\/#\/schema\/logo\/image\/"}}]}},"jetpack_sharing_enabled":true,"_links":{"self":[{"href":"https:\/\/truusk.store\/sv\/wp-json\/wp\/v2\/product\/58982","targetHints":{"allow":["GET"]}}],"collection":[{"href":"https:\/\/truusk.store\/sv\/wp-json\/wp\/v2\/product"}],"about":[{"href":"https:\/\/truusk.store\/sv\/wp-json\/wp\/v2\/types\/product"}],"wp:featuredmedia":[{"embeddable":true,"href":"https:\/\/truusk.store\/sv\/wp-json\/wp\/v2\/media\/58973"}],"wp:attachment":[{"href":"https:\/\/truusk.store\/sv\/wp-json\/wp\/v2\/media?parent=58982"}],"wp:term":[{"taxonomy":"product_brand","embeddable":true,"href":"https:\/\/truusk.store\/sv\/wp-json\/wp\/v2\/product_brand?post=58982"},{"taxonomy":"product_cat","embeddable":true,"href":"https:\/\/truusk.store\/sv\/wp-json\/wp\/v2\/product_cat?post=58982"},{"taxonomy":"product_tag","embeddable":true,"href":"https:\/\/truusk.store\/sv\/wp-json\/wp\/v2\/product_tag?post=58982"}],"curies":[{"name":"wp","href":"https:\/\/api.w.org\/{rel}","templated":true}]}}