{"id":58992,"date":"2025-06-05T00:19:35","date_gmt":"2025-06-04T23:19:35","guid":{"rendered":"https:\/\/truusk.store\/product\/kontorsstol-ergonomisk-justerbar-med-huvudstod-och-armstod-hojdjusterbar-datorstol-med-snurrstol-och-gungfunktion\/"},"modified":"2026-03-12T09:31:39","modified_gmt":"2026-03-12T08:31:39","slug":"truusk-ergonomisk-kontorsstol-med-justerbart-huvud-och-armstod-hojdjusterbar-datorstol-med-snurr-och-gungfunktion-svart","status":"publish","type":"product","link":"https:\/\/truusk.store\/sv\/produkt\/truusk-ergonomisk-kontorsstol-med-justerbart-huvud-och-armstod-hojdjusterbar-datorstol-med-snurr-och-gungfunktion-svart\/","title":{"rendered":"TRUUSK Ergonomisk Kontorsstol med Justerbart Huvud- och Armst\u00f6d &#8211; H\u00f6jdjusterbar Datorstol med Snurr- och Gungfunktion &#8211; Svart"},"content":{"rendered":"<p>Om du arbetar hemifr\u00e5n eller tillbringar mycket tid p\u00e5 kontoret beh\u00f6ver du en kontorsstol som st\u00f6der dig n\u00e4r du studerar f\u00f6r ett viktigt prov eller slutf\u00f6r ett viktigt arbetsprojekt. Denna datorstol fr\u00e5n TRUUSK h\u00e5ller inte bara j\u00e4mna steg, utan g\u00e5r ett steg l\u00e4ngre med sin bekv\u00e4ma, tjocka stoppning och liggfunktion. Komfort och funktionalitet \u00e4r A och O f\u00f6r en kontorsstol, och TRUUSK vet hur man g\u00f6r det.<\/p>\n<p>Beskrivning:<\/p>\n<ul>\n<li> Ta en paus och str\u00e4ck ut dig, f\u00f6r denna kontorsstol har en lutningsfunktion<\/li>\n<li> Justerbar sitth\u00f6jd f\u00f6r att anpassa till din sittstil<\/li>\n<li> L\u00e4ndst\u00f6det avlastar den nedre delen av ryggen<\/li>\n<li> Huvudst\u00f6det kan flyttas upp eller ner, \u00e4r sv\u00e4ngbart och avtagbart<\/li>\n<li> N\u00e4ttyget p\u00e5 denna skrivbordsstol \u00e4r andningsbart och mjukt<\/li>\n<li> Styrhjulen och s\u00e4tet p\u00e5 denna skrivbordsstol ger enkel och snabb r\u00f6rlighet<\/li>\n<li> Montering kr\u00e4vs<\/li>\n<\/ul>\n<p> Tekniska data:<\/p>\n<ul>\n<li> F\u00e4rg: Svart<\/li>\n<li> Material: N\u00e4t (100% polyester), plast, skum, flerskiktsplatta<\/li>\n<li> Totala dimensioner: 58L x 61B x 102-119H cm<\/li>\n<li> Sitsstorlek: 48L x 45B cm<\/li>\n<li> Sitth\u00f6jd: 42-50 cm<\/li>\n<li> Armst\u00f6dets h\u00f6jd: 19 cm (till s\u00e4tet)<\/li>\n<li> Ryggst\u00f6dets storlek: 46B x 65H cm<\/li>\n<li> Maximal belastning: 120 kg<\/li>\n<\/ul>\n<p> Leveransinneh\u00e5ll:<\/p>\n<ul>\n<li> 1 x Kontorsstol<\/li>\n<li> 1 x Bruksanvisning<\/li>\n<\/ul>\n","protected":false},"excerpt":{"rendered":"<p>Om du arbetar hemifr\u00e5n eller tillbringar mycket tid p\u00e5 kontoret beh\u00f6ver du en kontorsstol som st\u00f6der dig n\u00e4r du studerar&#8230;<\/p>\n","protected":false},"featured_media":58983,"template":"","meta":[],"product_brand":[],"product_cat":[872,871,516],"product_tag":[],"class_list":{"0":"post-58992","1":"product","2":"type-product","3":"status-publish","4":"has-post-thumbnail","6":"product_cat-hemmakontor-arbetsplats","7":"product_cat-hus-hem","8":"product_cat-kontorsstolar","10":"first","11":"instock","12":"sale","13":"taxable","14":"shipping-taxable","15":"purchasable","16":"product-type-simple"},"yoast_head":"<!-- This site is optimized with the Yoast SEO plugin v25.4 - https:\/\/yoast.com\/wordpress\/plugins\/seo\/ -->\n<title>TRUUSK Ergonomisk Kontorsstol med Justerbart Huvud- och Armst\u00f6d - H\u00f6jdjusterbar Datorstol med Snurr- och Gungfunktion - Svart - TRUUSK - Hem, Tr\u00e4dg\u00e5rd &amp; Fritid<\/title>\n<meta name=\"robots\" content=\"index, follow, max-snippet:-1, max-image-preview:large, max-video-preview:-1\" \/>\n<link rel=\"canonical\" href=\"https:\/\/truusk.store\/sv\/produkt\/truusk-ergonomisk-kontorsstol-med-justerbart-huvud-och-armstod-hojdjusterbar-datorstol-med-snurr-och-gungfunktion-svart\/\" \/>\n<meta property=\"og:locale\" content=\"sv_SE\" \/>\n<meta property=\"og:type\" content=\"article\" \/>\n<meta property=\"og:title\" content=\"TRUUSK Ergonomisk Kontorsstol med Justerbart Huvud- och Armst\u00f6d - H\u00f6jdjusterbar Datorstol med Snurr- och Gungfunktion - Svart - TRUUSK - Hem, Tr\u00e4dg\u00e5rd &amp; Fritid\" \/>\n<meta property=\"og:description\" content=\"Om du arbetar hemifr\u00e5n eller tillbringar mycket tid p\u00e5 kontoret beh\u00f6ver du en kontorsstol som st\u00f6der dig n\u00e4r du studerar...\" \/>\n<meta property=\"og:url\" content=\"https:\/\/truusk.store\/sv\/produkt\/truusk-ergonomisk-kontorsstol-med-justerbart-huvud-och-armstod-hojdjusterbar-datorstol-med-snurr-och-gungfunktion-svart\/\" \/>\n<meta property=\"og:site_name\" content=\"TRUUSK - Hem, Tr\u00e4dg\u00e5rd &amp; Fritid\" \/>\n<meta property=\"article:modified_time\" content=\"2026-03-12T08:31:39+00:00\" \/>\n<meta property=\"og:image\" content=\"https:\/\/i0.wp.com\/truusk.se\/wp-content\/uploads\/2025\/06\/kontorsstol-ergonomisk-justerbar-med-huvudstod-och-armstod-hojdjusterbar-datorstol-med-snurrstol-och-gungfunktion-1.webp?fit=2000%2C2000&ssl=1\" \/>\n\t<meta property=\"og:image:width\" content=\"2000\" \/>\n\t<meta property=\"og:image:height\" content=\"2000\" \/>\n\t<meta property=\"og:image:type\" content=\"image\/webp\" \/>\n<meta name=\"twitter:card\" content=\"summary_large_image\" \/>\n<meta name=\"twitter:label1\" content=\"Ber\u00e4knad l\u00e4stid\" \/>\n\t<meta name=\"twitter:data1\" content=\"1 minut\" \/>\n<!-- \/ Yoast SEO plugin. -->","yoast_head_json":{"title":"TRUUSK Ergonomisk Kontorsstol med Justerbart Huvud- och Armst\u00f6d - H\u00f6jdjusterbar Datorstol med Snurr- och Gungfunktion - Svart - TRUUSK - Hem, Tr\u00e4dg\u00e5rd &amp; Fritid","robots":{"index":"index","follow":"follow","max-snippet":"max-snippet:-1","max-image-preview":"max-image-preview:large","max-video-preview":"max-video-preview:-1"},"canonical":"https:\/\/truusk.store\/sv\/produkt\/truusk-ergonomisk-kontorsstol-med-justerbart-huvud-och-armstod-hojdjusterbar-datorstol-med-snurr-och-gungfunktion-svart\/","og_locale":"sv_SE","og_type":"article","og_title":"TRUUSK Ergonomisk Kontorsstol med Justerbart Huvud- och Armst\u00f6d - H\u00f6jdjusterbar Datorstol med Snurr- och Gungfunktion - Svart - TRUUSK - Hem, Tr\u00e4dg\u00e5rd &amp; Fritid","og_description":"Om du arbetar hemifr\u00e5n eller tillbringar mycket tid p\u00e5 kontoret beh\u00f6ver du en kontorsstol som st\u00f6der dig n\u00e4r du studerar...","og_url":"https:\/\/truusk.store\/sv\/produkt\/truusk-ergonomisk-kontorsstol-med-justerbart-huvud-och-armstod-hojdjusterbar-datorstol-med-snurr-och-gungfunktion-svart\/","og_site_name":"TRUUSK - Hem, Tr\u00e4dg\u00e5rd &amp; Fritid","article_modified_time":"2026-03-12T08:31:39+00:00","og_image":[{"width":2000,"height":2000,"url":"https:\/\/i0.wp.com\/truusk.se\/wp-content\/uploads\/2025\/06\/kontorsstol-ergonomisk-justerbar-med-huvudstod-och-armstod-hojdjusterbar-datorstol-med-snurrstol-och-gungfunktion-1.webp?fit=2000%2C2000&ssl=1","type":"image\/webp"}],"twitter_card":"summary_large_image","twitter_misc":{"Ber\u00e4knad l\u00e4stid":"1 minut"},"schema":{"@context":"https:\/\/schema.org","@graph":[{"@type":"WebPage","@id":"https:\/\/truusk.store\/sv\/produkt\/truusk-ergonomisk-kontorsstol-med-justerbart-huvud-och-armstod-hojdjusterbar-datorstol-med-snurr-och-gungfunktion-svart\/","url":"https:\/\/truusk.store\/sv\/produkt\/truusk-ergonomisk-kontorsstol-med-justerbart-huvud-och-armstod-hojdjusterbar-datorstol-med-snurr-och-gungfunktion-svart\/","name":"TRUUSK Ergonomisk Kontorsstol med Justerbart Huvud- och Armst\u00f6d - H\u00f6jdjusterbar Datorstol med Snurr- och Gungfunktion - Svart - TRUUSK - Hem, Tr\u00e4dg\u00e5rd &amp; Fritid","isPartOf":{"@id":"https:\/\/truusk.store\/sv\/#website"},"primaryImageOfPage":{"@id":"https:\/\/truusk.store\/sv\/produkt\/truusk-ergonomisk-kontorsstol-med-justerbart-huvud-och-armstod-hojdjusterbar-datorstol-med-snurr-och-gungfunktion-svart\/#primaryimage"},"image":{"@id":"https:\/\/truusk.store\/sv\/produkt\/truusk-ergonomisk-kontorsstol-med-justerbart-huvud-och-armstod-hojdjusterbar-datorstol-med-snurr-och-gungfunktion-svart\/#primaryimage"},"thumbnailUrl":"https:\/\/i0.wp.com\/truusk.store\/wp-content\/uploads\/2025\/06\/kontorsstol-ergonomisk-justerbar-med-huvudstod-och-armstod-hojdjusterbar-datorstol-med-snurrstol-och-gungfunktion-1.webp?fit=2000%2C2000&ssl=1","datePublished":"2025-06-04T23:19:35+00:00","dateModified":"2026-03-12T08:31:39+00:00","breadcrumb":{"@id":"https:\/\/truusk.store\/sv\/produkt\/truusk-ergonomisk-kontorsstol-med-justerbart-huvud-och-armstod-hojdjusterbar-datorstol-med-snurr-och-gungfunktion-svart\/#breadcrumb"},"inLanguage":"sv-SE","potentialAction":[{"@type":"ReadAction","target":["https:\/\/truusk.store\/sv\/produkt\/truusk-ergonomisk-kontorsstol-med-justerbart-huvud-och-armstod-hojdjusterbar-datorstol-med-snurr-och-gungfunktion-svart\/"]}]},{"@type":"ImageObject","inLanguage":"sv-SE","@id":"https:\/\/truusk.store\/sv\/produkt\/truusk-ergonomisk-kontorsstol-med-justerbart-huvud-och-armstod-hojdjusterbar-datorstol-med-snurr-och-gungfunktion-svart\/#primaryimage","url":"https:\/\/i0.wp.com\/truusk.store\/wp-content\/uploads\/2025\/06\/kontorsstol-ergonomisk-justerbar-med-huvudstod-och-armstod-hojdjusterbar-datorstol-med-snurrstol-och-gungfunktion-1.webp?fit=2000%2C2000&ssl=1","contentUrl":"https:\/\/i0.wp.com\/truusk.store\/wp-content\/uploads\/2025\/06\/kontorsstol-ergonomisk-justerbar-med-huvudstod-och-armstod-hojdjusterbar-datorstol-med-snurrstol-och-gungfunktion-1.webp?fit=2000%2C2000&ssl=1","width":2000,"height":2000},{"@type":"BreadcrumbList","@id":"https:\/\/truusk.store\/sv\/produkt\/truusk-ergonomisk-kontorsstol-med-justerbart-huvud-och-armstod-hojdjusterbar-datorstol-med-snurr-och-gungfunktion-svart\/#breadcrumb","itemListElement":[{"@type":"ListItem","position":1,"name":"Home","item":"https:\/\/truusk.store\/sv\/"},{"@type":"ListItem","position":2,"name":"Shop","item":"https:\/\/truusk.store\/shop\/"},{"@type":"ListItem","position":3,"name":"TRUUSK Ergonomisk Kontorsstol med Justerbart Huvud- och Armst\u00f6d &#8211; H\u00f6jdjusterbar Datorstol med Snurr- och Gungfunktion &#8211; Svart"}]},{"@type":"WebSite","@id":"https:\/\/truusk.store\/sv\/#website","url":"https:\/\/truusk.store\/sv\/","name":"TRUUSK - Hem, Tr\u00e4dg\u00e5rd & Fritid","description":"","publisher":{"@id":"https:\/\/truusk.store\/sv\/#organization"},"potentialAction":[{"@type":"SearchAction","target":{"@type":"EntryPoint","urlTemplate":"https:\/\/truusk.store\/sv\/?s={search_term_string}"},"query-input":{"@type":"PropertyValueSpecification","valueRequired":true,"valueName":"search_term_string"}}],"inLanguage":"sv-SE"},{"@type":"Organization","@id":"https:\/\/truusk.store\/sv\/#organization","name":"TRUUSK - Hem, Tr\u00e4dg\u00e5rd & Fritid","url":"https:\/\/truusk.store\/sv\/","logo":{"@type":"ImageObject","inLanguage":"sv-SE","@id":"https:\/\/truusk.store\/sv\/#\/schema\/logo\/image\/","url":"https:\/\/i0.wp.com\/truusk.store\/wp-content\/uploads\/2026\/03\/cropped-TRUUSK.png?fit=2032%2C917&ssl=1","contentUrl":"https:\/\/i0.wp.com\/truusk.store\/wp-content\/uploads\/2026\/03\/cropped-TRUUSK.png?fit=2032%2C917&ssl=1","width":2032,"height":917,"caption":"TRUUSK - Hem, Tr\u00e4dg\u00e5rd & Fritid"},"image":{"@id":"https:\/\/truusk.store\/sv\/#\/schema\/logo\/image\/"}}]}},"jetpack_sharing_enabled":true,"_links":{"self":[{"href":"https:\/\/truusk.store\/sv\/wp-json\/wp\/v2\/product\/58992","targetHints":{"allow":["GET"]}}],"collection":[{"href":"https:\/\/truusk.store\/sv\/wp-json\/wp\/v2\/product"}],"about":[{"href":"https:\/\/truusk.store\/sv\/wp-json\/wp\/v2\/types\/product"}],"wp:featuredmedia":[{"embeddable":true,"href":"https:\/\/truusk.store\/sv\/wp-json\/wp\/v2\/media\/58983"}],"wp:attachment":[{"href":"https:\/\/truusk.store\/sv\/wp-json\/wp\/v2\/media?parent=58992"}],"wp:term":[{"taxonomy":"product_brand","embeddable":true,"href":"https:\/\/truusk.store\/sv\/wp-json\/wp\/v2\/product_brand?post=58992"},{"taxonomy":"product_cat","embeddable":true,"href":"https:\/\/truusk.store\/sv\/wp-json\/wp\/v2\/product_cat?post=58992"},{"taxonomy":"product_tag","embeddable":true,"href":"https:\/\/truusk.store\/sv\/wp-json\/wp\/v2\/product_tag?post=58992"}],"curies":[{"name":"wp","href":"https:\/\/api.w.org\/{rel}","templated":true}]}}