{"id":59032,"date":"2025-06-05T00:23:27","date_gmt":"2025-06-04T23:23:27","guid":{"rendered":"https:\/\/truusk.store\/product\/hojt-hundbadd-utomhusdjurbadd-hundlounge-for-sma-hundar-upp-till-10-kg-oxford-gra-71-x-58-x-20-cm\/"},"modified":"2026-03-12T09:38:16","modified_gmt":"2026-03-12T08:38:16","slug":"truusk-hojd-hundbadd-for-sma-hundar-utomhusdjurbadd-i-gra-oxford-mjukt-och-bekvamt-71-x-58-x-20-cm-upp-till-10-kg","status":"publish","type":"product","link":"https:\/\/truusk.store\/sv\/produkt\/truusk-hojd-hundbadd-for-sma-hundar-utomhusdjurbadd-i-gra-oxford-mjukt-och-bekvamt-71-x-58-x-20-cm-upp-till-10-kg\/","title":{"rendered":"TRUUSK H\u00f6jd Hundb\u00e4dd f\u00f6r Sm\u00e5 Hundar &#8211; Utomhusdjurb\u00e4dd i Gr\u00e5 Oxford &#8211; Mjukt och Bekv\u00e4mt &#8211; 71 x 58 x 20 cm &#8211; Upp till 10 kg"},"content":{"rendered":"<p>Enkel design, h\u00f6g funktionalitet och elegant gr\u00e5. V\u00e5r hopf\u00e4llbara hundb\u00e4dd \u00e4r den perfekta viloplatsen f\u00f6r mindre hundar och skyddar dina favoriter fr\u00e5n heta eller mycket kalla underlag. Den stabila st\u00e5lr\u00f6rsramen h\u00e5ller en slitstark och andningsbar 600D Oxford-\u00f6verdrag. Detta \u00e4r h\u00e5llbart, bekv\u00e4mt och l\u00e4tt att reng\u00f6ra. N\u00e4r den inte anv\u00e4nds kan din hundb\u00e4dd enkelt f\u00e4llas ihop och d\u00e4rmed tas med p\u00e5 semester. Enkelt, v\u00e4l tillverkat och genomt\u00e4nkt. Med hundb\u00e4dden fr\u00e5n TRUUSK sover dina favoriter tryggt.<\/p>\n<p>Beskrivning:<\/p>\n<ul>\n<li> L\u00e4mplig f\u00f6r inomhus och utomhus<\/li>\n<li> Pulverlackerad st\u00e5lr\u00f6rsram, extra stabil<\/li>\n<li> Andningsbart 600D Oxford-\u00f6verdrag, slitstarkt och l\u00e4ttsk\u00f6tt<\/li>\n<li> L\u00e4tt att reng\u00f6ra<\/li>\n<li> Hopf\u00e4llbar och d\u00e4rmed l\u00e4tt att transportera<\/li>\n<li> L\u00e4mplig f\u00f6r sm\u00e5 hundar upp till 10 kg och en kroppsl\u00e4ngd p\u00e5 mindre \u00e4n 46 cm<\/li>\n<\/ul>\n<p> Tekniska data:<\/p>\n<ul>\n<li> Material: Ram av st\u00e5lr\u00f6r, \u00f6verdrag av 600D Oxford<\/li>\n<li> F\u00e4rg: Gr\u00e5<\/li>\n<li> Storlek: L71 x B58 x H20 cm<\/li>\n<\/ul>\n<p>Leveransinneh\u00e5ll:<\/p>\n<ul>\n<li>1 x Husdjursb\u00e4dd;<\/li>\n<\/ul>\n","protected":false},"excerpt":{"rendered":"<p>Enkel design, h\u00f6g funktionalitet och elegant gr\u00e5. V\u00e5r hopf\u00e4llbara hundb\u00e4dd \u00e4r den perfekta viloplatsen f\u00f6r mindre hundar och skyddar dina&#8230;<\/p>\n","protected":false},"featured_media":59023,"template":"","meta":[],"product_brand":[],"product_cat":[878,576,574],"product_tag":[],"class_list":{"0":"post-59032","1":"product","2":"type-product","3":"status-publish","4":"has-post-thumbnail","6":"product_cat-djurbehov","7":"product_cat-hundsangar-hundsoffor","8":"product_cat-hundtillbehor","10":"first","11":"instock","12":"sale","13":"taxable","14":"shipping-taxable","15":"purchasable","16":"product-type-simple"},"yoast_head":"<!-- This site is optimized with the Yoast SEO plugin v25.4 - https:\/\/yoast.com\/wordpress\/plugins\/seo\/ -->\n<title>TRUUSK H\u00f6jd Hundb\u00e4dd f\u00f6r Sm\u00e5 Hundar - Utomhusdjurb\u00e4dd i Gr\u00e5 Oxford - Mjukt och Bekv\u00e4mt - 71 x 58 x 20 cm - Upp till 10 kg - TRUUSK - Hem, Tr\u00e4dg\u00e5rd &amp; Fritid<\/title>\n<meta name=\"robots\" content=\"index, follow, max-snippet:-1, max-image-preview:large, max-video-preview:-1\" \/>\n<link rel=\"canonical\" href=\"https:\/\/truusk.store\/sv\/produkt\/truusk-hojd-hundbadd-for-sma-hundar-utomhusdjurbadd-i-gra-oxford-mjukt-och-bekvamt-71-x-58-x-20-cm-upp-till-10-kg\/\" \/>\n<meta property=\"og:locale\" content=\"sv_SE\" \/>\n<meta property=\"og:type\" content=\"article\" \/>\n<meta property=\"og:title\" content=\"TRUUSK H\u00f6jd Hundb\u00e4dd f\u00f6r Sm\u00e5 Hundar - Utomhusdjurb\u00e4dd i Gr\u00e5 Oxford - Mjukt och Bekv\u00e4mt - 71 x 58 x 20 cm - Upp till 10 kg - TRUUSK - Hem, Tr\u00e4dg\u00e5rd &amp; Fritid\" \/>\n<meta property=\"og:description\" content=\"Enkel design, h\u00f6g funktionalitet och elegant gr\u00e5. V\u00e5r hopf\u00e4llbara hundb\u00e4dd \u00e4r den perfekta viloplatsen f\u00f6r mindre hundar och skyddar dina...\" \/>\n<meta property=\"og:url\" content=\"https:\/\/truusk.store\/sv\/produkt\/truusk-hojd-hundbadd-for-sma-hundar-utomhusdjurbadd-i-gra-oxford-mjukt-och-bekvamt-71-x-58-x-20-cm-upp-till-10-kg\/\" \/>\n<meta property=\"og:site_name\" content=\"TRUUSK - Hem, Tr\u00e4dg\u00e5rd &amp; Fritid\" \/>\n<meta property=\"article:modified_time\" content=\"2026-03-12T08:38:16+00:00\" \/>\n<meta property=\"og:image\" content=\"https:\/\/i0.wp.com\/truusk.se\/wp-content\/uploads\/2025\/06\/hojt-hundbadd-utomhusdjurbadd-hundlounge-for-sma-hundar-upp-till-10-kg-oxford-gra-71-x-58-x-20-cm-1.webp?fit=2000%2C2000&ssl=1\" \/>\n\t<meta property=\"og:image:width\" content=\"2000\" \/>\n\t<meta property=\"og:image:height\" content=\"2000\" \/>\n\t<meta property=\"og:image:type\" content=\"image\/webp\" \/>\n<meta name=\"twitter:card\" content=\"summary_large_image\" \/>\n<meta name=\"twitter:label1\" content=\"Ber\u00e4knad l\u00e4stid\" \/>\n\t<meta name=\"twitter:data1\" content=\"1 minut\" \/>\n<!-- \/ Yoast SEO plugin. -->","yoast_head_json":{"title":"TRUUSK H\u00f6jd Hundb\u00e4dd f\u00f6r Sm\u00e5 Hundar - Utomhusdjurb\u00e4dd i Gr\u00e5 Oxford - Mjukt och Bekv\u00e4mt - 71 x 58 x 20 cm - Upp till 10 kg - TRUUSK - Hem, Tr\u00e4dg\u00e5rd &amp; Fritid","robots":{"index":"index","follow":"follow","max-snippet":"max-snippet:-1","max-image-preview":"max-image-preview:large","max-video-preview":"max-video-preview:-1"},"canonical":"https:\/\/truusk.store\/sv\/produkt\/truusk-hojd-hundbadd-for-sma-hundar-utomhusdjurbadd-i-gra-oxford-mjukt-och-bekvamt-71-x-58-x-20-cm-upp-till-10-kg\/","og_locale":"sv_SE","og_type":"article","og_title":"TRUUSK H\u00f6jd Hundb\u00e4dd f\u00f6r Sm\u00e5 Hundar - Utomhusdjurb\u00e4dd i Gr\u00e5 Oxford - Mjukt och Bekv\u00e4mt - 71 x 58 x 20 cm - Upp till 10 kg - TRUUSK - Hem, Tr\u00e4dg\u00e5rd &amp; Fritid","og_description":"Enkel design, h\u00f6g funktionalitet och elegant gr\u00e5. V\u00e5r hopf\u00e4llbara hundb\u00e4dd \u00e4r den perfekta viloplatsen f\u00f6r mindre hundar och skyddar dina...","og_url":"https:\/\/truusk.store\/sv\/produkt\/truusk-hojd-hundbadd-for-sma-hundar-utomhusdjurbadd-i-gra-oxford-mjukt-och-bekvamt-71-x-58-x-20-cm-upp-till-10-kg\/","og_site_name":"TRUUSK - Hem, Tr\u00e4dg\u00e5rd &amp; Fritid","article_modified_time":"2026-03-12T08:38:16+00:00","og_image":[{"width":2000,"height":2000,"url":"https:\/\/i0.wp.com\/truusk.se\/wp-content\/uploads\/2025\/06\/hojt-hundbadd-utomhusdjurbadd-hundlounge-for-sma-hundar-upp-till-10-kg-oxford-gra-71-x-58-x-20-cm-1.webp?fit=2000%2C2000&ssl=1","type":"image\/webp"}],"twitter_card":"summary_large_image","twitter_misc":{"Ber\u00e4knad l\u00e4stid":"1 minut"},"schema":{"@context":"https:\/\/schema.org","@graph":[{"@type":"WebPage","@id":"https:\/\/truusk.store\/sv\/produkt\/truusk-hojd-hundbadd-for-sma-hundar-utomhusdjurbadd-i-gra-oxford-mjukt-och-bekvamt-71-x-58-x-20-cm-upp-till-10-kg\/","url":"https:\/\/truusk.store\/sv\/produkt\/truusk-hojd-hundbadd-for-sma-hundar-utomhusdjurbadd-i-gra-oxford-mjukt-och-bekvamt-71-x-58-x-20-cm-upp-till-10-kg\/","name":"TRUUSK H\u00f6jd Hundb\u00e4dd f\u00f6r Sm\u00e5 Hundar - Utomhusdjurb\u00e4dd i Gr\u00e5 Oxford - Mjukt och Bekv\u00e4mt - 71 x 58 x 20 cm - Upp till 10 kg - TRUUSK - Hem, Tr\u00e4dg\u00e5rd &amp; Fritid","isPartOf":{"@id":"https:\/\/truusk.store\/sv\/#website"},"primaryImageOfPage":{"@id":"https:\/\/truusk.store\/sv\/produkt\/truusk-hojd-hundbadd-for-sma-hundar-utomhusdjurbadd-i-gra-oxford-mjukt-och-bekvamt-71-x-58-x-20-cm-upp-till-10-kg\/#primaryimage"},"image":{"@id":"https:\/\/truusk.store\/sv\/produkt\/truusk-hojd-hundbadd-for-sma-hundar-utomhusdjurbadd-i-gra-oxford-mjukt-och-bekvamt-71-x-58-x-20-cm-upp-till-10-kg\/#primaryimage"},"thumbnailUrl":"https:\/\/i0.wp.com\/truusk.store\/wp-content\/uploads\/2025\/06\/hojt-hundbadd-utomhusdjurbadd-hundlounge-for-sma-hundar-upp-till-10-kg-oxford-gra-71-x-58-x-20-cm-1.webp?fit=2000%2C2000&ssl=1","datePublished":"2025-06-04T23:23:27+00:00","dateModified":"2026-03-12T08:38:16+00:00","breadcrumb":{"@id":"https:\/\/truusk.store\/sv\/produkt\/truusk-hojd-hundbadd-for-sma-hundar-utomhusdjurbadd-i-gra-oxford-mjukt-och-bekvamt-71-x-58-x-20-cm-upp-till-10-kg\/#breadcrumb"},"inLanguage":"sv-SE","potentialAction":[{"@type":"ReadAction","target":["https:\/\/truusk.store\/sv\/produkt\/truusk-hojd-hundbadd-for-sma-hundar-utomhusdjurbadd-i-gra-oxford-mjukt-och-bekvamt-71-x-58-x-20-cm-upp-till-10-kg\/"]}]},{"@type":"ImageObject","inLanguage":"sv-SE","@id":"https:\/\/truusk.store\/sv\/produkt\/truusk-hojd-hundbadd-for-sma-hundar-utomhusdjurbadd-i-gra-oxford-mjukt-och-bekvamt-71-x-58-x-20-cm-upp-till-10-kg\/#primaryimage","url":"https:\/\/i0.wp.com\/truusk.store\/wp-content\/uploads\/2025\/06\/hojt-hundbadd-utomhusdjurbadd-hundlounge-for-sma-hundar-upp-till-10-kg-oxford-gra-71-x-58-x-20-cm-1.webp?fit=2000%2C2000&ssl=1","contentUrl":"https:\/\/i0.wp.com\/truusk.store\/wp-content\/uploads\/2025\/06\/hojt-hundbadd-utomhusdjurbadd-hundlounge-for-sma-hundar-upp-till-10-kg-oxford-gra-71-x-58-x-20-cm-1.webp?fit=2000%2C2000&ssl=1","width":2000,"height":2000},{"@type":"BreadcrumbList","@id":"https:\/\/truusk.store\/sv\/produkt\/truusk-hojd-hundbadd-for-sma-hundar-utomhusdjurbadd-i-gra-oxford-mjukt-och-bekvamt-71-x-58-x-20-cm-upp-till-10-kg\/#breadcrumb","itemListElement":[{"@type":"ListItem","position":1,"name":"Home","item":"https:\/\/truusk.store\/sv\/"},{"@type":"ListItem","position":2,"name":"Shop","item":"https:\/\/truusk.store\/shop\/"},{"@type":"ListItem","position":3,"name":"TRUUSK H\u00f6jd Hundb\u00e4dd f\u00f6r Sm\u00e5 Hundar &#8211; Utomhusdjurb\u00e4dd i Gr\u00e5 Oxford &#8211; Mjukt och Bekv\u00e4mt &#8211; 71 x 58 x 20 cm &#8211; Upp till 10 kg"}]},{"@type":"WebSite","@id":"https:\/\/truusk.store\/sv\/#website","url":"https:\/\/truusk.store\/sv\/","name":"TRUUSK - Hem, Tr\u00e4dg\u00e5rd & Fritid","description":"","publisher":{"@id":"https:\/\/truusk.store\/sv\/#organization"},"potentialAction":[{"@type":"SearchAction","target":{"@type":"EntryPoint","urlTemplate":"https:\/\/truusk.store\/sv\/?s={search_term_string}"},"query-input":{"@type":"PropertyValueSpecification","valueRequired":true,"valueName":"search_term_string"}}],"inLanguage":"sv-SE"},{"@type":"Organization","@id":"https:\/\/truusk.store\/sv\/#organization","name":"TRUUSK - Hem, Tr\u00e4dg\u00e5rd & Fritid","url":"https:\/\/truusk.store\/sv\/","logo":{"@type":"ImageObject","inLanguage":"sv-SE","@id":"https:\/\/truusk.store\/sv\/#\/schema\/logo\/image\/","url":"https:\/\/i0.wp.com\/truusk.store\/wp-content\/uploads\/2026\/03\/cropped-TRUUSK.png?fit=2032%2C917&ssl=1","contentUrl":"https:\/\/i0.wp.com\/truusk.store\/wp-content\/uploads\/2026\/03\/cropped-TRUUSK.png?fit=2032%2C917&ssl=1","width":2032,"height":917,"caption":"TRUUSK - Hem, Tr\u00e4dg\u00e5rd & Fritid"},"image":{"@id":"https:\/\/truusk.store\/sv\/#\/schema\/logo\/image\/"}}]}},"jetpack_sharing_enabled":true,"_links":{"self":[{"href":"https:\/\/truusk.store\/sv\/wp-json\/wp\/v2\/product\/59032","targetHints":{"allow":["GET"]}}],"collection":[{"href":"https:\/\/truusk.store\/sv\/wp-json\/wp\/v2\/product"}],"about":[{"href":"https:\/\/truusk.store\/sv\/wp-json\/wp\/v2\/types\/product"}],"wp:featuredmedia":[{"embeddable":true,"href":"https:\/\/truusk.store\/sv\/wp-json\/wp\/v2\/media\/59023"}],"wp:attachment":[{"href":"https:\/\/truusk.store\/sv\/wp-json\/wp\/v2\/media?parent=59032"}],"wp:term":[{"taxonomy":"product_brand","embeddable":true,"href":"https:\/\/truusk.store\/sv\/wp-json\/wp\/v2\/product_brand?post=59032"},{"taxonomy":"product_cat","embeddable":true,"href":"https:\/\/truusk.store\/sv\/wp-json\/wp\/v2\/product_cat?post=59032"},{"taxonomy":"product_tag","embeddable":true,"href":"https:\/\/truusk.store\/sv\/wp-json\/wp\/v2\/product_tag?post=59032"}],"curies":[{"name":"wp","href":"https:\/\/api.w.org\/{rel}","templated":true}]}}