{"id":59052,"date":"2025-06-05T00:25:34","date_gmt":"2025-06-04T23:25:34","guid":{"rendered":"https:\/\/truusk.store\/product\/solargatlykta-led-ip44-abs-17b-x-17t-x-127h-cm-med-kallvitt-led-ljus-ljussensor-vattentat-for-utomhus-svart\/"},"modified":"2026-03-12T09:39:30","modified_gmt":"2026-03-12T08:39:30","slug":"truusk-led-solcellslampa-ip44-abs-17b-x-17t-x-127h-cm-med-kallvitt-led-ljus-ljussensor-vattentat-for-utomhus-svart","status":"publish","type":"product","link":"https:\/\/truusk.store\/sv\/produkt\/truusk-led-solcellslampa-ip44-abs-17b-x-17t-x-127h-cm-med-kallvitt-led-ljus-ljussensor-vattentat-for-utomhus-svart\/","title":{"rendered":"TRUUSK LED Solcellslampa &#8211; IP44 &#8211; ABS &#8211; 17B x 17T x 127H cm &#8211; Med Kallvitt LED-ljus &#8211; Ljussensor &#8211; Vattent\u00e4t &#8211; F\u00f6r Utomhus &#8211; Svart"},"content":{"rendered":"<p>Skapa en magisk st\u00e4mning i din tr\u00e4dg\u00e5rd med TRUUSK sollykta! Denna stiglampa anv\u00e4nder kraften fr\u00e5n sommarsolen och ger behagligt ljus i upp till 6 timmar. Den helt automatiska driften med automatisk p\u00e5- och avst\u00e4ngning vid skymning och gryning g\u00f6r anv\u00e4ndningen barnsligt enkel. Den v\u00e4derbest\u00e4ndiga tr\u00e4dg\u00e5rdslampan med skyddsklass IP44 \u00e4r damm- och vattent\u00e4t &#8211; perfekt f\u00f6r tr\u00e4dg\u00e5rd och terrass. Tryck bara ner den i marken och sl\u00e5 p\u00e5 den &#8211; voil\u00e1!<\/p>\n<p>Beskrivning:<\/p>\n<ul>\n<li> Full laddning p\u00e5 8 timmar i normalt solljus p\u00e5 sommaren<\/li>\n<li> Ger 6 timmars kontinuerligt ljus i m\u00f6rker<\/li>\n<li> Automatisk p\u00e5- och avst\u00e4ngning av tr\u00e4dg\u00e5rdslampan vid skymning och gryning<\/li>\n<li> Med ON\/OFF-knapp<\/li>\n<li>m\u00f6jligg\u00f6r enkel styrning av belysningen<\/li>\n<li> Skyddsklass IP44 f\u00f6r tr\u00e4dg\u00e5rdslampan garanterar damm- och vattent\u00e4thet<\/li>\n<li> L\u00e4tt att sticka ner i marken tack vare den spetsiga markankaret<\/li>\n<li> Som sollykta f\u00f6r tr\u00e4dg\u00e5rdar, stigar och andra utomhusomr\u00e5den<\/li>\n<li> Montering kr\u00e4vs<\/li>\n<\/ul>\n<p>Tekniska data:<\/p>\n<ul>\n<li> F\u00e4rg: Svart<\/li>\n<li> Material: ABS, Polykarbonat<\/li>\n<li> Totala dimensioner: 17L x 17B x 127H cm<\/li>\n<li> L\u00e4ngd p\u00e5 ankaret: 21,5 cm<\/li>\n<li> F\u00e4rgtemperatur: 6000 K<\/li>\n<li> Ljusstyrka: 30 lm<\/li>\n<li> Effekt: 0,5 W<\/li>\n<li> Solpanel: 4,5 V\/0,5 W<\/li>\n<li> Laddningstid: 8 h<\/li>\n<li> Drifttid: 6 h<\/li>\n<li> Skyddsklass: IP44<\/li>\n<\/ul>\n<p>Leveransinneh\u00e5ll:<\/p>\n<ul>\n<li> 1 x Tr\u00e4dg\u00e5rdslampa<\/li>\n<li> 1 x Manual<\/li>\n<\/ul>\n","protected":false},"excerpt":{"rendered":"<p>Skapa en magisk st\u00e4mning i din tr\u00e4dg\u00e5rd med TRUUSK sollykta! Denna stiglampa anv\u00e4nder kraften fr\u00e5n sommarsolen och ger behagligt ljus&#8230;<\/p>\n","protected":false},"featured_media":59043,"template":"","meta":[],"product_brand":[],"product_cat":[858,465,464],"product_tag":[],"class_list":{"0":"post-59052","1":"product","2":"type-product","3":"status-publish","4":"has-post-thumbnail","6":"product_cat-tradgard-terrass","7":"product_cat-tradgardsbelysning","8":"product_cat-tradgardsdekoration","10":"first","11":"instock","12":"sale","13":"taxable","14":"shipping-taxable","15":"purchasable","16":"product-type-simple"},"yoast_head":"<!-- This site is optimized with the Yoast SEO plugin v25.4 - https:\/\/yoast.com\/wordpress\/plugins\/seo\/ -->\n<title>TRUUSK LED Solcellslampa - IP44 - ABS - 17B x 17T x 127H cm - Med Kallvitt LED-ljus - Ljussensor - Vattent\u00e4t - F\u00f6r Utomhus - Svart - TRUUSK - Hem, Tr\u00e4dg\u00e5rd &amp; Fritid<\/title>\n<meta name=\"robots\" content=\"index, follow, max-snippet:-1, max-image-preview:large, max-video-preview:-1\" \/>\n<link rel=\"canonical\" href=\"https:\/\/truusk.store\/sv\/produkt\/truusk-led-solcellslampa-ip44-abs-17b-x-17t-x-127h-cm-med-kallvitt-led-ljus-ljussensor-vattentat-for-utomhus-svart\/\" \/>\n<meta property=\"og:locale\" content=\"sv_SE\" \/>\n<meta property=\"og:type\" content=\"article\" \/>\n<meta property=\"og:title\" content=\"TRUUSK LED Solcellslampa - IP44 - ABS - 17B x 17T x 127H cm - Med Kallvitt LED-ljus - Ljussensor - Vattent\u00e4t - F\u00f6r Utomhus - Svart - TRUUSK - Hem, Tr\u00e4dg\u00e5rd &amp; Fritid\" \/>\n<meta property=\"og:description\" content=\"Skapa en magisk st\u00e4mning i din tr\u00e4dg\u00e5rd med TRUUSK sollykta! Denna stiglampa anv\u00e4nder kraften fr\u00e5n sommarsolen och ger behagligt ljus...\" \/>\n<meta property=\"og:url\" content=\"https:\/\/truusk.store\/sv\/produkt\/truusk-led-solcellslampa-ip44-abs-17b-x-17t-x-127h-cm-med-kallvitt-led-ljus-ljussensor-vattentat-for-utomhus-svart\/\" \/>\n<meta property=\"og:site_name\" content=\"TRUUSK - Hem, Tr\u00e4dg\u00e5rd &amp; Fritid\" \/>\n<meta property=\"article:modified_time\" content=\"2026-03-12T08:39:30+00:00\" \/>\n<meta property=\"og:image\" content=\"https:\/\/i0.wp.com\/truusk.se\/wp-content\/uploads\/2025\/06\/solargatlykta-led-ip44-abs-17b-x-17t-x-127h-cm-med-kallvitt-led-ljus-ljussensor-vattentat-for-utomhus-svart-1.webp?fit=2000%2C2000&ssl=1\" \/>\n\t<meta property=\"og:image:width\" content=\"2000\" \/>\n\t<meta property=\"og:image:height\" content=\"2000\" \/>\n\t<meta property=\"og:image:type\" content=\"image\/webp\" \/>\n<meta name=\"twitter:card\" content=\"summary_large_image\" \/>\n<meta name=\"twitter:label1\" content=\"Ber\u00e4knad l\u00e4stid\" \/>\n\t<meta name=\"twitter:data1\" content=\"1 minut\" \/>\n<!-- \/ Yoast SEO plugin. -->","yoast_head_json":{"title":"TRUUSK LED Solcellslampa - IP44 - ABS - 17B x 17T x 127H cm - Med Kallvitt LED-ljus - Ljussensor - Vattent\u00e4t - F\u00f6r Utomhus - Svart - TRUUSK - Hem, Tr\u00e4dg\u00e5rd &amp; Fritid","robots":{"index":"index","follow":"follow","max-snippet":"max-snippet:-1","max-image-preview":"max-image-preview:large","max-video-preview":"max-video-preview:-1"},"canonical":"https:\/\/truusk.store\/sv\/produkt\/truusk-led-solcellslampa-ip44-abs-17b-x-17t-x-127h-cm-med-kallvitt-led-ljus-ljussensor-vattentat-for-utomhus-svart\/","og_locale":"sv_SE","og_type":"article","og_title":"TRUUSK LED Solcellslampa - IP44 - ABS - 17B x 17T x 127H cm - Med Kallvitt LED-ljus - Ljussensor - Vattent\u00e4t - F\u00f6r Utomhus - Svart - TRUUSK - Hem, Tr\u00e4dg\u00e5rd &amp; Fritid","og_description":"Skapa en magisk st\u00e4mning i din tr\u00e4dg\u00e5rd med TRUUSK sollykta! Denna stiglampa anv\u00e4nder kraften fr\u00e5n sommarsolen och ger behagligt ljus...","og_url":"https:\/\/truusk.store\/sv\/produkt\/truusk-led-solcellslampa-ip44-abs-17b-x-17t-x-127h-cm-med-kallvitt-led-ljus-ljussensor-vattentat-for-utomhus-svart\/","og_site_name":"TRUUSK - Hem, Tr\u00e4dg\u00e5rd &amp; Fritid","article_modified_time":"2026-03-12T08:39:30+00:00","og_image":[{"width":2000,"height":2000,"url":"https:\/\/i0.wp.com\/truusk.se\/wp-content\/uploads\/2025\/06\/solargatlykta-led-ip44-abs-17b-x-17t-x-127h-cm-med-kallvitt-led-ljus-ljussensor-vattentat-for-utomhus-svart-1.webp?fit=2000%2C2000&ssl=1","type":"image\/webp"}],"twitter_card":"summary_large_image","twitter_misc":{"Ber\u00e4knad l\u00e4stid":"1 minut"},"schema":{"@context":"https:\/\/schema.org","@graph":[{"@type":"WebPage","@id":"https:\/\/truusk.store\/sv\/produkt\/truusk-led-solcellslampa-ip44-abs-17b-x-17t-x-127h-cm-med-kallvitt-led-ljus-ljussensor-vattentat-for-utomhus-svart\/","url":"https:\/\/truusk.store\/sv\/produkt\/truusk-led-solcellslampa-ip44-abs-17b-x-17t-x-127h-cm-med-kallvitt-led-ljus-ljussensor-vattentat-for-utomhus-svart\/","name":"TRUUSK LED Solcellslampa - IP44 - ABS - 17B x 17T x 127H cm - Med Kallvitt LED-ljus - Ljussensor - Vattent\u00e4t - F\u00f6r Utomhus - Svart - TRUUSK - Hem, Tr\u00e4dg\u00e5rd &amp; Fritid","isPartOf":{"@id":"https:\/\/truusk.store\/sv\/#website"},"primaryImageOfPage":{"@id":"https:\/\/truusk.store\/sv\/produkt\/truusk-led-solcellslampa-ip44-abs-17b-x-17t-x-127h-cm-med-kallvitt-led-ljus-ljussensor-vattentat-for-utomhus-svart\/#primaryimage"},"image":{"@id":"https:\/\/truusk.store\/sv\/produkt\/truusk-led-solcellslampa-ip44-abs-17b-x-17t-x-127h-cm-med-kallvitt-led-ljus-ljussensor-vattentat-for-utomhus-svart\/#primaryimage"},"thumbnailUrl":"https:\/\/i0.wp.com\/truusk.store\/wp-content\/uploads\/2025\/06\/solargatlykta-led-ip44-abs-17b-x-17t-x-127h-cm-med-kallvitt-led-ljus-ljussensor-vattentat-for-utomhus-svart-1.webp?fit=2000%2C2000&ssl=1","datePublished":"2025-06-04T23:25:34+00:00","dateModified":"2026-03-12T08:39:30+00:00","breadcrumb":{"@id":"https:\/\/truusk.store\/sv\/produkt\/truusk-led-solcellslampa-ip44-abs-17b-x-17t-x-127h-cm-med-kallvitt-led-ljus-ljussensor-vattentat-for-utomhus-svart\/#breadcrumb"},"inLanguage":"sv-SE","potentialAction":[{"@type":"ReadAction","target":["https:\/\/truusk.store\/sv\/produkt\/truusk-led-solcellslampa-ip44-abs-17b-x-17t-x-127h-cm-med-kallvitt-led-ljus-ljussensor-vattentat-for-utomhus-svart\/"]}]},{"@type":"ImageObject","inLanguage":"sv-SE","@id":"https:\/\/truusk.store\/sv\/produkt\/truusk-led-solcellslampa-ip44-abs-17b-x-17t-x-127h-cm-med-kallvitt-led-ljus-ljussensor-vattentat-for-utomhus-svart\/#primaryimage","url":"https:\/\/i0.wp.com\/truusk.store\/wp-content\/uploads\/2025\/06\/solargatlykta-led-ip44-abs-17b-x-17t-x-127h-cm-med-kallvitt-led-ljus-ljussensor-vattentat-for-utomhus-svart-1.webp?fit=2000%2C2000&ssl=1","contentUrl":"https:\/\/i0.wp.com\/truusk.store\/wp-content\/uploads\/2025\/06\/solargatlykta-led-ip44-abs-17b-x-17t-x-127h-cm-med-kallvitt-led-ljus-ljussensor-vattentat-for-utomhus-svart-1.webp?fit=2000%2C2000&ssl=1","width":2000,"height":2000},{"@type":"BreadcrumbList","@id":"https:\/\/truusk.store\/sv\/produkt\/truusk-led-solcellslampa-ip44-abs-17b-x-17t-x-127h-cm-med-kallvitt-led-ljus-ljussensor-vattentat-for-utomhus-svart\/#breadcrumb","itemListElement":[{"@type":"ListItem","position":1,"name":"Home","item":"https:\/\/truusk.store\/sv\/"},{"@type":"ListItem","position":2,"name":"Shop","item":"https:\/\/truusk.store\/shop\/"},{"@type":"ListItem","position":3,"name":"TRUUSK LED Solcellslampa &#8211; IP44 &#8211; ABS &#8211; 17B x 17T x 127H cm &#8211; Med Kallvitt LED-ljus &#8211; Ljussensor &#8211; Vattent\u00e4t &#8211; F\u00f6r Utomhus &#8211; Svart"}]},{"@type":"WebSite","@id":"https:\/\/truusk.store\/sv\/#website","url":"https:\/\/truusk.store\/sv\/","name":"TRUUSK - Hem, Tr\u00e4dg\u00e5rd & Fritid","description":"","publisher":{"@id":"https:\/\/truusk.store\/sv\/#organization"},"potentialAction":[{"@type":"SearchAction","target":{"@type":"EntryPoint","urlTemplate":"https:\/\/truusk.store\/sv\/?s={search_term_string}"},"query-input":{"@type":"PropertyValueSpecification","valueRequired":true,"valueName":"search_term_string"}}],"inLanguage":"sv-SE"},{"@type":"Organization","@id":"https:\/\/truusk.store\/sv\/#organization","name":"TRUUSK - Hem, Tr\u00e4dg\u00e5rd & Fritid","url":"https:\/\/truusk.store\/sv\/","logo":{"@type":"ImageObject","inLanguage":"sv-SE","@id":"https:\/\/truusk.store\/sv\/#\/schema\/logo\/image\/","url":"https:\/\/i0.wp.com\/truusk.store\/wp-content\/uploads\/2026\/03\/cropped-TRUUSK.png?fit=2032%2C917&ssl=1","contentUrl":"https:\/\/i0.wp.com\/truusk.store\/wp-content\/uploads\/2026\/03\/cropped-TRUUSK.png?fit=2032%2C917&ssl=1","width":2032,"height":917,"caption":"TRUUSK - Hem, Tr\u00e4dg\u00e5rd & Fritid"},"image":{"@id":"https:\/\/truusk.store\/sv\/#\/schema\/logo\/image\/"}}]}},"jetpack_sharing_enabled":true,"_links":{"self":[{"href":"https:\/\/truusk.store\/sv\/wp-json\/wp\/v2\/product\/59052","targetHints":{"allow":["GET"]}}],"collection":[{"href":"https:\/\/truusk.store\/sv\/wp-json\/wp\/v2\/product"}],"about":[{"href":"https:\/\/truusk.store\/sv\/wp-json\/wp\/v2\/types\/product"}],"wp:featuredmedia":[{"embeddable":true,"href":"https:\/\/truusk.store\/sv\/wp-json\/wp\/v2\/media\/59043"}],"wp:attachment":[{"href":"https:\/\/truusk.store\/sv\/wp-json\/wp\/v2\/media?parent=59052"}],"wp:term":[{"taxonomy":"product_brand","embeddable":true,"href":"https:\/\/truusk.store\/sv\/wp-json\/wp\/v2\/product_brand?post=59052"},{"taxonomy":"product_cat","embeddable":true,"href":"https:\/\/truusk.store\/sv\/wp-json\/wp\/v2\/product_cat?post=59052"},{"taxonomy":"product_tag","embeddable":true,"href":"https:\/\/truusk.store\/sv\/wp-json\/wp\/v2\/product_tag?post=59052"}],"curies":[{"name":"wp","href":"https:\/\/api.w.org\/{rel}","templated":true}]}}