{"id":59142,"date":"2025-06-05T00:34:27","date_gmt":"2025-06-04T23:34:27","guid":{"rendered":"https:\/\/truusk.store\/product\/kattlada-med-lock-och-bottenbricka-plast-475-x-355-x-367-cm-inkl-spade-doftbox-for-ren-kattvard\/"},"modified":"2026-03-12T09:40:37","modified_gmt":"2026-03-12T08:40:37","slug":"truusk-kattlada-med-lock-och-bottenbricka-plast-475-x-355-x-367-cm-inklusive-spade-och-doftbox-ren-kattvard-snygg-och","status":"publish","type":"product","link":"https:\/\/truusk.store\/sv\/produkt\/truusk-kattlada-med-lock-och-bottenbricka-plast-475-x-355-x-367-cm-inklusive-spade-och-doftbox-ren-kattvard-snygg-och\/","title":{"rendered":"TRUUSK Kattl\u00e5da med Lock och Bottenbricka &#8211; Plast 47,5 x 35,5 x 36,7 cm &#8211; Inklusive Spade och Doftbox &#8211; Ren Kattv\u00e5rd &#8211; Snygg och"},"content":{"rendered":"<p>Denna TRUUSK kattl\u00e5da med lock ger dina husdjur ett privat och bekv\u00e4mt utrymme och d\u00f6ljer samtidigt obehagliga lukter, s\u00e5 att ditt rum alltid luktar fr\u00e4scht. Katterna g\u00e5r in i kattl\u00e5dan genom fr\u00e4mre d\u00f6rren och l\u00e4mnar den genom locket, s\u00e5 att de inte b\u00e4r kattsand genom hela huset, medan de h\u00f6ga kanterna ser till att allt inuti l\u00e5dan h\u00e5lls under kontroll. Spaden och den avtagbara brickan h\u00e5ller ordning, medan sp\u00e4nnet p\u00e5 sidan g\u00f6r det m\u00f6jligt att ta is\u00e4r l\u00e5dan och reng\u00f6ra den noggrant.<\/p>\n<p>Beskrivning:<\/p>\n<ul>\n<li> Katterna g\u00e5r in genom kattl\u00e5dans fr\u00e4mre d\u00f6rr och kommer ut upptill, s\u00e5 att de inte tar med sig kattsand ut<\/li>\n<li> Inkluderar kattsandspade f\u00f6r rutinarbete<\/li>\n<li> Med sidosp\u00e4nnen som kan tas bort f\u00f6r enkel reng\u00f6ring<\/li>\n<li> Ett stort, st\u00e4ngt utrymme i kattl\u00e5dan ger husdjuren privatliv<\/li>\n<li> \u00d6vre locket med h\u00f6ga kanter f\u00f6r att h\u00e5lla tillbaka kattsanden<\/li>\n<li> Kattl\u00e5dans plaststruktur \u00e4r solid och h\u00e5llbar<\/li>\n<li> Montering kr\u00e4vs<\/li>\n<\/ul>\n<p> Tekniska data:<\/p>\n<ul>\n<li> F\u00e4rg: Vit+Gr\u00f6n<\/li>\n<li> Material: Plast<\/li>\n<li> Totala m\u00e5tt: 47,5L x 35,5B x 36,7H cm<\/li>\n<li> Storlek p\u00e5 fr\u00e4mre d\u00f6rren\/\u00f6vre d\u00f6rren: 19,5B x 17H cm<\/li>\n<li> Storlek p\u00e5 brickan: 47L x 34,5B x 9H cm<\/li>\n<li> Hopf\u00e4llbar storlek: 47,5L x 35,5B x 19,5H cm<\/li>\n<li> Storlek p\u00e5 spaden: 20L x 9B cm<\/li>\n<\/ul>\n<p>Leveransinneh\u00e5ll:<\/p>\n<ul>\n<li> 1 x Kattl\u00e5da<\/li>\n<li> 1 x Spade f\u00f6r kattsand<\/li>\n<li> 1 x Handbok<\/li>\n<\/ul>\n","protected":false},"excerpt":{"rendered":"<p>Denna TRUUSK kattl\u00e5da med lock ger dina husdjur ett privat och bekv\u00e4mt utrymme och d\u00f6ljer samtidigt obehagliga lukter, s\u00e5 att&#8230;<\/p>\n","protected":false},"featured_media":59133,"template":"","meta":[],"product_brand":[],"product_cat":[878,594,588],"product_tag":[],"class_list":{"0":"post-59142","1":"product","2":"type-product","3":"status-publish","4":"has-post-thumbnail","6":"product_cat-djurbehov","7":"product_cat-kattlador","8":"product_cat-katttillbehor","10":"first","11":"instock","12":"sale","13":"taxable","14":"shipping-taxable","15":"purchasable","16":"product-type-simple"},"yoast_head":"<!-- This site is optimized with the Yoast SEO plugin v25.4 - https:\/\/yoast.com\/wordpress\/plugins\/seo\/ -->\n<title>TRUUSK Kattl\u00e5da med Lock och Bottenbricka - Plast 47,5 x 35,5 x 36,7 cm - Inklusive Spade och Doftbox - Ren Kattv\u00e5rd - Snygg och - TRUUSK - Hem, Tr\u00e4dg\u00e5rd &amp; Fritid<\/title>\n<meta name=\"robots\" content=\"index, follow, max-snippet:-1, max-image-preview:large, max-video-preview:-1\" \/>\n<link rel=\"canonical\" href=\"https:\/\/truusk.store\/sv\/produkt\/truusk-kattlada-med-lock-och-bottenbricka-plast-475-x-355-x-367-cm-inklusive-spade-och-doftbox-ren-kattvard-snygg-och\/\" \/>\n<meta property=\"og:locale\" content=\"sv_SE\" \/>\n<meta property=\"og:type\" content=\"article\" \/>\n<meta property=\"og:title\" content=\"TRUUSK Kattl\u00e5da med Lock och Bottenbricka - Plast 47,5 x 35,5 x 36,7 cm - Inklusive Spade och Doftbox - Ren Kattv\u00e5rd - Snygg och - TRUUSK - Hem, Tr\u00e4dg\u00e5rd &amp; Fritid\" \/>\n<meta property=\"og:description\" content=\"Denna TRUUSK kattl\u00e5da med lock ger dina husdjur ett privat och bekv\u00e4mt utrymme och d\u00f6ljer samtidigt obehagliga lukter, s\u00e5 att...\" \/>\n<meta property=\"og:url\" content=\"https:\/\/truusk.store\/sv\/produkt\/truusk-kattlada-med-lock-och-bottenbricka-plast-475-x-355-x-367-cm-inklusive-spade-och-doftbox-ren-kattvard-snygg-och\/\" \/>\n<meta property=\"og:site_name\" content=\"TRUUSK - Hem, Tr\u00e4dg\u00e5rd &amp; Fritid\" \/>\n<meta property=\"article:modified_time\" content=\"2026-03-12T08:40:37+00:00\" \/>\n<meta property=\"og:image\" content=\"https:\/\/i0.wp.com\/truusk.se\/wp-content\/uploads\/2025\/06\/kattlada-med-lock-och-bottenbricka-plast-475-x-355-x-367-cm-inkl-spade-doftbox-for-ren-kattvard-1.webp?fit=2000%2C2000&ssl=1\" \/>\n\t<meta property=\"og:image:width\" content=\"2000\" \/>\n\t<meta property=\"og:image:height\" content=\"2000\" \/>\n\t<meta property=\"og:image:type\" content=\"image\/webp\" \/>\n<meta name=\"twitter:card\" content=\"summary_large_image\" \/>\n<meta name=\"twitter:label1\" content=\"Ber\u00e4knad l\u00e4stid\" \/>\n\t<meta name=\"twitter:data1\" content=\"1 minut\" \/>\n<!-- \/ Yoast SEO plugin. -->","yoast_head_json":{"title":"TRUUSK Kattl\u00e5da med Lock och Bottenbricka - Plast 47,5 x 35,5 x 36,7 cm - Inklusive Spade och Doftbox - Ren Kattv\u00e5rd - Snygg och - TRUUSK - Hem, Tr\u00e4dg\u00e5rd &amp; Fritid","robots":{"index":"index","follow":"follow","max-snippet":"max-snippet:-1","max-image-preview":"max-image-preview:large","max-video-preview":"max-video-preview:-1"},"canonical":"https:\/\/truusk.store\/sv\/produkt\/truusk-kattlada-med-lock-och-bottenbricka-plast-475-x-355-x-367-cm-inklusive-spade-och-doftbox-ren-kattvard-snygg-och\/","og_locale":"sv_SE","og_type":"article","og_title":"TRUUSK Kattl\u00e5da med Lock och Bottenbricka - Plast 47,5 x 35,5 x 36,7 cm - Inklusive Spade och Doftbox - Ren Kattv\u00e5rd - Snygg och - TRUUSK - Hem, Tr\u00e4dg\u00e5rd &amp; Fritid","og_description":"Denna TRUUSK kattl\u00e5da med lock ger dina husdjur ett privat och bekv\u00e4mt utrymme och d\u00f6ljer samtidigt obehagliga lukter, s\u00e5 att...","og_url":"https:\/\/truusk.store\/sv\/produkt\/truusk-kattlada-med-lock-och-bottenbricka-plast-475-x-355-x-367-cm-inklusive-spade-och-doftbox-ren-kattvard-snygg-och\/","og_site_name":"TRUUSK - Hem, Tr\u00e4dg\u00e5rd &amp; Fritid","article_modified_time":"2026-03-12T08:40:37+00:00","og_image":[{"width":2000,"height":2000,"url":"https:\/\/i0.wp.com\/truusk.se\/wp-content\/uploads\/2025\/06\/kattlada-med-lock-och-bottenbricka-plast-475-x-355-x-367-cm-inkl-spade-doftbox-for-ren-kattvard-1.webp?fit=2000%2C2000&ssl=1","type":"image\/webp"}],"twitter_card":"summary_large_image","twitter_misc":{"Ber\u00e4knad l\u00e4stid":"1 minut"},"schema":{"@context":"https:\/\/schema.org","@graph":[{"@type":"WebPage","@id":"https:\/\/truusk.store\/sv\/produkt\/truusk-kattlada-med-lock-och-bottenbricka-plast-475-x-355-x-367-cm-inklusive-spade-och-doftbox-ren-kattvard-snygg-och\/","url":"https:\/\/truusk.store\/sv\/produkt\/truusk-kattlada-med-lock-och-bottenbricka-plast-475-x-355-x-367-cm-inklusive-spade-och-doftbox-ren-kattvard-snygg-och\/","name":"TRUUSK Kattl\u00e5da med Lock och Bottenbricka - Plast 47,5 x 35,5 x 36,7 cm - Inklusive Spade och Doftbox - Ren Kattv\u00e5rd - Snygg och - TRUUSK - Hem, Tr\u00e4dg\u00e5rd &amp; Fritid","isPartOf":{"@id":"https:\/\/truusk.store\/sv\/#website"},"primaryImageOfPage":{"@id":"https:\/\/truusk.store\/sv\/produkt\/truusk-kattlada-med-lock-och-bottenbricka-plast-475-x-355-x-367-cm-inklusive-spade-och-doftbox-ren-kattvard-snygg-och\/#primaryimage"},"image":{"@id":"https:\/\/truusk.store\/sv\/produkt\/truusk-kattlada-med-lock-och-bottenbricka-plast-475-x-355-x-367-cm-inklusive-spade-och-doftbox-ren-kattvard-snygg-och\/#primaryimage"},"thumbnailUrl":"https:\/\/i0.wp.com\/truusk.store\/wp-content\/uploads\/2025\/06\/kattlada-med-lock-och-bottenbricka-plast-475-x-355-x-367-cm-inkl-spade-doftbox-for-ren-kattvard-1.webp?fit=2000%2C2000&ssl=1","datePublished":"2025-06-04T23:34:27+00:00","dateModified":"2026-03-12T08:40:37+00:00","breadcrumb":{"@id":"https:\/\/truusk.store\/sv\/produkt\/truusk-kattlada-med-lock-och-bottenbricka-plast-475-x-355-x-367-cm-inklusive-spade-och-doftbox-ren-kattvard-snygg-och\/#breadcrumb"},"inLanguage":"sv-SE","potentialAction":[{"@type":"ReadAction","target":["https:\/\/truusk.store\/sv\/produkt\/truusk-kattlada-med-lock-och-bottenbricka-plast-475-x-355-x-367-cm-inklusive-spade-och-doftbox-ren-kattvard-snygg-och\/"]}]},{"@type":"ImageObject","inLanguage":"sv-SE","@id":"https:\/\/truusk.store\/sv\/produkt\/truusk-kattlada-med-lock-och-bottenbricka-plast-475-x-355-x-367-cm-inklusive-spade-och-doftbox-ren-kattvard-snygg-och\/#primaryimage","url":"https:\/\/i0.wp.com\/truusk.store\/wp-content\/uploads\/2025\/06\/kattlada-med-lock-och-bottenbricka-plast-475-x-355-x-367-cm-inkl-spade-doftbox-for-ren-kattvard-1.webp?fit=2000%2C2000&ssl=1","contentUrl":"https:\/\/i0.wp.com\/truusk.store\/wp-content\/uploads\/2025\/06\/kattlada-med-lock-och-bottenbricka-plast-475-x-355-x-367-cm-inkl-spade-doftbox-for-ren-kattvard-1.webp?fit=2000%2C2000&ssl=1","width":2000,"height":2000},{"@type":"BreadcrumbList","@id":"https:\/\/truusk.store\/sv\/produkt\/truusk-kattlada-med-lock-och-bottenbricka-plast-475-x-355-x-367-cm-inklusive-spade-och-doftbox-ren-kattvard-snygg-och\/#breadcrumb","itemListElement":[{"@type":"ListItem","position":1,"name":"Home","item":"https:\/\/truusk.store\/sv\/"},{"@type":"ListItem","position":2,"name":"Shop","item":"https:\/\/truusk.store\/shop\/"},{"@type":"ListItem","position":3,"name":"TRUUSK Kattl\u00e5da med Lock och Bottenbricka &#8211; Plast 47,5 x 35,5 x 36,7 cm &#8211; Inklusive Spade och Doftbox &#8211; Ren Kattv\u00e5rd &#8211; Snygg och"}]},{"@type":"WebSite","@id":"https:\/\/truusk.store\/sv\/#website","url":"https:\/\/truusk.store\/sv\/","name":"TRUUSK - Hem, Tr\u00e4dg\u00e5rd & Fritid","description":"","publisher":{"@id":"https:\/\/truusk.store\/sv\/#organization"},"potentialAction":[{"@type":"SearchAction","target":{"@type":"EntryPoint","urlTemplate":"https:\/\/truusk.store\/sv\/?s={search_term_string}"},"query-input":{"@type":"PropertyValueSpecification","valueRequired":true,"valueName":"search_term_string"}}],"inLanguage":"sv-SE"},{"@type":"Organization","@id":"https:\/\/truusk.store\/sv\/#organization","name":"TRUUSK - Hem, Tr\u00e4dg\u00e5rd & Fritid","url":"https:\/\/truusk.store\/sv\/","logo":{"@type":"ImageObject","inLanguage":"sv-SE","@id":"https:\/\/truusk.store\/sv\/#\/schema\/logo\/image\/","url":"https:\/\/i0.wp.com\/truusk.store\/wp-content\/uploads\/2026\/03\/cropped-TRUUSK.png?fit=2032%2C917&ssl=1","contentUrl":"https:\/\/i0.wp.com\/truusk.store\/wp-content\/uploads\/2026\/03\/cropped-TRUUSK.png?fit=2032%2C917&ssl=1","width":2032,"height":917,"caption":"TRUUSK - Hem, Tr\u00e4dg\u00e5rd & Fritid"},"image":{"@id":"https:\/\/truusk.store\/sv\/#\/schema\/logo\/image\/"}}]}},"jetpack_sharing_enabled":true,"_links":{"self":[{"href":"https:\/\/truusk.store\/sv\/wp-json\/wp\/v2\/product\/59142","targetHints":{"allow":["GET"]}}],"collection":[{"href":"https:\/\/truusk.store\/sv\/wp-json\/wp\/v2\/product"}],"about":[{"href":"https:\/\/truusk.store\/sv\/wp-json\/wp\/v2\/types\/product"}],"wp:featuredmedia":[{"embeddable":true,"href":"https:\/\/truusk.store\/sv\/wp-json\/wp\/v2\/media\/59133"}],"wp:attachment":[{"href":"https:\/\/truusk.store\/sv\/wp-json\/wp\/v2\/media?parent=59142"}],"wp:term":[{"taxonomy":"product_brand","embeddable":true,"href":"https:\/\/truusk.store\/sv\/wp-json\/wp\/v2\/product_brand?post=59142"},{"taxonomy":"product_cat","embeddable":true,"href":"https:\/\/truusk.store\/sv\/wp-json\/wp\/v2\/product_cat?post=59142"},{"taxonomy":"product_tag","embeddable":true,"href":"https:\/\/truusk.store\/sv\/wp-json\/wp\/v2\/product_tag?post=59142"}],"curies":[{"name":"wp","href":"https:\/\/api.w.org\/{rel}","templated":true}]}}